{"id":78731,"date":"2026-05-06T15:10:30","date_gmt":"2026-05-06T13:10:30","guid":{"rendered":"https:\/\/www.koonings.com\/product\/modeca-zoya\/"},"modified":"2026-02-16T14:47:57","modified_gmt":"2026-02-16T13:47:57","slug":"modeca-zoya","status":"publish","type":"product","link":"https:\/\/www.koonings.com\/fr\/product\/modeca-zoya\/","title":{"rendered":"Modeca Zoya"},"content":{"rendered":"<p>Ayez l&#8217;air d&#8217;une vraie princesse lorsque vous \u00e9pouserez l&#8217;amour de sa vie avec la robe de mari\u00e9e Zoya. L&#8217;\u00e9l\u00e9gant corsage au d\u00e9collet\u00e9 en c\u0153ur est orn\u00e9 de dentelle perl\u00e9e et de magnifiques p\u00e9tales en 3D. Les manches jolies ajoutent une touche romantique \u00e0 cette robe sophistiqu\u00e9e. Cette robe est \u00e9galement disponible chez Koonings sans les manches amovibles &#8211; Zoya-D.   <\/p>\n","protected":false},"featured_media":66365,"template":"","meta":{"_acf_changed":false,"ghostkit_customizer_options":"","ghostkit_custom_css":"","ghostkit_custom_js_head":"","ghostkit_custom_js_foot":"","ghostkit_typography":""},"productdetails":[379,376,381],"productneck":[355],"productcolor":[393,392],"maat":[],"productsupplier":[434],"productsleeve":[357,362],"productcategory":[18],"productsilhouette":[384,388],"productstyle":[372],"class_list":["post-78731","product","type-product","status-publish","has-post-thumbnail","hentry","productdetails-379","productdetails-376","productdetails-381","productneck-355","productcolor-393","productcolor-392","productsupplier-modeca","productsleeve-357","productsleeve-362","productcategory-trouwjurken","productsilhouette-384","productsilhouette-388","productstyle-372"],"acf":[],"yoast_head":"<!-- This site is optimized with the Yoast SEO plugin v27.3 - https:\/\/yoast.com\/product\/yoast-seo-wordpress\/ -->\n<title>Modeca Zoya | Koonings<\/title>\n<meta name=\"description\" content=\"Ayez l&#039;air d&#039;une vraie princesse lorsque vous \u00e9pouserez l&#039;amour de sa vie avec la robe de mari\u00e9e Zoya. L&#039;\u00e9l\u00e9gant corsage au d\u00e9collet\u00e9 en c\u0153ur est orn\u00e9 de dentelle perl\u00e9e et de magnifiques p\u00e9tales en 3D. Les manches jolies ajoutent une touche romantique \u00e0 cette robe sophistiqu\u00e9e. Cette robe est \u00e9galement disponible chez Koonings sans les manches amovibles - Zoya-D.\" \/>\n<meta name=\"robots\" content=\"index, follow, max-snippet:-1, max-image-preview:large, max-video-preview:-1\" \/>\n<link rel=\"canonical\" href=\"https:\/\/www.koonings.com\/fr\/product\/modeca-zoya\/\" \/>\n<meta property=\"og:locale\" content=\"fr_FR\" \/>\n<meta property=\"og:type\" content=\"article\" \/>\n<meta property=\"og:title\" content=\"Modeca Zoya | Koonings\" \/>\n<meta property=\"og:description\" content=\"Ayez l&#039;air d&#039;une vraie princesse lorsque vous \u00e9pouserez l&#039;amour de sa vie avec la robe de mari\u00e9e Zoya. L&#039;\u00e9l\u00e9gant corsage au d\u00e9collet\u00e9 en c\u0153ur est orn\u00e9 de dentelle perl\u00e9e et de magnifiques p\u00e9tales en 3D. Les manches jolies ajoutent une touche romantique \u00e0 cette robe sophistiqu\u00e9e. Cette robe est \u00e9galement disponible chez Koonings sans les manches amovibles - Zoya-D.\" \/>\n<meta property=\"og:url\" content=\"https:\/\/www.koonings.com\/fr\/product\/modeca-zoya\/\" \/>\n<meta property=\"og:site_name\" content=\"Koonings\" \/>\n<meta property=\"article:publisher\" content=\"https:\/\/www.facebook.com\/kooningstheweddingpalace\" \/>\n<meta property=\"og:image\" content=\"https:\/\/www.koonings.com\/wp-content\/uploads\/2024\/11\/38445_3ea4f9340ea95de8dc76bf9b02863781b079c6a66c748634f547f0ee548ec72770844bbf.jpeg\" \/>\n\t<meta property=\"og:image:width\" content=\"398\" \/>\n\t<meta property=\"og:image:height\" content=\"708\" \/>\n\t<meta property=\"og:image:type\" content=\"image\/jpeg\" \/>\n<meta name=\"twitter:card\" content=\"summary_large_image\" \/>\n<script type=\"application\/ld+json\" class=\"yoast-schema-graph\">{\"@context\":\"https:\\\/\\\/schema.org\",\"@graph\":[{\"@type\":\"WebPage\",\"@id\":\"https:\\\/\\\/www.koonings.com\\\/fr\\\/product\\\/modeca-zoya\\\/\",\"url\":\"https:\\\/\\\/www.koonings.com\\\/fr\\\/product\\\/modeca-zoya\\\/\",\"name\":\"Modeca Zoya | Koonings\",\"isPartOf\":{\"@id\":\"https:\\\/\\\/www.koonings.com\\\/fr\\\/#website\"},\"primaryImageOfPage\":{\"@id\":\"https:\\\/\\\/www.koonings.com\\\/fr\\\/product\\\/modeca-zoya\\\/#primaryimage\"},\"image\":{\"@id\":\"https:\\\/\\\/www.koonings.com\\\/fr\\\/product\\\/modeca-zoya\\\/#primaryimage\"},\"thumbnailUrl\":\"https:\\\/\\\/www.koonings.com\\\/wp-content\\\/uploads\\\/2024\\\/11\\\/38445_3ea4f9340ea95de8dc76bf9b02863781b079c6a66c748634f547f0ee548ec72770844bbf.jpeg\",\"datePublished\":\"2026-05-06T13:10:30+00:00\",\"description\":\"Ayez l'air d'une vraie princesse lorsque vous \u00e9pouserez l'amour de sa vie avec la robe de mari\u00e9e Zoya. L'\u00e9l\u00e9gant corsage au d\u00e9collet\u00e9 en c\u0153ur est orn\u00e9 de dentelle perl\u00e9e et de magnifiques p\u00e9tales en 3D. Les manches jolies ajoutent une touche romantique \u00e0 cette robe sophistiqu\u00e9e. Cette robe est \u00e9galement disponible chez Koonings sans les manches amovibles - Zoya-D.\",\"breadcrumb\":{\"@id\":\"https:\\\/\\\/www.koonings.com\\\/fr\\\/product\\\/modeca-zoya\\\/#breadcrumb\"},\"inLanguage\":\"fr-FR\",\"potentialAction\":[{\"@type\":\"ReadAction\",\"target\":[\"https:\\\/\\\/www.koonings.com\\\/fr\\\/product\\\/modeca-zoya\\\/\"]}]},{\"@type\":\"ImageObject\",\"inLanguage\":\"fr-FR\",\"@id\":\"https:\\\/\\\/www.koonings.com\\\/fr\\\/product\\\/modeca-zoya\\\/#primaryimage\",\"url\":\"https:\\\/\\\/www.koonings.com\\\/wp-content\\\/uploads\\\/2024\\\/11\\\/38445_3ea4f9340ea95de8dc76bf9b02863781b079c6a66c748634f547f0ee548ec72770844bbf.jpeg\",\"contentUrl\":\"https:\\\/\\\/www.koonings.com\\\/wp-content\\\/uploads\\\/2024\\\/11\\\/38445_3ea4f9340ea95de8dc76bf9b02863781b079c6a66c748634f547f0ee548ec72770844bbf.jpeg\",\"width\":398,\"height\":708},{\"@type\":\"BreadcrumbList\",\"@id\":\"https:\\\/\\\/www.koonings.com\\\/fr\\\/product\\\/modeca-zoya\\\/#breadcrumb\",\"itemListElement\":[{\"@type\":\"ListItem\",\"position\":1,\"name\":\"Home\",\"item\":\"https:\\\/\\\/www.koonings.com\\\/fr\\\/\"},{\"@type\":\"ListItem\",\"position\":2,\"name\":\"Modeca Zoya\"}]},{\"@type\":\"WebSite\",\"@id\":\"https:\\\/\\\/www.koonings.com\\\/fr\\\/#website\",\"url\":\"https:\\\/\\\/www.koonings.com\\\/fr\\\/\",\"name\":\"Koonings\",\"description\":\"De grootste bruidsmodewinkel ter wereld\",\"publisher\":{\"@id\":\"https:\\\/\\\/www.koonings.com\\\/fr\\\/#organization\"},\"potentialAction\":[{\"@type\":\"SearchAction\",\"target\":{\"@type\":\"EntryPoint\",\"urlTemplate\":\"https:\\\/\\\/www.koonings.com\\\/fr\\\/?s={search_term_string}\"},\"query-input\":{\"@type\":\"PropertyValueSpecification\",\"valueRequired\":true,\"valueName\":\"search_term_string\"}}],\"inLanguage\":\"fr-FR\"},{\"@type\":\"Organization\",\"@id\":\"https:\\\/\\\/www.koonings.com\\\/fr\\\/#organization\",\"name\":\"Koonings\",\"url\":\"https:\\\/\\\/www.koonings.com\\\/fr\\\/\",\"logo\":{\"@type\":\"ImageObject\",\"inLanguage\":\"fr-FR\",\"@id\":\"https:\\\/\\\/www.koonings.com\\\/fr\\\/#\\\/schema\\\/logo\\\/image\\\/\",\"url\":\"https:\\\/\\\/www.koonings.com\\\/wp-content\\\/uploads\\\/2024\\\/07\\\/logo.png\",\"contentUrl\":\"https:\\\/\\\/www.koonings.com\\\/wp-content\\\/uploads\\\/2024\\\/07\\\/logo.png\",\"width\":600,\"height\":428,\"caption\":\"Koonings\"},\"image\":{\"@id\":\"https:\\\/\\\/www.koonings.com\\\/fr\\\/#\\\/schema\\\/logo\\\/image\\\/\"},\"sameAs\":[\"https:\\\/\\\/www.facebook.com\\\/kooningstheweddingpalace\",\"https:\\\/\\\/www.instagram.com\\\/kooningstheweddingpalace\",\"https:\\\/\\\/www.pinterest.com\\\/koonings\",\"https:\\\/\\\/www.youtube.com\\\/kooningstheweddingpalace\"]}]}<\/script>\n<!-- \/ Yoast SEO plugin. -->","yoast_head_json":{"title":"Modeca Zoya | Koonings","description":"Ayez l'air d'une vraie princesse lorsque vous \u00e9pouserez l'amour de sa vie avec la robe de mari\u00e9e Zoya. L'\u00e9l\u00e9gant corsage au d\u00e9collet\u00e9 en c\u0153ur est orn\u00e9 de dentelle perl\u00e9e et de magnifiques p\u00e9tales en 3D. Les manches jolies ajoutent une touche romantique \u00e0 cette robe sophistiqu\u00e9e. Cette robe est \u00e9galement disponible chez Koonings sans les manches amovibles - Zoya-D.","robots":{"index":"index","follow":"follow","max-snippet":"max-snippet:-1","max-image-preview":"max-image-preview:large","max-video-preview":"max-video-preview:-1"},"canonical":"https:\/\/www.koonings.com\/fr\/product\/modeca-zoya\/","og_locale":"fr_FR","og_type":"article","og_title":"Modeca Zoya | Koonings","og_description":"Ayez l'air d'une vraie princesse lorsque vous \u00e9pouserez l'amour de sa vie avec la robe de mari\u00e9e Zoya. L'\u00e9l\u00e9gant corsage au d\u00e9collet\u00e9 en c\u0153ur est orn\u00e9 de dentelle perl\u00e9e et de magnifiques p\u00e9tales en 3D. Les manches jolies ajoutent une touche romantique \u00e0 cette robe sophistiqu\u00e9e. Cette robe est \u00e9galement disponible chez Koonings sans les manches amovibles - Zoya-D.","og_url":"https:\/\/www.koonings.com\/fr\/product\/modeca-zoya\/","og_site_name":"Koonings","article_publisher":"https:\/\/www.facebook.com\/kooningstheweddingpalace","og_image":[{"width":398,"height":708,"url":"https:\/\/www.koonings.com\/wp-content\/uploads\/2024\/11\/38445_3ea4f9340ea95de8dc76bf9b02863781b079c6a66c748634f547f0ee548ec72770844bbf.jpeg","type":"image\/jpeg"}],"twitter_card":"summary_large_image","schema":{"@context":"https:\/\/schema.org","@graph":[{"@type":"WebPage","@id":"https:\/\/www.koonings.com\/fr\/product\/modeca-zoya\/","url":"https:\/\/www.koonings.com\/fr\/product\/modeca-zoya\/","name":"Modeca Zoya | Koonings","isPartOf":{"@id":"https:\/\/www.koonings.com\/fr\/#website"},"primaryImageOfPage":{"@id":"https:\/\/www.koonings.com\/fr\/product\/modeca-zoya\/#primaryimage"},"image":{"@id":"https:\/\/www.koonings.com\/fr\/product\/modeca-zoya\/#primaryimage"},"thumbnailUrl":"https:\/\/www.koonings.com\/wp-content\/uploads\/2024\/11\/38445_3ea4f9340ea95de8dc76bf9b02863781b079c6a66c748634f547f0ee548ec72770844bbf.jpeg","datePublished":"2026-05-06T13:10:30+00:00","description":"Ayez l'air d'une vraie princesse lorsque vous \u00e9pouserez l'amour de sa vie avec la robe de mari\u00e9e Zoya. L'\u00e9l\u00e9gant corsage au d\u00e9collet\u00e9 en c\u0153ur est orn\u00e9 de dentelle perl\u00e9e et de magnifiques p\u00e9tales en 3D. Les manches jolies ajoutent une touche romantique \u00e0 cette robe sophistiqu\u00e9e. Cette robe est \u00e9galement disponible chez Koonings sans les manches amovibles - Zoya-D.","breadcrumb":{"@id":"https:\/\/www.koonings.com\/fr\/product\/modeca-zoya\/#breadcrumb"},"inLanguage":"fr-FR","potentialAction":[{"@type":"ReadAction","target":["https:\/\/www.koonings.com\/fr\/product\/modeca-zoya\/"]}]},{"@type":"ImageObject","inLanguage":"fr-FR","@id":"https:\/\/www.koonings.com\/fr\/product\/modeca-zoya\/#primaryimage","url":"https:\/\/www.koonings.com\/wp-content\/uploads\/2024\/11\/38445_3ea4f9340ea95de8dc76bf9b02863781b079c6a66c748634f547f0ee548ec72770844bbf.jpeg","contentUrl":"https:\/\/www.koonings.com\/wp-content\/uploads\/2024\/11\/38445_3ea4f9340ea95de8dc76bf9b02863781b079c6a66c748634f547f0ee548ec72770844bbf.jpeg","width":398,"height":708},{"@type":"BreadcrumbList","@id":"https:\/\/www.koonings.com\/fr\/product\/modeca-zoya\/#breadcrumb","itemListElement":[{"@type":"ListItem","position":1,"name":"Home","item":"https:\/\/www.koonings.com\/fr\/"},{"@type":"ListItem","position":2,"name":"Modeca Zoya"}]},{"@type":"WebSite","@id":"https:\/\/www.koonings.com\/fr\/#website","url":"https:\/\/www.koonings.com\/fr\/","name":"Koonings","description":"De grootste bruidsmodewinkel ter wereld","publisher":{"@id":"https:\/\/www.koonings.com\/fr\/#organization"},"potentialAction":[{"@type":"SearchAction","target":{"@type":"EntryPoint","urlTemplate":"https:\/\/www.koonings.com\/fr\/?s={search_term_string}"},"query-input":{"@type":"PropertyValueSpecification","valueRequired":true,"valueName":"search_term_string"}}],"inLanguage":"fr-FR"},{"@type":"Organization","@id":"https:\/\/www.koonings.com\/fr\/#organization","name":"Koonings","url":"https:\/\/www.koonings.com\/fr\/","logo":{"@type":"ImageObject","inLanguage":"fr-FR","@id":"https:\/\/www.koonings.com\/fr\/#\/schema\/logo\/image\/","url":"https:\/\/www.koonings.com\/wp-content\/uploads\/2024\/07\/logo.png","contentUrl":"https:\/\/www.koonings.com\/wp-content\/uploads\/2024\/07\/logo.png","width":600,"height":428,"caption":"Koonings"},"image":{"@id":"https:\/\/www.koonings.com\/fr\/#\/schema\/logo\/image\/"},"sameAs":["https:\/\/www.facebook.com\/kooningstheweddingpalace","https:\/\/www.instagram.com\/kooningstheweddingpalace","https:\/\/www.pinterest.com\/koonings","https:\/\/www.youtube.com\/kooningstheweddingpalace"]}]}},"_links":{"self":[{"href":"https:\/\/www.koonings.com\/fr\/wp-json\/wp\/v2\/product\/78731","targetHints":{"allow":["GET"]}}],"collection":[{"href":"https:\/\/www.koonings.com\/fr\/wp-json\/wp\/v2\/product"}],"about":[{"href":"https:\/\/www.koonings.com\/fr\/wp-json\/wp\/v2\/types\/product"}],"wp:featuredmedia":[{"embeddable":true,"href":"https:\/\/www.koonings.com\/fr\/wp-json\/wp\/v2\/media\/66365"}],"wp:attachment":[{"href":"https:\/\/www.koonings.com\/fr\/wp-json\/wp\/v2\/media?parent=78731"}],"wp:term":[{"taxonomy":"productdetails","embeddable":true,"href":"https:\/\/www.koonings.com\/fr\/wp-json\/wp\/v2\/productdetails?post=78731"},{"taxonomy":"productneck","embeddable":true,"href":"https:\/\/www.koonings.com\/fr\/wp-json\/wp\/v2\/productneck?post=78731"},{"taxonomy":"productcolor","embeddable":true,"href":"https:\/\/www.koonings.com\/fr\/wp-json\/wp\/v2\/productcolor?post=78731"},{"taxonomy":"maat","embeddable":true,"href":"https:\/\/www.koonings.com\/fr\/wp-json\/wp\/v2\/maat?post=78731"},{"taxonomy":"productsupplier","embeddable":true,"href":"https:\/\/www.koonings.com\/fr\/wp-json\/wp\/v2\/productsupplier?post=78731"},{"taxonomy":"productsleeve","embeddable":true,"href":"https:\/\/www.koonings.com\/fr\/wp-json\/wp\/v2\/productsleeve?post=78731"},{"taxonomy":"productcategory","embeddable":true,"href":"https:\/\/www.koonings.com\/fr\/wp-json\/wp\/v2\/productcategory?post=78731"},{"taxonomy":"productsilhouette","embeddable":true,"href":"https:\/\/www.koonings.com\/fr\/wp-json\/wp\/v2\/productsilhouette?post=78731"},{"taxonomy":"productstyle","embeddable":true,"href":"https:\/\/www.koonings.com\/fr\/wp-json\/wp\/v2\/productstyle?post=78731"}],"curies":[{"name":"wp","href":"https:\/\/api.w.org\/{rel}","templated":true}]}}