{"id":78725,"date":"2026-04-21T18:10:47","date_gmt":"2026-04-21T16:10:47","guid":{"rendered":"https:\/\/www.koonings.com\/product\/modeca-zania-2\/"},"modified":"2026-02-16T14:48:00","modified_gmt":"2026-02-16T13:48:00","slug":"modeca-zania-2","status":"publish","type":"product","link":"https:\/\/www.koonings.com\/fr\/product\/modeca-zania-2\/","title":{"rendered":"Modeca Zania"},"content":{"rendered":"<p>Donnez vie \u00e0 votre style nuptial dans cette robe de mari\u00e9e sexy et ajust\u00e9e Zania. La robe est orn\u00e9e d&#8217;applications florales brod\u00e9es avec des paillettes qui ajoutent l&#8217;\u00e9clat parfait \u00e0 ce look de mari\u00e9e. Le d\u00e9collet\u00e9 en c\u0153ur intemporel est associ\u00e9 \u00e0 des bretelles amovibles pour un look polyvalent.  <\/p>\n","protected":false},"featured_media":66460,"template":"","meta":{"_acf_changed":false,"ghostkit_customizer_options":"","ghostkit_custom_css":"","ghostkit_custom_js_head":"","ghostkit_custom_js_foot":"","ghostkit_typography":""},"productdetails":[379],"productneck":[355],"productcolor":[393,392],"maat":[],"productsupplier":[434],"productsleeve":[359],"productcategory":[18],"productsilhouette":[384],"productstyle":[366,370],"class_list":["post-78725","product","type-product","status-publish","has-post-thumbnail","hentry","productdetails-379","productneck-355","productcolor-393","productcolor-392","productsupplier-modeca","productsleeve-359","productcategory-trouwjurken","productsilhouette-384","productstyle-366","productstyle-370"],"acf":[],"yoast_head":"<!-- This site is optimized with the Yoast SEO plugin v27.3 - https:\/\/yoast.com\/product\/yoast-seo-wordpress\/ -->\n<title>Modeca Zania | Koonings<\/title>\n<meta name=\"description\" content=\"Donnez vie \u00e0 votre style nuptial dans cette robe de mari\u00e9e sexy et ajust\u00e9e Zania. La robe est orn\u00e9e d&#039;applications florales brod\u00e9es avec des paillettes qui ajoutent l&#039;\u00e9clat parfait \u00e0 ce look de mari\u00e9e. Le d\u00e9collet\u00e9 en c\u0153ur intemporel est associ\u00e9 \u00e0 des bretelles amovibles pour un look polyvalent.\" \/>\n<meta name=\"robots\" content=\"index, follow, max-snippet:-1, max-image-preview:large, max-video-preview:-1\" \/>\n<link rel=\"canonical\" href=\"https:\/\/www.koonings.com\/fr\/product\/modeca-zania-2\/\" \/>\n<meta property=\"og:locale\" content=\"fr_FR\" \/>\n<meta property=\"og:type\" content=\"article\" \/>\n<meta property=\"og:title\" content=\"Modeca Zania | Koonings\" \/>\n<meta property=\"og:description\" content=\"Donnez vie \u00e0 votre style nuptial dans cette robe de mari\u00e9e sexy et ajust\u00e9e Zania. La robe est orn\u00e9e d&#039;applications florales brod\u00e9es avec des paillettes qui ajoutent l&#039;\u00e9clat parfait \u00e0 ce look de mari\u00e9e. Le d\u00e9collet\u00e9 en c\u0153ur intemporel est associ\u00e9 \u00e0 des bretelles amovibles pour un look polyvalent.\" \/>\n<meta property=\"og:url\" content=\"https:\/\/www.koonings.com\/fr\/product\/modeca-zania-2\/\" \/>\n<meta property=\"og:site_name\" content=\"Koonings\" \/>\n<meta property=\"article:publisher\" content=\"https:\/\/www.facebook.com\/kooningstheweddingpalace\" \/>\n<meta property=\"og:image\" content=\"https:\/\/www.koonings.com\/wp-content\/uploads\/2024\/11\/38477_f8b9e22200c3d619b3c1d47d98280eff0318cb9bf6f2c7903e808f1974261e110c8d9ef5.jpeg\" \/>\n\t<meta property=\"og:image:width\" content=\"781\" \/>\n\t<meta property=\"og:image:height\" content=\"1106\" \/>\n\t<meta property=\"og:image:type\" content=\"image\/jpeg\" \/>\n<meta name=\"twitter:card\" content=\"summary_large_image\" \/>\n<script type=\"application\/ld+json\" class=\"yoast-schema-graph\">{\"@context\":\"https:\\\/\\\/schema.org\",\"@graph\":[{\"@type\":\"WebPage\",\"@id\":\"https:\\\/\\\/www.koonings.com\\\/fr\\\/product\\\/modeca-zania-2\\\/\",\"url\":\"https:\\\/\\\/www.koonings.com\\\/fr\\\/product\\\/modeca-zania-2\\\/\",\"name\":\"Modeca Zania | Koonings\",\"isPartOf\":{\"@id\":\"https:\\\/\\\/www.koonings.com\\\/fr\\\/#website\"},\"primaryImageOfPage\":{\"@id\":\"https:\\\/\\\/www.koonings.com\\\/fr\\\/product\\\/modeca-zania-2\\\/#primaryimage\"},\"image\":{\"@id\":\"https:\\\/\\\/www.koonings.com\\\/fr\\\/product\\\/modeca-zania-2\\\/#primaryimage\"},\"thumbnailUrl\":\"https:\\\/\\\/www.koonings.com\\\/wp-content\\\/uploads\\\/2024\\\/11\\\/38477_f8b9e22200c3d619b3c1d47d98280eff0318cb9bf6f2c7903e808f1974261e110c8d9ef5.jpeg\",\"datePublished\":\"2026-04-21T16:10:47+00:00\",\"description\":\"Donnez vie \u00e0 votre style nuptial dans cette robe de mari\u00e9e sexy et ajust\u00e9e Zania. La robe est orn\u00e9e d'applications florales brod\u00e9es avec des paillettes qui ajoutent l'\u00e9clat parfait \u00e0 ce look de mari\u00e9e. Le d\u00e9collet\u00e9 en c\u0153ur intemporel est associ\u00e9 \u00e0 des bretelles amovibles pour un look polyvalent.\",\"breadcrumb\":{\"@id\":\"https:\\\/\\\/www.koonings.com\\\/fr\\\/product\\\/modeca-zania-2\\\/#breadcrumb\"},\"inLanguage\":\"fr-FR\",\"potentialAction\":[{\"@type\":\"ReadAction\",\"target\":[\"https:\\\/\\\/www.koonings.com\\\/fr\\\/product\\\/modeca-zania-2\\\/\"]}]},{\"@type\":\"ImageObject\",\"inLanguage\":\"fr-FR\",\"@id\":\"https:\\\/\\\/www.koonings.com\\\/fr\\\/product\\\/modeca-zania-2\\\/#primaryimage\",\"url\":\"https:\\\/\\\/www.koonings.com\\\/wp-content\\\/uploads\\\/2024\\\/11\\\/38477_f8b9e22200c3d619b3c1d47d98280eff0318cb9bf6f2c7903e808f1974261e110c8d9ef5.jpeg\",\"contentUrl\":\"https:\\\/\\\/www.koonings.com\\\/wp-content\\\/uploads\\\/2024\\\/11\\\/38477_f8b9e22200c3d619b3c1d47d98280eff0318cb9bf6f2c7903e808f1974261e110c8d9ef5.jpeg\",\"width\":781,\"height\":1106},{\"@type\":\"BreadcrumbList\",\"@id\":\"https:\\\/\\\/www.koonings.com\\\/fr\\\/product\\\/modeca-zania-2\\\/#breadcrumb\",\"itemListElement\":[{\"@type\":\"ListItem\",\"position\":1,\"name\":\"Home\",\"item\":\"https:\\\/\\\/www.koonings.com\\\/fr\\\/\"},{\"@type\":\"ListItem\",\"position\":2,\"name\":\"Modeca Zania\"}]},{\"@type\":\"WebSite\",\"@id\":\"https:\\\/\\\/www.koonings.com\\\/fr\\\/#website\",\"url\":\"https:\\\/\\\/www.koonings.com\\\/fr\\\/\",\"name\":\"Koonings\",\"description\":\"De grootste bruidsmodewinkel ter wereld\",\"publisher\":{\"@id\":\"https:\\\/\\\/www.koonings.com\\\/fr\\\/#organization\"},\"potentialAction\":[{\"@type\":\"SearchAction\",\"target\":{\"@type\":\"EntryPoint\",\"urlTemplate\":\"https:\\\/\\\/www.koonings.com\\\/fr\\\/?s={search_term_string}\"},\"query-input\":{\"@type\":\"PropertyValueSpecification\",\"valueRequired\":true,\"valueName\":\"search_term_string\"}}],\"inLanguage\":\"fr-FR\"},{\"@type\":\"Organization\",\"@id\":\"https:\\\/\\\/www.koonings.com\\\/fr\\\/#organization\",\"name\":\"Koonings\",\"url\":\"https:\\\/\\\/www.koonings.com\\\/fr\\\/\",\"logo\":{\"@type\":\"ImageObject\",\"inLanguage\":\"fr-FR\",\"@id\":\"https:\\\/\\\/www.koonings.com\\\/fr\\\/#\\\/schema\\\/logo\\\/image\\\/\",\"url\":\"https:\\\/\\\/www.koonings.com\\\/wp-content\\\/uploads\\\/2024\\\/07\\\/logo.png\",\"contentUrl\":\"https:\\\/\\\/www.koonings.com\\\/wp-content\\\/uploads\\\/2024\\\/07\\\/logo.png\",\"width\":600,\"height\":428,\"caption\":\"Koonings\"},\"image\":{\"@id\":\"https:\\\/\\\/www.koonings.com\\\/fr\\\/#\\\/schema\\\/logo\\\/image\\\/\"},\"sameAs\":[\"https:\\\/\\\/www.facebook.com\\\/kooningstheweddingpalace\",\"https:\\\/\\\/www.instagram.com\\\/kooningstheweddingpalace\",\"https:\\\/\\\/www.pinterest.com\\\/koonings\",\"https:\\\/\\\/www.youtube.com\\\/kooningstheweddingpalace\"]}]}<\/script>\n<!-- \/ Yoast SEO plugin. -->","yoast_head_json":{"title":"Modeca Zania | Koonings","description":"Donnez vie \u00e0 votre style nuptial dans cette robe de mari\u00e9e sexy et ajust\u00e9e Zania. La robe est orn\u00e9e d'applications florales brod\u00e9es avec des paillettes qui ajoutent l'\u00e9clat parfait \u00e0 ce look de mari\u00e9e. Le d\u00e9collet\u00e9 en c\u0153ur intemporel est associ\u00e9 \u00e0 des bretelles amovibles pour un look polyvalent.","robots":{"index":"index","follow":"follow","max-snippet":"max-snippet:-1","max-image-preview":"max-image-preview:large","max-video-preview":"max-video-preview:-1"},"canonical":"https:\/\/www.koonings.com\/fr\/product\/modeca-zania-2\/","og_locale":"fr_FR","og_type":"article","og_title":"Modeca Zania | Koonings","og_description":"Donnez vie \u00e0 votre style nuptial dans cette robe de mari\u00e9e sexy et ajust\u00e9e Zania. La robe est orn\u00e9e d'applications florales brod\u00e9es avec des paillettes qui ajoutent l'\u00e9clat parfait \u00e0 ce look de mari\u00e9e. Le d\u00e9collet\u00e9 en c\u0153ur intemporel est associ\u00e9 \u00e0 des bretelles amovibles pour un look polyvalent.","og_url":"https:\/\/www.koonings.com\/fr\/product\/modeca-zania-2\/","og_site_name":"Koonings","article_publisher":"https:\/\/www.facebook.com\/kooningstheweddingpalace","og_image":[{"width":781,"height":1106,"url":"https:\/\/www.koonings.com\/wp-content\/uploads\/2024\/11\/38477_f8b9e22200c3d619b3c1d47d98280eff0318cb9bf6f2c7903e808f1974261e110c8d9ef5.jpeg","type":"image\/jpeg"}],"twitter_card":"summary_large_image","schema":{"@context":"https:\/\/schema.org","@graph":[{"@type":"WebPage","@id":"https:\/\/www.koonings.com\/fr\/product\/modeca-zania-2\/","url":"https:\/\/www.koonings.com\/fr\/product\/modeca-zania-2\/","name":"Modeca Zania | Koonings","isPartOf":{"@id":"https:\/\/www.koonings.com\/fr\/#website"},"primaryImageOfPage":{"@id":"https:\/\/www.koonings.com\/fr\/product\/modeca-zania-2\/#primaryimage"},"image":{"@id":"https:\/\/www.koonings.com\/fr\/product\/modeca-zania-2\/#primaryimage"},"thumbnailUrl":"https:\/\/www.koonings.com\/wp-content\/uploads\/2024\/11\/38477_f8b9e22200c3d619b3c1d47d98280eff0318cb9bf6f2c7903e808f1974261e110c8d9ef5.jpeg","datePublished":"2026-04-21T16:10:47+00:00","description":"Donnez vie \u00e0 votre style nuptial dans cette robe de mari\u00e9e sexy et ajust\u00e9e Zania. La robe est orn\u00e9e d'applications florales brod\u00e9es avec des paillettes qui ajoutent l'\u00e9clat parfait \u00e0 ce look de mari\u00e9e. Le d\u00e9collet\u00e9 en c\u0153ur intemporel est associ\u00e9 \u00e0 des bretelles amovibles pour un look polyvalent.","breadcrumb":{"@id":"https:\/\/www.koonings.com\/fr\/product\/modeca-zania-2\/#breadcrumb"},"inLanguage":"fr-FR","potentialAction":[{"@type":"ReadAction","target":["https:\/\/www.koonings.com\/fr\/product\/modeca-zania-2\/"]}]},{"@type":"ImageObject","inLanguage":"fr-FR","@id":"https:\/\/www.koonings.com\/fr\/product\/modeca-zania-2\/#primaryimage","url":"https:\/\/www.koonings.com\/wp-content\/uploads\/2024\/11\/38477_f8b9e22200c3d619b3c1d47d98280eff0318cb9bf6f2c7903e808f1974261e110c8d9ef5.jpeg","contentUrl":"https:\/\/www.koonings.com\/wp-content\/uploads\/2024\/11\/38477_f8b9e22200c3d619b3c1d47d98280eff0318cb9bf6f2c7903e808f1974261e110c8d9ef5.jpeg","width":781,"height":1106},{"@type":"BreadcrumbList","@id":"https:\/\/www.koonings.com\/fr\/product\/modeca-zania-2\/#breadcrumb","itemListElement":[{"@type":"ListItem","position":1,"name":"Home","item":"https:\/\/www.koonings.com\/fr\/"},{"@type":"ListItem","position":2,"name":"Modeca Zania"}]},{"@type":"WebSite","@id":"https:\/\/www.koonings.com\/fr\/#website","url":"https:\/\/www.koonings.com\/fr\/","name":"Koonings","description":"De grootste bruidsmodewinkel ter wereld","publisher":{"@id":"https:\/\/www.koonings.com\/fr\/#organization"},"potentialAction":[{"@type":"SearchAction","target":{"@type":"EntryPoint","urlTemplate":"https:\/\/www.koonings.com\/fr\/?s={search_term_string}"},"query-input":{"@type":"PropertyValueSpecification","valueRequired":true,"valueName":"search_term_string"}}],"inLanguage":"fr-FR"},{"@type":"Organization","@id":"https:\/\/www.koonings.com\/fr\/#organization","name":"Koonings","url":"https:\/\/www.koonings.com\/fr\/","logo":{"@type":"ImageObject","inLanguage":"fr-FR","@id":"https:\/\/www.koonings.com\/fr\/#\/schema\/logo\/image\/","url":"https:\/\/www.koonings.com\/wp-content\/uploads\/2024\/07\/logo.png","contentUrl":"https:\/\/www.koonings.com\/wp-content\/uploads\/2024\/07\/logo.png","width":600,"height":428,"caption":"Koonings"},"image":{"@id":"https:\/\/www.koonings.com\/fr\/#\/schema\/logo\/image\/"},"sameAs":["https:\/\/www.facebook.com\/kooningstheweddingpalace","https:\/\/www.instagram.com\/kooningstheweddingpalace","https:\/\/www.pinterest.com\/koonings","https:\/\/www.youtube.com\/kooningstheweddingpalace"]}]}},"_links":{"self":[{"href":"https:\/\/www.koonings.com\/fr\/wp-json\/wp\/v2\/product\/78725","targetHints":{"allow":["GET"]}}],"collection":[{"href":"https:\/\/www.koonings.com\/fr\/wp-json\/wp\/v2\/product"}],"about":[{"href":"https:\/\/www.koonings.com\/fr\/wp-json\/wp\/v2\/types\/product"}],"wp:featuredmedia":[{"embeddable":true,"href":"https:\/\/www.koonings.com\/fr\/wp-json\/wp\/v2\/media\/66460"}],"wp:attachment":[{"href":"https:\/\/www.koonings.com\/fr\/wp-json\/wp\/v2\/media?parent=78725"}],"wp:term":[{"taxonomy":"productdetails","embeddable":true,"href":"https:\/\/www.koonings.com\/fr\/wp-json\/wp\/v2\/productdetails?post=78725"},{"taxonomy":"productneck","embeddable":true,"href":"https:\/\/www.koonings.com\/fr\/wp-json\/wp\/v2\/productneck?post=78725"},{"taxonomy":"productcolor","embeddable":true,"href":"https:\/\/www.koonings.com\/fr\/wp-json\/wp\/v2\/productcolor?post=78725"},{"taxonomy":"maat","embeddable":true,"href":"https:\/\/www.koonings.com\/fr\/wp-json\/wp\/v2\/maat?post=78725"},{"taxonomy":"productsupplier","embeddable":true,"href":"https:\/\/www.koonings.com\/fr\/wp-json\/wp\/v2\/productsupplier?post=78725"},{"taxonomy":"productsleeve","embeddable":true,"href":"https:\/\/www.koonings.com\/fr\/wp-json\/wp\/v2\/productsleeve?post=78725"},{"taxonomy":"productcategory","embeddable":true,"href":"https:\/\/www.koonings.com\/fr\/wp-json\/wp\/v2\/productcategory?post=78725"},{"taxonomy":"productsilhouette","embeddable":true,"href":"https:\/\/www.koonings.com\/fr\/wp-json\/wp\/v2\/productsilhouette?post=78725"},{"taxonomy":"productstyle","embeddable":true,"href":"https:\/\/www.koonings.com\/fr\/wp-json\/wp\/v2\/productstyle?post=78725"}],"curies":[{"name":"wp","href":"https:\/\/api.w.org\/{rel}","templated":true}]}}