{"id":78720,"date":"2026-05-06T15:10:38","date_gmt":"2026-05-06T13:10:38","guid":{"rendered":"https:\/\/www.koonings.com\/product\/modeca-zaylee\/"},"modified":"2026-02-16T14:48:07","modified_gmt":"2026-02-16T13:48:07","slug":"modeca-zaylee","status":"publish","type":"product","link":"https:\/\/www.koonings.com\/fr\/product\/modeca-zaylee\/","title":{"rendered":"Modeca Zaylee"},"content":{"rendered":"<p>Mettez vos formes en valeur dans cette robe moulante de Zaylee. Le corsage transparent est recouvert d&#8217;une magnifique dentelle paillet\u00e9e associ\u00e9e \u00e0 de d\u00e9licates bretelles en dentelle menant \u00e0 un dos ouvert sexy. La tra\u00eene en tulle avec des appliques en dentelle est le d\u00e9tail ultime qui attirera tous les regards. Koonings a cette collection dans ses salles d&#8217;exposition !   <\/p>\n","protected":false},"featured_media":66431,"template":"","meta":{"_acf_changed":false,"ghostkit_customizer_options":"","ghostkit_custom_css":"","ghostkit_custom_js_head":"","ghostkit_custom_js_foot":"","ghostkit_typography":""},"productdetails":[376,383],"productneck":[355],"productcolor":[393,392],"maat":[],"productsupplier":[434],"productsleeve":[359],"productcategory":[18],"productsilhouette":[387,389],"productstyle":[366],"class_list":["post-78720","product","type-product","status-publish","has-post-thumbnail","hentry","productdetails-376","productdetails-383","productneck-355","productcolor-393","productcolor-392","productsupplier-modeca","productsleeve-359","productcategory-trouwjurken","productsilhouette-387","productsilhouette-389","productstyle-366"],"acf":[],"yoast_head":"<!-- This site is optimized with the Yoast SEO plugin v27.3 - https:\/\/yoast.com\/product\/yoast-seo-wordpress\/ -->\n<title>Modeca Zaylee | Koonings<\/title>\n<meta name=\"description\" content=\"Mettez vos formes en valeur dans cette robe moulante de Zaylee. Le corsage transparent est recouvert d&#039;une magnifique dentelle paillet\u00e9e associ\u00e9e \u00e0 de d\u00e9licates bretelles en dentelle menant \u00e0 un dos ouvert sexy. La tra\u00eene en tulle avec des appliques en dentelle est le d\u00e9tail ultime qui attirera tous les regards. Koonings a cette collection dans ses salles d&#039;exposition !\" \/>\n<meta name=\"robots\" content=\"index, follow, max-snippet:-1, max-image-preview:large, max-video-preview:-1\" \/>\n<link rel=\"canonical\" href=\"https:\/\/www.koonings.com\/fr\/product\/modeca-zaylee\/\" \/>\n<meta property=\"og:locale\" content=\"fr_FR\" \/>\n<meta property=\"og:type\" content=\"article\" \/>\n<meta property=\"og:title\" content=\"Modeca Zaylee | Koonings\" \/>\n<meta property=\"og:description\" content=\"Mettez vos formes en valeur dans cette robe moulante de Zaylee. Le corsage transparent est recouvert d&#039;une magnifique dentelle paillet\u00e9e associ\u00e9e \u00e0 de d\u00e9licates bretelles en dentelle menant \u00e0 un dos ouvert sexy. La tra\u00eene en tulle avec des appliques en dentelle est le d\u00e9tail ultime qui attirera tous les regards. Koonings a cette collection dans ses salles d&#039;exposition !\" \/>\n<meta property=\"og:url\" content=\"https:\/\/www.koonings.com\/fr\/product\/modeca-zaylee\/\" \/>\n<meta property=\"og:site_name\" content=\"Koonings\" \/>\n<meta property=\"article:publisher\" content=\"https:\/\/www.facebook.com\/kooningstheweddingpalace\" \/>\n<meta property=\"og:image\" content=\"https:\/\/www.koonings.com\/wp-content\/uploads\/2024\/11\/38476_c6a022885403042ef4a8080e483cf0cd03d9079cde65507611a421387f491b0513b502d2.jpeg\" \/>\n\t<meta property=\"og:image:width\" content=\"856\" \/>\n\t<meta property=\"og:image:height\" content=\"1211\" \/>\n\t<meta property=\"og:image:type\" content=\"image\/jpeg\" \/>\n<meta name=\"twitter:card\" content=\"summary_large_image\" \/>\n<script type=\"application\/ld+json\" class=\"yoast-schema-graph\">{\"@context\":\"https:\\\/\\\/schema.org\",\"@graph\":[{\"@type\":\"WebPage\",\"@id\":\"https:\\\/\\\/www.koonings.com\\\/fr\\\/product\\\/modeca-zaylee\\\/\",\"url\":\"https:\\\/\\\/www.koonings.com\\\/fr\\\/product\\\/modeca-zaylee\\\/\",\"name\":\"Modeca Zaylee | Koonings\",\"isPartOf\":{\"@id\":\"https:\\\/\\\/www.koonings.com\\\/fr\\\/#website\"},\"primaryImageOfPage\":{\"@id\":\"https:\\\/\\\/www.koonings.com\\\/fr\\\/product\\\/modeca-zaylee\\\/#primaryimage\"},\"image\":{\"@id\":\"https:\\\/\\\/www.koonings.com\\\/fr\\\/product\\\/modeca-zaylee\\\/#primaryimage\"},\"thumbnailUrl\":\"https:\\\/\\\/www.koonings.com\\\/wp-content\\\/uploads\\\/2024\\\/11\\\/38476_c6a022885403042ef4a8080e483cf0cd03d9079cde65507611a421387f491b0513b502d2.jpeg\",\"datePublished\":\"2026-05-06T13:10:38+00:00\",\"description\":\"Mettez vos formes en valeur dans cette robe moulante de Zaylee. Le corsage transparent est recouvert d'une magnifique dentelle paillet\u00e9e associ\u00e9e \u00e0 de d\u00e9licates bretelles en dentelle menant \u00e0 un dos ouvert sexy. La tra\u00eene en tulle avec des appliques en dentelle est le d\u00e9tail ultime qui attirera tous les regards. Koonings a cette collection dans ses salles d'exposition !\",\"breadcrumb\":{\"@id\":\"https:\\\/\\\/www.koonings.com\\\/fr\\\/product\\\/modeca-zaylee\\\/#breadcrumb\"},\"inLanguage\":\"fr-FR\",\"potentialAction\":[{\"@type\":\"ReadAction\",\"target\":[\"https:\\\/\\\/www.koonings.com\\\/fr\\\/product\\\/modeca-zaylee\\\/\"]}]},{\"@type\":\"ImageObject\",\"inLanguage\":\"fr-FR\",\"@id\":\"https:\\\/\\\/www.koonings.com\\\/fr\\\/product\\\/modeca-zaylee\\\/#primaryimage\",\"url\":\"https:\\\/\\\/www.koonings.com\\\/wp-content\\\/uploads\\\/2024\\\/11\\\/38476_c6a022885403042ef4a8080e483cf0cd03d9079cde65507611a421387f491b0513b502d2.jpeg\",\"contentUrl\":\"https:\\\/\\\/www.koonings.com\\\/wp-content\\\/uploads\\\/2024\\\/11\\\/38476_c6a022885403042ef4a8080e483cf0cd03d9079cde65507611a421387f491b0513b502d2.jpeg\",\"width\":856,\"height\":1211},{\"@type\":\"BreadcrumbList\",\"@id\":\"https:\\\/\\\/www.koonings.com\\\/fr\\\/product\\\/modeca-zaylee\\\/#breadcrumb\",\"itemListElement\":[{\"@type\":\"ListItem\",\"position\":1,\"name\":\"Home\",\"item\":\"https:\\\/\\\/www.koonings.com\\\/fr\\\/\"},{\"@type\":\"ListItem\",\"position\":2,\"name\":\"Modeca Zaylee\"}]},{\"@type\":\"WebSite\",\"@id\":\"https:\\\/\\\/www.koonings.com\\\/fr\\\/#website\",\"url\":\"https:\\\/\\\/www.koonings.com\\\/fr\\\/\",\"name\":\"Koonings\",\"description\":\"De grootste bruidsmodewinkel ter wereld\",\"publisher\":{\"@id\":\"https:\\\/\\\/www.koonings.com\\\/fr\\\/#organization\"},\"potentialAction\":[{\"@type\":\"SearchAction\",\"target\":{\"@type\":\"EntryPoint\",\"urlTemplate\":\"https:\\\/\\\/www.koonings.com\\\/fr\\\/?s={search_term_string}\"},\"query-input\":{\"@type\":\"PropertyValueSpecification\",\"valueRequired\":true,\"valueName\":\"search_term_string\"}}],\"inLanguage\":\"fr-FR\"},{\"@type\":\"Organization\",\"@id\":\"https:\\\/\\\/www.koonings.com\\\/fr\\\/#organization\",\"name\":\"Koonings\",\"url\":\"https:\\\/\\\/www.koonings.com\\\/fr\\\/\",\"logo\":{\"@type\":\"ImageObject\",\"inLanguage\":\"fr-FR\",\"@id\":\"https:\\\/\\\/www.koonings.com\\\/fr\\\/#\\\/schema\\\/logo\\\/image\\\/\",\"url\":\"https:\\\/\\\/www.koonings.com\\\/wp-content\\\/uploads\\\/2024\\\/07\\\/logo.png\",\"contentUrl\":\"https:\\\/\\\/www.koonings.com\\\/wp-content\\\/uploads\\\/2024\\\/07\\\/logo.png\",\"width\":600,\"height\":428,\"caption\":\"Koonings\"},\"image\":{\"@id\":\"https:\\\/\\\/www.koonings.com\\\/fr\\\/#\\\/schema\\\/logo\\\/image\\\/\"},\"sameAs\":[\"https:\\\/\\\/www.facebook.com\\\/kooningstheweddingpalace\",\"https:\\\/\\\/www.instagram.com\\\/kooningstheweddingpalace\",\"https:\\\/\\\/www.pinterest.com\\\/koonings\",\"https:\\\/\\\/www.youtube.com\\\/kooningstheweddingpalace\"]}]}<\/script>\n<!-- \/ Yoast SEO plugin. -->","yoast_head_json":{"title":"Modeca Zaylee | Koonings","description":"Mettez vos formes en valeur dans cette robe moulante de Zaylee. Le corsage transparent est recouvert d'une magnifique dentelle paillet\u00e9e associ\u00e9e \u00e0 de d\u00e9licates bretelles en dentelle menant \u00e0 un dos ouvert sexy. La tra\u00eene en tulle avec des appliques en dentelle est le d\u00e9tail ultime qui attirera tous les regards. Koonings a cette collection dans ses salles d'exposition !","robots":{"index":"index","follow":"follow","max-snippet":"max-snippet:-1","max-image-preview":"max-image-preview:large","max-video-preview":"max-video-preview:-1"},"canonical":"https:\/\/www.koonings.com\/fr\/product\/modeca-zaylee\/","og_locale":"fr_FR","og_type":"article","og_title":"Modeca Zaylee | Koonings","og_description":"Mettez vos formes en valeur dans cette robe moulante de Zaylee. Le corsage transparent est recouvert d'une magnifique dentelle paillet\u00e9e associ\u00e9e \u00e0 de d\u00e9licates bretelles en dentelle menant \u00e0 un dos ouvert sexy. La tra\u00eene en tulle avec des appliques en dentelle est le d\u00e9tail ultime qui attirera tous les regards. Koonings a cette collection dans ses salles d'exposition !","og_url":"https:\/\/www.koonings.com\/fr\/product\/modeca-zaylee\/","og_site_name":"Koonings","article_publisher":"https:\/\/www.facebook.com\/kooningstheweddingpalace","og_image":[{"width":856,"height":1211,"url":"https:\/\/www.koonings.com\/wp-content\/uploads\/2024\/11\/38476_c6a022885403042ef4a8080e483cf0cd03d9079cde65507611a421387f491b0513b502d2.jpeg","type":"image\/jpeg"}],"twitter_card":"summary_large_image","schema":{"@context":"https:\/\/schema.org","@graph":[{"@type":"WebPage","@id":"https:\/\/www.koonings.com\/fr\/product\/modeca-zaylee\/","url":"https:\/\/www.koonings.com\/fr\/product\/modeca-zaylee\/","name":"Modeca Zaylee | Koonings","isPartOf":{"@id":"https:\/\/www.koonings.com\/fr\/#website"},"primaryImageOfPage":{"@id":"https:\/\/www.koonings.com\/fr\/product\/modeca-zaylee\/#primaryimage"},"image":{"@id":"https:\/\/www.koonings.com\/fr\/product\/modeca-zaylee\/#primaryimage"},"thumbnailUrl":"https:\/\/www.koonings.com\/wp-content\/uploads\/2024\/11\/38476_c6a022885403042ef4a8080e483cf0cd03d9079cde65507611a421387f491b0513b502d2.jpeg","datePublished":"2026-05-06T13:10:38+00:00","description":"Mettez vos formes en valeur dans cette robe moulante de Zaylee. Le corsage transparent est recouvert d'une magnifique dentelle paillet\u00e9e associ\u00e9e \u00e0 de d\u00e9licates bretelles en dentelle menant \u00e0 un dos ouvert sexy. La tra\u00eene en tulle avec des appliques en dentelle est le d\u00e9tail ultime qui attirera tous les regards. Koonings a cette collection dans ses salles d'exposition !","breadcrumb":{"@id":"https:\/\/www.koonings.com\/fr\/product\/modeca-zaylee\/#breadcrumb"},"inLanguage":"fr-FR","potentialAction":[{"@type":"ReadAction","target":["https:\/\/www.koonings.com\/fr\/product\/modeca-zaylee\/"]}]},{"@type":"ImageObject","inLanguage":"fr-FR","@id":"https:\/\/www.koonings.com\/fr\/product\/modeca-zaylee\/#primaryimage","url":"https:\/\/www.koonings.com\/wp-content\/uploads\/2024\/11\/38476_c6a022885403042ef4a8080e483cf0cd03d9079cde65507611a421387f491b0513b502d2.jpeg","contentUrl":"https:\/\/www.koonings.com\/wp-content\/uploads\/2024\/11\/38476_c6a022885403042ef4a8080e483cf0cd03d9079cde65507611a421387f491b0513b502d2.jpeg","width":856,"height":1211},{"@type":"BreadcrumbList","@id":"https:\/\/www.koonings.com\/fr\/product\/modeca-zaylee\/#breadcrumb","itemListElement":[{"@type":"ListItem","position":1,"name":"Home","item":"https:\/\/www.koonings.com\/fr\/"},{"@type":"ListItem","position":2,"name":"Modeca Zaylee"}]},{"@type":"WebSite","@id":"https:\/\/www.koonings.com\/fr\/#website","url":"https:\/\/www.koonings.com\/fr\/","name":"Koonings","description":"De grootste bruidsmodewinkel ter wereld","publisher":{"@id":"https:\/\/www.koonings.com\/fr\/#organization"},"potentialAction":[{"@type":"SearchAction","target":{"@type":"EntryPoint","urlTemplate":"https:\/\/www.koonings.com\/fr\/?s={search_term_string}"},"query-input":{"@type":"PropertyValueSpecification","valueRequired":true,"valueName":"search_term_string"}}],"inLanguage":"fr-FR"},{"@type":"Organization","@id":"https:\/\/www.koonings.com\/fr\/#organization","name":"Koonings","url":"https:\/\/www.koonings.com\/fr\/","logo":{"@type":"ImageObject","inLanguage":"fr-FR","@id":"https:\/\/www.koonings.com\/fr\/#\/schema\/logo\/image\/","url":"https:\/\/www.koonings.com\/wp-content\/uploads\/2024\/07\/logo.png","contentUrl":"https:\/\/www.koonings.com\/wp-content\/uploads\/2024\/07\/logo.png","width":600,"height":428,"caption":"Koonings"},"image":{"@id":"https:\/\/www.koonings.com\/fr\/#\/schema\/logo\/image\/"},"sameAs":["https:\/\/www.facebook.com\/kooningstheweddingpalace","https:\/\/www.instagram.com\/kooningstheweddingpalace","https:\/\/www.pinterest.com\/koonings","https:\/\/www.youtube.com\/kooningstheweddingpalace"]}]}},"_links":{"self":[{"href":"https:\/\/www.koonings.com\/fr\/wp-json\/wp\/v2\/product\/78720","targetHints":{"allow":["GET"]}}],"collection":[{"href":"https:\/\/www.koonings.com\/fr\/wp-json\/wp\/v2\/product"}],"about":[{"href":"https:\/\/www.koonings.com\/fr\/wp-json\/wp\/v2\/types\/product"}],"wp:featuredmedia":[{"embeddable":true,"href":"https:\/\/www.koonings.com\/fr\/wp-json\/wp\/v2\/media\/66431"}],"wp:attachment":[{"href":"https:\/\/www.koonings.com\/fr\/wp-json\/wp\/v2\/media?parent=78720"}],"wp:term":[{"taxonomy":"productdetails","embeddable":true,"href":"https:\/\/www.koonings.com\/fr\/wp-json\/wp\/v2\/productdetails?post=78720"},{"taxonomy":"productneck","embeddable":true,"href":"https:\/\/www.koonings.com\/fr\/wp-json\/wp\/v2\/productneck?post=78720"},{"taxonomy":"productcolor","embeddable":true,"href":"https:\/\/www.koonings.com\/fr\/wp-json\/wp\/v2\/productcolor?post=78720"},{"taxonomy":"maat","embeddable":true,"href":"https:\/\/www.koonings.com\/fr\/wp-json\/wp\/v2\/maat?post=78720"},{"taxonomy":"productsupplier","embeddable":true,"href":"https:\/\/www.koonings.com\/fr\/wp-json\/wp\/v2\/productsupplier?post=78720"},{"taxonomy":"productsleeve","embeddable":true,"href":"https:\/\/www.koonings.com\/fr\/wp-json\/wp\/v2\/productsleeve?post=78720"},{"taxonomy":"productcategory","embeddable":true,"href":"https:\/\/www.koonings.com\/fr\/wp-json\/wp\/v2\/productcategory?post=78720"},{"taxonomy":"productsilhouette","embeddable":true,"href":"https:\/\/www.koonings.com\/fr\/wp-json\/wp\/v2\/productsilhouette?post=78720"},{"taxonomy":"productstyle","embeddable":true,"href":"https:\/\/www.koonings.com\/fr\/wp-json\/wp\/v2\/productstyle?post=78720"}],"curies":[{"name":"wp","href":"https:\/\/api.w.org\/{rel}","templated":true}]}}