{"id":78706,"date":"2026-04-28T18:10:36","date_gmt":"2026-04-28T16:10:36","guid":{"rendered":"https:\/\/www.koonings.com\/product\/modeca-valerie\/"},"modified":"2026-02-16T14:48:23","modified_gmt":"2026-02-16T13:48:23","slug":"modeca-valerie","status":"publish","type":"product","link":"https:\/\/www.koonings.com\/fr\/product\/modeca-valerie\/","title":{"rendered":"Modeca Valerie"},"content":{"rendered":"<p>Valerie est une robe de r\u00eave \u00e0 la coupe ajust\u00e9e et \u00e9vas\u00e9e, con\u00e7ue pour les mari\u00e9es s\u00fbres d&#8217;elles et d\u00e9sireuses d&#8217;affirmer leurs courbes. Con\u00e7ue en mikado extensible, cette robe glamour pr\u00e9sente un d\u00e9collet\u00e9 en c\u0153ur moderne et un corsage pliss\u00e9. Ajoutez-y d&#8217;\u00e9l\u00e9gantes bretelles amovibles pour un style plus classique et traditionnel.  <\/p>\n","protected":false},"featured_media":66601,"template":"","meta":{"_acf_changed":false,"ghostkit_customizer_options":"","ghostkit_custom_css":"","ghostkit_custom_js_head":"","ghostkit_custom_js_foot":"","ghostkit_typography":""},"productdetails":[],"productneck":[356],"productcolor":[392],"maat":[375],"productsupplier":[434],"productsleeve":[359],"productcategory":[18],"productsilhouette":[389,390],"productstyle":[365],"class_list":["post-78706","product","type-product","status-publish","has-post-thumbnail","hentry","productneck-356","productcolor-392","maat-375","productsupplier-modeca","productsleeve-359","productcategory-trouwjurken","productsilhouette-389","productsilhouette-390","productstyle-365"],"acf":[],"yoast_head":"<!-- This site is optimized with the Yoast SEO plugin v27.3 - https:\/\/yoast.com\/product\/yoast-seo-wordpress\/ -->\n<title>Modeca Valerie | Koonings<\/title>\n<meta name=\"description\" content=\"Valerie est une robe de r\u00eave \u00e0 la coupe ajust\u00e9e et \u00e9vas\u00e9e, con\u00e7ue pour les mari\u00e9es s\u00fbres d&#039;elles et d\u00e9sireuses d&#039;affirmer leurs courbes. Con\u00e7ue en mikado extensible, cette robe glamour pr\u00e9sente un d\u00e9collet\u00e9 en c\u0153ur moderne et un corsage pliss\u00e9. Ajoutez-y d&#039;\u00e9l\u00e9gantes bretelles amovibles pour un style plus classique et traditionnel.\" \/>\n<meta name=\"robots\" content=\"index, follow, max-snippet:-1, max-image-preview:large, max-video-preview:-1\" \/>\n<link rel=\"canonical\" href=\"https:\/\/www.koonings.com\/fr\/product\/modeca-valerie\/\" \/>\n<meta property=\"og:locale\" content=\"fr_FR\" \/>\n<meta property=\"og:type\" content=\"article\" \/>\n<meta property=\"og:title\" content=\"Modeca Valerie | Koonings\" \/>\n<meta property=\"og:description\" content=\"Valerie est une robe de r\u00eave \u00e0 la coupe ajust\u00e9e et \u00e9vas\u00e9e, con\u00e7ue pour les mari\u00e9es s\u00fbres d&#039;elles et d\u00e9sireuses d&#039;affirmer leurs courbes. Con\u00e7ue en mikado extensible, cette robe glamour pr\u00e9sente un d\u00e9collet\u00e9 en c\u0153ur moderne et un corsage pliss\u00e9. Ajoutez-y d&#039;\u00e9l\u00e9gantes bretelles amovibles pour un style plus classique et traditionnel.\" \/>\n<meta property=\"og:url\" content=\"https:\/\/www.koonings.com\/fr\/product\/modeca-valerie\/\" \/>\n<meta property=\"og:site_name\" content=\"Koonings\" \/>\n<meta property=\"article:publisher\" content=\"https:\/\/www.facebook.com\/kooningstheweddingpalace\" \/>\n<meta property=\"og:image\" content=\"https:\/\/www.koonings.com\/wp-content\/uploads\/2024\/11\/38501_628552ea14213bea906933ea0ed79a44b68453f12fbac510df778e58a718d0943c207891.jpeg\" \/>\n\t<meta property=\"og:image:width\" content=\"905\" \/>\n\t<meta property=\"og:image:height\" content=\"1280\" \/>\n\t<meta property=\"og:image:type\" content=\"image\/jpeg\" \/>\n<meta name=\"twitter:card\" content=\"summary_large_image\" \/>\n<script type=\"application\/ld+json\" class=\"yoast-schema-graph\">{\"@context\":\"https:\\\/\\\/schema.org\",\"@graph\":[{\"@type\":\"WebPage\",\"@id\":\"https:\\\/\\\/www.koonings.com\\\/fr\\\/product\\\/modeca-valerie\\\/\",\"url\":\"https:\\\/\\\/www.koonings.com\\\/fr\\\/product\\\/modeca-valerie\\\/\",\"name\":\"Modeca Valerie | Koonings\",\"isPartOf\":{\"@id\":\"https:\\\/\\\/www.koonings.com\\\/fr\\\/#website\"},\"primaryImageOfPage\":{\"@id\":\"https:\\\/\\\/www.koonings.com\\\/fr\\\/product\\\/modeca-valerie\\\/#primaryimage\"},\"image\":{\"@id\":\"https:\\\/\\\/www.koonings.com\\\/fr\\\/product\\\/modeca-valerie\\\/#primaryimage\"},\"thumbnailUrl\":\"https:\\\/\\\/www.koonings.com\\\/wp-content\\\/uploads\\\/2024\\\/11\\\/38501_628552ea14213bea906933ea0ed79a44b68453f12fbac510df778e58a718d0943c207891.jpeg\",\"datePublished\":\"2026-04-28T16:10:36+00:00\",\"description\":\"Valerie est une robe de r\u00eave \u00e0 la coupe ajust\u00e9e et \u00e9vas\u00e9e, con\u00e7ue pour les mari\u00e9es s\u00fbres d'elles et d\u00e9sireuses d'affirmer leurs courbes. Con\u00e7ue en mikado extensible, cette robe glamour pr\u00e9sente un d\u00e9collet\u00e9 en c\u0153ur moderne et un corsage pliss\u00e9. Ajoutez-y d'\u00e9l\u00e9gantes bretelles amovibles pour un style plus classique et traditionnel.\",\"breadcrumb\":{\"@id\":\"https:\\\/\\\/www.koonings.com\\\/fr\\\/product\\\/modeca-valerie\\\/#breadcrumb\"},\"inLanguage\":\"fr-FR\",\"potentialAction\":[{\"@type\":\"ReadAction\",\"target\":[\"https:\\\/\\\/www.koonings.com\\\/fr\\\/product\\\/modeca-valerie\\\/\"]}]},{\"@type\":\"ImageObject\",\"inLanguage\":\"fr-FR\",\"@id\":\"https:\\\/\\\/www.koonings.com\\\/fr\\\/product\\\/modeca-valerie\\\/#primaryimage\",\"url\":\"https:\\\/\\\/www.koonings.com\\\/wp-content\\\/uploads\\\/2024\\\/11\\\/38501_628552ea14213bea906933ea0ed79a44b68453f12fbac510df778e58a718d0943c207891.jpeg\",\"contentUrl\":\"https:\\\/\\\/www.koonings.com\\\/wp-content\\\/uploads\\\/2024\\\/11\\\/38501_628552ea14213bea906933ea0ed79a44b68453f12fbac510df778e58a718d0943c207891.jpeg\",\"width\":905,\"height\":1280},{\"@type\":\"BreadcrumbList\",\"@id\":\"https:\\\/\\\/www.koonings.com\\\/fr\\\/product\\\/modeca-valerie\\\/#breadcrumb\",\"itemListElement\":[{\"@type\":\"ListItem\",\"position\":1,\"name\":\"Home\",\"item\":\"https:\\\/\\\/www.koonings.com\\\/fr\\\/\"},{\"@type\":\"ListItem\",\"position\":2,\"name\":\"Modeca Valerie\"}]},{\"@type\":\"WebSite\",\"@id\":\"https:\\\/\\\/www.koonings.com\\\/fr\\\/#website\",\"url\":\"https:\\\/\\\/www.koonings.com\\\/fr\\\/\",\"name\":\"Koonings\",\"description\":\"De grootste bruidsmodewinkel ter wereld\",\"publisher\":{\"@id\":\"https:\\\/\\\/www.koonings.com\\\/fr\\\/#organization\"},\"potentialAction\":[{\"@type\":\"SearchAction\",\"target\":{\"@type\":\"EntryPoint\",\"urlTemplate\":\"https:\\\/\\\/www.koonings.com\\\/fr\\\/?s={search_term_string}\"},\"query-input\":{\"@type\":\"PropertyValueSpecification\",\"valueRequired\":true,\"valueName\":\"search_term_string\"}}],\"inLanguage\":\"fr-FR\"},{\"@type\":\"Organization\",\"@id\":\"https:\\\/\\\/www.koonings.com\\\/fr\\\/#organization\",\"name\":\"Koonings\",\"url\":\"https:\\\/\\\/www.koonings.com\\\/fr\\\/\",\"logo\":{\"@type\":\"ImageObject\",\"inLanguage\":\"fr-FR\",\"@id\":\"https:\\\/\\\/www.koonings.com\\\/fr\\\/#\\\/schema\\\/logo\\\/image\\\/\",\"url\":\"https:\\\/\\\/www.koonings.com\\\/wp-content\\\/uploads\\\/2024\\\/07\\\/logo.png\",\"contentUrl\":\"https:\\\/\\\/www.koonings.com\\\/wp-content\\\/uploads\\\/2024\\\/07\\\/logo.png\",\"width\":600,\"height\":428,\"caption\":\"Koonings\"},\"image\":{\"@id\":\"https:\\\/\\\/www.koonings.com\\\/fr\\\/#\\\/schema\\\/logo\\\/image\\\/\"},\"sameAs\":[\"https:\\\/\\\/www.facebook.com\\\/kooningstheweddingpalace\",\"https:\\\/\\\/www.instagram.com\\\/kooningstheweddingpalace\",\"https:\\\/\\\/www.pinterest.com\\\/koonings\",\"https:\\\/\\\/www.youtube.com\\\/kooningstheweddingpalace\"]}]}<\/script>\n<!-- \/ Yoast SEO plugin. -->","yoast_head_json":{"title":"Modeca Valerie | Koonings","description":"Valerie est une robe de r\u00eave \u00e0 la coupe ajust\u00e9e et \u00e9vas\u00e9e, con\u00e7ue pour les mari\u00e9es s\u00fbres d'elles et d\u00e9sireuses d'affirmer leurs courbes. Con\u00e7ue en mikado extensible, cette robe glamour pr\u00e9sente un d\u00e9collet\u00e9 en c\u0153ur moderne et un corsage pliss\u00e9. Ajoutez-y d'\u00e9l\u00e9gantes bretelles amovibles pour un style plus classique et traditionnel.","robots":{"index":"index","follow":"follow","max-snippet":"max-snippet:-1","max-image-preview":"max-image-preview:large","max-video-preview":"max-video-preview:-1"},"canonical":"https:\/\/www.koonings.com\/fr\/product\/modeca-valerie\/","og_locale":"fr_FR","og_type":"article","og_title":"Modeca Valerie | Koonings","og_description":"Valerie est une robe de r\u00eave \u00e0 la coupe ajust\u00e9e et \u00e9vas\u00e9e, con\u00e7ue pour les mari\u00e9es s\u00fbres d'elles et d\u00e9sireuses d'affirmer leurs courbes. Con\u00e7ue en mikado extensible, cette robe glamour pr\u00e9sente un d\u00e9collet\u00e9 en c\u0153ur moderne et un corsage pliss\u00e9. Ajoutez-y d'\u00e9l\u00e9gantes bretelles amovibles pour un style plus classique et traditionnel.","og_url":"https:\/\/www.koonings.com\/fr\/product\/modeca-valerie\/","og_site_name":"Koonings","article_publisher":"https:\/\/www.facebook.com\/kooningstheweddingpalace","og_image":[{"width":905,"height":1280,"url":"https:\/\/www.koonings.com\/wp-content\/uploads\/2024\/11\/38501_628552ea14213bea906933ea0ed79a44b68453f12fbac510df778e58a718d0943c207891.jpeg","type":"image\/jpeg"}],"twitter_card":"summary_large_image","schema":{"@context":"https:\/\/schema.org","@graph":[{"@type":"WebPage","@id":"https:\/\/www.koonings.com\/fr\/product\/modeca-valerie\/","url":"https:\/\/www.koonings.com\/fr\/product\/modeca-valerie\/","name":"Modeca Valerie | Koonings","isPartOf":{"@id":"https:\/\/www.koonings.com\/fr\/#website"},"primaryImageOfPage":{"@id":"https:\/\/www.koonings.com\/fr\/product\/modeca-valerie\/#primaryimage"},"image":{"@id":"https:\/\/www.koonings.com\/fr\/product\/modeca-valerie\/#primaryimage"},"thumbnailUrl":"https:\/\/www.koonings.com\/wp-content\/uploads\/2024\/11\/38501_628552ea14213bea906933ea0ed79a44b68453f12fbac510df778e58a718d0943c207891.jpeg","datePublished":"2026-04-28T16:10:36+00:00","description":"Valerie est une robe de r\u00eave \u00e0 la coupe ajust\u00e9e et \u00e9vas\u00e9e, con\u00e7ue pour les mari\u00e9es s\u00fbres d'elles et d\u00e9sireuses d'affirmer leurs courbes. Con\u00e7ue en mikado extensible, cette robe glamour pr\u00e9sente un d\u00e9collet\u00e9 en c\u0153ur moderne et un corsage pliss\u00e9. Ajoutez-y d'\u00e9l\u00e9gantes bretelles amovibles pour un style plus classique et traditionnel.","breadcrumb":{"@id":"https:\/\/www.koonings.com\/fr\/product\/modeca-valerie\/#breadcrumb"},"inLanguage":"fr-FR","potentialAction":[{"@type":"ReadAction","target":["https:\/\/www.koonings.com\/fr\/product\/modeca-valerie\/"]}]},{"@type":"ImageObject","inLanguage":"fr-FR","@id":"https:\/\/www.koonings.com\/fr\/product\/modeca-valerie\/#primaryimage","url":"https:\/\/www.koonings.com\/wp-content\/uploads\/2024\/11\/38501_628552ea14213bea906933ea0ed79a44b68453f12fbac510df778e58a718d0943c207891.jpeg","contentUrl":"https:\/\/www.koonings.com\/wp-content\/uploads\/2024\/11\/38501_628552ea14213bea906933ea0ed79a44b68453f12fbac510df778e58a718d0943c207891.jpeg","width":905,"height":1280},{"@type":"BreadcrumbList","@id":"https:\/\/www.koonings.com\/fr\/product\/modeca-valerie\/#breadcrumb","itemListElement":[{"@type":"ListItem","position":1,"name":"Home","item":"https:\/\/www.koonings.com\/fr\/"},{"@type":"ListItem","position":2,"name":"Modeca Valerie"}]},{"@type":"WebSite","@id":"https:\/\/www.koonings.com\/fr\/#website","url":"https:\/\/www.koonings.com\/fr\/","name":"Koonings","description":"De grootste bruidsmodewinkel ter wereld","publisher":{"@id":"https:\/\/www.koonings.com\/fr\/#organization"},"potentialAction":[{"@type":"SearchAction","target":{"@type":"EntryPoint","urlTemplate":"https:\/\/www.koonings.com\/fr\/?s={search_term_string}"},"query-input":{"@type":"PropertyValueSpecification","valueRequired":true,"valueName":"search_term_string"}}],"inLanguage":"fr-FR"},{"@type":"Organization","@id":"https:\/\/www.koonings.com\/fr\/#organization","name":"Koonings","url":"https:\/\/www.koonings.com\/fr\/","logo":{"@type":"ImageObject","inLanguage":"fr-FR","@id":"https:\/\/www.koonings.com\/fr\/#\/schema\/logo\/image\/","url":"https:\/\/www.koonings.com\/wp-content\/uploads\/2024\/07\/logo.png","contentUrl":"https:\/\/www.koonings.com\/wp-content\/uploads\/2024\/07\/logo.png","width":600,"height":428,"caption":"Koonings"},"image":{"@id":"https:\/\/www.koonings.com\/fr\/#\/schema\/logo\/image\/"},"sameAs":["https:\/\/www.facebook.com\/kooningstheweddingpalace","https:\/\/www.instagram.com\/kooningstheweddingpalace","https:\/\/www.pinterest.com\/koonings","https:\/\/www.youtube.com\/kooningstheweddingpalace"]}]}},"_links":{"self":[{"href":"https:\/\/www.koonings.com\/fr\/wp-json\/wp\/v2\/product\/78706","targetHints":{"allow":["GET"]}}],"collection":[{"href":"https:\/\/www.koonings.com\/fr\/wp-json\/wp\/v2\/product"}],"about":[{"href":"https:\/\/www.koonings.com\/fr\/wp-json\/wp\/v2\/types\/product"}],"wp:featuredmedia":[{"embeddable":true,"href":"https:\/\/www.koonings.com\/fr\/wp-json\/wp\/v2\/media\/66601"}],"wp:attachment":[{"href":"https:\/\/www.koonings.com\/fr\/wp-json\/wp\/v2\/media?parent=78706"}],"wp:term":[{"taxonomy":"productdetails","embeddable":true,"href":"https:\/\/www.koonings.com\/fr\/wp-json\/wp\/v2\/productdetails?post=78706"},{"taxonomy":"productneck","embeddable":true,"href":"https:\/\/www.koonings.com\/fr\/wp-json\/wp\/v2\/productneck?post=78706"},{"taxonomy":"productcolor","embeddable":true,"href":"https:\/\/www.koonings.com\/fr\/wp-json\/wp\/v2\/productcolor?post=78706"},{"taxonomy":"maat","embeddable":true,"href":"https:\/\/www.koonings.com\/fr\/wp-json\/wp\/v2\/maat?post=78706"},{"taxonomy":"productsupplier","embeddable":true,"href":"https:\/\/www.koonings.com\/fr\/wp-json\/wp\/v2\/productsupplier?post=78706"},{"taxonomy":"productsleeve","embeddable":true,"href":"https:\/\/www.koonings.com\/fr\/wp-json\/wp\/v2\/productsleeve?post=78706"},{"taxonomy":"productcategory","embeddable":true,"href":"https:\/\/www.koonings.com\/fr\/wp-json\/wp\/v2\/productcategory?post=78706"},{"taxonomy":"productsilhouette","embeddable":true,"href":"https:\/\/www.koonings.com\/fr\/wp-json\/wp\/v2\/productsilhouette?post=78706"},{"taxonomy":"productstyle","embeddable":true,"href":"https:\/\/www.koonings.com\/fr\/wp-json\/wp\/v2\/productstyle?post=78706"}],"curies":[{"name":"wp","href":"https:\/\/api.w.org\/{rel}","templated":true}]}}