{"id":78703,"date":"2025-12-15T00:14:53","date_gmt":"2025-12-14T23:14:53","guid":{"rendered":"https:\/\/www.koonings.com\/product\/modeca-veerle-d\/"},"modified":"2026-02-03T19:46:13","modified_gmt":"2026-02-03T18:46:13","slug":"modeca-veerle-d","status":"publish","type":"product","link":"https:\/\/www.koonings.com\/fr\/product\/modeca-veerle-d\/","title":{"rendered":"Modeca Veerle-D"},"content":{"rendered":"<p>C\u00e9l\u00e9brez l&#8217;amour avec la robe l\u00e9g\u00e8re et a\u00e9rienne Veerle. Le joli corsage en dentelle s&#8217;harmonise parfaitement avec la jupe romantique en mousseline de soie. Cette robe cintr\u00e9e se distingue par ses manches longues amovibles. Cette robe pimpante est \u00e9galement disponible chez Koonings The Wedding Palace sans les manches amovibles &#8211; Veerle-D.   <\/p>\n","protected":false},"featured_media":66647,"template":"","meta":{"_acf_changed":false,"ghostkit_customizer_options":"","ghostkit_custom_css":"","ghostkit_custom_js_head":"","ghostkit_custom_js_foot":"","ghostkit_typography":""},"productdetails":[376],"productneck":[355],"productcolor":[393,392],"maat":[375],"productsupplier":[434],"productsleeve":[362],"productcategory":[18],"productsilhouette":[384,389],"productstyle":[366],"class_list":["post-78703","product","type-product","status-publish","has-post-thumbnail","hentry","productdetails-376","productneck-355","productcolor-393","productcolor-392","maat-375","productsupplier-modeca","productsleeve-362","productcategory-trouwjurken","productsilhouette-384","productsilhouette-389","productstyle-366"],"acf":[],"yoast_head":"<!-- This site is optimized with the Yoast SEO plugin v27.3 - https:\/\/yoast.com\/product\/yoast-seo-wordpress\/ -->\n<title>Modeca Veerle-D | Koonings<\/title>\n<meta name=\"description\" content=\"C\u00e9l\u00e9brez l&#039;amour avec la robe l\u00e9g\u00e8re et a\u00e9rienne Veerle. Le joli corsage en dentelle s&#039;harmonise parfaitement avec la jupe romantique en mousseline de soie. Cette robe cintr\u00e9e se distingue par ses manches longues amovibles. Cette robe pimpante est \u00e9galement disponible chez Koonings The Wedding Palace sans les manches amovibles - Veerle-D.\" \/>\n<meta name=\"robots\" content=\"index, follow, max-snippet:-1, max-image-preview:large, max-video-preview:-1\" \/>\n<link rel=\"canonical\" href=\"https:\/\/www.koonings.com\/fr\/product\/modeca-veerle-d\/\" \/>\n<meta property=\"og:locale\" content=\"fr_FR\" \/>\n<meta property=\"og:type\" content=\"article\" \/>\n<meta property=\"og:title\" content=\"Modeca Veerle-D | Koonings\" \/>\n<meta property=\"og:description\" content=\"C\u00e9l\u00e9brez l&#039;amour avec la robe l\u00e9g\u00e8re et a\u00e9rienne Veerle. Le joli corsage en dentelle s&#039;harmonise parfaitement avec la jupe romantique en mousseline de soie. Cette robe cintr\u00e9e se distingue par ses manches longues amovibles. Cette robe pimpante est \u00e9galement disponible chez Koonings The Wedding Palace sans les manches amovibles - Veerle-D.\" \/>\n<meta property=\"og:url\" content=\"https:\/\/www.koonings.com\/fr\/product\/modeca-veerle-d\/\" \/>\n<meta property=\"og:site_name\" content=\"Koonings\" \/>\n<meta property=\"article:publisher\" content=\"https:\/\/www.facebook.com\/kooningstheweddingpalace\" \/>\n<meta property=\"article:modified_time\" content=\"2026-02-03T18:46:13+00:00\" \/>\n<meta property=\"og:image\" content=\"https:\/\/www.koonings.com\/wp-content\/uploads\/2024\/11\/38550_28a58ddc3a040f09dd7a294bb88d88023af8d77765b0053f341d58f36150e3e5f82e8da5.jpeg\" \/>\n\t<meta property=\"og:image:width\" content=\"798\" \/>\n\t<meta property=\"og:image:height\" content=\"1130\" \/>\n\t<meta property=\"og:image:type\" content=\"image\/jpeg\" \/>\n<meta name=\"twitter:card\" content=\"summary_large_image\" \/>\n<script type=\"application\/ld+json\" class=\"yoast-schema-graph\">{\"@context\":\"https:\\\/\\\/schema.org\",\"@graph\":[{\"@type\":\"WebPage\",\"@id\":\"https:\\\/\\\/www.koonings.com\\\/fr\\\/product\\\/modeca-veerle-d\\\/\",\"url\":\"https:\\\/\\\/www.koonings.com\\\/fr\\\/product\\\/modeca-veerle-d\\\/\",\"name\":\"Modeca Veerle-D | Koonings\",\"isPartOf\":{\"@id\":\"https:\\\/\\\/www.koonings.com\\\/fr\\\/#website\"},\"primaryImageOfPage\":{\"@id\":\"https:\\\/\\\/www.koonings.com\\\/fr\\\/product\\\/modeca-veerle-d\\\/#primaryimage\"},\"image\":{\"@id\":\"https:\\\/\\\/www.koonings.com\\\/fr\\\/product\\\/modeca-veerle-d\\\/#primaryimage\"},\"thumbnailUrl\":\"https:\\\/\\\/www.koonings.com\\\/wp-content\\\/uploads\\\/2024\\\/11\\\/38550_28a58ddc3a040f09dd7a294bb88d88023af8d77765b0053f341d58f36150e3e5f82e8da5.jpeg\",\"datePublished\":\"2025-12-14T23:14:53+00:00\",\"dateModified\":\"2026-02-03T18:46:13+00:00\",\"description\":\"C\u00e9l\u00e9brez l'amour avec la robe l\u00e9g\u00e8re et a\u00e9rienne Veerle. Le joli corsage en dentelle s'harmonise parfaitement avec la jupe romantique en mousseline de soie. Cette robe cintr\u00e9e se distingue par ses manches longues amovibles. Cette robe pimpante est \u00e9galement disponible chez Koonings The Wedding Palace sans les manches amovibles - Veerle-D.\",\"breadcrumb\":{\"@id\":\"https:\\\/\\\/www.koonings.com\\\/fr\\\/product\\\/modeca-veerle-d\\\/#breadcrumb\"},\"inLanguage\":\"fr-FR\",\"potentialAction\":[{\"@type\":\"ReadAction\",\"target\":[\"https:\\\/\\\/www.koonings.com\\\/fr\\\/product\\\/modeca-veerle-d\\\/\"]}]},{\"@type\":\"ImageObject\",\"inLanguage\":\"fr-FR\",\"@id\":\"https:\\\/\\\/www.koonings.com\\\/fr\\\/product\\\/modeca-veerle-d\\\/#primaryimage\",\"url\":\"https:\\\/\\\/www.koonings.com\\\/wp-content\\\/uploads\\\/2024\\\/11\\\/38550_28a58ddc3a040f09dd7a294bb88d88023af8d77765b0053f341d58f36150e3e5f82e8da5.jpeg\",\"contentUrl\":\"https:\\\/\\\/www.koonings.com\\\/wp-content\\\/uploads\\\/2024\\\/11\\\/38550_28a58ddc3a040f09dd7a294bb88d88023af8d77765b0053f341d58f36150e3e5f82e8da5.jpeg\",\"width\":798,\"height\":1130},{\"@type\":\"BreadcrumbList\",\"@id\":\"https:\\\/\\\/www.koonings.com\\\/fr\\\/product\\\/modeca-veerle-d\\\/#breadcrumb\",\"itemListElement\":[{\"@type\":\"ListItem\",\"position\":1,\"name\":\"Home\",\"item\":\"https:\\\/\\\/www.koonings.com\\\/fr\\\/\"},{\"@type\":\"ListItem\",\"position\":2,\"name\":\"Modeca Veerle-D\"}]},{\"@type\":\"WebSite\",\"@id\":\"https:\\\/\\\/www.koonings.com\\\/fr\\\/#website\",\"url\":\"https:\\\/\\\/www.koonings.com\\\/fr\\\/\",\"name\":\"Koonings\",\"description\":\"De grootste bruidsmodewinkel ter wereld\",\"publisher\":{\"@id\":\"https:\\\/\\\/www.koonings.com\\\/fr\\\/#organization\"},\"potentialAction\":[{\"@type\":\"SearchAction\",\"target\":{\"@type\":\"EntryPoint\",\"urlTemplate\":\"https:\\\/\\\/www.koonings.com\\\/fr\\\/?s={search_term_string}\"},\"query-input\":{\"@type\":\"PropertyValueSpecification\",\"valueRequired\":true,\"valueName\":\"search_term_string\"}}],\"inLanguage\":\"fr-FR\"},{\"@type\":\"Organization\",\"@id\":\"https:\\\/\\\/www.koonings.com\\\/fr\\\/#organization\",\"name\":\"Koonings\",\"url\":\"https:\\\/\\\/www.koonings.com\\\/fr\\\/\",\"logo\":{\"@type\":\"ImageObject\",\"inLanguage\":\"fr-FR\",\"@id\":\"https:\\\/\\\/www.koonings.com\\\/fr\\\/#\\\/schema\\\/logo\\\/image\\\/\",\"url\":\"https:\\\/\\\/www.koonings.com\\\/wp-content\\\/uploads\\\/2024\\\/07\\\/logo.png\",\"contentUrl\":\"https:\\\/\\\/www.koonings.com\\\/wp-content\\\/uploads\\\/2024\\\/07\\\/logo.png\",\"width\":600,\"height\":428,\"caption\":\"Koonings\"},\"image\":{\"@id\":\"https:\\\/\\\/www.koonings.com\\\/fr\\\/#\\\/schema\\\/logo\\\/image\\\/\"},\"sameAs\":[\"https:\\\/\\\/www.facebook.com\\\/kooningstheweddingpalace\",\"https:\\\/\\\/www.instagram.com\\\/kooningstheweddingpalace\",\"https:\\\/\\\/www.pinterest.com\\\/koonings\",\"https:\\\/\\\/www.youtube.com\\\/kooningstheweddingpalace\"]}]}<\/script>\n<!-- \/ Yoast SEO plugin. -->","yoast_head_json":{"title":"Modeca Veerle-D | Koonings","description":"C\u00e9l\u00e9brez l'amour avec la robe l\u00e9g\u00e8re et a\u00e9rienne Veerle. Le joli corsage en dentelle s'harmonise parfaitement avec la jupe romantique en mousseline de soie. Cette robe cintr\u00e9e se distingue par ses manches longues amovibles. Cette robe pimpante est \u00e9galement disponible chez Koonings The Wedding Palace sans les manches amovibles - Veerle-D.","robots":{"index":"index","follow":"follow","max-snippet":"max-snippet:-1","max-image-preview":"max-image-preview:large","max-video-preview":"max-video-preview:-1"},"canonical":"https:\/\/www.koonings.com\/fr\/product\/modeca-veerle-d\/","og_locale":"fr_FR","og_type":"article","og_title":"Modeca Veerle-D | Koonings","og_description":"C\u00e9l\u00e9brez l'amour avec la robe l\u00e9g\u00e8re et a\u00e9rienne Veerle. Le joli corsage en dentelle s'harmonise parfaitement avec la jupe romantique en mousseline de soie. Cette robe cintr\u00e9e se distingue par ses manches longues amovibles. Cette robe pimpante est \u00e9galement disponible chez Koonings The Wedding Palace sans les manches amovibles - Veerle-D.","og_url":"https:\/\/www.koonings.com\/fr\/product\/modeca-veerle-d\/","og_site_name":"Koonings","article_publisher":"https:\/\/www.facebook.com\/kooningstheweddingpalace","article_modified_time":"2026-02-03T18:46:13+00:00","og_image":[{"width":798,"height":1130,"url":"https:\/\/www.koonings.com\/wp-content\/uploads\/2024\/11\/38550_28a58ddc3a040f09dd7a294bb88d88023af8d77765b0053f341d58f36150e3e5f82e8da5.jpeg","type":"image\/jpeg"}],"twitter_card":"summary_large_image","schema":{"@context":"https:\/\/schema.org","@graph":[{"@type":"WebPage","@id":"https:\/\/www.koonings.com\/fr\/product\/modeca-veerle-d\/","url":"https:\/\/www.koonings.com\/fr\/product\/modeca-veerle-d\/","name":"Modeca Veerle-D | Koonings","isPartOf":{"@id":"https:\/\/www.koonings.com\/fr\/#website"},"primaryImageOfPage":{"@id":"https:\/\/www.koonings.com\/fr\/product\/modeca-veerle-d\/#primaryimage"},"image":{"@id":"https:\/\/www.koonings.com\/fr\/product\/modeca-veerle-d\/#primaryimage"},"thumbnailUrl":"https:\/\/www.koonings.com\/wp-content\/uploads\/2024\/11\/38550_28a58ddc3a040f09dd7a294bb88d88023af8d77765b0053f341d58f36150e3e5f82e8da5.jpeg","datePublished":"2025-12-14T23:14:53+00:00","dateModified":"2026-02-03T18:46:13+00:00","description":"C\u00e9l\u00e9brez l'amour avec la robe l\u00e9g\u00e8re et a\u00e9rienne Veerle. Le joli corsage en dentelle s'harmonise parfaitement avec la jupe romantique en mousseline de soie. Cette robe cintr\u00e9e se distingue par ses manches longues amovibles. Cette robe pimpante est \u00e9galement disponible chez Koonings The Wedding Palace sans les manches amovibles - Veerle-D.","breadcrumb":{"@id":"https:\/\/www.koonings.com\/fr\/product\/modeca-veerle-d\/#breadcrumb"},"inLanguage":"fr-FR","potentialAction":[{"@type":"ReadAction","target":["https:\/\/www.koonings.com\/fr\/product\/modeca-veerle-d\/"]}]},{"@type":"ImageObject","inLanguage":"fr-FR","@id":"https:\/\/www.koonings.com\/fr\/product\/modeca-veerle-d\/#primaryimage","url":"https:\/\/www.koonings.com\/wp-content\/uploads\/2024\/11\/38550_28a58ddc3a040f09dd7a294bb88d88023af8d77765b0053f341d58f36150e3e5f82e8da5.jpeg","contentUrl":"https:\/\/www.koonings.com\/wp-content\/uploads\/2024\/11\/38550_28a58ddc3a040f09dd7a294bb88d88023af8d77765b0053f341d58f36150e3e5f82e8da5.jpeg","width":798,"height":1130},{"@type":"BreadcrumbList","@id":"https:\/\/www.koonings.com\/fr\/product\/modeca-veerle-d\/#breadcrumb","itemListElement":[{"@type":"ListItem","position":1,"name":"Home","item":"https:\/\/www.koonings.com\/fr\/"},{"@type":"ListItem","position":2,"name":"Modeca Veerle-D"}]},{"@type":"WebSite","@id":"https:\/\/www.koonings.com\/fr\/#website","url":"https:\/\/www.koonings.com\/fr\/","name":"Koonings","description":"De grootste bruidsmodewinkel ter wereld","publisher":{"@id":"https:\/\/www.koonings.com\/fr\/#organization"},"potentialAction":[{"@type":"SearchAction","target":{"@type":"EntryPoint","urlTemplate":"https:\/\/www.koonings.com\/fr\/?s={search_term_string}"},"query-input":{"@type":"PropertyValueSpecification","valueRequired":true,"valueName":"search_term_string"}}],"inLanguage":"fr-FR"},{"@type":"Organization","@id":"https:\/\/www.koonings.com\/fr\/#organization","name":"Koonings","url":"https:\/\/www.koonings.com\/fr\/","logo":{"@type":"ImageObject","inLanguage":"fr-FR","@id":"https:\/\/www.koonings.com\/fr\/#\/schema\/logo\/image\/","url":"https:\/\/www.koonings.com\/wp-content\/uploads\/2024\/07\/logo.png","contentUrl":"https:\/\/www.koonings.com\/wp-content\/uploads\/2024\/07\/logo.png","width":600,"height":428,"caption":"Koonings"},"image":{"@id":"https:\/\/www.koonings.com\/fr\/#\/schema\/logo\/image\/"},"sameAs":["https:\/\/www.facebook.com\/kooningstheweddingpalace","https:\/\/www.instagram.com\/kooningstheweddingpalace","https:\/\/www.pinterest.com\/koonings","https:\/\/www.youtube.com\/kooningstheweddingpalace"]}]}},"_links":{"self":[{"href":"https:\/\/www.koonings.com\/fr\/wp-json\/wp\/v2\/product\/78703","targetHints":{"allow":["GET"]}}],"collection":[{"href":"https:\/\/www.koonings.com\/fr\/wp-json\/wp\/v2\/product"}],"about":[{"href":"https:\/\/www.koonings.com\/fr\/wp-json\/wp\/v2\/types\/product"}],"wp:featuredmedia":[{"embeddable":true,"href":"https:\/\/www.koonings.com\/fr\/wp-json\/wp\/v2\/media\/66647"}],"wp:attachment":[{"href":"https:\/\/www.koonings.com\/fr\/wp-json\/wp\/v2\/media?parent=78703"}],"wp:term":[{"taxonomy":"productdetails","embeddable":true,"href":"https:\/\/www.koonings.com\/fr\/wp-json\/wp\/v2\/productdetails?post=78703"},{"taxonomy":"productneck","embeddable":true,"href":"https:\/\/www.koonings.com\/fr\/wp-json\/wp\/v2\/productneck?post=78703"},{"taxonomy":"productcolor","embeddable":true,"href":"https:\/\/www.koonings.com\/fr\/wp-json\/wp\/v2\/productcolor?post=78703"},{"taxonomy":"maat","embeddable":true,"href":"https:\/\/www.koonings.com\/fr\/wp-json\/wp\/v2\/maat?post=78703"},{"taxonomy":"productsupplier","embeddable":true,"href":"https:\/\/www.koonings.com\/fr\/wp-json\/wp\/v2\/productsupplier?post=78703"},{"taxonomy":"productsleeve","embeddable":true,"href":"https:\/\/www.koonings.com\/fr\/wp-json\/wp\/v2\/productsleeve?post=78703"},{"taxonomy":"productcategory","embeddable":true,"href":"https:\/\/www.koonings.com\/fr\/wp-json\/wp\/v2\/productcategory?post=78703"},{"taxonomy":"productsilhouette","embeddable":true,"href":"https:\/\/www.koonings.com\/fr\/wp-json\/wp\/v2\/productsilhouette?post=78703"},{"taxonomy":"productstyle","embeddable":true,"href":"https:\/\/www.koonings.com\/fr\/wp-json\/wp\/v2\/productstyle?post=78703"}],"curies":[{"name":"wp","href":"https:\/\/api.w.org\/{rel}","templated":true}]}}