{"id":78700,"date":"2025-12-15T00:14:50","date_gmt":"2025-12-14T23:14:50","guid":{"rendered":"https:\/\/www.koonings.com\/product\/modeca-vanessa\/"},"modified":"2026-02-03T19:46:05","modified_gmt":"2026-02-03T18:46:05","slug":"modeca-vanessa","status":"publish","type":"product","link":"https:\/\/www.koonings.com\/fr\/product\/modeca-vanessa\/","title":{"rendered":"Modeca Vanessa"},"content":{"rendered":"<p>Soyez une belle princesse avec des courbes dans cette superbe robe de bal mikado avec un superbe d\u00e9collet\u00e9 illusion qui laisse place \u00e0 de superbes manches capuchon. Le corsage est magnifiquement recouvert de dentelle, ce qui ajoute une touche romantique \u00e0 ce look de mari\u00e9e tout en courbes. Koonings dispose d&#8217;un &#8220;shop-in-shop&#8221; d\u00e9di\u00e9 aux courbes.  <\/p>\n","protected":false},"featured_media":66622,"template":"","meta":{"_acf_changed":false,"ghostkit_customizer_options":"","ghostkit_custom_css":"","ghostkit_custom_js_head":"","ghostkit_custom_js_foot":"","ghostkit_typography":""},"productdetails":[376],"productneck":[355],"productcolor":[393,392],"maat":[375],"productsupplier":[434],"productsleeve":[359],"productcategory":[18],"productsilhouette":[384,388],"productstyle":[372],"class_list":["post-78700","product","type-product","status-publish","has-post-thumbnail","hentry","productdetails-376","productneck-355","productcolor-393","productcolor-392","maat-375","productsupplier-modeca","productsleeve-359","productcategory-trouwjurken","productsilhouette-384","productsilhouette-388","productstyle-372"],"acf":[],"yoast_head":"<!-- This site is optimized with the Yoast SEO plugin v27.3 - https:\/\/yoast.com\/product\/yoast-seo-wordpress\/ -->\n<title>Modeca Vanessa | Koonings<\/title>\n<meta name=\"description\" content=\"Soyez une belle princesse avec des courbes dans cette superbe robe de bal mikado avec un superbe d\u00e9collet\u00e9 illusion qui laisse place \u00e0 de superbes manches capuchon. Le corsage est magnifiquement recouvert de dentelle, ce qui ajoute une touche romantique \u00e0 ce look de mari\u00e9e tout en courbes. Koonings dispose d&#039;un &quot;shop-in-shop&quot; d\u00e9di\u00e9 aux courbes.\" \/>\n<meta name=\"robots\" content=\"index, follow, max-snippet:-1, max-image-preview:large, max-video-preview:-1\" \/>\n<link rel=\"canonical\" href=\"https:\/\/www.koonings.com\/fr\/product\/modeca-vanessa\/\" \/>\n<meta property=\"og:locale\" content=\"fr_FR\" \/>\n<meta property=\"og:type\" content=\"article\" \/>\n<meta property=\"og:title\" content=\"Modeca Vanessa | Koonings\" \/>\n<meta property=\"og:description\" content=\"Soyez une belle princesse avec des courbes dans cette superbe robe de bal mikado avec un superbe d\u00e9collet\u00e9 illusion qui laisse place \u00e0 de superbes manches capuchon. Le corsage est magnifiquement recouvert de dentelle, ce qui ajoute une touche romantique \u00e0 ce look de mari\u00e9e tout en courbes. Koonings dispose d&#039;un &quot;shop-in-shop&quot; d\u00e9di\u00e9 aux courbes.\" \/>\n<meta property=\"og:url\" content=\"https:\/\/www.koonings.com\/fr\/product\/modeca-vanessa\/\" \/>\n<meta property=\"og:site_name\" content=\"Koonings\" \/>\n<meta property=\"article:publisher\" content=\"https:\/\/www.facebook.com\/kooningstheweddingpalace\" \/>\n<meta property=\"article:modified_time\" content=\"2026-02-03T18:46:05+00:00\" \/>\n<meta property=\"og:image\" content=\"https:\/\/www.koonings.com\/wp-content\/uploads\/2024\/11\/38502_d11063c81b54720672c2bd011fe16062e4e7d0e4b4391a59e73ec63d0dba3cf8e34b9635.jpeg\" \/>\n\t<meta property=\"og:image:width\" content=\"878\" \/>\n\t<meta property=\"og:image:height\" content=\"1239\" \/>\n\t<meta property=\"og:image:type\" content=\"image\/jpeg\" \/>\n<meta name=\"twitter:card\" content=\"summary_large_image\" \/>\n<script type=\"application\/ld+json\" class=\"yoast-schema-graph\">{\"@context\":\"https:\\\/\\\/schema.org\",\"@graph\":[{\"@type\":\"WebPage\",\"@id\":\"https:\\\/\\\/www.koonings.com\\\/fr\\\/product\\\/modeca-vanessa\\\/\",\"url\":\"https:\\\/\\\/www.koonings.com\\\/fr\\\/product\\\/modeca-vanessa\\\/\",\"name\":\"Modeca Vanessa | Koonings\",\"isPartOf\":{\"@id\":\"https:\\\/\\\/www.koonings.com\\\/fr\\\/#website\"},\"primaryImageOfPage\":{\"@id\":\"https:\\\/\\\/www.koonings.com\\\/fr\\\/product\\\/modeca-vanessa\\\/#primaryimage\"},\"image\":{\"@id\":\"https:\\\/\\\/www.koonings.com\\\/fr\\\/product\\\/modeca-vanessa\\\/#primaryimage\"},\"thumbnailUrl\":\"https:\\\/\\\/www.koonings.com\\\/wp-content\\\/uploads\\\/2024\\\/11\\\/38502_d11063c81b54720672c2bd011fe16062e4e7d0e4b4391a59e73ec63d0dba3cf8e34b9635.jpeg\",\"datePublished\":\"2025-12-14T23:14:50+00:00\",\"dateModified\":\"2026-02-03T18:46:05+00:00\",\"description\":\"Soyez une belle princesse avec des courbes dans cette superbe robe de bal mikado avec un superbe d\u00e9collet\u00e9 illusion qui laisse place \u00e0 de superbes manches capuchon. Le corsage est magnifiquement recouvert de dentelle, ce qui ajoute une touche romantique \u00e0 ce look de mari\u00e9e tout en courbes. Koonings dispose d'un \\\"shop-in-shop\\\" d\u00e9di\u00e9 aux courbes.\",\"breadcrumb\":{\"@id\":\"https:\\\/\\\/www.koonings.com\\\/fr\\\/product\\\/modeca-vanessa\\\/#breadcrumb\"},\"inLanguage\":\"fr-FR\",\"potentialAction\":[{\"@type\":\"ReadAction\",\"target\":[\"https:\\\/\\\/www.koonings.com\\\/fr\\\/product\\\/modeca-vanessa\\\/\"]}]},{\"@type\":\"ImageObject\",\"inLanguage\":\"fr-FR\",\"@id\":\"https:\\\/\\\/www.koonings.com\\\/fr\\\/product\\\/modeca-vanessa\\\/#primaryimage\",\"url\":\"https:\\\/\\\/www.koonings.com\\\/wp-content\\\/uploads\\\/2024\\\/11\\\/38502_d11063c81b54720672c2bd011fe16062e4e7d0e4b4391a59e73ec63d0dba3cf8e34b9635.jpeg\",\"contentUrl\":\"https:\\\/\\\/www.koonings.com\\\/wp-content\\\/uploads\\\/2024\\\/11\\\/38502_d11063c81b54720672c2bd011fe16062e4e7d0e4b4391a59e73ec63d0dba3cf8e34b9635.jpeg\",\"width\":878,\"height\":1239},{\"@type\":\"BreadcrumbList\",\"@id\":\"https:\\\/\\\/www.koonings.com\\\/fr\\\/product\\\/modeca-vanessa\\\/#breadcrumb\",\"itemListElement\":[{\"@type\":\"ListItem\",\"position\":1,\"name\":\"Home\",\"item\":\"https:\\\/\\\/www.koonings.com\\\/fr\\\/\"},{\"@type\":\"ListItem\",\"position\":2,\"name\":\"Modeca Vanessa\"}]},{\"@type\":\"WebSite\",\"@id\":\"https:\\\/\\\/www.koonings.com\\\/fr\\\/#website\",\"url\":\"https:\\\/\\\/www.koonings.com\\\/fr\\\/\",\"name\":\"Koonings\",\"description\":\"De grootste bruidsmodewinkel ter wereld\",\"publisher\":{\"@id\":\"https:\\\/\\\/www.koonings.com\\\/fr\\\/#organization\"},\"potentialAction\":[{\"@type\":\"SearchAction\",\"target\":{\"@type\":\"EntryPoint\",\"urlTemplate\":\"https:\\\/\\\/www.koonings.com\\\/fr\\\/?s={search_term_string}\"},\"query-input\":{\"@type\":\"PropertyValueSpecification\",\"valueRequired\":true,\"valueName\":\"search_term_string\"}}],\"inLanguage\":\"fr-FR\"},{\"@type\":\"Organization\",\"@id\":\"https:\\\/\\\/www.koonings.com\\\/fr\\\/#organization\",\"name\":\"Koonings\",\"url\":\"https:\\\/\\\/www.koonings.com\\\/fr\\\/\",\"logo\":{\"@type\":\"ImageObject\",\"inLanguage\":\"fr-FR\",\"@id\":\"https:\\\/\\\/www.koonings.com\\\/fr\\\/#\\\/schema\\\/logo\\\/image\\\/\",\"url\":\"https:\\\/\\\/www.koonings.com\\\/wp-content\\\/uploads\\\/2024\\\/07\\\/logo.png\",\"contentUrl\":\"https:\\\/\\\/www.koonings.com\\\/wp-content\\\/uploads\\\/2024\\\/07\\\/logo.png\",\"width\":600,\"height\":428,\"caption\":\"Koonings\"},\"image\":{\"@id\":\"https:\\\/\\\/www.koonings.com\\\/fr\\\/#\\\/schema\\\/logo\\\/image\\\/\"},\"sameAs\":[\"https:\\\/\\\/www.facebook.com\\\/kooningstheweddingpalace\",\"https:\\\/\\\/www.instagram.com\\\/kooningstheweddingpalace\",\"https:\\\/\\\/www.pinterest.com\\\/koonings\",\"https:\\\/\\\/www.youtube.com\\\/kooningstheweddingpalace\"]}]}<\/script>\n<!-- \/ Yoast SEO plugin. -->","yoast_head_json":{"title":"Modeca Vanessa | Koonings","description":"Soyez une belle princesse avec des courbes dans cette superbe robe de bal mikado avec un superbe d\u00e9collet\u00e9 illusion qui laisse place \u00e0 de superbes manches capuchon. Le corsage est magnifiquement recouvert de dentelle, ce qui ajoute une touche romantique \u00e0 ce look de mari\u00e9e tout en courbes. Koonings dispose d'un \"shop-in-shop\" d\u00e9di\u00e9 aux courbes.","robots":{"index":"index","follow":"follow","max-snippet":"max-snippet:-1","max-image-preview":"max-image-preview:large","max-video-preview":"max-video-preview:-1"},"canonical":"https:\/\/www.koonings.com\/fr\/product\/modeca-vanessa\/","og_locale":"fr_FR","og_type":"article","og_title":"Modeca Vanessa | Koonings","og_description":"Soyez une belle princesse avec des courbes dans cette superbe robe de bal mikado avec un superbe d\u00e9collet\u00e9 illusion qui laisse place \u00e0 de superbes manches capuchon. Le corsage est magnifiquement recouvert de dentelle, ce qui ajoute une touche romantique \u00e0 ce look de mari\u00e9e tout en courbes. Koonings dispose d'un \"shop-in-shop\" d\u00e9di\u00e9 aux courbes.","og_url":"https:\/\/www.koonings.com\/fr\/product\/modeca-vanessa\/","og_site_name":"Koonings","article_publisher":"https:\/\/www.facebook.com\/kooningstheweddingpalace","article_modified_time":"2026-02-03T18:46:05+00:00","og_image":[{"width":878,"height":1239,"url":"https:\/\/www.koonings.com\/wp-content\/uploads\/2024\/11\/38502_d11063c81b54720672c2bd011fe16062e4e7d0e4b4391a59e73ec63d0dba3cf8e34b9635.jpeg","type":"image\/jpeg"}],"twitter_card":"summary_large_image","schema":{"@context":"https:\/\/schema.org","@graph":[{"@type":"WebPage","@id":"https:\/\/www.koonings.com\/fr\/product\/modeca-vanessa\/","url":"https:\/\/www.koonings.com\/fr\/product\/modeca-vanessa\/","name":"Modeca Vanessa | Koonings","isPartOf":{"@id":"https:\/\/www.koonings.com\/fr\/#website"},"primaryImageOfPage":{"@id":"https:\/\/www.koonings.com\/fr\/product\/modeca-vanessa\/#primaryimage"},"image":{"@id":"https:\/\/www.koonings.com\/fr\/product\/modeca-vanessa\/#primaryimage"},"thumbnailUrl":"https:\/\/www.koonings.com\/wp-content\/uploads\/2024\/11\/38502_d11063c81b54720672c2bd011fe16062e4e7d0e4b4391a59e73ec63d0dba3cf8e34b9635.jpeg","datePublished":"2025-12-14T23:14:50+00:00","dateModified":"2026-02-03T18:46:05+00:00","description":"Soyez une belle princesse avec des courbes dans cette superbe robe de bal mikado avec un superbe d\u00e9collet\u00e9 illusion qui laisse place \u00e0 de superbes manches capuchon. Le corsage est magnifiquement recouvert de dentelle, ce qui ajoute une touche romantique \u00e0 ce look de mari\u00e9e tout en courbes. Koonings dispose d'un \"shop-in-shop\" d\u00e9di\u00e9 aux courbes.","breadcrumb":{"@id":"https:\/\/www.koonings.com\/fr\/product\/modeca-vanessa\/#breadcrumb"},"inLanguage":"fr-FR","potentialAction":[{"@type":"ReadAction","target":["https:\/\/www.koonings.com\/fr\/product\/modeca-vanessa\/"]}]},{"@type":"ImageObject","inLanguage":"fr-FR","@id":"https:\/\/www.koonings.com\/fr\/product\/modeca-vanessa\/#primaryimage","url":"https:\/\/www.koonings.com\/wp-content\/uploads\/2024\/11\/38502_d11063c81b54720672c2bd011fe16062e4e7d0e4b4391a59e73ec63d0dba3cf8e34b9635.jpeg","contentUrl":"https:\/\/www.koonings.com\/wp-content\/uploads\/2024\/11\/38502_d11063c81b54720672c2bd011fe16062e4e7d0e4b4391a59e73ec63d0dba3cf8e34b9635.jpeg","width":878,"height":1239},{"@type":"BreadcrumbList","@id":"https:\/\/www.koonings.com\/fr\/product\/modeca-vanessa\/#breadcrumb","itemListElement":[{"@type":"ListItem","position":1,"name":"Home","item":"https:\/\/www.koonings.com\/fr\/"},{"@type":"ListItem","position":2,"name":"Modeca Vanessa"}]},{"@type":"WebSite","@id":"https:\/\/www.koonings.com\/fr\/#website","url":"https:\/\/www.koonings.com\/fr\/","name":"Koonings","description":"De grootste bruidsmodewinkel ter wereld","publisher":{"@id":"https:\/\/www.koonings.com\/fr\/#organization"},"potentialAction":[{"@type":"SearchAction","target":{"@type":"EntryPoint","urlTemplate":"https:\/\/www.koonings.com\/fr\/?s={search_term_string}"},"query-input":{"@type":"PropertyValueSpecification","valueRequired":true,"valueName":"search_term_string"}}],"inLanguage":"fr-FR"},{"@type":"Organization","@id":"https:\/\/www.koonings.com\/fr\/#organization","name":"Koonings","url":"https:\/\/www.koonings.com\/fr\/","logo":{"@type":"ImageObject","inLanguage":"fr-FR","@id":"https:\/\/www.koonings.com\/fr\/#\/schema\/logo\/image\/","url":"https:\/\/www.koonings.com\/wp-content\/uploads\/2024\/07\/logo.png","contentUrl":"https:\/\/www.koonings.com\/wp-content\/uploads\/2024\/07\/logo.png","width":600,"height":428,"caption":"Koonings"},"image":{"@id":"https:\/\/www.koonings.com\/fr\/#\/schema\/logo\/image\/"},"sameAs":["https:\/\/www.facebook.com\/kooningstheweddingpalace","https:\/\/www.instagram.com\/kooningstheweddingpalace","https:\/\/www.pinterest.com\/koonings","https:\/\/www.youtube.com\/kooningstheweddingpalace"]}]}},"_links":{"self":[{"href":"https:\/\/www.koonings.com\/fr\/wp-json\/wp\/v2\/product\/78700","targetHints":{"allow":["GET"]}}],"collection":[{"href":"https:\/\/www.koonings.com\/fr\/wp-json\/wp\/v2\/product"}],"about":[{"href":"https:\/\/www.koonings.com\/fr\/wp-json\/wp\/v2\/types\/product"}],"wp:featuredmedia":[{"embeddable":true,"href":"https:\/\/www.koonings.com\/fr\/wp-json\/wp\/v2\/media\/66622"}],"wp:attachment":[{"href":"https:\/\/www.koonings.com\/fr\/wp-json\/wp\/v2\/media?parent=78700"}],"wp:term":[{"taxonomy":"productdetails","embeddable":true,"href":"https:\/\/www.koonings.com\/fr\/wp-json\/wp\/v2\/productdetails?post=78700"},{"taxonomy":"productneck","embeddable":true,"href":"https:\/\/www.koonings.com\/fr\/wp-json\/wp\/v2\/productneck?post=78700"},{"taxonomy":"productcolor","embeddable":true,"href":"https:\/\/www.koonings.com\/fr\/wp-json\/wp\/v2\/productcolor?post=78700"},{"taxonomy":"maat","embeddable":true,"href":"https:\/\/www.koonings.com\/fr\/wp-json\/wp\/v2\/maat?post=78700"},{"taxonomy":"productsupplier","embeddable":true,"href":"https:\/\/www.koonings.com\/fr\/wp-json\/wp\/v2\/productsupplier?post=78700"},{"taxonomy":"productsleeve","embeddable":true,"href":"https:\/\/www.koonings.com\/fr\/wp-json\/wp\/v2\/productsleeve?post=78700"},{"taxonomy":"productcategory","embeddable":true,"href":"https:\/\/www.koonings.com\/fr\/wp-json\/wp\/v2\/productcategory?post=78700"},{"taxonomy":"productsilhouette","embeddable":true,"href":"https:\/\/www.koonings.com\/fr\/wp-json\/wp\/v2\/productsilhouette?post=78700"},{"taxonomy":"productstyle","embeddable":true,"href":"https:\/\/www.koonings.com\/fr\/wp-json\/wp\/v2\/productstyle?post=78700"}],"curies":[{"name":"wp","href":"https:\/\/api.w.org\/{rel}","templated":true}]}}