{"id":78681,"date":"2025-12-15T00:38:49","date_gmt":"2025-12-14T23:38:49","guid":{"rendered":"https:\/\/www.koonings.com\/product\/ladybird-ratri-lb125al2\/"},"modified":"2026-02-03T19:47:00","modified_gmt":"2026-02-03T18:47:00","slug":"ladybird-ratri-lb125al2","status":"publish","type":"product","link":"https:\/\/www.koonings.com\/fr\/product\/ladybird-ratri-lb125al2\/","title":{"rendered":"Ladybird Ratri LB125AL2"},"content":{"rendered":"<p>D\u00e9couvrez l&#8217;enchanteresse Ratri de Ladybird chez Koonings &#8211; le choix ultime pour un mariage romantique ! Cette robe associe un haut en dentelle transparente \u00e0 un perlage sophistiqu\u00e9, cr\u00e9ant ainsi un look \u00e9blouissant. Le d\u00e9collet\u00e9 en c\u0153ur et les bretelles accentuent \u00e9l\u00e9gamment votre beaut\u00e9, tandis que le dos en V ajoute une touche de sensualit\u00e9 sophistiqu\u00e9e. La jupe en tulle uni en ligne A classique tombe magnifiquement et la tra\u00eene enchanteresse compl\u00e8te votre look. La Ratri vous donnera l&#8217;impression d&#8217;\u00eatre une v\u00e9ritable princesse lors de votre journ\u00e9e sp\u00e9ciale, en rayonnant d&#8217;un romantisme pur et en conqu\u00e9rant tous les c\u0153urs !    <\/p>\n","protected":false},"featured_media":66803,"template":"","meta":{"_acf_changed":false,"ghostkit_customizer_options":"","ghostkit_custom_css":"","ghostkit_custom_js_head":"","ghostkit_custom_js_foot":"","ghostkit_typography":""},"productdetails":[381],"productneck":[355],"productcolor":[392],"maat":[],"productsupplier":[437],"productsleeve":[359],"productcategory":[18],"productsilhouette":[384],"productstyle":[365,366],"class_list":["post-78681","product","type-product","status-publish","has-post-thumbnail","hentry","productdetails-381","productneck-355","productcolor-392","productsupplier-ladybird","productsleeve-359","productcategory-trouwjurken","productsilhouette-384","productstyle-365","productstyle-366"],"acf":[],"yoast_head":"<!-- This site is optimized with the Yoast SEO plugin v27.3 - https:\/\/yoast.com\/product\/yoast-seo-wordpress\/ -->\n<title>Ladybird Ratri LB125AL2 | Koonings<\/title>\n<meta name=\"description\" content=\"D\u00e9couvrez l&#039;enchanteresse Ratri de Ladybird chez Koonings - le choix ultime pour un mariage romantique ! Cette robe associe un haut en dentelle transparente \u00e0 un perlage sophistiqu\u00e9, cr\u00e9ant ainsi un look \u00e9blouissant. Le d\u00e9collet\u00e9 en c\u0153ur et les bretelles accentuent \u00e9l\u00e9gamment votre beaut\u00e9, tandis que le dos en V ajoute une touche de sensualit\u00e9 sophistiqu\u00e9e. La jupe en tulle uni en ligne A classique tombe magnifiquement et la tra\u00eene enchanteresse compl\u00e8te votre look. La Ratri vous donnera l&#039;impression d&#039;\u00eatre une v\u00e9ritable princesse lors de votre journ\u00e9e sp\u00e9ciale, en rayonnant d&#039;un romantisme pur et en conqu\u00e9rant tous les c\u0153urs !\" \/>\n<meta name=\"robots\" content=\"index, follow, max-snippet:-1, max-image-preview:large, max-video-preview:-1\" \/>\n<link rel=\"canonical\" href=\"https:\/\/www.koonings.com\/fr\/product\/ladybird-ratri-lb125al2\/\" \/>\n<meta property=\"og:locale\" content=\"fr_FR\" \/>\n<meta property=\"og:type\" content=\"article\" \/>\n<meta property=\"og:title\" content=\"Ladybird Ratri LB125AL2 | Koonings\" \/>\n<meta property=\"og:description\" content=\"D\u00e9couvrez l&#039;enchanteresse Ratri de Ladybird chez Koonings - le choix ultime pour un mariage romantique ! Cette robe associe un haut en dentelle transparente \u00e0 un perlage sophistiqu\u00e9, cr\u00e9ant ainsi un look \u00e9blouissant. Le d\u00e9collet\u00e9 en c\u0153ur et les bretelles accentuent \u00e9l\u00e9gamment votre beaut\u00e9, tandis que le dos en V ajoute une touche de sensualit\u00e9 sophistiqu\u00e9e. La jupe en tulle uni en ligne A classique tombe magnifiquement et la tra\u00eene enchanteresse compl\u00e8te votre look. La Ratri vous donnera l&#039;impression d&#039;\u00eatre une v\u00e9ritable princesse lors de votre journ\u00e9e sp\u00e9ciale, en rayonnant d&#039;un romantisme pur et en conqu\u00e9rant tous les c\u0153urs !\" \/>\n<meta property=\"og:url\" content=\"https:\/\/www.koonings.com\/fr\/product\/ladybird-ratri-lb125al2\/\" \/>\n<meta property=\"og:site_name\" content=\"Koonings\" \/>\n<meta property=\"article:publisher\" content=\"https:\/\/www.facebook.com\/kooningstheweddingpalace\" \/>\n<meta property=\"article:modified_time\" content=\"2026-02-03T18:47:00+00:00\" \/>\n<meta property=\"og:image\" content=\"https:\/\/www.koonings.com\/wp-content\/uploads\/2024\/11\/41010_dc3c736136cc2ff0c3a5ec22b10fd50d63f57fd7e723be030cdde3bdd409b99caf849f83-scaled.jpeg\" \/>\n\t<meta property=\"og:image:width\" content=\"1809\" \/>\n\t<meta property=\"og:image:height\" content=\"2560\" \/>\n\t<meta property=\"og:image:type\" content=\"image\/jpeg\" \/>\n<meta name=\"twitter:card\" content=\"summary_large_image\" \/>\n<meta name=\"twitter:label1\" content=\"Dur\u00e9e de lecture estim\u00e9e\" \/>\n\t<meta name=\"twitter:data1\" content=\"1 minute\" \/>\n<script type=\"application\/ld+json\" class=\"yoast-schema-graph\">{\"@context\":\"https:\\\/\\\/schema.org\",\"@graph\":[{\"@type\":\"WebPage\",\"@id\":\"https:\\\/\\\/www.koonings.com\\\/fr\\\/product\\\/ladybird-ratri-lb125al2\\\/\",\"url\":\"https:\\\/\\\/www.koonings.com\\\/fr\\\/product\\\/ladybird-ratri-lb125al2\\\/\",\"name\":\"Ladybird Ratri LB125AL2 | Koonings\",\"isPartOf\":{\"@id\":\"https:\\\/\\\/www.koonings.com\\\/fr\\\/#website\"},\"primaryImageOfPage\":{\"@id\":\"https:\\\/\\\/www.koonings.com\\\/fr\\\/product\\\/ladybird-ratri-lb125al2\\\/#primaryimage\"},\"image\":{\"@id\":\"https:\\\/\\\/www.koonings.com\\\/fr\\\/product\\\/ladybird-ratri-lb125al2\\\/#primaryimage\"},\"thumbnailUrl\":\"https:\\\/\\\/www.koonings.com\\\/wp-content\\\/uploads\\\/2024\\\/11\\\/41010_dc3c736136cc2ff0c3a5ec22b10fd50d63f57fd7e723be030cdde3bdd409b99caf849f83-scaled.jpeg\",\"datePublished\":\"2025-12-14T23:38:49+00:00\",\"dateModified\":\"2026-02-03T18:47:00+00:00\",\"description\":\"D\u00e9couvrez l'enchanteresse Ratri de Ladybird chez Koonings - le choix ultime pour un mariage romantique ! Cette robe associe un haut en dentelle transparente \u00e0 un perlage sophistiqu\u00e9, cr\u00e9ant ainsi un look \u00e9blouissant. Le d\u00e9collet\u00e9 en c\u0153ur et les bretelles accentuent \u00e9l\u00e9gamment votre beaut\u00e9, tandis que le dos en V ajoute une touche de sensualit\u00e9 sophistiqu\u00e9e. La jupe en tulle uni en ligne A classique tombe magnifiquement et la tra\u00eene enchanteresse compl\u00e8te votre look. La Ratri vous donnera l'impression d'\u00eatre une v\u00e9ritable princesse lors de votre journ\u00e9e sp\u00e9ciale, en rayonnant d'un romantisme pur et en conqu\u00e9rant tous les c\u0153urs !\",\"breadcrumb\":{\"@id\":\"https:\\\/\\\/www.koonings.com\\\/fr\\\/product\\\/ladybird-ratri-lb125al2\\\/#breadcrumb\"},\"inLanguage\":\"fr-FR\",\"potentialAction\":[{\"@type\":\"ReadAction\",\"target\":[\"https:\\\/\\\/www.koonings.com\\\/fr\\\/product\\\/ladybird-ratri-lb125al2\\\/\"]}]},{\"@type\":\"ImageObject\",\"inLanguage\":\"fr-FR\",\"@id\":\"https:\\\/\\\/www.koonings.com\\\/fr\\\/product\\\/ladybird-ratri-lb125al2\\\/#primaryimage\",\"url\":\"https:\\\/\\\/www.koonings.com\\\/wp-content\\\/uploads\\\/2024\\\/11\\\/41010_dc3c736136cc2ff0c3a5ec22b10fd50d63f57fd7e723be030cdde3bdd409b99caf849f83-scaled.jpeg\",\"contentUrl\":\"https:\\\/\\\/www.koonings.com\\\/wp-content\\\/uploads\\\/2024\\\/11\\\/41010_dc3c736136cc2ff0c3a5ec22b10fd50d63f57fd7e723be030cdde3bdd409b99caf849f83-scaled.jpeg\",\"width\":1809,\"height\":2560},{\"@type\":\"BreadcrumbList\",\"@id\":\"https:\\\/\\\/www.koonings.com\\\/fr\\\/product\\\/ladybird-ratri-lb125al2\\\/#breadcrumb\",\"itemListElement\":[{\"@type\":\"ListItem\",\"position\":1,\"name\":\"Home\",\"item\":\"https:\\\/\\\/www.koonings.com\\\/fr\\\/\"},{\"@type\":\"ListItem\",\"position\":2,\"name\":\"Ladybird Ratri LB125AL2\"}]},{\"@type\":\"WebSite\",\"@id\":\"https:\\\/\\\/www.koonings.com\\\/fr\\\/#website\",\"url\":\"https:\\\/\\\/www.koonings.com\\\/fr\\\/\",\"name\":\"Koonings\",\"description\":\"De grootste bruidsmodewinkel ter wereld\",\"publisher\":{\"@id\":\"https:\\\/\\\/www.koonings.com\\\/fr\\\/#organization\"},\"potentialAction\":[{\"@type\":\"SearchAction\",\"target\":{\"@type\":\"EntryPoint\",\"urlTemplate\":\"https:\\\/\\\/www.koonings.com\\\/fr\\\/?s={search_term_string}\"},\"query-input\":{\"@type\":\"PropertyValueSpecification\",\"valueRequired\":true,\"valueName\":\"search_term_string\"}}],\"inLanguage\":\"fr-FR\"},{\"@type\":\"Organization\",\"@id\":\"https:\\\/\\\/www.koonings.com\\\/fr\\\/#organization\",\"name\":\"Koonings\",\"url\":\"https:\\\/\\\/www.koonings.com\\\/fr\\\/\",\"logo\":{\"@type\":\"ImageObject\",\"inLanguage\":\"fr-FR\",\"@id\":\"https:\\\/\\\/www.koonings.com\\\/fr\\\/#\\\/schema\\\/logo\\\/image\\\/\",\"url\":\"https:\\\/\\\/www.koonings.com\\\/wp-content\\\/uploads\\\/2024\\\/07\\\/logo.png\",\"contentUrl\":\"https:\\\/\\\/www.koonings.com\\\/wp-content\\\/uploads\\\/2024\\\/07\\\/logo.png\",\"width\":600,\"height\":428,\"caption\":\"Koonings\"},\"image\":{\"@id\":\"https:\\\/\\\/www.koonings.com\\\/fr\\\/#\\\/schema\\\/logo\\\/image\\\/\"},\"sameAs\":[\"https:\\\/\\\/www.facebook.com\\\/kooningstheweddingpalace\",\"https:\\\/\\\/www.instagram.com\\\/kooningstheweddingpalace\",\"https:\\\/\\\/www.pinterest.com\\\/koonings\",\"https:\\\/\\\/www.youtube.com\\\/kooningstheweddingpalace\"]}]}<\/script>\n<!-- \/ Yoast SEO plugin. -->","yoast_head_json":{"title":"Ladybird Ratri LB125AL2 | Koonings","description":"D\u00e9couvrez l'enchanteresse Ratri de Ladybird chez Koonings - le choix ultime pour un mariage romantique ! Cette robe associe un haut en dentelle transparente \u00e0 un perlage sophistiqu\u00e9, cr\u00e9ant ainsi un look \u00e9blouissant. Le d\u00e9collet\u00e9 en c\u0153ur et les bretelles accentuent \u00e9l\u00e9gamment votre beaut\u00e9, tandis que le dos en V ajoute une touche de sensualit\u00e9 sophistiqu\u00e9e. La jupe en tulle uni en ligne A classique tombe magnifiquement et la tra\u00eene enchanteresse compl\u00e8te votre look. La Ratri vous donnera l'impression d'\u00eatre une v\u00e9ritable princesse lors de votre journ\u00e9e sp\u00e9ciale, en rayonnant d'un romantisme pur et en conqu\u00e9rant tous les c\u0153urs !","robots":{"index":"index","follow":"follow","max-snippet":"max-snippet:-1","max-image-preview":"max-image-preview:large","max-video-preview":"max-video-preview:-1"},"canonical":"https:\/\/www.koonings.com\/fr\/product\/ladybird-ratri-lb125al2\/","og_locale":"fr_FR","og_type":"article","og_title":"Ladybird Ratri LB125AL2 | Koonings","og_description":"D\u00e9couvrez l'enchanteresse Ratri de Ladybird chez Koonings - le choix ultime pour un mariage romantique ! Cette robe associe un haut en dentelle transparente \u00e0 un perlage sophistiqu\u00e9, cr\u00e9ant ainsi un look \u00e9blouissant. Le d\u00e9collet\u00e9 en c\u0153ur et les bretelles accentuent \u00e9l\u00e9gamment votre beaut\u00e9, tandis que le dos en V ajoute une touche de sensualit\u00e9 sophistiqu\u00e9e. La jupe en tulle uni en ligne A classique tombe magnifiquement et la tra\u00eene enchanteresse compl\u00e8te votre look. La Ratri vous donnera l'impression d'\u00eatre une v\u00e9ritable princesse lors de votre journ\u00e9e sp\u00e9ciale, en rayonnant d'un romantisme pur et en conqu\u00e9rant tous les c\u0153urs !","og_url":"https:\/\/www.koonings.com\/fr\/product\/ladybird-ratri-lb125al2\/","og_site_name":"Koonings","article_publisher":"https:\/\/www.facebook.com\/kooningstheweddingpalace","article_modified_time":"2026-02-03T18:47:00+00:00","og_image":[{"width":1809,"height":2560,"url":"https:\/\/www.koonings.com\/wp-content\/uploads\/2024\/11\/41010_dc3c736136cc2ff0c3a5ec22b10fd50d63f57fd7e723be030cdde3bdd409b99caf849f83-scaled.jpeg","type":"image\/jpeg"}],"twitter_card":"summary_large_image","twitter_misc":{"Dur\u00e9e de lecture estim\u00e9e":"1 minute"},"schema":{"@context":"https:\/\/schema.org","@graph":[{"@type":"WebPage","@id":"https:\/\/www.koonings.com\/fr\/product\/ladybird-ratri-lb125al2\/","url":"https:\/\/www.koonings.com\/fr\/product\/ladybird-ratri-lb125al2\/","name":"Ladybird Ratri LB125AL2 | Koonings","isPartOf":{"@id":"https:\/\/www.koonings.com\/fr\/#website"},"primaryImageOfPage":{"@id":"https:\/\/www.koonings.com\/fr\/product\/ladybird-ratri-lb125al2\/#primaryimage"},"image":{"@id":"https:\/\/www.koonings.com\/fr\/product\/ladybird-ratri-lb125al2\/#primaryimage"},"thumbnailUrl":"https:\/\/www.koonings.com\/wp-content\/uploads\/2024\/11\/41010_dc3c736136cc2ff0c3a5ec22b10fd50d63f57fd7e723be030cdde3bdd409b99caf849f83-scaled.jpeg","datePublished":"2025-12-14T23:38:49+00:00","dateModified":"2026-02-03T18:47:00+00:00","description":"D\u00e9couvrez l'enchanteresse Ratri de Ladybird chez Koonings - le choix ultime pour un mariage romantique ! Cette robe associe un haut en dentelle transparente \u00e0 un perlage sophistiqu\u00e9, cr\u00e9ant ainsi un look \u00e9blouissant. Le d\u00e9collet\u00e9 en c\u0153ur et les bretelles accentuent \u00e9l\u00e9gamment votre beaut\u00e9, tandis que le dos en V ajoute une touche de sensualit\u00e9 sophistiqu\u00e9e. La jupe en tulle uni en ligne A classique tombe magnifiquement et la tra\u00eene enchanteresse compl\u00e8te votre look. La Ratri vous donnera l'impression d'\u00eatre une v\u00e9ritable princesse lors de votre journ\u00e9e sp\u00e9ciale, en rayonnant d'un romantisme pur et en conqu\u00e9rant tous les c\u0153urs !","breadcrumb":{"@id":"https:\/\/www.koonings.com\/fr\/product\/ladybird-ratri-lb125al2\/#breadcrumb"},"inLanguage":"fr-FR","potentialAction":[{"@type":"ReadAction","target":["https:\/\/www.koonings.com\/fr\/product\/ladybird-ratri-lb125al2\/"]}]},{"@type":"ImageObject","inLanguage":"fr-FR","@id":"https:\/\/www.koonings.com\/fr\/product\/ladybird-ratri-lb125al2\/#primaryimage","url":"https:\/\/www.koonings.com\/wp-content\/uploads\/2024\/11\/41010_dc3c736136cc2ff0c3a5ec22b10fd50d63f57fd7e723be030cdde3bdd409b99caf849f83-scaled.jpeg","contentUrl":"https:\/\/www.koonings.com\/wp-content\/uploads\/2024\/11\/41010_dc3c736136cc2ff0c3a5ec22b10fd50d63f57fd7e723be030cdde3bdd409b99caf849f83-scaled.jpeg","width":1809,"height":2560},{"@type":"BreadcrumbList","@id":"https:\/\/www.koonings.com\/fr\/product\/ladybird-ratri-lb125al2\/#breadcrumb","itemListElement":[{"@type":"ListItem","position":1,"name":"Home","item":"https:\/\/www.koonings.com\/fr\/"},{"@type":"ListItem","position":2,"name":"Ladybird Ratri LB125AL2"}]},{"@type":"WebSite","@id":"https:\/\/www.koonings.com\/fr\/#website","url":"https:\/\/www.koonings.com\/fr\/","name":"Koonings","description":"De grootste bruidsmodewinkel ter wereld","publisher":{"@id":"https:\/\/www.koonings.com\/fr\/#organization"},"potentialAction":[{"@type":"SearchAction","target":{"@type":"EntryPoint","urlTemplate":"https:\/\/www.koonings.com\/fr\/?s={search_term_string}"},"query-input":{"@type":"PropertyValueSpecification","valueRequired":true,"valueName":"search_term_string"}}],"inLanguage":"fr-FR"},{"@type":"Organization","@id":"https:\/\/www.koonings.com\/fr\/#organization","name":"Koonings","url":"https:\/\/www.koonings.com\/fr\/","logo":{"@type":"ImageObject","inLanguage":"fr-FR","@id":"https:\/\/www.koonings.com\/fr\/#\/schema\/logo\/image\/","url":"https:\/\/www.koonings.com\/wp-content\/uploads\/2024\/07\/logo.png","contentUrl":"https:\/\/www.koonings.com\/wp-content\/uploads\/2024\/07\/logo.png","width":600,"height":428,"caption":"Koonings"},"image":{"@id":"https:\/\/www.koonings.com\/fr\/#\/schema\/logo\/image\/"},"sameAs":["https:\/\/www.facebook.com\/kooningstheweddingpalace","https:\/\/www.instagram.com\/kooningstheweddingpalace","https:\/\/www.pinterest.com\/koonings","https:\/\/www.youtube.com\/kooningstheweddingpalace"]}]}},"_links":{"self":[{"href":"https:\/\/www.koonings.com\/fr\/wp-json\/wp\/v2\/product\/78681","targetHints":{"allow":["GET"]}}],"collection":[{"href":"https:\/\/www.koonings.com\/fr\/wp-json\/wp\/v2\/product"}],"about":[{"href":"https:\/\/www.koonings.com\/fr\/wp-json\/wp\/v2\/types\/product"}],"wp:featuredmedia":[{"embeddable":true,"href":"https:\/\/www.koonings.com\/fr\/wp-json\/wp\/v2\/media\/66803"}],"wp:attachment":[{"href":"https:\/\/www.koonings.com\/fr\/wp-json\/wp\/v2\/media?parent=78681"}],"wp:term":[{"taxonomy":"productdetails","embeddable":true,"href":"https:\/\/www.koonings.com\/fr\/wp-json\/wp\/v2\/productdetails?post=78681"},{"taxonomy":"productneck","embeddable":true,"href":"https:\/\/www.koonings.com\/fr\/wp-json\/wp\/v2\/productneck?post=78681"},{"taxonomy":"productcolor","embeddable":true,"href":"https:\/\/www.koonings.com\/fr\/wp-json\/wp\/v2\/productcolor?post=78681"},{"taxonomy":"maat","embeddable":true,"href":"https:\/\/www.koonings.com\/fr\/wp-json\/wp\/v2\/maat?post=78681"},{"taxonomy":"productsupplier","embeddable":true,"href":"https:\/\/www.koonings.com\/fr\/wp-json\/wp\/v2\/productsupplier?post=78681"},{"taxonomy":"productsleeve","embeddable":true,"href":"https:\/\/www.koonings.com\/fr\/wp-json\/wp\/v2\/productsleeve?post=78681"},{"taxonomy":"productcategory","embeddable":true,"href":"https:\/\/www.koonings.com\/fr\/wp-json\/wp\/v2\/productcategory?post=78681"},{"taxonomy":"productsilhouette","embeddable":true,"href":"https:\/\/www.koonings.com\/fr\/wp-json\/wp\/v2\/productsilhouette?post=78681"},{"taxonomy":"productstyle","embeddable":true,"href":"https:\/\/www.koonings.com\/fr\/wp-json\/wp\/v2\/productstyle?post=78681"}],"curies":[{"name":"wp","href":"https:\/\/api.w.org\/{rel}","templated":true}]}}