{"id":78676,"date":"2025-12-15T00:38:52","date_gmt":"2025-12-14T23:38:52","guid":{"rendered":"https:\/\/www.koonings.com\/product\/ladybird-juli-lb125by3-2\/"},"modified":"2026-02-03T19:47:07","modified_gmt":"2026-02-03T18:47:07","slug":"ladybird-juli-lb125by3-2","status":"publish","type":"product","link":"https:\/\/www.koonings.com\/fr\/product\/ladybird-juli-lb125by3-2\/","title":{"rendered":"Ladybird July LB125BY3"},"content":{"rendered":"<p>Devenez une mari\u00e9e radieuse gr\u00e2ce \u00e0 ce mod\u00e8le de princesse. Le corsage en dentelle brod\u00e9e sur tulle avec applications de perles contraste avec la simplicit\u00e9 de la jupe, en mikado avec garnitures en dentelle. Compl\u00e9tez le look avec un bandeau de perles et de perles tress\u00e9es (non inclus dans le prix).  <\/p>\n","protected":false},"featured_media":66824,"template":"","meta":{"_acf_changed":false,"ghostkit_customizer_options":"","ghostkit_custom_css":"","ghostkit_custom_js_head":"","ghostkit_custom_js_foot":"","ghostkit_typography":""},"productdetails":[],"productneck":[356],"productcolor":[392],"maat":[],"productsupplier":[437],"productsleeve":[359],"productcategory":[18],"productsilhouette":[388],"productstyle":[366,370],"class_list":["post-78676","product","type-product","status-publish","has-post-thumbnail","hentry","productneck-356","productcolor-392","productsupplier-ladybird","productsleeve-359","productcategory-trouwjurken","productsilhouette-388","productstyle-366","productstyle-370"],"acf":[],"yoast_head":"<!-- This site is optimized with the Yoast SEO plugin v27.3 - https:\/\/yoast.com\/product\/yoast-seo-wordpress\/ -->\n<title>Ladybird July LB125BY3 | Koonings<\/title>\n<meta name=\"description\" content=\"Devenez une mari\u00e9e radieuse gr\u00e2ce \u00e0 ce mod\u00e8le de princesse. Le corsage en dentelle brod\u00e9e sur tulle avec applications de perles contraste avec la simplicit\u00e9 de la jupe, en mikado avec garnitures en dentelle. Compl\u00e9tez le look avec un bandeau de perles et de perles tress\u00e9es (non inclus dans le prix).\" \/>\n<meta name=\"robots\" content=\"index, follow, max-snippet:-1, max-image-preview:large, max-video-preview:-1\" \/>\n<link rel=\"canonical\" href=\"https:\/\/www.koonings.com\/fr\/product\/ladybird-juli-lb125by3-2\/\" \/>\n<meta property=\"og:locale\" content=\"fr_FR\" \/>\n<meta property=\"og:type\" content=\"article\" \/>\n<meta property=\"og:title\" content=\"Ladybird July LB125BY3 | Koonings\" \/>\n<meta property=\"og:description\" content=\"Devenez une mari\u00e9e radieuse gr\u00e2ce \u00e0 ce mod\u00e8le de princesse. Le corsage en dentelle brod\u00e9e sur tulle avec applications de perles contraste avec la simplicit\u00e9 de la jupe, en mikado avec garnitures en dentelle. Compl\u00e9tez le look avec un bandeau de perles et de perles tress\u00e9es (non inclus dans le prix).\" \/>\n<meta property=\"og:url\" content=\"https:\/\/www.koonings.com\/fr\/product\/ladybird-juli-lb125by3-2\/\" \/>\n<meta property=\"og:site_name\" content=\"Koonings\" \/>\n<meta property=\"article:publisher\" content=\"https:\/\/www.facebook.com\/kooningstheweddingpalace\" \/>\n<meta property=\"article:modified_time\" content=\"2026-02-03T18:47:07+00:00\" \/>\n<meta property=\"og:image\" content=\"https:\/\/www.koonings.com\/wp-content\/uploads\/2024\/11\/41016_9ab919fedf2bfb6db69f03810d4fb416e48d1b478694472d8d887eb3ca84187ba0ab5ef2-scaled.jpeg\" \/>\n\t<meta property=\"og:image:width\" content=\"1813\" \/>\n\t<meta property=\"og:image:height\" content=\"2560\" \/>\n\t<meta property=\"og:image:type\" content=\"image\/jpeg\" \/>\n<meta name=\"twitter:card\" content=\"summary_large_image\" \/>\n<script type=\"application\/ld+json\" class=\"yoast-schema-graph\">{\"@context\":\"https:\\\/\\\/schema.org\",\"@graph\":[{\"@type\":\"WebPage\",\"@id\":\"https:\\\/\\\/www.koonings.com\\\/fr\\\/product\\\/ladybird-juli-lb125by3-2\\\/\",\"url\":\"https:\\\/\\\/www.koonings.com\\\/fr\\\/product\\\/ladybird-juli-lb125by3-2\\\/\",\"name\":\"Ladybird July LB125BY3 | Koonings\",\"isPartOf\":{\"@id\":\"https:\\\/\\\/www.koonings.com\\\/fr\\\/#website\"},\"primaryImageOfPage\":{\"@id\":\"https:\\\/\\\/www.koonings.com\\\/fr\\\/product\\\/ladybird-juli-lb125by3-2\\\/#primaryimage\"},\"image\":{\"@id\":\"https:\\\/\\\/www.koonings.com\\\/fr\\\/product\\\/ladybird-juli-lb125by3-2\\\/#primaryimage\"},\"thumbnailUrl\":\"https:\\\/\\\/www.koonings.com\\\/wp-content\\\/uploads\\\/2024\\\/11\\\/41016_9ab919fedf2bfb6db69f03810d4fb416e48d1b478694472d8d887eb3ca84187ba0ab5ef2-scaled.jpeg\",\"datePublished\":\"2025-12-14T23:38:52+00:00\",\"dateModified\":\"2026-02-03T18:47:07+00:00\",\"description\":\"Devenez une mari\u00e9e radieuse gr\u00e2ce \u00e0 ce mod\u00e8le de princesse. Le corsage en dentelle brod\u00e9e sur tulle avec applications de perles contraste avec la simplicit\u00e9 de la jupe, en mikado avec garnitures en dentelle. Compl\u00e9tez le look avec un bandeau de perles et de perles tress\u00e9es (non inclus dans le prix).\",\"breadcrumb\":{\"@id\":\"https:\\\/\\\/www.koonings.com\\\/fr\\\/product\\\/ladybird-juli-lb125by3-2\\\/#breadcrumb\"},\"inLanguage\":\"fr-FR\",\"potentialAction\":[{\"@type\":\"ReadAction\",\"target\":[\"https:\\\/\\\/www.koonings.com\\\/fr\\\/product\\\/ladybird-juli-lb125by3-2\\\/\"]}]},{\"@type\":\"ImageObject\",\"inLanguage\":\"fr-FR\",\"@id\":\"https:\\\/\\\/www.koonings.com\\\/fr\\\/product\\\/ladybird-juli-lb125by3-2\\\/#primaryimage\",\"url\":\"https:\\\/\\\/www.koonings.com\\\/wp-content\\\/uploads\\\/2024\\\/11\\\/41016_9ab919fedf2bfb6db69f03810d4fb416e48d1b478694472d8d887eb3ca84187ba0ab5ef2-scaled.jpeg\",\"contentUrl\":\"https:\\\/\\\/www.koonings.com\\\/wp-content\\\/uploads\\\/2024\\\/11\\\/41016_9ab919fedf2bfb6db69f03810d4fb416e48d1b478694472d8d887eb3ca84187ba0ab5ef2-scaled.jpeg\",\"width\":1813,\"height\":2560},{\"@type\":\"BreadcrumbList\",\"@id\":\"https:\\\/\\\/www.koonings.com\\\/fr\\\/product\\\/ladybird-juli-lb125by3-2\\\/#breadcrumb\",\"itemListElement\":[{\"@type\":\"ListItem\",\"position\":1,\"name\":\"Home\",\"item\":\"https:\\\/\\\/www.koonings.com\\\/fr\\\/\"},{\"@type\":\"ListItem\",\"position\":2,\"name\":\"Ladybird July LB125BY3\"}]},{\"@type\":\"WebSite\",\"@id\":\"https:\\\/\\\/www.koonings.com\\\/fr\\\/#website\",\"url\":\"https:\\\/\\\/www.koonings.com\\\/fr\\\/\",\"name\":\"Koonings\",\"description\":\"De grootste bruidsmodewinkel ter wereld\",\"publisher\":{\"@id\":\"https:\\\/\\\/www.koonings.com\\\/fr\\\/#organization\"},\"potentialAction\":[{\"@type\":\"SearchAction\",\"target\":{\"@type\":\"EntryPoint\",\"urlTemplate\":\"https:\\\/\\\/www.koonings.com\\\/fr\\\/?s={search_term_string}\"},\"query-input\":{\"@type\":\"PropertyValueSpecification\",\"valueRequired\":true,\"valueName\":\"search_term_string\"}}],\"inLanguage\":\"fr-FR\"},{\"@type\":\"Organization\",\"@id\":\"https:\\\/\\\/www.koonings.com\\\/fr\\\/#organization\",\"name\":\"Koonings\",\"url\":\"https:\\\/\\\/www.koonings.com\\\/fr\\\/\",\"logo\":{\"@type\":\"ImageObject\",\"inLanguage\":\"fr-FR\",\"@id\":\"https:\\\/\\\/www.koonings.com\\\/fr\\\/#\\\/schema\\\/logo\\\/image\\\/\",\"url\":\"https:\\\/\\\/www.koonings.com\\\/wp-content\\\/uploads\\\/2024\\\/07\\\/logo.png\",\"contentUrl\":\"https:\\\/\\\/www.koonings.com\\\/wp-content\\\/uploads\\\/2024\\\/07\\\/logo.png\",\"width\":600,\"height\":428,\"caption\":\"Koonings\"},\"image\":{\"@id\":\"https:\\\/\\\/www.koonings.com\\\/fr\\\/#\\\/schema\\\/logo\\\/image\\\/\"},\"sameAs\":[\"https:\\\/\\\/www.facebook.com\\\/kooningstheweddingpalace\",\"https:\\\/\\\/www.instagram.com\\\/kooningstheweddingpalace\",\"https:\\\/\\\/www.pinterest.com\\\/koonings\",\"https:\\\/\\\/www.youtube.com\\\/kooningstheweddingpalace\"]}]}<\/script>\n<!-- \/ Yoast SEO plugin. -->","yoast_head_json":{"title":"Ladybird July LB125BY3 | Koonings","description":"Devenez une mari\u00e9e radieuse gr\u00e2ce \u00e0 ce mod\u00e8le de princesse. Le corsage en dentelle brod\u00e9e sur tulle avec applications de perles contraste avec la simplicit\u00e9 de la jupe, en mikado avec garnitures en dentelle. Compl\u00e9tez le look avec un bandeau de perles et de perles tress\u00e9es (non inclus dans le prix).","robots":{"index":"index","follow":"follow","max-snippet":"max-snippet:-1","max-image-preview":"max-image-preview:large","max-video-preview":"max-video-preview:-1"},"canonical":"https:\/\/www.koonings.com\/fr\/product\/ladybird-juli-lb125by3-2\/","og_locale":"fr_FR","og_type":"article","og_title":"Ladybird July LB125BY3 | Koonings","og_description":"Devenez une mari\u00e9e radieuse gr\u00e2ce \u00e0 ce mod\u00e8le de princesse. Le corsage en dentelle brod\u00e9e sur tulle avec applications de perles contraste avec la simplicit\u00e9 de la jupe, en mikado avec garnitures en dentelle. Compl\u00e9tez le look avec un bandeau de perles et de perles tress\u00e9es (non inclus dans le prix).","og_url":"https:\/\/www.koonings.com\/fr\/product\/ladybird-juli-lb125by3-2\/","og_site_name":"Koonings","article_publisher":"https:\/\/www.facebook.com\/kooningstheweddingpalace","article_modified_time":"2026-02-03T18:47:07+00:00","og_image":[{"width":1813,"height":2560,"url":"https:\/\/www.koonings.com\/wp-content\/uploads\/2024\/11\/41016_9ab919fedf2bfb6db69f03810d4fb416e48d1b478694472d8d887eb3ca84187ba0ab5ef2-scaled.jpeg","type":"image\/jpeg"}],"twitter_card":"summary_large_image","schema":{"@context":"https:\/\/schema.org","@graph":[{"@type":"WebPage","@id":"https:\/\/www.koonings.com\/fr\/product\/ladybird-juli-lb125by3-2\/","url":"https:\/\/www.koonings.com\/fr\/product\/ladybird-juli-lb125by3-2\/","name":"Ladybird July LB125BY3 | Koonings","isPartOf":{"@id":"https:\/\/www.koonings.com\/fr\/#website"},"primaryImageOfPage":{"@id":"https:\/\/www.koonings.com\/fr\/product\/ladybird-juli-lb125by3-2\/#primaryimage"},"image":{"@id":"https:\/\/www.koonings.com\/fr\/product\/ladybird-juli-lb125by3-2\/#primaryimage"},"thumbnailUrl":"https:\/\/www.koonings.com\/wp-content\/uploads\/2024\/11\/41016_9ab919fedf2bfb6db69f03810d4fb416e48d1b478694472d8d887eb3ca84187ba0ab5ef2-scaled.jpeg","datePublished":"2025-12-14T23:38:52+00:00","dateModified":"2026-02-03T18:47:07+00:00","description":"Devenez une mari\u00e9e radieuse gr\u00e2ce \u00e0 ce mod\u00e8le de princesse. Le corsage en dentelle brod\u00e9e sur tulle avec applications de perles contraste avec la simplicit\u00e9 de la jupe, en mikado avec garnitures en dentelle. Compl\u00e9tez le look avec un bandeau de perles et de perles tress\u00e9es (non inclus dans le prix).","breadcrumb":{"@id":"https:\/\/www.koonings.com\/fr\/product\/ladybird-juli-lb125by3-2\/#breadcrumb"},"inLanguage":"fr-FR","potentialAction":[{"@type":"ReadAction","target":["https:\/\/www.koonings.com\/fr\/product\/ladybird-juli-lb125by3-2\/"]}]},{"@type":"ImageObject","inLanguage":"fr-FR","@id":"https:\/\/www.koonings.com\/fr\/product\/ladybird-juli-lb125by3-2\/#primaryimage","url":"https:\/\/www.koonings.com\/wp-content\/uploads\/2024\/11\/41016_9ab919fedf2bfb6db69f03810d4fb416e48d1b478694472d8d887eb3ca84187ba0ab5ef2-scaled.jpeg","contentUrl":"https:\/\/www.koonings.com\/wp-content\/uploads\/2024\/11\/41016_9ab919fedf2bfb6db69f03810d4fb416e48d1b478694472d8d887eb3ca84187ba0ab5ef2-scaled.jpeg","width":1813,"height":2560},{"@type":"BreadcrumbList","@id":"https:\/\/www.koonings.com\/fr\/product\/ladybird-juli-lb125by3-2\/#breadcrumb","itemListElement":[{"@type":"ListItem","position":1,"name":"Home","item":"https:\/\/www.koonings.com\/fr\/"},{"@type":"ListItem","position":2,"name":"Ladybird July LB125BY3"}]},{"@type":"WebSite","@id":"https:\/\/www.koonings.com\/fr\/#website","url":"https:\/\/www.koonings.com\/fr\/","name":"Koonings","description":"De grootste bruidsmodewinkel ter wereld","publisher":{"@id":"https:\/\/www.koonings.com\/fr\/#organization"},"potentialAction":[{"@type":"SearchAction","target":{"@type":"EntryPoint","urlTemplate":"https:\/\/www.koonings.com\/fr\/?s={search_term_string}"},"query-input":{"@type":"PropertyValueSpecification","valueRequired":true,"valueName":"search_term_string"}}],"inLanguage":"fr-FR"},{"@type":"Organization","@id":"https:\/\/www.koonings.com\/fr\/#organization","name":"Koonings","url":"https:\/\/www.koonings.com\/fr\/","logo":{"@type":"ImageObject","inLanguage":"fr-FR","@id":"https:\/\/www.koonings.com\/fr\/#\/schema\/logo\/image\/","url":"https:\/\/www.koonings.com\/wp-content\/uploads\/2024\/07\/logo.png","contentUrl":"https:\/\/www.koonings.com\/wp-content\/uploads\/2024\/07\/logo.png","width":600,"height":428,"caption":"Koonings"},"image":{"@id":"https:\/\/www.koonings.com\/fr\/#\/schema\/logo\/image\/"},"sameAs":["https:\/\/www.facebook.com\/kooningstheweddingpalace","https:\/\/www.instagram.com\/kooningstheweddingpalace","https:\/\/www.pinterest.com\/koonings","https:\/\/www.youtube.com\/kooningstheweddingpalace"]}]}},"_links":{"self":[{"href":"https:\/\/www.koonings.com\/fr\/wp-json\/wp\/v2\/product\/78676","targetHints":{"allow":["GET"]}}],"collection":[{"href":"https:\/\/www.koonings.com\/fr\/wp-json\/wp\/v2\/product"}],"about":[{"href":"https:\/\/www.koonings.com\/fr\/wp-json\/wp\/v2\/types\/product"}],"wp:featuredmedia":[{"embeddable":true,"href":"https:\/\/www.koonings.com\/fr\/wp-json\/wp\/v2\/media\/66824"}],"wp:attachment":[{"href":"https:\/\/www.koonings.com\/fr\/wp-json\/wp\/v2\/media?parent=78676"}],"wp:term":[{"taxonomy":"productdetails","embeddable":true,"href":"https:\/\/www.koonings.com\/fr\/wp-json\/wp\/v2\/productdetails?post=78676"},{"taxonomy":"productneck","embeddable":true,"href":"https:\/\/www.koonings.com\/fr\/wp-json\/wp\/v2\/productneck?post=78676"},{"taxonomy":"productcolor","embeddable":true,"href":"https:\/\/www.koonings.com\/fr\/wp-json\/wp\/v2\/productcolor?post=78676"},{"taxonomy":"maat","embeddable":true,"href":"https:\/\/www.koonings.com\/fr\/wp-json\/wp\/v2\/maat?post=78676"},{"taxonomy":"productsupplier","embeddable":true,"href":"https:\/\/www.koonings.com\/fr\/wp-json\/wp\/v2\/productsupplier?post=78676"},{"taxonomy":"productsleeve","embeddable":true,"href":"https:\/\/www.koonings.com\/fr\/wp-json\/wp\/v2\/productsleeve?post=78676"},{"taxonomy":"productcategory","embeddable":true,"href":"https:\/\/www.koonings.com\/fr\/wp-json\/wp\/v2\/productcategory?post=78676"},{"taxonomy":"productsilhouette","embeddable":true,"href":"https:\/\/www.koonings.com\/fr\/wp-json\/wp\/v2\/productsilhouette?post=78676"},{"taxonomy":"productstyle","embeddable":true,"href":"https:\/\/www.koonings.com\/fr\/wp-json\/wp\/v2\/productstyle?post=78676"}],"curies":[{"name":"wp","href":"https:\/\/api.w.org\/{rel}","templated":true}]}}