{"id":78669,"date":"2026-05-06T15:18:12","date_gmt":"2026-05-06T13:18:12","guid":{"rendered":"https:\/\/www.koonings.com\/product\/modeca-elmas\/"},"modified":"2025-06-05T13:38:12","modified_gmt":"2025-06-05T11:38:12","slug":"modeca-elmas","status":"publish","type":"product","link":"https:\/\/www.koonings.com\/fr\/product\/modeca-elmas\/","title":{"rendered":"Modeca Elmas"},"content":{"rendered":"<p>Elmas est une superbe robe de forme A qui respire l&#8217;\u00e9l\u00e9gance intemporelle. Le d\u00e9collet\u00e9 illusion en dentelle, subtilement orn\u00e9 de perles et de paillettes, ajoute une sophistication subtile. La jupe enchanteresse en tulle paillet\u00e9 ajoute une touche de fantaisie, tandis que le dos illusionn\u00e9, rehauss\u00e9 d&#8217;une rang\u00e9e de boutons, ajoute une touche de charme classique. Cette robe est \u00e9galement disponible en tulle uni &#8211; Elmas-A.   <\/p>\n","protected":false},"featured_media":66875,"template":"","meta":{"_acf_changed":false,"ghostkit_customizer_options":"","ghostkit_custom_css":"","ghostkit_custom_js_head":"","ghostkit_custom_js_foot":"","ghostkit_typography":""},"productdetails":[379,381],"productneck":[350],"productcolor":[393,392],"maat":[],"productsupplier":[434],"productsleeve":[],"productcategory":[18],"productsilhouette":[384],"productstyle":[369,366],"class_list":["post-78669","product","type-product","status-publish","has-post-thumbnail","hentry","productdetails-379","productdetails-381","productneck-350","productcolor-393","productcolor-392","productsupplier-modeca","productcategory-trouwjurken","productsilhouette-384","productstyle-369","productstyle-366"],"acf":[],"yoast_head":"<!-- This site is optimized with the Yoast SEO plugin v27.3 - https:\/\/yoast.com\/product\/yoast-seo-wordpress\/ -->\n<title>Modeca Elmas | Koonings<\/title>\n<meta name=\"description\" content=\"Elmas est une superbe robe de forme A qui respire l&#039;\u00e9l\u00e9gance intemporelle. Le d\u00e9collet\u00e9 illusion en dentelle, subtilement orn\u00e9 de perles et de paillettes, ajoute une sophistication subtile. La jupe enchanteresse en tulle paillet\u00e9 ajoute une touche de fantaisie, tandis que le dos illusionn\u00e9, rehauss\u00e9 d&#039;une rang\u00e9e de boutons, ajoute une touche de charme classique. Cette robe est \u00e9galement disponible en tulle uni - Elmas-A.\" \/>\n<meta name=\"robots\" content=\"index, follow, max-snippet:-1, max-image-preview:large, max-video-preview:-1\" \/>\n<link rel=\"canonical\" href=\"https:\/\/www.koonings.com\/fr\/product\/modeca-elmas\/\" \/>\n<meta property=\"og:locale\" content=\"fr_FR\" \/>\n<meta property=\"og:type\" content=\"article\" \/>\n<meta property=\"og:title\" content=\"Modeca Elmas | Koonings\" \/>\n<meta property=\"og:description\" content=\"Elmas est une superbe robe de forme A qui respire l&#039;\u00e9l\u00e9gance intemporelle. Le d\u00e9collet\u00e9 illusion en dentelle, subtilement orn\u00e9 de perles et de paillettes, ajoute une sophistication subtile. La jupe enchanteresse en tulle paillet\u00e9 ajoute une touche de fantaisie, tandis que le dos illusionn\u00e9, rehauss\u00e9 d&#039;une rang\u00e9e de boutons, ajoute une touche de charme classique. Cette robe est \u00e9galement disponible en tulle uni - Elmas-A.\" \/>\n<meta property=\"og:url\" content=\"https:\/\/www.koonings.com\/fr\/product\/modeca-elmas\/\" \/>\n<meta property=\"og:site_name\" content=\"Koonings\" \/>\n<meta property=\"article:publisher\" content=\"https:\/\/www.facebook.com\/kooningstheweddingpalace\" \/>\n<meta property=\"og:image\" content=\"https:\/\/www.koonings.com\/wp-content\/uploads\/2024\/11\/40349_2d439261111c51bb317f98ee67e67af9a47850d538ff41b6a82621bca336d64e067bd9e9.jpeg\" \/>\n\t<meta property=\"og:image:width\" content=\"828\" \/>\n\t<meta property=\"og:image:height\" content=\"1169\" \/>\n\t<meta property=\"og:image:type\" content=\"image\/jpeg\" \/>\n<meta name=\"twitter:card\" content=\"summary_large_image\" \/>\n<script type=\"application\/ld+json\" class=\"yoast-schema-graph\">{\"@context\":\"https:\\\/\\\/schema.org\",\"@graph\":[{\"@type\":\"WebPage\",\"@id\":\"https:\\\/\\\/www.koonings.com\\\/fr\\\/product\\\/modeca-elmas\\\/\",\"url\":\"https:\\\/\\\/www.koonings.com\\\/fr\\\/product\\\/modeca-elmas\\\/\",\"name\":\"Modeca Elmas | Koonings\",\"isPartOf\":{\"@id\":\"https:\\\/\\\/www.koonings.com\\\/fr\\\/#website\"},\"primaryImageOfPage\":{\"@id\":\"https:\\\/\\\/www.koonings.com\\\/fr\\\/product\\\/modeca-elmas\\\/#primaryimage\"},\"image\":{\"@id\":\"https:\\\/\\\/www.koonings.com\\\/fr\\\/product\\\/modeca-elmas\\\/#primaryimage\"},\"thumbnailUrl\":\"https:\\\/\\\/www.koonings.com\\\/wp-content\\\/uploads\\\/2024\\\/11\\\/40349_2d439261111c51bb317f98ee67e67af9a47850d538ff41b6a82621bca336d64e067bd9e9.jpeg\",\"datePublished\":\"2026-05-06T13:18:12+00:00\",\"description\":\"Elmas est une superbe robe de forme A qui respire l'\u00e9l\u00e9gance intemporelle. Le d\u00e9collet\u00e9 illusion en dentelle, subtilement orn\u00e9 de perles et de paillettes, ajoute une sophistication subtile. La jupe enchanteresse en tulle paillet\u00e9 ajoute une touche de fantaisie, tandis que le dos illusionn\u00e9, rehauss\u00e9 d'une rang\u00e9e de boutons, ajoute une touche de charme classique. Cette robe est \u00e9galement disponible en tulle uni - Elmas-A.\",\"breadcrumb\":{\"@id\":\"https:\\\/\\\/www.koonings.com\\\/fr\\\/product\\\/modeca-elmas\\\/#breadcrumb\"},\"inLanguage\":\"fr-FR\",\"potentialAction\":[{\"@type\":\"ReadAction\",\"target\":[\"https:\\\/\\\/www.koonings.com\\\/fr\\\/product\\\/modeca-elmas\\\/\"]}]},{\"@type\":\"ImageObject\",\"inLanguage\":\"fr-FR\",\"@id\":\"https:\\\/\\\/www.koonings.com\\\/fr\\\/product\\\/modeca-elmas\\\/#primaryimage\",\"url\":\"https:\\\/\\\/www.koonings.com\\\/wp-content\\\/uploads\\\/2024\\\/11\\\/40349_2d439261111c51bb317f98ee67e67af9a47850d538ff41b6a82621bca336d64e067bd9e9.jpeg\",\"contentUrl\":\"https:\\\/\\\/www.koonings.com\\\/wp-content\\\/uploads\\\/2024\\\/11\\\/40349_2d439261111c51bb317f98ee67e67af9a47850d538ff41b6a82621bca336d64e067bd9e9.jpeg\",\"width\":828,\"height\":1169},{\"@type\":\"BreadcrumbList\",\"@id\":\"https:\\\/\\\/www.koonings.com\\\/fr\\\/product\\\/modeca-elmas\\\/#breadcrumb\",\"itemListElement\":[{\"@type\":\"ListItem\",\"position\":1,\"name\":\"Home\",\"item\":\"https:\\\/\\\/www.koonings.com\\\/fr\\\/\"},{\"@type\":\"ListItem\",\"position\":2,\"name\":\"Modeca Elmas\"}]},{\"@type\":\"WebSite\",\"@id\":\"https:\\\/\\\/www.koonings.com\\\/fr\\\/#website\",\"url\":\"https:\\\/\\\/www.koonings.com\\\/fr\\\/\",\"name\":\"Koonings\",\"description\":\"De grootste bruidsmodewinkel ter wereld\",\"publisher\":{\"@id\":\"https:\\\/\\\/www.koonings.com\\\/fr\\\/#organization\"},\"potentialAction\":[{\"@type\":\"SearchAction\",\"target\":{\"@type\":\"EntryPoint\",\"urlTemplate\":\"https:\\\/\\\/www.koonings.com\\\/fr\\\/?s={search_term_string}\"},\"query-input\":{\"@type\":\"PropertyValueSpecification\",\"valueRequired\":true,\"valueName\":\"search_term_string\"}}],\"inLanguage\":\"fr-FR\"},{\"@type\":\"Organization\",\"@id\":\"https:\\\/\\\/www.koonings.com\\\/fr\\\/#organization\",\"name\":\"Koonings\",\"url\":\"https:\\\/\\\/www.koonings.com\\\/fr\\\/\",\"logo\":{\"@type\":\"ImageObject\",\"inLanguage\":\"fr-FR\",\"@id\":\"https:\\\/\\\/www.koonings.com\\\/fr\\\/#\\\/schema\\\/logo\\\/image\\\/\",\"url\":\"https:\\\/\\\/www.koonings.com\\\/wp-content\\\/uploads\\\/2024\\\/07\\\/logo.png\",\"contentUrl\":\"https:\\\/\\\/www.koonings.com\\\/wp-content\\\/uploads\\\/2024\\\/07\\\/logo.png\",\"width\":600,\"height\":428,\"caption\":\"Koonings\"},\"image\":{\"@id\":\"https:\\\/\\\/www.koonings.com\\\/fr\\\/#\\\/schema\\\/logo\\\/image\\\/\"},\"sameAs\":[\"https:\\\/\\\/www.facebook.com\\\/kooningstheweddingpalace\",\"https:\\\/\\\/www.instagram.com\\\/kooningstheweddingpalace\",\"https:\\\/\\\/www.pinterest.com\\\/koonings\",\"https:\\\/\\\/www.youtube.com\\\/kooningstheweddingpalace\"]}]}<\/script>\n<!-- \/ Yoast SEO plugin. -->","yoast_head_json":{"title":"Modeca Elmas | Koonings","description":"Elmas est une superbe robe de forme A qui respire l'\u00e9l\u00e9gance intemporelle. Le d\u00e9collet\u00e9 illusion en dentelle, subtilement orn\u00e9 de perles et de paillettes, ajoute une sophistication subtile. La jupe enchanteresse en tulle paillet\u00e9 ajoute une touche de fantaisie, tandis que le dos illusionn\u00e9, rehauss\u00e9 d'une rang\u00e9e de boutons, ajoute une touche de charme classique. Cette robe est \u00e9galement disponible en tulle uni - Elmas-A.","robots":{"index":"index","follow":"follow","max-snippet":"max-snippet:-1","max-image-preview":"max-image-preview:large","max-video-preview":"max-video-preview:-1"},"canonical":"https:\/\/www.koonings.com\/fr\/product\/modeca-elmas\/","og_locale":"fr_FR","og_type":"article","og_title":"Modeca Elmas | Koonings","og_description":"Elmas est une superbe robe de forme A qui respire l'\u00e9l\u00e9gance intemporelle. Le d\u00e9collet\u00e9 illusion en dentelle, subtilement orn\u00e9 de perles et de paillettes, ajoute une sophistication subtile. La jupe enchanteresse en tulle paillet\u00e9 ajoute une touche de fantaisie, tandis que le dos illusionn\u00e9, rehauss\u00e9 d'une rang\u00e9e de boutons, ajoute une touche de charme classique. Cette robe est \u00e9galement disponible en tulle uni - Elmas-A.","og_url":"https:\/\/www.koonings.com\/fr\/product\/modeca-elmas\/","og_site_name":"Koonings","article_publisher":"https:\/\/www.facebook.com\/kooningstheweddingpalace","og_image":[{"width":828,"height":1169,"url":"https:\/\/www.koonings.com\/wp-content\/uploads\/2024\/11\/40349_2d439261111c51bb317f98ee67e67af9a47850d538ff41b6a82621bca336d64e067bd9e9.jpeg","type":"image\/jpeg"}],"twitter_card":"summary_large_image","schema":{"@context":"https:\/\/schema.org","@graph":[{"@type":"WebPage","@id":"https:\/\/www.koonings.com\/fr\/product\/modeca-elmas\/","url":"https:\/\/www.koonings.com\/fr\/product\/modeca-elmas\/","name":"Modeca Elmas | Koonings","isPartOf":{"@id":"https:\/\/www.koonings.com\/fr\/#website"},"primaryImageOfPage":{"@id":"https:\/\/www.koonings.com\/fr\/product\/modeca-elmas\/#primaryimage"},"image":{"@id":"https:\/\/www.koonings.com\/fr\/product\/modeca-elmas\/#primaryimage"},"thumbnailUrl":"https:\/\/www.koonings.com\/wp-content\/uploads\/2024\/11\/40349_2d439261111c51bb317f98ee67e67af9a47850d538ff41b6a82621bca336d64e067bd9e9.jpeg","datePublished":"2026-05-06T13:18:12+00:00","description":"Elmas est une superbe robe de forme A qui respire l'\u00e9l\u00e9gance intemporelle. Le d\u00e9collet\u00e9 illusion en dentelle, subtilement orn\u00e9 de perles et de paillettes, ajoute une sophistication subtile. La jupe enchanteresse en tulle paillet\u00e9 ajoute une touche de fantaisie, tandis que le dos illusionn\u00e9, rehauss\u00e9 d'une rang\u00e9e de boutons, ajoute une touche de charme classique. Cette robe est \u00e9galement disponible en tulle uni - Elmas-A.","breadcrumb":{"@id":"https:\/\/www.koonings.com\/fr\/product\/modeca-elmas\/#breadcrumb"},"inLanguage":"fr-FR","potentialAction":[{"@type":"ReadAction","target":["https:\/\/www.koonings.com\/fr\/product\/modeca-elmas\/"]}]},{"@type":"ImageObject","inLanguage":"fr-FR","@id":"https:\/\/www.koonings.com\/fr\/product\/modeca-elmas\/#primaryimage","url":"https:\/\/www.koonings.com\/wp-content\/uploads\/2024\/11\/40349_2d439261111c51bb317f98ee67e67af9a47850d538ff41b6a82621bca336d64e067bd9e9.jpeg","contentUrl":"https:\/\/www.koonings.com\/wp-content\/uploads\/2024\/11\/40349_2d439261111c51bb317f98ee67e67af9a47850d538ff41b6a82621bca336d64e067bd9e9.jpeg","width":828,"height":1169},{"@type":"BreadcrumbList","@id":"https:\/\/www.koonings.com\/fr\/product\/modeca-elmas\/#breadcrumb","itemListElement":[{"@type":"ListItem","position":1,"name":"Home","item":"https:\/\/www.koonings.com\/fr\/"},{"@type":"ListItem","position":2,"name":"Modeca Elmas"}]},{"@type":"WebSite","@id":"https:\/\/www.koonings.com\/fr\/#website","url":"https:\/\/www.koonings.com\/fr\/","name":"Koonings","description":"De grootste bruidsmodewinkel ter wereld","publisher":{"@id":"https:\/\/www.koonings.com\/fr\/#organization"},"potentialAction":[{"@type":"SearchAction","target":{"@type":"EntryPoint","urlTemplate":"https:\/\/www.koonings.com\/fr\/?s={search_term_string}"},"query-input":{"@type":"PropertyValueSpecification","valueRequired":true,"valueName":"search_term_string"}}],"inLanguage":"fr-FR"},{"@type":"Organization","@id":"https:\/\/www.koonings.com\/fr\/#organization","name":"Koonings","url":"https:\/\/www.koonings.com\/fr\/","logo":{"@type":"ImageObject","inLanguage":"fr-FR","@id":"https:\/\/www.koonings.com\/fr\/#\/schema\/logo\/image\/","url":"https:\/\/www.koonings.com\/wp-content\/uploads\/2024\/07\/logo.png","contentUrl":"https:\/\/www.koonings.com\/wp-content\/uploads\/2024\/07\/logo.png","width":600,"height":428,"caption":"Koonings"},"image":{"@id":"https:\/\/www.koonings.com\/fr\/#\/schema\/logo\/image\/"},"sameAs":["https:\/\/www.facebook.com\/kooningstheweddingpalace","https:\/\/www.instagram.com\/kooningstheweddingpalace","https:\/\/www.pinterest.com\/koonings","https:\/\/www.youtube.com\/kooningstheweddingpalace"]}]}},"_links":{"self":[{"href":"https:\/\/www.koonings.com\/fr\/wp-json\/wp\/v2\/product\/78669","targetHints":{"allow":["GET"]}}],"collection":[{"href":"https:\/\/www.koonings.com\/fr\/wp-json\/wp\/v2\/product"}],"about":[{"href":"https:\/\/www.koonings.com\/fr\/wp-json\/wp\/v2\/types\/product"}],"wp:featuredmedia":[{"embeddable":true,"href":"https:\/\/www.koonings.com\/fr\/wp-json\/wp\/v2\/media\/66875"}],"wp:attachment":[{"href":"https:\/\/www.koonings.com\/fr\/wp-json\/wp\/v2\/media?parent=78669"}],"wp:term":[{"taxonomy":"productdetails","embeddable":true,"href":"https:\/\/www.koonings.com\/fr\/wp-json\/wp\/v2\/productdetails?post=78669"},{"taxonomy":"productneck","embeddable":true,"href":"https:\/\/www.koonings.com\/fr\/wp-json\/wp\/v2\/productneck?post=78669"},{"taxonomy":"productcolor","embeddable":true,"href":"https:\/\/www.koonings.com\/fr\/wp-json\/wp\/v2\/productcolor?post=78669"},{"taxonomy":"maat","embeddable":true,"href":"https:\/\/www.koonings.com\/fr\/wp-json\/wp\/v2\/maat?post=78669"},{"taxonomy":"productsupplier","embeddable":true,"href":"https:\/\/www.koonings.com\/fr\/wp-json\/wp\/v2\/productsupplier?post=78669"},{"taxonomy":"productsleeve","embeddable":true,"href":"https:\/\/www.koonings.com\/fr\/wp-json\/wp\/v2\/productsleeve?post=78669"},{"taxonomy":"productcategory","embeddable":true,"href":"https:\/\/www.koonings.com\/fr\/wp-json\/wp\/v2\/productcategory?post=78669"},{"taxonomy":"productsilhouette","embeddable":true,"href":"https:\/\/www.koonings.com\/fr\/wp-json\/wp\/v2\/productsilhouette?post=78669"},{"taxonomy":"productstyle","embeddable":true,"href":"https:\/\/www.koonings.com\/fr\/wp-json\/wp\/v2\/productstyle?post=78669"}],"curies":[{"name":"wp","href":"https:\/\/api.w.org\/{rel}","templated":true}]}}