{"id":78636,"date":"2026-05-06T15:02:15","date_gmt":"2026-05-06T13:02:15","guid":{"rendered":"https:\/\/www.koonings.com\/product\/elihav-sasson-fg-045\/"},"modified":"2026-02-16T14:45:57","modified_gmt":"2026-02-16T13:45:57","slug":"elihav-sasson-fg-045","status":"publish","type":"product","link":"https:\/\/www.koonings.com\/fr\/product\/elihav-sasson-fg-045\/","title":{"rendered":"Elihav Sasson FG-045"},"content":{"rendered":"<p>Cette robe de mari\u00e9e de couleur blush, sign\u00e9e Elihav Sasson, pr\u00e9sente une silhouette l\u00e9g\u00e8rement tombante. Le haut de la robe est \u00e0 une \u00e9paule et le d\u00e9collet\u00e9 est profond. La jupe en tulle est l\u00e9g\u00e8rement tombante et comporte des d\u00e9tails en dentelle. En outre, la robe pr\u00e9sente une jolie applique avec des pierres scintillantes \u00e0 l&#8217;encolure et \u00e0 la taille.   <\/p>\n","protected":false},"featured_media":62815,"template":"","meta":{"_acf_changed":false,"ghostkit_customizer_options":"","ghostkit_custom_css":"","ghostkit_custom_js_head":"","ghostkit_custom_js_foot":"","ghostkit_typography":""},"productdetails":[377,376],"productneck":[350,351,356],"productcolor":[393,392],"maat":[],"productsupplier":[473],"productsleeve":[358,359],"productcategory":[18],"productsilhouette":[389],"productstyle":[370],"class_list":["post-78636","product","type-product","status-publish","has-post-thumbnail","hentry","productdetails-377","productdetails-376","productneck-350","productneck-351","productneck-356","productcolor-393","productcolor-392","productsupplier-elihav-sasson","productsleeve-358","productsleeve-359","productcategory-trouwjurken","productsilhouette-389","productstyle-370"],"acf":[],"yoast_head":"<!-- This site is optimized with the Yoast SEO plugin v27.3 - https:\/\/yoast.com\/product\/yoast-seo-wordpress\/ -->\n<title>Elihav Sasson FG-045 | Koonings<\/title>\n<meta name=\"description\" content=\"Cette robe de mari\u00e9e de couleur blush, sign\u00e9e Elihav Sasson, pr\u00e9sente une silhouette l\u00e9g\u00e8rement tombante. Le haut de la robe est \u00e0 une \u00e9paule et le d\u00e9collet\u00e9 est profond. La jupe en tulle est l\u00e9g\u00e8rement tombante et comporte des d\u00e9tails en dentelle. En outre, la robe pr\u00e9sente une jolie applique avec des pierres scintillantes \u00e0 l&#039;encolure et \u00e0 la taille.\" \/>\n<meta name=\"robots\" content=\"index, follow, max-snippet:-1, max-image-preview:large, max-video-preview:-1\" \/>\n<link rel=\"canonical\" href=\"https:\/\/www.koonings.com\/fr\/product\/elihav-sasson-fg-045\/\" \/>\n<meta property=\"og:locale\" content=\"fr_FR\" \/>\n<meta property=\"og:type\" content=\"article\" \/>\n<meta property=\"og:title\" content=\"Elihav Sasson FG-045 | Koonings\" \/>\n<meta property=\"og:description\" content=\"Cette robe de mari\u00e9e de couleur blush, sign\u00e9e Elihav Sasson, pr\u00e9sente une silhouette l\u00e9g\u00e8rement tombante. Le haut de la robe est \u00e0 une \u00e9paule et le d\u00e9collet\u00e9 est profond. La jupe en tulle est l\u00e9g\u00e8rement tombante et comporte des d\u00e9tails en dentelle. En outre, la robe pr\u00e9sente une jolie applique avec des pierres scintillantes \u00e0 l&#039;encolure et \u00e0 la taille.\" \/>\n<meta property=\"og:url\" content=\"https:\/\/www.koonings.com\/fr\/product\/elihav-sasson-fg-045\/\" \/>\n<meta property=\"og:site_name\" content=\"Koonings\" \/>\n<meta property=\"article:publisher\" content=\"https:\/\/www.facebook.com\/kooningstheweddingpalace\" \/>\n<meta property=\"og:image\" content=\"https:\/\/www.koonings.com\/wp-content\/uploads\/2024\/11\/2675_50041e71732f09706de088126bbf2ccc168f85e762c77b610de8cf4e1f463933edd4ed71-scaled.jpeg\" \/>\n\t<meta property=\"og:image:width\" content=\"1810\" \/>\n\t<meta property=\"og:image:height\" content=\"2560\" \/>\n\t<meta property=\"og:image:type\" content=\"image\/jpeg\" \/>\n<meta name=\"twitter:card\" content=\"summary_large_image\" \/>\n<script type=\"application\/ld+json\" class=\"yoast-schema-graph\">{\"@context\":\"https:\\\/\\\/schema.org\",\"@graph\":[{\"@type\":\"WebPage\",\"@id\":\"https:\\\/\\\/www.koonings.com\\\/fr\\\/product\\\/elihav-sasson-fg-045\\\/\",\"url\":\"https:\\\/\\\/www.koonings.com\\\/fr\\\/product\\\/elihav-sasson-fg-045\\\/\",\"name\":\"Elihav Sasson FG-045 | Koonings\",\"isPartOf\":{\"@id\":\"https:\\\/\\\/www.koonings.com\\\/fr\\\/#website\"},\"primaryImageOfPage\":{\"@id\":\"https:\\\/\\\/www.koonings.com\\\/fr\\\/product\\\/elihav-sasson-fg-045\\\/#primaryimage\"},\"image\":{\"@id\":\"https:\\\/\\\/www.koonings.com\\\/fr\\\/product\\\/elihav-sasson-fg-045\\\/#primaryimage\"},\"thumbnailUrl\":\"https:\\\/\\\/www.koonings.com\\\/wp-content\\\/uploads\\\/2024\\\/11\\\/2675_50041e71732f09706de088126bbf2ccc168f85e762c77b610de8cf4e1f463933edd4ed71-scaled.jpeg\",\"datePublished\":\"2026-05-06T13:02:15+00:00\",\"description\":\"Cette robe de mari\u00e9e de couleur blush, sign\u00e9e Elihav Sasson, pr\u00e9sente une silhouette l\u00e9g\u00e8rement tombante. Le haut de la robe est \u00e0 une \u00e9paule et le d\u00e9collet\u00e9 est profond. La jupe en tulle est l\u00e9g\u00e8rement tombante et comporte des d\u00e9tails en dentelle. En outre, la robe pr\u00e9sente une jolie applique avec des pierres scintillantes \u00e0 l'encolure et \u00e0 la taille.\",\"breadcrumb\":{\"@id\":\"https:\\\/\\\/www.koonings.com\\\/fr\\\/product\\\/elihav-sasson-fg-045\\\/#breadcrumb\"},\"inLanguage\":\"fr-FR\",\"potentialAction\":[{\"@type\":\"ReadAction\",\"target\":[\"https:\\\/\\\/www.koonings.com\\\/fr\\\/product\\\/elihav-sasson-fg-045\\\/\"]}]},{\"@type\":\"ImageObject\",\"inLanguage\":\"fr-FR\",\"@id\":\"https:\\\/\\\/www.koonings.com\\\/fr\\\/product\\\/elihav-sasson-fg-045\\\/#primaryimage\",\"url\":\"https:\\\/\\\/www.koonings.com\\\/wp-content\\\/uploads\\\/2024\\\/11\\\/2675_50041e71732f09706de088126bbf2ccc168f85e762c77b610de8cf4e1f463933edd4ed71-scaled.jpeg\",\"contentUrl\":\"https:\\\/\\\/www.koonings.com\\\/wp-content\\\/uploads\\\/2024\\\/11\\\/2675_50041e71732f09706de088126bbf2ccc168f85e762c77b610de8cf4e1f463933edd4ed71-scaled.jpeg\",\"width\":1810,\"height\":2560},{\"@type\":\"BreadcrumbList\",\"@id\":\"https:\\\/\\\/www.koonings.com\\\/fr\\\/product\\\/elihav-sasson-fg-045\\\/#breadcrumb\",\"itemListElement\":[{\"@type\":\"ListItem\",\"position\":1,\"name\":\"Home\",\"item\":\"https:\\\/\\\/www.koonings.com\\\/fr\\\/\"},{\"@type\":\"ListItem\",\"position\":2,\"name\":\"Elihav Sasson FG-045\"}]},{\"@type\":\"WebSite\",\"@id\":\"https:\\\/\\\/www.koonings.com\\\/fr\\\/#website\",\"url\":\"https:\\\/\\\/www.koonings.com\\\/fr\\\/\",\"name\":\"Koonings\",\"description\":\"De grootste bruidsmodewinkel ter wereld\",\"publisher\":{\"@id\":\"https:\\\/\\\/www.koonings.com\\\/fr\\\/#organization\"},\"potentialAction\":[{\"@type\":\"SearchAction\",\"target\":{\"@type\":\"EntryPoint\",\"urlTemplate\":\"https:\\\/\\\/www.koonings.com\\\/fr\\\/?s={search_term_string}\"},\"query-input\":{\"@type\":\"PropertyValueSpecification\",\"valueRequired\":true,\"valueName\":\"search_term_string\"}}],\"inLanguage\":\"fr-FR\"},{\"@type\":\"Organization\",\"@id\":\"https:\\\/\\\/www.koonings.com\\\/fr\\\/#organization\",\"name\":\"Koonings\",\"url\":\"https:\\\/\\\/www.koonings.com\\\/fr\\\/\",\"logo\":{\"@type\":\"ImageObject\",\"inLanguage\":\"fr-FR\",\"@id\":\"https:\\\/\\\/www.koonings.com\\\/fr\\\/#\\\/schema\\\/logo\\\/image\\\/\",\"url\":\"https:\\\/\\\/www.koonings.com\\\/wp-content\\\/uploads\\\/2024\\\/07\\\/logo.png\",\"contentUrl\":\"https:\\\/\\\/www.koonings.com\\\/wp-content\\\/uploads\\\/2024\\\/07\\\/logo.png\",\"width\":600,\"height\":428,\"caption\":\"Koonings\"},\"image\":{\"@id\":\"https:\\\/\\\/www.koonings.com\\\/fr\\\/#\\\/schema\\\/logo\\\/image\\\/\"},\"sameAs\":[\"https:\\\/\\\/www.facebook.com\\\/kooningstheweddingpalace\",\"https:\\\/\\\/www.instagram.com\\\/kooningstheweddingpalace\",\"https:\\\/\\\/www.pinterest.com\\\/koonings\",\"https:\\\/\\\/www.youtube.com\\\/kooningstheweddingpalace\"]}]}<\/script>\n<!-- \/ Yoast SEO plugin. -->","yoast_head_json":{"title":"Elihav Sasson FG-045 | Koonings","description":"Cette robe de mari\u00e9e de couleur blush, sign\u00e9e Elihav Sasson, pr\u00e9sente une silhouette l\u00e9g\u00e8rement tombante. Le haut de la robe est \u00e0 une \u00e9paule et le d\u00e9collet\u00e9 est profond. La jupe en tulle est l\u00e9g\u00e8rement tombante et comporte des d\u00e9tails en dentelle. En outre, la robe pr\u00e9sente une jolie applique avec des pierres scintillantes \u00e0 l'encolure et \u00e0 la taille.","robots":{"index":"index","follow":"follow","max-snippet":"max-snippet:-1","max-image-preview":"max-image-preview:large","max-video-preview":"max-video-preview:-1"},"canonical":"https:\/\/www.koonings.com\/fr\/product\/elihav-sasson-fg-045\/","og_locale":"fr_FR","og_type":"article","og_title":"Elihav Sasson FG-045 | Koonings","og_description":"Cette robe de mari\u00e9e de couleur blush, sign\u00e9e Elihav Sasson, pr\u00e9sente une silhouette l\u00e9g\u00e8rement tombante. Le haut de la robe est \u00e0 une \u00e9paule et le d\u00e9collet\u00e9 est profond. La jupe en tulle est l\u00e9g\u00e8rement tombante et comporte des d\u00e9tails en dentelle. En outre, la robe pr\u00e9sente une jolie applique avec des pierres scintillantes \u00e0 l'encolure et \u00e0 la taille.","og_url":"https:\/\/www.koonings.com\/fr\/product\/elihav-sasson-fg-045\/","og_site_name":"Koonings","article_publisher":"https:\/\/www.facebook.com\/kooningstheweddingpalace","og_image":[{"width":1810,"height":2560,"url":"https:\/\/www.koonings.com\/wp-content\/uploads\/2024\/11\/2675_50041e71732f09706de088126bbf2ccc168f85e762c77b610de8cf4e1f463933edd4ed71-scaled.jpeg","type":"image\/jpeg"}],"twitter_card":"summary_large_image","schema":{"@context":"https:\/\/schema.org","@graph":[{"@type":"WebPage","@id":"https:\/\/www.koonings.com\/fr\/product\/elihav-sasson-fg-045\/","url":"https:\/\/www.koonings.com\/fr\/product\/elihav-sasson-fg-045\/","name":"Elihav Sasson FG-045 | Koonings","isPartOf":{"@id":"https:\/\/www.koonings.com\/fr\/#website"},"primaryImageOfPage":{"@id":"https:\/\/www.koonings.com\/fr\/product\/elihav-sasson-fg-045\/#primaryimage"},"image":{"@id":"https:\/\/www.koonings.com\/fr\/product\/elihav-sasson-fg-045\/#primaryimage"},"thumbnailUrl":"https:\/\/www.koonings.com\/wp-content\/uploads\/2024\/11\/2675_50041e71732f09706de088126bbf2ccc168f85e762c77b610de8cf4e1f463933edd4ed71-scaled.jpeg","datePublished":"2026-05-06T13:02:15+00:00","description":"Cette robe de mari\u00e9e de couleur blush, sign\u00e9e Elihav Sasson, pr\u00e9sente une silhouette l\u00e9g\u00e8rement tombante. Le haut de la robe est \u00e0 une \u00e9paule et le d\u00e9collet\u00e9 est profond. La jupe en tulle est l\u00e9g\u00e8rement tombante et comporte des d\u00e9tails en dentelle. En outre, la robe pr\u00e9sente une jolie applique avec des pierres scintillantes \u00e0 l'encolure et \u00e0 la taille.","breadcrumb":{"@id":"https:\/\/www.koonings.com\/fr\/product\/elihav-sasson-fg-045\/#breadcrumb"},"inLanguage":"fr-FR","potentialAction":[{"@type":"ReadAction","target":["https:\/\/www.koonings.com\/fr\/product\/elihav-sasson-fg-045\/"]}]},{"@type":"ImageObject","inLanguage":"fr-FR","@id":"https:\/\/www.koonings.com\/fr\/product\/elihav-sasson-fg-045\/#primaryimage","url":"https:\/\/www.koonings.com\/wp-content\/uploads\/2024\/11\/2675_50041e71732f09706de088126bbf2ccc168f85e762c77b610de8cf4e1f463933edd4ed71-scaled.jpeg","contentUrl":"https:\/\/www.koonings.com\/wp-content\/uploads\/2024\/11\/2675_50041e71732f09706de088126bbf2ccc168f85e762c77b610de8cf4e1f463933edd4ed71-scaled.jpeg","width":1810,"height":2560},{"@type":"BreadcrumbList","@id":"https:\/\/www.koonings.com\/fr\/product\/elihav-sasson-fg-045\/#breadcrumb","itemListElement":[{"@type":"ListItem","position":1,"name":"Home","item":"https:\/\/www.koonings.com\/fr\/"},{"@type":"ListItem","position":2,"name":"Elihav Sasson FG-045"}]},{"@type":"WebSite","@id":"https:\/\/www.koonings.com\/fr\/#website","url":"https:\/\/www.koonings.com\/fr\/","name":"Koonings","description":"De grootste bruidsmodewinkel ter wereld","publisher":{"@id":"https:\/\/www.koonings.com\/fr\/#organization"},"potentialAction":[{"@type":"SearchAction","target":{"@type":"EntryPoint","urlTemplate":"https:\/\/www.koonings.com\/fr\/?s={search_term_string}"},"query-input":{"@type":"PropertyValueSpecification","valueRequired":true,"valueName":"search_term_string"}}],"inLanguage":"fr-FR"},{"@type":"Organization","@id":"https:\/\/www.koonings.com\/fr\/#organization","name":"Koonings","url":"https:\/\/www.koonings.com\/fr\/","logo":{"@type":"ImageObject","inLanguage":"fr-FR","@id":"https:\/\/www.koonings.com\/fr\/#\/schema\/logo\/image\/","url":"https:\/\/www.koonings.com\/wp-content\/uploads\/2024\/07\/logo.png","contentUrl":"https:\/\/www.koonings.com\/wp-content\/uploads\/2024\/07\/logo.png","width":600,"height":428,"caption":"Koonings"},"image":{"@id":"https:\/\/www.koonings.com\/fr\/#\/schema\/logo\/image\/"},"sameAs":["https:\/\/www.facebook.com\/kooningstheweddingpalace","https:\/\/www.instagram.com\/kooningstheweddingpalace","https:\/\/www.pinterest.com\/koonings","https:\/\/www.youtube.com\/kooningstheweddingpalace"]}]}},"_links":{"self":[{"href":"https:\/\/www.koonings.com\/fr\/wp-json\/wp\/v2\/product\/78636","targetHints":{"allow":["GET"]}}],"collection":[{"href":"https:\/\/www.koonings.com\/fr\/wp-json\/wp\/v2\/product"}],"about":[{"href":"https:\/\/www.koonings.com\/fr\/wp-json\/wp\/v2\/types\/product"}],"wp:featuredmedia":[{"embeddable":true,"href":"https:\/\/www.koonings.com\/fr\/wp-json\/wp\/v2\/media\/62815"}],"wp:attachment":[{"href":"https:\/\/www.koonings.com\/fr\/wp-json\/wp\/v2\/media?parent=78636"}],"wp:term":[{"taxonomy":"productdetails","embeddable":true,"href":"https:\/\/www.koonings.com\/fr\/wp-json\/wp\/v2\/productdetails?post=78636"},{"taxonomy":"productneck","embeddable":true,"href":"https:\/\/www.koonings.com\/fr\/wp-json\/wp\/v2\/productneck?post=78636"},{"taxonomy":"productcolor","embeddable":true,"href":"https:\/\/www.koonings.com\/fr\/wp-json\/wp\/v2\/productcolor?post=78636"},{"taxonomy":"maat","embeddable":true,"href":"https:\/\/www.koonings.com\/fr\/wp-json\/wp\/v2\/maat?post=78636"},{"taxonomy":"productsupplier","embeddable":true,"href":"https:\/\/www.koonings.com\/fr\/wp-json\/wp\/v2\/productsupplier?post=78636"},{"taxonomy":"productsleeve","embeddable":true,"href":"https:\/\/www.koonings.com\/fr\/wp-json\/wp\/v2\/productsleeve?post=78636"},{"taxonomy":"productcategory","embeddable":true,"href":"https:\/\/www.koonings.com\/fr\/wp-json\/wp\/v2\/productcategory?post=78636"},{"taxonomy":"productsilhouette","embeddable":true,"href":"https:\/\/www.koonings.com\/fr\/wp-json\/wp\/v2\/productsilhouette?post=78636"},{"taxonomy":"productstyle","embeddable":true,"href":"https:\/\/www.koonings.com\/fr\/wp-json\/wp\/v2\/productstyle?post=78636"}],"curies":[{"name":"wp","href":"https:\/\/api.w.org\/{rel}","templated":true}]}}