{"id":78635,"date":"2026-05-06T15:02:36","date_gmt":"2026-05-06T13:02:36","guid":{"rendered":"https:\/\/www.koonings.com\/product\/olvis-2497\/"},"modified":"2026-02-16T14:46:01","modified_gmt":"2026-02-16T13:46:01","slug":"olvis-2497","status":"publish","type":"product","link":"https:\/\/www.koonings.com\/fr\/product\/olvis-2497\/","title":{"rendered":"Olvi&#8217;s 2497"},"content":{"rendered":"<p>Cette robe de mari\u00e9e de couleur nude de Olvi&#8217;s a une silhouette de sir\u00e8ne. Le haut de la robe est en dentelle avec un d\u00e9collet\u00e9 illusion et la jupe est orn\u00e9e de dentelle. En outre, la robe est dot\u00e9e d&#8217;un panneau arri\u00e8re sp\u00e9cial et d&#8217;une manche \u00e0 capuchon.  <\/p>\n","protected":false},"featured_media":62833,"template":"","meta":{"_acf_changed":false,"ghostkit_customizer_options":"","ghostkit_custom_css":"","ghostkit_custom_js_head":"","ghostkit_custom_js_foot":"","ghostkit_typography":""},"productdetails":[382,376],"productneck":[355],"productcolor":[393],"maat":[],"productsupplier":[474],"productsleeve":[359],"productcategory":[18],"productsilhouette":[387,390],"productstyle":[369],"class_list":["post-78635","product","type-product","status-publish","has-post-thumbnail","hentry","productdetails-382","productdetails-376","productneck-355","productcolor-393","productsupplier-olvis","productsleeve-359","productcategory-trouwjurken","productsilhouette-387","productsilhouette-390","productstyle-369"],"acf":[],"yoast_head":"<!-- This site is optimized with the Yoast SEO plugin v27.3 - https:\/\/yoast.com\/product\/yoast-seo-wordpress\/ -->\n<title>Olvi&#039;s 2497 | Koonings<\/title>\n<meta name=\"description\" content=\"Cette robe de mari\u00e9e de couleur nude de Olvi&#039;s a une silhouette de sir\u00e8ne. Le haut de la robe est en dentelle avec un d\u00e9collet\u00e9 illusion et la jupe est orn\u00e9e de dentelle. En outre, la robe est dot\u00e9e d&#039;un panneau arri\u00e8re sp\u00e9cial et d&#039;une manche \u00e0 capuchon.\" \/>\n<meta name=\"robots\" content=\"index, follow, max-snippet:-1, max-image-preview:large, max-video-preview:-1\" \/>\n<link rel=\"canonical\" href=\"https:\/\/www.koonings.com\/fr\/product\/olvis-2497\/\" \/>\n<meta property=\"og:locale\" content=\"fr_FR\" \/>\n<meta property=\"og:type\" content=\"article\" \/>\n<meta property=\"og:title\" content=\"Olvi&#039;s 2497 | Koonings\" \/>\n<meta property=\"og:description\" content=\"Cette robe de mari\u00e9e de couleur nude de Olvi&#039;s a une silhouette de sir\u00e8ne. Le haut de la robe est en dentelle avec un d\u00e9collet\u00e9 illusion et la jupe est orn\u00e9e de dentelle. En outre, la robe est dot\u00e9e d&#039;un panneau arri\u00e8re sp\u00e9cial et d&#039;une manche \u00e0 capuchon.\" \/>\n<meta property=\"og:url\" content=\"https:\/\/www.koonings.com\/fr\/product\/olvis-2497\/\" \/>\n<meta property=\"og:site_name\" content=\"Koonings\" \/>\n<meta property=\"article:publisher\" content=\"https:\/\/www.facebook.com\/kooningstheweddingpalace\" \/>\n<meta property=\"og:image\" content=\"https:\/\/www.koonings.com\/wp-content\/uploads\/2024\/11\/9223_11d1f1b7891af519e1e9bedc8a1fb4e00cf822d2e284b4344ff0b95279edcf3973db8e4e-scaled.jpeg\" \/>\n\t<meta property=\"og:image:width\" content=\"1703\" \/>\n\t<meta property=\"og:image:height\" content=\"2560\" \/>\n\t<meta property=\"og:image:type\" content=\"image\/jpeg\" \/>\n<meta name=\"twitter:card\" content=\"summary_large_image\" \/>\n<script type=\"application\/ld+json\" class=\"yoast-schema-graph\">{\"@context\":\"https:\\\/\\\/schema.org\",\"@graph\":[{\"@type\":\"WebPage\",\"@id\":\"https:\\\/\\\/www.koonings.com\\\/fr\\\/product\\\/olvis-2497\\\/\",\"url\":\"https:\\\/\\\/www.koonings.com\\\/fr\\\/product\\\/olvis-2497\\\/\",\"name\":\"Olvi's 2497 | Koonings\",\"isPartOf\":{\"@id\":\"https:\\\/\\\/www.koonings.com\\\/fr\\\/#website\"},\"primaryImageOfPage\":{\"@id\":\"https:\\\/\\\/www.koonings.com\\\/fr\\\/product\\\/olvis-2497\\\/#primaryimage\"},\"image\":{\"@id\":\"https:\\\/\\\/www.koonings.com\\\/fr\\\/product\\\/olvis-2497\\\/#primaryimage\"},\"thumbnailUrl\":\"https:\\\/\\\/www.koonings.com\\\/wp-content\\\/uploads\\\/2024\\\/11\\\/9223_11d1f1b7891af519e1e9bedc8a1fb4e00cf822d2e284b4344ff0b95279edcf3973db8e4e-scaled.jpeg\",\"datePublished\":\"2026-05-06T13:02:36+00:00\",\"description\":\"Cette robe de mari\u00e9e de couleur nude de Olvi's a une silhouette de sir\u00e8ne. Le haut de la robe est en dentelle avec un d\u00e9collet\u00e9 illusion et la jupe est orn\u00e9e de dentelle. En outre, la robe est dot\u00e9e d'un panneau arri\u00e8re sp\u00e9cial et d'une manche \u00e0 capuchon.\",\"breadcrumb\":{\"@id\":\"https:\\\/\\\/www.koonings.com\\\/fr\\\/product\\\/olvis-2497\\\/#breadcrumb\"},\"inLanguage\":\"fr-FR\",\"potentialAction\":[{\"@type\":\"ReadAction\",\"target\":[\"https:\\\/\\\/www.koonings.com\\\/fr\\\/product\\\/olvis-2497\\\/\"]}]},{\"@type\":\"ImageObject\",\"inLanguage\":\"fr-FR\",\"@id\":\"https:\\\/\\\/www.koonings.com\\\/fr\\\/product\\\/olvis-2497\\\/#primaryimage\",\"url\":\"https:\\\/\\\/www.koonings.com\\\/wp-content\\\/uploads\\\/2024\\\/11\\\/9223_11d1f1b7891af519e1e9bedc8a1fb4e00cf822d2e284b4344ff0b95279edcf3973db8e4e-scaled.jpeg\",\"contentUrl\":\"https:\\\/\\\/www.koonings.com\\\/wp-content\\\/uploads\\\/2024\\\/11\\\/9223_11d1f1b7891af519e1e9bedc8a1fb4e00cf822d2e284b4344ff0b95279edcf3973db8e4e-scaled.jpeg\",\"width\":1703,\"height\":2560},{\"@type\":\"BreadcrumbList\",\"@id\":\"https:\\\/\\\/www.koonings.com\\\/fr\\\/product\\\/olvis-2497\\\/#breadcrumb\",\"itemListElement\":[{\"@type\":\"ListItem\",\"position\":1,\"name\":\"Home\",\"item\":\"https:\\\/\\\/www.koonings.com\\\/fr\\\/\"},{\"@type\":\"ListItem\",\"position\":2,\"name\":\"Olvi&rsquo;s 2497\"}]},{\"@type\":\"WebSite\",\"@id\":\"https:\\\/\\\/www.koonings.com\\\/fr\\\/#website\",\"url\":\"https:\\\/\\\/www.koonings.com\\\/fr\\\/\",\"name\":\"Koonings\",\"description\":\"De grootste bruidsmodewinkel ter wereld\",\"publisher\":{\"@id\":\"https:\\\/\\\/www.koonings.com\\\/fr\\\/#organization\"},\"potentialAction\":[{\"@type\":\"SearchAction\",\"target\":{\"@type\":\"EntryPoint\",\"urlTemplate\":\"https:\\\/\\\/www.koonings.com\\\/fr\\\/?s={search_term_string}\"},\"query-input\":{\"@type\":\"PropertyValueSpecification\",\"valueRequired\":true,\"valueName\":\"search_term_string\"}}],\"inLanguage\":\"fr-FR\"},{\"@type\":\"Organization\",\"@id\":\"https:\\\/\\\/www.koonings.com\\\/fr\\\/#organization\",\"name\":\"Koonings\",\"url\":\"https:\\\/\\\/www.koonings.com\\\/fr\\\/\",\"logo\":{\"@type\":\"ImageObject\",\"inLanguage\":\"fr-FR\",\"@id\":\"https:\\\/\\\/www.koonings.com\\\/fr\\\/#\\\/schema\\\/logo\\\/image\\\/\",\"url\":\"https:\\\/\\\/www.koonings.com\\\/wp-content\\\/uploads\\\/2024\\\/07\\\/logo.png\",\"contentUrl\":\"https:\\\/\\\/www.koonings.com\\\/wp-content\\\/uploads\\\/2024\\\/07\\\/logo.png\",\"width\":600,\"height\":428,\"caption\":\"Koonings\"},\"image\":{\"@id\":\"https:\\\/\\\/www.koonings.com\\\/fr\\\/#\\\/schema\\\/logo\\\/image\\\/\"},\"sameAs\":[\"https:\\\/\\\/www.facebook.com\\\/kooningstheweddingpalace\",\"https:\\\/\\\/www.instagram.com\\\/kooningstheweddingpalace\",\"https:\\\/\\\/www.pinterest.com\\\/koonings\",\"https:\\\/\\\/www.youtube.com\\\/kooningstheweddingpalace\"]}]}<\/script>\n<!-- \/ Yoast SEO plugin. -->","yoast_head_json":{"title":"Olvi's 2497 | Koonings","description":"Cette robe de mari\u00e9e de couleur nude de Olvi's a une silhouette de sir\u00e8ne. Le haut de la robe est en dentelle avec un d\u00e9collet\u00e9 illusion et la jupe est orn\u00e9e de dentelle. En outre, la robe est dot\u00e9e d'un panneau arri\u00e8re sp\u00e9cial et d'une manche \u00e0 capuchon.","robots":{"index":"index","follow":"follow","max-snippet":"max-snippet:-1","max-image-preview":"max-image-preview:large","max-video-preview":"max-video-preview:-1"},"canonical":"https:\/\/www.koonings.com\/fr\/product\/olvis-2497\/","og_locale":"fr_FR","og_type":"article","og_title":"Olvi's 2497 | Koonings","og_description":"Cette robe de mari\u00e9e de couleur nude de Olvi's a une silhouette de sir\u00e8ne. Le haut de la robe est en dentelle avec un d\u00e9collet\u00e9 illusion et la jupe est orn\u00e9e de dentelle. En outre, la robe est dot\u00e9e d'un panneau arri\u00e8re sp\u00e9cial et d'une manche \u00e0 capuchon.","og_url":"https:\/\/www.koonings.com\/fr\/product\/olvis-2497\/","og_site_name":"Koonings","article_publisher":"https:\/\/www.facebook.com\/kooningstheweddingpalace","og_image":[{"width":1703,"height":2560,"url":"https:\/\/www.koonings.com\/wp-content\/uploads\/2024\/11\/9223_11d1f1b7891af519e1e9bedc8a1fb4e00cf822d2e284b4344ff0b95279edcf3973db8e4e-scaled.jpeg","type":"image\/jpeg"}],"twitter_card":"summary_large_image","schema":{"@context":"https:\/\/schema.org","@graph":[{"@type":"WebPage","@id":"https:\/\/www.koonings.com\/fr\/product\/olvis-2497\/","url":"https:\/\/www.koonings.com\/fr\/product\/olvis-2497\/","name":"Olvi's 2497 | Koonings","isPartOf":{"@id":"https:\/\/www.koonings.com\/fr\/#website"},"primaryImageOfPage":{"@id":"https:\/\/www.koonings.com\/fr\/product\/olvis-2497\/#primaryimage"},"image":{"@id":"https:\/\/www.koonings.com\/fr\/product\/olvis-2497\/#primaryimage"},"thumbnailUrl":"https:\/\/www.koonings.com\/wp-content\/uploads\/2024\/11\/9223_11d1f1b7891af519e1e9bedc8a1fb4e00cf822d2e284b4344ff0b95279edcf3973db8e4e-scaled.jpeg","datePublished":"2026-05-06T13:02:36+00:00","description":"Cette robe de mari\u00e9e de couleur nude de Olvi's a une silhouette de sir\u00e8ne. Le haut de la robe est en dentelle avec un d\u00e9collet\u00e9 illusion et la jupe est orn\u00e9e de dentelle. En outre, la robe est dot\u00e9e d'un panneau arri\u00e8re sp\u00e9cial et d'une manche \u00e0 capuchon.","breadcrumb":{"@id":"https:\/\/www.koonings.com\/fr\/product\/olvis-2497\/#breadcrumb"},"inLanguage":"fr-FR","potentialAction":[{"@type":"ReadAction","target":["https:\/\/www.koonings.com\/fr\/product\/olvis-2497\/"]}]},{"@type":"ImageObject","inLanguage":"fr-FR","@id":"https:\/\/www.koonings.com\/fr\/product\/olvis-2497\/#primaryimage","url":"https:\/\/www.koonings.com\/wp-content\/uploads\/2024\/11\/9223_11d1f1b7891af519e1e9bedc8a1fb4e00cf822d2e284b4344ff0b95279edcf3973db8e4e-scaled.jpeg","contentUrl":"https:\/\/www.koonings.com\/wp-content\/uploads\/2024\/11\/9223_11d1f1b7891af519e1e9bedc8a1fb4e00cf822d2e284b4344ff0b95279edcf3973db8e4e-scaled.jpeg","width":1703,"height":2560},{"@type":"BreadcrumbList","@id":"https:\/\/www.koonings.com\/fr\/product\/olvis-2497\/#breadcrumb","itemListElement":[{"@type":"ListItem","position":1,"name":"Home","item":"https:\/\/www.koonings.com\/fr\/"},{"@type":"ListItem","position":2,"name":"Olvi&rsquo;s 2497"}]},{"@type":"WebSite","@id":"https:\/\/www.koonings.com\/fr\/#website","url":"https:\/\/www.koonings.com\/fr\/","name":"Koonings","description":"De grootste bruidsmodewinkel ter wereld","publisher":{"@id":"https:\/\/www.koonings.com\/fr\/#organization"},"potentialAction":[{"@type":"SearchAction","target":{"@type":"EntryPoint","urlTemplate":"https:\/\/www.koonings.com\/fr\/?s={search_term_string}"},"query-input":{"@type":"PropertyValueSpecification","valueRequired":true,"valueName":"search_term_string"}}],"inLanguage":"fr-FR"},{"@type":"Organization","@id":"https:\/\/www.koonings.com\/fr\/#organization","name":"Koonings","url":"https:\/\/www.koonings.com\/fr\/","logo":{"@type":"ImageObject","inLanguage":"fr-FR","@id":"https:\/\/www.koonings.com\/fr\/#\/schema\/logo\/image\/","url":"https:\/\/www.koonings.com\/wp-content\/uploads\/2024\/07\/logo.png","contentUrl":"https:\/\/www.koonings.com\/wp-content\/uploads\/2024\/07\/logo.png","width":600,"height":428,"caption":"Koonings"},"image":{"@id":"https:\/\/www.koonings.com\/fr\/#\/schema\/logo\/image\/"},"sameAs":["https:\/\/www.facebook.com\/kooningstheweddingpalace","https:\/\/www.instagram.com\/kooningstheweddingpalace","https:\/\/www.pinterest.com\/koonings","https:\/\/www.youtube.com\/kooningstheweddingpalace"]}]}},"_links":{"self":[{"href":"https:\/\/www.koonings.com\/fr\/wp-json\/wp\/v2\/product\/78635","targetHints":{"allow":["GET"]}}],"collection":[{"href":"https:\/\/www.koonings.com\/fr\/wp-json\/wp\/v2\/product"}],"about":[{"href":"https:\/\/www.koonings.com\/fr\/wp-json\/wp\/v2\/types\/product"}],"wp:featuredmedia":[{"embeddable":true,"href":"https:\/\/www.koonings.com\/fr\/wp-json\/wp\/v2\/media\/62833"}],"wp:attachment":[{"href":"https:\/\/www.koonings.com\/fr\/wp-json\/wp\/v2\/media?parent=78635"}],"wp:term":[{"taxonomy":"productdetails","embeddable":true,"href":"https:\/\/www.koonings.com\/fr\/wp-json\/wp\/v2\/productdetails?post=78635"},{"taxonomy":"productneck","embeddable":true,"href":"https:\/\/www.koonings.com\/fr\/wp-json\/wp\/v2\/productneck?post=78635"},{"taxonomy":"productcolor","embeddable":true,"href":"https:\/\/www.koonings.com\/fr\/wp-json\/wp\/v2\/productcolor?post=78635"},{"taxonomy":"maat","embeddable":true,"href":"https:\/\/www.koonings.com\/fr\/wp-json\/wp\/v2\/maat?post=78635"},{"taxonomy":"productsupplier","embeddable":true,"href":"https:\/\/www.koonings.com\/fr\/wp-json\/wp\/v2\/productsupplier?post=78635"},{"taxonomy":"productsleeve","embeddable":true,"href":"https:\/\/www.koonings.com\/fr\/wp-json\/wp\/v2\/productsleeve?post=78635"},{"taxonomy":"productcategory","embeddable":true,"href":"https:\/\/www.koonings.com\/fr\/wp-json\/wp\/v2\/productcategory?post=78635"},{"taxonomy":"productsilhouette","embeddable":true,"href":"https:\/\/www.koonings.com\/fr\/wp-json\/wp\/v2\/productsilhouette?post=78635"},{"taxonomy":"productstyle","embeddable":true,"href":"https:\/\/www.koonings.com\/fr\/wp-json\/wp\/v2\/productstyle?post=78635"}],"curies":[{"name":"wp","href":"https:\/\/api.w.org\/{rel}","templated":true}]}}