{"id":78619,"date":"2026-05-06T15:02:37","date_gmt":"2026-05-06T13:02:37","guid":{"rendered":"https:\/\/www.koonings.com\/product\/olvis-1578-sw\/"},"modified":"2026-02-16T14:46:04","modified_gmt":"2026-02-16T13:46:04","slug":"olvis-1578-sw","status":"publish","type":"product","link":"https:\/\/www.koonings.com\/fr\/product\/olvis-1578-sw\/","title":{"rendered":"Olvi&#8217;s 1578 SW"},"content":{"rendered":"<p>Cette robe de mari\u00e9e ivoire de Olvi&#8217;s pr\u00e9sente une silhouette de sir\u00e8ne. Elle est compos\u00e9e d&#8217;un haut en dentelle avec un d\u00e9collet\u00e9 illusion et d&#8217;une jupe en dentelle souple. En outre, la robe pr\u00e9sente un panneau sp\u00e9cial dans le dos et des manches courtes.  <\/p>\n","protected":false},"featured_media":62858,"template":"","meta":{"_acf_changed":false,"ghostkit_customizer_options":"","ghostkit_custom_css":"","ghostkit_custom_js_head":"","ghostkit_custom_js_foot":"","ghostkit_typography":""},"productdetails":[382,376],"productneck":[350],"productcolor":[392],"maat":[],"productsupplier":[474],"productsleeve":[361],"productcategory":[18],"productsilhouette":[387,390],"productstyle":[369],"class_list":["post-78619","product","type-product","status-publish","has-post-thumbnail","hentry","productdetails-382","productdetails-376","productneck-350","productcolor-392","productsupplier-olvis","productsleeve-361","productcategory-trouwjurken","productsilhouette-387","productsilhouette-390","productstyle-369"],"acf":[],"yoast_head":"<!-- This site is optimized with the Yoast SEO plugin v27.3 - https:\/\/yoast.com\/product\/yoast-seo-wordpress\/ -->\n<title>Olvi&#039;s 1578 SW | Koonings<\/title>\n<meta name=\"description\" content=\"Cette robe de mari\u00e9e ivoire de Olvi&#039;s pr\u00e9sente une silhouette de sir\u00e8ne. Elle est compos\u00e9e d&#039;un haut en dentelle avec un d\u00e9collet\u00e9 illusion et d&#039;une jupe en dentelle souple. En outre, la robe pr\u00e9sente un panneau sp\u00e9cial dans le dos et des manches courtes.\" \/>\n<meta name=\"robots\" content=\"index, follow, max-snippet:-1, max-image-preview:large, max-video-preview:-1\" \/>\n<link rel=\"canonical\" href=\"https:\/\/www.koonings.com\/fr\/product\/olvis-1578-sw\/\" \/>\n<meta property=\"og:locale\" content=\"fr_FR\" \/>\n<meta property=\"og:type\" content=\"article\" \/>\n<meta property=\"og:title\" content=\"Olvi&#039;s 1578 SW | Koonings\" \/>\n<meta property=\"og:description\" content=\"Cette robe de mari\u00e9e ivoire de Olvi&#039;s pr\u00e9sente une silhouette de sir\u00e8ne. Elle est compos\u00e9e d&#039;un haut en dentelle avec un d\u00e9collet\u00e9 illusion et d&#039;une jupe en dentelle souple. En outre, la robe pr\u00e9sente un panneau sp\u00e9cial dans le dos et des manches courtes.\" \/>\n<meta property=\"og:url\" content=\"https:\/\/www.koonings.com\/fr\/product\/olvis-1578-sw\/\" \/>\n<meta property=\"og:site_name\" content=\"Koonings\" \/>\n<meta property=\"article:publisher\" content=\"https:\/\/www.facebook.com\/kooningstheweddingpalace\" \/>\n<meta property=\"og:image\" content=\"https:\/\/www.koonings.com\/wp-content\/uploads\/2024\/11\/9241_6b12e565a6ce8ab03f518c4c1f8e561dc6d4aed9ba10671797ad350d57e02389c6314418.jpeg\" \/>\n\t<meta property=\"og:image:width\" content=\"659\" \/>\n\t<meta property=\"og:image:height\" content=\"932\" \/>\n\t<meta property=\"og:image:type\" content=\"image\/jpeg\" \/>\n<meta name=\"twitter:card\" content=\"summary_large_image\" \/>\n<script type=\"application\/ld+json\" class=\"yoast-schema-graph\">{\"@context\":\"https:\\\/\\\/schema.org\",\"@graph\":[{\"@type\":\"WebPage\",\"@id\":\"https:\\\/\\\/www.koonings.com\\\/fr\\\/product\\\/olvis-1578-sw\\\/\",\"url\":\"https:\\\/\\\/www.koonings.com\\\/fr\\\/product\\\/olvis-1578-sw\\\/\",\"name\":\"Olvi's 1578 SW | Koonings\",\"isPartOf\":{\"@id\":\"https:\\\/\\\/www.koonings.com\\\/fr\\\/#website\"},\"primaryImageOfPage\":{\"@id\":\"https:\\\/\\\/www.koonings.com\\\/fr\\\/product\\\/olvis-1578-sw\\\/#primaryimage\"},\"image\":{\"@id\":\"https:\\\/\\\/www.koonings.com\\\/fr\\\/product\\\/olvis-1578-sw\\\/#primaryimage\"},\"thumbnailUrl\":\"https:\\\/\\\/www.koonings.com\\\/wp-content\\\/uploads\\\/2024\\\/11\\\/9241_6b12e565a6ce8ab03f518c4c1f8e561dc6d4aed9ba10671797ad350d57e02389c6314418.jpeg\",\"datePublished\":\"2026-05-06T13:02:37+00:00\",\"description\":\"Cette robe de mari\u00e9e ivoire de Olvi's pr\u00e9sente une silhouette de sir\u00e8ne. Elle est compos\u00e9e d'un haut en dentelle avec un d\u00e9collet\u00e9 illusion et d'une jupe en dentelle souple. En outre, la robe pr\u00e9sente un panneau sp\u00e9cial dans le dos et des manches courtes.\",\"breadcrumb\":{\"@id\":\"https:\\\/\\\/www.koonings.com\\\/fr\\\/product\\\/olvis-1578-sw\\\/#breadcrumb\"},\"inLanguage\":\"fr-FR\",\"potentialAction\":[{\"@type\":\"ReadAction\",\"target\":[\"https:\\\/\\\/www.koonings.com\\\/fr\\\/product\\\/olvis-1578-sw\\\/\"]}]},{\"@type\":\"ImageObject\",\"inLanguage\":\"fr-FR\",\"@id\":\"https:\\\/\\\/www.koonings.com\\\/fr\\\/product\\\/olvis-1578-sw\\\/#primaryimage\",\"url\":\"https:\\\/\\\/www.koonings.com\\\/wp-content\\\/uploads\\\/2024\\\/11\\\/9241_6b12e565a6ce8ab03f518c4c1f8e561dc6d4aed9ba10671797ad350d57e02389c6314418.jpeg\",\"contentUrl\":\"https:\\\/\\\/www.koonings.com\\\/wp-content\\\/uploads\\\/2024\\\/11\\\/9241_6b12e565a6ce8ab03f518c4c1f8e561dc6d4aed9ba10671797ad350d57e02389c6314418.jpeg\",\"width\":659,\"height\":932},{\"@type\":\"BreadcrumbList\",\"@id\":\"https:\\\/\\\/www.koonings.com\\\/fr\\\/product\\\/olvis-1578-sw\\\/#breadcrumb\",\"itemListElement\":[{\"@type\":\"ListItem\",\"position\":1,\"name\":\"Home\",\"item\":\"https:\\\/\\\/www.koonings.com\\\/fr\\\/\"},{\"@type\":\"ListItem\",\"position\":2,\"name\":\"Olvi&rsquo;s 1578 SW\"}]},{\"@type\":\"WebSite\",\"@id\":\"https:\\\/\\\/www.koonings.com\\\/fr\\\/#website\",\"url\":\"https:\\\/\\\/www.koonings.com\\\/fr\\\/\",\"name\":\"Koonings\",\"description\":\"De grootste bruidsmodewinkel ter wereld\",\"publisher\":{\"@id\":\"https:\\\/\\\/www.koonings.com\\\/fr\\\/#organization\"},\"potentialAction\":[{\"@type\":\"SearchAction\",\"target\":{\"@type\":\"EntryPoint\",\"urlTemplate\":\"https:\\\/\\\/www.koonings.com\\\/fr\\\/?s={search_term_string}\"},\"query-input\":{\"@type\":\"PropertyValueSpecification\",\"valueRequired\":true,\"valueName\":\"search_term_string\"}}],\"inLanguage\":\"fr-FR\"},{\"@type\":\"Organization\",\"@id\":\"https:\\\/\\\/www.koonings.com\\\/fr\\\/#organization\",\"name\":\"Koonings\",\"url\":\"https:\\\/\\\/www.koonings.com\\\/fr\\\/\",\"logo\":{\"@type\":\"ImageObject\",\"inLanguage\":\"fr-FR\",\"@id\":\"https:\\\/\\\/www.koonings.com\\\/fr\\\/#\\\/schema\\\/logo\\\/image\\\/\",\"url\":\"https:\\\/\\\/www.koonings.com\\\/wp-content\\\/uploads\\\/2024\\\/07\\\/logo.png\",\"contentUrl\":\"https:\\\/\\\/www.koonings.com\\\/wp-content\\\/uploads\\\/2024\\\/07\\\/logo.png\",\"width\":600,\"height\":428,\"caption\":\"Koonings\"},\"image\":{\"@id\":\"https:\\\/\\\/www.koonings.com\\\/fr\\\/#\\\/schema\\\/logo\\\/image\\\/\"},\"sameAs\":[\"https:\\\/\\\/www.facebook.com\\\/kooningstheweddingpalace\",\"https:\\\/\\\/www.instagram.com\\\/kooningstheweddingpalace\",\"https:\\\/\\\/www.pinterest.com\\\/koonings\",\"https:\\\/\\\/www.youtube.com\\\/kooningstheweddingpalace\"]}]}<\/script>\n<!-- \/ Yoast SEO plugin. -->","yoast_head_json":{"title":"Olvi's 1578 SW | Koonings","description":"Cette robe de mari\u00e9e ivoire de Olvi's pr\u00e9sente une silhouette de sir\u00e8ne. Elle est compos\u00e9e d'un haut en dentelle avec un d\u00e9collet\u00e9 illusion et d'une jupe en dentelle souple. En outre, la robe pr\u00e9sente un panneau sp\u00e9cial dans le dos et des manches courtes.","robots":{"index":"index","follow":"follow","max-snippet":"max-snippet:-1","max-image-preview":"max-image-preview:large","max-video-preview":"max-video-preview:-1"},"canonical":"https:\/\/www.koonings.com\/fr\/product\/olvis-1578-sw\/","og_locale":"fr_FR","og_type":"article","og_title":"Olvi's 1578 SW | Koonings","og_description":"Cette robe de mari\u00e9e ivoire de Olvi's pr\u00e9sente une silhouette de sir\u00e8ne. Elle est compos\u00e9e d'un haut en dentelle avec un d\u00e9collet\u00e9 illusion et d'une jupe en dentelle souple. En outre, la robe pr\u00e9sente un panneau sp\u00e9cial dans le dos et des manches courtes.","og_url":"https:\/\/www.koonings.com\/fr\/product\/olvis-1578-sw\/","og_site_name":"Koonings","article_publisher":"https:\/\/www.facebook.com\/kooningstheweddingpalace","og_image":[{"width":659,"height":932,"url":"https:\/\/www.koonings.com\/wp-content\/uploads\/2024\/11\/9241_6b12e565a6ce8ab03f518c4c1f8e561dc6d4aed9ba10671797ad350d57e02389c6314418.jpeg","type":"image\/jpeg"}],"twitter_card":"summary_large_image","schema":{"@context":"https:\/\/schema.org","@graph":[{"@type":"WebPage","@id":"https:\/\/www.koonings.com\/fr\/product\/olvis-1578-sw\/","url":"https:\/\/www.koonings.com\/fr\/product\/olvis-1578-sw\/","name":"Olvi's 1578 SW | Koonings","isPartOf":{"@id":"https:\/\/www.koonings.com\/fr\/#website"},"primaryImageOfPage":{"@id":"https:\/\/www.koonings.com\/fr\/product\/olvis-1578-sw\/#primaryimage"},"image":{"@id":"https:\/\/www.koonings.com\/fr\/product\/olvis-1578-sw\/#primaryimage"},"thumbnailUrl":"https:\/\/www.koonings.com\/wp-content\/uploads\/2024\/11\/9241_6b12e565a6ce8ab03f518c4c1f8e561dc6d4aed9ba10671797ad350d57e02389c6314418.jpeg","datePublished":"2026-05-06T13:02:37+00:00","description":"Cette robe de mari\u00e9e ivoire de Olvi's pr\u00e9sente une silhouette de sir\u00e8ne. Elle est compos\u00e9e d'un haut en dentelle avec un d\u00e9collet\u00e9 illusion et d'une jupe en dentelle souple. En outre, la robe pr\u00e9sente un panneau sp\u00e9cial dans le dos et des manches courtes.","breadcrumb":{"@id":"https:\/\/www.koonings.com\/fr\/product\/olvis-1578-sw\/#breadcrumb"},"inLanguage":"fr-FR","potentialAction":[{"@type":"ReadAction","target":["https:\/\/www.koonings.com\/fr\/product\/olvis-1578-sw\/"]}]},{"@type":"ImageObject","inLanguage":"fr-FR","@id":"https:\/\/www.koonings.com\/fr\/product\/olvis-1578-sw\/#primaryimage","url":"https:\/\/www.koonings.com\/wp-content\/uploads\/2024\/11\/9241_6b12e565a6ce8ab03f518c4c1f8e561dc6d4aed9ba10671797ad350d57e02389c6314418.jpeg","contentUrl":"https:\/\/www.koonings.com\/wp-content\/uploads\/2024\/11\/9241_6b12e565a6ce8ab03f518c4c1f8e561dc6d4aed9ba10671797ad350d57e02389c6314418.jpeg","width":659,"height":932},{"@type":"BreadcrumbList","@id":"https:\/\/www.koonings.com\/fr\/product\/olvis-1578-sw\/#breadcrumb","itemListElement":[{"@type":"ListItem","position":1,"name":"Home","item":"https:\/\/www.koonings.com\/fr\/"},{"@type":"ListItem","position":2,"name":"Olvi&rsquo;s 1578 SW"}]},{"@type":"WebSite","@id":"https:\/\/www.koonings.com\/fr\/#website","url":"https:\/\/www.koonings.com\/fr\/","name":"Koonings","description":"De grootste bruidsmodewinkel ter wereld","publisher":{"@id":"https:\/\/www.koonings.com\/fr\/#organization"},"potentialAction":[{"@type":"SearchAction","target":{"@type":"EntryPoint","urlTemplate":"https:\/\/www.koonings.com\/fr\/?s={search_term_string}"},"query-input":{"@type":"PropertyValueSpecification","valueRequired":true,"valueName":"search_term_string"}}],"inLanguage":"fr-FR"},{"@type":"Organization","@id":"https:\/\/www.koonings.com\/fr\/#organization","name":"Koonings","url":"https:\/\/www.koonings.com\/fr\/","logo":{"@type":"ImageObject","inLanguage":"fr-FR","@id":"https:\/\/www.koonings.com\/fr\/#\/schema\/logo\/image\/","url":"https:\/\/www.koonings.com\/wp-content\/uploads\/2024\/07\/logo.png","contentUrl":"https:\/\/www.koonings.com\/wp-content\/uploads\/2024\/07\/logo.png","width":600,"height":428,"caption":"Koonings"},"image":{"@id":"https:\/\/www.koonings.com\/fr\/#\/schema\/logo\/image\/"},"sameAs":["https:\/\/www.facebook.com\/kooningstheweddingpalace","https:\/\/www.instagram.com\/kooningstheweddingpalace","https:\/\/www.pinterest.com\/koonings","https:\/\/www.youtube.com\/kooningstheweddingpalace"]}]}},"_links":{"self":[{"href":"https:\/\/www.koonings.com\/fr\/wp-json\/wp\/v2\/product\/78619","targetHints":{"allow":["GET"]}}],"collection":[{"href":"https:\/\/www.koonings.com\/fr\/wp-json\/wp\/v2\/product"}],"about":[{"href":"https:\/\/www.koonings.com\/fr\/wp-json\/wp\/v2\/types\/product"}],"wp:featuredmedia":[{"embeddable":true,"href":"https:\/\/www.koonings.com\/fr\/wp-json\/wp\/v2\/media\/62858"}],"wp:attachment":[{"href":"https:\/\/www.koonings.com\/fr\/wp-json\/wp\/v2\/media?parent=78619"}],"wp:term":[{"taxonomy":"productdetails","embeddable":true,"href":"https:\/\/www.koonings.com\/fr\/wp-json\/wp\/v2\/productdetails?post=78619"},{"taxonomy":"productneck","embeddable":true,"href":"https:\/\/www.koonings.com\/fr\/wp-json\/wp\/v2\/productneck?post=78619"},{"taxonomy":"productcolor","embeddable":true,"href":"https:\/\/www.koonings.com\/fr\/wp-json\/wp\/v2\/productcolor?post=78619"},{"taxonomy":"maat","embeddable":true,"href":"https:\/\/www.koonings.com\/fr\/wp-json\/wp\/v2\/maat?post=78619"},{"taxonomy":"productsupplier","embeddable":true,"href":"https:\/\/www.koonings.com\/fr\/wp-json\/wp\/v2\/productsupplier?post=78619"},{"taxonomy":"productsleeve","embeddable":true,"href":"https:\/\/www.koonings.com\/fr\/wp-json\/wp\/v2\/productsleeve?post=78619"},{"taxonomy":"productcategory","embeddable":true,"href":"https:\/\/www.koonings.com\/fr\/wp-json\/wp\/v2\/productcategory?post=78619"},{"taxonomy":"productsilhouette","embeddable":true,"href":"https:\/\/www.koonings.com\/fr\/wp-json\/wp\/v2\/productsilhouette?post=78619"},{"taxonomy":"productstyle","embeddable":true,"href":"https:\/\/www.koonings.com\/fr\/wp-json\/wp\/v2\/productstyle?post=78619"}],"curies":[{"name":"wp","href":"https:\/\/api.w.org\/{rel}","templated":true}]}}