{"id":78611,"date":"2025-12-15T00:06:04","date_gmt":"2025-12-14T23:06:04","guid":{"rendered":"https:\/\/www.koonings.com\/product\/tarik-ediz-92805\/"},"modified":"2026-02-03T19:33:26","modified_gmt":"2026-02-03T18:33:26","slug":"tarik-ediz-92805","status":"publish","type":"product","link":"https:\/\/www.koonings.com\/fr\/product\/tarik-ediz-92805\/","title":{"rendered":"Tarik Ediz 92805"},"content":{"rendered":"<p>Cette robe noire de Tarik Ediz pr\u00e9sente une silhouette ajust\u00e9e. Le haut pr\u00e9sente un d\u00e9collet\u00e9 ferm\u00e9 avec des bretelles et un panneau arri\u00e8re sp\u00e9cial ajour\u00e9 et compos\u00e9 de perles. La jupe est ajust\u00e9e et comporte une tra\u00eene. Cette robe est parfaite pour un gala, une cravate noire ou un tapis rouge.   <\/p>\n","protected":false},"featured_media":62893,"template":"","meta":{"_acf_changed":false,"ghostkit_customizer_options":"","ghostkit_custom_css":"","ghostkit_custom_js_head":"","ghostkit_custom_js_foot":"","ghostkit_typography":""},"productdetails":[382],"productneck":[350],"productcolor":[394],"maat":[],"productsupplier":[472],"productsleeve":[],"productcategory":[259],"productsilhouette":[389],"productstyle":[369],"class_list":["post-78611","product","type-product","status-publish","has-post-thumbnail","hentry","productdetails-382","productneck-350","productcolor-394","productsupplier-tarik-ediz","productcategory-avondkleding","productsilhouette-389","productstyle-369"],"acf":[],"yoast_head":"<!-- This site is optimized with the Yoast SEO plugin v27.3 - https:\/\/yoast.com\/product\/yoast-seo-wordpress\/ -->\n<title>Tarik Ediz 92805 | Koonings<\/title>\n<meta name=\"description\" content=\"Cette robe noire de Tarik Ediz pr\u00e9sente une silhouette ajust\u00e9e. Le haut pr\u00e9sente un d\u00e9collet\u00e9 ferm\u00e9 avec des bretelles et un panneau arri\u00e8re sp\u00e9cial ajour\u00e9 et compos\u00e9 de perles. La jupe est ajust\u00e9e et comporte une tra\u00eene. Cette robe est parfaite pour un gala, une cravate noire ou un tapis rouge.\" \/>\n<meta name=\"robots\" content=\"index, follow, max-snippet:-1, max-image-preview:large, max-video-preview:-1\" \/>\n<link rel=\"canonical\" href=\"https:\/\/www.koonings.com\/fr\/product\/tarik-ediz-92805\/\" \/>\n<meta property=\"og:locale\" content=\"fr_FR\" \/>\n<meta property=\"og:type\" content=\"article\" \/>\n<meta property=\"og:title\" content=\"Tarik Ediz 92805 | Koonings\" \/>\n<meta property=\"og:description\" content=\"Cette robe noire de Tarik Ediz pr\u00e9sente une silhouette ajust\u00e9e. Le haut pr\u00e9sente un d\u00e9collet\u00e9 ferm\u00e9 avec des bretelles et un panneau arri\u00e8re sp\u00e9cial ajour\u00e9 et compos\u00e9 de perles. La jupe est ajust\u00e9e et comporte une tra\u00eene. Cette robe est parfaite pour un gala, une cravate noire ou un tapis rouge.\" \/>\n<meta property=\"og:url\" content=\"https:\/\/www.koonings.com\/fr\/product\/tarik-ediz-92805\/\" \/>\n<meta property=\"og:site_name\" content=\"Koonings\" \/>\n<meta property=\"article:publisher\" content=\"https:\/\/www.facebook.com\/kooningstheweddingpalace\" \/>\n<meta property=\"article:modified_time\" content=\"2026-02-03T18:33:26+00:00\" \/>\n<meta property=\"og:image\" content=\"https:\/\/www.koonings.com\/wp-content\/uploads\/2024\/11\/20454_9d6678bb4689e431edcacc16ee3498d1f834f7de7b8f9a2a5a12dbcf6e809322abbc7a56-scaled.jpeg\" \/>\n\t<meta property=\"og:image:width\" content=\"1808\" \/>\n\t<meta property=\"og:image:height\" content=\"2560\" \/>\n\t<meta property=\"og:image:type\" content=\"image\/jpeg\" \/>\n<meta name=\"twitter:card\" content=\"summary_large_image\" \/>\n<script type=\"application\/ld+json\" class=\"yoast-schema-graph\">{\"@context\":\"https:\\\/\\\/schema.org\",\"@graph\":[{\"@type\":\"WebPage\",\"@id\":\"https:\\\/\\\/www.koonings.com\\\/fr\\\/product\\\/tarik-ediz-92805\\\/\",\"url\":\"https:\\\/\\\/www.koonings.com\\\/fr\\\/product\\\/tarik-ediz-92805\\\/\",\"name\":\"Tarik Ediz 92805 | Koonings\",\"isPartOf\":{\"@id\":\"https:\\\/\\\/www.koonings.com\\\/fr\\\/#website\"},\"primaryImageOfPage\":{\"@id\":\"https:\\\/\\\/www.koonings.com\\\/fr\\\/product\\\/tarik-ediz-92805\\\/#primaryimage\"},\"image\":{\"@id\":\"https:\\\/\\\/www.koonings.com\\\/fr\\\/product\\\/tarik-ediz-92805\\\/#primaryimage\"},\"thumbnailUrl\":\"https:\\\/\\\/www.koonings.com\\\/wp-content\\\/uploads\\\/2024\\\/11\\\/20454_9d6678bb4689e431edcacc16ee3498d1f834f7de7b8f9a2a5a12dbcf6e809322abbc7a56-scaled.jpeg\",\"datePublished\":\"2025-12-14T23:06:04+00:00\",\"dateModified\":\"2026-02-03T18:33:26+00:00\",\"description\":\"Cette robe noire de Tarik Ediz pr\u00e9sente une silhouette ajust\u00e9e. Le haut pr\u00e9sente un d\u00e9collet\u00e9 ferm\u00e9 avec des bretelles et un panneau arri\u00e8re sp\u00e9cial ajour\u00e9 et compos\u00e9 de perles. La jupe est ajust\u00e9e et comporte une tra\u00eene. Cette robe est parfaite pour un gala, une cravate noire ou un tapis rouge.\",\"breadcrumb\":{\"@id\":\"https:\\\/\\\/www.koonings.com\\\/fr\\\/product\\\/tarik-ediz-92805\\\/#breadcrumb\"},\"inLanguage\":\"fr-FR\",\"potentialAction\":[{\"@type\":\"ReadAction\",\"target\":[\"https:\\\/\\\/www.koonings.com\\\/fr\\\/product\\\/tarik-ediz-92805\\\/\"]}]},{\"@type\":\"ImageObject\",\"inLanguage\":\"fr-FR\",\"@id\":\"https:\\\/\\\/www.koonings.com\\\/fr\\\/product\\\/tarik-ediz-92805\\\/#primaryimage\",\"url\":\"https:\\\/\\\/www.koonings.com\\\/wp-content\\\/uploads\\\/2024\\\/11\\\/20454_9d6678bb4689e431edcacc16ee3498d1f834f7de7b8f9a2a5a12dbcf6e809322abbc7a56-scaled.jpeg\",\"contentUrl\":\"https:\\\/\\\/www.koonings.com\\\/wp-content\\\/uploads\\\/2024\\\/11\\\/20454_9d6678bb4689e431edcacc16ee3498d1f834f7de7b8f9a2a5a12dbcf6e809322abbc7a56-scaled.jpeg\",\"width\":1808,\"height\":2560},{\"@type\":\"BreadcrumbList\",\"@id\":\"https:\\\/\\\/www.koonings.com\\\/fr\\\/product\\\/tarik-ediz-92805\\\/#breadcrumb\",\"itemListElement\":[{\"@type\":\"ListItem\",\"position\":1,\"name\":\"Home\",\"item\":\"https:\\\/\\\/www.koonings.com\\\/fr\\\/\"},{\"@type\":\"ListItem\",\"position\":2,\"name\":\"Tarik Ediz 92805\"}]},{\"@type\":\"WebSite\",\"@id\":\"https:\\\/\\\/www.koonings.com\\\/fr\\\/#website\",\"url\":\"https:\\\/\\\/www.koonings.com\\\/fr\\\/\",\"name\":\"Koonings\",\"description\":\"De grootste bruidsmodewinkel ter wereld\",\"publisher\":{\"@id\":\"https:\\\/\\\/www.koonings.com\\\/fr\\\/#organization\"},\"potentialAction\":[{\"@type\":\"SearchAction\",\"target\":{\"@type\":\"EntryPoint\",\"urlTemplate\":\"https:\\\/\\\/www.koonings.com\\\/fr\\\/?s={search_term_string}\"},\"query-input\":{\"@type\":\"PropertyValueSpecification\",\"valueRequired\":true,\"valueName\":\"search_term_string\"}}],\"inLanguage\":\"fr-FR\"},{\"@type\":\"Organization\",\"@id\":\"https:\\\/\\\/www.koonings.com\\\/fr\\\/#organization\",\"name\":\"Koonings\",\"url\":\"https:\\\/\\\/www.koonings.com\\\/fr\\\/\",\"logo\":{\"@type\":\"ImageObject\",\"inLanguage\":\"fr-FR\",\"@id\":\"https:\\\/\\\/www.koonings.com\\\/fr\\\/#\\\/schema\\\/logo\\\/image\\\/\",\"url\":\"https:\\\/\\\/www.koonings.com\\\/wp-content\\\/uploads\\\/2024\\\/07\\\/logo.png\",\"contentUrl\":\"https:\\\/\\\/www.koonings.com\\\/wp-content\\\/uploads\\\/2024\\\/07\\\/logo.png\",\"width\":600,\"height\":428,\"caption\":\"Koonings\"},\"image\":{\"@id\":\"https:\\\/\\\/www.koonings.com\\\/fr\\\/#\\\/schema\\\/logo\\\/image\\\/\"},\"sameAs\":[\"https:\\\/\\\/www.facebook.com\\\/kooningstheweddingpalace\",\"https:\\\/\\\/www.instagram.com\\\/kooningstheweddingpalace\",\"https:\\\/\\\/www.pinterest.com\\\/koonings\",\"https:\\\/\\\/www.youtube.com\\\/kooningstheweddingpalace\"]}]}<\/script>\n<!-- \/ Yoast SEO plugin. -->","yoast_head_json":{"title":"Tarik Ediz 92805 | Koonings","description":"Cette robe noire de Tarik Ediz pr\u00e9sente une silhouette ajust\u00e9e. Le haut pr\u00e9sente un d\u00e9collet\u00e9 ferm\u00e9 avec des bretelles et un panneau arri\u00e8re sp\u00e9cial ajour\u00e9 et compos\u00e9 de perles. La jupe est ajust\u00e9e et comporte une tra\u00eene. Cette robe est parfaite pour un gala, une cravate noire ou un tapis rouge.","robots":{"index":"index","follow":"follow","max-snippet":"max-snippet:-1","max-image-preview":"max-image-preview:large","max-video-preview":"max-video-preview:-1"},"canonical":"https:\/\/www.koonings.com\/fr\/product\/tarik-ediz-92805\/","og_locale":"fr_FR","og_type":"article","og_title":"Tarik Ediz 92805 | Koonings","og_description":"Cette robe noire de Tarik Ediz pr\u00e9sente une silhouette ajust\u00e9e. Le haut pr\u00e9sente un d\u00e9collet\u00e9 ferm\u00e9 avec des bretelles et un panneau arri\u00e8re sp\u00e9cial ajour\u00e9 et compos\u00e9 de perles. La jupe est ajust\u00e9e et comporte une tra\u00eene. Cette robe est parfaite pour un gala, une cravate noire ou un tapis rouge.","og_url":"https:\/\/www.koonings.com\/fr\/product\/tarik-ediz-92805\/","og_site_name":"Koonings","article_publisher":"https:\/\/www.facebook.com\/kooningstheweddingpalace","article_modified_time":"2026-02-03T18:33:26+00:00","og_image":[{"width":1808,"height":2560,"url":"https:\/\/www.koonings.com\/wp-content\/uploads\/2024\/11\/20454_9d6678bb4689e431edcacc16ee3498d1f834f7de7b8f9a2a5a12dbcf6e809322abbc7a56-scaled.jpeg","type":"image\/jpeg"}],"twitter_card":"summary_large_image","schema":{"@context":"https:\/\/schema.org","@graph":[{"@type":"WebPage","@id":"https:\/\/www.koonings.com\/fr\/product\/tarik-ediz-92805\/","url":"https:\/\/www.koonings.com\/fr\/product\/tarik-ediz-92805\/","name":"Tarik Ediz 92805 | Koonings","isPartOf":{"@id":"https:\/\/www.koonings.com\/fr\/#website"},"primaryImageOfPage":{"@id":"https:\/\/www.koonings.com\/fr\/product\/tarik-ediz-92805\/#primaryimage"},"image":{"@id":"https:\/\/www.koonings.com\/fr\/product\/tarik-ediz-92805\/#primaryimage"},"thumbnailUrl":"https:\/\/www.koonings.com\/wp-content\/uploads\/2024\/11\/20454_9d6678bb4689e431edcacc16ee3498d1f834f7de7b8f9a2a5a12dbcf6e809322abbc7a56-scaled.jpeg","datePublished":"2025-12-14T23:06:04+00:00","dateModified":"2026-02-03T18:33:26+00:00","description":"Cette robe noire de Tarik Ediz pr\u00e9sente une silhouette ajust\u00e9e. Le haut pr\u00e9sente un d\u00e9collet\u00e9 ferm\u00e9 avec des bretelles et un panneau arri\u00e8re sp\u00e9cial ajour\u00e9 et compos\u00e9 de perles. La jupe est ajust\u00e9e et comporte une tra\u00eene. Cette robe est parfaite pour un gala, une cravate noire ou un tapis rouge.","breadcrumb":{"@id":"https:\/\/www.koonings.com\/fr\/product\/tarik-ediz-92805\/#breadcrumb"},"inLanguage":"fr-FR","potentialAction":[{"@type":"ReadAction","target":["https:\/\/www.koonings.com\/fr\/product\/tarik-ediz-92805\/"]}]},{"@type":"ImageObject","inLanguage":"fr-FR","@id":"https:\/\/www.koonings.com\/fr\/product\/tarik-ediz-92805\/#primaryimage","url":"https:\/\/www.koonings.com\/wp-content\/uploads\/2024\/11\/20454_9d6678bb4689e431edcacc16ee3498d1f834f7de7b8f9a2a5a12dbcf6e809322abbc7a56-scaled.jpeg","contentUrl":"https:\/\/www.koonings.com\/wp-content\/uploads\/2024\/11\/20454_9d6678bb4689e431edcacc16ee3498d1f834f7de7b8f9a2a5a12dbcf6e809322abbc7a56-scaled.jpeg","width":1808,"height":2560},{"@type":"BreadcrumbList","@id":"https:\/\/www.koonings.com\/fr\/product\/tarik-ediz-92805\/#breadcrumb","itemListElement":[{"@type":"ListItem","position":1,"name":"Home","item":"https:\/\/www.koonings.com\/fr\/"},{"@type":"ListItem","position":2,"name":"Tarik Ediz 92805"}]},{"@type":"WebSite","@id":"https:\/\/www.koonings.com\/fr\/#website","url":"https:\/\/www.koonings.com\/fr\/","name":"Koonings","description":"De grootste bruidsmodewinkel ter wereld","publisher":{"@id":"https:\/\/www.koonings.com\/fr\/#organization"},"potentialAction":[{"@type":"SearchAction","target":{"@type":"EntryPoint","urlTemplate":"https:\/\/www.koonings.com\/fr\/?s={search_term_string}"},"query-input":{"@type":"PropertyValueSpecification","valueRequired":true,"valueName":"search_term_string"}}],"inLanguage":"fr-FR"},{"@type":"Organization","@id":"https:\/\/www.koonings.com\/fr\/#organization","name":"Koonings","url":"https:\/\/www.koonings.com\/fr\/","logo":{"@type":"ImageObject","inLanguage":"fr-FR","@id":"https:\/\/www.koonings.com\/fr\/#\/schema\/logo\/image\/","url":"https:\/\/www.koonings.com\/wp-content\/uploads\/2024\/07\/logo.png","contentUrl":"https:\/\/www.koonings.com\/wp-content\/uploads\/2024\/07\/logo.png","width":600,"height":428,"caption":"Koonings"},"image":{"@id":"https:\/\/www.koonings.com\/fr\/#\/schema\/logo\/image\/"},"sameAs":["https:\/\/www.facebook.com\/kooningstheweddingpalace","https:\/\/www.instagram.com\/kooningstheweddingpalace","https:\/\/www.pinterest.com\/koonings","https:\/\/www.youtube.com\/kooningstheweddingpalace"]}]}},"_links":{"self":[{"href":"https:\/\/www.koonings.com\/fr\/wp-json\/wp\/v2\/product\/78611","targetHints":{"allow":["GET"]}}],"collection":[{"href":"https:\/\/www.koonings.com\/fr\/wp-json\/wp\/v2\/product"}],"about":[{"href":"https:\/\/www.koonings.com\/fr\/wp-json\/wp\/v2\/types\/product"}],"wp:featuredmedia":[{"embeddable":true,"href":"https:\/\/www.koonings.com\/fr\/wp-json\/wp\/v2\/media\/62893"}],"wp:attachment":[{"href":"https:\/\/www.koonings.com\/fr\/wp-json\/wp\/v2\/media?parent=78611"}],"wp:term":[{"taxonomy":"productdetails","embeddable":true,"href":"https:\/\/www.koonings.com\/fr\/wp-json\/wp\/v2\/productdetails?post=78611"},{"taxonomy":"productneck","embeddable":true,"href":"https:\/\/www.koonings.com\/fr\/wp-json\/wp\/v2\/productneck?post=78611"},{"taxonomy":"productcolor","embeddable":true,"href":"https:\/\/www.koonings.com\/fr\/wp-json\/wp\/v2\/productcolor?post=78611"},{"taxonomy":"maat","embeddable":true,"href":"https:\/\/www.koonings.com\/fr\/wp-json\/wp\/v2\/maat?post=78611"},{"taxonomy":"productsupplier","embeddable":true,"href":"https:\/\/www.koonings.com\/fr\/wp-json\/wp\/v2\/productsupplier?post=78611"},{"taxonomy":"productsleeve","embeddable":true,"href":"https:\/\/www.koonings.com\/fr\/wp-json\/wp\/v2\/productsleeve?post=78611"},{"taxonomy":"productcategory","embeddable":true,"href":"https:\/\/www.koonings.com\/fr\/wp-json\/wp\/v2\/productcategory?post=78611"},{"taxonomy":"productsilhouette","embeddable":true,"href":"https:\/\/www.koonings.com\/fr\/wp-json\/wp\/v2\/productsilhouette?post=78611"},{"taxonomy":"productstyle","embeddable":true,"href":"https:\/\/www.koonings.com\/fr\/wp-json\/wp\/v2\/productstyle?post=78611"}],"curies":[{"name":"wp","href":"https:\/\/api.w.org\/{rel}","templated":true}]}}