{"id":78607,"date":"2026-05-06T15:02:38","date_gmt":"2026-05-06T13:02:38","guid":{"rendered":"https:\/\/www.koonings.com\/product\/olvis-9065\/"},"modified":"2026-02-16T14:46:04","modified_gmt":"2026-02-16T13:46:04","slug":"olvis-9065","status":"publish","type":"product","link":"https:\/\/www.koonings.com\/fr\/product\/olvis-9065\/","title":{"rendered":"Olvi&#8217;s 9065"},"content":{"rendered":"<p>Cette robe de mari\u00e9e ivoire de Olvi&#8217;s a une silhouette ajust\u00e9e. Le haut est transparent et fait d&#8217;une jolie dentelle qui s&#8217;\u00e9tend jusqu&#8217;\u00e0 la jupe. La jupe est orn\u00e9e de plumes. La robe est tr\u00e8s sexy et se porte dans le dos. Cette robe extravagante convient parfaitement \u00e0 un mariage sur la plage.    <\/p>\n","protected":false},"featured_media":62880,"template":"","meta":{"_acf_changed":false,"ghostkit_customizer_options":"","ghostkit_custom_css":"","ghostkit_custom_js_head":"","ghostkit_custom_js_foot":"","ghostkit_typography":""},"productdetails":[383],"productneck":[],"productcolor":[392],"maat":[],"productsupplier":[474],"productsleeve":[359],"productcategory":[18],"productsilhouette":[387,390],"productstyle":[370],"class_list":["post-78607","product","type-product","status-publish","has-post-thumbnail","hentry","productdetails-383","productcolor-392","productsupplier-olvis","productsleeve-359","productcategory-trouwjurken","productsilhouette-387","productsilhouette-390","productstyle-370"],"acf":[],"yoast_head":"<!-- This site is optimized with the Yoast SEO plugin v27.3 - https:\/\/yoast.com\/product\/yoast-seo-wordpress\/ -->\n<title>Olvi&#039;s 9065 | Koonings<\/title>\n<meta name=\"description\" content=\"Cette robe de mari\u00e9e ivoire de Olvi&#039;s a une silhouette ajust\u00e9e. Le haut est transparent et fait d&#039;une jolie dentelle qui s&#039;\u00e9tend jusqu&#039;\u00e0 la jupe. La jupe est orn\u00e9e de plumes. La robe est tr\u00e8s sexy et se porte dans le dos. Cette robe extravagante convient parfaitement \u00e0 un mariage sur la plage.\" \/>\n<meta name=\"robots\" content=\"index, follow, max-snippet:-1, max-image-preview:large, max-video-preview:-1\" \/>\n<link rel=\"canonical\" href=\"https:\/\/www.koonings.com\/fr\/product\/olvis-9065\/\" \/>\n<meta property=\"og:locale\" content=\"fr_FR\" \/>\n<meta property=\"og:type\" content=\"article\" \/>\n<meta property=\"og:title\" content=\"Olvi&#039;s 9065 | Koonings\" \/>\n<meta property=\"og:description\" content=\"Cette robe de mari\u00e9e ivoire de Olvi&#039;s a une silhouette ajust\u00e9e. Le haut est transparent et fait d&#039;une jolie dentelle qui s&#039;\u00e9tend jusqu&#039;\u00e0 la jupe. La jupe est orn\u00e9e de plumes. La robe est tr\u00e8s sexy et se porte dans le dos. Cette robe extravagante convient parfaitement \u00e0 un mariage sur la plage.\" \/>\n<meta property=\"og:url\" content=\"https:\/\/www.koonings.com\/fr\/product\/olvis-9065\/\" \/>\n<meta property=\"og:site_name\" content=\"Koonings\" \/>\n<meta property=\"article:publisher\" content=\"https:\/\/www.facebook.com\/kooningstheweddingpalace\" \/>\n<meta property=\"og:image\" content=\"https:\/\/www.koonings.com\/wp-content\/uploads\/2024\/11\/9258_fbca2d57d225b531b5acd4b45be66a3bec54c677fc6c5a8416bc8f3289d1fa62e078398b.jpeg\" \/>\n\t<meta property=\"og:image:width\" content=\"467\" \/>\n\t<meta property=\"og:image:height\" content=\"660\" \/>\n\t<meta property=\"og:image:type\" content=\"image\/jpeg\" \/>\n<meta name=\"twitter:card\" content=\"summary_large_image\" \/>\n<script type=\"application\/ld+json\" class=\"yoast-schema-graph\">{\"@context\":\"https:\\\/\\\/schema.org\",\"@graph\":[{\"@type\":\"WebPage\",\"@id\":\"https:\\\/\\\/www.koonings.com\\\/fr\\\/product\\\/olvis-9065\\\/\",\"url\":\"https:\\\/\\\/www.koonings.com\\\/fr\\\/product\\\/olvis-9065\\\/\",\"name\":\"Olvi's 9065 | Koonings\",\"isPartOf\":{\"@id\":\"https:\\\/\\\/www.koonings.com\\\/fr\\\/#website\"},\"primaryImageOfPage\":{\"@id\":\"https:\\\/\\\/www.koonings.com\\\/fr\\\/product\\\/olvis-9065\\\/#primaryimage\"},\"image\":{\"@id\":\"https:\\\/\\\/www.koonings.com\\\/fr\\\/product\\\/olvis-9065\\\/#primaryimage\"},\"thumbnailUrl\":\"https:\\\/\\\/www.koonings.com\\\/wp-content\\\/uploads\\\/2024\\\/11\\\/9258_fbca2d57d225b531b5acd4b45be66a3bec54c677fc6c5a8416bc8f3289d1fa62e078398b.jpeg\",\"datePublished\":\"2026-05-06T13:02:38+00:00\",\"description\":\"Cette robe de mari\u00e9e ivoire de Olvi's a une silhouette ajust\u00e9e. Le haut est transparent et fait d'une jolie dentelle qui s'\u00e9tend jusqu'\u00e0 la jupe. La jupe est orn\u00e9e de plumes. La robe est tr\u00e8s sexy et se porte dans le dos. Cette robe extravagante convient parfaitement \u00e0 un mariage sur la plage.\",\"breadcrumb\":{\"@id\":\"https:\\\/\\\/www.koonings.com\\\/fr\\\/product\\\/olvis-9065\\\/#breadcrumb\"},\"inLanguage\":\"fr-FR\",\"potentialAction\":[{\"@type\":\"ReadAction\",\"target\":[\"https:\\\/\\\/www.koonings.com\\\/fr\\\/product\\\/olvis-9065\\\/\"]}]},{\"@type\":\"ImageObject\",\"inLanguage\":\"fr-FR\",\"@id\":\"https:\\\/\\\/www.koonings.com\\\/fr\\\/product\\\/olvis-9065\\\/#primaryimage\",\"url\":\"https:\\\/\\\/www.koonings.com\\\/wp-content\\\/uploads\\\/2024\\\/11\\\/9258_fbca2d57d225b531b5acd4b45be66a3bec54c677fc6c5a8416bc8f3289d1fa62e078398b.jpeg\",\"contentUrl\":\"https:\\\/\\\/www.koonings.com\\\/wp-content\\\/uploads\\\/2024\\\/11\\\/9258_fbca2d57d225b531b5acd4b45be66a3bec54c677fc6c5a8416bc8f3289d1fa62e078398b.jpeg\",\"width\":467,\"height\":660},{\"@type\":\"BreadcrumbList\",\"@id\":\"https:\\\/\\\/www.koonings.com\\\/fr\\\/product\\\/olvis-9065\\\/#breadcrumb\",\"itemListElement\":[{\"@type\":\"ListItem\",\"position\":1,\"name\":\"Home\",\"item\":\"https:\\\/\\\/www.koonings.com\\\/fr\\\/\"},{\"@type\":\"ListItem\",\"position\":2,\"name\":\"Olvi&rsquo;s 9065\"}]},{\"@type\":\"WebSite\",\"@id\":\"https:\\\/\\\/www.koonings.com\\\/fr\\\/#website\",\"url\":\"https:\\\/\\\/www.koonings.com\\\/fr\\\/\",\"name\":\"Koonings\",\"description\":\"De grootste bruidsmodewinkel ter wereld\",\"publisher\":{\"@id\":\"https:\\\/\\\/www.koonings.com\\\/fr\\\/#organization\"},\"potentialAction\":[{\"@type\":\"SearchAction\",\"target\":{\"@type\":\"EntryPoint\",\"urlTemplate\":\"https:\\\/\\\/www.koonings.com\\\/fr\\\/?s={search_term_string}\"},\"query-input\":{\"@type\":\"PropertyValueSpecification\",\"valueRequired\":true,\"valueName\":\"search_term_string\"}}],\"inLanguage\":\"fr-FR\"},{\"@type\":\"Organization\",\"@id\":\"https:\\\/\\\/www.koonings.com\\\/fr\\\/#organization\",\"name\":\"Koonings\",\"url\":\"https:\\\/\\\/www.koonings.com\\\/fr\\\/\",\"logo\":{\"@type\":\"ImageObject\",\"inLanguage\":\"fr-FR\",\"@id\":\"https:\\\/\\\/www.koonings.com\\\/fr\\\/#\\\/schema\\\/logo\\\/image\\\/\",\"url\":\"https:\\\/\\\/www.koonings.com\\\/wp-content\\\/uploads\\\/2024\\\/07\\\/logo.png\",\"contentUrl\":\"https:\\\/\\\/www.koonings.com\\\/wp-content\\\/uploads\\\/2024\\\/07\\\/logo.png\",\"width\":600,\"height\":428,\"caption\":\"Koonings\"},\"image\":{\"@id\":\"https:\\\/\\\/www.koonings.com\\\/fr\\\/#\\\/schema\\\/logo\\\/image\\\/\"},\"sameAs\":[\"https:\\\/\\\/www.facebook.com\\\/kooningstheweddingpalace\",\"https:\\\/\\\/www.instagram.com\\\/kooningstheweddingpalace\",\"https:\\\/\\\/www.pinterest.com\\\/koonings\",\"https:\\\/\\\/www.youtube.com\\\/kooningstheweddingpalace\"]}]}<\/script>\n<!-- \/ Yoast SEO plugin. -->","yoast_head_json":{"title":"Olvi's 9065 | Koonings","description":"Cette robe de mari\u00e9e ivoire de Olvi's a une silhouette ajust\u00e9e. Le haut est transparent et fait d'une jolie dentelle qui s'\u00e9tend jusqu'\u00e0 la jupe. La jupe est orn\u00e9e de plumes. La robe est tr\u00e8s sexy et se porte dans le dos. Cette robe extravagante convient parfaitement \u00e0 un mariage sur la plage.","robots":{"index":"index","follow":"follow","max-snippet":"max-snippet:-1","max-image-preview":"max-image-preview:large","max-video-preview":"max-video-preview:-1"},"canonical":"https:\/\/www.koonings.com\/fr\/product\/olvis-9065\/","og_locale":"fr_FR","og_type":"article","og_title":"Olvi's 9065 | Koonings","og_description":"Cette robe de mari\u00e9e ivoire de Olvi's a une silhouette ajust\u00e9e. Le haut est transparent et fait d'une jolie dentelle qui s'\u00e9tend jusqu'\u00e0 la jupe. La jupe est orn\u00e9e de plumes. La robe est tr\u00e8s sexy et se porte dans le dos. Cette robe extravagante convient parfaitement \u00e0 un mariage sur la plage.","og_url":"https:\/\/www.koonings.com\/fr\/product\/olvis-9065\/","og_site_name":"Koonings","article_publisher":"https:\/\/www.facebook.com\/kooningstheweddingpalace","og_image":[{"width":467,"height":660,"url":"https:\/\/www.koonings.com\/wp-content\/uploads\/2024\/11\/9258_fbca2d57d225b531b5acd4b45be66a3bec54c677fc6c5a8416bc8f3289d1fa62e078398b.jpeg","type":"image\/jpeg"}],"twitter_card":"summary_large_image","schema":{"@context":"https:\/\/schema.org","@graph":[{"@type":"WebPage","@id":"https:\/\/www.koonings.com\/fr\/product\/olvis-9065\/","url":"https:\/\/www.koonings.com\/fr\/product\/olvis-9065\/","name":"Olvi's 9065 | Koonings","isPartOf":{"@id":"https:\/\/www.koonings.com\/fr\/#website"},"primaryImageOfPage":{"@id":"https:\/\/www.koonings.com\/fr\/product\/olvis-9065\/#primaryimage"},"image":{"@id":"https:\/\/www.koonings.com\/fr\/product\/olvis-9065\/#primaryimage"},"thumbnailUrl":"https:\/\/www.koonings.com\/wp-content\/uploads\/2024\/11\/9258_fbca2d57d225b531b5acd4b45be66a3bec54c677fc6c5a8416bc8f3289d1fa62e078398b.jpeg","datePublished":"2026-05-06T13:02:38+00:00","description":"Cette robe de mari\u00e9e ivoire de Olvi's a une silhouette ajust\u00e9e. Le haut est transparent et fait d'une jolie dentelle qui s'\u00e9tend jusqu'\u00e0 la jupe. La jupe est orn\u00e9e de plumes. La robe est tr\u00e8s sexy et se porte dans le dos. Cette robe extravagante convient parfaitement \u00e0 un mariage sur la plage.","breadcrumb":{"@id":"https:\/\/www.koonings.com\/fr\/product\/olvis-9065\/#breadcrumb"},"inLanguage":"fr-FR","potentialAction":[{"@type":"ReadAction","target":["https:\/\/www.koonings.com\/fr\/product\/olvis-9065\/"]}]},{"@type":"ImageObject","inLanguage":"fr-FR","@id":"https:\/\/www.koonings.com\/fr\/product\/olvis-9065\/#primaryimage","url":"https:\/\/www.koonings.com\/wp-content\/uploads\/2024\/11\/9258_fbca2d57d225b531b5acd4b45be66a3bec54c677fc6c5a8416bc8f3289d1fa62e078398b.jpeg","contentUrl":"https:\/\/www.koonings.com\/wp-content\/uploads\/2024\/11\/9258_fbca2d57d225b531b5acd4b45be66a3bec54c677fc6c5a8416bc8f3289d1fa62e078398b.jpeg","width":467,"height":660},{"@type":"BreadcrumbList","@id":"https:\/\/www.koonings.com\/fr\/product\/olvis-9065\/#breadcrumb","itemListElement":[{"@type":"ListItem","position":1,"name":"Home","item":"https:\/\/www.koonings.com\/fr\/"},{"@type":"ListItem","position":2,"name":"Olvi&rsquo;s 9065"}]},{"@type":"WebSite","@id":"https:\/\/www.koonings.com\/fr\/#website","url":"https:\/\/www.koonings.com\/fr\/","name":"Koonings","description":"De grootste bruidsmodewinkel ter wereld","publisher":{"@id":"https:\/\/www.koonings.com\/fr\/#organization"},"potentialAction":[{"@type":"SearchAction","target":{"@type":"EntryPoint","urlTemplate":"https:\/\/www.koonings.com\/fr\/?s={search_term_string}"},"query-input":{"@type":"PropertyValueSpecification","valueRequired":true,"valueName":"search_term_string"}}],"inLanguage":"fr-FR"},{"@type":"Organization","@id":"https:\/\/www.koonings.com\/fr\/#organization","name":"Koonings","url":"https:\/\/www.koonings.com\/fr\/","logo":{"@type":"ImageObject","inLanguage":"fr-FR","@id":"https:\/\/www.koonings.com\/fr\/#\/schema\/logo\/image\/","url":"https:\/\/www.koonings.com\/wp-content\/uploads\/2024\/07\/logo.png","contentUrl":"https:\/\/www.koonings.com\/wp-content\/uploads\/2024\/07\/logo.png","width":600,"height":428,"caption":"Koonings"},"image":{"@id":"https:\/\/www.koonings.com\/fr\/#\/schema\/logo\/image\/"},"sameAs":["https:\/\/www.facebook.com\/kooningstheweddingpalace","https:\/\/www.instagram.com\/kooningstheweddingpalace","https:\/\/www.pinterest.com\/koonings","https:\/\/www.youtube.com\/kooningstheweddingpalace"]}]}},"_links":{"self":[{"href":"https:\/\/www.koonings.com\/fr\/wp-json\/wp\/v2\/product\/78607","targetHints":{"allow":["GET"]}}],"collection":[{"href":"https:\/\/www.koonings.com\/fr\/wp-json\/wp\/v2\/product"}],"about":[{"href":"https:\/\/www.koonings.com\/fr\/wp-json\/wp\/v2\/types\/product"}],"wp:featuredmedia":[{"embeddable":true,"href":"https:\/\/www.koonings.com\/fr\/wp-json\/wp\/v2\/media\/62880"}],"wp:attachment":[{"href":"https:\/\/www.koonings.com\/fr\/wp-json\/wp\/v2\/media?parent=78607"}],"wp:term":[{"taxonomy":"productdetails","embeddable":true,"href":"https:\/\/www.koonings.com\/fr\/wp-json\/wp\/v2\/productdetails?post=78607"},{"taxonomy":"productneck","embeddable":true,"href":"https:\/\/www.koonings.com\/fr\/wp-json\/wp\/v2\/productneck?post=78607"},{"taxonomy":"productcolor","embeddable":true,"href":"https:\/\/www.koonings.com\/fr\/wp-json\/wp\/v2\/productcolor?post=78607"},{"taxonomy":"maat","embeddable":true,"href":"https:\/\/www.koonings.com\/fr\/wp-json\/wp\/v2\/maat?post=78607"},{"taxonomy":"productsupplier","embeddable":true,"href":"https:\/\/www.koonings.com\/fr\/wp-json\/wp\/v2\/productsupplier?post=78607"},{"taxonomy":"productsleeve","embeddable":true,"href":"https:\/\/www.koonings.com\/fr\/wp-json\/wp\/v2\/productsleeve?post=78607"},{"taxonomy":"productcategory","embeddable":true,"href":"https:\/\/www.koonings.com\/fr\/wp-json\/wp\/v2\/productcategory?post=78607"},{"taxonomy":"productsilhouette","embeddable":true,"href":"https:\/\/www.koonings.com\/fr\/wp-json\/wp\/v2\/productsilhouette?post=78607"},{"taxonomy":"productstyle","embeddable":true,"href":"https:\/\/www.koonings.com\/fr\/wp-json\/wp\/v2\/productstyle?post=78607"}],"curies":[{"name":"wp","href":"https:\/\/api.w.org\/{rel}","templated":true}]}}