{"id":78604,"date":"2026-05-06T15:06:17","date_gmt":"2026-05-06T13:06:17","guid":{"rendered":"https:\/\/www.koonings.com\/product\/olvis-4523\/"},"modified":"2026-02-16T14:46:05","modified_gmt":"2026-02-16T13:46:05","slug":"olvis-4523","status":"publish","type":"product","link":"https:\/\/www.koonings.com\/fr\/product\/olvis-4523\/","title":{"rendered":"Olvi&#8217;s 4523"},"content":{"rendered":"<p>Avec cette robe de mari\u00e9e, vous n&#8217;avez pas \u00e0 choisir entre le court et le long. Il est tr\u00e8s agr\u00e9able de porter cette belle robe courte avec un d\u00e9collet\u00e9 en c\u0153ur, une \u00e9paule d\u00e9collet\u00e9e et un dos bas pendant la nuit de f\u00eate. Pour la partie officielle, portez une jupe ample et transparente avec une petite tra\u00eene qui se termine par une large dentelle au bas de la robe.  <\/p>\n","protected":false},"featured_media":62916,"template":"","meta":{"_acf_changed":false,"ghostkit_customizer_options":"","ghostkit_custom_css":"","ghostkit_custom_js_head":"","ghostkit_custom_js_foot":"","ghostkit_typography":""},"productdetails":[376],"productneck":[356],"productcolor":[392],"maat":[],"productsupplier":[474],"productsleeve":[359],"productcategory":[18],"productsilhouette":[386,391],"productstyle":[370,373],"class_list":["post-78604","product","type-product","status-publish","has-post-thumbnail","hentry","productdetails-376","productneck-356","productcolor-392","productsupplier-olvis","productsleeve-359","productcategory-trouwjurken","productsilhouette-386","productsilhouette-391","productstyle-370","productstyle-373"],"acf":[],"yoast_head":"<!-- This site is optimized with the Yoast SEO plugin v27.3 - https:\/\/yoast.com\/product\/yoast-seo-wordpress\/ -->\n<title>Olvi&#039;s 4523 | Koonings<\/title>\n<meta name=\"description\" content=\"Avec cette robe de mari\u00e9e, vous n&#039;avez pas \u00e0 choisir entre le court et le long. Il est tr\u00e8s agr\u00e9able de porter cette belle robe courte avec un d\u00e9collet\u00e9 en c\u0153ur, une \u00e9paule d\u00e9collet\u00e9e et un dos bas pendant la nuit de f\u00eate. Pour la partie officielle, portez une jupe ample et transparente avec une petite tra\u00eene qui se termine par une large dentelle au bas de la robe.\" \/>\n<meta name=\"robots\" content=\"index, follow, max-snippet:-1, max-image-preview:large, max-video-preview:-1\" \/>\n<link rel=\"canonical\" href=\"https:\/\/www.koonings.com\/fr\/product\/olvis-4523\/\" \/>\n<meta property=\"og:locale\" content=\"fr_FR\" \/>\n<meta property=\"og:type\" content=\"article\" \/>\n<meta property=\"og:title\" content=\"Olvi&#039;s 4523 | Koonings\" \/>\n<meta property=\"og:description\" content=\"Avec cette robe de mari\u00e9e, vous n&#039;avez pas \u00e0 choisir entre le court et le long. Il est tr\u00e8s agr\u00e9able de porter cette belle robe courte avec un d\u00e9collet\u00e9 en c\u0153ur, une \u00e9paule d\u00e9collet\u00e9e et un dos bas pendant la nuit de f\u00eate. Pour la partie officielle, portez une jupe ample et transparente avec une petite tra\u00eene qui se termine par une large dentelle au bas de la robe.\" \/>\n<meta property=\"og:url\" content=\"https:\/\/www.koonings.com\/fr\/product\/olvis-4523\/\" \/>\n<meta property=\"og:site_name\" content=\"Koonings\" \/>\n<meta property=\"article:publisher\" content=\"https:\/\/www.facebook.com\/kooningstheweddingpalace\" \/>\n<meta property=\"og:image\" content=\"https:\/\/www.koonings.com\/wp-content\/uploads\/2024\/11\/28448_bbd914a9a71532449f5ae10fc21cf2fe7c8a9435fd62544a20260ca1f1a3414b081dca08.jpeg\" \/>\n\t<meta property=\"og:image:width\" content=\"1194\" \/>\n\t<meta property=\"og:image:height\" content=\"1794\" \/>\n\t<meta property=\"og:image:type\" content=\"image\/jpeg\" \/>\n<meta name=\"twitter:card\" content=\"summary_large_image\" \/>\n<script type=\"application\/ld+json\" class=\"yoast-schema-graph\">{\"@context\":\"https:\\\/\\\/schema.org\",\"@graph\":[{\"@type\":\"WebPage\",\"@id\":\"https:\\\/\\\/www.koonings.com\\\/fr\\\/product\\\/olvis-4523\\\/\",\"url\":\"https:\\\/\\\/www.koonings.com\\\/fr\\\/product\\\/olvis-4523\\\/\",\"name\":\"Olvi's 4523 | Koonings\",\"isPartOf\":{\"@id\":\"https:\\\/\\\/www.koonings.com\\\/fr\\\/#website\"},\"primaryImageOfPage\":{\"@id\":\"https:\\\/\\\/www.koonings.com\\\/fr\\\/product\\\/olvis-4523\\\/#primaryimage\"},\"image\":{\"@id\":\"https:\\\/\\\/www.koonings.com\\\/fr\\\/product\\\/olvis-4523\\\/#primaryimage\"},\"thumbnailUrl\":\"https:\\\/\\\/www.koonings.com\\\/wp-content\\\/uploads\\\/2024\\\/11\\\/28448_bbd914a9a71532449f5ae10fc21cf2fe7c8a9435fd62544a20260ca1f1a3414b081dca08.jpeg\",\"datePublished\":\"2026-05-06T13:06:17+00:00\",\"description\":\"Avec cette robe de mari\u00e9e, vous n'avez pas \u00e0 choisir entre le court et le long. Il est tr\u00e8s agr\u00e9able de porter cette belle robe courte avec un d\u00e9collet\u00e9 en c\u0153ur, une \u00e9paule d\u00e9collet\u00e9e et un dos bas pendant la nuit de f\u00eate. Pour la partie officielle, portez une jupe ample et transparente avec une petite tra\u00eene qui se termine par une large dentelle au bas de la robe.\",\"breadcrumb\":{\"@id\":\"https:\\\/\\\/www.koonings.com\\\/fr\\\/product\\\/olvis-4523\\\/#breadcrumb\"},\"inLanguage\":\"fr-FR\",\"potentialAction\":[{\"@type\":\"ReadAction\",\"target\":[\"https:\\\/\\\/www.koonings.com\\\/fr\\\/product\\\/olvis-4523\\\/\"]}]},{\"@type\":\"ImageObject\",\"inLanguage\":\"fr-FR\",\"@id\":\"https:\\\/\\\/www.koonings.com\\\/fr\\\/product\\\/olvis-4523\\\/#primaryimage\",\"url\":\"https:\\\/\\\/www.koonings.com\\\/wp-content\\\/uploads\\\/2024\\\/11\\\/28448_bbd914a9a71532449f5ae10fc21cf2fe7c8a9435fd62544a20260ca1f1a3414b081dca08.jpeg\",\"contentUrl\":\"https:\\\/\\\/www.koonings.com\\\/wp-content\\\/uploads\\\/2024\\\/11\\\/28448_bbd914a9a71532449f5ae10fc21cf2fe7c8a9435fd62544a20260ca1f1a3414b081dca08.jpeg\",\"width\":1194,\"height\":1794},{\"@type\":\"BreadcrumbList\",\"@id\":\"https:\\\/\\\/www.koonings.com\\\/fr\\\/product\\\/olvis-4523\\\/#breadcrumb\",\"itemListElement\":[{\"@type\":\"ListItem\",\"position\":1,\"name\":\"Home\",\"item\":\"https:\\\/\\\/www.koonings.com\\\/fr\\\/\"},{\"@type\":\"ListItem\",\"position\":2,\"name\":\"Olvi&rsquo;s 4523\"}]},{\"@type\":\"WebSite\",\"@id\":\"https:\\\/\\\/www.koonings.com\\\/fr\\\/#website\",\"url\":\"https:\\\/\\\/www.koonings.com\\\/fr\\\/\",\"name\":\"Koonings\",\"description\":\"De grootste bruidsmodewinkel ter wereld\",\"publisher\":{\"@id\":\"https:\\\/\\\/www.koonings.com\\\/fr\\\/#organization\"},\"potentialAction\":[{\"@type\":\"SearchAction\",\"target\":{\"@type\":\"EntryPoint\",\"urlTemplate\":\"https:\\\/\\\/www.koonings.com\\\/fr\\\/?s={search_term_string}\"},\"query-input\":{\"@type\":\"PropertyValueSpecification\",\"valueRequired\":true,\"valueName\":\"search_term_string\"}}],\"inLanguage\":\"fr-FR\"},{\"@type\":\"Organization\",\"@id\":\"https:\\\/\\\/www.koonings.com\\\/fr\\\/#organization\",\"name\":\"Koonings\",\"url\":\"https:\\\/\\\/www.koonings.com\\\/fr\\\/\",\"logo\":{\"@type\":\"ImageObject\",\"inLanguage\":\"fr-FR\",\"@id\":\"https:\\\/\\\/www.koonings.com\\\/fr\\\/#\\\/schema\\\/logo\\\/image\\\/\",\"url\":\"https:\\\/\\\/www.koonings.com\\\/wp-content\\\/uploads\\\/2024\\\/07\\\/logo.png\",\"contentUrl\":\"https:\\\/\\\/www.koonings.com\\\/wp-content\\\/uploads\\\/2024\\\/07\\\/logo.png\",\"width\":600,\"height\":428,\"caption\":\"Koonings\"},\"image\":{\"@id\":\"https:\\\/\\\/www.koonings.com\\\/fr\\\/#\\\/schema\\\/logo\\\/image\\\/\"},\"sameAs\":[\"https:\\\/\\\/www.facebook.com\\\/kooningstheweddingpalace\",\"https:\\\/\\\/www.instagram.com\\\/kooningstheweddingpalace\",\"https:\\\/\\\/www.pinterest.com\\\/koonings\",\"https:\\\/\\\/www.youtube.com\\\/kooningstheweddingpalace\"]}]}<\/script>\n<!-- \/ Yoast SEO plugin. -->","yoast_head_json":{"title":"Olvi's 4523 | Koonings","description":"Avec cette robe de mari\u00e9e, vous n'avez pas \u00e0 choisir entre le court et le long. Il est tr\u00e8s agr\u00e9able de porter cette belle robe courte avec un d\u00e9collet\u00e9 en c\u0153ur, une \u00e9paule d\u00e9collet\u00e9e et un dos bas pendant la nuit de f\u00eate. Pour la partie officielle, portez une jupe ample et transparente avec une petite tra\u00eene qui se termine par une large dentelle au bas de la robe.","robots":{"index":"index","follow":"follow","max-snippet":"max-snippet:-1","max-image-preview":"max-image-preview:large","max-video-preview":"max-video-preview:-1"},"canonical":"https:\/\/www.koonings.com\/fr\/product\/olvis-4523\/","og_locale":"fr_FR","og_type":"article","og_title":"Olvi's 4523 | Koonings","og_description":"Avec cette robe de mari\u00e9e, vous n'avez pas \u00e0 choisir entre le court et le long. Il est tr\u00e8s agr\u00e9able de porter cette belle robe courte avec un d\u00e9collet\u00e9 en c\u0153ur, une \u00e9paule d\u00e9collet\u00e9e et un dos bas pendant la nuit de f\u00eate. Pour la partie officielle, portez une jupe ample et transparente avec une petite tra\u00eene qui se termine par une large dentelle au bas de la robe.","og_url":"https:\/\/www.koonings.com\/fr\/product\/olvis-4523\/","og_site_name":"Koonings","article_publisher":"https:\/\/www.facebook.com\/kooningstheweddingpalace","og_image":[{"width":1194,"height":1794,"url":"https:\/\/www.koonings.com\/wp-content\/uploads\/2024\/11\/28448_bbd914a9a71532449f5ae10fc21cf2fe7c8a9435fd62544a20260ca1f1a3414b081dca08.jpeg","type":"image\/jpeg"}],"twitter_card":"summary_large_image","schema":{"@context":"https:\/\/schema.org","@graph":[{"@type":"WebPage","@id":"https:\/\/www.koonings.com\/fr\/product\/olvis-4523\/","url":"https:\/\/www.koonings.com\/fr\/product\/olvis-4523\/","name":"Olvi's 4523 | Koonings","isPartOf":{"@id":"https:\/\/www.koonings.com\/fr\/#website"},"primaryImageOfPage":{"@id":"https:\/\/www.koonings.com\/fr\/product\/olvis-4523\/#primaryimage"},"image":{"@id":"https:\/\/www.koonings.com\/fr\/product\/olvis-4523\/#primaryimage"},"thumbnailUrl":"https:\/\/www.koonings.com\/wp-content\/uploads\/2024\/11\/28448_bbd914a9a71532449f5ae10fc21cf2fe7c8a9435fd62544a20260ca1f1a3414b081dca08.jpeg","datePublished":"2026-05-06T13:06:17+00:00","description":"Avec cette robe de mari\u00e9e, vous n'avez pas \u00e0 choisir entre le court et le long. Il est tr\u00e8s agr\u00e9able de porter cette belle robe courte avec un d\u00e9collet\u00e9 en c\u0153ur, une \u00e9paule d\u00e9collet\u00e9e et un dos bas pendant la nuit de f\u00eate. Pour la partie officielle, portez une jupe ample et transparente avec une petite tra\u00eene qui se termine par une large dentelle au bas de la robe.","breadcrumb":{"@id":"https:\/\/www.koonings.com\/fr\/product\/olvis-4523\/#breadcrumb"},"inLanguage":"fr-FR","potentialAction":[{"@type":"ReadAction","target":["https:\/\/www.koonings.com\/fr\/product\/olvis-4523\/"]}]},{"@type":"ImageObject","inLanguage":"fr-FR","@id":"https:\/\/www.koonings.com\/fr\/product\/olvis-4523\/#primaryimage","url":"https:\/\/www.koonings.com\/wp-content\/uploads\/2024\/11\/28448_bbd914a9a71532449f5ae10fc21cf2fe7c8a9435fd62544a20260ca1f1a3414b081dca08.jpeg","contentUrl":"https:\/\/www.koonings.com\/wp-content\/uploads\/2024\/11\/28448_bbd914a9a71532449f5ae10fc21cf2fe7c8a9435fd62544a20260ca1f1a3414b081dca08.jpeg","width":1194,"height":1794},{"@type":"BreadcrumbList","@id":"https:\/\/www.koonings.com\/fr\/product\/olvis-4523\/#breadcrumb","itemListElement":[{"@type":"ListItem","position":1,"name":"Home","item":"https:\/\/www.koonings.com\/fr\/"},{"@type":"ListItem","position":2,"name":"Olvi&rsquo;s 4523"}]},{"@type":"WebSite","@id":"https:\/\/www.koonings.com\/fr\/#website","url":"https:\/\/www.koonings.com\/fr\/","name":"Koonings","description":"De grootste bruidsmodewinkel ter wereld","publisher":{"@id":"https:\/\/www.koonings.com\/fr\/#organization"},"potentialAction":[{"@type":"SearchAction","target":{"@type":"EntryPoint","urlTemplate":"https:\/\/www.koonings.com\/fr\/?s={search_term_string}"},"query-input":{"@type":"PropertyValueSpecification","valueRequired":true,"valueName":"search_term_string"}}],"inLanguage":"fr-FR"},{"@type":"Organization","@id":"https:\/\/www.koonings.com\/fr\/#organization","name":"Koonings","url":"https:\/\/www.koonings.com\/fr\/","logo":{"@type":"ImageObject","inLanguage":"fr-FR","@id":"https:\/\/www.koonings.com\/fr\/#\/schema\/logo\/image\/","url":"https:\/\/www.koonings.com\/wp-content\/uploads\/2024\/07\/logo.png","contentUrl":"https:\/\/www.koonings.com\/wp-content\/uploads\/2024\/07\/logo.png","width":600,"height":428,"caption":"Koonings"},"image":{"@id":"https:\/\/www.koonings.com\/fr\/#\/schema\/logo\/image\/"},"sameAs":["https:\/\/www.facebook.com\/kooningstheweddingpalace","https:\/\/www.instagram.com\/kooningstheweddingpalace","https:\/\/www.pinterest.com\/koonings","https:\/\/www.youtube.com\/kooningstheweddingpalace"]}]}},"_links":{"self":[{"href":"https:\/\/www.koonings.com\/fr\/wp-json\/wp\/v2\/product\/78604","targetHints":{"allow":["GET"]}}],"collection":[{"href":"https:\/\/www.koonings.com\/fr\/wp-json\/wp\/v2\/product"}],"about":[{"href":"https:\/\/www.koonings.com\/fr\/wp-json\/wp\/v2\/types\/product"}],"wp:featuredmedia":[{"embeddable":true,"href":"https:\/\/www.koonings.com\/fr\/wp-json\/wp\/v2\/media\/62916"}],"wp:attachment":[{"href":"https:\/\/www.koonings.com\/fr\/wp-json\/wp\/v2\/media?parent=78604"}],"wp:term":[{"taxonomy":"productdetails","embeddable":true,"href":"https:\/\/www.koonings.com\/fr\/wp-json\/wp\/v2\/productdetails?post=78604"},{"taxonomy":"productneck","embeddable":true,"href":"https:\/\/www.koonings.com\/fr\/wp-json\/wp\/v2\/productneck?post=78604"},{"taxonomy":"productcolor","embeddable":true,"href":"https:\/\/www.koonings.com\/fr\/wp-json\/wp\/v2\/productcolor?post=78604"},{"taxonomy":"maat","embeddable":true,"href":"https:\/\/www.koonings.com\/fr\/wp-json\/wp\/v2\/maat?post=78604"},{"taxonomy":"productsupplier","embeddable":true,"href":"https:\/\/www.koonings.com\/fr\/wp-json\/wp\/v2\/productsupplier?post=78604"},{"taxonomy":"productsleeve","embeddable":true,"href":"https:\/\/www.koonings.com\/fr\/wp-json\/wp\/v2\/productsleeve?post=78604"},{"taxonomy":"productcategory","embeddable":true,"href":"https:\/\/www.koonings.com\/fr\/wp-json\/wp\/v2\/productcategory?post=78604"},{"taxonomy":"productsilhouette","embeddable":true,"href":"https:\/\/www.koonings.com\/fr\/wp-json\/wp\/v2\/productsilhouette?post=78604"},{"taxonomy":"productstyle","embeddable":true,"href":"https:\/\/www.koonings.com\/fr\/wp-json\/wp\/v2\/productstyle?post=78604"}],"curies":[{"name":"wp","href":"https:\/\/api.w.org\/{rel}","templated":true}]}}