{"id":78600,"date":"2025-12-15T00:06:55","date_gmt":"2025-12-14T23:06:55","guid":{"rendered":"https:\/\/www.koonings.com\/product\/olvis-4025\/"},"modified":"2026-02-03T19:33:46","modified_gmt":"2026-02-03T18:33:46","slug":"olvis-4025","status":"publish","type":"product","link":"https:\/\/www.koonings.com\/fr\/product\/olvis-4025\/","title":{"rendered":"Olvi&#8217;s 4025"},"content":{"rendered":"<p>Cette robe de mari\u00e9e sir\u00e8ne attire tous les regards. Tout est fait pour attirer l&#8217;attention sur vous. L&#8217;accent le plus frappant est le corsage illusion avec un d\u00e9collet\u00e9 et un dos bas. Le d\u00e9collet\u00e9 en V avec de larges bretelles qui forment \u00e9galement une petite manche convient parfaitement \u00e0 cette robe. Cette robe est magnifiquement combin\u00e9e \u00e0 une jupe \u00e0 deux couches. Le jupon tombe sur le sol \u00e0 l&#8217;avant et se termine par une courte tra\u00eene \u00e0 l&#8217;arri\u00e8re. La jupe sup\u00e9rieure est courte sur le devant et tombe jusqu&#8217;au sol dans le dos.     <\/p>\n","protected":false},"featured_media":62933,"template":"","meta":{"_acf_changed":false,"ghostkit_customizer_options":"","ghostkit_custom_css":"","ghostkit_custom_js_head":"","ghostkit_custom_js_foot":"","ghostkit_typography":""},"productdetails":[383],"productneck":[356],"productcolor":[392],"maat":[],"productsupplier":[474],"productsleeve":[359],"productcategory":[18],"productsilhouette":[387],"productstyle":[366],"class_list":["post-78600","product","type-product","status-publish","has-post-thumbnail","hentry","productdetails-383","productneck-356","productcolor-392","productsupplier-olvis","productsleeve-359","productcategory-trouwjurken","productsilhouette-387","productstyle-366"],"acf":[],"yoast_head":"<!-- This site is optimized with the Yoast SEO plugin v27.3 - https:\/\/yoast.com\/product\/yoast-seo-wordpress\/ -->\n<title>Olvi&#039;s 4025 | Koonings<\/title>\n<meta name=\"description\" content=\"Cette robe de mari\u00e9e sir\u00e8ne attire tous les regards. Tout est fait pour attirer l&#039;attention sur vous. L&#039;accent le plus frappant est le corsage illusion avec un d\u00e9collet\u00e9 et un dos bas. Le d\u00e9collet\u00e9 en V avec de larges bretelles qui forment \u00e9galement une petite manche convient parfaitement \u00e0 cette robe. Cette robe est magnifiquement combin\u00e9e \u00e0 une jupe \u00e0 deux couches. Le jupon tombe sur le sol \u00e0 l&#039;avant et se termine par une courte tra\u00eene \u00e0 l&#039;arri\u00e8re. La jupe sup\u00e9rieure est courte sur le devant et tombe jusqu&#039;au sol dans le dos.\" \/>\n<meta name=\"robots\" content=\"index, follow, max-snippet:-1, max-image-preview:large, max-video-preview:-1\" \/>\n<link rel=\"canonical\" href=\"https:\/\/www.koonings.com\/fr\/product\/olvis-4025\/\" \/>\n<meta property=\"og:locale\" content=\"fr_FR\" \/>\n<meta property=\"og:type\" content=\"article\" \/>\n<meta property=\"og:title\" content=\"Olvi&#039;s 4025 | Koonings\" \/>\n<meta property=\"og:description\" content=\"Cette robe de mari\u00e9e sir\u00e8ne attire tous les regards. Tout est fait pour attirer l&#039;attention sur vous. L&#039;accent le plus frappant est le corsage illusion avec un d\u00e9collet\u00e9 et un dos bas. Le d\u00e9collet\u00e9 en V avec de larges bretelles qui forment \u00e9galement une petite manche convient parfaitement \u00e0 cette robe. Cette robe est magnifiquement combin\u00e9e \u00e0 une jupe \u00e0 deux couches. Le jupon tombe sur le sol \u00e0 l&#039;avant et se termine par une courte tra\u00eene \u00e0 l&#039;arri\u00e8re. La jupe sup\u00e9rieure est courte sur le devant et tombe jusqu&#039;au sol dans le dos.\" \/>\n<meta property=\"og:url\" content=\"https:\/\/www.koonings.com\/fr\/product\/olvis-4025\/\" \/>\n<meta property=\"og:site_name\" content=\"Koonings\" \/>\n<meta property=\"article:publisher\" content=\"https:\/\/www.facebook.com\/kooningstheweddingpalace\" \/>\n<meta property=\"article:modified_time\" content=\"2026-02-03T18:33:46+00:00\" \/>\n<meta property=\"og:image\" content=\"https:\/\/www.koonings.com\/wp-content\/uploads\/2024\/11\/30272_ec55ef1a3018b98eec7d4821755db8f445033a969b197c6828288267263104457edc7133.jpeg\" \/>\n\t<meta property=\"og:image:width\" content=\"798\" \/>\n\t<meta property=\"og:image:height\" content=\"1199\" \/>\n\t<meta property=\"og:image:type\" content=\"image\/jpeg\" \/>\n<meta name=\"twitter:card\" content=\"summary_large_image\" \/>\n<script type=\"application\/ld+json\" class=\"yoast-schema-graph\">{\"@context\":\"https:\\\/\\\/schema.org\",\"@graph\":[{\"@type\":\"WebPage\",\"@id\":\"https:\\\/\\\/www.koonings.com\\\/fr\\\/product\\\/olvis-4025\\\/\",\"url\":\"https:\\\/\\\/www.koonings.com\\\/fr\\\/product\\\/olvis-4025\\\/\",\"name\":\"Olvi's 4025 | Koonings\",\"isPartOf\":{\"@id\":\"https:\\\/\\\/www.koonings.com\\\/fr\\\/#website\"},\"primaryImageOfPage\":{\"@id\":\"https:\\\/\\\/www.koonings.com\\\/fr\\\/product\\\/olvis-4025\\\/#primaryimage\"},\"image\":{\"@id\":\"https:\\\/\\\/www.koonings.com\\\/fr\\\/product\\\/olvis-4025\\\/#primaryimage\"},\"thumbnailUrl\":\"https:\\\/\\\/www.koonings.com\\\/wp-content\\\/uploads\\\/2024\\\/11\\\/30272_ec55ef1a3018b98eec7d4821755db8f445033a969b197c6828288267263104457edc7133.jpeg\",\"datePublished\":\"2025-12-14T23:06:55+00:00\",\"dateModified\":\"2026-02-03T18:33:46+00:00\",\"description\":\"Cette robe de mari\u00e9e sir\u00e8ne attire tous les regards. Tout est fait pour attirer l'attention sur vous. L'accent le plus frappant est le corsage illusion avec un d\u00e9collet\u00e9 et un dos bas. Le d\u00e9collet\u00e9 en V avec de larges bretelles qui forment \u00e9galement une petite manche convient parfaitement \u00e0 cette robe. Cette robe est magnifiquement combin\u00e9e \u00e0 une jupe \u00e0 deux couches. Le jupon tombe sur le sol \u00e0 l'avant et se termine par une courte tra\u00eene \u00e0 l'arri\u00e8re. La jupe sup\u00e9rieure est courte sur le devant et tombe jusqu'au sol dans le dos.\",\"breadcrumb\":{\"@id\":\"https:\\\/\\\/www.koonings.com\\\/fr\\\/product\\\/olvis-4025\\\/#breadcrumb\"},\"inLanguage\":\"fr-FR\",\"potentialAction\":[{\"@type\":\"ReadAction\",\"target\":[\"https:\\\/\\\/www.koonings.com\\\/fr\\\/product\\\/olvis-4025\\\/\"]}]},{\"@type\":\"ImageObject\",\"inLanguage\":\"fr-FR\",\"@id\":\"https:\\\/\\\/www.koonings.com\\\/fr\\\/product\\\/olvis-4025\\\/#primaryimage\",\"url\":\"https:\\\/\\\/www.koonings.com\\\/wp-content\\\/uploads\\\/2024\\\/11\\\/30272_ec55ef1a3018b98eec7d4821755db8f445033a969b197c6828288267263104457edc7133.jpeg\",\"contentUrl\":\"https:\\\/\\\/www.koonings.com\\\/wp-content\\\/uploads\\\/2024\\\/11\\\/30272_ec55ef1a3018b98eec7d4821755db8f445033a969b197c6828288267263104457edc7133.jpeg\",\"width\":798,\"height\":1199},{\"@type\":\"BreadcrumbList\",\"@id\":\"https:\\\/\\\/www.koonings.com\\\/fr\\\/product\\\/olvis-4025\\\/#breadcrumb\",\"itemListElement\":[{\"@type\":\"ListItem\",\"position\":1,\"name\":\"Home\",\"item\":\"https:\\\/\\\/www.koonings.com\\\/fr\\\/\"},{\"@type\":\"ListItem\",\"position\":2,\"name\":\"Olvi&rsquo;s 4025\"}]},{\"@type\":\"WebSite\",\"@id\":\"https:\\\/\\\/www.koonings.com\\\/fr\\\/#website\",\"url\":\"https:\\\/\\\/www.koonings.com\\\/fr\\\/\",\"name\":\"Koonings\",\"description\":\"De grootste bruidsmodewinkel ter wereld\",\"publisher\":{\"@id\":\"https:\\\/\\\/www.koonings.com\\\/fr\\\/#organization\"},\"potentialAction\":[{\"@type\":\"SearchAction\",\"target\":{\"@type\":\"EntryPoint\",\"urlTemplate\":\"https:\\\/\\\/www.koonings.com\\\/fr\\\/?s={search_term_string}\"},\"query-input\":{\"@type\":\"PropertyValueSpecification\",\"valueRequired\":true,\"valueName\":\"search_term_string\"}}],\"inLanguage\":\"fr-FR\"},{\"@type\":\"Organization\",\"@id\":\"https:\\\/\\\/www.koonings.com\\\/fr\\\/#organization\",\"name\":\"Koonings\",\"url\":\"https:\\\/\\\/www.koonings.com\\\/fr\\\/\",\"logo\":{\"@type\":\"ImageObject\",\"inLanguage\":\"fr-FR\",\"@id\":\"https:\\\/\\\/www.koonings.com\\\/fr\\\/#\\\/schema\\\/logo\\\/image\\\/\",\"url\":\"https:\\\/\\\/www.koonings.com\\\/wp-content\\\/uploads\\\/2024\\\/07\\\/logo.png\",\"contentUrl\":\"https:\\\/\\\/www.koonings.com\\\/wp-content\\\/uploads\\\/2024\\\/07\\\/logo.png\",\"width\":600,\"height\":428,\"caption\":\"Koonings\"},\"image\":{\"@id\":\"https:\\\/\\\/www.koonings.com\\\/fr\\\/#\\\/schema\\\/logo\\\/image\\\/\"},\"sameAs\":[\"https:\\\/\\\/www.facebook.com\\\/kooningstheweddingpalace\",\"https:\\\/\\\/www.instagram.com\\\/kooningstheweddingpalace\",\"https:\\\/\\\/www.pinterest.com\\\/koonings\",\"https:\\\/\\\/www.youtube.com\\\/kooningstheweddingpalace\"]}]}<\/script>\n<!-- \/ Yoast SEO plugin. -->","yoast_head_json":{"title":"Olvi's 4025 | Koonings","description":"Cette robe de mari\u00e9e sir\u00e8ne attire tous les regards. Tout est fait pour attirer l'attention sur vous. L'accent le plus frappant est le corsage illusion avec un d\u00e9collet\u00e9 et un dos bas. Le d\u00e9collet\u00e9 en V avec de larges bretelles qui forment \u00e9galement une petite manche convient parfaitement \u00e0 cette robe. Cette robe est magnifiquement combin\u00e9e \u00e0 une jupe \u00e0 deux couches. Le jupon tombe sur le sol \u00e0 l'avant et se termine par une courte tra\u00eene \u00e0 l'arri\u00e8re. La jupe sup\u00e9rieure est courte sur le devant et tombe jusqu'au sol dans le dos.","robots":{"index":"index","follow":"follow","max-snippet":"max-snippet:-1","max-image-preview":"max-image-preview:large","max-video-preview":"max-video-preview:-1"},"canonical":"https:\/\/www.koonings.com\/fr\/product\/olvis-4025\/","og_locale":"fr_FR","og_type":"article","og_title":"Olvi's 4025 | Koonings","og_description":"Cette robe de mari\u00e9e sir\u00e8ne attire tous les regards. Tout est fait pour attirer l'attention sur vous. L'accent le plus frappant est le corsage illusion avec un d\u00e9collet\u00e9 et un dos bas. Le d\u00e9collet\u00e9 en V avec de larges bretelles qui forment \u00e9galement une petite manche convient parfaitement \u00e0 cette robe. Cette robe est magnifiquement combin\u00e9e \u00e0 une jupe \u00e0 deux couches. Le jupon tombe sur le sol \u00e0 l'avant et se termine par une courte tra\u00eene \u00e0 l'arri\u00e8re. La jupe sup\u00e9rieure est courte sur le devant et tombe jusqu'au sol dans le dos.","og_url":"https:\/\/www.koonings.com\/fr\/product\/olvis-4025\/","og_site_name":"Koonings","article_publisher":"https:\/\/www.facebook.com\/kooningstheweddingpalace","article_modified_time":"2026-02-03T18:33:46+00:00","og_image":[{"width":798,"height":1199,"url":"https:\/\/www.koonings.com\/wp-content\/uploads\/2024\/11\/30272_ec55ef1a3018b98eec7d4821755db8f445033a969b197c6828288267263104457edc7133.jpeg","type":"image\/jpeg"}],"twitter_card":"summary_large_image","schema":{"@context":"https:\/\/schema.org","@graph":[{"@type":"WebPage","@id":"https:\/\/www.koonings.com\/fr\/product\/olvis-4025\/","url":"https:\/\/www.koonings.com\/fr\/product\/olvis-4025\/","name":"Olvi's 4025 | Koonings","isPartOf":{"@id":"https:\/\/www.koonings.com\/fr\/#website"},"primaryImageOfPage":{"@id":"https:\/\/www.koonings.com\/fr\/product\/olvis-4025\/#primaryimage"},"image":{"@id":"https:\/\/www.koonings.com\/fr\/product\/olvis-4025\/#primaryimage"},"thumbnailUrl":"https:\/\/www.koonings.com\/wp-content\/uploads\/2024\/11\/30272_ec55ef1a3018b98eec7d4821755db8f445033a969b197c6828288267263104457edc7133.jpeg","datePublished":"2025-12-14T23:06:55+00:00","dateModified":"2026-02-03T18:33:46+00:00","description":"Cette robe de mari\u00e9e sir\u00e8ne attire tous les regards. Tout est fait pour attirer l'attention sur vous. L'accent le plus frappant est le corsage illusion avec un d\u00e9collet\u00e9 et un dos bas. Le d\u00e9collet\u00e9 en V avec de larges bretelles qui forment \u00e9galement une petite manche convient parfaitement \u00e0 cette robe. Cette robe est magnifiquement combin\u00e9e \u00e0 une jupe \u00e0 deux couches. Le jupon tombe sur le sol \u00e0 l'avant et se termine par une courte tra\u00eene \u00e0 l'arri\u00e8re. La jupe sup\u00e9rieure est courte sur le devant et tombe jusqu'au sol dans le dos.","breadcrumb":{"@id":"https:\/\/www.koonings.com\/fr\/product\/olvis-4025\/#breadcrumb"},"inLanguage":"fr-FR","potentialAction":[{"@type":"ReadAction","target":["https:\/\/www.koonings.com\/fr\/product\/olvis-4025\/"]}]},{"@type":"ImageObject","inLanguage":"fr-FR","@id":"https:\/\/www.koonings.com\/fr\/product\/olvis-4025\/#primaryimage","url":"https:\/\/www.koonings.com\/wp-content\/uploads\/2024\/11\/30272_ec55ef1a3018b98eec7d4821755db8f445033a969b197c6828288267263104457edc7133.jpeg","contentUrl":"https:\/\/www.koonings.com\/wp-content\/uploads\/2024\/11\/30272_ec55ef1a3018b98eec7d4821755db8f445033a969b197c6828288267263104457edc7133.jpeg","width":798,"height":1199},{"@type":"BreadcrumbList","@id":"https:\/\/www.koonings.com\/fr\/product\/olvis-4025\/#breadcrumb","itemListElement":[{"@type":"ListItem","position":1,"name":"Home","item":"https:\/\/www.koonings.com\/fr\/"},{"@type":"ListItem","position":2,"name":"Olvi&rsquo;s 4025"}]},{"@type":"WebSite","@id":"https:\/\/www.koonings.com\/fr\/#website","url":"https:\/\/www.koonings.com\/fr\/","name":"Koonings","description":"De grootste bruidsmodewinkel ter wereld","publisher":{"@id":"https:\/\/www.koonings.com\/fr\/#organization"},"potentialAction":[{"@type":"SearchAction","target":{"@type":"EntryPoint","urlTemplate":"https:\/\/www.koonings.com\/fr\/?s={search_term_string}"},"query-input":{"@type":"PropertyValueSpecification","valueRequired":true,"valueName":"search_term_string"}}],"inLanguage":"fr-FR"},{"@type":"Organization","@id":"https:\/\/www.koonings.com\/fr\/#organization","name":"Koonings","url":"https:\/\/www.koonings.com\/fr\/","logo":{"@type":"ImageObject","inLanguage":"fr-FR","@id":"https:\/\/www.koonings.com\/fr\/#\/schema\/logo\/image\/","url":"https:\/\/www.koonings.com\/wp-content\/uploads\/2024\/07\/logo.png","contentUrl":"https:\/\/www.koonings.com\/wp-content\/uploads\/2024\/07\/logo.png","width":600,"height":428,"caption":"Koonings"},"image":{"@id":"https:\/\/www.koonings.com\/fr\/#\/schema\/logo\/image\/"},"sameAs":["https:\/\/www.facebook.com\/kooningstheweddingpalace","https:\/\/www.instagram.com\/kooningstheweddingpalace","https:\/\/www.pinterest.com\/koonings","https:\/\/www.youtube.com\/kooningstheweddingpalace"]}]}},"_links":{"self":[{"href":"https:\/\/www.koonings.com\/fr\/wp-json\/wp\/v2\/product\/78600","targetHints":{"allow":["GET"]}}],"collection":[{"href":"https:\/\/www.koonings.com\/fr\/wp-json\/wp\/v2\/product"}],"about":[{"href":"https:\/\/www.koonings.com\/fr\/wp-json\/wp\/v2\/types\/product"}],"wp:featuredmedia":[{"embeddable":true,"href":"https:\/\/www.koonings.com\/fr\/wp-json\/wp\/v2\/media\/62933"}],"wp:attachment":[{"href":"https:\/\/www.koonings.com\/fr\/wp-json\/wp\/v2\/media?parent=78600"}],"wp:term":[{"taxonomy":"productdetails","embeddable":true,"href":"https:\/\/www.koonings.com\/fr\/wp-json\/wp\/v2\/productdetails?post=78600"},{"taxonomy":"productneck","embeddable":true,"href":"https:\/\/www.koonings.com\/fr\/wp-json\/wp\/v2\/productneck?post=78600"},{"taxonomy":"productcolor","embeddable":true,"href":"https:\/\/www.koonings.com\/fr\/wp-json\/wp\/v2\/productcolor?post=78600"},{"taxonomy":"maat","embeddable":true,"href":"https:\/\/www.koonings.com\/fr\/wp-json\/wp\/v2\/maat?post=78600"},{"taxonomy":"productsupplier","embeddable":true,"href":"https:\/\/www.koonings.com\/fr\/wp-json\/wp\/v2\/productsupplier?post=78600"},{"taxonomy":"productsleeve","embeddable":true,"href":"https:\/\/www.koonings.com\/fr\/wp-json\/wp\/v2\/productsleeve?post=78600"},{"taxonomy":"productcategory","embeddable":true,"href":"https:\/\/www.koonings.com\/fr\/wp-json\/wp\/v2\/productcategory?post=78600"},{"taxonomy":"productsilhouette","embeddable":true,"href":"https:\/\/www.koonings.com\/fr\/wp-json\/wp\/v2\/productsilhouette?post=78600"},{"taxonomy":"productstyle","embeddable":true,"href":"https:\/\/www.koonings.com\/fr\/wp-json\/wp\/v2\/productstyle?post=78600"}],"curies":[{"name":"wp","href":"https:\/\/api.w.org\/{rel}","templated":true}]}}