{"id":78596,"date":"2026-04-21T18:08:08","date_gmt":"2026-04-21T16:08:08","guid":{"rendered":"https:\/\/www.koonings.com\/product\/enzoani-love-collection-bree\/"},"modified":"2026-02-16T14:46:10","modified_gmt":"2026-02-16T13:46:10","slug":"enzoani-love-collection-bree","status":"publish","type":"product","link":"https:\/\/www.koonings.com\/fr\/product\/enzoani-love-collection-bree\/","title":{"rendered":"Enzoani Love Collection Bree"},"content":{"rendered":"<p>Flottez dans l&#8217;all\u00e9e en Bree, une douce mousseline de soie superpos\u00e9e, une ligne A de r\u00eave. Une ceinture fine et douce, un d\u00e9collet\u00e9 illusion saillant. Les d\u00e9coupes lat\u00e9rales embellissent la taille et accentuent joliment les courbes pour une touche moderne sur une silhouette classique et romantique. Pour une touche suppl\u00e9mentaire de drame, Bree a une fente sexy sur le devant.   <\/p>\n","protected":false},"featured_media":62984,"template":"","meta":{"_acf_changed":false,"ghostkit_customizer_options":"","ghostkit_custom_css":"","ghostkit_custom_js_head":"","ghostkit_custom_js_foot":"","ghostkit_typography":""},"productdetails":[378],"productneck":[351,356],"productcolor":[392],"maat":[],"productsupplier":[475],"productsleeve":[359],"productcategory":[18],"productsilhouette":[389],"productstyle":[369,365,371,366,370],"class_list":["post-78596","product","type-product","status-publish","has-post-thumbnail","hentry","productdetails-378","productneck-351","productneck-356","productcolor-392","productsupplier-enzoani-love-collection","productsleeve-359","productcategory-trouwjurken","productsilhouette-389","productstyle-369","productstyle-365","productstyle-371","productstyle-366","productstyle-370"],"acf":[],"yoast_head":"<!-- This site is optimized with the Yoast SEO plugin v27.3 - https:\/\/yoast.com\/product\/yoast-seo-wordpress\/ -->\n<title>Enzoani Love Collection Bree | Koonings<\/title>\n<meta name=\"description\" content=\"Flottez dans l&#039;all\u00e9e en Bree, une douce mousseline de soie superpos\u00e9e, une ligne A de r\u00eave. Une ceinture fine et douce, un d\u00e9collet\u00e9 illusion saillant. Les d\u00e9coupes lat\u00e9rales embellissent la taille et accentuent joliment les courbes pour une touche moderne sur une silhouette classique et romantique. Pour une touche suppl\u00e9mentaire de drame, Bree a une fente sexy sur le devant.\" \/>\n<meta name=\"robots\" content=\"index, follow, max-snippet:-1, max-image-preview:large, max-video-preview:-1\" \/>\n<link rel=\"canonical\" href=\"https:\/\/www.koonings.com\/fr\/product\/enzoani-love-collection-bree\/\" \/>\n<meta property=\"og:locale\" content=\"fr_FR\" \/>\n<meta property=\"og:type\" content=\"article\" \/>\n<meta property=\"og:title\" content=\"Enzoani Love Collection Bree | Koonings\" \/>\n<meta property=\"og:description\" content=\"Flottez dans l&#039;all\u00e9e en Bree, une douce mousseline de soie superpos\u00e9e, une ligne A de r\u00eave. Une ceinture fine et douce, un d\u00e9collet\u00e9 illusion saillant. Les d\u00e9coupes lat\u00e9rales embellissent la taille et accentuent joliment les courbes pour une touche moderne sur une silhouette classique et romantique. Pour une touche suppl\u00e9mentaire de drame, Bree a une fente sexy sur le devant.\" \/>\n<meta property=\"og:url\" content=\"https:\/\/www.koonings.com\/fr\/product\/enzoani-love-collection-bree\/\" \/>\n<meta property=\"og:site_name\" content=\"Koonings\" \/>\n<meta property=\"article:publisher\" content=\"https:\/\/www.facebook.com\/kooningstheweddingpalace\" \/>\n<meta property=\"og:image\" content=\"https:\/\/www.koonings.com\/wp-content\/uploads\/2024\/11\/37155_54c69ae8036c9932fd55726efc8808ec3a74b0f8171e8849849e22519dcc069243c2b01a.jpeg\" \/>\n\t<meta property=\"og:image:width\" content=\"1035\" \/>\n\t<meta property=\"og:image:height\" content=\"1380\" \/>\n\t<meta property=\"og:image:type\" content=\"image\/jpeg\" \/>\n<meta name=\"twitter:card\" content=\"summary_large_image\" \/>\n<script type=\"application\/ld+json\" class=\"yoast-schema-graph\">{\"@context\":\"https:\\\/\\\/schema.org\",\"@graph\":[{\"@type\":\"WebPage\",\"@id\":\"https:\\\/\\\/www.koonings.com\\\/fr\\\/product\\\/enzoani-love-collection-bree\\\/\",\"url\":\"https:\\\/\\\/www.koonings.com\\\/fr\\\/product\\\/enzoani-love-collection-bree\\\/\",\"name\":\"Enzoani Love Collection Bree | Koonings\",\"isPartOf\":{\"@id\":\"https:\\\/\\\/www.koonings.com\\\/fr\\\/#website\"},\"primaryImageOfPage\":{\"@id\":\"https:\\\/\\\/www.koonings.com\\\/fr\\\/product\\\/enzoani-love-collection-bree\\\/#primaryimage\"},\"image\":{\"@id\":\"https:\\\/\\\/www.koonings.com\\\/fr\\\/product\\\/enzoani-love-collection-bree\\\/#primaryimage\"},\"thumbnailUrl\":\"https:\\\/\\\/www.koonings.com\\\/wp-content\\\/uploads\\\/2024\\\/11\\\/37155_54c69ae8036c9932fd55726efc8808ec3a74b0f8171e8849849e22519dcc069243c2b01a.jpeg\",\"datePublished\":\"2026-04-21T16:08:08+00:00\",\"description\":\"Flottez dans l'all\u00e9e en Bree, une douce mousseline de soie superpos\u00e9e, une ligne A de r\u00eave. Une ceinture fine et douce, un d\u00e9collet\u00e9 illusion saillant. Les d\u00e9coupes lat\u00e9rales embellissent la taille et accentuent joliment les courbes pour une touche moderne sur une silhouette classique et romantique. Pour une touche suppl\u00e9mentaire de drame, Bree a une fente sexy sur le devant.\",\"breadcrumb\":{\"@id\":\"https:\\\/\\\/www.koonings.com\\\/fr\\\/product\\\/enzoani-love-collection-bree\\\/#breadcrumb\"},\"inLanguage\":\"fr-FR\",\"potentialAction\":[{\"@type\":\"ReadAction\",\"target\":[\"https:\\\/\\\/www.koonings.com\\\/fr\\\/product\\\/enzoani-love-collection-bree\\\/\"]}]},{\"@type\":\"ImageObject\",\"inLanguage\":\"fr-FR\",\"@id\":\"https:\\\/\\\/www.koonings.com\\\/fr\\\/product\\\/enzoani-love-collection-bree\\\/#primaryimage\",\"url\":\"https:\\\/\\\/www.koonings.com\\\/wp-content\\\/uploads\\\/2024\\\/11\\\/37155_54c69ae8036c9932fd55726efc8808ec3a74b0f8171e8849849e22519dcc069243c2b01a.jpeg\",\"contentUrl\":\"https:\\\/\\\/www.koonings.com\\\/wp-content\\\/uploads\\\/2024\\\/11\\\/37155_54c69ae8036c9932fd55726efc8808ec3a74b0f8171e8849849e22519dcc069243c2b01a.jpeg\",\"width\":1035,\"height\":1380},{\"@type\":\"BreadcrumbList\",\"@id\":\"https:\\\/\\\/www.koonings.com\\\/fr\\\/product\\\/enzoani-love-collection-bree\\\/#breadcrumb\",\"itemListElement\":[{\"@type\":\"ListItem\",\"position\":1,\"name\":\"Home\",\"item\":\"https:\\\/\\\/www.koonings.com\\\/fr\\\/\"},{\"@type\":\"ListItem\",\"position\":2,\"name\":\"Enzoani Love Collection Bree\"}]},{\"@type\":\"WebSite\",\"@id\":\"https:\\\/\\\/www.koonings.com\\\/fr\\\/#website\",\"url\":\"https:\\\/\\\/www.koonings.com\\\/fr\\\/\",\"name\":\"Koonings\",\"description\":\"De grootste bruidsmodewinkel ter wereld\",\"publisher\":{\"@id\":\"https:\\\/\\\/www.koonings.com\\\/fr\\\/#organization\"},\"potentialAction\":[{\"@type\":\"SearchAction\",\"target\":{\"@type\":\"EntryPoint\",\"urlTemplate\":\"https:\\\/\\\/www.koonings.com\\\/fr\\\/?s={search_term_string}\"},\"query-input\":{\"@type\":\"PropertyValueSpecification\",\"valueRequired\":true,\"valueName\":\"search_term_string\"}}],\"inLanguage\":\"fr-FR\"},{\"@type\":\"Organization\",\"@id\":\"https:\\\/\\\/www.koonings.com\\\/fr\\\/#organization\",\"name\":\"Koonings\",\"url\":\"https:\\\/\\\/www.koonings.com\\\/fr\\\/\",\"logo\":{\"@type\":\"ImageObject\",\"inLanguage\":\"fr-FR\",\"@id\":\"https:\\\/\\\/www.koonings.com\\\/fr\\\/#\\\/schema\\\/logo\\\/image\\\/\",\"url\":\"https:\\\/\\\/www.koonings.com\\\/wp-content\\\/uploads\\\/2024\\\/07\\\/logo.png\",\"contentUrl\":\"https:\\\/\\\/www.koonings.com\\\/wp-content\\\/uploads\\\/2024\\\/07\\\/logo.png\",\"width\":600,\"height\":428,\"caption\":\"Koonings\"},\"image\":{\"@id\":\"https:\\\/\\\/www.koonings.com\\\/fr\\\/#\\\/schema\\\/logo\\\/image\\\/\"},\"sameAs\":[\"https:\\\/\\\/www.facebook.com\\\/kooningstheweddingpalace\",\"https:\\\/\\\/www.instagram.com\\\/kooningstheweddingpalace\",\"https:\\\/\\\/www.pinterest.com\\\/koonings\",\"https:\\\/\\\/www.youtube.com\\\/kooningstheweddingpalace\"]}]}<\/script>\n<!-- \/ Yoast SEO plugin. -->","yoast_head_json":{"title":"Enzoani Love Collection Bree | Koonings","description":"Flottez dans l'all\u00e9e en Bree, une douce mousseline de soie superpos\u00e9e, une ligne A de r\u00eave. Une ceinture fine et douce, un d\u00e9collet\u00e9 illusion saillant. Les d\u00e9coupes lat\u00e9rales embellissent la taille et accentuent joliment les courbes pour une touche moderne sur une silhouette classique et romantique. Pour une touche suppl\u00e9mentaire de drame, Bree a une fente sexy sur le devant.","robots":{"index":"index","follow":"follow","max-snippet":"max-snippet:-1","max-image-preview":"max-image-preview:large","max-video-preview":"max-video-preview:-1"},"canonical":"https:\/\/www.koonings.com\/fr\/product\/enzoani-love-collection-bree\/","og_locale":"fr_FR","og_type":"article","og_title":"Enzoani Love Collection Bree | Koonings","og_description":"Flottez dans l'all\u00e9e en Bree, une douce mousseline de soie superpos\u00e9e, une ligne A de r\u00eave. Une ceinture fine et douce, un d\u00e9collet\u00e9 illusion saillant. Les d\u00e9coupes lat\u00e9rales embellissent la taille et accentuent joliment les courbes pour une touche moderne sur une silhouette classique et romantique. Pour une touche suppl\u00e9mentaire de drame, Bree a une fente sexy sur le devant.","og_url":"https:\/\/www.koonings.com\/fr\/product\/enzoani-love-collection-bree\/","og_site_name":"Koonings","article_publisher":"https:\/\/www.facebook.com\/kooningstheweddingpalace","og_image":[{"width":1035,"height":1380,"url":"https:\/\/www.koonings.com\/wp-content\/uploads\/2024\/11\/37155_54c69ae8036c9932fd55726efc8808ec3a74b0f8171e8849849e22519dcc069243c2b01a.jpeg","type":"image\/jpeg"}],"twitter_card":"summary_large_image","schema":{"@context":"https:\/\/schema.org","@graph":[{"@type":"WebPage","@id":"https:\/\/www.koonings.com\/fr\/product\/enzoani-love-collection-bree\/","url":"https:\/\/www.koonings.com\/fr\/product\/enzoani-love-collection-bree\/","name":"Enzoani Love Collection Bree | Koonings","isPartOf":{"@id":"https:\/\/www.koonings.com\/fr\/#website"},"primaryImageOfPage":{"@id":"https:\/\/www.koonings.com\/fr\/product\/enzoani-love-collection-bree\/#primaryimage"},"image":{"@id":"https:\/\/www.koonings.com\/fr\/product\/enzoani-love-collection-bree\/#primaryimage"},"thumbnailUrl":"https:\/\/www.koonings.com\/wp-content\/uploads\/2024\/11\/37155_54c69ae8036c9932fd55726efc8808ec3a74b0f8171e8849849e22519dcc069243c2b01a.jpeg","datePublished":"2026-04-21T16:08:08+00:00","description":"Flottez dans l'all\u00e9e en Bree, une douce mousseline de soie superpos\u00e9e, une ligne A de r\u00eave. Une ceinture fine et douce, un d\u00e9collet\u00e9 illusion saillant. Les d\u00e9coupes lat\u00e9rales embellissent la taille et accentuent joliment les courbes pour une touche moderne sur une silhouette classique et romantique. Pour une touche suppl\u00e9mentaire de drame, Bree a une fente sexy sur le devant.","breadcrumb":{"@id":"https:\/\/www.koonings.com\/fr\/product\/enzoani-love-collection-bree\/#breadcrumb"},"inLanguage":"fr-FR","potentialAction":[{"@type":"ReadAction","target":["https:\/\/www.koonings.com\/fr\/product\/enzoani-love-collection-bree\/"]}]},{"@type":"ImageObject","inLanguage":"fr-FR","@id":"https:\/\/www.koonings.com\/fr\/product\/enzoani-love-collection-bree\/#primaryimage","url":"https:\/\/www.koonings.com\/wp-content\/uploads\/2024\/11\/37155_54c69ae8036c9932fd55726efc8808ec3a74b0f8171e8849849e22519dcc069243c2b01a.jpeg","contentUrl":"https:\/\/www.koonings.com\/wp-content\/uploads\/2024\/11\/37155_54c69ae8036c9932fd55726efc8808ec3a74b0f8171e8849849e22519dcc069243c2b01a.jpeg","width":1035,"height":1380},{"@type":"BreadcrumbList","@id":"https:\/\/www.koonings.com\/fr\/product\/enzoani-love-collection-bree\/#breadcrumb","itemListElement":[{"@type":"ListItem","position":1,"name":"Home","item":"https:\/\/www.koonings.com\/fr\/"},{"@type":"ListItem","position":2,"name":"Enzoani Love Collection Bree"}]},{"@type":"WebSite","@id":"https:\/\/www.koonings.com\/fr\/#website","url":"https:\/\/www.koonings.com\/fr\/","name":"Koonings","description":"De grootste bruidsmodewinkel ter wereld","publisher":{"@id":"https:\/\/www.koonings.com\/fr\/#organization"},"potentialAction":[{"@type":"SearchAction","target":{"@type":"EntryPoint","urlTemplate":"https:\/\/www.koonings.com\/fr\/?s={search_term_string}"},"query-input":{"@type":"PropertyValueSpecification","valueRequired":true,"valueName":"search_term_string"}}],"inLanguage":"fr-FR"},{"@type":"Organization","@id":"https:\/\/www.koonings.com\/fr\/#organization","name":"Koonings","url":"https:\/\/www.koonings.com\/fr\/","logo":{"@type":"ImageObject","inLanguage":"fr-FR","@id":"https:\/\/www.koonings.com\/fr\/#\/schema\/logo\/image\/","url":"https:\/\/www.koonings.com\/wp-content\/uploads\/2024\/07\/logo.png","contentUrl":"https:\/\/www.koonings.com\/wp-content\/uploads\/2024\/07\/logo.png","width":600,"height":428,"caption":"Koonings"},"image":{"@id":"https:\/\/www.koonings.com\/fr\/#\/schema\/logo\/image\/"},"sameAs":["https:\/\/www.facebook.com\/kooningstheweddingpalace","https:\/\/www.instagram.com\/kooningstheweddingpalace","https:\/\/www.pinterest.com\/koonings","https:\/\/www.youtube.com\/kooningstheweddingpalace"]}]}},"_links":{"self":[{"href":"https:\/\/www.koonings.com\/fr\/wp-json\/wp\/v2\/product\/78596","targetHints":{"allow":["GET"]}}],"collection":[{"href":"https:\/\/www.koonings.com\/fr\/wp-json\/wp\/v2\/product"}],"about":[{"href":"https:\/\/www.koonings.com\/fr\/wp-json\/wp\/v2\/types\/product"}],"wp:featuredmedia":[{"embeddable":true,"href":"https:\/\/www.koonings.com\/fr\/wp-json\/wp\/v2\/media\/62984"}],"wp:attachment":[{"href":"https:\/\/www.koonings.com\/fr\/wp-json\/wp\/v2\/media?parent=78596"}],"wp:term":[{"taxonomy":"productdetails","embeddable":true,"href":"https:\/\/www.koonings.com\/fr\/wp-json\/wp\/v2\/productdetails?post=78596"},{"taxonomy":"productneck","embeddable":true,"href":"https:\/\/www.koonings.com\/fr\/wp-json\/wp\/v2\/productneck?post=78596"},{"taxonomy":"productcolor","embeddable":true,"href":"https:\/\/www.koonings.com\/fr\/wp-json\/wp\/v2\/productcolor?post=78596"},{"taxonomy":"maat","embeddable":true,"href":"https:\/\/www.koonings.com\/fr\/wp-json\/wp\/v2\/maat?post=78596"},{"taxonomy":"productsupplier","embeddable":true,"href":"https:\/\/www.koonings.com\/fr\/wp-json\/wp\/v2\/productsupplier?post=78596"},{"taxonomy":"productsleeve","embeddable":true,"href":"https:\/\/www.koonings.com\/fr\/wp-json\/wp\/v2\/productsleeve?post=78596"},{"taxonomy":"productcategory","embeddable":true,"href":"https:\/\/www.koonings.com\/fr\/wp-json\/wp\/v2\/productcategory?post=78596"},{"taxonomy":"productsilhouette","embeddable":true,"href":"https:\/\/www.koonings.com\/fr\/wp-json\/wp\/v2\/productsilhouette?post=78596"},{"taxonomy":"productstyle","embeddable":true,"href":"https:\/\/www.koonings.com\/fr\/wp-json\/wp\/v2\/productstyle?post=78596"}],"curies":[{"name":"wp","href":"https:\/\/api.w.org\/{rel}","templated":true}]}}