{"id":78586,"date":"2026-04-28T18:08:13","date_gmt":"2026-04-28T16:08:13","guid":{"rendered":"https:\/\/www.koonings.com\/product\/enzoani-love-collection-betsy\/"},"modified":"2026-02-16T14:46:09","modified_gmt":"2026-02-16T13:46:09","slug":"enzoani-love-collection-betsy","status":"publish","type":"product","link":"https:\/\/www.koonings.com\/fr\/product\/enzoani-love-collection-betsy\/","title":{"rendered":"Enzoani Love Collection Betsy"},"content":{"rendered":"<p>Un v\u00e9ritable coup d&#8217;\u00e9clat ! L&#8217;ensemble du corsage scintillant est d\u00e9cor\u00e9 d&#8217;un motif unique en dentelle avec des perles pour un effet scintillant sur tout le corps. Le d\u00e9collet\u00e9 illusion en V et le dos \u00e9chancr\u00e9 sont \u00e0 couper le souffle. La jupe sir\u00e8ne moderne et l\u00e9g\u00e8re en georgette stretch contraste id\u00e9alement avec le corsage sexy et scintillant. L&#8217;\u00e9quilibre parfait entre simplicit\u00e9 et glamour !    <\/p>\n","protected":false},"featured_media":63026,"template":"","meta":{"_acf_changed":false,"ghostkit_customizer_options":"","ghostkit_custom_css":"","ghostkit_custom_js_head":"","ghostkit_custom_js_foot":"","ghostkit_typography":""},"productdetails":[377],"productneck":[356],"productcolor":[392],"maat":[],"productsupplier":[475],"productsleeve":[359],"productcategory":[18],"productsilhouette":[387,390],"productstyle":[371],"class_list":["post-78586","product","type-product","status-publish","has-post-thumbnail","hentry","productdetails-377","productneck-356","productcolor-392","productsupplier-enzoani-love-collection","productsleeve-359","productcategory-trouwjurken","productsilhouette-387","productsilhouette-390","productstyle-371"],"acf":[],"yoast_head":"<!-- This site is optimized with the Yoast SEO plugin v27.3 - https:\/\/yoast.com\/product\/yoast-seo-wordpress\/ -->\n<title>Enzoani Love Collection Betsy | Koonings<\/title>\n<meta name=\"description\" content=\"Un v\u00e9ritable coup d&#039;\u00e9clat ! L&#039;ensemble du corsage scintillant est d\u00e9cor\u00e9 d&#039;un motif unique en dentelle avec des perles pour un effet scintillant sur tout le corps. Le d\u00e9collet\u00e9 illusion en V et le dos \u00e9chancr\u00e9 sont \u00e0 couper le souffle. La jupe sir\u00e8ne moderne et l\u00e9g\u00e8re en georgette stretch contraste id\u00e9alement avec le corsage sexy et scintillant. L&#039;\u00e9quilibre parfait entre simplicit\u00e9 et glamour !\" \/>\n<meta name=\"robots\" content=\"index, follow, max-snippet:-1, max-image-preview:large, max-video-preview:-1\" \/>\n<link rel=\"canonical\" href=\"https:\/\/www.koonings.com\/fr\/product\/enzoani-love-collection-betsy\/\" \/>\n<meta property=\"og:locale\" content=\"fr_FR\" \/>\n<meta property=\"og:type\" content=\"article\" \/>\n<meta property=\"og:title\" content=\"Enzoani Love Collection Betsy | Koonings\" \/>\n<meta property=\"og:description\" content=\"Un v\u00e9ritable coup d&#039;\u00e9clat ! L&#039;ensemble du corsage scintillant est d\u00e9cor\u00e9 d&#039;un motif unique en dentelle avec des perles pour un effet scintillant sur tout le corps. Le d\u00e9collet\u00e9 illusion en V et le dos \u00e9chancr\u00e9 sont \u00e0 couper le souffle. La jupe sir\u00e8ne moderne et l\u00e9g\u00e8re en georgette stretch contraste id\u00e9alement avec le corsage sexy et scintillant. L&#039;\u00e9quilibre parfait entre simplicit\u00e9 et glamour !\" \/>\n<meta property=\"og:url\" content=\"https:\/\/www.koonings.com\/fr\/product\/enzoani-love-collection-betsy\/\" \/>\n<meta property=\"og:site_name\" content=\"Koonings\" \/>\n<meta property=\"article:publisher\" content=\"https:\/\/www.facebook.com\/kooningstheweddingpalace\" \/>\n<meta property=\"og:image\" content=\"https:\/\/www.koonings.com\/wp-content\/uploads\/2024\/11\/37531_c27deb1a26dd252dde0871df6ec0555e2e88859b9397cadfd2852df0f9d40daccfd41ffd.jpeg\" \/>\n\t<meta property=\"og:image:width\" content=\"1035\" \/>\n\t<meta property=\"og:image:height\" content=\"1380\" \/>\n\t<meta property=\"og:image:type\" content=\"image\/jpeg\" \/>\n<meta name=\"twitter:card\" content=\"summary_large_image\" \/>\n<script type=\"application\/ld+json\" class=\"yoast-schema-graph\">{\"@context\":\"https:\\\/\\\/schema.org\",\"@graph\":[{\"@type\":\"WebPage\",\"@id\":\"https:\\\/\\\/www.koonings.com\\\/fr\\\/product\\\/enzoani-love-collection-betsy\\\/\",\"url\":\"https:\\\/\\\/www.koonings.com\\\/fr\\\/product\\\/enzoani-love-collection-betsy\\\/\",\"name\":\"Enzoani Love Collection Betsy | Koonings\",\"isPartOf\":{\"@id\":\"https:\\\/\\\/www.koonings.com\\\/fr\\\/#website\"},\"primaryImageOfPage\":{\"@id\":\"https:\\\/\\\/www.koonings.com\\\/fr\\\/product\\\/enzoani-love-collection-betsy\\\/#primaryimage\"},\"image\":{\"@id\":\"https:\\\/\\\/www.koonings.com\\\/fr\\\/product\\\/enzoani-love-collection-betsy\\\/#primaryimage\"},\"thumbnailUrl\":\"https:\\\/\\\/www.koonings.com\\\/wp-content\\\/uploads\\\/2024\\\/11\\\/37531_c27deb1a26dd252dde0871df6ec0555e2e88859b9397cadfd2852df0f9d40daccfd41ffd.jpeg\",\"datePublished\":\"2026-04-28T16:08:13+00:00\",\"description\":\"Un v\u00e9ritable coup d'\u00e9clat ! L'ensemble du corsage scintillant est d\u00e9cor\u00e9 d'un motif unique en dentelle avec des perles pour un effet scintillant sur tout le corps. Le d\u00e9collet\u00e9 illusion en V et le dos \u00e9chancr\u00e9 sont \u00e0 couper le souffle. La jupe sir\u00e8ne moderne et l\u00e9g\u00e8re en georgette stretch contraste id\u00e9alement avec le corsage sexy et scintillant. L'\u00e9quilibre parfait entre simplicit\u00e9 et glamour !\",\"breadcrumb\":{\"@id\":\"https:\\\/\\\/www.koonings.com\\\/fr\\\/product\\\/enzoani-love-collection-betsy\\\/#breadcrumb\"},\"inLanguage\":\"fr-FR\",\"potentialAction\":[{\"@type\":\"ReadAction\",\"target\":[\"https:\\\/\\\/www.koonings.com\\\/fr\\\/product\\\/enzoani-love-collection-betsy\\\/\"]}]},{\"@type\":\"ImageObject\",\"inLanguage\":\"fr-FR\",\"@id\":\"https:\\\/\\\/www.koonings.com\\\/fr\\\/product\\\/enzoani-love-collection-betsy\\\/#primaryimage\",\"url\":\"https:\\\/\\\/www.koonings.com\\\/wp-content\\\/uploads\\\/2024\\\/11\\\/37531_c27deb1a26dd252dde0871df6ec0555e2e88859b9397cadfd2852df0f9d40daccfd41ffd.jpeg\",\"contentUrl\":\"https:\\\/\\\/www.koonings.com\\\/wp-content\\\/uploads\\\/2024\\\/11\\\/37531_c27deb1a26dd252dde0871df6ec0555e2e88859b9397cadfd2852df0f9d40daccfd41ffd.jpeg\",\"width\":1035,\"height\":1380},{\"@type\":\"BreadcrumbList\",\"@id\":\"https:\\\/\\\/www.koonings.com\\\/fr\\\/product\\\/enzoani-love-collection-betsy\\\/#breadcrumb\",\"itemListElement\":[{\"@type\":\"ListItem\",\"position\":1,\"name\":\"Home\",\"item\":\"https:\\\/\\\/www.koonings.com\\\/fr\\\/\"},{\"@type\":\"ListItem\",\"position\":2,\"name\":\"Enzoani Love Collection Betsy\"}]},{\"@type\":\"WebSite\",\"@id\":\"https:\\\/\\\/www.koonings.com\\\/fr\\\/#website\",\"url\":\"https:\\\/\\\/www.koonings.com\\\/fr\\\/\",\"name\":\"Koonings\",\"description\":\"De grootste bruidsmodewinkel ter wereld\",\"publisher\":{\"@id\":\"https:\\\/\\\/www.koonings.com\\\/fr\\\/#organization\"},\"potentialAction\":[{\"@type\":\"SearchAction\",\"target\":{\"@type\":\"EntryPoint\",\"urlTemplate\":\"https:\\\/\\\/www.koonings.com\\\/fr\\\/?s={search_term_string}\"},\"query-input\":{\"@type\":\"PropertyValueSpecification\",\"valueRequired\":true,\"valueName\":\"search_term_string\"}}],\"inLanguage\":\"fr-FR\"},{\"@type\":\"Organization\",\"@id\":\"https:\\\/\\\/www.koonings.com\\\/fr\\\/#organization\",\"name\":\"Koonings\",\"url\":\"https:\\\/\\\/www.koonings.com\\\/fr\\\/\",\"logo\":{\"@type\":\"ImageObject\",\"inLanguage\":\"fr-FR\",\"@id\":\"https:\\\/\\\/www.koonings.com\\\/fr\\\/#\\\/schema\\\/logo\\\/image\\\/\",\"url\":\"https:\\\/\\\/www.koonings.com\\\/wp-content\\\/uploads\\\/2024\\\/07\\\/logo.png\",\"contentUrl\":\"https:\\\/\\\/www.koonings.com\\\/wp-content\\\/uploads\\\/2024\\\/07\\\/logo.png\",\"width\":600,\"height\":428,\"caption\":\"Koonings\"},\"image\":{\"@id\":\"https:\\\/\\\/www.koonings.com\\\/fr\\\/#\\\/schema\\\/logo\\\/image\\\/\"},\"sameAs\":[\"https:\\\/\\\/www.facebook.com\\\/kooningstheweddingpalace\",\"https:\\\/\\\/www.instagram.com\\\/kooningstheweddingpalace\",\"https:\\\/\\\/www.pinterest.com\\\/koonings\",\"https:\\\/\\\/www.youtube.com\\\/kooningstheweddingpalace\"]}]}<\/script>\n<!-- \/ Yoast SEO plugin. -->","yoast_head_json":{"title":"Enzoani Love Collection Betsy | Koonings","description":"Un v\u00e9ritable coup d'\u00e9clat ! L'ensemble du corsage scintillant est d\u00e9cor\u00e9 d'un motif unique en dentelle avec des perles pour un effet scintillant sur tout le corps. Le d\u00e9collet\u00e9 illusion en V et le dos \u00e9chancr\u00e9 sont \u00e0 couper le souffle. La jupe sir\u00e8ne moderne et l\u00e9g\u00e8re en georgette stretch contraste id\u00e9alement avec le corsage sexy et scintillant. L'\u00e9quilibre parfait entre simplicit\u00e9 et glamour !","robots":{"index":"index","follow":"follow","max-snippet":"max-snippet:-1","max-image-preview":"max-image-preview:large","max-video-preview":"max-video-preview:-1"},"canonical":"https:\/\/www.koonings.com\/fr\/product\/enzoani-love-collection-betsy\/","og_locale":"fr_FR","og_type":"article","og_title":"Enzoani Love Collection Betsy | Koonings","og_description":"Un v\u00e9ritable coup d'\u00e9clat ! L'ensemble du corsage scintillant est d\u00e9cor\u00e9 d'un motif unique en dentelle avec des perles pour un effet scintillant sur tout le corps. Le d\u00e9collet\u00e9 illusion en V et le dos \u00e9chancr\u00e9 sont \u00e0 couper le souffle. La jupe sir\u00e8ne moderne et l\u00e9g\u00e8re en georgette stretch contraste id\u00e9alement avec le corsage sexy et scintillant. L'\u00e9quilibre parfait entre simplicit\u00e9 et glamour !","og_url":"https:\/\/www.koonings.com\/fr\/product\/enzoani-love-collection-betsy\/","og_site_name":"Koonings","article_publisher":"https:\/\/www.facebook.com\/kooningstheweddingpalace","og_image":[{"width":1035,"height":1380,"url":"https:\/\/www.koonings.com\/wp-content\/uploads\/2024\/11\/37531_c27deb1a26dd252dde0871df6ec0555e2e88859b9397cadfd2852df0f9d40daccfd41ffd.jpeg","type":"image\/jpeg"}],"twitter_card":"summary_large_image","schema":{"@context":"https:\/\/schema.org","@graph":[{"@type":"WebPage","@id":"https:\/\/www.koonings.com\/fr\/product\/enzoani-love-collection-betsy\/","url":"https:\/\/www.koonings.com\/fr\/product\/enzoani-love-collection-betsy\/","name":"Enzoani Love Collection Betsy | Koonings","isPartOf":{"@id":"https:\/\/www.koonings.com\/fr\/#website"},"primaryImageOfPage":{"@id":"https:\/\/www.koonings.com\/fr\/product\/enzoani-love-collection-betsy\/#primaryimage"},"image":{"@id":"https:\/\/www.koonings.com\/fr\/product\/enzoani-love-collection-betsy\/#primaryimage"},"thumbnailUrl":"https:\/\/www.koonings.com\/wp-content\/uploads\/2024\/11\/37531_c27deb1a26dd252dde0871df6ec0555e2e88859b9397cadfd2852df0f9d40daccfd41ffd.jpeg","datePublished":"2026-04-28T16:08:13+00:00","description":"Un v\u00e9ritable coup d'\u00e9clat ! L'ensemble du corsage scintillant est d\u00e9cor\u00e9 d'un motif unique en dentelle avec des perles pour un effet scintillant sur tout le corps. Le d\u00e9collet\u00e9 illusion en V et le dos \u00e9chancr\u00e9 sont \u00e0 couper le souffle. La jupe sir\u00e8ne moderne et l\u00e9g\u00e8re en georgette stretch contraste id\u00e9alement avec le corsage sexy et scintillant. L'\u00e9quilibre parfait entre simplicit\u00e9 et glamour !","breadcrumb":{"@id":"https:\/\/www.koonings.com\/fr\/product\/enzoani-love-collection-betsy\/#breadcrumb"},"inLanguage":"fr-FR","potentialAction":[{"@type":"ReadAction","target":["https:\/\/www.koonings.com\/fr\/product\/enzoani-love-collection-betsy\/"]}]},{"@type":"ImageObject","inLanguage":"fr-FR","@id":"https:\/\/www.koonings.com\/fr\/product\/enzoani-love-collection-betsy\/#primaryimage","url":"https:\/\/www.koonings.com\/wp-content\/uploads\/2024\/11\/37531_c27deb1a26dd252dde0871df6ec0555e2e88859b9397cadfd2852df0f9d40daccfd41ffd.jpeg","contentUrl":"https:\/\/www.koonings.com\/wp-content\/uploads\/2024\/11\/37531_c27deb1a26dd252dde0871df6ec0555e2e88859b9397cadfd2852df0f9d40daccfd41ffd.jpeg","width":1035,"height":1380},{"@type":"BreadcrumbList","@id":"https:\/\/www.koonings.com\/fr\/product\/enzoani-love-collection-betsy\/#breadcrumb","itemListElement":[{"@type":"ListItem","position":1,"name":"Home","item":"https:\/\/www.koonings.com\/fr\/"},{"@type":"ListItem","position":2,"name":"Enzoani Love Collection Betsy"}]},{"@type":"WebSite","@id":"https:\/\/www.koonings.com\/fr\/#website","url":"https:\/\/www.koonings.com\/fr\/","name":"Koonings","description":"De grootste bruidsmodewinkel ter wereld","publisher":{"@id":"https:\/\/www.koonings.com\/fr\/#organization"},"potentialAction":[{"@type":"SearchAction","target":{"@type":"EntryPoint","urlTemplate":"https:\/\/www.koonings.com\/fr\/?s={search_term_string}"},"query-input":{"@type":"PropertyValueSpecification","valueRequired":true,"valueName":"search_term_string"}}],"inLanguage":"fr-FR"},{"@type":"Organization","@id":"https:\/\/www.koonings.com\/fr\/#organization","name":"Koonings","url":"https:\/\/www.koonings.com\/fr\/","logo":{"@type":"ImageObject","inLanguage":"fr-FR","@id":"https:\/\/www.koonings.com\/fr\/#\/schema\/logo\/image\/","url":"https:\/\/www.koonings.com\/wp-content\/uploads\/2024\/07\/logo.png","contentUrl":"https:\/\/www.koonings.com\/wp-content\/uploads\/2024\/07\/logo.png","width":600,"height":428,"caption":"Koonings"},"image":{"@id":"https:\/\/www.koonings.com\/fr\/#\/schema\/logo\/image\/"},"sameAs":["https:\/\/www.facebook.com\/kooningstheweddingpalace","https:\/\/www.instagram.com\/kooningstheweddingpalace","https:\/\/www.pinterest.com\/koonings","https:\/\/www.youtube.com\/kooningstheweddingpalace"]}]}},"_links":{"self":[{"href":"https:\/\/www.koonings.com\/fr\/wp-json\/wp\/v2\/product\/78586","targetHints":{"allow":["GET"]}}],"collection":[{"href":"https:\/\/www.koonings.com\/fr\/wp-json\/wp\/v2\/product"}],"about":[{"href":"https:\/\/www.koonings.com\/fr\/wp-json\/wp\/v2\/types\/product"}],"wp:featuredmedia":[{"embeddable":true,"href":"https:\/\/www.koonings.com\/fr\/wp-json\/wp\/v2\/media\/63026"}],"wp:attachment":[{"href":"https:\/\/www.koonings.com\/fr\/wp-json\/wp\/v2\/media?parent=78586"}],"wp:term":[{"taxonomy":"productdetails","embeddable":true,"href":"https:\/\/www.koonings.com\/fr\/wp-json\/wp\/v2\/productdetails?post=78586"},{"taxonomy":"productneck","embeddable":true,"href":"https:\/\/www.koonings.com\/fr\/wp-json\/wp\/v2\/productneck?post=78586"},{"taxonomy":"productcolor","embeddable":true,"href":"https:\/\/www.koonings.com\/fr\/wp-json\/wp\/v2\/productcolor?post=78586"},{"taxonomy":"maat","embeddable":true,"href":"https:\/\/www.koonings.com\/fr\/wp-json\/wp\/v2\/maat?post=78586"},{"taxonomy":"productsupplier","embeddable":true,"href":"https:\/\/www.koonings.com\/fr\/wp-json\/wp\/v2\/productsupplier?post=78586"},{"taxonomy":"productsleeve","embeddable":true,"href":"https:\/\/www.koonings.com\/fr\/wp-json\/wp\/v2\/productsleeve?post=78586"},{"taxonomy":"productcategory","embeddable":true,"href":"https:\/\/www.koonings.com\/fr\/wp-json\/wp\/v2\/productcategory?post=78586"},{"taxonomy":"productsilhouette","embeddable":true,"href":"https:\/\/www.koonings.com\/fr\/wp-json\/wp\/v2\/productsilhouette?post=78586"},{"taxonomy":"productstyle","embeddable":true,"href":"https:\/\/www.koonings.com\/fr\/wp-json\/wp\/v2\/productstyle?post=78586"}],"curies":[{"name":"wp","href":"https:\/\/api.w.org\/{rel}","templated":true}]}}