{"id":78572,"date":"2026-05-06T15:10:15","date_gmt":"2026-05-06T13:10:15","guid":{"rendered":"https:\/\/www.koonings.com\/product\/enzoani-love-collection-bernadine\/"},"modified":"2026-02-16T14:46:09","modified_gmt":"2026-02-16T13:46:09","slug":"enzoani-love-collection-bernadine","status":"publish","type":"product","link":"https:\/\/www.koonings.com\/fr\/product\/enzoani-love-collection-bernadine\/","title":{"rendered":"Enzoani Love Collection Bernadine"},"content":{"rendered":"<p>Bernadine respire le romantisme sans effort. Le doux d\u00e9collet\u00e9 en c\u0153ur est \u00e9l\u00e9gamment \u00e9quilibr\u00e9 par des manches de r\u00eave en tulle d\u00e9collet\u00e9, un corsage sexy \u00e0 illusion avec un drap\u00e9 de dentelle brod\u00e9e expos\u00e9e et subtilement dispers\u00e9e sur une jupe \u00e9th\u00e9r\u00e9e en tulle scintillant. Le drap\u00e9 de tulle ajoute encore plus d&#8217;attrait \u00e0 cette robe unique, \u00e0 la fois douce et moderne.  <\/p>\n","protected":false},"featured_media":63124,"template":"","meta":{"_acf_changed":false,"ghostkit_customizer_options":"","ghostkit_custom_css":"","ghostkit_custom_js_head":"","ghostkit_custom_js_foot":"","ghostkit_typography":""},"productdetails":[377,381],"productneck":[355],"productcolor":[392],"maat":[],"productsupplier":[475],"productsleeve":[363],"productcategory":[18],"productsilhouette":[389],"productstyle":[366],"class_list":["post-78572","product","type-product","status-publish","has-post-thumbnail","hentry","productdetails-377","productdetails-381","productneck-355","productcolor-392","productsupplier-enzoani-love-collection","productsleeve-363","productcategory-trouwjurken","productsilhouette-389","productstyle-366"],"acf":[],"yoast_head":"<!-- This site is optimized with the Yoast SEO plugin v27.3 - https:\/\/yoast.com\/product\/yoast-seo-wordpress\/ -->\n<title>Enzoani Love Collection Bernadine | Koonings<\/title>\n<meta name=\"description\" content=\"Bernadine respire le romantisme sans effort. Le doux d\u00e9collet\u00e9 en c\u0153ur est \u00e9l\u00e9gamment \u00e9quilibr\u00e9 par des manches de r\u00eave en tulle d\u00e9collet\u00e9, un corsage sexy \u00e0 illusion avec un drap\u00e9 de dentelle brod\u00e9e expos\u00e9e et subtilement dispers\u00e9e sur une jupe \u00e9th\u00e9r\u00e9e en tulle scintillant. Le drap\u00e9 de tulle ajoute encore plus d&#039;attrait \u00e0 cette robe unique, \u00e0 la fois douce et moderne.\" \/>\n<meta name=\"robots\" content=\"index, follow, max-snippet:-1, max-image-preview:large, max-video-preview:-1\" \/>\n<link rel=\"canonical\" href=\"https:\/\/www.koonings.com\/fr\/product\/enzoani-love-collection-bernadine\/\" \/>\n<meta property=\"og:locale\" content=\"fr_FR\" \/>\n<meta property=\"og:type\" content=\"article\" \/>\n<meta property=\"og:title\" content=\"Enzoani Love Collection Bernadine | Koonings\" \/>\n<meta property=\"og:description\" content=\"Bernadine respire le romantisme sans effort. Le doux d\u00e9collet\u00e9 en c\u0153ur est \u00e9l\u00e9gamment \u00e9quilibr\u00e9 par des manches de r\u00eave en tulle d\u00e9collet\u00e9, un corsage sexy \u00e0 illusion avec un drap\u00e9 de dentelle brod\u00e9e expos\u00e9e et subtilement dispers\u00e9e sur une jupe \u00e9th\u00e9r\u00e9e en tulle scintillant. Le drap\u00e9 de tulle ajoute encore plus d&#039;attrait \u00e0 cette robe unique, \u00e0 la fois douce et moderne.\" \/>\n<meta property=\"og:url\" content=\"https:\/\/www.koonings.com\/fr\/product\/enzoani-love-collection-bernadine\/\" \/>\n<meta property=\"og:site_name\" content=\"Koonings\" \/>\n<meta property=\"article:publisher\" content=\"https:\/\/www.facebook.com\/kooningstheweddingpalace\" \/>\n<meta property=\"og:image\" content=\"https:\/\/www.koonings.com\/wp-content\/uploads\/2024\/11\/38115_32d918089079148b811cfdfc603b426c697fedc41e8e5d0cf6b23f58b2216916a42f7e4a.jpeg\" \/>\n\t<meta property=\"og:image:width\" content=\"1035\" \/>\n\t<meta property=\"og:image:height\" content=\"1380\" \/>\n\t<meta property=\"og:image:type\" content=\"image\/jpeg\" \/>\n<meta name=\"twitter:card\" content=\"summary_large_image\" \/>\n<script type=\"application\/ld+json\" class=\"yoast-schema-graph\">{\"@context\":\"https:\\\/\\\/schema.org\",\"@graph\":[{\"@type\":\"WebPage\",\"@id\":\"https:\\\/\\\/www.koonings.com\\\/fr\\\/product\\\/enzoani-love-collection-bernadine\\\/\",\"url\":\"https:\\\/\\\/www.koonings.com\\\/fr\\\/product\\\/enzoani-love-collection-bernadine\\\/\",\"name\":\"Enzoani Love Collection Bernadine | Koonings\",\"isPartOf\":{\"@id\":\"https:\\\/\\\/www.koonings.com\\\/fr\\\/#website\"},\"primaryImageOfPage\":{\"@id\":\"https:\\\/\\\/www.koonings.com\\\/fr\\\/product\\\/enzoani-love-collection-bernadine\\\/#primaryimage\"},\"image\":{\"@id\":\"https:\\\/\\\/www.koonings.com\\\/fr\\\/product\\\/enzoani-love-collection-bernadine\\\/#primaryimage\"},\"thumbnailUrl\":\"https:\\\/\\\/www.koonings.com\\\/wp-content\\\/uploads\\\/2024\\\/11\\\/38115_32d918089079148b811cfdfc603b426c697fedc41e8e5d0cf6b23f58b2216916a42f7e4a.jpeg\",\"datePublished\":\"2026-05-06T13:10:15+00:00\",\"description\":\"Bernadine respire le romantisme sans effort. Le doux d\u00e9collet\u00e9 en c\u0153ur est \u00e9l\u00e9gamment \u00e9quilibr\u00e9 par des manches de r\u00eave en tulle d\u00e9collet\u00e9, un corsage sexy \u00e0 illusion avec un drap\u00e9 de dentelle brod\u00e9e expos\u00e9e et subtilement dispers\u00e9e sur une jupe \u00e9th\u00e9r\u00e9e en tulle scintillant. Le drap\u00e9 de tulle ajoute encore plus d'attrait \u00e0 cette robe unique, \u00e0 la fois douce et moderne.\",\"breadcrumb\":{\"@id\":\"https:\\\/\\\/www.koonings.com\\\/fr\\\/product\\\/enzoani-love-collection-bernadine\\\/#breadcrumb\"},\"inLanguage\":\"fr-FR\",\"potentialAction\":[{\"@type\":\"ReadAction\",\"target\":[\"https:\\\/\\\/www.koonings.com\\\/fr\\\/product\\\/enzoani-love-collection-bernadine\\\/\"]}]},{\"@type\":\"ImageObject\",\"inLanguage\":\"fr-FR\",\"@id\":\"https:\\\/\\\/www.koonings.com\\\/fr\\\/product\\\/enzoani-love-collection-bernadine\\\/#primaryimage\",\"url\":\"https:\\\/\\\/www.koonings.com\\\/wp-content\\\/uploads\\\/2024\\\/11\\\/38115_32d918089079148b811cfdfc603b426c697fedc41e8e5d0cf6b23f58b2216916a42f7e4a.jpeg\",\"contentUrl\":\"https:\\\/\\\/www.koonings.com\\\/wp-content\\\/uploads\\\/2024\\\/11\\\/38115_32d918089079148b811cfdfc603b426c697fedc41e8e5d0cf6b23f58b2216916a42f7e4a.jpeg\",\"width\":1035,\"height\":1380},{\"@type\":\"BreadcrumbList\",\"@id\":\"https:\\\/\\\/www.koonings.com\\\/fr\\\/product\\\/enzoani-love-collection-bernadine\\\/#breadcrumb\",\"itemListElement\":[{\"@type\":\"ListItem\",\"position\":1,\"name\":\"Home\",\"item\":\"https:\\\/\\\/www.koonings.com\\\/fr\\\/\"},{\"@type\":\"ListItem\",\"position\":2,\"name\":\"Enzoani Love Collection Bernadine\"}]},{\"@type\":\"WebSite\",\"@id\":\"https:\\\/\\\/www.koonings.com\\\/fr\\\/#website\",\"url\":\"https:\\\/\\\/www.koonings.com\\\/fr\\\/\",\"name\":\"Koonings\",\"description\":\"De grootste bruidsmodewinkel ter wereld\",\"publisher\":{\"@id\":\"https:\\\/\\\/www.koonings.com\\\/fr\\\/#organization\"},\"potentialAction\":[{\"@type\":\"SearchAction\",\"target\":{\"@type\":\"EntryPoint\",\"urlTemplate\":\"https:\\\/\\\/www.koonings.com\\\/fr\\\/?s={search_term_string}\"},\"query-input\":{\"@type\":\"PropertyValueSpecification\",\"valueRequired\":true,\"valueName\":\"search_term_string\"}}],\"inLanguage\":\"fr-FR\"},{\"@type\":\"Organization\",\"@id\":\"https:\\\/\\\/www.koonings.com\\\/fr\\\/#organization\",\"name\":\"Koonings\",\"url\":\"https:\\\/\\\/www.koonings.com\\\/fr\\\/\",\"logo\":{\"@type\":\"ImageObject\",\"inLanguage\":\"fr-FR\",\"@id\":\"https:\\\/\\\/www.koonings.com\\\/fr\\\/#\\\/schema\\\/logo\\\/image\\\/\",\"url\":\"https:\\\/\\\/www.koonings.com\\\/wp-content\\\/uploads\\\/2024\\\/07\\\/logo.png\",\"contentUrl\":\"https:\\\/\\\/www.koonings.com\\\/wp-content\\\/uploads\\\/2024\\\/07\\\/logo.png\",\"width\":600,\"height\":428,\"caption\":\"Koonings\"},\"image\":{\"@id\":\"https:\\\/\\\/www.koonings.com\\\/fr\\\/#\\\/schema\\\/logo\\\/image\\\/\"},\"sameAs\":[\"https:\\\/\\\/www.facebook.com\\\/kooningstheweddingpalace\",\"https:\\\/\\\/www.instagram.com\\\/kooningstheweddingpalace\",\"https:\\\/\\\/www.pinterest.com\\\/koonings\",\"https:\\\/\\\/www.youtube.com\\\/kooningstheweddingpalace\"]}]}<\/script>\n<!-- \/ Yoast SEO plugin. -->","yoast_head_json":{"title":"Enzoani Love Collection Bernadine | Koonings","description":"Bernadine respire le romantisme sans effort. Le doux d\u00e9collet\u00e9 en c\u0153ur est \u00e9l\u00e9gamment \u00e9quilibr\u00e9 par des manches de r\u00eave en tulle d\u00e9collet\u00e9, un corsage sexy \u00e0 illusion avec un drap\u00e9 de dentelle brod\u00e9e expos\u00e9e et subtilement dispers\u00e9e sur une jupe \u00e9th\u00e9r\u00e9e en tulle scintillant. Le drap\u00e9 de tulle ajoute encore plus d'attrait \u00e0 cette robe unique, \u00e0 la fois douce et moderne.","robots":{"index":"index","follow":"follow","max-snippet":"max-snippet:-1","max-image-preview":"max-image-preview:large","max-video-preview":"max-video-preview:-1"},"canonical":"https:\/\/www.koonings.com\/fr\/product\/enzoani-love-collection-bernadine\/","og_locale":"fr_FR","og_type":"article","og_title":"Enzoani Love Collection Bernadine | Koonings","og_description":"Bernadine respire le romantisme sans effort. Le doux d\u00e9collet\u00e9 en c\u0153ur est \u00e9l\u00e9gamment \u00e9quilibr\u00e9 par des manches de r\u00eave en tulle d\u00e9collet\u00e9, un corsage sexy \u00e0 illusion avec un drap\u00e9 de dentelle brod\u00e9e expos\u00e9e et subtilement dispers\u00e9e sur une jupe \u00e9th\u00e9r\u00e9e en tulle scintillant. Le drap\u00e9 de tulle ajoute encore plus d'attrait \u00e0 cette robe unique, \u00e0 la fois douce et moderne.","og_url":"https:\/\/www.koonings.com\/fr\/product\/enzoani-love-collection-bernadine\/","og_site_name":"Koonings","article_publisher":"https:\/\/www.facebook.com\/kooningstheweddingpalace","og_image":[{"width":1035,"height":1380,"url":"https:\/\/www.koonings.com\/wp-content\/uploads\/2024\/11\/38115_32d918089079148b811cfdfc603b426c697fedc41e8e5d0cf6b23f58b2216916a42f7e4a.jpeg","type":"image\/jpeg"}],"twitter_card":"summary_large_image","schema":{"@context":"https:\/\/schema.org","@graph":[{"@type":"WebPage","@id":"https:\/\/www.koonings.com\/fr\/product\/enzoani-love-collection-bernadine\/","url":"https:\/\/www.koonings.com\/fr\/product\/enzoani-love-collection-bernadine\/","name":"Enzoani Love Collection Bernadine | Koonings","isPartOf":{"@id":"https:\/\/www.koonings.com\/fr\/#website"},"primaryImageOfPage":{"@id":"https:\/\/www.koonings.com\/fr\/product\/enzoani-love-collection-bernadine\/#primaryimage"},"image":{"@id":"https:\/\/www.koonings.com\/fr\/product\/enzoani-love-collection-bernadine\/#primaryimage"},"thumbnailUrl":"https:\/\/www.koonings.com\/wp-content\/uploads\/2024\/11\/38115_32d918089079148b811cfdfc603b426c697fedc41e8e5d0cf6b23f58b2216916a42f7e4a.jpeg","datePublished":"2026-05-06T13:10:15+00:00","description":"Bernadine respire le romantisme sans effort. Le doux d\u00e9collet\u00e9 en c\u0153ur est \u00e9l\u00e9gamment \u00e9quilibr\u00e9 par des manches de r\u00eave en tulle d\u00e9collet\u00e9, un corsage sexy \u00e0 illusion avec un drap\u00e9 de dentelle brod\u00e9e expos\u00e9e et subtilement dispers\u00e9e sur une jupe \u00e9th\u00e9r\u00e9e en tulle scintillant. Le drap\u00e9 de tulle ajoute encore plus d'attrait \u00e0 cette robe unique, \u00e0 la fois douce et moderne.","breadcrumb":{"@id":"https:\/\/www.koonings.com\/fr\/product\/enzoani-love-collection-bernadine\/#breadcrumb"},"inLanguage":"fr-FR","potentialAction":[{"@type":"ReadAction","target":["https:\/\/www.koonings.com\/fr\/product\/enzoani-love-collection-bernadine\/"]}]},{"@type":"ImageObject","inLanguage":"fr-FR","@id":"https:\/\/www.koonings.com\/fr\/product\/enzoani-love-collection-bernadine\/#primaryimage","url":"https:\/\/www.koonings.com\/wp-content\/uploads\/2024\/11\/38115_32d918089079148b811cfdfc603b426c697fedc41e8e5d0cf6b23f58b2216916a42f7e4a.jpeg","contentUrl":"https:\/\/www.koonings.com\/wp-content\/uploads\/2024\/11\/38115_32d918089079148b811cfdfc603b426c697fedc41e8e5d0cf6b23f58b2216916a42f7e4a.jpeg","width":1035,"height":1380},{"@type":"BreadcrumbList","@id":"https:\/\/www.koonings.com\/fr\/product\/enzoani-love-collection-bernadine\/#breadcrumb","itemListElement":[{"@type":"ListItem","position":1,"name":"Home","item":"https:\/\/www.koonings.com\/fr\/"},{"@type":"ListItem","position":2,"name":"Enzoani Love Collection Bernadine"}]},{"@type":"WebSite","@id":"https:\/\/www.koonings.com\/fr\/#website","url":"https:\/\/www.koonings.com\/fr\/","name":"Koonings","description":"De grootste bruidsmodewinkel ter wereld","publisher":{"@id":"https:\/\/www.koonings.com\/fr\/#organization"},"potentialAction":[{"@type":"SearchAction","target":{"@type":"EntryPoint","urlTemplate":"https:\/\/www.koonings.com\/fr\/?s={search_term_string}"},"query-input":{"@type":"PropertyValueSpecification","valueRequired":true,"valueName":"search_term_string"}}],"inLanguage":"fr-FR"},{"@type":"Organization","@id":"https:\/\/www.koonings.com\/fr\/#organization","name":"Koonings","url":"https:\/\/www.koonings.com\/fr\/","logo":{"@type":"ImageObject","inLanguage":"fr-FR","@id":"https:\/\/www.koonings.com\/fr\/#\/schema\/logo\/image\/","url":"https:\/\/www.koonings.com\/wp-content\/uploads\/2024\/07\/logo.png","contentUrl":"https:\/\/www.koonings.com\/wp-content\/uploads\/2024\/07\/logo.png","width":600,"height":428,"caption":"Koonings"},"image":{"@id":"https:\/\/www.koonings.com\/fr\/#\/schema\/logo\/image\/"},"sameAs":["https:\/\/www.facebook.com\/kooningstheweddingpalace","https:\/\/www.instagram.com\/kooningstheweddingpalace","https:\/\/www.pinterest.com\/koonings","https:\/\/www.youtube.com\/kooningstheweddingpalace"]}]}},"_links":{"self":[{"href":"https:\/\/www.koonings.com\/fr\/wp-json\/wp\/v2\/product\/78572","targetHints":{"allow":["GET"]}}],"collection":[{"href":"https:\/\/www.koonings.com\/fr\/wp-json\/wp\/v2\/product"}],"about":[{"href":"https:\/\/www.koonings.com\/fr\/wp-json\/wp\/v2\/types\/product"}],"wp:featuredmedia":[{"embeddable":true,"href":"https:\/\/www.koonings.com\/fr\/wp-json\/wp\/v2\/media\/63124"}],"wp:attachment":[{"href":"https:\/\/www.koonings.com\/fr\/wp-json\/wp\/v2\/media?parent=78572"}],"wp:term":[{"taxonomy":"productdetails","embeddable":true,"href":"https:\/\/www.koonings.com\/fr\/wp-json\/wp\/v2\/productdetails?post=78572"},{"taxonomy":"productneck","embeddable":true,"href":"https:\/\/www.koonings.com\/fr\/wp-json\/wp\/v2\/productneck?post=78572"},{"taxonomy":"productcolor","embeddable":true,"href":"https:\/\/www.koonings.com\/fr\/wp-json\/wp\/v2\/productcolor?post=78572"},{"taxonomy":"maat","embeddable":true,"href":"https:\/\/www.koonings.com\/fr\/wp-json\/wp\/v2\/maat?post=78572"},{"taxonomy":"productsupplier","embeddable":true,"href":"https:\/\/www.koonings.com\/fr\/wp-json\/wp\/v2\/productsupplier?post=78572"},{"taxonomy":"productsleeve","embeddable":true,"href":"https:\/\/www.koonings.com\/fr\/wp-json\/wp\/v2\/productsleeve?post=78572"},{"taxonomy":"productcategory","embeddable":true,"href":"https:\/\/www.koonings.com\/fr\/wp-json\/wp\/v2\/productcategory?post=78572"},{"taxonomy":"productsilhouette","embeddable":true,"href":"https:\/\/www.koonings.com\/fr\/wp-json\/wp\/v2\/productsilhouette?post=78572"},{"taxonomy":"productstyle","embeddable":true,"href":"https:\/\/www.koonings.com\/fr\/wp-json\/wp\/v2\/productstyle?post=78572"}],"curies":[{"name":"wp","href":"https:\/\/api.w.org\/{rel}","templated":true}]}}