{"id":78565,"date":"2026-05-06T15:10:47","date_gmt":"2026-05-06T13:10:47","guid":{"rendered":"https:\/\/www.koonings.com\/product\/enzoani-love-collection-casey\/"},"modified":"2026-02-16T14:46:12","modified_gmt":"2026-02-16T13:46:12","slug":"enzoani-love-collection-casey","status":"publish","type":"product","link":"https:\/\/www.koonings.com\/fr\/product\/enzoani-love-collection-casey\/","title":{"rendered":"Enzoani Love Collection Casey"},"content":{"rendered":"<p>Le minimalisme moderne rencontre le glamour nuptial ! Le mod\u00e8le Casey est une silhouette \u00e9l\u00e9gante avec des bretelles spaghetti et une encolure ronde flatteuse. Les d\u00e9coupes lat\u00e9rales en dentelle perl\u00e9e attirent la taille, tandis que la ceinture \u00e0 n\u0153ud ajoute une touche de chic \u00e0 la jupe en cr\u00eape \u00e9l\u00e9gante. Le bas du dos perl\u00e9 est en forme de V pour une touche flatteuse et se termine par de jolis boutons \u00e0 l&#8217;ourlet.   <\/p>\n","protected":false},"featured_media":63141,"template":"","meta":{"_acf_changed":false,"ghostkit_customizer_options":"","ghostkit_custom_css":"","ghostkit_custom_js_head":"","ghostkit_custom_js_foot":"","ghostkit_typography":""},"productdetails":[],"productneck":[349,352],"productcolor":[392],"maat":[],"productsupplier":[475],"productsleeve":[359],"productcategory":[18],"productsilhouette":[387,389,390],"productstyle":[365,371],"class_list":["post-78565","product","type-product","status-publish","has-post-thumbnail","hentry","productneck-349","productneck-352","productcolor-392","productsupplier-enzoani-love-collection","productsleeve-359","productcategory-trouwjurken","productsilhouette-387","productsilhouette-389","productsilhouette-390","productstyle-365","productstyle-371"],"acf":[],"yoast_head":"<!-- This site is optimized with the Yoast SEO plugin v27.3 - https:\/\/yoast.com\/product\/yoast-seo-wordpress\/ -->\n<title>Enzoani Love Collection Casey | Koonings<\/title>\n<meta name=\"description\" content=\"Le minimalisme moderne rencontre le glamour nuptial ! Le mod\u00e8le Casey est une silhouette \u00e9l\u00e9gante avec des bretelles spaghetti et une encolure ronde flatteuse. Les d\u00e9coupes lat\u00e9rales en dentelle perl\u00e9e attirent la taille, tandis que la ceinture \u00e0 n\u0153ud ajoute une touche de chic \u00e0 la jupe en cr\u00eape \u00e9l\u00e9gante. Le bas du dos perl\u00e9 est en forme de V pour une touche flatteuse et se termine par de jolis boutons \u00e0 l&#039;ourlet.\" \/>\n<meta name=\"robots\" content=\"index, follow, max-snippet:-1, max-image-preview:large, max-video-preview:-1\" \/>\n<link rel=\"canonical\" href=\"https:\/\/www.koonings.com\/fr\/product\/enzoani-love-collection-casey\/\" \/>\n<meta property=\"og:locale\" content=\"fr_FR\" \/>\n<meta property=\"og:type\" content=\"article\" \/>\n<meta property=\"og:title\" content=\"Enzoani Love Collection Casey | Koonings\" \/>\n<meta property=\"og:description\" content=\"Le minimalisme moderne rencontre le glamour nuptial ! Le mod\u00e8le Casey est une silhouette \u00e9l\u00e9gante avec des bretelles spaghetti et une encolure ronde flatteuse. Les d\u00e9coupes lat\u00e9rales en dentelle perl\u00e9e attirent la taille, tandis que la ceinture \u00e0 n\u0153ud ajoute une touche de chic \u00e0 la jupe en cr\u00eape \u00e9l\u00e9gante. Le bas du dos perl\u00e9 est en forme de V pour une touche flatteuse et se termine par de jolis boutons \u00e0 l&#039;ourlet.\" \/>\n<meta property=\"og:url\" content=\"https:\/\/www.koonings.com\/fr\/product\/enzoani-love-collection-casey\/\" \/>\n<meta property=\"og:site_name\" content=\"Koonings\" \/>\n<meta property=\"article:publisher\" content=\"https:\/\/www.facebook.com\/kooningstheweddingpalace\" \/>\n<meta property=\"og:image\" content=\"https:\/\/www.koonings.com\/wp-content\/uploads\/2024\/11\/38565_583f74e7dafa17aac15852014b203c345860a4169a7598b49f7e3f2769e50b8d81c163f1.jpeg\" \/>\n\t<meta property=\"og:image:width\" content=\"1035\" \/>\n\t<meta property=\"og:image:height\" content=\"1380\" \/>\n\t<meta property=\"og:image:type\" content=\"image\/jpeg\" \/>\n<meta name=\"twitter:card\" content=\"summary_large_image\" \/>\n<script type=\"application\/ld+json\" class=\"yoast-schema-graph\">{\"@context\":\"https:\\\/\\\/schema.org\",\"@graph\":[{\"@type\":\"WebPage\",\"@id\":\"https:\\\/\\\/www.koonings.com\\\/fr\\\/product\\\/enzoani-love-collection-casey\\\/\",\"url\":\"https:\\\/\\\/www.koonings.com\\\/fr\\\/product\\\/enzoani-love-collection-casey\\\/\",\"name\":\"Enzoani Love Collection Casey | Koonings\",\"isPartOf\":{\"@id\":\"https:\\\/\\\/www.koonings.com\\\/fr\\\/#website\"},\"primaryImageOfPage\":{\"@id\":\"https:\\\/\\\/www.koonings.com\\\/fr\\\/product\\\/enzoani-love-collection-casey\\\/#primaryimage\"},\"image\":{\"@id\":\"https:\\\/\\\/www.koonings.com\\\/fr\\\/product\\\/enzoani-love-collection-casey\\\/#primaryimage\"},\"thumbnailUrl\":\"https:\\\/\\\/www.koonings.com\\\/wp-content\\\/uploads\\\/2024\\\/11\\\/38565_583f74e7dafa17aac15852014b203c345860a4169a7598b49f7e3f2769e50b8d81c163f1.jpeg\",\"datePublished\":\"2026-05-06T13:10:47+00:00\",\"description\":\"Le minimalisme moderne rencontre le glamour nuptial ! Le mod\u00e8le Casey est une silhouette \u00e9l\u00e9gante avec des bretelles spaghetti et une encolure ronde flatteuse. Les d\u00e9coupes lat\u00e9rales en dentelle perl\u00e9e attirent la taille, tandis que la ceinture \u00e0 n\u0153ud ajoute une touche de chic \u00e0 la jupe en cr\u00eape \u00e9l\u00e9gante. Le bas du dos perl\u00e9 est en forme de V pour une touche flatteuse et se termine par de jolis boutons \u00e0 l'ourlet.\",\"breadcrumb\":{\"@id\":\"https:\\\/\\\/www.koonings.com\\\/fr\\\/product\\\/enzoani-love-collection-casey\\\/#breadcrumb\"},\"inLanguage\":\"fr-FR\",\"potentialAction\":[{\"@type\":\"ReadAction\",\"target\":[\"https:\\\/\\\/www.koonings.com\\\/fr\\\/product\\\/enzoani-love-collection-casey\\\/\"]}]},{\"@type\":\"ImageObject\",\"inLanguage\":\"fr-FR\",\"@id\":\"https:\\\/\\\/www.koonings.com\\\/fr\\\/product\\\/enzoani-love-collection-casey\\\/#primaryimage\",\"url\":\"https:\\\/\\\/www.koonings.com\\\/wp-content\\\/uploads\\\/2024\\\/11\\\/38565_583f74e7dafa17aac15852014b203c345860a4169a7598b49f7e3f2769e50b8d81c163f1.jpeg\",\"contentUrl\":\"https:\\\/\\\/www.koonings.com\\\/wp-content\\\/uploads\\\/2024\\\/11\\\/38565_583f74e7dafa17aac15852014b203c345860a4169a7598b49f7e3f2769e50b8d81c163f1.jpeg\",\"width\":1035,\"height\":1380},{\"@type\":\"BreadcrumbList\",\"@id\":\"https:\\\/\\\/www.koonings.com\\\/fr\\\/product\\\/enzoani-love-collection-casey\\\/#breadcrumb\",\"itemListElement\":[{\"@type\":\"ListItem\",\"position\":1,\"name\":\"Home\",\"item\":\"https:\\\/\\\/www.koonings.com\\\/fr\\\/\"},{\"@type\":\"ListItem\",\"position\":2,\"name\":\"Enzoani Love Collection Casey\"}]},{\"@type\":\"WebSite\",\"@id\":\"https:\\\/\\\/www.koonings.com\\\/fr\\\/#website\",\"url\":\"https:\\\/\\\/www.koonings.com\\\/fr\\\/\",\"name\":\"Koonings\",\"description\":\"De grootste bruidsmodewinkel ter wereld\",\"publisher\":{\"@id\":\"https:\\\/\\\/www.koonings.com\\\/fr\\\/#organization\"},\"potentialAction\":[{\"@type\":\"SearchAction\",\"target\":{\"@type\":\"EntryPoint\",\"urlTemplate\":\"https:\\\/\\\/www.koonings.com\\\/fr\\\/?s={search_term_string}\"},\"query-input\":{\"@type\":\"PropertyValueSpecification\",\"valueRequired\":true,\"valueName\":\"search_term_string\"}}],\"inLanguage\":\"fr-FR\"},{\"@type\":\"Organization\",\"@id\":\"https:\\\/\\\/www.koonings.com\\\/fr\\\/#organization\",\"name\":\"Koonings\",\"url\":\"https:\\\/\\\/www.koonings.com\\\/fr\\\/\",\"logo\":{\"@type\":\"ImageObject\",\"inLanguage\":\"fr-FR\",\"@id\":\"https:\\\/\\\/www.koonings.com\\\/fr\\\/#\\\/schema\\\/logo\\\/image\\\/\",\"url\":\"https:\\\/\\\/www.koonings.com\\\/wp-content\\\/uploads\\\/2024\\\/07\\\/logo.png\",\"contentUrl\":\"https:\\\/\\\/www.koonings.com\\\/wp-content\\\/uploads\\\/2024\\\/07\\\/logo.png\",\"width\":600,\"height\":428,\"caption\":\"Koonings\"},\"image\":{\"@id\":\"https:\\\/\\\/www.koonings.com\\\/fr\\\/#\\\/schema\\\/logo\\\/image\\\/\"},\"sameAs\":[\"https:\\\/\\\/www.facebook.com\\\/kooningstheweddingpalace\",\"https:\\\/\\\/www.instagram.com\\\/kooningstheweddingpalace\",\"https:\\\/\\\/www.pinterest.com\\\/koonings\",\"https:\\\/\\\/www.youtube.com\\\/kooningstheweddingpalace\"]}]}<\/script>\n<!-- \/ Yoast SEO plugin. -->","yoast_head_json":{"title":"Enzoani Love Collection Casey | Koonings","description":"Le minimalisme moderne rencontre le glamour nuptial ! Le mod\u00e8le Casey est une silhouette \u00e9l\u00e9gante avec des bretelles spaghetti et une encolure ronde flatteuse. Les d\u00e9coupes lat\u00e9rales en dentelle perl\u00e9e attirent la taille, tandis que la ceinture \u00e0 n\u0153ud ajoute une touche de chic \u00e0 la jupe en cr\u00eape \u00e9l\u00e9gante. Le bas du dos perl\u00e9 est en forme de V pour une touche flatteuse et se termine par de jolis boutons \u00e0 l'ourlet.","robots":{"index":"index","follow":"follow","max-snippet":"max-snippet:-1","max-image-preview":"max-image-preview:large","max-video-preview":"max-video-preview:-1"},"canonical":"https:\/\/www.koonings.com\/fr\/product\/enzoani-love-collection-casey\/","og_locale":"fr_FR","og_type":"article","og_title":"Enzoani Love Collection Casey | Koonings","og_description":"Le minimalisme moderne rencontre le glamour nuptial ! Le mod\u00e8le Casey est une silhouette \u00e9l\u00e9gante avec des bretelles spaghetti et une encolure ronde flatteuse. Les d\u00e9coupes lat\u00e9rales en dentelle perl\u00e9e attirent la taille, tandis que la ceinture \u00e0 n\u0153ud ajoute une touche de chic \u00e0 la jupe en cr\u00eape \u00e9l\u00e9gante. Le bas du dos perl\u00e9 est en forme de V pour une touche flatteuse et se termine par de jolis boutons \u00e0 l'ourlet.","og_url":"https:\/\/www.koonings.com\/fr\/product\/enzoani-love-collection-casey\/","og_site_name":"Koonings","article_publisher":"https:\/\/www.facebook.com\/kooningstheweddingpalace","og_image":[{"width":1035,"height":1380,"url":"https:\/\/www.koonings.com\/wp-content\/uploads\/2024\/11\/38565_583f74e7dafa17aac15852014b203c345860a4169a7598b49f7e3f2769e50b8d81c163f1.jpeg","type":"image\/jpeg"}],"twitter_card":"summary_large_image","schema":{"@context":"https:\/\/schema.org","@graph":[{"@type":"WebPage","@id":"https:\/\/www.koonings.com\/fr\/product\/enzoani-love-collection-casey\/","url":"https:\/\/www.koonings.com\/fr\/product\/enzoani-love-collection-casey\/","name":"Enzoani Love Collection Casey | Koonings","isPartOf":{"@id":"https:\/\/www.koonings.com\/fr\/#website"},"primaryImageOfPage":{"@id":"https:\/\/www.koonings.com\/fr\/product\/enzoani-love-collection-casey\/#primaryimage"},"image":{"@id":"https:\/\/www.koonings.com\/fr\/product\/enzoani-love-collection-casey\/#primaryimage"},"thumbnailUrl":"https:\/\/www.koonings.com\/wp-content\/uploads\/2024\/11\/38565_583f74e7dafa17aac15852014b203c345860a4169a7598b49f7e3f2769e50b8d81c163f1.jpeg","datePublished":"2026-05-06T13:10:47+00:00","description":"Le minimalisme moderne rencontre le glamour nuptial ! Le mod\u00e8le Casey est une silhouette \u00e9l\u00e9gante avec des bretelles spaghetti et une encolure ronde flatteuse. Les d\u00e9coupes lat\u00e9rales en dentelle perl\u00e9e attirent la taille, tandis que la ceinture \u00e0 n\u0153ud ajoute une touche de chic \u00e0 la jupe en cr\u00eape \u00e9l\u00e9gante. Le bas du dos perl\u00e9 est en forme de V pour une touche flatteuse et se termine par de jolis boutons \u00e0 l'ourlet.","breadcrumb":{"@id":"https:\/\/www.koonings.com\/fr\/product\/enzoani-love-collection-casey\/#breadcrumb"},"inLanguage":"fr-FR","potentialAction":[{"@type":"ReadAction","target":["https:\/\/www.koonings.com\/fr\/product\/enzoani-love-collection-casey\/"]}]},{"@type":"ImageObject","inLanguage":"fr-FR","@id":"https:\/\/www.koonings.com\/fr\/product\/enzoani-love-collection-casey\/#primaryimage","url":"https:\/\/www.koonings.com\/wp-content\/uploads\/2024\/11\/38565_583f74e7dafa17aac15852014b203c345860a4169a7598b49f7e3f2769e50b8d81c163f1.jpeg","contentUrl":"https:\/\/www.koonings.com\/wp-content\/uploads\/2024\/11\/38565_583f74e7dafa17aac15852014b203c345860a4169a7598b49f7e3f2769e50b8d81c163f1.jpeg","width":1035,"height":1380},{"@type":"BreadcrumbList","@id":"https:\/\/www.koonings.com\/fr\/product\/enzoani-love-collection-casey\/#breadcrumb","itemListElement":[{"@type":"ListItem","position":1,"name":"Home","item":"https:\/\/www.koonings.com\/fr\/"},{"@type":"ListItem","position":2,"name":"Enzoani Love Collection Casey"}]},{"@type":"WebSite","@id":"https:\/\/www.koonings.com\/fr\/#website","url":"https:\/\/www.koonings.com\/fr\/","name":"Koonings","description":"De grootste bruidsmodewinkel ter wereld","publisher":{"@id":"https:\/\/www.koonings.com\/fr\/#organization"},"potentialAction":[{"@type":"SearchAction","target":{"@type":"EntryPoint","urlTemplate":"https:\/\/www.koonings.com\/fr\/?s={search_term_string}"},"query-input":{"@type":"PropertyValueSpecification","valueRequired":true,"valueName":"search_term_string"}}],"inLanguage":"fr-FR"},{"@type":"Organization","@id":"https:\/\/www.koonings.com\/fr\/#organization","name":"Koonings","url":"https:\/\/www.koonings.com\/fr\/","logo":{"@type":"ImageObject","inLanguage":"fr-FR","@id":"https:\/\/www.koonings.com\/fr\/#\/schema\/logo\/image\/","url":"https:\/\/www.koonings.com\/wp-content\/uploads\/2024\/07\/logo.png","contentUrl":"https:\/\/www.koonings.com\/wp-content\/uploads\/2024\/07\/logo.png","width":600,"height":428,"caption":"Koonings"},"image":{"@id":"https:\/\/www.koonings.com\/fr\/#\/schema\/logo\/image\/"},"sameAs":["https:\/\/www.facebook.com\/kooningstheweddingpalace","https:\/\/www.instagram.com\/kooningstheweddingpalace","https:\/\/www.pinterest.com\/koonings","https:\/\/www.youtube.com\/kooningstheweddingpalace"]}]}},"_links":{"self":[{"href":"https:\/\/www.koonings.com\/fr\/wp-json\/wp\/v2\/product\/78565","targetHints":{"allow":["GET"]}}],"collection":[{"href":"https:\/\/www.koonings.com\/fr\/wp-json\/wp\/v2\/product"}],"about":[{"href":"https:\/\/www.koonings.com\/fr\/wp-json\/wp\/v2\/types\/product"}],"wp:featuredmedia":[{"embeddable":true,"href":"https:\/\/www.koonings.com\/fr\/wp-json\/wp\/v2\/media\/63141"}],"wp:attachment":[{"href":"https:\/\/www.koonings.com\/fr\/wp-json\/wp\/v2\/media?parent=78565"}],"wp:term":[{"taxonomy":"productdetails","embeddable":true,"href":"https:\/\/www.koonings.com\/fr\/wp-json\/wp\/v2\/productdetails?post=78565"},{"taxonomy":"productneck","embeddable":true,"href":"https:\/\/www.koonings.com\/fr\/wp-json\/wp\/v2\/productneck?post=78565"},{"taxonomy":"productcolor","embeddable":true,"href":"https:\/\/www.koonings.com\/fr\/wp-json\/wp\/v2\/productcolor?post=78565"},{"taxonomy":"maat","embeddable":true,"href":"https:\/\/www.koonings.com\/fr\/wp-json\/wp\/v2\/maat?post=78565"},{"taxonomy":"productsupplier","embeddable":true,"href":"https:\/\/www.koonings.com\/fr\/wp-json\/wp\/v2\/productsupplier?post=78565"},{"taxonomy":"productsleeve","embeddable":true,"href":"https:\/\/www.koonings.com\/fr\/wp-json\/wp\/v2\/productsleeve?post=78565"},{"taxonomy":"productcategory","embeddable":true,"href":"https:\/\/www.koonings.com\/fr\/wp-json\/wp\/v2\/productcategory?post=78565"},{"taxonomy":"productsilhouette","embeddable":true,"href":"https:\/\/www.koonings.com\/fr\/wp-json\/wp\/v2\/productsilhouette?post=78565"},{"taxonomy":"productstyle","embeddable":true,"href":"https:\/\/www.koonings.com\/fr\/wp-json\/wp\/v2\/productstyle?post=78565"}],"curies":[{"name":"wp","href":"https:\/\/api.w.org\/{rel}","templated":true}]}}