{"id":78558,"date":"2026-04-14T16:12:19","date_gmt":"2026-04-14T14:12:19","guid":{"rendered":"https:\/\/www.koonings.com\/product\/enzoani-love-collection-clarabelle\/"},"modified":"2026-02-16T14:46:12","modified_gmt":"2026-02-16T13:46:12","slug":"enzoani-love-collection-clarabelle","status":"publish","type":"product","link":"https:\/\/www.koonings.com\/fr\/product\/enzoani-love-collection-clarabelle\/","title":{"rendered":"Enzoani Love Collection Clarabelle"},"content":{"rendered":"<p>Comme un r\u00eave de mari\u00e9e devenu r\u00e9alit\u00e9, le mod\u00e8le Clarabelle nous enchante avec son corsage en dentelle brod\u00e9e illusion et ses motifs floraux en 3D diss\u00e9min\u00e9s sur le corsage de style corset. L&#8217;encolure sculpt\u00e9e flatteuse et les bretelles \u00e9paisses en dentelle illusion s&#8217;harmonisent avec les d\u00e9coupes lat\u00e9rales et la s\u00e9duisante fente le long des jambes. Le dos en V en dentelle illusion se prolonge par une jupe enchanteresse en tulle et organza.  <\/p>\n","protected":false},"featured_media":63192,"template":"","meta":{"_acf_changed":false,"ghostkit_customizer_options":"","ghostkit_custom_css":"","ghostkit_custom_js_head":"","ghostkit_custom_js_foot":"","ghostkit_typography":""},"productdetails":[376],"productneck":[351,352],"productcolor":[392],"maat":[],"productsupplier":[475],"productsleeve":[359],"productcategory":[18],"productsilhouette":[384],"productstyle":[366],"class_list":["post-78558","product","type-product","status-publish","has-post-thumbnail","hentry","productdetails-376","productneck-351","productneck-352","productcolor-392","productsupplier-enzoani-love-collection","productsleeve-359","productcategory-trouwjurken","productsilhouette-384","productstyle-366"],"acf":[],"yoast_head":"<!-- This site is optimized with the Yoast SEO plugin v27.3 - https:\/\/yoast.com\/product\/yoast-seo-wordpress\/ -->\n<title>Enzoani Love Collection Clarabelle | Koonings<\/title>\n<meta name=\"description\" content=\"Comme un r\u00eave de mari\u00e9e devenu r\u00e9alit\u00e9, le mod\u00e8le Clarabelle nous enchante avec son corsage en dentelle brod\u00e9e illusion et ses motifs floraux en 3D diss\u00e9min\u00e9s sur le corsage de style corset. L&#039;encolure sculpt\u00e9e flatteuse et les bretelles \u00e9paisses en dentelle illusion s&#039;harmonisent avec les d\u00e9coupes lat\u00e9rales et la s\u00e9duisante fente le long des jambes. Le dos en V en dentelle illusion se prolonge par une jupe enchanteresse en tulle et organza.\" \/>\n<meta name=\"robots\" content=\"index, follow, max-snippet:-1, max-image-preview:large, max-video-preview:-1\" \/>\n<link rel=\"canonical\" href=\"https:\/\/www.koonings.com\/fr\/product\/enzoani-love-collection-clarabelle\/\" \/>\n<meta property=\"og:locale\" content=\"fr_FR\" \/>\n<meta property=\"og:type\" content=\"article\" \/>\n<meta property=\"og:title\" content=\"Enzoani Love Collection Clarabelle | Koonings\" \/>\n<meta property=\"og:description\" content=\"Comme un r\u00eave de mari\u00e9e devenu r\u00e9alit\u00e9, le mod\u00e8le Clarabelle nous enchante avec son corsage en dentelle brod\u00e9e illusion et ses motifs floraux en 3D diss\u00e9min\u00e9s sur le corsage de style corset. L&#039;encolure sculpt\u00e9e flatteuse et les bretelles \u00e9paisses en dentelle illusion s&#039;harmonisent avec les d\u00e9coupes lat\u00e9rales et la s\u00e9duisante fente le long des jambes. Le dos en V en dentelle illusion se prolonge par une jupe enchanteresse en tulle et organza.\" \/>\n<meta property=\"og:url\" content=\"https:\/\/www.koonings.com\/fr\/product\/enzoani-love-collection-clarabelle\/\" \/>\n<meta property=\"og:site_name\" content=\"Koonings\" \/>\n<meta property=\"article:publisher\" content=\"https:\/\/www.facebook.com\/kooningstheweddingpalace\" \/>\n<meta property=\"og:image\" content=\"https:\/\/www.koonings.com\/wp-content\/uploads\/2024\/11\/38680_65f457454e1c16a8429f95522fcc06581bf6cd7cb78d0942990b29008844c86db6404415.jpeg\" \/>\n\t<meta property=\"og:image:width\" content=\"1035\" \/>\n\t<meta property=\"og:image:height\" content=\"1380\" \/>\n\t<meta property=\"og:image:type\" content=\"image\/jpeg\" \/>\n<meta name=\"twitter:card\" content=\"summary_large_image\" \/>\n<script type=\"application\/ld+json\" class=\"yoast-schema-graph\">{\"@context\":\"https:\\\/\\\/schema.org\",\"@graph\":[{\"@type\":\"WebPage\",\"@id\":\"https:\\\/\\\/www.koonings.com\\\/fr\\\/product\\\/enzoani-love-collection-clarabelle\\\/\",\"url\":\"https:\\\/\\\/www.koonings.com\\\/fr\\\/product\\\/enzoani-love-collection-clarabelle\\\/\",\"name\":\"Enzoani Love Collection Clarabelle | Koonings\",\"isPartOf\":{\"@id\":\"https:\\\/\\\/www.koonings.com\\\/fr\\\/#website\"},\"primaryImageOfPage\":{\"@id\":\"https:\\\/\\\/www.koonings.com\\\/fr\\\/product\\\/enzoani-love-collection-clarabelle\\\/#primaryimage\"},\"image\":{\"@id\":\"https:\\\/\\\/www.koonings.com\\\/fr\\\/product\\\/enzoani-love-collection-clarabelle\\\/#primaryimage\"},\"thumbnailUrl\":\"https:\\\/\\\/www.koonings.com\\\/wp-content\\\/uploads\\\/2024\\\/11\\\/38680_65f457454e1c16a8429f95522fcc06581bf6cd7cb78d0942990b29008844c86db6404415.jpeg\",\"datePublished\":\"2026-04-14T14:12:19+00:00\",\"description\":\"Comme un r\u00eave de mari\u00e9e devenu r\u00e9alit\u00e9, le mod\u00e8le Clarabelle nous enchante avec son corsage en dentelle brod\u00e9e illusion et ses motifs floraux en 3D diss\u00e9min\u00e9s sur le corsage de style corset. L'encolure sculpt\u00e9e flatteuse et les bretelles \u00e9paisses en dentelle illusion s'harmonisent avec les d\u00e9coupes lat\u00e9rales et la s\u00e9duisante fente le long des jambes. Le dos en V en dentelle illusion se prolonge par une jupe enchanteresse en tulle et organza.\",\"breadcrumb\":{\"@id\":\"https:\\\/\\\/www.koonings.com\\\/fr\\\/product\\\/enzoani-love-collection-clarabelle\\\/#breadcrumb\"},\"inLanguage\":\"fr-FR\",\"potentialAction\":[{\"@type\":\"ReadAction\",\"target\":[\"https:\\\/\\\/www.koonings.com\\\/fr\\\/product\\\/enzoani-love-collection-clarabelle\\\/\"]}]},{\"@type\":\"ImageObject\",\"inLanguage\":\"fr-FR\",\"@id\":\"https:\\\/\\\/www.koonings.com\\\/fr\\\/product\\\/enzoani-love-collection-clarabelle\\\/#primaryimage\",\"url\":\"https:\\\/\\\/www.koonings.com\\\/wp-content\\\/uploads\\\/2024\\\/11\\\/38680_65f457454e1c16a8429f95522fcc06581bf6cd7cb78d0942990b29008844c86db6404415.jpeg\",\"contentUrl\":\"https:\\\/\\\/www.koonings.com\\\/wp-content\\\/uploads\\\/2024\\\/11\\\/38680_65f457454e1c16a8429f95522fcc06581bf6cd7cb78d0942990b29008844c86db6404415.jpeg\",\"width\":1035,\"height\":1380},{\"@type\":\"BreadcrumbList\",\"@id\":\"https:\\\/\\\/www.koonings.com\\\/fr\\\/product\\\/enzoani-love-collection-clarabelle\\\/#breadcrumb\",\"itemListElement\":[{\"@type\":\"ListItem\",\"position\":1,\"name\":\"Home\",\"item\":\"https:\\\/\\\/www.koonings.com\\\/fr\\\/\"},{\"@type\":\"ListItem\",\"position\":2,\"name\":\"Enzoani Love Collection Clarabelle\"}]},{\"@type\":\"WebSite\",\"@id\":\"https:\\\/\\\/www.koonings.com\\\/fr\\\/#website\",\"url\":\"https:\\\/\\\/www.koonings.com\\\/fr\\\/\",\"name\":\"Koonings\",\"description\":\"De grootste bruidsmodewinkel ter wereld\",\"publisher\":{\"@id\":\"https:\\\/\\\/www.koonings.com\\\/fr\\\/#organization\"},\"potentialAction\":[{\"@type\":\"SearchAction\",\"target\":{\"@type\":\"EntryPoint\",\"urlTemplate\":\"https:\\\/\\\/www.koonings.com\\\/fr\\\/?s={search_term_string}\"},\"query-input\":{\"@type\":\"PropertyValueSpecification\",\"valueRequired\":true,\"valueName\":\"search_term_string\"}}],\"inLanguage\":\"fr-FR\"},{\"@type\":\"Organization\",\"@id\":\"https:\\\/\\\/www.koonings.com\\\/fr\\\/#organization\",\"name\":\"Koonings\",\"url\":\"https:\\\/\\\/www.koonings.com\\\/fr\\\/\",\"logo\":{\"@type\":\"ImageObject\",\"inLanguage\":\"fr-FR\",\"@id\":\"https:\\\/\\\/www.koonings.com\\\/fr\\\/#\\\/schema\\\/logo\\\/image\\\/\",\"url\":\"https:\\\/\\\/www.koonings.com\\\/wp-content\\\/uploads\\\/2024\\\/07\\\/logo.png\",\"contentUrl\":\"https:\\\/\\\/www.koonings.com\\\/wp-content\\\/uploads\\\/2024\\\/07\\\/logo.png\",\"width\":600,\"height\":428,\"caption\":\"Koonings\"},\"image\":{\"@id\":\"https:\\\/\\\/www.koonings.com\\\/fr\\\/#\\\/schema\\\/logo\\\/image\\\/\"},\"sameAs\":[\"https:\\\/\\\/www.facebook.com\\\/kooningstheweddingpalace\",\"https:\\\/\\\/www.instagram.com\\\/kooningstheweddingpalace\",\"https:\\\/\\\/www.pinterest.com\\\/koonings\",\"https:\\\/\\\/www.youtube.com\\\/kooningstheweddingpalace\"]}]}<\/script>\n<!-- \/ Yoast SEO plugin. -->","yoast_head_json":{"title":"Enzoani Love Collection Clarabelle | Koonings","description":"Comme un r\u00eave de mari\u00e9e devenu r\u00e9alit\u00e9, le mod\u00e8le Clarabelle nous enchante avec son corsage en dentelle brod\u00e9e illusion et ses motifs floraux en 3D diss\u00e9min\u00e9s sur le corsage de style corset. L'encolure sculpt\u00e9e flatteuse et les bretelles \u00e9paisses en dentelle illusion s'harmonisent avec les d\u00e9coupes lat\u00e9rales et la s\u00e9duisante fente le long des jambes. Le dos en V en dentelle illusion se prolonge par une jupe enchanteresse en tulle et organza.","robots":{"index":"index","follow":"follow","max-snippet":"max-snippet:-1","max-image-preview":"max-image-preview:large","max-video-preview":"max-video-preview:-1"},"canonical":"https:\/\/www.koonings.com\/fr\/product\/enzoani-love-collection-clarabelle\/","og_locale":"fr_FR","og_type":"article","og_title":"Enzoani Love Collection Clarabelle | Koonings","og_description":"Comme un r\u00eave de mari\u00e9e devenu r\u00e9alit\u00e9, le mod\u00e8le Clarabelle nous enchante avec son corsage en dentelle brod\u00e9e illusion et ses motifs floraux en 3D diss\u00e9min\u00e9s sur le corsage de style corset. L'encolure sculpt\u00e9e flatteuse et les bretelles \u00e9paisses en dentelle illusion s'harmonisent avec les d\u00e9coupes lat\u00e9rales et la s\u00e9duisante fente le long des jambes. Le dos en V en dentelle illusion se prolonge par une jupe enchanteresse en tulle et organza.","og_url":"https:\/\/www.koonings.com\/fr\/product\/enzoani-love-collection-clarabelle\/","og_site_name":"Koonings","article_publisher":"https:\/\/www.facebook.com\/kooningstheweddingpalace","og_image":[{"width":1035,"height":1380,"url":"https:\/\/www.koonings.com\/wp-content\/uploads\/2024\/11\/38680_65f457454e1c16a8429f95522fcc06581bf6cd7cb78d0942990b29008844c86db6404415.jpeg","type":"image\/jpeg"}],"twitter_card":"summary_large_image","schema":{"@context":"https:\/\/schema.org","@graph":[{"@type":"WebPage","@id":"https:\/\/www.koonings.com\/fr\/product\/enzoani-love-collection-clarabelle\/","url":"https:\/\/www.koonings.com\/fr\/product\/enzoani-love-collection-clarabelle\/","name":"Enzoani Love Collection Clarabelle | Koonings","isPartOf":{"@id":"https:\/\/www.koonings.com\/fr\/#website"},"primaryImageOfPage":{"@id":"https:\/\/www.koonings.com\/fr\/product\/enzoani-love-collection-clarabelle\/#primaryimage"},"image":{"@id":"https:\/\/www.koonings.com\/fr\/product\/enzoani-love-collection-clarabelle\/#primaryimage"},"thumbnailUrl":"https:\/\/www.koonings.com\/wp-content\/uploads\/2024\/11\/38680_65f457454e1c16a8429f95522fcc06581bf6cd7cb78d0942990b29008844c86db6404415.jpeg","datePublished":"2026-04-14T14:12:19+00:00","description":"Comme un r\u00eave de mari\u00e9e devenu r\u00e9alit\u00e9, le mod\u00e8le Clarabelle nous enchante avec son corsage en dentelle brod\u00e9e illusion et ses motifs floraux en 3D diss\u00e9min\u00e9s sur le corsage de style corset. L'encolure sculpt\u00e9e flatteuse et les bretelles \u00e9paisses en dentelle illusion s'harmonisent avec les d\u00e9coupes lat\u00e9rales et la s\u00e9duisante fente le long des jambes. Le dos en V en dentelle illusion se prolonge par une jupe enchanteresse en tulle et organza.","breadcrumb":{"@id":"https:\/\/www.koonings.com\/fr\/product\/enzoani-love-collection-clarabelle\/#breadcrumb"},"inLanguage":"fr-FR","potentialAction":[{"@type":"ReadAction","target":["https:\/\/www.koonings.com\/fr\/product\/enzoani-love-collection-clarabelle\/"]}]},{"@type":"ImageObject","inLanguage":"fr-FR","@id":"https:\/\/www.koonings.com\/fr\/product\/enzoani-love-collection-clarabelle\/#primaryimage","url":"https:\/\/www.koonings.com\/wp-content\/uploads\/2024\/11\/38680_65f457454e1c16a8429f95522fcc06581bf6cd7cb78d0942990b29008844c86db6404415.jpeg","contentUrl":"https:\/\/www.koonings.com\/wp-content\/uploads\/2024\/11\/38680_65f457454e1c16a8429f95522fcc06581bf6cd7cb78d0942990b29008844c86db6404415.jpeg","width":1035,"height":1380},{"@type":"BreadcrumbList","@id":"https:\/\/www.koonings.com\/fr\/product\/enzoani-love-collection-clarabelle\/#breadcrumb","itemListElement":[{"@type":"ListItem","position":1,"name":"Home","item":"https:\/\/www.koonings.com\/fr\/"},{"@type":"ListItem","position":2,"name":"Enzoani Love Collection Clarabelle"}]},{"@type":"WebSite","@id":"https:\/\/www.koonings.com\/fr\/#website","url":"https:\/\/www.koonings.com\/fr\/","name":"Koonings","description":"De grootste bruidsmodewinkel ter wereld","publisher":{"@id":"https:\/\/www.koonings.com\/fr\/#organization"},"potentialAction":[{"@type":"SearchAction","target":{"@type":"EntryPoint","urlTemplate":"https:\/\/www.koonings.com\/fr\/?s={search_term_string}"},"query-input":{"@type":"PropertyValueSpecification","valueRequired":true,"valueName":"search_term_string"}}],"inLanguage":"fr-FR"},{"@type":"Organization","@id":"https:\/\/www.koonings.com\/fr\/#organization","name":"Koonings","url":"https:\/\/www.koonings.com\/fr\/","logo":{"@type":"ImageObject","inLanguage":"fr-FR","@id":"https:\/\/www.koonings.com\/fr\/#\/schema\/logo\/image\/","url":"https:\/\/www.koonings.com\/wp-content\/uploads\/2024\/07\/logo.png","contentUrl":"https:\/\/www.koonings.com\/wp-content\/uploads\/2024\/07\/logo.png","width":600,"height":428,"caption":"Koonings"},"image":{"@id":"https:\/\/www.koonings.com\/fr\/#\/schema\/logo\/image\/"},"sameAs":["https:\/\/www.facebook.com\/kooningstheweddingpalace","https:\/\/www.instagram.com\/kooningstheweddingpalace","https:\/\/www.pinterest.com\/koonings","https:\/\/www.youtube.com\/kooningstheweddingpalace"]}]}},"_links":{"self":[{"href":"https:\/\/www.koonings.com\/fr\/wp-json\/wp\/v2\/product\/78558","targetHints":{"allow":["GET"]}}],"collection":[{"href":"https:\/\/www.koonings.com\/fr\/wp-json\/wp\/v2\/product"}],"about":[{"href":"https:\/\/www.koonings.com\/fr\/wp-json\/wp\/v2\/types\/product"}],"wp:featuredmedia":[{"embeddable":true,"href":"https:\/\/www.koonings.com\/fr\/wp-json\/wp\/v2\/media\/63192"}],"wp:attachment":[{"href":"https:\/\/www.koonings.com\/fr\/wp-json\/wp\/v2\/media?parent=78558"}],"wp:term":[{"taxonomy":"productdetails","embeddable":true,"href":"https:\/\/www.koonings.com\/fr\/wp-json\/wp\/v2\/productdetails?post=78558"},{"taxonomy":"productneck","embeddable":true,"href":"https:\/\/www.koonings.com\/fr\/wp-json\/wp\/v2\/productneck?post=78558"},{"taxonomy":"productcolor","embeddable":true,"href":"https:\/\/www.koonings.com\/fr\/wp-json\/wp\/v2\/productcolor?post=78558"},{"taxonomy":"maat","embeddable":true,"href":"https:\/\/www.koonings.com\/fr\/wp-json\/wp\/v2\/maat?post=78558"},{"taxonomy":"productsupplier","embeddable":true,"href":"https:\/\/www.koonings.com\/fr\/wp-json\/wp\/v2\/productsupplier?post=78558"},{"taxonomy":"productsleeve","embeddable":true,"href":"https:\/\/www.koonings.com\/fr\/wp-json\/wp\/v2\/productsleeve?post=78558"},{"taxonomy":"productcategory","embeddable":true,"href":"https:\/\/www.koonings.com\/fr\/wp-json\/wp\/v2\/productcategory?post=78558"},{"taxonomy":"productsilhouette","embeddable":true,"href":"https:\/\/www.koonings.com\/fr\/wp-json\/wp\/v2\/productsilhouette?post=78558"},{"taxonomy":"productstyle","embeddable":true,"href":"https:\/\/www.koonings.com\/fr\/wp-json\/wp\/v2\/productstyle?post=78558"}],"curies":[{"name":"wp","href":"https:\/\/api.w.org\/{rel}","templated":true}]}}