{"id":78553,"date":"2026-03-27T16:10:34","date_gmt":"2026-03-27T15:10:34","guid":{"rendered":"https:\/\/www.koonings.com\/product\/enzoani-love-collection-caroline\/"},"modified":"2026-02-16T14:46:13","modified_gmt":"2026-02-16T13:46:13","slug":"enzoani-love-collection-caroline","status":"publish","type":"product","link":"https:\/\/www.koonings.com\/fr\/product\/enzoani-love-collection-caroline\/","title":{"rendered":"Enzoani Love Collection Caroline"},"content":{"rendered":"<p>Le mod\u00e8le Caroline est une pure magie nuptiale, avec sa superbe dentelle lin\u00e9aire orn\u00e9e de perles. Cette \u00e9poustouflante robe en ligne A pr\u00e9sente un d\u00e9collet\u00e9 bateau flatteur avec des bretelles de soutien et des d\u00e9coupes sur les c\u00f4t\u00e9s pour une coupe \u00e9tonnante. La dentelle perl\u00e9e glamour est orn\u00e9e de bijoux sur le corsage et dans le dos et se prolonge par une jupe d\u00e9licate en tulle scintillant et une fente en forme de coude pour une finition enjou\u00e9e.  <\/p>\n","protected":false},"featured_media":63209,"template":"","meta":{"_acf_changed":false,"ghostkit_customizer_options":"","ghostkit_custom_css":"","ghostkit_custom_js_head":"","ghostkit_custom_js_foot":"","ghostkit_typography":""},"productdetails":[376,378],"productneck":[349],"productcolor":[393,392],"maat":[],"productsupplier":[475],"productsleeve":[359],"productcategory":[18],"productsilhouette":[384],"productstyle":[],"class_list":["post-78553","product","type-product","status-publish","has-post-thumbnail","hentry","productdetails-376","productdetails-378","productneck-349","productcolor-393","productcolor-392","productsupplier-enzoani-love-collection","productsleeve-359","productcategory-trouwjurken","productsilhouette-384"],"acf":[],"yoast_head":"<!-- This site is optimized with the Yoast SEO plugin v26.8 - https:\/\/yoast.com\/product\/yoast-seo-wordpress\/ -->\n<title>Enzoani Love Collection Caroline | Koonings<\/title>\n<meta name=\"description\" content=\"Le mod\u00e8le Caroline est une pure magie nuptiale, avec sa superbe dentelle lin\u00e9aire orn\u00e9e de perles. Cette \u00e9poustouflante robe en ligne A pr\u00e9sente un d\u00e9collet\u00e9 bateau flatteur avec des bretelles de soutien et des d\u00e9coupes sur les c\u00f4t\u00e9s pour une coupe \u00e9tonnante. La dentelle perl\u00e9e glamour est orn\u00e9e de bijoux sur le corsage et dans le dos et se prolonge par une jupe d\u00e9licate en tulle scintillant et une fente en forme de coude pour une finition enjou\u00e9e.\" \/>\n<meta name=\"robots\" content=\"index, follow, max-snippet:-1, max-image-preview:large, max-video-preview:-1\" \/>\n<link rel=\"canonical\" href=\"https:\/\/www.koonings.com\/fr\/product\/enzoani-love-collection-caroline\/\" \/>\n<meta property=\"og:locale\" content=\"fr_FR\" \/>\n<meta property=\"og:type\" content=\"article\" \/>\n<meta property=\"og:title\" content=\"Enzoani Love Collection Caroline | Koonings\" \/>\n<meta property=\"og:description\" content=\"Le mod\u00e8le Caroline est une pure magie nuptiale, avec sa superbe dentelle lin\u00e9aire orn\u00e9e de perles. Cette \u00e9poustouflante robe en ligne A pr\u00e9sente un d\u00e9collet\u00e9 bateau flatteur avec des bretelles de soutien et des d\u00e9coupes sur les c\u00f4t\u00e9s pour une coupe \u00e9tonnante. La dentelle perl\u00e9e glamour est orn\u00e9e de bijoux sur le corsage et dans le dos et se prolonge par une jupe d\u00e9licate en tulle scintillant et une fente en forme de coude pour une finition enjou\u00e9e.\" \/>\n<meta property=\"og:url\" content=\"https:\/\/www.koonings.com\/fr\/product\/enzoani-love-collection-caroline\/\" \/>\n<meta property=\"og:site_name\" content=\"Koonings\" \/>\n<meta property=\"article:publisher\" content=\"https:\/\/www.facebook.com\/kooningstheweddingpalace\" \/>\n<meta property=\"og:image\" content=\"https:\/\/www.koonings.com\/wp-content\/uploads\/2024\/11\/38681_8217c00478fbd9c5550fd039b05b48bc63fd06c2365c6310804608896de465b9b9e2bea9.jpeg\" \/>\n\t<meta property=\"og:image:width\" content=\"1035\" \/>\n\t<meta property=\"og:image:height\" content=\"1380\" \/>\n\t<meta property=\"og:image:type\" content=\"image\/jpeg\" \/>\n<meta name=\"twitter:card\" content=\"summary_large_image\" \/>\n<script type=\"application\/ld+json\" class=\"yoast-schema-graph\">{\"@context\":\"https:\/\/schema.org\",\"@graph\":[{\"@type\":\"WebPage\",\"@id\":\"https:\/\/www.koonings.com\/fr\/product\/enzoani-love-collection-caroline\/\",\"url\":\"https:\/\/www.koonings.com\/fr\/product\/enzoani-love-collection-caroline\/\",\"name\":\"Enzoani Love Collection Caroline | Koonings\",\"isPartOf\":{\"@id\":\"https:\/\/www.koonings.com\/fr\/#website\"},\"primaryImageOfPage\":{\"@id\":\"https:\/\/www.koonings.com\/fr\/product\/enzoani-love-collection-caroline\/#primaryimage\"},\"image\":{\"@id\":\"https:\/\/www.koonings.com\/fr\/product\/enzoani-love-collection-caroline\/#primaryimage\"},\"thumbnailUrl\":\"https:\/\/www.koonings.com\/wp-content\/uploads\/2024\/11\/38681_8217c00478fbd9c5550fd039b05b48bc63fd06c2365c6310804608896de465b9b9e2bea9.jpeg\",\"datePublished\":\"2026-03-27T15:10:34+00:00\",\"description\":\"Le mod\u00e8le Caroline est une pure magie nuptiale, avec sa superbe dentelle lin\u00e9aire orn\u00e9e de perles. Cette \u00e9poustouflante robe en ligne A pr\u00e9sente un d\u00e9collet\u00e9 bateau flatteur avec des bretelles de soutien et des d\u00e9coupes sur les c\u00f4t\u00e9s pour une coupe \u00e9tonnante. La dentelle perl\u00e9e glamour est orn\u00e9e de bijoux sur le corsage et dans le dos et se prolonge par une jupe d\u00e9licate en tulle scintillant et une fente en forme de coude pour une finition enjou\u00e9e.\",\"breadcrumb\":{\"@id\":\"https:\/\/www.koonings.com\/fr\/product\/enzoani-love-collection-caroline\/#breadcrumb\"},\"inLanguage\":\"fr-FR\",\"potentialAction\":[{\"@type\":\"ReadAction\",\"target\":[\"https:\/\/www.koonings.com\/fr\/product\/enzoani-love-collection-caroline\/\"]}]},{\"@type\":\"ImageObject\",\"inLanguage\":\"fr-FR\",\"@id\":\"https:\/\/www.koonings.com\/fr\/product\/enzoani-love-collection-caroline\/#primaryimage\",\"url\":\"https:\/\/www.koonings.com\/wp-content\/uploads\/2024\/11\/38681_8217c00478fbd9c5550fd039b05b48bc63fd06c2365c6310804608896de465b9b9e2bea9.jpeg\",\"contentUrl\":\"https:\/\/www.koonings.com\/wp-content\/uploads\/2024\/11\/38681_8217c00478fbd9c5550fd039b05b48bc63fd06c2365c6310804608896de465b9b9e2bea9.jpeg\",\"width\":1035,\"height\":1380},{\"@type\":\"BreadcrumbList\",\"@id\":\"https:\/\/www.koonings.com\/fr\/product\/enzoani-love-collection-caroline\/#breadcrumb\",\"itemListElement\":[{\"@type\":\"ListItem\",\"position\":1,\"name\":\"Home\",\"item\":\"https:\/\/www.koonings.com\/fr\/\"},{\"@type\":\"ListItem\",\"position\":2,\"name\":\"Enzoani Love Collection Caroline\"}]},{\"@type\":\"WebSite\",\"@id\":\"https:\/\/www.koonings.com\/fr\/#website\",\"url\":\"https:\/\/www.koonings.com\/fr\/\",\"name\":\"Koonings\",\"description\":\"De grootste bruidsmodewinkel ter wereld\",\"publisher\":{\"@id\":\"https:\/\/www.koonings.com\/fr\/#organization\"},\"potentialAction\":[{\"@type\":\"SearchAction\",\"target\":{\"@type\":\"EntryPoint\",\"urlTemplate\":\"https:\/\/www.koonings.com\/fr\/?s={search_term_string}\"},\"query-input\":{\"@type\":\"PropertyValueSpecification\",\"valueRequired\":true,\"valueName\":\"search_term_string\"}}],\"inLanguage\":\"fr-FR\"},{\"@type\":\"Organization\",\"@id\":\"https:\/\/www.koonings.com\/fr\/#organization\",\"name\":\"Koonings\",\"url\":\"https:\/\/www.koonings.com\/fr\/\",\"logo\":{\"@type\":\"ImageObject\",\"inLanguage\":\"fr-FR\",\"@id\":\"https:\/\/www.koonings.com\/fr\/#\/schema\/logo\/image\/\",\"url\":\"https:\/\/www.koonings.com\/wp-content\/uploads\/2024\/07\/logo.png\",\"contentUrl\":\"https:\/\/www.koonings.com\/wp-content\/uploads\/2024\/07\/logo.png\",\"width\":600,\"height\":428,\"caption\":\"Koonings\"},\"image\":{\"@id\":\"https:\/\/www.koonings.com\/fr\/#\/schema\/logo\/image\/\"},\"sameAs\":[\"https:\/\/www.facebook.com\/kooningstheweddingpalace\",\"https:\/\/www.instagram.com\/kooningstheweddingpalace\",\"https:\/\/www.pinterest.com\/koonings\",\"https:\/\/www.youtube.com\/kooningstheweddingpalace\"]}]}<\/script>\n<!-- \/ Yoast SEO plugin. -->","yoast_head_json":{"title":"Enzoani Love Collection Caroline | Koonings","description":"Le mod\u00e8le Caroline est une pure magie nuptiale, avec sa superbe dentelle lin\u00e9aire orn\u00e9e de perles. Cette \u00e9poustouflante robe en ligne A pr\u00e9sente un d\u00e9collet\u00e9 bateau flatteur avec des bretelles de soutien et des d\u00e9coupes sur les c\u00f4t\u00e9s pour une coupe \u00e9tonnante. La dentelle perl\u00e9e glamour est orn\u00e9e de bijoux sur le corsage et dans le dos et se prolonge par une jupe d\u00e9licate en tulle scintillant et une fente en forme de coude pour une finition enjou\u00e9e.","robots":{"index":"index","follow":"follow","max-snippet":"max-snippet:-1","max-image-preview":"max-image-preview:large","max-video-preview":"max-video-preview:-1"},"canonical":"https:\/\/www.koonings.com\/fr\/product\/enzoani-love-collection-caroline\/","og_locale":"fr_FR","og_type":"article","og_title":"Enzoani Love Collection Caroline | Koonings","og_description":"Le mod\u00e8le Caroline est une pure magie nuptiale, avec sa superbe dentelle lin\u00e9aire orn\u00e9e de perles. Cette \u00e9poustouflante robe en ligne A pr\u00e9sente un d\u00e9collet\u00e9 bateau flatteur avec des bretelles de soutien et des d\u00e9coupes sur les c\u00f4t\u00e9s pour une coupe \u00e9tonnante. La dentelle perl\u00e9e glamour est orn\u00e9e de bijoux sur le corsage et dans le dos et se prolonge par une jupe d\u00e9licate en tulle scintillant et une fente en forme de coude pour une finition enjou\u00e9e.","og_url":"https:\/\/www.koonings.com\/fr\/product\/enzoani-love-collection-caroline\/","og_site_name":"Koonings","article_publisher":"https:\/\/www.facebook.com\/kooningstheweddingpalace","og_image":[{"width":1035,"height":1380,"url":"https:\/\/www.koonings.com\/wp-content\/uploads\/2024\/11\/38681_8217c00478fbd9c5550fd039b05b48bc63fd06c2365c6310804608896de465b9b9e2bea9.jpeg","type":"image\/jpeg"}],"twitter_card":"summary_large_image","schema":{"@context":"https:\/\/schema.org","@graph":[{"@type":"WebPage","@id":"https:\/\/www.koonings.com\/fr\/product\/enzoani-love-collection-caroline\/","url":"https:\/\/www.koonings.com\/fr\/product\/enzoani-love-collection-caroline\/","name":"Enzoani Love Collection Caroline | Koonings","isPartOf":{"@id":"https:\/\/www.koonings.com\/fr\/#website"},"primaryImageOfPage":{"@id":"https:\/\/www.koonings.com\/fr\/product\/enzoani-love-collection-caroline\/#primaryimage"},"image":{"@id":"https:\/\/www.koonings.com\/fr\/product\/enzoani-love-collection-caroline\/#primaryimage"},"thumbnailUrl":"https:\/\/www.koonings.com\/wp-content\/uploads\/2024\/11\/38681_8217c00478fbd9c5550fd039b05b48bc63fd06c2365c6310804608896de465b9b9e2bea9.jpeg","datePublished":"2026-03-27T15:10:34+00:00","description":"Le mod\u00e8le Caroline est une pure magie nuptiale, avec sa superbe dentelle lin\u00e9aire orn\u00e9e de perles. Cette \u00e9poustouflante robe en ligne A pr\u00e9sente un d\u00e9collet\u00e9 bateau flatteur avec des bretelles de soutien et des d\u00e9coupes sur les c\u00f4t\u00e9s pour une coupe \u00e9tonnante. La dentelle perl\u00e9e glamour est orn\u00e9e de bijoux sur le corsage et dans le dos et se prolonge par une jupe d\u00e9licate en tulle scintillant et une fente en forme de coude pour une finition enjou\u00e9e.","breadcrumb":{"@id":"https:\/\/www.koonings.com\/fr\/product\/enzoani-love-collection-caroline\/#breadcrumb"},"inLanguage":"fr-FR","potentialAction":[{"@type":"ReadAction","target":["https:\/\/www.koonings.com\/fr\/product\/enzoani-love-collection-caroline\/"]}]},{"@type":"ImageObject","inLanguage":"fr-FR","@id":"https:\/\/www.koonings.com\/fr\/product\/enzoani-love-collection-caroline\/#primaryimage","url":"https:\/\/www.koonings.com\/wp-content\/uploads\/2024\/11\/38681_8217c00478fbd9c5550fd039b05b48bc63fd06c2365c6310804608896de465b9b9e2bea9.jpeg","contentUrl":"https:\/\/www.koonings.com\/wp-content\/uploads\/2024\/11\/38681_8217c00478fbd9c5550fd039b05b48bc63fd06c2365c6310804608896de465b9b9e2bea9.jpeg","width":1035,"height":1380},{"@type":"BreadcrumbList","@id":"https:\/\/www.koonings.com\/fr\/product\/enzoani-love-collection-caroline\/#breadcrumb","itemListElement":[{"@type":"ListItem","position":1,"name":"Home","item":"https:\/\/www.koonings.com\/fr\/"},{"@type":"ListItem","position":2,"name":"Enzoani Love Collection Caroline"}]},{"@type":"WebSite","@id":"https:\/\/www.koonings.com\/fr\/#website","url":"https:\/\/www.koonings.com\/fr\/","name":"Koonings","description":"De grootste bruidsmodewinkel ter wereld","publisher":{"@id":"https:\/\/www.koonings.com\/fr\/#organization"},"potentialAction":[{"@type":"SearchAction","target":{"@type":"EntryPoint","urlTemplate":"https:\/\/www.koonings.com\/fr\/?s={search_term_string}"},"query-input":{"@type":"PropertyValueSpecification","valueRequired":true,"valueName":"search_term_string"}}],"inLanguage":"fr-FR"},{"@type":"Organization","@id":"https:\/\/www.koonings.com\/fr\/#organization","name":"Koonings","url":"https:\/\/www.koonings.com\/fr\/","logo":{"@type":"ImageObject","inLanguage":"fr-FR","@id":"https:\/\/www.koonings.com\/fr\/#\/schema\/logo\/image\/","url":"https:\/\/www.koonings.com\/wp-content\/uploads\/2024\/07\/logo.png","contentUrl":"https:\/\/www.koonings.com\/wp-content\/uploads\/2024\/07\/logo.png","width":600,"height":428,"caption":"Koonings"},"image":{"@id":"https:\/\/www.koonings.com\/fr\/#\/schema\/logo\/image\/"},"sameAs":["https:\/\/www.facebook.com\/kooningstheweddingpalace","https:\/\/www.instagram.com\/kooningstheweddingpalace","https:\/\/www.pinterest.com\/koonings","https:\/\/www.youtube.com\/kooningstheweddingpalace"]}]}},"_links":{"self":[{"href":"https:\/\/www.koonings.com\/fr\/wp-json\/wp\/v2\/product\/78553","targetHints":{"allow":["GET"]}}],"collection":[{"href":"https:\/\/www.koonings.com\/fr\/wp-json\/wp\/v2\/product"}],"about":[{"href":"https:\/\/www.koonings.com\/fr\/wp-json\/wp\/v2\/types\/product"}],"wp:featuredmedia":[{"embeddable":true,"href":"https:\/\/www.koonings.com\/fr\/wp-json\/wp\/v2\/media\/63209"}],"wp:attachment":[{"href":"https:\/\/www.koonings.com\/fr\/wp-json\/wp\/v2\/media?parent=78553"}],"wp:term":[{"taxonomy":"productdetails","embeddable":true,"href":"https:\/\/www.koonings.com\/fr\/wp-json\/wp\/v2\/productdetails?post=78553"},{"taxonomy":"productneck","embeddable":true,"href":"https:\/\/www.koonings.com\/fr\/wp-json\/wp\/v2\/productneck?post=78553"},{"taxonomy":"productcolor","embeddable":true,"href":"https:\/\/www.koonings.com\/fr\/wp-json\/wp\/v2\/productcolor?post=78553"},{"taxonomy":"maat","embeddable":true,"href":"https:\/\/www.koonings.com\/fr\/wp-json\/wp\/v2\/maat?post=78553"},{"taxonomy":"productsupplier","embeddable":true,"href":"https:\/\/www.koonings.com\/fr\/wp-json\/wp\/v2\/productsupplier?post=78553"},{"taxonomy":"productsleeve","embeddable":true,"href":"https:\/\/www.koonings.com\/fr\/wp-json\/wp\/v2\/productsleeve?post=78553"},{"taxonomy":"productcategory","embeddable":true,"href":"https:\/\/www.koonings.com\/fr\/wp-json\/wp\/v2\/productcategory?post=78553"},{"taxonomy":"productsilhouette","embeddable":true,"href":"https:\/\/www.koonings.com\/fr\/wp-json\/wp\/v2\/productsilhouette?post=78553"},{"taxonomy":"productstyle","embeddable":true,"href":"https:\/\/www.koonings.com\/fr\/wp-json\/wp\/v2\/productstyle?post=78553"}],"curies":[{"name":"wp","href":"https:\/\/api.w.org\/{rel}","templated":true}]}}