{"id":78544,"date":"2026-04-14T16:12:25","date_gmt":"2026-04-14T14:12:25","guid":{"rendered":"https:\/\/www.koonings.com\/product\/enzoani-love-collection-carlin\/"},"modified":"2026-02-16T14:46:16","modified_gmt":"2026-02-16T13:46:16","slug":"enzoani-love-collection-carlin","status":"publish","type":"product","link":"https:\/\/www.koonings.com\/fr\/product\/enzoani-love-collection-carlin\/","title":{"rendered":"Enzoani Love Collection Carlin"},"content":{"rendered":"<p>Parfaitement con\u00e7ue pour nos mari\u00e9es \u00e9l\u00e9gantes qui souhaitent un look subtil et s\u00e9duisant. Le mod\u00e8le Carlin est dot\u00e9 d&#8217;un profond d\u00e9collet\u00e9 en c\u0153ur, d&#8217;une armature de corset visible et de d\u00e9coupes illusoires. Des motifs floraux en 3D sont joliment dispos\u00e9s le long des d\u00e9coupes et se fondent dans la jupe en tulle a\u00e9r\u00e9. Le tulle scintillant compl\u00e8te la fente haute sexy et enchante de tous les c\u00f4t\u00e9s. Les d\u00e9tails d\u00e9licats en dentelle dans le dos, associ\u00e9s \u00e0 la dentelle brod\u00e9e, apportent une touche de r\u00eave in\u00e9gal\u00e9e.    <\/p>\n","protected":false},"featured_media":63264,"template":"","meta":{"_acf_changed":false,"ghostkit_customizer_options":"","ghostkit_custom_css":"","ghostkit_custom_js_head":"","ghostkit_custom_js_foot":"","ghostkit_typography":""},"productdetails":[377,381],"productneck":[355],"productcolor":[393,392],"maat":[],"productsupplier":[475],"productsleeve":[363],"productcategory":[18],"productsilhouette":[384,389],"productstyle":[370],"class_list":["post-78544","product","type-product","status-publish","has-post-thumbnail","hentry","productdetails-377","productdetails-381","productneck-355","productcolor-393","productcolor-392","productsupplier-enzoani-love-collection","productsleeve-363","productcategory-trouwjurken","productsilhouette-384","productsilhouette-389","productstyle-370"],"acf":[],"yoast_head":"<!-- This site is optimized with the Yoast SEO plugin v27.3 - https:\/\/yoast.com\/product\/yoast-seo-wordpress\/ -->\n<title>Enzoani Love Collection Carlin | Koonings<\/title>\n<meta name=\"description\" content=\"Parfaitement con\u00e7ue pour nos mari\u00e9es \u00e9l\u00e9gantes qui souhaitent un look subtil et s\u00e9duisant. Le mod\u00e8le Carlin est dot\u00e9 d&#039;un profond d\u00e9collet\u00e9 en c\u0153ur, d&#039;une armature de corset visible et de d\u00e9coupes illusoires. Des motifs floraux en 3D sont joliment dispos\u00e9s le long des d\u00e9coupes et se fondent dans la jupe en tulle a\u00e9r\u00e9. Le tulle scintillant compl\u00e8te la fente haute sexy et enchante de tous les c\u00f4t\u00e9s. Les d\u00e9tails d\u00e9licats en dentelle dans le dos, associ\u00e9s \u00e0 la dentelle brod\u00e9e, apportent une touche de r\u00eave in\u00e9gal\u00e9e.\" \/>\n<meta name=\"robots\" content=\"index, follow, max-snippet:-1, max-image-preview:large, max-video-preview:-1\" \/>\n<link rel=\"canonical\" href=\"https:\/\/www.koonings.com\/fr\/product\/enzoani-love-collection-carlin\/\" \/>\n<meta property=\"og:locale\" content=\"fr_FR\" \/>\n<meta property=\"og:type\" content=\"article\" \/>\n<meta property=\"og:title\" content=\"Enzoani Love Collection Carlin | Koonings\" \/>\n<meta property=\"og:description\" content=\"Parfaitement con\u00e7ue pour nos mari\u00e9es \u00e9l\u00e9gantes qui souhaitent un look subtil et s\u00e9duisant. Le mod\u00e8le Carlin est dot\u00e9 d&#039;un profond d\u00e9collet\u00e9 en c\u0153ur, d&#039;une armature de corset visible et de d\u00e9coupes illusoires. Des motifs floraux en 3D sont joliment dispos\u00e9s le long des d\u00e9coupes et se fondent dans la jupe en tulle a\u00e9r\u00e9. Le tulle scintillant compl\u00e8te la fente haute sexy et enchante de tous les c\u00f4t\u00e9s. Les d\u00e9tails d\u00e9licats en dentelle dans le dos, associ\u00e9s \u00e0 la dentelle brod\u00e9e, apportent une touche de r\u00eave in\u00e9gal\u00e9e.\" \/>\n<meta property=\"og:url\" content=\"https:\/\/www.koonings.com\/fr\/product\/enzoani-love-collection-carlin\/\" \/>\n<meta property=\"og:site_name\" content=\"Koonings\" \/>\n<meta property=\"article:publisher\" content=\"https:\/\/www.facebook.com\/kooningstheweddingpalace\" \/>\n<meta property=\"og:image\" content=\"https:\/\/www.koonings.com\/wp-content\/uploads\/2024\/11\/38719_f611921ffadcb37027ee950d6549064ca82523b716e480bca31ea01e212dfd2d7a0cb377.jpeg\" \/>\n\t<meta property=\"og:image:width\" content=\"1035\" \/>\n\t<meta property=\"og:image:height\" content=\"1380\" \/>\n\t<meta property=\"og:image:type\" content=\"image\/jpeg\" \/>\n<meta name=\"twitter:card\" content=\"summary_large_image\" \/>\n<meta name=\"twitter:label1\" content=\"Dur\u00e9e de lecture estim\u00e9e\" \/>\n\t<meta name=\"twitter:data1\" content=\"1 minute\" \/>\n<script type=\"application\/ld+json\" class=\"yoast-schema-graph\">{\"@context\":\"https:\\\/\\\/schema.org\",\"@graph\":[{\"@type\":\"WebPage\",\"@id\":\"https:\\\/\\\/www.koonings.com\\\/fr\\\/product\\\/enzoani-love-collection-carlin\\\/\",\"url\":\"https:\\\/\\\/www.koonings.com\\\/fr\\\/product\\\/enzoani-love-collection-carlin\\\/\",\"name\":\"Enzoani Love Collection Carlin | Koonings\",\"isPartOf\":{\"@id\":\"https:\\\/\\\/www.koonings.com\\\/fr\\\/#website\"},\"primaryImageOfPage\":{\"@id\":\"https:\\\/\\\/www.koonings.com\\\/fr\\\/product\\\/enzoani-love-collection-carlin\\\/#primaryimage\"},\"image\":{\"@id\":\"https:\\\/\\\/www.koonings.com\\\/fr\\\/product\\\/enzoani-love-collection-carlin\\\/#primaryimage\"},\"thumbnailUrl\":\"https:\\\/\\\/www.koonings.com\\\/wp-content\\\/uploads\\\/2024\\\/11\\\/38719_f611921ffadcb37027ee950d6549064ca82523b716e480bca31ea01e212dfd2d7a0cb377.jpeg\",\"datePublished\":\"2026-04-14T14:12:25+00:00\",\"description\":\"Parfaitement con\u00e7ue pour nos mari\u00e9es \u00e9l\u00e9gantes qui souhaitent un look subtil et s\u00e9duisant. Le mod\u00e8le Carlin est dot\u00e9 d'un profond d\u00e9collet\u00e9 en c\u0153ur, d'une armature de corset visible et de d\u00e9coupes illusoires. Des motifs floraux en 3D sont joliment dispos\u00e9s le long des d\u00e9coupes et se fondent dans la jupe en tulle a\u00e9r\u00e9. Le tulle scintillant compl\u00e8te la fente haute sexy et enchante de tous les c\u00f4t\u00e9s. Les d\u00e9tails d\u00e9licats en dentelle dans le dos, associ\u00e9s \u00e0 la dentelle brod\u00e9e, apportent une touche de r\u00eave in\u00e9gal\u00e9e.\",\"breadcrumb\":{\"@id\":\"https:\\\/\\\/www.koonings.com\\\/fr\\\/product\\\/enzoani-love-collection-carlin\\\/#breadcrumb\"},\"inLanguage\":\"fr-FR\",\"potentialAction\":[{\"@type\":\"ReadAction\",\"target\":[\"https:\\\/\\\/www.koonings.com\\\/fr\\\/product\\\/enzoani-love-collection-carlin\\\/\"]}]},{\"@type\":\"ImageObject\",\"inLanguage\":\"fr-FR\",\"@id\":\"https:\\\/\\\/www.koonings.com\\\/fr\\\/product\\\/enzoani-love-collection-carlin\\\/#primaryimage\",\"url\":\"https:\\\/\\\/www.koonings.com\\\/wp-content\\\/uploads\\\/2024\\\/11\\\/38719_f611921ffadcb37027ee950d6549064ca82523b716e480bca31ea01e212dfd2d7a0cb377.jpeg\",\"contentUrl\":\"https:\\\/\\\/www.koonings.com\\\/wp-content\\\/uploads\\\/2024\\\/11\\\/38719_f611921ffadcb37027ee950d6549064ca82523b716e480bca31ea01e212dfd2d7a0cb377.jpeg\",\"width\":1035,\"height\":1380},{\"@type\":\"BreadcrumbList\",\"@id\":\"https:\\\/\\\/www.koonings.com\\\/fr\\\/product\\\/enzoani-love-collection-carlin\\\/#breadcrumb\",\"itemListElement\":[{\"@type\":\"ListItem\",\"position\":1,\"name\":\"Home\",\"item\":\"https:\\\/\\\/www.koonings.com\\\/fr\\\/\"},{\"@type\":\"ListItem\",\"position\":2,\"name\":\"Enzoani Love Collection Carlin\"}]},{\"@type\":\"WebSite\",\"@id\":\"https:\\\/\\\/www.koonings.com\\\/fr\\\/#website\",\"url\":\"https:\\\/\\\/www.koonings.com\\\/fr\\\/\",\"name\":\"Koonings\",\"description\":\"De grootste bruidsmodewinkel ter wereld\",\"publisher\":{\"@id\":\"https:\\\/\\\/www.koonings.com\\\/fr\\\/#organization\"},\"potentialAction\":[{\"@type\":\"SearchAction\",\"target\":{\"@type\":\"EntryPoint\",\"urlTemplate\":\"https:\\\/\\\/www.koonings.com\\\/fr\\\/?s={search_term_string}\"},\"query-input\":{\"@type\":\"PropertyValueSpecification\",\"valueRequired\":true,\"valueName\":\"search_term_string\"}}],\"inLanguage\":\"fr-FR\"},{\"@type\":\"Organization\",\"@id\":\"https:\\\/\\\/www.koonings.com\\\/fr\\\/#organization\",\"name\":\"Koonings\",\"url\":\"https:\\\/\\\/www.koonings.com\\\/fr\\\/\",\"logo\":{\"@type\":\"ImageObject\",\"inLanguage\":\"fr-FR\",\"@id\":\"https:\\\/\\\/www.koonings.com\\\/fr\\\/#\\\/schema\\\/logo\\\/image\\\/\",\"url\":\"https:\\\/\\\/www.koonings.com\\\/wp-content\\\/uploads\\\/2024\\\/07\\\/logo.png\",\"contentUrl\":\"https:\\\/\\\/www.koonings.com\\\/wp-content\\\/uploads\\\/2024\\\/07\\\/logo.png\",\"width\":600,\"height\":428,\"caption\":\"Koonings\"},\"image\":{\"@id\":\"https:\\\/\\\/www.koonings.com\\\/fr\\\/#\\\/schema\\\/logo\\\/image\\\/\"},\"sameAs\":[\"https:\\\/\\\/www.facebook.com\\\/kooningstheweddingpalace\",\"https:\\\/\\\/www.instagram.com\\\/kooningstheweddingpalace\",\"https:\\\/\\\/www.pinterest.com\\\/koonings\",\"https:\\\/\\\/www.youtube.com\\\/kooningstheweddingpalace\"]}]}<\/script>\n<!-- \/ Yoast SEO plugin. -->","yoast_head_json":{"title":"Enzoani Love Collection Carlin | Koonings","description":"Parfaitement con\u00e7ue pour nos mari\u00e9es \u00e9l\u00e9gantes qui souhaitent un look subtil et s\u00e9duisant. Le mod\u00e8le Carlin est dot\u00e9 d'un profond d\u00e9collet\u00e9 en c\u0153ur, d'une armature de corset visible et de d\u00e9coupes illusoires. Des motifs floraux en 3D sont joliment dispos\u00e9s le long des d\u00e9coupes et se fondent dans la jupe en tulle a\u00e9r\u00e9. Le tulle scintillant compl\u00e8te la fente haute sexy et enchante de tous les c\u00f4t\u00e9s. Les d\u00e9tails d\u00e9licats en dentelle dans le dos, associ\u00e9s \u00e0 la dentelle brod\u00e9e, apportent une touche de r\u00eave in\u00e9gal\u00e9e.","robots":{"index":"index","follow":"follow","max-snippet":"max-snippet:-1","max-image-preview":"max-image-preview:large","max-video-preview":"max-video-preview:-1"},"canonical":"https:\/\/www.koonings.com\/fr\/product\/enzoani-love-collection-carlin\/","og_locale":"fr_FR","og_type":"article","og_title":"Enzoani Love Collection Carlin | Koonings","og_description":"Parfaitement con\u00e7ue pour nos mari\u00e9es \u00e9l\u00e9gantes qui souhaitent un look subtil et s\u00e9duisant. Le mod\u00e8le Carlin est dot\u00e9 d'un profond d\u00e9collet\u00e9 en c\u0153ur, d'une armature de corset visible et de d\u00e9coupes illusoires. Des motifs floraux en 3D sont joliment dispos\u00e9s le long des d\u00e9coupes et se fondent dans la jupe en tulle a\u00e9r\u00e9. Le tulle scintillant compl\u00e8te la fente haute sexy et enchante de tous les c\u00f4t\u00e9s. Les d\u00e9tails d\u00e9licats en dentelle dans le dos, associ\u00e9s \u00e0 la dentelle brod\u00e9e, apportent une touche de r\u00eave in\u00e9gal\u00e9e.","og_url":"https:\/\/www.koonings.com\/fr\/product\/enzoani-love-collection-carlin\/","og_site_name":"Koonings","article_publisher":"https:\/\/www.facebook.com\/kooningstheweddingpalace","og_image":[{"width":1035,"height":1380,"url":"https:\/\/www.koonings.com\/wp-content\/uploads\/2024\/11\/38719_f611921ffadcb37027ee950d6549064ca82523b716e480bca31ea01e212dfd2d7a0cb377.jpeg","type":"image\/jpeg"}],"twitter_card":"summary_large_image","twitter_misc":{"Dur\u00e9e de lecture estim\u00e9e":"1 minute"},"schema":{"@context":"https:\/\/schema.org","@graph":[{"@type":"WebPage","@id":"https:\/\/www.koonings.com\/fr\/product\/enzoani-love-collection-carlin\/","url":"https:\/\/www.koonings.com\/fr\/product\/enzoani-love-collection-carlin\/","name":"Enzoani Love Collection Carlin | Koonings","isPartOf":{"@id":"https:\/\/www.koonings.com\/fr\/#website"},"primaryImageOfPage":{"@id":"https:\/\/www.koonings.com\/fr\/product\/enzoani-love-collection-carlin\/#primaryimage"},"image":{"@id":"https:\/\/www.koonings.com\/fr\/product\/enzoani-love-collection-carlin\/#primaryimage"},"thumbnailUrl":"https:\/\/www.koonings.com\/wp-content\/uploads\/2024\/11\/38719_f611921ffadcb37027ee950d6549064ca82523b716e480bca31ea01e212dfd2d7a0cb377.jpeg","datePublished":"2026-04-14T14:12:25+00:00","description":"Parfaitement con\u00e7ue pour nos mari\u00e9es \u00e9l\u00e9gantes qui souhaitent un look subtil et s\u00e9duisant. Le mod\u00e8le Carlin est dot\u00e9 d'un profond d\u00e9collet\u00e9 en c\u0153ur, d'une armature de corset visible et de d\u00e9coupes illusoires. Des motifs floraux en 3D sont joliment dispos\u00e9s le long des d\u00e9coupes et se fondent dans la jupe en tulle a\u00e9r\u00e9. Le tulle scintillant compl\u00e8te la fente haute sexy et enchante de tous les c\u00f4t\u00e9s. Les d\u00e9tails d\u00e9licats en dentelle dans le dos, associ\u00e9s \u00e0 la dentelle brod\u00e9e, apportent une touche de r\u00eave in\u00e9gal\u00e9e.","breadcrumb":{"@id":"https:\/\/www.koonings.com\/fr\/product\/enzoani-love-collection-carlin\/#breadcrumb"},"inLanguage":"fr-FR","potentialAction":[{"@type":"ReadAction","target":["https:\/\/www.koonings.com\/fr\/product\/enzoani-love-collection-carlin\/"]}]},{"@type":"ImageObject","inLanguage":"fr-FR","@id":"https:\/\/www.koonings.com\/fr\/product\/enzoani-love-collection-carlin\/#primaryimage","url":"https:\/\/www.koonings.com\/wp-content\/uploads\/2024\/11\/38719_f611921ffadcb37027ee950d6549064ca82523b716e480bca31ea01e212dfd2d7a0cb377.jpeg","contentUrl":"https:\/\/www.koonings.com\/wp-content\/uploads\/2024\/11\/38719_f611921ffadcb37027ee950d6549064ca82523b716e480bca31ea01e212dfd2d7a0cb377.jpeg","width":1035,"height":1380},{"@type":"BreadcrumbList","@id":"https:\/\/www.koonings.com\/fr\/product\/enzoani-love-collection-carlin\/#breadcrumb","itemListElement":[{"@type":"ListItem","position":1,"name":"Home","item":"https:\/\/www.koonings.com\/fr\/"},{"@type":"ListItem","position":2,"name":"Enzoani Love Collection Carlin"}]},{"@type":"WebSite","@id":"https:\/\/www.koonings.com\/fr\/#website","url":"https:\/\/www.koonings.com\/fr\/","name":"Koonings","description":"De grootste bruidsmodewinkel ter wereld","publisher":{"@id":"https:\/\/www.koonings.com\/fr\/#organization"},"potentialAction":[{"@type":"SearchAction","target":{"@type":"EntryPoint","urlTemplate":"https:\/\/www.koonings.com\/fr\/?s={search_term_string}"},"query-input":{"@type":"PropertyValueSpecification","valueRequired":true,"valueName":"search_term_string"}}],"inLanguage":"fr-FR"},{"@type":"Organization","@id":"https:\/\/www.koonings.com\/fr\/#organization","name":"Koonings","url":"https:\/\/www.koonings.com\/fr\/","logo":{"@type":"ImageObject","inLanguage":"fr-FR","@id":"https:\/\/www.koonings.com\/fr\/#\/schema\/logo\/image\/","url":"https:\/\/www.koonings.com\/wp-content\/uploads\/2024\/07\/logo.png","contentUrl":"https:\/\/www.koonings.com\/wp-content\/uploads\/2024\/07\/logo.png","width":600,"height":428,"caption":"Koonings"},"image":{"@id":"https:\/\/www.koonings.com\/fr\/#\/schema\/logo\/image\/"},"sameAs":["https:\/\/www.facebook.com\/kooningstheweddingpalace","https:\/\/www.instagram.com\/kooningstheweddingpalace","https:\/\/www.pinterest.com\/koonings","https:\/\/www.youtube.com\/kooningstheweddingpalace"]}]}},"_links":{"self":[{"href":"https:\/\/www.koonings.com\/fr\/wp-json\/wp\/v2\/product\/78544","targetHints":{"allow":["GET"]}}],"collection":[{"href":"https:\/\/www.koonings.com\/fr\/wp-json\/wp\/v2\/product"}],"about":[{"href":"https:\/\/www.koonings.com\/fr\/wp-json\/wp\/v2\/types\/product"}],"wp:featuredmedia":[{"embeddable":true,"href":"https:\/\/www.koonings.com\/fr\/wp-json\/wp\/v2\/media\/63264"}],"wp:attachment":[{"href":"https:\/\/www.koonings.com\/fr\/wp-json\/wp\/v2\/media?parent=78544"}],"wp:term":[{"taxonomy":"productdetails","embeddable":true,"href":"https:\/\/www.koonings.com\/fr\/wp-json\/wp\/v2\/productdetails?post=78544"},{"taxonomy":"productneck","embeddable":true,"href":"https:\/\/www.koonings.com\/fr\/wp-json\/wp\/v2\/productneck?post=78544"},{"taxonomy":"productcolor","embeddable":true,"href":"https:\/\/www.koonings.com\/fr\/wp-json\/wp\/v2\/productcolor?post=78544"},{"taxonomy":"maat","embeddable":true,"href":"https:\/\/www.koonings.com\/fr\/wp-json\/wp\/v2\/maat?post=78544"},{"taxonomy":"productsupplier","embeddable":true,"href":"https:\/\/www.koonings.com\/fr\/wp-json\/wp\/v2\/productsupplier?post=78544"},{"taxonomy":"productsleeve","embeddable":true,"href":"https:\/\/www.koonings.com\/fr\/wp-json\/wp\/v2\/productsleeve?post=78544"},{"taxonomy":"productcategory","embeddable":true,"href":"https:\/\/www.koonings.com\/fr\/wp-json\/wp\/v2\/productcategory?post=78544"},{"taxonomy":"productsilhouette","embeddable":true,"href":"https:\/\/www.koonings.com\/fr\/wp-json\/wp\/v2\/productsilhouette?post=78544"},{"taxonomy":"productstyle","embeddable":true,"href":"https:\/\/www.koonings.com\/fr\/wp-json\/wp\/v2\/productstyle?post=78544"}],"curies":[{"name":"wp","href":"https:\/\/api.w.org\/{rel}","templated":true}]}}