{"id":78536,"date":"2025-12-15T00:16:32","date_gmt":"2025-12-14T23:16:32","guid":{"rendered":"https:\/\/www.koonings.com\/product\/enzoani-love-collection-catalina\/"},"modified":"2026-02-03T19:35:29","modified_gmt":"2026-02-03T18:35:29","slug":"enzoani-love-collection-catalina","status":"publish","type":"product","link":"https:\/\/www.koonings.com\/fr\/product\/enzoani-love-collection-catalina\/","title":{"rendered":"Enzoani Love Collection Catalina"},"content":{"rendered":"<p>\u00c9l\u00e9gante et intemporelle, cette robe sir\u00e8ne flatteuse ne manquera pas de mettre en valeur vos plus beaux atouts. Cette robe de mari\u00e9e minimaliste pr\u00e9sente un d\u00e9collet\u00e9 en V profond avec illusion, des d\u00e9coupes lat\u00e9rales et des coutures artistiques qui dessinent les contours du corps. Les larges bretelles vous apportent le soutien dont vous avez besoin, tandis que le dos dramatiquement bas et incurv\u00e9 et les boutons d\u00e9licats donnent du corps \u00e0 la robe.  <\/p>\n","protected":false},"featured_media":63315,"template":"","meta":{"_acf_changed":false,"ghostkit_customizer_options":"","ghostkit_custom_css":"","ghostkit_custom_js_head":"","ghostkit_custom_js_foot":"","ghostkit_typography":""},"productdetails":[],"productneck":[351,356],"productcolor":[392],"maat":[],"productsupplier":[475],"productsleeve":[359,360],"productcategory":[18],"productsilhouette":[387,389,390],"productstyle":[365],"class_list":["post-78536","product","type-product","status-publish","has-post-thumbnail","hentry","productneck-351","productneck-356","productcolor-392","productsupplier-enzoani-love-collection","productsleeve-359","productsleeve-360","productcategory-trouwjurken","productsilhouette-387","productsilhouette-389","productsilhouette-390","productstyle-365"],"acf":[],"yoast_head":"<!-- This site is optimized with the Yoast SEO plugin v27.3 - https:\/\/yoast.com\/product\/yoast-seo-wordpress\/ -->\n<title>Enzoani Love Collection Catalina | Koonings<\/title>\n<meta name=\"description\" content=\"\u00c9l\u00e9gante et intemporelle, cette robe sir\u00e8ne flatteuse ne manquera pas de mettre en valeur vos plus beaux atouts. Cette robe de mari\u00e9e minimaliste pr\u00e9sente un d\u00e9collet\u00e9 en V profond avec illusion, des d\u00e9coupes lat\u00e9rales et des coutures artistiques qui dessinent les contours du corps. Les larges bretelles vous apportent le soutien dont vous avez besoin, tandis que le dos dramatiquement bas et incurv\u00e9 et les boutons d\u00e9licats donnent du corps \u00e0 la robe.\" \/>\n<meta name=\"robots\" content=\"index, follow, max-snippet:-1, max-image-preview:large, max-video-preview:-1\" \/>\n<link rel=\"canonical\" href=\"https:\/\/www.koonings.com\/fr\/product\/enzoani-love-collection-catalina\/\" \/>\n<meta property=\"og:locale\" content=\"fr_FR\" \/>\n<meta property=\"og:type\" content=\"article\" \/>\n<meta property=\"og:title\" content=\"Enzoani Love Collection Catalina | Koonings\" \/>\n<meta property=\"og:description\" content=\"\u00c9l\u00e9gante et intemporelle, cette robe sir\u00e8ne flatteuse ne manquera pas de mettre en valeur vos plus beaux atouts. Cette robe de mari\u00e9e minimaliste pr\u00e9sente un d\u00e9collet\u00e9 en V profond avec illusion, des d\u00e9coupes lat\u00e9rales et des coutures artistiques qui dessinent les contours du corps. Les larges bretelles vous apportent le soutien dont vous avez besoin, tandis que le dos dramatiquement bas et incurv\u00e9 et les boutons d\u00e9licats donnent du corps \u00e0 la robe.\" \/>\n<meta property=\"og:url\" content=\"https:\/\/www.koonings.com\/fr\/product\/enzoani-love-collection-catalina\/\" \/>\n<meta property=\"og:site_name\" content=\"Koonings\" \/>\n<meta property=\"article:publisher\" content=\"https:\/\/www.facebook.com\/kooningstheweddingpalace\" \/>\n<meta property=\"article:modified_time\" content=\"2026-02-03T18:35:29+00:00\" \/>\n<meta property=\"og:image\" content=\"https:\/\/www.koonings.com\/wp-content\/uploads\/2024\/11\/38733_8af2774c4dc036b60b681f671f65d6f1fa823e88f66397a1c538c0082af518c8a2cb874d.jpeg\" \/>\n\t<meta property=\"og:image:width\" content=\"1035\" \/>\n\t<meta property=\"og:image:height\" content=\"1380\" \/>\n\t<meta property=\"og:image:type\" content=\"image\/jpeg\" \/>\n<meta name=\"twitter:card\" content=\"summary_large_image\" \/>\n<script type=\"application\/ld+json\" class=\"yoast-schema-graph\">{\"@context\":\"https:\\\/\\\/schema.org\",\"@graph\":[{\"@type\":\"WebPage\",\"@id\":\"https:\\\/\\\/www.koonings.com\\\/fr\\\/product\\\/enzoani-love-collection-catalina\\\/\",\"url\":\"https:\\\/\\\/www.koonings.com\\\/fr\\\/product\\\/enzoani-love-collection-catalina\\\/\",\"name\":\"Enzoani Love Collection Catalina | Koonings\",\"isPartOf\":{\"@id\":\"https:\\\/\\\/www.koonings.com\\\/fr\\\/#website\"},\"primaryImageOfPage\":{\"@id\":\"https:\\\/\\\/www.koonings.com\\\/fr\\\/product\\\/enzoani-love-collection-catalina\\\/#primaryimage\"},\"image\":{\"@id\":\"https:\\\/\\\/www.koonings.com\\\/fr\\\/product\\\/enzoani-love-collection-catalina\\\/#primaryimage\"},\"thumbnailUrl\":\"https:\\\/\\\/www.koonings.com\\\/wp-content\\\/uploads\\\/2024\\\/11\\\/38733_8af2774c4dc036b60b681f671f65d6f1fa823e88f66397a1c538c0082af518c8a2cb874d.jpeg\",\"datePublished\":\"2025-12-14T23:16:32+00:00\",\"dateModified\":\"2026-02-03T18:35:29+00:00\",\"description\":\"\u00c9l\u00e9gante et intemporelle, cette robe sir\u00e8ne flatteuse ne manquera pas de mettre en valeur vos plus beaux atouts. Cette robe de mari\u00e9e minimaliste pr\u00e9sente un d\u00e9collet\u00e9 en V profond avec illusion, des d\u00e9coupes lat\u00e9rales et des coutures artistiques qui dessinent les contours du corps. Les larges bretelles vous apportent le soutien dont vous avez besoin, tandis que le dos dramatiquement bas et incurv\u00e9 et les boutons d\u00e9licats donnent du corps \u00e0 la robe.\",\"breadcrumb\":{\"@id\":\"https:\\\/\\\/www.koonings.com\\\/fr\\\/product\\\/enzoani-love-collection-catalina\\\/#breadcrumb\"},\"inLanguage\":\"fr-FR\",\"potentialAction\":[{\"@type\":\"ReadAction\",\"target\":[\"https:\\\/\\\/www.koonings.com\\\/fr\\\/product\\\/enzoani-love-collection-catalina\\\/\"]}]},{\"@type\":\"ImageObject\",\"inLanguage\":\"fr-FR\",\"@id\":\"https:\\\/\\\/www.koonings.com\\\/fr\\\/product\\\/enzoani-love-collection-catalina\\\/#primaryimage\",\"url\":\"https:\\\/\\\/www.koonings.com\\\/wp-content\\\/uploads\\\/2024\\\/11\\\/38733_8af2774c4dc036b60b681f671f65d6f1fa823e88f66397a1c538c0082af518c8a2cb874d.jpeg\",\"contentUrl\":\"https:\\\/\\\/www.koonings.com\\\/wp-content\\\/uploads\\\/2024\\\/11\\\/38733_8af2774c4dc036b60b681f671f65d6f1fa823e88f66397a1c538c0082af518c8a2cb874d.jpeg\",\"width\":1035,\"height\":1380},{\"@type\":\"BreadcrumbList\",\"@id\":\"https:\\\/\\\/www.koonings.com\\\/fr\\\/product\\\/enzoani-love-collection-catalina\\\/#breadcrumb\",\"itemListElement\":[{\"@type\":\"ListItem\",\"position\":1,\"name\":\"Home\",\"item\":\"https:\\\/\\\/www.koonings.com\\\/fr\\\/\"},{\"@type\":\"ListItem\",\"position\":2,\"name\":\"Enzoani Love Collection Catalina\"}]},{\"@type\":\"WebSite\",\"@id\":\"https:\\\/\\\/www.koonings.com\\\/fr\\\/#website\",\"url\":\"https:\\\/\\\/www.koonings.com\\\/fr\\\/\",\"name\":\"Koonings\",\"description\":\"De grootste bruidsmodewinkel ter wereld\",\"publisher\":{\"@id\":\"https:\\\/\\\/www.koonings.com\\\/fr\\\/#organization\"},\"potentialAction\":[{\"@type\":\"SearchAction\",\"target\":{\"@type\":\"EntryPoint\",\"urlTemplate\":\"https:\\\/\\\/www.koonings.com\\\/fr\\\/?s={search_term_string}\"},\"query-input\":{\"@type\":\"PropertyValueSpecification\",\"valueRequired\":true,\"valueName\":\"search_term_string\"}}],\"inLanguage\":\"fr-FR\"},{\"@type\":\"Organization\",\"@id\":\"https:\\\/\\\/www.koonings.com\\\/fr\\\/#organization\",\"name\":\"Koonings\",\"url\":\"https:\\\/\\\/www.koonings.com\\\/fr\\\/\",\"logo\":{\"@type\":\"ImageObject\",\"inLanguage\":\"fr-FR\",\"@id\":\"https:\\\/\\\/www.koonings.com\\\/fr\\\/#\\\/schema\\\/logo\\\/image\\\/\",\"url\":\"https:\\\/\\\/www.koonings.com\\\/wp-content\\\/uploads\\\/2024\\\/07\\\/logo.png\",\"contentUrl\":\"https:\\\/\\\/www.koonings.com\\\/wp-content\\\/uploads\\\/2024\\\/07\\\/logo.png\",\"width\":600,\"height\":428,\"caption\":\"Koonings\"},\"image\":{\"@id\":\"https:\\\/\\\/www.koonings.com\\\/fr\\\/#\\\/schema\\\/logo\\\/image\\\/\"},\"sameAs\":[\"https:\\\/\\\/www.facebook.com\\\/kooningstheweddingpalace\",\"https:\\\/\\\/www.instagram.com\\\/kooningstheweddingpalace\",\"https:\\\/\\\/www.pinterest.com\\\/koonings\",\"https:\\\/\\\/www.youtube.com\\\/kooningstheweddingpalace\"]}]}<\/script>\n<!-- \/ Yoast SEO plugin. -->","yoast_head_json":{"title":"Enzoani Love Collection Catalina | Koonings","description":"\u00c9l\u00e9gante et intemporelle, cette robe sir\u00e8ne flatteuse ne manquera pas de mettre en valeur vos plus beaux atouts. Cette robe de mari\u00e9e minimaliste pr\u00e9sente un d\u00e9collet\u00e9 en V profond avec illusion, des d\u00e9coupes lat\u00e9rales et des coutures artistiques qui dessinent les contours du corps. Les larges bretelles vous apportent le soutien dont vous avez besoin, tandis que le dos dramatiquement bas et incurv\u00e9 et les boutons d\u00e9licats donnent du corps \u00e0 la robe.","robots":{"index":"index","follow":"follow","max-snippet":"max-snippet:-1","max-image-preview":"max-image-preview:large","max-video-preview":"max-video-preview:-1"},"canonical":"https:\/\/www.koonings.com\/fr\/product\/enzoani-love-collection-catalina\/","og_locale":"fr_FR","og_type":"article","og_title":"Enzoani Love Collection Catalina | Koonings","og_description":"\u00c9l\u00e9gante et intemporelle, cette robe sir\u00e8ne flatteuse ne manquera pas de mettre en valeur vos plus beaux atouts. Cette robe de mari\u00e9e minimaliste pr\u00e9sente un d\u00e9collet\u00e9 en V profond avec illusion, des d\u00e9coupes lat\u00e9rales et des coutures artistiques qui dessinent les contours du corps. Les larges bretelles vous apportent le soutien dont vous avez besoin, tandis que le dos dramatiquement bas et incurv\u00e9 et les boutons d\u00e9licats donnent du corps \u00e0 la robe.","og_url":"https:\/\/www.koonings.com\/fr\/product\/enzoani-love-collection-catalina\/","og_site_name":"Koonings","article_publisher":"https:\/\/www.facebook.com\/kooningstheweddingpalace","article_modified_time":"2026-02-03T18:35:29+00:00","og_image":[{"width":1035,"height":1380,"url":"https:\/\/www.koonings.com\/wp-content\/uploads\/2024\/11\/38733_8af2774c4dc036b60b681f671f65d6f1fa823e88f66397a1c538c0082af518c8a2cb874d.jpeg","type":"image\/jpeg"}],"twitter_card":"summary_large_image","schema":{"@context":"https:\/\/schema.org","@graph":[{"@type":"WebPage","@id":"https:\/\/www.koonings.com\/fr\/product\/enzoani-love-collection-catalina\/","url":"https:\/\/www.koonings.com\/fr\/product\/enzoani-love-collection-catalina\/","name":"Enzoani Love Collection Catalina | Koonings","isPartOf":{"@id":"https:\/\/www.koonings.com\/fr\/#website"},"primaryImageOfPage":{"@id":"https:\/\/www.koonings.com\/fr\/product\/enzoani-love-collection-catalina\/#primaryimage"},"image":{"@id":"https:\/\/www.koonings.com\/fr\/product\/enzoani-love-collection-catalina\/#primaryimage"},"thumbnailUrl":"https:\/\/www.koonings.com\/wp-content\/uploads\/2024\/11\/38733_8af2774c4dc036b60b681f671f65d6f1fa823e88f66397a1c538c0082af518c8a2cb874d.jpeg","datePublished":"2025-12-14T23:16:32+00:00","dateModified":"2026-02-03T18:35:29+00:00","description":"\u00c9l\u00e9gante et intemporelle, cette robe sir\u00e8ne flatteuse ne manquera pas de mettre en valeur vos plus beaux atouts. Cette robe de mari\u00e9e minimaliste pr\u00e9sente un d\u00e9collet\u00e9 en V profond avec illusion, des d\u00e9coupes lat\u00e9rales et des coutures artistiques qui dessinent les contours du corps. Les larges bretelles vous apportent le soutien dont vous avez besoin, tandis que le dos dramatiquement bas et incurv\u00e9 et les boutons d\u00e9licats donnent du corps \u00e0 la robe.","breadcrumb":{"@id":"https:\/\/www.koonings.com\/fr\/product\/enzoani-love-collection-catalina\/#breadcrumb"},"inLanguage":"fr-FR","potentialAction":[{"@type":"ReadAction","target":["https:\/\/www.koonings.com\/fr\/product\/enzoani-love-collection-catalina\/"]}]},{"@type":"ImageObject","inLanguage":"fr-FR","@id":"https:\/\/www.koonings.com\/fr\/product\/enzoani-love-collection-catalina\/#primaryimage","url":"https:\/\/www.koonings.com\/wp-content\/uploads\/2024\/11\/38733_8af2774c4dc036b60b681f671f65d6f1fa823e88f66397a1c538c0082af518c8a2cb874d.jpeg","contentUrl":"https:\/\/www.koonings.com\/wp-content\/uploads\/2024\/11\/38733_8af2774c4dc036b60b681f671f65d6f1fa823e88f66397a1c538c0082af518c8a2cb874d.jpeg","width":1035,"height":1380},{"@type":"BreadcrumbList","@id":"https:\/\/www.koonings.com\/fr\/product\/enzoani-love-collection-catalina\/#breadcrumb","itemListElement":[{"@type":"ListItem","position":1,"name":"Home","item":"https:\/\/www.koonings.com\/fr\/"},{"@type":"ListItem","position":2,"name":"Enzoani Love Collection Catalina"}]},{"@type":"WebSite","@id":"https:\/\/www.koonings.com\/fr\/#website","url":"https:\/\/www.koonings.com\/fr\/","name":"Koonings","description":"De grootste bruidsmodewinkel ter wereld","publisher":{"@id":"https:\/\/www.koonings.com\/fr\/#organization"},"potentialAction":[{"@type":"SearchAction","target":{"@type":"EntryPoint","urlTemplate":"https:\/\/www.koonings.com\/fr\/?s={search_term_string}"},"query-input":{"@type":"PropertyValueSpecification","valueRequired":true,"valueName":"search_term_string"}}],"inLanguage":"fr-FR"},{"@type":"Organization","@id":"https:\/\/www.koonings.com\/fr\/#organization","name":"Koonings","url":"https:\/\/www.koonings.com\/fr\/","logo":{"@type":"ImageObject","inLanguage":"fr-FR","@id":"https:\/\/www.koonings.com\/fr\/#\/schema\/logo\/image\/","url":"https:\/\/www.koonings.com\/wp-content\/uploads\/2024\/07\/logo.png","contentUrl":"https:\/\/www.koonings.com\/wp-content\/uploads\/2024\/07\/logo.png","width":600,"height":428,"caption":"Koonings"},"image":{"@id":"https:\/\/www.koonings.com\/fr\/#\/schema\/logo\/image\/"},"sameAs":["https:\/\/www.facebook.com\/kooningstheweddingpalace","https:\/\/www.instagram.com\/kooningstheweddingpalace","https:\/\/www.pinterest.com\/koonings","https:\/\/www.youtube.com\/kooningstheweddingpalace"]}]}},"_links":{"self":[{"href":"https:\/\/www.koonings.com\/fr\/wp-json\/wp\/v2\/product\/78536","targetHints":{"allow":["GET"]}}],"collection":[{"href":"https:\/\/www.koonings.com\/fr\/wp-json\/wp\/v2\/product"}],"about":[{"href":"https:\/\/www.koonings.com\/fr\/wp-json\/wp\/v2\/types\/product"}],"wp:featuredmedia":[{"embeddable":true,"href":"https:\/\/www.koonings.com\/fr\/wp-json\/wp\/v2\/media\/63315"}],"wp:attachment":[{"href":"https:\/\/www.koonings.com\/fr\/wp-json\/wp\/v2\/media?parent=78536"}],"wp:term":[{"taxonomy":"productdetails","embeddable":true,"href":"https:\/\/www.koonings.com\/fr\/wp-json\/wp\/v2\/productdetails?post=78536"},{"taxonomy":"productneck","embeddable":true,"href":"https:\/\/www.koonings.com\/fr\/wp-json\/wp\/v2\/productneck?post=78536"},{"taxonomy":"productcolor","embeddable":true,"href":"https:\/\/www.koonings.com\/fr\/wp-json\/wp\/v2\/productcolor?post=78536"},{"taxonomy":"maat","embeddable":true,"href":"https:\/\/www.koonings.com\/fr\/wp-json\/wp\/v2\/maat?post=78536"},{"taxonomy":"productsupplier","embeddable":true,"href":"https:\/\/www.koonings.com\/fr\/wp-json\/wp\/v2\/productsupplier?post=78536"},{"taxonomy":"productsleeve","embeddable":true,"href":"https:\/\/www.koonings.com\/fr\/wp-json\/wp\/v2\/productsleeve?post=78536"},{"taxonomy":"productcategory","embeddable":true,"href":"https:\/\/www.koonings.com\/fr\/wp-json\/wp\/v2\/productcategory?post=78536"},{"taxonomy":"productsilhouette","embeddable":true,"href":"https:\/\/www.koonings.com\/fr\/wp-json\/wp\/v2\/productsilhouette?post=78536"},{"taxonomy":"productstyle","embeddable":true,"href":"https:\/\/www.koonings.com\/fr\/wp-json\/wp\/v2\/productstyle?post=78536"}],"curies":[{"name":"wp","href":"https:\/\/api.w.org\/{rel}","templated":true}]}}