{"id":78533,"date":"2026-04-21T18:02:07","date_gmt":"2026-04-21T16:02:07","guid":{"rendered":"https:\/\/www.koonings.com\/product\/two-by-rosa-clara-omeya\/"},"modified":"2026-02-16T14:46:19","modified_gmt":"2026-02-16T13:46:19","slug":"two-by-rosa-clara-omeya","status":"publish","type":"product","link":"https:\/\/www.koonings.com\/fr\/product\/two-by-rosa-clara-omeya\/","title":{"rendered":"Deux de Rosa Clara Omeya"},"content":{"rendered":"<p>Omeya est une robe de mari\u00e9e \u00e9l\u00e9gante et sophistiqu\u00e9e qui met parfaitement en valeur les formes f\u00e9minines. Dans une douce couleur ivoire, la robe pr\u00e9sente un d\u00e9collet\u00e9 en V sophistiqu\u00e9 qui met subtilement en valeur le d\u00e9collet\u00e9. La silhouette en ligne A tombe doucement et \u00e9l\u00e9gamment, donnant \u00e0 la robe une touche a\u00e9rienne et intemporelle. Les d\u00e9licates bretelles ajoutent une touche de sophistication suppl\u00e9mentaire sans nuire \u00e0 l&#8217;aspect romantique de la robe. L&#8217;Omeya est le choix id\u00e9al pour la mari\u00e9e qui recherche une robe \u00e9l\u00e9gante et confortable, \u00e0 la fois moderne et classique. Exclusivement disponible chez Koonings The Wedding Palace, cette robe offre un \u00e9quilibre parfait entre romantisme et simplicit\u00e9.     <\/p>\n","protected":false},"featured_media":63362,"template":"","meta":{"_acf_changed":false,"ghostkit_customizer_options":"","ghostkit_custom_css":"","ghostkit_custom_js_head":"","ghostkit_custom_js_foot":"","ghostkit_typography":""},"productdetails":[],"productneck":[356],"productcolor":[392],"maat":[],"productsupplier":[397],"productsleeve":[359],"productcategory":[18],"productsilhouette":[384,389],"productstyle":[369,366],"class_list":["post-78533","product","type-product","status-publish","has-post-thumbnail","hentry","productneck-356","productcolor-392","productsupplier-two-by-rosa-clara","productsleeve-359","productcategory-trouwjurken","productsilhouette-384","productsilhouette-389","productstyle-369","productstyle-366"],"acf":[],"yoast_head":"<!-- This site is optimized with the Yoast SEO plugin v27.3 - https:\/\/yoast.com\/product\/yoast-seo-wordpress\/ -->\n<title>Deux de Rosa Clara Omeya | Koonings<\/title>\n<meta name=\"description\" content=\"Omeya est une robe de mari\u00e9e \u00e9l\u00e9gante et sophistiqu\u00e9e qui met parfaitement en valeur les formes f\u00e9minines. Dans une douce couleur ivoire, la robe pr\u00e9sente un d\u00e9collet\u00e9 en V sophistiqu\u00e9 qui met subtilement en valeur le d\u00e9collet\u00e9. La silhouette en ligne A tombe doucement et \u00e9l\u00e9gamment, donnant \u00e0 la robe une touche a\u00e9rienne et intemporelle. Les d\u00e9licates bretelles ajoutent une touche de sophistication suppl\u00e9mentaire sans nuire \u00e0 l&#039;aspect romantique de la robe. L&#039;Omeya est le choix id\u00e9al pour la mari\u00e9e qui recherche une robe \u00e9l\u00e9gante et confortable, \u00e0 la fois moderne et classique. Exclusivement disponible chez Koonings The Wedding Palace, cette robe offre un \u00e9quilibre parfait entre romantisme et simplicit\u00e9.\" \/>\n<meta name=\"robots\" content=\"index, follow, max-snippet:-1, max-image-preview:large, max-video-preview:-1\" \/>\n<link rel=\"canonical\" href=\"https:\/\/www.koonings.com\/fr\/product\/two-by-rosa-clara-omeya\/\" \/>\n<meta property=\"og:locale\" content=\"fr_FR\" \/>\n<meta property=\"og:type\" content=\"article\" \/>\n<meta property=\"og:title\" content=\"Deux de Rosa Clara Omeya | Koonings\" \/>\n<meta property=\"og:description\" content=\"Omeya est une robe de mari\u00e9e \u00e9l\u00e9gante et sophistiqu\u00e9e qui met parfaitement en valeur les formes f\u00e9minines. Dans une douce couleur ivoire, la robe pr\u00e9sente un d\u00e9collet\u00e9 en V sophistiqu\u00e9 qui met subtilement en valeur le d\u00e9collet\u00e9. La silhouette en ligne A tombe doucement et \u00e9l\u00e9gamment, donnant \u00e0 la robe une touche a\u00e9rienne et intemporelle. Les d\u00e9licates bretelles ajoutent une touche de sophistication suppl\u00e9mentaire sans nuire \u00e0 l&#039;aspect romantique de la robe. L&#039;Omeya est le choix id\u00e9al pour la mari\u00e9e qui recherche une robe \u00e9l\u00e9gante et confortable, \u00e0 la fois moderne et classique. Exclusivement disponible chez Koonings The Wedding Palace, cette robe offre un \u00e9quilibre parfait entre romantisme et simplicit\u00e9.\" \/>\n<meta property=\"og:url\" content=\"https:\/\/www.koonings.com\/fr\/product\/two-by-rosa-clara-omeya\/\" \/>\n<meta property=\"og:site_name\" content=\"Koonings\" \/>\n<meta property=\"article:publisher\" content=\"https:\/\/www.facebook.com\/kooningstheweddingpalace\" \/>\n<meta property=\"og:image\" content=\"https:\/\/www.koonings.com\/wp-content\/uploads\/2024\/11\/105_c173b39e7bca35ea450e0886d701fd2bc0bb3d621f2efb5996b348d0480492aa89c32df2-scaled.jpeg\" \/>\n\t<meta property=\"og:image:width\" content=\"1810\" \/>\n\t<meta property=\"og:image:height\" content=\"2560\" \/>\n\t<meta property=\"og:image:type\" content=\"image\/jpeg\" \/>\n<meta name=\"twitter:card\" content=\"summary_large_image\" \/>\n<meta name=\"twitter:label1\" content=\"Dur\u00e9e de lecture estim\u00e9e\" \/>\n\t<meta name=\"twitter:data1\" content=\"1 minute\" \/>\n<script type=\"application\/ld+json\" class=\"yoast-schema-graph\">{\"@context\":\"https:\\\/\\\/schema.org\",\"@graph\":[{\"@type\":\"WebPage\",\"@id\":\"https:\\\/\\\/www.koonings.com\\\/fr\\\/product\\\/two-by-rosa-clara-omeya\\\/\",\"url\":\"https:\\\/\\\/www.koonings.com\\\/fr\\\/product\\\/two-by-rosa-clara-omeya\\\/\",\"name\":\"Deux de Rosa Clara Omeya | Koonings\",\"isPartOf\":{\"@id\":\"https:\\\/\\\/www.koonings.com\\\/fr\\\/#website\"},\"primaryImageOfPage\":{\"@id\":\"https:\\\/\\\/www.koonings.com\\\/fr\\\/product\\\/two-by-rosa-clara-omeya\\\/#primaryimage\"},\"image\":{\"@id\":\"https:\\\/\\\/www.koonings.com\\\/fr\\\/product\\\/two-by-rosa-clara-omeya\\\/#primaryimage\"},\"thumbnailUrl\":\"https:\\\/\\\/www.koonings.com\\\/wp-content\\\/uploads\\\/2024\\\/11\\\/105_c173b39e7bca35ea450e0886d701fd2bc0bb3d621f2efb5996b348d0480492aa89c32df2-scaled.jpeg\",\"datePublished\":\"2026-04-21T16:02:07+00:00\",\"description\":\"Omeya est une robe de mari\u00e9e \u00e9l\u00e9gante et sophistiqu\u00e9e qui met parfaitement en valeur les formes f\u00e9minines. Dans une douce couleur ivoire, la robe pr\u00e9sente un d\u00e9collet\u00e9 en V sophistiqu\u00e9 qui met subtilement en valeur le d\u00e9collet\u00e9. La silhouette en ligne A tombe doucement et \u00e9l\u00e9gamment, donnant \u00e0 la robe une touche a\u00e9rienne et intemporelle. Les d\u00e9licates bretelles ajoutent une touche de sophistication suppl\u00e9mentaire sans nuire \u00e0 l'aspect romantique de la robe. L'Omeya est le choix id\u00e9al pour la mari\u00e9e qui recherche une robe \u00e9l\u00e9gante et confortable, \u00e0 la fois moderne et classique. Exclusivement disponible chez Koonings The Wedding Palace, cette robe offre un \u00e9quilibre parfait entre romantisme et simplicit\u00e9.\",\"breadcrumb\":{\"@id\":\"https:\\\/\\\/www.koonings.com\\\/fr\\\/product\\\/two-by-rosa-clara-omeya\\\/#breadcrumb\"},\"inLanguage\":\"fr-FR\",\"potentialAction\":[{\"@type\":\"ReadAction\",\"target\":[\"https:\\\/\\\/www.koonings.com\\\/fr\\\/product\\\/two-by-rosa-clara-omeya\\\/\"]}]},{\"@type\":\"ImageObject\",\"inLanguage\":\"fr-FR\",\"@id\":\"https:\\\/\\\/www.koonings.com\\\/fr\\\/product\\\/two-by-rosa-clara-omeya\\\/#primaryimage\",\"url\":\"https:\\\/\\\/www.koonings.com\\\/wp-content\\\/uploads\\\/2024\\\/11\\\/105_c173b39e7bca35ea450e0886d701fd2bc0bb3d621f2efb5996b348d0480492aa89c32df2-scaled.jpeg\",\"contentUrl\":\"https:\\\/\\\/www.koonings.com\\\/wp-content\\\/uploads\\\/2024\\\/11\\\/105_c173b39e7bca35ea450e0886d701fd2bc0bb3d621f2efb5996b348d0480492aa89c32df2-scaled.jpeg\",\"width\":1810,\"height\":2560},{\"@type\":\"BreadcrumbList\",\"@id\":\"https:\\\/\\\/www.koonings.com\\\/fr\\\/product\\\/two-by-rosa-clara-omeya\\\/#breadcrumb\",\"itemListElement\":[{\"@type\":\"ListItem\",\"position\":1,\"name\":\"Home\",\"item\":\"https:\\\/\\\/www.koonings.com\\\/fr\\\/\"},{\"@type\":\"ListItem\",\"position\":2,\"name\":\"Deux de Rosa Clara Omeya\"}]},{\"@type\":\"WebSite\",\"@id\":\"https:\\\/\\\/www.koonings.com\\\/fr\\\/#website\",\"url\":\"https:\\\/\\\/www.koonings.com\\\/fr\\\/\",\"name\":\"Koonings\",\"description\":\"De grootste bruidsmodewinkel ter wereld\",\"publisher\":{\"@id\":\"https:\\\/\\\/www.koonings.com\\\/fr\\\/#organization\"},\"potentialAction\":[{\"@type\":\"SearchAction\",\"target\":{\"@type\":\"EntryPoint\",\"urlTemplate\":\"https:\\\/\\\/www.koonings.com\\\/fr\\\/?s={search_term_string}\"},\"query-input\":{\"@type\":\"PropertyValueSpecification\",\"valueRequired\":true,\"valueName\":\"search_term_string\"}}],\"inLanguage\":\"fr-FR\"},{\"@type\":\"Organization\",\"@id\":\"https:\\\/\\\/www.koonings.com\\\/fr\\\/#organization\",\"name\":\"Koonings\",\"url\":\"https:\\\/\\\/www.koonings.com\\\/fr\\\/\",\"logo\":{\"@type\":\"ImageObject\",\"inLanguage\":\"fr-FR\",\"@id\":\"https:\\\/\\\/www.koonings.com\\\/fr\\\/#\\\/schema\\\/logo\\\/image\\\/\",\"url\":\"https:\\\/\\\/www.koonings.com\\\/wp-content\\\/uploads\\\/2024\\\/07\\\/logo.png\",\"contentUrl\":\"https:\\\/\\\/www.koonings.com\\\/wp-content\\\/uploads\\\/2024\\\/07\\\/logo.png\",\"width\":600,\"height\":428,\"caption\":\"Koonings\"},\"image\":{\"@id\":\"https:\\\/\\\/www.koonings.com\\\/fr\\\/#\\\/schema\\\/logo\\\/image\\\/\"},\"sameAs\":[\"https:\\\/\\\/www.facebook.com\\\/kooningstheweddingpalace\",\"https:\\\/\\\/www.instagram.com\\\/kooningstheweddingpalace\",\"https:\\\/\\\/www.pinterest.com\\\/koonings\",\"https:\\\/\\\/www.youtube.com\\\/kooningstheweddingpalace\"]}]}<\/script>\n<!-- \/ Yoast SEO plugin. -->","yoast_head_json":{"title":"Deux de Rosa Clara Omeya | Koonings","description":"Omeya est une robe de mari\u00e9e \u00e9l\u00e9gante et sophistiqu\u00e9e qui met parfaitement en valeur les formes f\u00e9minines. Dans une douce couleur ivoire, la robe pr\u00e9sente un d\u00e9collet\u00e9 en V sophistiqu\u00e9 qui met subtilement en valeur le d\u00e9collet\u00e9. La silhouette en ligne A tombe doucement et \u00e9l\u00e9gamment, donnant \u00e0 la robe une touche a\u00e9rienne et intemporelle. Les d\u00e9licates bretelles ajoutent une touche de sophistication suppl\u00e9mentaire sans nuire \u00e0 l'aspect romantique de la robe. L'Omeya est le choix id\u00e9al pour la mari\u00e9e qui recherche une robe \u00e9l\u00e9gante et confortable, \u00e0 la fois moderne et classique. Exclusivement disponible chez Koonings The Wedding Palace, cette robe offre un \u00e9quilibre parfait entre romantisme et simplicit\u00e9.","robots":{"index":"index","follow":"follow","max-snippet":"max-snippet:-1","max-image-preview":"max-image-preview:large","max-video-preview":"max-video-preview:-1"},"canonical":"https:\/\/www.koonings.com\/fr\/product\/two-by-rosa-clara-omeya\/","og_locale":"fr_FR","og_type":"article","og_title":"Deux de Rosa Clara Omeya | Koonings","og_description":"Omeya est une robe de mari\u00e9e \u00e9l\u00e9gante et sophistiqu\u00e9e qui met parfaitement en valeur les formes f\u00e9minines. Dans une douce couleur ivoire, la robe pr\u00e9sente un d\u00e9collet\u00e9 en V sophistiqu\u00e9 qui met subtilement en valeur le d\u00e9collet\u00e9. La silhouette en ligne A tombe doucement et \u00e9l\u00e9gamment, donnant \u00e0 la robe une touche a\u00e9rienne et intemporelle. Les d\u00e9licates bretelles ajoutent une touche de sophistication suppl\u00e9mentaire sans nuire \u00e0 l'aspect romantique de la robe. L'Omeya est le choix id\u00e9al pour la mari\u00e9e qui recherche une robe \u00e9l\u00e9gante et confortable, \u00e0 la fois moderne et classique. Exclusivement disponible chez Koonings The Wedding Palace, cette robe offre un \u00e9quilibre parfait entre romantisme et simplicit\u00e9.","og_url":"https:\/\/www.koonings.com\/fr\/product\/two-by-rosa-clara-omeya\/","og_site_name":"Koonings","article_publisher":"https:\/\/www.facebook.com\/kooningstheweddingpalace","og_image":[{"width":1810,"height":2560,"url":"https:\/\/www.koonings.com\/wp-content\/uploads\/2024\/11\/105_c173b39e7bca35ea450e0886d701fd2bc0bb3d621f2efb5996b348d0480492aa89c32df2-scaled.jpeg","type":"image\/jpeg"}],"twitter_card":"summary_large_image","twitter_misc":{"Dur\u00e9e de lecture estim\u00e9e":"1 minute"},"schema":{"@context":"https:\/\/schema.org","@graph":[{"@type":"WebPage","@id":"https:\/\/www.koonings.com\/fr\/product\/two-by-rosa-clara-omeya\/","url":"https:\/\/www.koonings.com\/fr\/product\/two-by-rosa-clara-omeya\/","name":"Deux de Rosa Clara Omeya | Koonings","isPartOf":{"@id":"https:\/\/www.koonings.com\/fr\/#website"},"primaryImageOfPage":{"@id":"https:\/\/www.koonings.com\/fr\/product\/two-by-rosa-clara-omeya\/#primaryimage"},"image":{"@id":"https:\/\/www.koonings.com\/fr\/product\/two-by-rosa-clara-omeya\/#primaryimage"},"thumbnailUrl":"https:\/\/www.koonings.com\/wp-content\/uploads\/2024\/11\/105_c173b39e7bca35ea450e0886d701fd2bc0bb3d621f2efb5996b348d0480492aa89c32df2-scaled.jpeg","datePublished":"2026-04-21T16:02:07+00:00","description":"Omeya est une robe de mari\u00e9e \u00e9l\u00e9gante et sophistiqu\u00e9e qui met parfaitement en valeur les formes f\u00e9minines. Dans une douce couleur ivoire, la robe pr\u00e9sente un d\u00e9collet\u00e9 en V sophistiqu\u00e9 qui met subtilement en valeur le d\u00e9collet\u00e9. La silhouette en ligne A tombe doucement et \u00e9l\u00e9gamment, donnant \u00e0 la robe une touche a\u00e9rienne et intemporelle. Les d\u00e9licates bretelles ajoutent une touche de sophistication suppl\u00e9mentaire sans nuire \u00e0 l'aspect romantique de la robe. L'Omeya est le choix id\u00e9al pour la mari\u00e9e qui recherche une robe \u00e9l\u00e9gante et confortable, \u00e0 la fois moderne et classique. Exclusivement disponible chez Koonings The Wedding Palace, cette robe offre un \u00e9quilibre parfait entre romantisme et simplicit\u00e9.","breadcrumb":{"@id":"https:\/\/www.koonings.com\/fr\/product\/two-by-rosa-clara-omeya\/#breadcrumb"},"inLanguage":"fr-FR","potentialAction":[{"@type":"ReadAction","target":["https:\/\/www.koonings.com\/fr\/product\/two-by-rosa-clara-omeya\/"]}]},{"@type":"ImageObject","inLanguage":"fr-FR","@id":"https:\/\/www.koonings.com\/fr\/product\/two-by-rosa-clara-omeya\/#primaryimage","url":"https:\/\/www.koonings.com\/wp-content\/uploads\/2024\/11\/105_c173b39e7bca35ea450e0886d701fd2bc0bb3d621f2efb5996b348d0480492aa89c32df2-scaled.jpeg","contentUrl":"https:\/\/www.koonings.com\/wp-content\/uploads\/2024\/11\/105_c173b39e7bca35ea450e0886d701fd2bc0bb3d621f2efb5996b348d0480492aa89c32df2-scaled.jpeg","width":1810,"height":2560},{"@type":"BreadcrumbList","@id":"https:\/\/www.koonings.com\/fr\/product\/two-by-rosa-clara-omeya\/#breadcrumb","itemListElement":[{"@type":"ListItem","position":1,"name":"Home","item":"https:\/\/www.koonings.com\/fr\/"},{"@type":"ListItem","position":2,"name":"Deux de Rosa Clara Omeya"}]},{"@type":"WebSite","@id":"https:\/\/www.koonings.com\/fr\/#website","url":"https:\/\/www.koonings.com\/fr\/","name":"Koonings","description":"De grootste bruidsmodewinkel ter wereld","publisher":{"@id":"https:\/\/www.koonings.com\/fr\/#organization"},"potentialAction":[{"@type":"SearchAction","target":{"@type":"EntryPoint","urlTemplate":"https:\/\/www.koonings.com\/fr\/?s={search_term_string}"},"query-input":{"@type":"PropertyValueSpecification","valueRequired":true,"valueName":"search_term_string"}}],"inLanguage":"fr-FR"},{"@type":"Organization","@id":"https:\/\/www.koonings.com\/fr\/#organization","name":"Koonings","url":"https:\/\/www.koonings.com\/fr\/","logo":{"@type":"ImageObject","inLanguage":"fr-FR","@id":"https:\/\/www.koonings.com\/fr\/#\/schema\/logo\/image\/","url":"https:\/\/www.koonings.com\/wp-content\/uploads\/2024\/07\/logo.png","contentUrl":"https:\/\/www.koonings.com\/wp-content\/uploads\/2024\/07\/logo.png","width":600,"height":428,"caption":"Koonings"},"image":{"@id":"https:\/\/www.koonings.com\/fr\/#\/schema\/logo\/image\/"},"sameAs":["https:\/\/www.facebook.com\/kooningstheweddingpalace","https:\/\/www.instagram.com\/kooningstheweddingpalace","https:\/\/www.pinterest.com\/koonings","https:\/\/www.youtube.com\/kooningstheweddingpalace"]}]}},"_links":{"self":[{"href":"https:\/\/www.koonings.com\/fr\/wp-json\/wp\/v2\/product\/78533","targetHints":{"allow":["GET"]}}],"collection":[{"href":"https:\/\/www.koonings.com\/fr\/wp-json\/wp\/v2\/product"}],"about":[{"href":"https:\/\/www.koonings.com\/fr\/wp-json\/wp\/v2\/types\/product"}],"wp:featuredmedia":[{"embeddable":true,"href":"https:\/\/www.koonings.com\/fr\/wp-json\/wp\/v2\/media\/63362"}],"wp:attachment":[{"href":"https:\/\/www.koonings.com\/fr\/wp-json\/wp\/v2\/media?parent=78533"}],"wp:term":[{"taxonomy":"productdetails","embeddable":true,"href":"https:\/\/www.koonings.com\/fr\/wp-json\/wp\/v2\/productdetails?post=78533"},{"taxonomy":"productneck","embeddable":true,"href":"https:\/\/www.koonings.com\/fr\/wp-json\/wp\/v2\/productneck?post=78533"},{"taxonomy":"productcolor","embeddable":true,"href":"https:\/\/www.koonings.com\/fr\/wp-json\/wp\/v2\/productcolor?post=78533"},{"taxonomy":"maat","embeddable":true,"href":"https:\/\/www.koonings.com\/fr\/wp-json\/wp\/v2\/maat?post=78533"},{"taxonomy":"productsupplier","embeddable":true,"href":"https:\/\/www.koonings.com\/fr\/wp-json\/wp\/v2\/productsupplier?post=78533"},{"taxonomy":"productsleeve","embeddable":true,"href":"https:\/\/www.koonings.com\/fr\/wp-json\/wp\/v2\/productsleeve?post=78533"},{"taxonomy":"productcategory","embeddable":true,"href":"https:\/\/www.koonings.com\/fr\/wp-json\/wp\/v2\/productcategory?post=78533"},{"taxonomy":"productsilhouette","embeddable":true,"href":"https:\/\/www.koonings.com\/fr\/wp-json\/wp\/v2\/productsilhouette?post=78533"},{"taxonomy":"productstyle","embeddable":true,"href":"https:\/\/www.koonings.com\/fr\/wp-json\/wp\/v2\/productstyle?post=78533"}],"curies":[{"name":"wp","href":"https:\/\/api.w.org\/{rel}","templated":true}]}}