{"id":78532,"date":"2026-03-27T16:02:06","date_gmt":"2026-03-27T15:02:06","guid":{"rendered":"https:\/\/www.koonings.com\/product\/two-by-rosa-clara-eco\/"},"modified":"2026-02-16T14:46:16","modified_gmt":"2026-02-16T13:46:16","slug":"two-by-rosa-clara-eco","status":"publish","type":"product","link":"https:\/\/www.koonings.com\/fr\/product\/two-by-rosa-clara-eco\/","title":{"rendered":"Deux de Rosa Clara Eco"},"content":{"rendered":"<p>Eco est une robe de mari\u00e9e \u00e9blouissante qui trouve l&#8217;\u00e9quilibre parfait entre l&#8217;\u00e9l\u00e9gance classique et le charme romantique. Dans une douce couleur ivoire, cette robe pr\u00e9sente un d\u00e9collet\u00e9 en c\u0153ur ferm\u00e9 qui donne une allure sophistiqu\u00e9e et moderne, tout en accentuant subtilement les formes f\u00e9minines. La silhouette en A tombe doucement sur le corps, cr\u00e9ant une allure l\u00e9g\u00e8re et a\u00e9r\u00e9e, parfaite pour un mariage romantique. Les bretelles conf\u00e8rent \u00e0 la robe une touche d&#8217;\u00e9l\u00e9gance suppl\u00e9mentaire sans nuire \u00e0 son aspect intemporel. L&#8217;Eco est le choix id\u00e9al pour la mari\u00e9e qui recherche une robe classique mais contemporaine. Exclusivement disponible chez Koonings The Wedding Palace, cette robe offre une combinaison parfaite de sophistication, de romantisme et de confort.     <\/p>\n","protected":false},"featured_media":63332,"template":"","meta":{"_acf_changed":false,"ghostkit_customizer_options":"","ghostkit_custom_css":"","ghostkit_custom_js_head":"","ghostkit_custom_js_foot":"","ghostkit_typography":""},"productdetails":[],"productneck":[350,355],"productcolor":[392],"maat":[],"productsupplier":[397],"productsleeve":[359],"productcategory":[18],"productsilhouette":[384,389],"productstyle":[369,366],"class_list":["post-78532","product","type-product","status-publish","has-post-thumbnail","hentry","productneck-350","productneck-355","productcolor-392","productsupplier-two-by-rosa-clara","productsleeve-359","productcategory-trouwjurken","productsilhouette-384","productsilhouette-389","productstyle-369","productstyle-366"],"acf":[],"yoast_head":"<!-- This site is optimized with the Yoast SEO plugin v26.8 - https:\/\/yoast.com\/product\/yoast-seo-wordpress\/ -->\n<title>Deux de Rosa Clara Eco | Koonings<\/title>\n<meta name=\"description\" content=\"Eco est une robe de mari\u00e9e \u00e9blouissante qui trouve l&#039;\u00e9quilibre parfait entre l&#039;\u00e9l\u00e9gance classique et le charme romantique. Dans une douce couleur ivoire, cette robe pr\u00e9sente un d\u00e9collet\u00e9 en c\u0153ur ferm\u00e9 qui donne une allure sophistiqu\u00e9e et moderne, tout en accentuant subtilement les formes f\u00e9minines. La silhouette en A tombe doucement sur le corps, cr\u00e9ant une allure l\u00e9g\u00e8re et a\u00e9r\u00e9e, parfaite pour un mariage romantique. Les bretelles conf\u00e8rent \u00e0 la robe une touche d&#039;\u00e9l\u00e9gance suppl\u00e9mentaire sans nuire \u00e0 son aspect intemporel. L&#039;Eco est le choix id\u00e9al pour la mari\u00e9e qui recherche une robe classique mais contemporaine. Exclusivement disponible chez Koonings The Wedding Palace, cette robe offre une combinaison parfaite de sophistication, de romantisme et de confort.\" \/>\n<meta name=\"robots\" content=\"index, follow, max-snippet:-1, max-image-preview:large, max-video-preview:-1\" \/>\n<link rel=\"canonical\" href=\"https:\/\/www.koonings.com\/fr\/product\/two-by-rosa-clara-eco\/\" \/>\n<meta property=\"og:locale\" content=\"fr_FR\" \/>\n<meta property=\"og:type\" content=\"article\" \/>\n<meta property=\"og:title\" content=\"Deux de Rosa Clara Eco | Koonings\" \/>\n<meta property=\"og:description\" content=\"Eco est une robe de mari\u00e9e \u00e9blouissante qui trouve l&#039;\u00e9quilibre parfait entre l&#039;\u00e9l\u00e9gance classique et le charme romantique. Dans une douce couleur ivoire, cette robe pr\u00e9sente un d\u00e9collet\u00e9 en c\u0153ur ferm\u00e9 qui donne une allure sophistiqu\u00e9e et moderne, tout en accentuant subtilement les formes f\u00e9minines. La silhouette en A tombe doucement sur le corps, cr\u00e9ant une allure l\u00e9g\u00e8re et a\u00e9r\u00e9e, parfaite pour un mariage romantique. Les bretelles conf\u00e8rent \u00e0 la robe une touche d&#039;\u00e9l\u00e9gance suppl\u00e9mentaire sans nuire \u00e0 son aspect intemporel. L&#039;Eco est le choix id\u00e9al pour la mari\u00e9e qui recherche une robe classique mais contemporaine. Exclusivement disponible chez Koonings The Wedding Palace, cette robe offre une combinaison parfaite de sophistication, de romantisme et de confort.\" \/>\n<meta property=\"og:url\" content=\"https:\/\/www.koonings.com\/fr\/product\/two-by-rosa-clara-eco\/\" \/>\n<meta property=\"og:site_name\" content=\"Koonings\" \/>\n<meta property=\"article:publisher\" content=\"https:\/\/www.facebook.com\/kooningstheweddingpalace\" \/>\n<meta property=\"og:image\" content=\"https:\/\/www.koonings.com\/wp-content\/uploads\/2024\/11\/52_a20c1b0925f2cc6837e03ae3cb2a679370e4b8673b5cbe5b2e8170b8289629be6779efd0.jpeg\" \/>\n\t<meta property=\"og:image:width\" content=\"703\" \/>\n\t<meta property=\"og:image:height\" content=\"907\" \/>\n\t<meta property=\"og:image:type\" content=\"image\/jpeg\" \/>\n<meta name=\"twitter:card\" content=\"summary_large_image\" \/>\n<meta name=\"twitter:label1\" content=\"Dur\u00e9e de lecture estim\u00e9e\" \/>\n\t<meta name=\"twitter:data1\" content=\"1 minute\" \/>\n<script type=\"application\/ld+json\" class=\"yoast-schema-graph\">{\"@context\":\"https:\/\/schema.org\",\"@graph\":[{\"@type\":\"WebPage\",\"@id\":\"https:\/\/www.koonings.com\/fr\/product\/two-by-rosa-clara-eco\/\",\"url\":\"https:\/\/www.koonings.com\/fr\/product\/two-by-rosa-clara-eco\/\",\"name\":\"Deux de Rosa Clara Eco | Koonings\",\"isPartOf\":{\"@id\":\"https:\/\/www.koonings.com\/fr\/#website\"},\"primaryImageOfPage\":{\"@id\":\"https:\/\/www.koonings.com\/fr\/product\/two-by-rosa-clara-eco\/#primaryimage\"},\"image\":{\"@id\":\"https:\/\/www.koonings.com\/fr\/product\/two-by-rosa-clara-eco\/#primaryimage\"},\"thumbnailUrl\":\"https:\/\/www.koonings.com\/wp-content\/uploads\/2024\/11\/52_a20c1b0925f2cc6837e03ae3cb2a679370e4b8673b5cbe5b2e8170b8289629be6779efd0.jpeg\",\"datePublished\":\"2026-03-27T15:02:06+00:00\",\"description\":\"Eco est une robe de mari\u00e9e \u00e9blouissante qui trouve l'\u00e9quilibre parfait entre l'\u00e9l\u00e9gance classique et le charme romantique. Dans une douce couleur ivoire, cette robe pr\u00e9sente un d\u00e9collet\u00e9 en c\u0153ur ferm\u00e9 qui donne une allure sophistiqu\u00e9e et moderne, tout en accentuant subtilement les formes f\u00e9minines. La silhouette en A tombe doucement sur le corps, cr\u00e9ant une allure l\u00e9g\u00e8re et a\u00e9r\u00e9e, parfaite pour un mariage romantique. Les bretelles conf\u00e8rent \u00e0 la robe une touche d'\u00e9l\u00e9gance suppl\u00e9mentaire sans nuire \u00e0 son aspect intemporel. L'Eco est le choix id\u00e9al pour la mari\u00e9e qui recherche une robe classique mais contemporaine. Exclusivement disponible chez Koonings The Wedding Palace, cette robe offre une combinaison parfaite de sophistication, de romantisme et de confort.\",\"breadcrumb\":{\"@id\":\"https:\/\/www.koonings.com\/fr\/product\/two-by-rosa-clara-eco\/#breadcrumb\"},\"inLanguage\":\"fr-FR\",\"potentialAction\":[{\"@type\":\"ReadAction\",\"target\":[\"https:\/\/www.koonings.com\/fr\/product\/two-by-rosa-clara-eco\/\"]}]},{\"@type\":\"ImageObject\",\"inLanguage\":\"fr-FR\",\"@id\":\"https:\/\/www.koonings.com\/fr\/product\/two-by-rosa-clara-eco\/#primaryimage\",\"url\":\"https:\/\/www.koonings.com\/wp-content\/uploads\/2024\/11\/52_a20c1b0925f2cc6837e03ae3cb2a679370e4b8673b5cbe5b2e8170b8289629be6779efd0.jpeg\",\"contentUrl\":\"https:\/\/www.koonings.com\/wp-content\/uploads\/2024\/11\/52_a20c1b0925f2cc6837e03ae3cb2a679370e4b8673b5cbe5b2e8170b8289629be6779efd0.jpeg\",\"width\":703,\"height\":907},{\"@type\":\"BreadcrumbList\",\"@id\":\"https:\/\/www.koonings.com\/fr\/product\/two-by-rosa-clara-eco\/#breadcrumb\",\"itemListElement\":[{\"@type\":\"ListItem\",\"position\":1,\"name\":\"Home\",\"item\":\"https:\/\/www.koonings.com\/fr\/\"},{\"@type\":\"ListItem\",\"position\":2,\"name\":\"Deux de Rosa Clara Eco\"}]},{\"@type\":\"WebSite\",\"@id\":\"https:\/\/www.koonings.com\/fr\/#website\",\"url\":\"https:\/\/www.koonings.com\/fr\/\",\"name\":\"Koonings\",\"description\":\"De grootste bruidsmodewinkel ter wereld\",\"publisher\":{\"@id\":\"https:\/\/www.koonings.com\/fr\/#organization\"},\"potentialAction\":[{\"@type\":\"SearchAction\",\"target\":{\"@type\":\"EntryPoint\",\"urlTemplate\":\"https:\/\/www.koonings.com\/fr\/?s={search_term_string}\"},\"query-input\":{\"@type\":\"PropertyValueSpecification\",\"valueRequired\":true,\"valueName\":\"search_term_string\"}}],\"inLanguage\":\"fr-FR\"},{\"@type\":\"Organization\",\"@id\":\"https:\/\/www.koonings.com\/fr\/#organization\",\"name\":\"Koonings\",\"url\":\"https:\/\/www.koonings.com\/fr\/\",\"logo\":{\"@type\":\"ImageObject\",\"inLanguage\":\"fr-FR\",\"@id\":\"https:\/\/www.koonings.com\/fr\/#\/schema\/logo\/image\/\",\"url\":\"https:\/\/www.koonings.com\/wp-content\/uploads\/2024\/07\/logo.png\",\"contentUrl\":\"https:\/\/www.koonings.com\/wp-content\/uploads\/2024\/07\/logo.png\",\"width\":600,\"height\":428,\"caption\":\"Koonings\"},\"image\":{\"@id\":\"https:\/\/www.koonings.com\/fr\/#\/schema\/logo\/image\/\"},\"sameAs\":[\"https:\/\/www.facebook.com\/kooningstheweddingpalace\",\"https:\/\/www.instagram.com\/kooningstheweddingpalace\",\"https:\/\/www.pinterest.com\/koonings\",\"https:\/\/www.youtube.com\/kooningstheweddingpalace\"]}]}<\/script>\n<!-- \/ Yoast SEO plugin. -->","yoast_head_json":{"title":"Deux de Rosa Clara Eco | Koonings","description":"Eco est une robe de mari\u00e9e \u00e9blouissante qui trouve l'\u00e9quilibre parfait entre l'\u00e9l\u00e9gance classique et le charme romantique. Dans une douce couleur ivoire, cette robe pr\u00e9sente un d\u00e9collet\u00e9 en c\u0153ur ferm\u00e9 qui donne une allure sophistiqu\u00e9e et moderne, tout en accentuant subtilement les formes f\u00e9minines. La silhouette en A tombe doucement sur le corps, cr\u00e9ant une allure l\u00e9g\u00e8re et a\u00e9r\u00e9e, parfaite pour un mariage romantique. Les bretelles conf\u00e8rent \u00e0 la robe une touche d'\u00e9l\u00e9gance suppl\u00e9mentaire sans nuire \u00e0 son aspect intemporel. L'Eco est le choix id\u00e9al pour la mari\u00e9e qui recherche une robe classique mais contemporaine. Exclusivement disponible chez Koonings The Wedding Palace, cette robe offre une combinaison parfaite de sophistication, de romantisme et de confort.","robots":{"index":"index","follow":"follow","max-snippet":"max-snippet:-1","max-image-preview":"max-image-preview:large","max-video-preview":"max-video-preview:-1"},"canonical":"https:\/\/www.koonings.com\/fr\/product\/two-by-rosa-clara-eco\/","og_locale":"fr_FR","og_type":"article","og_title":"Deux de Rosa Clara Eco | Koonings","og_description":"Eco est une robe de mari\u00e9e \u00e9blouissante qui trouve l'\u00e9quilibre parfait entre l'\u00e9l\u00e9gance classique et le charme romantique. Dans une douce couleur ivoire, cette robe pr\u00e9sente un d\u00e9collet\u00e9 en c\u0153ur ferm\u00e9 qui donne une allure sophistiqu\u00e9e et moderne, tout en accentuant subtilement les formes f\u00e9minines. La silhouette en A tombe doucement sur le corps, cr\u00e9ant une allure l\u00e9g\u00e8re et a\u00e9r\u00e9e, parfaite pour un mariage romantique. Les bretelles conf\u00e8rent \u00e0 la robe une touche d'\u00e9l\u00e9gance suppl\u00e9mentaire sans nuire \u00e0 son aspect intemporel. L'Eco est le choix id\u00e9al pour la mari\u00e9e qui recherche une robe classique mais contemporaine. Exclusivement disponible chez Koonings The Wedding Palace, cette robe offre une combinaison parfaite de sophistication, de romantisme et de confort.","og_url":"https:\/\/www.koonings.com\/fr\/product\/two-by-rosa-clara-eco\/","og_site_name":"Koonings","article_publisher":"https:\/\/www.facebook.com\/kooningstheweddingpalace","og_image":[{"width":703,"height":907,"url":"https:\/\/www.koonings.com\/wp-content\/uploads\/2024\/11\/52_a20c1b0925f2cc6837e03ae3cb2a679370e4b8673b5cbe5b2e8170b8289629be6779efd0.jpeg","type":"image\/jpeg"}],"twitter_card":"summary_large_image","twitter_misc":{"Dur\u00e9e de lecture estim\u00e9e":"1 minute"},"schema":{"@context":"https:\/\/schema.org","@graph":[{"@type":"WebPage","@id":"https:\/\/www.koonings.com\/fr\/product\/two-by-rosa-clara-eco\/","url":"https:\/\/www.koonings.com\/fr\/product\/two-by-rosa-clara-eco\/","name":"Deux de Rosa Clara Eco | Koonings","isPartOf":{"@id":"https:\/\/www.koonings.com\/fr\/#website"},"primaryImageOfPage":{"@id":"https:\/\/www.koonings.com\/fr\/product\/two-by-rosa-clara-eco\/#primaryimage"},"image":{"@id":"https:\/\/www.koonings.com\/fr\/product\/two-by-rosa-clara-eco\/#primaryimage"},"thumbnailUrl":"https:\/\/www.koonings.com\/wp-content\/uploads\/2024\/11\/52_a20c1b0925f2cc6837e03ae3cb2a679370e4b8673b5cbe5b2e8170b8289629be6779efd0.jpeg","datePublished":"2026-03-27T15:02:06+00:00","description":"Eco est une robe de mari\u00e9e \u00e9blouissante qui trouve l'\u00e9quilibre parfait entre l'\u00e9l\u00e9gance classique et le charme romantique. Dans une douce couleur ivoire, cette robe pr\u00e9sente un d\u00e9collet\u00e9 en c\u0153ur ferm\u00e9 qui donne une allure sophistiqu\u00e9e et moderne, tout en accentuant subtilement les formes f\u00e9minines. La silhouette en A tombe doucement sur le corps, cr\u00e9ant une allure l\u00e9g\u00e8re et a\u00e9r\u00e9e, parfaite pour un mariage romantique. Les bretelles conf\u00e8rent \u00e0 la robe une touche d'\u00e9l\u00e9gance suppl\u00e9mentaire sans nuire \u00e0 son aspect intemporel. L'Eco est le choix id\u00e9al pour la mari\u00e9e qui recherche une robe classique mais contemporaine. Exclusivement disponible chez Koonings The Wedding Palace, cette robe offre une combinaison parfaite de sophistication, de romantisme et de confort.","breadcrumb":{"@id":"https:\/\/www.koonings.com\/fr\/product\/two-by-rosa-clara-eco\/#breadcrumb"},"inLanguage":"fr-FR","potentialAction":[{"@type":"ReadAction","target":["https:\/\/www.koonings.com\/fr\/product\/two-by-rosa-clara-eco\/"]}]},{"@type":"ImageObject","inLanguage":"fr-FR","@id":"https:\/\/www.koonings.com\/fr\/product\/two-by-rosa-clara-eco\/#primaryimage","url":"https:\/\/www.koonings.com\/wp-content\/uploads\/2024\/11\/52_a20c1b0925f2cc6837e03ae3cb2a679370e4b8673b5cbe5b2e8170b8289629be6779efd0.jpeg","contentUrl":"https:\/\/www.koonings.com\/wp-content\/uploads\/2024\/11\/52_a20c1b0925f2cc6837e03ae3cb2a679370e4b8673b5cbe5b2e8170b8289629be6779efd0.jpeg","width":703,"height":907},{"@type":"BreadcrumbList","@id":"https:\/\/www.koonings.com\/fr\/product\/two-by-rosa-clara-eco\/#breadcrumb","itemListElement":[{"@type":"ListItem","position":1,"name":"Home","item":"https:\/\/www.koonings.com\/fr\/"},{"@type":"ListItem","position":2,"name":"Deux de Rosa Clara Eco"}]},{"@type":"WebSite","@id":"https:\/\/www.koonings.com\/fr\/#website","url":"https:\/\/www.koonings.com\/fr\/","name":"Koonings","description":"De grootste bruidsmodewinkel ter wereld","publisher":{"@id":"https:\/\/www.koonings.com\/fr\/#organization"},"potentialAction":[{"@type":"SearchAction","target":{"@type":"EntryPoint","urlTemplate":"https:\/\/www.koonings.com\/fr\/?s={search_term_string}"},"query-input":{"@type":"PropertyValueSpecification","valueRequired":true,"valueName":"search_term_string"}}],"inLanguage":"fr-FR"},{"@type":"Organization","@id":"https:\/\/www.koonings.com\/fr\/#organization","name":"Koonings","url":"https:\/\/www.koonings.com\/fr\/","logo":{"@type":"ImageObject","inLanguage":"fr-FR","@id":"https:\/\/www.koonings.com\/fr\/#\/schema\/logo\/image\/","url":"https:\/\/www.koonings.com\/wp-content\/uploads\/2024\/07\/logo.png","contentUrl":"https:\/\/www.koonings.com\/wp-content\/uploads\/2024\/07\/logo.png","width":600,"height":428,"caption":"Koonings"},"image":{"@id":"https:\/\/www.koonings.com\/fr\/#\/schema\/logo\/image\/"},"sameAs":["https:\/\/www.facebook.com\/kooningstheweddingpalace","https:\/\/www.instagram.com\/kooningstheweddingpalace","https:\/\/www.pinterest.com\/koonings","https:\/\/www.youtube.com\/kooningstheweddingpalace"]}]}},"_links":{"self":[{"href":"https:\/\/www.koonings.com\/fr\/wp-json\/wp\/v2\/product\/78532","targetHints":{"allow":["GET"]}}],"collection":[{"href":"https:\/\/www.koonings.com\/fr\/wp-json\/wp\/v2\/product"}],"about":[{"href":"https:\/\/www.koonings.com\/fr\/wp-json\/wp\/v2\/types\/product"}],"wp:featuredmedia":[{"embeddable":true,"href":"https:\/\/www.koonings.com\/fr\/wp-json\/wp\/v2\/media\/63332"}],"wp:attachment":[{"href":"https:\/\/www.koonings.com\/fr\/wp-json\/wp\/v2\/media?parent=78532"}],"wp:term":[{"taxonomy":"productdetails","embeddable":true,"href":"https:\/\/www.koonings.com\/fr\/wp-json\/wp\/v2\/productdetails?post=78532"},{"taxonomy":"productneck","embeddable":true,"href":"https:\/\/www.koonings.com\/fr\/wp-json\/wp\/v2\/productneck?post=78532"},{"taxonomy":"productcolor","embeddable":true,"href":"https:\/\/www.koonings.com\/fr\/wp-json\/wp\/v2\/productcolor?post=78532"},{"taxonomy":"maat","embeddable":true,"href":"https:\/\/www.koonings.com\/fr\/wp-json\/wp\/v2\/maat?post=78532"},{"taxonomy":"productsupplier","embeddable":true,"href":"https:\/\/www.koonings.com\/fr\/wp-json\/wp\/v2\/productsupplier?post=78532"},{"taxonomy":"productsleeve","embeddable":true,"href":"https:\/\/www.koonings.com\/fr\/wp-json\/wp\/v2\/productsleeve?post=78532"},{"taxonomy":"productcategory","embeddable":true,"href":"https:\/\/www.koonings.com\/fr\/wp-json\/wp\/v2\/productcategory?post=78532"},{"taxonomy":"productsilhouette","embeddable":true,"href":"https:\/\/www.koonings.com\/fr\/wp-json\/wp\/v2\/productsilhouette?post=78532"},{"taxonomy":"productstyle","embeddable":true,"href":"https:\/\/www.koonings.com\/fr\/wp-json\/wp\/v2\/productstyle?post=78532"}],"curies":[{"name":"wp","href":"https:\/\/api.w.org\/{rel}","templated":true}]}}