{"id":78527,"date":"2025-12-15T00:02:11","date_gmt":"2025-12-14T23:02:11","guid":{"rendered":"https:\/\/www.koonings.com\/product\/two-by-rosa-clara-eva\/"},"modified":"2026-02-03T19:35:33","modified_gmt":"2026-02-03T18:35:33","slug":"two-by-rosa-clara-eva","status":"publish","type":"product","link":"https:\/\/www.koonings.com\/fr\/product\/two-by-rosa-clara-eva\/","title":{"rendered":"Deux par Rosa Clara Eva"},"content":{"rendered":"<p>The Two by Rosa Clar\u00e1 Eva est une robe de mari\u00e9e \u00e9poustouflante qui allie parfaitement \u00e9l\u00e9gance classique et romantisme. Cette robe ivoire est dot\u00e9e d&#8217;un superbe d\u00e9collet\u00e9 en c\u0153ur sans bretelles qui met en valeur les formes f\u00e9minines d&#8217;une mani\u00e8re subtile et sophistiqu\u00e9e. La silhouette sir\u00e8ne tombe parfaitement sur le corps et accentue la taille, apr\u00e8s quoi la robe s&#8217;\u00e9vase \u00e9l\u00e9gamment pour un effet dramatique. Ce mod\u00e8le d\u00e9gage une beaut\u00e9 intemporelle et un charme romantique qui enchantera toutes les mari\u00e9es. La robe Eva est id\u00e9ale pour les mari\u00e9es qui recherchent un look \u00e0 la fois classique et moderne pour leur grand jour. Exclusivement disponible chez Koonings The Wedding Palace, cette robe est un choix parfait pour les mari\u00e9es en qu\u00eate de luxe et de sophistication.     <\/p>\n","protected":false},"featured_media":63345,"template":"","meta":{"_acf_changed":false,"ghostkit_customizer_options":"","ghostkit_custom_css":"","ghostkit_custom_js_head":"","ghostkit_custom_js_foot":"","ghostkit_typography":""},"productdetails":[],"productneck":[354,355],"productcolor":[392],"maat":[],"productsupplier":[397],"productsleeve":[],"productcategory":[18],"productsilhouette":[387],"productstyle":[369,366],"class_list":["post-78527","product","type-product","status-publish","has-post-thumbnail","hentry","productneck-354","productneck-355","productcolor-392","productsupplier-two-by-rosa-clara","productcategory-trouwjurken","productsilhouette-387","productstyle-369","productstyle-366"],"acf":[],"yoast_head":"<!-- This site is optimized with the Yoast SEO plugin v27.3 - https:\/\/yoast.com\/product\/yoast-seo-wordpress\/ -->\n<title>Deux par Rosa Clara Eva | Koonings<\/title>\n<meta name=\"description\" content=\"The Two by Rosa Clar\u00e1 Eva est une robe de mari\u00e9e \u00e9poustouflante qui allie parfaitement \u00e9l\u00e9gance classique et romantisme. Cette robe ivoire est dot\u00e9e d&#039;un superbe d\u00e9collet\u00e9 en c\u0153ur sans bretelles qui met en valeur les formes f\u00e9minines d&#039;une mani\u00e8re subtile et sophistiqu\u00e9e. La silhouette sir\u00e8ne tombe parfaitement sur le corps et accentue la taille, apr\u00e8s quoi la robe s&#039;\u00e9vase \u00e9l\u00e9gamment pour un effet dramatique. Ce mod\u00e8le d\u00e9gage une beaut\u00e9 intemporelle et un charme romantique qui enchantera toutes les mari\u00e9es. La robe Eva est id\u00e9ale pour les mari\u00e9es qui recherchent un look \u00e0 la fois classique et moderne pour leur grand jour. Exclusivement disponible chez Koonings The Wedding Palace, cette robe est un choix parfait pour les mari\u00e9es en qu\u00eate de luxe et de sophistication.\" \/>\n<meta name=\"robots\" content=\"index, follow, max-snippet:-1, max-image-preview:large, max-video-preview:-1\" \/>\n<link rel=\"canonical\" href=\"https:\/\/www.koonings.com\/fr\/product\/two-by-rosa-clara-eva\/\" \/>\n<meta property=\"og:locale\" content=\"fr_FR\" \/>\n<meta property=\"og:type\" content=\"article\" \/>\n<meta property=\"og:title\" content=\"Deux par Rosa Clara Eva | Koonings\" \/>\n<meta property=\"og:description\" content=\"The Two by Rosa Clar\u00e1 Eva est une robe de mari\u00e9e \u00e9poustouflante qui allie parfaitement \u00e9l\u00e9gance classique et romantisme. Cette robe ivoire est dot\u00e9e d&#039;un superbe d\u00e9collet\u00e9 en c\u0153ur sans bretelles qui met en valeur les formes f\u00e9minines d&#039;une mani\u00e8re subtile et sophistiqu\u00e9e. La silhouette sir\u00e8ne tombe parfaitement sur le corps et accentue la taille, apr\u00e8s quoi la robe s&#039;\u00e9vase \u00e9l\u00e9gamment pour un effet dramatique. Ce mod\u00e8le d\u00e9gage une beaut\u00e9 intemporelle et un charme romantique qui enchantera toutes les mari\u00e9es. La robe Eva est id\u00e9ale pour les mari\u00e9es qui recherchent un look \u00e0 la fois classique et moderne pour leur grand jour. Exclusivement disponible chez Koonings The Wedding Palace, cette robe est un choix parfait pour les mari\u00e9es en qu\u00eate de luxe et de sophistication.\" \/>\n<meta property=\"og:url\" content=\"https:\/\/www.koonings.com\/fr\/product\/two-by-rosa-clara-eva\/\" \/>\n<meta property=\"og:site_name\" content=\"Koonings\" \/>\n<meta property=\"article:publisher\" content=\"https:\/\/www.facebook.com\/kooningstheweddingpalace\" \/>\n<meta property=\"article:modified_time\" content=\"2026-02-03T18:35:33+00:00\" \/>\n<meta property=\"og:image\" content=\"https:\/\/www.koonings.com\/wp-content\/uploads\/2024\/11\/67_4bd69994f44615cf5744117183cc0e5fac123ab15362b036d13c96781821ea26b63ad5b1.jpeg\" \/>\n\t<meta property=\"og:image:width\" content=\"703\" \/>\n\t<meta property=\"og:image:height\" content=\"907\" \/>\n\t<meta property=\"og:image:type\" content=\"image\/jpeg\" \/>\n<meta name=\"twitter:card\" content=\"summary_large_image\" \/>\n<meta name=\"twitter:label1\" content=\"Dur\u00e9e de lecture estim\u00e9e\" \/>\n\t<meta name=\"twitter:data1\" content=\"1 minute\" \/>\n<script type=\"application\/ld+json\" class=\"yoast-schema-graph\">{\"@context\":\"https:\\\/\\\/schema.org\",\"@graph\":[{\"@type\":\"WebPage\",\"@id\":\"https:\\\/\\\/www.koonings.com\\\/fr\\\/product\\\/two-by-rosa-clara-eva\\\/\",\"url\":\"https:\\\/\\\/www.koonings.com\\\/fr\\\/product\\\/two-by-rosa-clara-eva\\\/\",\"name\":\"Deux par Rosa Clara Eva | Koonings\",\"isPartOf\":{\"@id\":\"https:\\\/\\\/www.koonings.com\\\/fr\\\/#website\"},\"primaryImageOfPage\":{\"@id\":\"https:\\\/\\\/www.koonings.com\\\/fr\\\/product\\\/two-by-rosa-clara-eva\\\/#primaryimage\"},\"image\":{\"@id\":\"https:\\\/\\\/www.koonings.com\\\/fr\\\/product\\\/two-by-rosa-clara-eva\\\/#primaryimage\"},\"thumbnailUrl\":\"https:\\\/\\\/www.koonings.com\\\/wp-content\\\/uploads\\\/2024\\\/11\\\/67_4bd69994f44615cf5744117183cc0e5fac123ab15362b036d13c96781821ea26b63ad5b1.jpeg\",\"datePublished\":\"2025-12-14T23:02:11+00:00\",\"dateModified\":\"2026-02-03T18:35:33+00:00\",\"description\":\"The Two by Rosa Clar\u00e1 Eva est une robe de mari\u00e9e \u00e9poustouflante qui allie parfaitement \u00e9l\u00e9gance classique et romantisme. Cette robe ivoire est dot\u00e9e d'un superbe d\u00e9collet\u00e9 en c\u0153ur sans bretelles qui met en valeur les formes f\u00e9minines d'une mani\u00e8re subtile et sophistiqu\u00e9e. La silhouette sir\u00e8ne tombe parfaitement sur le corps et accentue la taille, apr\u00e8s quoi la robe s'\u00e9vase \u00e9l\u00e9gamment pour un effet dramatique. Ce mod\u00e8le d\u00e9gage une beaut\u00e9 intemporelle et un charme romantique qui enchantera toutes les mari\u00e9es. La robe Eva est id\u00e9ale pour les mari\u00e9es qui recherchent un look \u00e0 la fois classique et moderne pour leur grand jour. Exclusivement disponible chez Koonings The Wedding Palace, cette robe est un choix parfait pour les mari\u00e9es en qu\u00eate de luxe et de sophistication.\",\"breadcrumb\":{\"@id\":\"https:\\\/\\\/www.koonings.com\\\/fr\\\/product\\\/two-by-rosa-clara-eva\\\/#breadcrumb\"},\"inLanguage\":\"fr-FR\",\"potentialAction\":[{\"@type\":\"ReadAction\",\"target\":[\"https:\\\/\\\/www.koonings.com\\\/fr\\\/product\\\/two-by-rosa-clara-eva\\\/\"]}]},{\"@type\":\"ImageObject\",\"inLanguage\":\"fr-FR\",\"@id\":\"https:\\\/\\\/www.koonings.com\\\/fr\\\/product\\\/two-by-rosa-clara-eva\\\/#primaryimage\",\"url\":\"https:\\\/\\\/www.koonings.com\\\/wp-content\\\/uploads\\\/2024\\\/11\\\/67_4bd69994f44615cf5744117183cc0e5fac123ab15362b036d13c96781821ea26b63ad5b1.jpeg\",\"contentUrl\":\"https:\\\/\\\/www.koonings.com\\\/wp-content\\\/uploads\\\/2024\\\/11\\\/67_4bd69994f44615cf5744117183cc0e5fac123ab15362b036d13c96781821ea26b63ad5b1.jpeg\",\"width\":703,\"height\":907},{\"@type\":\"BreadcrumbList\",\"@id\":\"https:\\\/\\\/www.koonings.com\\\/fr\\\/product\\\/two-by-rosa-clara-eva\\\/#breadcrumb\",\"itemListElement\":[{\"@type\":\"ListItem\",\"position\":1,\"name\":\"Home\",\"item\":\"https:\\\/\\\/www.koonings.com\\\/fr\\\/\"},{\"@type\":\"ListItem\",\"position\":2,\"name\":\"Deux par Rosa Clara Eva\"}]},{\"@type\":\"WebSite\",\"@id\":\"https:\\\/\\\/www.koonings.com\\\/fr\\\/#website\",\"url\":\"https:\\\/\\\/www.koonings.com\\\/fr\\\/\",\"name\":\"Koonings\",\"description\":\"De grootste bruidsmodewinkel ter wereld\",\"publisher\":{\"@id\":\"https:\\\/\\\/www.koonings.com\\\/fr\\\/#organization\"},\"potentialAction\":[{\"@type\":\"SearchAction\",\"target\":{\"@type\":\"EntryPoint\",\"urlTemplate\":\"https:\\\/\\\/www.koonings.com\\\/fr\\\/?s={search_term_string}\"},\"query-input\":{\"@type\":\"PropertyValueSpecification\",\"valueRequired\":true,\"valueName\":\"search_term_string\"}}],\"inLanguage\":\"fr-FR\"},{\"@type\":\"Organization\",\"@id\":\"https:\\\/\\\/www.koonings.com\\\/fr\\\/#organization\",\"name\":\"Koonings\",\"url\":\"https:\\\/\\\/www.koonings.com\\\/fr\\\/\",\"logo\":{\"@type\":\"ImageObject\",\"inLanguage\":\"fr-FR\",\"@id\":\"https:\\\/\\\/www.koonings.com\\\/fr\\\/#\\\/schema\\\/logo\\\/image\\\/\",\"url\":\"https:\\\/\\\/www.koonings.com\\\/wp-content\\\/uploads\\\/2024\\\/07\\\/logo.png\",\"contentUrl\":\"https:\\\/\\\/www.koonings.com\\\/wp-content\\\/uploads\\\/2024\\\/07\\\/logo.png\",\"width\":600,\"height\":428,\"caption\":\"Koonings\"},\"image\":{\"@id\":\"https:\\\/\\\/www.koonings.com\\\/fr\\\/#\\\/schema\\\/logo\\\/image\\\/\"},\"sameAs\":[\"https:\\\/\\\/www.facebook.com\\\/kooningstheweddingpalace\",\"https:\\\/\\\/www.instagram.com\\\/kooningstheweddingpalace\",\"https:\\\/\\\/www.pinterest.com\\\/koonings\",\"https:\\\/\\\/www.youtube.com\\\/kooningstheweddingpalace\"]}]}<\/script>\n<!-- \/ Yoast SEO plugin. -->","yoast_head_json":{"title":"Deux par Rosa Clara Eva | Koonings","description":"The Two by Rosa Clar\u00e1 Eva est une robe de mari\u00e9e \u00e9poustouflante qui allie parfaitement \u00e9l\u00e9gance classique et romantisme. Cette robe ivoire est dot\u00e9e d'un superbe d\u00e9collet\u00e9 en c\u0153ur sans bretelles qui met en valeur les formes f\u00e9minines d'une mani\u00e8re subtile et sophistiqu\u00e9e. La silhouette sir\u00e8ne tombe parfaitement sur le corps et accentue la taille, apr\u00e8s quoi la robe s'\u00e9vase \u00e9l\u00e9gamment pour un effet dramatique. Ce mod\u00e8le d\u00e9gage une beaut\u00e9 intemporelle et un charme romantique qui enchantera toutes les mari\u00e9es. La robe Eva est id\u00e9ale pour les mari\u00e9es qui recherchent un look \u00e0 la fois classique et moderne pour leur grand jour. Exclusivement disponible chez Koonings The Wedding Palace, cette robe est un choix parfait pour les mari\u00e9es en qu\u00eate de luxe et de sophistication.","robots":{"index":"index","follow":"follow","max-snippet":"max-snippet:-1","max-image-preview":"max-image-preview:large","max-video-preview":"max-video-preview:-1"},"canonical":"https:\/\/www.koonings.com\/fr\/product\/two-by-rosa-clara-eva\/","og_locale":"fr_FR","og_type":"article","og_title":"Deux par Rosa Clara Eva | Koonings","og_description":"The Two by Rosa Clar\u00e1 Eva est une robe de mari\u00e9e \u00e9poustouflante qui allie parfaitement \u00e9l\u00e9gance classique et romantisme. Cette robe ivoire est dot\u00e9e d'un superbe d\u00e9collet\u00e9 en c\u0153ur sans bretelles qui met en valeur les formes f\u00e9minines d'une mani\u00e8re subtile et sophistiqu\u00e9e. La silhouette sir\u00e8ne tombe parfaitement sur le corps et accentue la taille, apr\u00e8s quoi la robe s'\u00e9vase \u00e9l\u00e9gamment pour un effet dramatique. Ce mod\u00e8le d\u00e9gage une beaut\u00e9 intemporelle et un charme romantique qui enchantera toutes les mari\u00e9es. La robe Eva est id\u00e9ale pour les mari\u00e9es qui recherchent un look \u00e0 la fois classique et moderne pour leur grand jour. Exclusivement disponible chez Koonings The Wedding Palace, cette robe est un choix parfait pour les mari\u00e9es en qu\u00eate de luxe et de sophistication.","og_url":"https:\/\/www.koonings.com\/fr\/product\/two-by-rosa-clara-eva\/","og_site_name":"Koonings","article_publisher":"https:\/\/www.facebook.com\/kooningstheweddingpalace","article_modified_time":"2026-02-03T18:35:33+00:00","og_image":[{"width":703,"height":907,"url":"https:\/\/www.koonings.com\/wp-content\/uploads\/2024\/11\/67_4bd69994f44615cf5744117183cc0e5fac123ab15362b036d13c96781821ea26b63ad5b1.jpeg","type":"image\/jpeg"}],"twitter_card":"summary_large_image","twitter_misc":{"Dur\u00e9e de lecture estim\u00e9e":"1 minute"},"schema":{"@context":"https:\/\/schema.org","@graph":[{"@type":"WebPage","@id":"https:\/\/www.koonings.com\/fr\/product\/two-by-rosa-clara-eva\/","url":"https:\/\/www.koonings.com\/fr\/product\/two-by-rosa-clara-eva\/","name":"Deux par Rosa Clara Eva | Koonings","isPartOf":{"@id":"https:\/\/www.koonings.com\/fr\/#website"},"primaryImageOfPage":{"@id":"https:\/\/www.koonings.com\/fr\/product\/two-by-rosa-clara-eva\/#primaryimage"},"image":{"@id":"https:\/\/www.koonings.com\/fr\/product\/two-by-rosa-clara-eva\/#primaryimage"},"thumbnailUrl":"https:\/\/www.koonings.com\/wp-content\/uploads\/2024\/11\/67_4bd69994f44615cf5744117183cc0e5fac123ab15362b036d13c96781821ea26b63ad5b1.jpeg","datePublished":"2025-12-14T23:02:11+00:00","dateModified":"2026-02-03T18:35:33+00:00","description":"The Two by Rosa Clar\u00e1 Eva est une robe de mari\u00e9e \u00e9poustouflante qui allie parfaitement \u00e9l\u00e9gance classique et romantisme. Cette robe ivoire est dot\u00e9e d'un superbe d\u00e9collet\u00e9 en c\u0153ur sans bretelles qui met en valeur les formes f\u00e9minines d'une mani\u00e8re subtile et sophistiqu\u00e9e. La silhouette sir\u00e8ne tombe parfaitement sur le corps et accentue la taille, apr\u00e8s quoi la robe s'\u00e9vase \u00e9l\u00e9gamment pour un effet dramatique. Ce mod\u00e8le d\u00e9gage une beaut\u00e9 intemporelle et un charme romantique qui enchantera toutes les mari\u00e9es. La robe Eva est id\u00e9ale pour les mari\u00e9es qui recherchent un look \u00e0 la fois classique et moderne pour leur grand jour. Exclusivement disponible chez Koonings The Wedding Palace, cette robe est un choix parfait pour les mari\u00e9es en qu\u00eate de luxe et de sophistication.","breadcrumb":{"@id":"https:\/\/www.koonings.com\/fr\/product\/two-by-rosa-clara-eva\/#breadcrumb"},"inLanguage":"fr-FR","potentialAction":[{"@type":"ReadAction","target":["https:\/\/www.koonings.com\/fr\/product\/two-by-rosa-clara-eva\/"]}]},{"@type":"ImageObject","inLanguage":"fr-FR","@id":"https:\/\/www.koonings.com\/fr\/product\/two-by-rosa-clara-eva\/#primaryimage","url":"https:\/\/www.koonings.com\/wp-content\/uploads\/2024\/11\/67_4bd69994f44615cf5744117183cc0e5fac123ab15362b036d13c96781821ea26b63ad5b1.jpeg","contentUrl":"https:\/\/www.koonings.com\/wp-content\/uploads\/2024\/11\/67_4bd69994f44615cf5744117183cc0e5fac123ab15362b036d13c96781821ea26b63ad5b1.jpeg","width":703,"height":907},{"@type":"BreadcrumbList","@id":"https:\/\/www.koonings.com\/fr\/product\/two-by-rosa-clara-eva\/#breadcrumb","itemListElement":[{"@type":"ListItem","position":1,"name":"Home","item":"https:\/\/www.koonings.com\/fr\/"},{"@type":"ListItem","position":2,"name":"Deux par Rosa Clara Eva"}]},{"@type":"WebSite","@id":"https:\/\/www.koonings.com\/fr\/#website","url":"https:\/\/www.koonings.com\/fr\/","name":"Koonings","description":"De grootste bruidsmodewinkel ter wereld","publisher":{"@id":"https:\/\/www.koonings.com\/fr\/#organization"},"potentialAction":[{"@type":"SearchAction","target":{"@type":"EntryPoint","urlTemplate":"https:\/\/www.koonings.com\/fr\/?s={search_term_string}"},"query-input":{"@type":"PropertyValueSpecification","valueRequired":true,"valueName":"search_term_string"}}],"inLanguage":"fr-FR"},{"@type":"Organization","@id":"https:\/\/www.koonings.com\/fr\/#organization","name":"Koonings","url":"https:\/\/www.koonings.com\/fr\/","logo":{"@type":"ImageObject","inLanguage":"fr-FR","@id":"https:\/\/www.koonings.com\/fr\/#\/schema\/logo\/image\/","url":"https:\/\/www.koonings.com\/wp-content\/uploads\/2024\/07\/logo.png","contentUrl":"https:\/\/www.koonings.com\/wp-content\/uploads\/2024\/07\/logo.png","width":600,"height":428,"caption":"Koonings"},"image":{"@id":"https:\/\/www.koonings.com\/fr\/#\/schema\/logo\/image\/"},"sameAs":["https:\/\/www.facebook.com\/kooningstheweddingpalace","https:\/\/www.instagram.com\/kooningstheweddingpalace","https:\/\/www.pinterest.com\/koonings","https:\/\/www.youtube.com\/kooningstheweddingpalace"]}]}},"_links":{"self":[{"href":"https:\/\/www.koonings.com\/fr\/wp-json\/wp\/v2\/product\/78527","targetHints":{"allow":["GET"]}}],"collection":[{"href":"https:\/\/www.koonings.com\/fr\/wp-json\/wp\/v2\/product"}],"about":[{"href":"https:\/\/www.koonings.com\/fr\/wp-json\/wp\/v2\/types\/product"}],"wp:featuredmedia":[{"embeddable":true,"href":"https:\/\/www.koonings.com\/fr\/wp-json\/wp\/v2\/media\/63345"}],"wp:attachment":[{"href":"https:\/\/www.koonings.com\/fr\/wp-json\/wp\/v2\/media?parent=78527"}],"wp:term":[{"taxonomy":"productdetails","embeddable":true,"href":"https:\/\/www.koonings.com\/fr\/wp-json\/wp\/v2\/productdetails?post=78527"},{"taxonomy":"productneck","embeddable":true,"href":"https:\/\/www.koonings.com\/fr\/wp-json\/wp\/v2\/productneck?post=78527"},{"taxonomy":"productcolor","embeddable":true,"href":"https:\/\/www.koonings.com\/fr\/wp-json\/wp\/v2\/productcolor?post=78527"},{"taxonomy":"maat","embeddable":true,"href":"https:\/\/www.koonings.com\/fr\/wp-json\/wp\/v2\/maat?post=78527"},{"taxonomy":"productsupplier","embeddable":true,"href":"https:\/\/www.koonings.com\/fr\/wp-json\/wp\/v2\/productsupplier?post=78527"},{"taxonomy":"productsleeve","embeddable":true,"href":"https:\/\/www.koonings.com\/fr\/wp-json\/wp\/v2\/productsleeve?post=78527"},{"taxonomy":"productcategory","embeddable":true,"href":"https:\/\/www.koonings.com\/fr\/wp-json\/wp\/v2\/productcategory?post=78527"},{"taxonomy":"productsilhouette","embeddable":true,"href":"https:\/\/www.koonings.com\/fr\/wp-json\/wp\/v2\/productsilhouette?post=78527"},{"taxonomy":"productstyle","embeddable":true,"href":"https:\/\/www.koonings.com\/fr\/wp-json\/wp\/v2\/productstyle?post=78527"}],"curies":[{"name":"wp","href":"https:\/\/api.w.org\/{rel}","templated":true}]}}