{"id":78518,"date":"2026-04-28T18:06:20","date_gmt":"2026-04-28T16:06:20","guid":{"rendered":"https:\/\/www.koonings.com\/product\/diane-legrand-7552\/"},"modified":"2026-02-16T14:46:20","modified_gmt":"2026-02-16T13:46:20","slug":"diane-legrand-7552","status":"publish","type":"product","link":"https:\/\/www.koonings.com\/fr\/product\/diane-legrand-7552\/","title":{"rendered":"Diane Legrand 7552"},"content":{"rendered":"<p>Cette robe de mari\u00e9e ivoire de Diane Legrand a une silhouette ajust\u00e9e. Elle se termine par une d\u00e9licate encolure en V. Le haut et la jupe sont orn\u00e9s de d\u00e9tails sexy en dentelle, qui se prolongent sur la tra\u00eene. Le haut et la jupe sont orn\u00e9s de d\u00e9tails en dentelle sexy et d\u00e9licats, qui se poursuivent sur la tra\u00eene.  <\/p>\n","protected":false},"featured_media":63433,"template":"","meta":{"_acf_changed":false,"ghostkit_customizer_options":"","ghostkit_custom_css":"","ghostkit_custom_js_head":"","ghostkit_custom_js_foot":"","ghostkit_typography":""},"productdetails":[379,381],"productneck":[351,356],"productcolor":[392],"maat":[],"productsupplier":[476],"productsleeve":[359],"productcategory":[18],"productsilhouette":[387],"productstyle":[370],"class_list":["post-78518","product","type-product","status-publish","has-post-thumbnail","hentry","productdetails-379","productdetails-381","productneck-351","productneck-356","productcolor-392","productsupplier-diane-legrand","productsleeve-359","productcategory-trouwjurken","productsilhouette-387","productstyle-370"],"acf":[],"yoast_head":"<!-- This site is optimized with the Yoast SEO plugin v27.3 - https:\/\/yoast.com\/product\/yoast-seo-wordpress\/ -->\n<title>Diane Legrand 7552 | Koonings<\/title>\n<meta name=\"description\" content=\"Cette robe de mari\u00e9e ivoire de Diane Legrand a une silhouette ajust\u00e9e. Elle se termine par une d\u00e9licate encolure en V. Le haut et la jupe sont orn\u00e9s de d\u00e9tails sexy en dentelle, qui se prolongent sur la tra\u00eene. Le haut et la jupe sont orn\u00e9s de d\u00e9tails en dentelle sexy et d\u00e9licats, qui se poursuivent sur la tra\u00eene.\" \/>\n<meta name=\"robots\" content=\"index, follow, max-snippet:-1, max-image-preview:large, max-video-preview:-1\" \/>\n<link rel=\"canonical\" href=\"https:\/\/www.koonings.com\/fr\/product\/diane-legrand-7552\/\" \/>\n<meta property=\"og:locale\" content=\"fr_FR\" \/>\n<meta property=\"og:type\" content=\"article\" \/>\n<meta property=\"og:title\" content=\"Diane Legrand 7552 | Koonings\" \/>\n<meta property=\"og:description\" content=\"Cette robe de mari\u00e9e ivoire de Diane Legrand a une silhouette ajust\u00e9e. Elle se termine par une d\u00e9licate encolure en V. Le haut et la jupe sont orn\u00e9s de d\u00e9tails sexy en dentelle, qui se prolongent sur la tra\u00eene. Le haut et la jupe sont orn\u00e9s de d\u00e9tails en dentelle sexy et d\u00e9licats, qui se poursuivent sur la tra\u00eene.\" \/>\n<meta property=\"og:url\" content=\"https:\/\/www.koonings.com\/fr\/product\/diane-legrand-7552\/\" \/>\n<meta property=\"og:site_name\" content=\"Koonings\" \/>\n<meta property=\"article:publisher\" content=\"https:\/\/www.facebook.com\/kooningstheweddingpalace\" \/>\n<meta property=\"og:image\" content=\"https:\/\/www.koonings.com\/wp-content\/uploads\/2024\/11\/29359_e8d2c888bcbfcfebba7b465d4371a4e9b4176edd648294779c2319e15e131a795a273ff2.jpeg\" \/>\n\t<meta property=\"og:image:width\" content=\"300\" \/>\n\t<meta property=\"og:image:height\" content=\"450\" \/>\n\t<meta property=\"og:image:type\" content=\"image\/jpeg\" \/>\n<meta name=\"twitter:card\" content=\"summary_large_image\" \/>\n<script type=\"application\/ld+json\" class=\"yoast-schema-graph\">{\"@context\":\"https:\\\/\\\/schema.org\",\"@graph\":[{\"@type\":\"WebPage\",\"@id\":\"https:\\\/\\\/www.koonings.com\\\/fr\\\/product\\\/diane-legrand-7552\\\/\",\"url\":\"https:\\\/\\\/www.koonings.com\\\/fr\\\/product\\\/diane-legrand-7552\\\/\",\"name\":\"Diane Legrand 7552 | Koonings\",\"isPartOf\":{\"@id\":\"https:\\\/\\\/www.koonings.com\\\/fr\\\/#website\"},\"primaryImageOfPage\":{\"@id\":\"https:\\\/\\\/www.koonings.com\\\/fr\\\/product\\\/diane-legrand-7552\\\/#primaryimage\"},\"image\":{\"@id\":\"https:\\\/\\\/www.koonings.com\\\/fr\\\/product\\\/diane-legrand-7552\\\/#primaryimage\"},\"thumbnailUrl\":\"https:\\\/\\\/www.koonings.com\\\/wp-content\\\/uploads\\\/2024\\\/11\\\/29359_e8d2c888bcbfcfebba7b465d4371a4e9b4176edd648294779c2319e15e131a795a273ff2.jpeg\",\"datePublished\":\"2026-04-28T16:06:20+00:00\",\"description\":\"Cette robe de mari\u00e9e ivoire de Diane Legrand a une silhouette ajust\u00e9e. Elle se termine par une d\u00e9licate encolure en V. Le haut et la jupe sont orn\u00e9s de d\u00e9tails sexy en dentelle, qui se prolongent sur la tra\u00eene. Le haut et la jupe sont orn\u00e9s de d\u00e9tails en dentelle sexy et d\u00e9licats, qui se poursuivent sur la tra\u00eene.\",\"breadcrumb\":{\"@id\":\"https:\\\/\\\/www.koonings.com\\\/fr\\\/product\\\/diane-legrand-7552\\\/#breadcrumb\"},\"inLanguage\":\"fr-FR\",\"potentialAction\":[{\"@type\":\"ReadAction\",\"target\":[\"https:\\\/\\\/www.koonings.com\\\/fr\\\/product\\\/diane-legrand-7552\\\/\"]}]},{\"@type\":\"ImageObject\",\"inLanguage\":\"fr-FR\",\"@id\":\"https:\\\/\\\/www.koonings.com\\\/fr\\\/product\\\/diane-legrand-7552\\\/#primaryimage\",\"url\":\"https:\\\/\\\/www.koonings.com\\\/wp-content\\\/uploads\\\/2024\\\/11\\\/29359_e8d2c888bcbfcfebba7b465d4371a4e9b4176edd648294779c2319e15e131a795a273ff2.jpeg\",\"contentUrl\":\"https:\\\/\\\/www.koonings.com\\\/wp-content\\\/uploads\\\/2024\\\/11\\\/29359_e8d2c888bcbfcfebba7b465d4371a4e9b4176edd648294779c2319e15e131a795a273ff2.jpeg\",\"width\":300,\"height\":450},{\"@type\":\"BreadcrumbList\",\"@id\":\"https:\\\/\\\/www.koonings.com\\\/fr\\\/product\\\/diane-legrand-7552\\\/#breadcrumb\",\"itemListElement\":[{\"@type\":\"ListItem\",\"position\":1,\"name\":\"Home\",\"item\":\"https:\\\/\\\/www.koonings.com\\\/fr\\\/\"},{\"@type\":\"ListItem\",\"position\":2,\"name\":\"Diane Legrand 7552\"}]},{\"@type\":\"WebSite\",\"@id\":\"https:\\\/\\\/www.koonings.com\\\/fr\\\/#website\",\"url\":\"https:\\\/\\\/www.koonings.com\\\/fr\\\/\",\"name\":\"Koonings\",\"description\":\"De grootste bruidsmodewinkel ter wereld\",\"publisher\":{\"@id\":\"https:\\\/\\\/www.koonings.com\\\/fr\\\/#organization\"},\"potentialAction\":[{\"@type\":\"SearchAction\",\"target\":{\"@type\":\"EntryPoint\",\"urlTemplate\":\"https:\\\/\\\/www.koonings.com\\\/fr\\\/?s={search_term_string}\"},\"query-input\":{\"@type\":\"PropertyValueSpecification\",\"valueRequired\":true,\"valueName\":\"search_term_string\"}}],\"inLanguage\":\"fr-FR\"},{\"@type\":\"Organization\",\"@id\":\"https:\\\/\\\/www.koonings.com\\\/fr\\\/#organization\",\"name\":\"Koonings\",\"url\":\"https:\\\/\\\/www.koonings.com\\\/fr\\\/\",\"logo\":{\"@type\":\"ImageObject\",\"inLanguage\":\"fr-FR\",\"@id\":\"https:\\\/\\\/www.koonings.com\\\/fr\\\/#\\\/schema\\\/logo\\\/image\\\/\",\"url\":\"https:\\\/\\\/www.koonings.com\\\/wp-content\\\/uploads\\\/2024\\\/07\\\/logo.png\",\"contentUrl\":\"https:\\\/\\\/www.koonings.com\\\/wp-content\\\/uploads\\\/2024\\\/07\\\/logo.png\",\"width\":600,\"height\":428,\"caption\":\"Koonings\"},\"image\":{\"@id\":\"https:\\\/\\\/www.koonings.com\\\/fr\\\/#\\\/schema\\\/logo\\\/image\\\/\"},\"sameAs\":[\"https:\\\/\\\/www.facebook.com\\\/kooningstheweddingpalace\",\"https:\\\/\\\/www.instagram.com\\\/kooningstheweddingpalace\",\"https:\\\/\\\/www.pinterest.com\\\/koonings\",\"https:\\\/\\\/www.youtube.com\\\/kooningstheweddingpalace\"]}]}<\/script>\n<!-- \/ Yoast SEO plugin. -->","yoast_head_json":{"title":"Diane Legrand 7552 | Koonings","description":"Cette robe de mari\u00e9e ivoire de Diane Legrand a une silhouette ajust\u00e9e. Elle se termine par une d\u00e9licate encolure en V. Le haut et la jupe sont orn\u00e9s de d\u00e9tails sexy en dentelle, qui se prolongent sur la tra\u00eene. Le haut et la jupe sont orn\u00e9s de d\u00e9tails en dentelle sexy et d\u00e9licats, qui se poursuivent sur la tra\u00eene.","robots":{"index":"index","follow":"follow","max-snippet":"max-snippet:-1","max-image-preview":"max-image-preview:large","max-video-preview":"max-video-preview:-1"},"canonical":"https:\/\/www.koonings.com\/fr\/product\/diane-legrand-7552\/","og_locale":"fr_FR","og_type":"article","og_title":"Diane Legrand 7552 | Koonings","og_description":"Cette robe de mari\u00e9e ivoire de Diane Legrand a une silhouette ajust\u00e9e. Elle se termine par une d\u00e9licate encolure en V. Le haut et la jupe sont orn\u00e9s de d\u00e9tails sexy en dentelle, qui se prolongent sur la tra\u00eene. Le haut et la jupe sont orn\u00e9s de d\u00e9tails en dentelle sexy et d\u00e9licats, qui se poursuivent sur la tra\u00eene.","og_url":"https:\/\/www.koonings.com\/fr\/product\/diane-legrand-7552\/","og_site_name":"Koonings","article_publisher":"https:\/\/www.facebook.com\/kooningstheweddingpalace","og_image":[{"width":300,"height":450,"url":"https:\/\/www.koonings.com\/wp-content\/uploads\/2024\/11\/29359_e8d2c888bcbfcfebba7b465d4371a4e9b4176edd648294779c2319e15e131a795a273ff2.jpeg","type":"image\/jpeg"}],"twitter_card":"summary_large_image","schema":{"@context":"https:\/\/schema.org","@graph":[{"@type":"WebPage","@id":"https:\/\/www.koonings.com\/fr\/product\/diane-legrand-7552\/","url":"https:\/\/www.koonings.com\/fr\/product\/diane-legrand-7552\/","name":"Diane Legrand 7552 | Koonings","isPartOf":{"@id":"https:\/\/www.koonings.com\/fr\/#website"},"primaryImageOfPage":{"@id":"https:\/\/www.koonings.com\/fr\/product\/diane-legrand-7552\/#primaryimage"},"image":{"@id":"https:\/\/www.koonings.com\/fr\/product\/diane-legrand-7552\/#primaryimage"},"thumbnailUrl":"https:\/\/www.koonings.com\/wp-content\/uploads\/2024\/11\/29359_e8d2c888bcbfcfebba7b465d4371a4e9b4176edd648294779c2319e15e131a795a273ff2.jpeg","datePublished":"2026-04-28T16:06:20+00:00","description":"Cette robe de mari\u00e9e ivoire de Diane Legrand a une silhouette ajust\u00e9e. Elle se termine par une d\u00e9licate encolure en V. Le haut et la jupe sont orn\u00e9s de d\u00e9tails sexy en dentelle, qui se prolongent sur la tra\u00eene. Le haut et la jupe sont orn\u00e9s de d\u00e9tails en dentelle sexy et d\u00e9licats, qui se poursuivent sur la tra\u00eene.","breadcrumb":{"@id":"https:\/\/www.koonings.com\/fr\/product\/diane-legrand-7552\/#breadcrumb"},"inLanguage":"fr-FR","potentialAction":[{"@type":"ReadAction","target":["https:\/\/www.koonings.com\/fr\/product\/diane-legrand-7552\/"]}]},{"@type":"ImageObject","inLanguage":"fr-FR","@id":"https:\/\/www.koonings.com\/fr\/product\/diane-legrand-7552\/#primaryimage","url":"https:\/\/www.koonings.com\/wp-content\/uploads\/2024\/11\/29359_e8d2c888bcbfcfebba7b465d4371a4e9b4176edd648294779c2319e15e131a795a273ff2.jpeg","contentUrl":"https:\/\/www.koonings.com\/wp-content\/uploads\/2024\/11\/29359_e8d2c888bcbfcfebba7b465d4371a4e9b4176edd648294779c2319e15e131a795a273ff2.jpeg","width":300,"height":450},{"@type":"BreadcrumbList","@id":"https:\/\/www.koonings.com\/fr\/product\/diane-legrand-7552\/#breadcrumb","itemListElement":[{"@type":"ListItem","position":1,"name":"Home","item":"https:\/\/www.koonings.com\/fr\/"},{"@type":"ListItem","position":2,"name":"Diane Legrand 7552"}]},{"@type":"WebSite","@id":"https:\/\/www.koonings.com\/fr\/#website","url":"https:\/\/www.koonings.com\/fr\/","name":"Koonings","description":"De grootste bruidsmodewinkel ter wereld","publisher":{"@id":"https:\/\/www.koonings.com\/fr\/#organization"},"potentialAction":[{"@type":"SearchAction","target":{"@type":"EntryPoint","urlTemplate":"https:\/\/www.koonings.com\/fr\/?s={search_term_string}"},"query-input":{"@type":"PropertyValueSpecification","valueRequired":true,"valueName":"search_term_string"}}],"inLanguage":"fr-FR"},{"@type":"Organization","@id":"https:\/\/www.koonings.com\/fr\/#organization","name":"Koonings","url":"https:\/\/www.koonings.com\/fr\/","logo":{"@type":"ImageObject","inLanguage":"fr-FR","@id":"https:\/\/www.koonings.com\/fr\/#\/schema\/logo\/image\/","url":"https:\/\/www.koonings.com\/wp-content\/uploads\/2024\/07\/logo.png","contentUrl":"https:\/\/www.koonings.com\/wp-content\/uploads\/2024\/07\/logo.png","width":600,"height":428,"caption":"Koonings"},"image":{"@id":"https:\/\/www.koonings.com\/fr\/#\/schema\/logo\/image\/"},"sameAs":["https:\/\/www.facebook.com\/kooningstheweddingpalace","https:\/\/www.instagram.com\/kooningstheweddingpalace","https:\/\/www.pinterest.com\/koonings","https:\/\/www.youtube.com\/kooningstheweddingpalace"]}]}},"_links":{"self":[{"href":"https:\/\/www.koonings.com\/fr\/wp-json\/wp\/v2\/product\/78518","targetHints":{"allow":["GET"]}}],"collection":[{"href":"https:\/\/www.koonings.com\/fr\/wp-json\/wp\/v2\/product"}],"about":[{"href":"https:\/\/www.koonings.com\/fr\/wp-json\/wp\/v2\/types\/product"}],"wp:featuredmedia":[{"embeddable":true,"href":"https:\/\/www.koonings.com\/fr\/wp-json\/wp\/v2\/media\/63433"}],"wp:attachment":[{"href":"https:\/\/www.koonings.com\/fr\/wp-json\/wp\/v2\/media?parent=78518"}],"wp:term":[{"taxonomy":"productdetails","embeddable":true,"href":"https:\/\/www.koonings.com\/fr\/wp-json\/wp\/v2\/productdetails?post=78518"},{"taxonomy":"productneck","embeddable":true,"href":"https:\/\/www.koonings.com\/fr\/wp-json\/wp\/v2\/productneck?post=78518"},{"taxonomy":"productcolor","embeddable":true,"href":"https:\/\/www.koonings.com\/fr\/wp-json\/wp\/v2\/productcolor?post=78518"},{"taxonomy":"maat","embeddable":true,"href":"https:\/\/www.koonings.com\/fr\/wp-json\/wp\/v2\/maat?post=78518"},{"taxonomy":"productsupplier","embeddable":true,"href":"https:\/\/www.koonings.com\/fr\/wp-json\/wp\/v2\/productsupplier?post=78518"},{"taxonomy":"productsleeve","embeddable":true,"href":"https:\/\/www.koonings.com\/fr\/wp-json\/wp\/v2\/productsleeve?post=78518"},{"taxonomy":"productcategory","embeddable":true,"href":"https:\/\/www.koonings.com\/fr\/wp-json\/wp\/v2\/productcategory?post=78518"},{"taxonomy":"productsilhouette","embeddable":true,"href":"https:\/\/www.koonings.com\/fr\/wp-json\/wp\/v2\/productsilhouette?post=78518"},{"taxonomy":"productstyle","embeddable":true,"href":"https:\/\/www.koonings.com\/fr\/wp-json\/wp\/v2\/productstyle?post=78518"}],"curies":[{"name":"wp","href":"https:\/\/api.w.org\/{rel}","templated":true}]}}