{"id":78372,"date":"2025-09-09T15:46:08","date_gmt":"2025-09-09T13:46:08","guid":{"rendered":"https:\/\/www.koonings.com\/product\/disney-by-allure-snow-white-d317\/"},"modified":"2026-02-03T19:38:54","modified_gmt":"2026-02-03T18:38:54","slug":"disney-by-allure-snow-white-d317","status":"publish","type":"product","link":"https:\/\/www.koonings.com\/fr\/product\/disney-by-allure-snow-white-d317\/","title":{"rendered":"Disney by Allure Blanche-Neige D317"},"content":{"rendered":"<p>La robe inspir\u00e9e de Blanche-Neige ajoute une touche de modernit\u00e9 au look classique de la princesse avec un corsage en cr\u00eape \u00e0 encolure carr\u00e9e et une jupe en tulle souple. La robe de mari\u00e9e se termine par un chic dos \u00e9chancr\u00e9 et des appliques inspir\u00e9es de la c\u00e9l\u00e8bre fleur de pommier du conte de f\u00e9es. La robe est compl\u00e9t\u00e9e par une magnifique cape pleine longueur inspir\u00e9e du film. Chez Koonings, vous trouverez la derni\u00e8re collection de Disney Fairy Tale Weddings !   <\/p>\n","protected":false},"featured_media":64634,"template":"","meta":{"_acf_changed":false,"ghostkit_customizer_options":"","ghostkit_custom_css":"","ghostkit_custom_js_head":"","ghostkit_custom_js_foot":"","ghostkit_typography":""},"productdetails":[379,381],"productneck":[352],"productcolor":[392],"maat":[],"productsupplier":[477],"productsleeve":[359],"productcategory":[18],"productsilhouette":[384,388],"productstyle":[372],"class_list":["post-78372","product","type-product","status-publish","has-post-thumbnail","hentry","productdetails-379","productdetails-381","productneck-352","productcolor-392","productsupplier-disney-by-allure","productsleeve-359","productcategory-trouwjurken","productsilhouette-384","productsilhouette-388","productstyle-372"],"acf":[],"yoast_head":"<!-- This site is optimized with the Yoast SEO plugin v27.3 - https:\/\/yoast.com\/product\/yoast-seo-wordpress\/ -->\n<title>Disney by Allure Blanche-Neige D317 | Koonings<\/title>\n<meta name=\"description\" content=\"La robe inspir\u00e9e de Blanche-Neige ajoute une touche de modernit\u00e9 au look classique de la princesse avec un corsage en cr\u00eape \u00e0 encolure carr\u00e9e et une jupe en tulle souple. La robe de mari\u00e9e se termine par un chic dos \u00e9chancr\u00e9 et des appliques inspir\u00e9es de la c\u00e9l\u00e8bre fleur de pommier du conte de f\u00e9es. La robe est compl\u00e9t\u00e9e par une magnifique cape pleine longueur inspir\u00e9e du film. Chez Koonings, vous trouverez la derni\u00e8re collection de Disney Fairy Tale Weddings !\" \/>\n<meta name=\"robots\" content=\"index, follow, max-snippet:-1, max-image-preview:large, max-video-preview:-1\" \/>\n<link rel=\"canonical\" href=\"https:\/\/www.koonings.com\/fr\/product\/disney-by-allure-snow-white-d317\/\" \/>\n<meta property=\"og:locale\" content=\"fr_FR\" \/>\n<meta property=\"og:type\" content=\"article\" \/>\n<meta property=\"og:title\" content=\"Disney by Allure Blanche-Neige D317 | Koonings\" \/>\n<meta property=\"og:description\" content=\"La robe inspir\u00e9e de Blanche-Neige ajoute une touche de modernit\u00e9 au look classique de la princesse avec un corsage en cr\u00eape \u00e0 encolure carr\u00e9e et une jupe en tulle souple. La robe de mari\u00e9e se termine par un chic dos \u00e9chancr\u00e9 et des appliques inspir\u00e9es de la c\u00e9l\u00e8bre fleur de pommier du conte de f\u00e9es. La robe est compl\u00e9t\u00e9e par une magnifique cape pleine longueur inspir\u00e9e du film. Chez Koonings, vous trouverez la derni\u00e8re collection de Disney Fairy Tale Weddings !\" \/>\n<meta property=\"og:url\" content=\"https:\/\/www.koonings.com\/fr\/product\/disney-by-allure-snow-white-d317\/\" \/>\n<meta property=\"og:site_name\" content=\"Koonings\" \/>\n<meta property=\"article:publisher\" content=\"https:\/\/www.facebook.com\/kooningstheweddingpalace\" \/>\n<meta property=\"article:modified_time\" content=\"2026-02-03T18:38:54+00:00\" \/>\n<meta property=\"og:image\" content=\"https:\/\/www.koonings.com\/wp-content\/uploads\/2024\/11\/48818_9a2cd7946db5a85e5a2228fdc8a4880f81c2ec5d29edbcf681ff731031c683b308773fea-scaled.jpeg\" \/>\n\t<meta property=\"og:image:width\" content=\"1813\" \/>\n\t<meta property=\"og:image:height\" content=\"2560\" \/>\n\t<meta property=\"og:image:type\" content=\"image\/jpeg\" \/>\n<meta name=\"twitter:card\" content=\"summary_large_image\" \/>\n<script type=\"application\/ld+json\" class=\"yoast-schema-graph\">{\"@context\":\"https:\\\/\\\/schema.org\",\"@graph\":[{\"@type\":\"WebPage\",\"@id\":\"https:\\\/\\\/www.koonings.com\\\/fr\\\/product\\\/disney-by-allure-snow-white-d317\\\/\",\"url\":\"https:\\\/\\\/www.koonings.com\\\/fr\\\/product\\\/disney-by-allure-snow-white-d317\\\/\",\"name\":\"Disney by Allure Blanche-Neige D317 | Koonings\",\"isPartOf\":{\"@id\":\"https:\\\/\\\/www.koonings.com\\\/fr\\\/#website\"},\"primaryImageOfPage\":{\"@id\":\"https:\\\/\\\/www.koonings.com\\\/fr\\\/product\\\/disney-by-allure-snow-white-d317\\\/#primaryimage\"},\"image\":{\"@id\":\"https:\\\/\\\/www.koonings.com\\\/fr\\\/product\\\/disney-by-allure-snow-white-d317\\\/#primaryimage\"},\"thumbnailUrl\":\"https:\\\/\\\/www.koonings.com\\\/wp-content\\\/uploads\\\/2024\\\/11\\\/48818_9a2cd7946db5a85e5a2228fdc8a4880f81c2ec5d29edbcf681ff731031c683b308773fea-scaled.jpeg\",\"datePublished\":\"2025-09-09T13:46:08+00:00\",\"dateModified\":\"2026-02-03T18:38:54+00:00\",\"description\":\"La robe inspir\u00e9e de Blanche-Neige ajoute une touche de modernit\u00e9 au look classique de la princesse avec un corsage en cr\u00eape \u00e0 encolure carr\u00e9e et une jupe en tulle souple. La robe de mari\u00e9e se termine par un chic dos \u00e9chancr\u00e9 et des appliques inspir\u00e9es de la c\u00e9l\u00e8bre fleur de pommier du conte de f\u00e9es. La robe est compl\u00e9t\u00e9e par une magnifique cape pleine longueur inspir\u00e9e du film. Chez Koonings, vous trouverez la derni\u00e8re collection de Disney Fairy Tale Weddings !\",\"breadcrumb\":{\"@id\":\"https:\\\/\\\/www.koonings.com\\\/fr\\\/product\\\/disney-by-allure-snow-white-d317\\\/#breadcrumb\"},\"inLanguage\":\"fr-FR\",\"potentialAction\":[{\"@type\":\"ReadAction\",\"target\":[\"https:\\\/\\\/www.koonings.com\\\/fr\\\/product\\\/disney-by-allure-snow-white-d317\\\/\"]}]},{\"@type\":\"ImageObject\",\"inLanguage\":\"fr-FR\",\"@id\":\"https:\\\/\\\/www.koonings.com\\\/fr\\\/product\\\/disney-by-allure-snow-white-d317\\\/#primaryimage\",\"url\":\"https:\\\/\\\/www.koonings.com\\\/wp-content\\\/uploads\\\/2024\\\/11\\\/48818_9a2cd7946db5a85e5a2228fdc8a4880f81c2ec5d29edbcf681ff731031c683b308773fea-scaled.jpeg\",\"contentUrl\":\"https:\\\/\\\/www.koonings.com\\\/wp-content\\\/uploads\\\/2024\\\/11\\\/48818_9a2cd7946db5a85e5a2228fdc8a4880f81c2ec5d29edbcf681ff731031c683b308773fea-scaled.jpeg\",\"width\":1813,\"height\":2560},{\"@type\":\"BreadcrumbList\",\"@id\":\"https:\\\/\\\/www.koonings.com\\\/fr\\\/product\\\/disney-by-allure-snow-white-d317\\\/#breadcrumb\",\"itemListElement\":[{\"@type\":\"ListItem\",\"position\":1,\"name\":\"Home\",\"item\":\"https:\\\/\\\/www.koonings.com\\\/fr\\\/\"},{\"@type\":\"ListItem\",\"position\":2,\"name\":\"Disney by Allure Blanche-Neige D317\"}]},{\"@type\":\"WebSite\",\"@id\":\"https:\\\/\\\/www.koonings.com\\\/fr\\\/#website\",\"url\":\"https:\\\/\\\/www.koonings.com\\\/fr\\\/\",\"name\":\"Koonings\",\"description\":\"De grootste bruidsmodewinkel ter wereld\",\"publisher\":{\"@id\":\"https:\\\/\\\/www.koonings.com\\\/fr\\\/#organization\"},\"potentialAction\":[{\"@type\":\"SearchAction\",\"target\":{\"@type\":\"EntryPoint\",\"urlTemplate\":\"https:\\\/\\\/www.koonings.com\\\/fr\\\/?s={search_term_string}\"},\"query-input\":{\"@type\":\"PropertyValueSpecification\",\"valueRequired\":true,\"valueName\":\"search_term_string\"}}],\"inLanguage\":\"fr-FR\"},{\"@type\":\"Organization\",\"@id\":\"https:\\\/\\\/www.koonings.com\\\/fr\\\/#organization\",\"name\":\"Koonings\",\"url\":\"https:\\\/\\\/www.koonings.com\\\/fr\\\/\",\"logo\":{\"@type\":\"ImageObject\",\"inLanguage\":\"fr-FR\",\"@id\":\"https:\\\/\\\/www.koonings.com\\\/fr\\\/#\\\/schema\\\/logo\\\/image\\\/\",\"url\":\"https:\\\/\\\/www.koonings.com\\\/wp-content\\\/uploads\\\/2024\\\/07\\\/logo.png\",\"contentUrl\":\"https:\\\/\\\/www.koonings.com\\\/wp-content\\\/uploads\\\/2024\\\/07\\\/logo.png\",\"width\":600,\"height\":428,\"caption\":\"Koonings\"},\"image\":{\"@id\":\"https:\\\/\\\/www.koonings.com\\\/fr\\\/#\\\/schema\\\/logo\\\/image\\\/\"},\"sameAs\":[\"https:\\\/\\\/www.facebook.com\\\/kooningstheweddingpalace\",\"https:\\\/\\\/www.instagram.com\\\/kooningstheweddingpalace\",\"https:\\\/\\\/www.pinterest.com\\\/koonings\",\"https:\\\/\\\/www.youtube.com\\\/kooningstheweddingpalace\"]}]}<\/script>\n<!-- \/ Yoast SEO plugin. -->","yoast_head_json":{"title":"Disney by Allure Blanche-Neige D317 | Koonings","description":"La robe inspir\u00e9e de Blanche-Neige ajoute une touche de modernit\u00e9 au look classique de la princesse avec un corsage en cr\u00eape \u00e0 encolure carr\u00e9e et une jupe en tulle souple. La robe de mari\u00e9e se termine par un chic dos \u00e9chancr\u00e9 et des appliques inspir\u00e9es de la c\u00e9l\u00e8bre fleur de pommier du conte de f\u00e9es. La robe est compl\u00e9t\u00e9e par une magnifique cape pleine longueur inspir\u00e9e du film. Chez Koonings, vous trouverez la derni\u00e8re collection de Disney Fairy Tale Weddings !","robots":{"index":"index","follow":"follow","max-snippet":"max-snippet:-1","max-image-preview":"max-image-preview:large","max-video-preview":"max-video-preview:-1"},"canonical":"https:\/\/www.koonings.com\/fr\/product\/disney-by-allure-snow-white-d317\/","og_locale":"fr_FR","og_type":"article","og_title":"Disney by Allure Blanche-Neige D317 | Koonings","og_description":"La robe inspir\u00e9e de Blanche-Neige ajoute une touche de modernit\u00e9 au look classique de la princesse avec un corsage en cr\u00eape \u00e0 encolure carr\u00e9e et une jupe en tulle souple. La robe de mari\u00e9e se termine par un chic dos \u00e9chancr\u00e9 et des appliques inspir\u00e9es de la c\u00e9l\u00e8bre fleur de pommier du conte de f\u00e9es. La robe est compl\u00e9t\u00e9e par une magnifique cape pleine longueur inspir\u00e9e du film. Chez Koonings, vous trouverez la derni\u00e8re collection de Disney Fairy Tale Weddings !","og_url":"https:\/\/www.koonings.com\/fr\/product\/disney-by-allure-snow-white-d317\/","og_site_name":"Koonings","article_publisher":"https:\/\/www.facebook.com\/kooningstheweddingpalace","article_modified_time":"2026-02-03T18:38:54+00:00","og_image":[{"width":1813,"height":2560,"url":"https:\/\/www.koonings.com\/wp-content\/uploads\/2024\/11\/48818_9a2cd7946db5a85e5a2228fdc8a4880f81c2ec5d29edbcf681ff731031c683b308773fea-scaled.jpeg","type":"image\/jpeg"}],"twitter_card":"summary_large_image","schema":{"@context":"https:\/\/schema.org","@graph":[{"@type":"WebPage","@id":"https:\/\/www.koonings.com\/fr\/product\/disney-by-allure-snow-white-d317\/","url":"https:\/\/www.koonings.com\/fr\/product\/disney-by-allure-snow-white-d317\/","name":"Disney by Allure Blanche-Neige D317 | Koonings","isPartOf":{"@id":"https:\/\/www.koonings.com\/fr\/#website"},"primaryImageOfPage":{"@id":"https:\/\/www.koonings.com\/fr\/product\/disney-by-allure-snow-white-d317\/#primaryimage"},"image":{"@id":"https:\/\/www.koonings.com\/fr\/product\/disney-by-allure-snow-white-d317\/#primaryimage"},"thumbnailUrl":"https:\/\/www.koonings.com\/wp-content\/uploads\/2024\/11\/48818_9a2cd7946db5a85e5a2228fdc8a4880f81c2ec5d29edbcf681ff731031c683b308773fea-scaled.jpeg","datePublished":"2025-09-09T13:46:08+00:00","dateModified":"2026-02-03T18:38:54+00:00","description":"La robe inspir\u00e9e de Blanche-Neige ajoute une touche de modernit\u00e9 au look classique de la princesse avec un corsage en cr\u00eape \u00e0 encolure carr\u00e9e et une jupe en tulle souple. La robe de mari\u00e9e se termine par un chic dos \u00e9chancr\u00e9 et des appliques inspir\u00e9es de la c\u00e9l\u00e8bre fleur de pommier du conte de f\u00e9es. La robe est compl\u00e9t\u00e9e par une magnifique cape pleine longueur inspir\u00e9e du film. Chez Koonings, vous trouverez la derni\u00e8re collection de Disney Fairy Tale Weddings !","breadcrumb":{"@id":"https:\/\/www.koonings.com\/fr\/product\/disney-by-allure-snow-white-d317\/#breadcrumb"},"inLanguage":"fr-FR","potentialAction":[{"@type":"ReadAction","target":["https:\/\/www.koonings.com\/fr\/product\/disney-by-allure-snow-white-d317\/"]}]},{"@type":"ImageObject","inLanguage":"fr-FR","@id":"https:\/\/www.koonings.com\/fr\/product\/disney-by-allure-snow-white-d317\/#primaryimage","url":"https:\/\/www.koonings.com\/wp-content\/uploads\/2024\/11\/48818_9a2cd7946db5a85e5a2228fdc8a4880f81c2ec5d29edbcf681ff731031c683b308773fea-scaled.jpeg","contentUrl":"https:\/\/www.koonings.com\/wp-content\/uploads\/2024\/11\/48818_9a2cd7946db5a85e5a2228fdc8a4880f81c2ec5d29edbcf681ff731031c683b308773fea-scaled.jpeg","width":1813,"height":2560},{"@type":"BreadcrumbList","@id":"https:\/\/www.koonings.com\/fr\/product\/disney-by-allure-snow-white-d317\/#breadcrumb","itemListElement":[{"@type":"ListItem","position":1,"name":"Home","item":"https:\/\/www.koonings.com\/fr\/"},{"@type":"ListItem","position":2,"name":"Disney by Allure Blanche-Neige D317"}]},{"@type":"WebSite","@id":"https:\/\/www.koonings.com\/fr\/#website","url":"https:\/\/www.koonings.com\/fr\/","name":"Koonings","description":"De grootste bruidsmodewinkel ter wereld","publisher":{"@id":"https:\/\/www.koonings.com\/fr\/#organization"},"potentialAction":[{"@type":"SearchAction","target":{"@type":"EntryPoint","urlTemplate":"https:\/\/www.koonings.com\/fr\/?s={search_term_string}"},"query-input":{"@type":"PropertyValueSpecification","valueRequired":true,"valueName":"search_term_string"}}],"inLanguage":"fr-FR"},{"@type":"Organization","@id":"https:\/\/www.koonings.com\/fr\/#organization","name":"Koonings","url":"https:\/\/www.koonings.com\/fr\/","logo":{"@type":"ImageObject","inLanguage":"fr-FR","@id":"https:\/\/www.koonings.com\/fr\/#\/schema\/logo\/image\/","url":"https:\/\/www.koonings.com\/wp-content\/uploads\/2024\/07\/logo.png","contentUrl":"https:\/\/www.koonings.com\/wp-content\/uploads\/2024\/07\/logo.png","width":600,"height":428,"caption":"Koonings"},"image":{"@id":"https:\/\/www.koonings.com\/fr\/#\/schema\/logo\/image\/"},"sameAs":["https:\/\/www.facebook.com\/kooningstheweddingpalace","https:\/\/www.instagram.com\/kooningstheweddingpalace","https:\/\/www.pinterest.com\/koonings","https:\/\/www.youtube.com\/kooningstheweddingpalace"]}]}},"_links":{"self":[{"href":"https:\/\/www.koonings.com\/fr\/wp-json\/wp\/v2\/product\/78372","targetHints":{"allow":["GET"]}}],"collection":[{"href":"https:\/\/www.koonings.com\/fr\/wp-json\/wp\/v2\/product"}],"about":[{"href":"https:\/\/www.koonings.com\/fr\/wp-json\/wp\/v2\/types\/product"}],"wp:featuredmedia":[{"embeddable":true,"href":"https:\/\/www.koonings.com\/fr\/wp-json\/wp\/v2\/media\/64634"}],"wp:attachment":[{"href":"https:\/\/www.koonings.com\/fr\/wp-json\/wp\/v2\/media?parent=78372"}],"wp:term":[{"taxonomy":"productdetails","embeddable":true,"href":"https:\/\/www.koonings.com\/fr\/wp-json\/wp\/v2\/productdetails?post=78372"},{"taxonomy":"productneck","embeddable":true,"href":"https:\/\/www.koonings.com\/fr\/wp-json\/wp\/v2\/productneck?post=78372"},{"taxonomy":"productcolor","embeddable":true,"href":"https:\/\/www.koonings.com\/fr\/wp-json\/wp\/v2\/productcolor?post=78372"},{"taxonomy":"maat","embeddable":true,"href":"https:\/\/www.koonings.com\/fr\/wp-json\/wp\/v2\/maat?post=78372"},{"taxonomy":"productsupplier","embeddable":true,"href":"https:\/\/www.koonings.com\/fr\/wp-json\/wp\/v2\/productsupplier?post=78372"},{"taxonomy":"productsleeve","embeddable":true,"href":"https:\/\/www.koonings.com\/fr\/wp-json\/wp\/v2\/productsleeve?post=78372"},{"taxonomy":"productcategory","embeddable":true,"href":"https:\/\/www.koonings.com\/fr\/wp-json\/wp\/v2\/productcategory?post=78372"},{"taxonomy":"productsilhouette","embeddable":true,"href":"https:\/\/www.koonings.com\/fr\/wp-json\/wp\/v2\/productsilhouette?post=78372"},{"taxonomy":"productstyle","embeddable":true,"href":"https:\/\/www.koonings.com\/fr\/wp-json\/wp\/v2\/productstyle?post=78372"}],"curies":[{"name":"wp","href":"https:\/\/api.w.org\/{rel}","templated":true}]}}