{"id":78332,"date":"2026-04-28T18:06:38","date_gmt":"2026-04-28T16:06:38","guid":{"rendered":"https:\/\/www.koonings.com\/product\/demetrios-by-you-t202-top\/"},"modified":"2026-02-16T14:44:51","modified_gmt":"2026-02-16T13:44:51","slug":"demetrios-by-you-t202-top","status":"publish","type":"product","link":"https:\/\/www.koonings.com\/fr\/product\/demetrios-by-you-t202-top\/","title":{"rendered":"Top Demetrios By You T202"},"content":{"rendered":"<p>Nouveaut\u00e9 dans notre shop-in-shop Demetrios : un concept unique o\u00f9 vous avez la possibilit\u00e9 de composer vous-m\u00eame la robe de mari\u00e9e parfaite. Choix de cinq hauts diff\u00e9rents et de trois types de jupes. Optez pour un corsage en dentelle et une jupe ample ou faites votre choix parmi les robes de mari\u00e9e compl\u00e8tes. Le top \u00e0 bretelles T202 a des bretelles amovibles. Vous pouvez le porter sans bretelles, ou avec les bretelles sur les \u00e9paules et sans bretelles avec la jupe SK06.<\/p>\n","protected":false},"featured_media":61436,"template":"","meta":{"_acf_changed":false,"ghostkit_customizer_options":"","ghostkit_custom_css":"","ghostkit_custom_js_head":"","ghostkit_custom_js_foot":"","ghostkit_typography":""},"productdetails":[],"productneck":[355],"productcolor":[392],"maat":[],"productsupplier":[467],"productsleeve":[363],"productcategory":[18],"productsilhouette":[389],"productstyle":[],"class_list":["post-78332","product","type-product","status-publish","has-post-thumbnail","hentry","productneck-355","productcolor-392","productsupplier-demetrios-by-you","productsleeve-363","productcategory-trouwjurken","productsilhouette-389"],"acf":[],"yoast_head":"<!-- This site is optimized with the Yoast SEO plugin v27.3 - https:\/\/yoast.com\/product\/yoast-seo-wordpress\/ -->\n<title>Top Demetrios By You T202 | Koonings<\/title>\n<meta name=\"description\" content=\"Nouveaut\u00e9 dans notre shop-in-shop Demetrios : un concept unique o\u00f9 vous avez la possibilit\u00e9 de composer vous-m\u00eame la robe de mari\u00e9e parfaite. Choix de cinq hauts diff\u00e9rents et de trois types de jupes. Optez pour un corsage en dentelle et une jupe ample ou faites votre choix parmi les robes de mari\u00e9e compl\u00e8tes. Le top \u00e0 bretelles T202 a des bretelles amovibles. Vous pouvez le porter sans bretelles, ou avec les bretelles sur les \u00e9paules et sans bretelles avec la jupe SK06.\" \/>\n<meta name=\"robots\" content=\"index, follow, max-snippet:-1, max-image-preview:large, max-video-preview:-1\" \/>\n<link rel=\"canonical\" href=\"https:\/\/www.koonings.com\/fr\/product\/demetrios-by-you-t202-top\/\" \/>\n<meta property=\"og:locale\" content=\"fr_FR\" \/>\n<meta property=\"og:type\" content=\"article\" \/>\n<meta property=\"og:title\" content=\"Top Demetrios By You T202 | Koonings\" \/>\n<meta property=\"og:description\" content=\"Nouveaut\u00e9 dans notre shop-in-shop Demetrios : un concept unique o\u00f9 vous avez la possibilit\u00e9 de composer vous-m\u00eame la robe de mari\u00e9e parfaite. Choix de cinq hauts diff\u00e9rents et de trois types de jupes. Optez pour un corsage en dentelle et une jupe ample ou faites votre choix parmi les robes de mari\u00e9e compl\u00e8tes. Le top \u00e0 bretelles T202 a des bretelles amovibles. Vous pouvez le porter sans bretelles, ou avec les bretelles sur les \u00e9paules et sans bretelles avec la jupe SK06.\" \/>\n<meta property=\"og:url\" content=\"https:\/\/www.koonings.com\/fr\/product\/demetrios-by-you-t202-top\/\" \/>\n<meta property=\"og:site_name\" content=\"Koonings\" \/>\n<meta property=\"article:publisher\" content=\"https:\/\/www.facebook.com\/kooningstheweddingpalace\" \/>\n<meta property=\"og:image\" content=\"https:\/\/www.koonings.com\/wp-content\/uploads\/2024\/11\/36710_a57225a26d86a8524e77724255d9550493cde7ce27cee519f8fa5ff15ddcf5478e378b65-scaled.jpeg\" \/>\n\t<meta property=\"og:image:width\" content=\"1813\" \/>\n\t<meta property=\"og:image:height\" content=\"2560\" \/>\n\t<meta property=\"og:image:type\" content=\"image\/jpeg\" \/>\n<meta name=\"twitter:card\" content=\"summary_large_image\" \/>\n<script type=\"application\/ld+json\" class=\"yoast-schema-graph\">{\"@context\":\"https:\\\/\\\/schema.org\",\"@graph\":[{\"@type\":\"WebPage\",\"@id\":\"https:\\\/\\\/www.koonings.com\\\/fr\\\/product\\\/demetrios-by-you-t202-top\\\/\",\"url\":\"https:\\\/\\\/www.koonings.com\\\/fr\\\/product\\\/demetrios-by-you-t202-top\\\/\",\"name\":\"Top Demetrios By You T202 | Koonings\",\"isPartOf\":{\"@id\":\"https:\\\/\\\/www.koonings.com\\\/fr\\\/#website\"},\"primaryImageOfPage\":{\"@id\":\"https:\\\/\\\/www.koonings.com\\\/fr\\\/product\\\/demetrios-by-you-t202-top\\\/#primaryimage\"},\"image\":{\"@id\":\"https:\\\/\\\/www.koonings.com\\\/fr\\\/product\\\/demetrios-by-you-t202-top\\\/#primaryimage\"},\"thumbnailUrl\":\"https:\\\/\\\/www.koonings.com\\\/wp-content\\\/uploads\\\/2024\\\/11\\\/36710_a57225a26d86a8524e77724255d9550493cde7ce27cee519f8fa5ff15ddcf5478e378b65-scaled.jpeg\",\"datePublished\":\"2026-04-28T16:06:38+00:00\",\"description\":\"Nouveaut\u00e9 dans notre shop-in-shop Demetrios : un concept unique o\u00f9 vous avez la possibilit\u00e9 de composer vous-m\u00eame la robe de mari\u00e9e parfaite. Choix de cinq hauts diff\u00e9rents et de trois types de jupes. Optez pour un corsage en dentelle et une jupe ample ou faites votre choix parmi les robes de mari\u00e9e compl\u00e8tes. Le top \u00e0 bretelles T202 a des bretelles amovibles. Vous pouvez le porter sans bretelles, ou avec les bretelles sur les \u00e9paules et sans bretelles avec la jupe SK06.\",\"breadcrumb\":{\"@id\":\"https:\\\/\\\/www.koonings.com\\\/fr\\\/product\\\/demetrios-by-you-t202-top\\\/#breadcrumb\"},\"inLanguage\":\"fr-FR\",\"potentialAction\":[{\"@type\":\"ReadAction\",\"target\":[\"https:\\\/\\\/www.koonings.com\\\/fr\\\/product\\\/demetrios-by-you-t202-top\\\/\"]}]},{\"@type\":\"ImageObject\",\"inLanguage\":\"fr-FR\",\"@id\":\"https:\\\/\\\/www.koonings.com\\\/fr\\\/product\\\/demetrios-by-you-t202-top\\\/#primaryimage\",\"url\":\"https:\\\/\\\/www.koonings.com\\\/wp-content\\\/uploads\\\/2024\\\/11\\\/36710_a57225a26d86a8524e77724255d9550493cde7ce27cee519f8fa5ff15ddcf5478e378b65-scaled.jpeg\",\"contentUrl\":\"https:\\\/\\\/www.koonings.com\\\/wp-content\\\/uploads\\\/2024\\\/11\\\/36710_a57225a26d86a8524e77724255d9550493cde7ce27cee519f8fa5ff15ddcf5478e378b65-scaled.jpeg\",\"width\":1813,\"height\":2560},{\"@type\":\"BreadcrumbList\",\"@id\":\"https:\\\/\\\/www.koonings.com\\\/fr\\\/product\\\/demetrios-by-you-t202-top\\\/#breadcrumb\",\"itemListElement\":[{\"@type\":\"ListItem\",\"position\":1,\"name\":\"Home\",\"item\":\"https:\\\/\\\/www.koonings.com\\\/fr\\\/\"},{\"@type\":\"ListItem\",\"position\":2,\"name\":\"Top Demetrios By You T202\"}]},{\"@type\":\"WebSite\",\"@id\":\"https:\\\/\\\/www.koonings.com\\\/fr\\\/#website\",\"url\":\"https:\\\/\\\/www.koonings.com\\\/fr\\\/\",\"name\":\"Koonings\",\"description\":\"De grootste bruidsmodewinkel ter wereld\",\"publisher\":{\"@id\":\"https:\\\/\\\/www.koonings.com\\\/fr\\\/#organization\"},\"potentialAction\":[{\"@type\":\"SearchAction\",\"target\":{\"@type\":\"EntryPoint\",\"urlTemplate\":\"https:\\\/\\\/www.koonings.com\\\/fr\\\/?s={search_term_string}\"},\"query-input\":{\"@type\":\"PropertyValueSpecification\",\"valueRequired\":true,\"valueName\":\"search_term_string\"}}],\"inLanguage\":\"fr-FR\"},{\"@type\":\"Organization\",\"@id\":\"https:\\\/\\\/www.koonings.com\\\/fr\\\/#organization\",\"name\":\"Koonings\",\"url\":\"https:\\\/\\\/www.koonings.com\\\/fr\\\/\",\"logo\":{\"@type\":\"ImageObject\",\"inLanguage\":\"fr-FR\",\"@id\":\"https:\\\/\\\/www.koonings.com\\\/fr\\\/#\\\/schema\\\/logo\\\/image\\\/\",\"url\":\"https:\\\/\\\/www.koonings.com\\\/wp-content\\\/uploads\\\/2024\\\/07\\\/logo.png\",\"contentUrl\":\"https:\\\/\\\/www.koonings.com\\\/wp-content\\\/uploads\\\/2024\\\/07\\\/logo.png\",\"width\":600,\"height\":428,\"caption\":\"Koonings\"},\"image\":{\"@id\":\"https:\\\/\\\/www.koonings.com\\\/fr\\\/#\\\/schema\\\/logo\\\/image\\\/\"},\"sameAs\":[\"https:\\\/\\\/www.facebook.com\\\/kooningstheweddingpalace\",\"https:\\\/\\\/www.instagram.com\\\/kooningstheweddingpalace\",\"https:\\\/\\\/www.pinterest.com\\\/koonings\",\"https:\\\/\\\/www.youtube.com\\\/kooningstheweddingpalace\"]}]}<\/script>\n<!-- \/ Yoast SEO plugin. -->","yoast_head_json":{"title":"Top Demetrios By You T202 | Koonings","description":"Nouveaut\u00e9 dans notre shop-in-shop Demetrios : un concept unique o\u00f9 vous avez la possibilit\u00e9 de composer vous-m\u00eame la robe de mari\u00e9e parfaite. Choix de cinq hauts diff\u00e9rents et de trois types de jupes. Optez pour un corsage en dentelle et une jupe ample ou faites votre choix parmi les robes de mari\u00e9e compl\u00e8tes. Le top \u00e0 bretelles T202 a des bretelles amovibles. Vous pouvez le porter sans bretelles, ou avec les bretelles sur les \u00e9paules et sans bretelles avec la jupe SK06.","robots":{"index":"index","follow":"follow","max-snippet":"max-snippet:-1","max-image-preview":"max-image-preview:large","max-video-preview":"max-video-preview:-1"},"canonical":"https:\/\/www.koonings.com\/fr\/product\/demetrios-by-you-t202-top\/","og_locale":"fr_FR","og_type":"article","og_title":"Top Demetrios By You T202 | Koonings","og_description":"Nouveaut\u00e9 dans notre shop-in-shop Demetrios : un concept unique o\u00f9 vous avez la possibilit\u00e9 de composer vous-m\u00eame la robe de mari\u00e9e parfaite. Choix de cinq hauts diff\u00e9rents et de trois types de jupes. Optez pour un corsage en dentelle et une jupe ample ou faites votre choix parmi les robes de mari\u00e9e compl\u00e8tes. Le top \u00e0 bretelles T202 a des bretelles amovibles. Vous pouvez le porter sans bretelles, ou avec les bretelles sur les \u00e9paules et sans bretelles avec la jupe SK06.","og_url":"https:\/\/www.koonings.com\/fr\/product\/demetrios-by-you-t202-top\/","og_site_name":"Koonings","article_publisher":"https:\/\/www.facebook.com\/kooningstheweddingpalace","og_image":[{"width":1813,"height":2560,"url":"https:\/\/www.koonings.com\/wp-content\/uploads\/2024\/11\/36710_a57225a26d86a8524e77724255d9550493cde7ce27cee519f8fa5ff15ddcf5478e378b65-scaled.jpeg","type":"image\/jpeg"}],"twitter_card":"summary_large_image","schema":{"@context":"https:\/\/schema.org","@graph":[{"@type":"WebPage","@id":"https:\/\/www.koonings.com\/fr\/product\/demetrios-by-you-t202-top\/","url":"https:\/\/www.koonings.com\/fr\/product\/demetrios-by-you-t202-top\/","name":"Top Demetrios By You T202 | Koonings","isPartOf":{"@id":"https:\/\/www.koonings.com\/fr\/#website"},"primaryImageOfPage":{"@id":"https:\/\/www.koonings.com\/fr\/product\/demetrios-by-you-t202-top\/#primaryimage"},"image":{"@id":"https:\/\/www.koonings.com\/fr\/product\/demetrios-by-you-t202-top\/#primaryimage"},"thumbnailUrl":"https:\/\/www.koonings.com\/wp-content\/uploads\/2024\/11\/36710_a57225a26d86a8524e77724255d9550493cde7ce27cee519f8fa5ff15ddcf5478e378b65-scaled.jpeg","datePublished":"2026-04-28T16:06:38+00:00","description":"Nouveaut\u00e9 dans notre shop-in-shop Demetrios : un concept unique o\u00f9 vous avez la possibilit\u00e9 de composer vous-m\u00eame la robe de mari\u00e9e parfaite. Choix de cinq hauts diff\u00e9rents et de trois types de jupes. Optez pour un corsage en dentelle et une jupe ample ou faites votre choix parmi les robes de mari\u00e9e compl\u00e8tes. Le top \u00e0 bretelles T202 a des bretelles amovibles. Vous pouvez le porter sans bretelles, ou avec les bretelles sur les \u00e9paules et sans bretelles avec la jupe SK06.","breadcrumb":{"@id":"https:\/\/www.koonings.com\/fr\/product\/demetrios-by-you-t202-top\/#breadcrumb"},"inLanguage":"fr-FR","potentialAction":[{"@type":"ReadAction","target":["https:\/\/www.koonings.com\/fr\/product\/demetrios-by-you-t202-top\/"]}]},{"@type":"ImageObject","inLanguage":"fr-FR","@id":"https:\/\/www.koonings.com\/fr\/product\/demetrios-by-you-t202-top\/#primaryimage","url":"https:\/\/www.koonings.com\/wp-content\/uploads\/2024\/11\/36710_a57225a26d86a8524e77724255d9550493cde7ce27cee519f8fa5ff15ddcf5478e378b65-scaled.jpeg","contentUrl":"https:\/\/www.koonings.com\/wp-content\/uploads\/2024\/11\/36710_a57225a26d86a8524e77724255d9550493cde7ce27cee519f8fa5ff15ddcf5478e378b65-scaled.jpeg","width":1813,"height":2560},{"@type":"BreadcrumbList","@id":"https:\/\/www.koonings.com\/fr\/product\/demetrios-by-you-t202-top\/#breadcrumb","itemListElement":[{"@type":"ListItem","position":1,"name":"Home","item":"https:\/\/www.koonings.com\/fr\/"},{"@type":"ListItem","position":2,"name":"Top Demetrios By You T202"}]},{"@type":"WebSite","@id":"https:\/\/www.koonings.com\/fr\/#website","url":"https:\/\/www.koonings.com\/fr\/","name":"Koonings","description":"De grootste bruidsmodewinkel ter wereld","publisher":{"@id":"https:\/\/www.koonings.com\/fr\/#organization"},"potentialAction":[{"@type":"SearchAction","target":{"@type":"EntryPoint","urlTemplate":"https:\/\/www.koonings.com\/fr\/?s={search_term_string}"},"query-input":{"@type":"PropertyValueSpecification","valueRequired":true,"valueName":"search_term_string"}}],"inLanguage":"fr-FR"},{"@type":"Organization","@id":"https:\/\/www.koonings.com\/fr\/#organization","name":"Koonings","url":"https:\/\/www.koonings.com\/fr\/","logo":{"@type":"ImageObject","inLanguage":"fr-FR","@id":"https:\/\/www.koonings.com\/fr\/#\/schema\/logo\/image\/","url":"https:\/\/www.koonings.com\/wp-content\/uploads\/2024\/07\/logo.png","contentUrl":"https:\/\/www.koonings.com\/wp-content\/uploads\/2024\/07\/logo.png","width":600,"height":428,"caption":"Koonings"},"image":{"@id":"https:\/\/www.koonings.com\/fr\/#\/schema\/logo\/image\/"},"sameAs":["https:\/\/www.facebook.com\/kooningstheweddingpalace","https:\/\/www.instagram.com\/kooningstheweddingpalace","https:\/\/www.pinterest.com\/koonings","https:\/\/www.youtube.com\/kooningstheweddingpalace"]}]}},"_links":{"self":[{"href":"https:\/\/www.koonings.com\/fr\/wp-json\/wp\/v2\/product\/78332","targetHints":{"allow":["GET"]}}],"collection":[{"href":"https:\/\/www.koonings.com\/fr\/wp-json\/wp\/v2\/product"}],"about":[{"href":"https:\/\/www.koonings.com\/fr\/wp-json\/wp\/v2\/types\/product"}],"wp:featuredmedia":[{"embeddable":true,"href":"https:\/\/www.koonings.com\/fr\/wp-json\/wp\/v2\/media\/61436"}],"wp:attachment":[{"href":"https:\/\/www.koonings.com\/fr\/wp-json\/wp\/v2\/media?parent=78332"}],"wp:term":[{"taxonomy":"productdetails","embeddable":true,"href":"https:\/\/www.koonings.com\/fr\/wp-json\/wp\/v2\/productdetails?post=78332"},{"taxonomy":"productneck","embeddable":true,"href":"https:\/\/www.koonings.com\/fr\/wp-json\/wp\/v2\/productneck?post=78332"},{"taxonomy":"productcolor","embeddable":true,"href":"https:\/\/www.koonings.com\/fr\/wp-json\/wp\/v2\/productcolor?post=78332"},{"taxonomy":"maat","embeddable":true,"href":"https:\/\/www.koonings.com\/fr\/wp-json\/wp\/v2\/maat?post=78332"},{"taxonomy":"productsupplier","embeddable":true,"href":"https:\/\/www.koonings.com\/fr\/wp-json\/wp\/v2\/productsupplier?post=78332"},{"taxonomy":"productsleeve","embeddable":true,"href":"https:\/\/www.koonings.com\/fr\/wp-json\/wp\/v2\/productsleeve?post=78332"},{"taxonomy":"productcategory","embeddable":true,"href":"https:\/\/www.koonings.com\/fr\/wp-json\/wp\/v2\/productcategory?post=78332"},{"taxonomy":"productsilhouette","embeddable":true,"href":"https:\/\/www.koonings.com\/fr\/wp-json\/wp\/v2\/productsilhouette?post=78332"},{"taxonomy":"productstyle","embeddable":true,"href":"https:\/\/www.koonings.com\/fr\/wp-json\/wp\/v2\/productstyle?post=78332"}],"curies":[{"name":"wp","href":"https:\/\/api.w.org\/{rel}","templated":true}]}}