{"id":78319,"date":"2026-04-14T16:16:36","date_gmt":"2026-04-14T14:16:36","guid":{"rendered":"https:\/\/www.koonings.com\/product\/alta-moda-by-demetrios-am28\/"},"modified":"2025-06-05T13:28:58","modified_gmt":"2025-06-05T11:28:58","slug":"alta-moda-by-demetrios-am28","status":"publish","type":"product","link":"https:\/\/www.koonings.com\/fr\/product\/alta-moda-by-demetrios-am28\/","title":{"rendered":"Alta Moda by Demetrios AM28"},"content":{"rendered":"<p>Une superbe robe de mari\u00e9e noire pour les mari\u00e9es audacieuses. Des silhouettes de sir\u00e8ne flatteuses aux somptueuses robes de bal, la collection Alta Moda incarne le v\u00e9ritable luxe nuptial et le savoir-faire de la couture. La collection Alta Moda se concentre sur la cr\u00e9ation de looks pour les mari\u00e9es embl\u00e9matiques qui n&#8217;ont pas froid aux yeux et qui veulent marquer leur journ\u00e9e d&#8217;une empreinte inoubliable. D\u00e9couvrez les versions ivoire et blanche de cette robe de style 1256 de la collection Demetrios.   <\/p>\n","protected":false},"featured_media":61454,"template":"","meta":{"_acf_changed":false,"ghostkit_customizer_options":"","ghostkit_custom_css":"","ghostkit_custom_js_head":"","ghostkit_custom_js_foot":"","ghostkit_typography":""},"productdetails":[],"productneck":[356],"productcolor":[394],"maat":[],"productsupplier":[468],"productsleeve":[363],"productcategory":[18],"productsilhouette":[384],"productstyle":[366],"class_list":["post-78319","product","type-product","status-publish","has-post-thumbnail","hentry","productneck-356","productcolor-394","productsupplier-alta-moda-by-demetrios","productsleeve-363","productcategory-trouwjurken","productsilhouette-384","productstyle-366"],"acf":[],"yoast_head":"<!-- This site is optimized with the Yoast SEO plugin v27.3 - https:\/\/yoast.com\/product\/yoast-seo-wordpress\/ -->\n<title>Alta Moda by Demetrios AM28 | Koonings<\/title>\n<meta name=\"description\" content=\"Une superbe robe de mari\u00e9e noire pour les mari\u00e9es audacieuses. Des silhouettes de sir\u00e8ne flatteuses aux somptueuses robes de bal, la collection Alta Moda incarne le v\u00e9ritable luxe nuptial et le savoir-faire de la couture. La collection Alta Moda se concentre sur la cr\u00e9ation de looks pour les mari\u00e9es embl\u00e9matiques qui n&#039;ont pas froid aux yeux et qui veulent marquer leur journ\u00e9e d&#039;une empreinte inoubliable. D\u00e9couvrez les versions ivoire et blanche de cette robe de style 1256 de la collection Demetrios.\" \/>\n<meta name=\"robots\" content=\"index, follow, max-snippet:-1, max-image-preview:large, max-video-preview:-1\" \/>\n<link rel=\"canonical\" href=\"https:\/\/www.koonings.com\/fr\/product\/alta-moda-by-demetrios-am28\/\" \/>\n<meta property=\"og:locale\" content=\"fr_FR\" \/>\n<meta property=\"og:type\" content=\"article\" \/>\n<meta property=\"og:title\" content=\"Alta Moda by Demetrios AM28 | Koonings\" \/>\n<meta property=\"og:description\" content=\"Une superbe robe de mari\u00e9e noire pour les mari\u00e9es audacieuses. Des silhouettes de sir\u00e8ne flatteuses aux somptueuses robes de bal, la collection Alta Moda incarne le v\u00e9ritable luxe nuptial et le savoir-faire de la couture. La collection Alta Moda se concentre sur la cr\u00e9ation de looks pour les mari\u00e9es embl\u00e9matiques qui n&#039;ont pas froid aux yeux et qui veulent marquer leur journ\u00e9e d&#039;une empreinte inoubliable. D\u00e9couvrez les versions ivoire et blanche de cette robe de style 1256 de la collection Demetrios.\" \/>\n<meta property=\"og:url\" content=\"https:\/\/www.koonings.com\/fr\/product\/alta-moda-by-demetrios-am28\/\" \/>\n<meta property=\"og:site_name\" content=\"Koonings\" \/>\n<meta property=\"article:publisher\" content=\"https:\/\/www.facebook.com\/kooningstheweddingpalace\" \/>\n<meta property=\"og:image\" content=\"https:\/\/www.koonings.com\/wp-content\/uploads\/2024\/11\/39805_c4864437af105184d7b83124b5aaab58d248538878f55180b8cb1628f307c59dfd806430-scaled.jpeg\" \/>\n\t<meta property=\"og:image:width\" content=\"1809\" \/>\n\t<meta property=\"og:image:height\" content=\"2560\" \/>\n\t<meta property=\"og:image:type\" content=\"image\/jpeg\" \/>\n<meta name=\"twitter:card\" content=\"summary_large_image\" \/>\n<script type=\"application\/ld+json\" class=\"yoast-schema-graph\">{\"@context\":\"https:\\\/\\\/schema.org\",\"@graph\":[{\"@type\":\"WebPage\",\"@id\":\"https:\\\/\\\/www.koonings.com\\\/fr\\\/product\\\/alta-moda-by-demetrios-am28\\\/\",\"url\":\"https:\\\/\\\/www.koonings.com\\\/fr\\\/product\\\/alta-moda-by-demetrios-am28\\\/\",\"name\":\"Alta Moda by Demetrios AM28 | Koonings\",\"isPartOf\":{\"@id\":\"https:\\\/\\\/www.koonings.com\\\/fr\\\/#website\"},\"primaryImageOfPage\":{\"@id\":\"https:\\\/\\\/www.koonings.com\\\/fr\\\/product\\\/alta-moda-by-demetrios-am28\\\/#primaryimage\"},\"image\":{\"@id\":\"https:\\\/\\\/www.koonings.com\\\/fr\\\/product\\\/alta-moda-by-demetrios-am28\\\/#primaryimage\"},\"thumbnailUrl\":\"https:\\\/\\\/www.koonings.com\\\/wp-content\\\/uploads\\\/2024\\\/11\\\/39805_c4864437af105184d7b83124b5aaab58d248538878f55180b8cb1628f307c59dfd806430-scaled.jpeg\",\"datePublished\":\"2026-04-14T14:16:36+00:00\",\"description\":\"Une superbe robe de mari\u00e9e noire pour les mari\u00e9es audacieuses. Des silhouettes de sir\u00e8ne flatteuses aux somptueuses robes de bal, la collection Alta Moda incarne le v\u00e9ritable luxe nuptial et le savoir-faire de la couture. La collection Alta Moda se concentre sur la cr\u00e9ation de looks pour les mari\u00e9es embl\u00e9matiques qui n'ont pas froid aux yeux et qui veulent marquer leur journ\u00e9e d'une empreinte inoubliable. D\u00e9couvrez les versions ivoire et blanche de cette robe de style 1256 de la collection Demetrios.\",\"breadcrumb\":{\"@id\":\"https:\\\/\\\/www.koonings.com\\\/fr\\\/product\\\/alta-moda-by-demetrios-am28\\\/#breadcrumb\"},\"inLanguage\":\"fr-FR\",\"potentialAction\":[{\"@type\":\"ReadAction\",\"target\":[\"https:\\\/\\\/www.koonings.com\\\/fr\\\/product\\\/alta-moda-by-demetrios-am28\\\/\"]}]},{\"@type\":\"ImageObject\",\"inLanguage\":\"fr-FR\",\"@id\":\"https:\\\/\\\/www.koonings.com\\\/fr\\\/product\\\/alta-moda-by-demetrios-am28\\\/#primaryimage\",\"url\":\"https:\\\/\\\/www.koonings.com\\\/wp-content\\\/uploads\\\/2024\\\/11\\\/39805_c4864437af105184d7b83124b5aaab58d248538878f55180b8cb1628f307c59dfd806430-scaled.jpeg\",\"contentUrl\":\"https:\\\/\\\/www.koonings.com\\\/wp-content\\\/uploads\\\/2024\\\/11\\\/39805_c4864437af105184d7b83124b5aaab58d248538878f55180b8cb1628f307c59dfd806430-scaled.jpeg\",\"width\":1809,\"height\":2560},{\"@type\":\"BreadcrumbList\",\"@id\":\"https:\\\/\\\/www.koonings.com\\\/fr\\\/product\\\/alta-moda-by-demetrios-am28\\\/#breadcrumb\",\"itemListElement\":[{\"@type\":\"ListItem\",\"position\":1,\"name\":\"Home\",\"item\":\"https:\\\/\\\/www.koonings.com\\\/fr\\\/\"},{\"@type\":\"ListItem\",\"position\":2,\"name\":\"Alta Moda by Demetrios AM28\"}]},{\"@type\":\"WebSite\",\"@id\":\"https:\\\/\\\/www.koonings.com\\\/fr\\\/#website\",\"url\":\"https:\\\/\\\/www.koonings.com\\\/fr\\\/\",\"name\":\"Koonings\",\"description\":\"De grootste bruidsmodewinkel ter wereld\",\"publisher\":{\"@id\":\"https:\\\/\\\/www.koonings.com\\\/fr\\\/#organization\"},\"potentialAction\":[{\"@type\":\"SearchAction\",\"target\":{\"@type\":\"EntryPoint\",\"urlTemplate\":\"https:\\\/\\\/www.koonings.com\\\/fr\\\/?s={search_term_string}\"},\"query-input\":{\"@type\":\"PropertyValueSpecification\",\"valueRequired\":true,\"valueName\":\"search_term_string\"}}],\"inLanguage\":\"fr-FR\"},{\"@type\":\"Organization\",\"@id\":\"https:\\\/\\\/www.koonings.com\\\/fr\\\/#organization\",\"name\":\"Koonings\",\"url\":\"https:\\\/\\\/www.koonings.com\\\/fr\\\/\",\"logo\":{\"@type\":\"ImageObject\",\"inLanguage\":\"fr-FR\",\"@id\":\"https:\\\/\\\/www.koonings.com\\\/fr\\\/#\\\/schema\\\/logo\\\/image\\\/\",\"url\":\"https:\\\/\\\/www.koonings.com\\\/wp-content\\\/uploads\\\/2024\\\/07\\\/logo.png\",\"contentUrl\":\"https:\\\/\\\/www.koonings.com\\\/wp-content\\\/uploads\\\/2024\\\/07\\\/logo.png\",\"width\":600,\"height\":428,\"caption\":\"Koonings\"},\"image\":{\"@id\":\"https:\\\/\\\/www.koonings.com\\\/fr\\\/#\\\/schema\\\/logo\\\/image\\\/\"},\"sameAs\":[\"https:\\\/\\\/www.facebook.com\\\/kooningstheweddingpalace\",\"https:\\\/\\\/www.instagram.com\\\/kooningstheweddingpalace\",\"https:\\\/\\\/www.pinterest.com\\\/koonings\",\"https:\\\/\\\/www.youtube.com\\\/kooningstheweddingpalace\"]}]}<\/script>\n<!-- \/ Yoast SEO plugin. -->","yoast_head_json":{"title":"Alta Moda by Demetrios AM28 | Koonings","description":"Une superbe robe de mari\u00e9e noire pour les mari\u00e9es audacieuses. Des silhouettes de sir\u00e8ne flatteuses aux somptueuses robes de bal, la collection Alta Moda incarne le v\u00e9ritable luxe nuptial et le savoir-faire de la couture. La collection Alta Moda se concentre sur la cr\u00e9ation de looks pour les mari\u00e9es embl\u00e9matiques qui n'ont pas froid aux yeux et qui veulent marquer leur journ\u00e9e d'une empreinte inoubliable. D\u00e9couvrez les versions ivoire et blanche de cette robe de style 1256 de la collection Demetrios.","robots":{"index":"index","follow":"follow","max-snippet":"max-snippet:-1","max-image-preview":"max-image-preview:large","max-video-preview":"max-video-preview:-1"},"canonical":"https:\/\/www.koonings.com\/fr\/product\/alta-moda-by-demetrios-am28\/","og_locale":"fr_FR","og_type":"article","og_title":"Alta Moda by Demetrios AM28 | Koonings","og_description":"Une superbe robe de mari\u00e9e noire pour les mari\u00e9es audacieuses. Des silhouettes de sir\u00e8ne flatteuses aux somptueuses robes de bal, la collection Alta Moda incarne le v\u00e9ritable luxe nuptial et le savoir-faire de la couture. La collection Alta Moda se concentre sur la cr\u00e9ation de looks pour les mari\u00e9es embl\u00e9matiques qui n'ont pas froid aux yeux et qui veulent marquer leur journ\u00e9e d'une empreinte inoubliable. D\u00e9couvrez les versions ivoire et blanche de cette robe de style 1256 de la collection Demetrios.","og_url":"https:\/\/www.koonings.com\/fr\/product\/alta-moda-by-demetrios-am28\/","og_site_name":"Koonings","article_publisher":"https:\/\/www.facebook.com\/kooningstheweddingpalace","og_image":[{"width":1809,"height":2560,"url":"https:\/\/www.koonings.com\/wp-content\/uploads\/2024\/11\/39805_c4864437af105184d7b83124b5aaab58d248538878f55180b8cb1628f307c59dfd806430-scaled.jpeg","type":"image\/jpeg"}],"twitter_card":"summary_large_image","schema":{"@context":"https:\/\/schema.org","@graph":[{"@type":"WebPage","@id":"https:\/\/www.koonings.com\/fr\/product\/alta-moda-by-demetrios-am28\/","url":"https:\/\/www.koonings.com\/fr\/product\/alta-moda-by-demetrios-am28\/","name":"Alta Moda by Demetrios AM28 | Koonings","isPartOf":{"@id":"https:\/\/www.koonings.com\/fr\/#website"},"primaryImageOfPage":{"@id":"https:\/\/www.koonings.com\/fr\/product\/alta-moda-by-demetrios-am28\/#primaryimage"},"image":{"@id":"https:\/\/www.koonings.com\/fr\/product\/alta-moda-by-demetrios-am28\/#primaryimage"},"thumbnailUrl":"https:\/\/www.koonings.com\/wp-content\/uploads\/2024\/11\/39805_c4864437af105184d7b83124b5aaab58d248538878f55180b8cb1628f307c59dfd806430-scaled.jpeg","datePublished":"2026-04-14T14:16:36+00:00","description":"Une superbe robe de mari\u00e9e noire pour les mari\u00e9es audacieuses. Des silhouettes de sir\u00e8ne flatteuses aux somptueuses robes de bal, la collection Alta Moda incarne le v\u00e9ritable luxe nuptial et le savoir-faire de la couture. La collection Alta Moda se concentre sur la cr\u00e9ation de looks pour les mari\u00e9es embl\u00e9matiques qui n'ont pas froid aux yeux et qui veulent marquer leur journ\u00e9e d'une empreinte inoubliable. D\u00e9couvrez les versions ivoire et blanche de cette robe de style 1256 de la collection Demetrios.","breadcrumb":{"@id":"https:\/\/www.koonings.com\/fr\/product\/alta-moda-by-demetrios-am28\/#breadcrumb"},"inLanguage":"fr-FR","potentialAction":[{"@type":"ReadAction","target":["https:\/\/www.koonings.com\/fr\/product\/alta-moda-by-demetrios-am28\/"]}]},{"@type":"ImageObject","inLanguage":"fr-FR","@id":"https:\/\/www.koonings.com\/fr\/product\/alta-moda-by-demetrios-am28\/#primaryimage","url":"https:\/\/www.koonings.com\/wp-content\/uploads\/2024\/11\/39805_c4864437af105184d7b83124b5aaab58d248538878f55180b8cb1628f307c59dfd806430-scaled.jpeg","contentUrl":"https:\/\/www.koonings.com\/wp-content\/uploads\/2024\/11\/39805_c4864437af105184d7b83124b5aaab58d248538878f55180b8cb1628f307c59dfd806430-scaled.jpeg","width":1809,"height":2560},{"@type":"BreadcrumbList","@id":"https:\/\/www.koonings.com\/fr\/product\/alta-moda-by-demetrios-am28\/#breadcrumb","itemListElement":[{"@type":"ListItem","position":1,"name":"Home","item":"https:\/\/www.koonings.com\/fr\/"},{"@type":"ListItem","position":2,"name":"Alta Moda by Demetrios AM28"}]},{"@type":"WebSite","@id":"https:\/\/www.koonings.com\/fr\/#website","url":"https:\/\/www.koonings.com\/fr\/","name":"Koonings","description":"De grootste bruidsmodewinkel ter wereld","publisher":{"@id":"https:\/\/www.koonings.com\/fr\/#organization"},"potentialAction":[{"@type":"SearchAction","target":{"@type":"EntryPoint","urlTemplate":"https:\/\/www.koonings.com\/fr\/?s={search_term_string}"},"query-input":{"@type":"PropertyValueSpecification","valueRequired":true,"valueName":"search_term_string"}}],"inLanguage":"fr-FR"},{"@type":"Organization","@id":"https:\/\/www.koonings.com\/fr\/#organization","name":"Koonings","url":"https:\/\/www.koonings.com\/fr\/","logo":{"@type":"ImageObject","inLanguage":"fr-FR","@id":"https:\/\/www.koonings.com\/fr\/#\/schema\/logo\/image\/","url":"https:\/\/www.koonings.com\/wp-content\/uploads\/2024\/07\/logo.png","contentUrl":"https:\/\/www.koonings.com\/wp-content\/uploads\/2024\/07\/logo.png","width":600,"height":428,"caption":"Koonings"},"image":{"@id":"https:\/\/www.koonings.com\/fr\/#\/schema\/logo\/image\/"},"sameAs":["https:\/\/www.facebook.com\/kooningstheweddingpalace","https:\/\/www.instagram.com\/kooningstheweddingpalace","https:\/\/www.pinterest.com\/koonings","https:\/\/www.youtube.com\/kooningstheweddingpalace"]}]}},"_links":{"self":[{"href":"https:\/\/www.koonings.com\/fr\/wp-json\/wp\/v2\/product\/78319","targetHints":{"allow":["GET"]}}],"collection":[{"href":"https:\/\/www.koonings.com\/fr\/wp-json\/wp\/v2\/product"}],"about":[{"href":"https:\/\/www.koonings.com\/fr\/wp-json\/wp\/v2\/types\/product"}],"wp:featuredmedia":[{"embeddable":true,"href":"https:\/\/www.koonings.com\/fr\/wp-json\/wp\/v2\/media\/61454"}],"wp:attachment":[{"href":"https:\/\/www.koonings.com\/fr\/wp-json\/wp\/v2\/media?parent=78319"}],"wp:term":[{"taxonomy":"productdetails","embeddable":true,"href":"https:\/\/www.koonings.com\/fr\/wp-json\/wp\/v2\/productdetails?post=78319"},{"taxonomy":"productneck","embeddable":true,"href":"https:\/\/www.koonings.com\/fr\/wp-json\/wp\/v2\/productneck?post=78319"},{"taxonomy":"productcolor","embeddable":true,"href":"https:\/\/www.koonings.com\/fr\/wp-json\/wp\/v2\/productcolor?post=78319"},{"taxonomy":"maat","embeddable":true,"href":"https:\/\/www.koonings.com\/fr\/wp-json\/wp\/v2\/maat?post=78319"},{"taxonomy":"productsupplier","embeddable":true,"href":"https:\/\/www.koonings.com\/fr\/wp-json\/wp\/v2\/productsupplier?post=78319"},{"taxonomy":"productsleeve","embeddable":true,"href":"https:\/\/www.koonings.com\/fr\/wp-json\/wp\/v2\/productsleeve?post=78319"},{"taxonomy":"productcategory","embeddable":true,"href":"https:\/\/www.koonings.com\/fr\/wp-json\/wp\/v2\/productcategory?post=78319"},{"taxonomy":"productsilhouette","embeddable":true,"href":"https:\/\/www.koonings.com\/fr\/wp-json\/wp\/v2\/productsilhouette?post=78319"},{"taxonomy":"productstyle","embeddable":true,"href":"https:\/\/www.koonings.com\/fr\/wp-json\/wp\/v2\/productstyle?post=78319"}],"curies":[{"name":"wp","href":"https:\/\/api.w.org\/{rel}","templated":true}]}}