{"id":78262,"date":"2025-12-15T00:30:51","date_gmt":"2025-12-14T23:30:51","guid":{"rendered":"https:\/\/www.koonings.com\/product\/alma-novia-hermian\/"},"modified":"2026-02-03T19:29:45","modified_gmt":"2026-02-03T18:29:45","slug":"alma-novia-hermian","status":"publish","type":"product","link":"https:\/\/www.koonings.com\/fr\/product\/alma-novia-hermian\/","title":{"rendered":"Alma Novia Hermian"},"content":{"rendered":"<p>\u00c9l\u00e9gante robe de mari\u00e9e princesse longue et trapue. Compos\u00e9e de tulle, de dentelle et de perles, elle pr\u00e9sente un d\u00e9collet\u00e9 en V, un dos ouvert et une jupe fendue sur le devant. Une cr\u00e9ation exclusive d&#8217;Alma Novia.  <\/p>\n","protected":false},"featured_media":61751,"template":"","meta":{"_acf_changed":false,"ghostkit_customizer_options":"","ghostkit_custom_css":"","ghostkit_custom_js_head":"","ghostkit_custom_js_foot":"","ghostkit_typography":""},"productdetails":[378,381],"productneck":[356],"productcolor":[392],"maat":[],"productsupplier":[459],"productsleeve":[359],"productcategory":[18],"productsilhouette":[384,388],"productstyle":[366,370],"class_list":["post-78262","product","type-product","status-publish","has-post-thumbnail","hentry","productdetails-378","productdetails-381","productneck-356","productcolor-392","productsupplier-alma-novia","productsleeve-359","productcategory-trouwjurken","productsilhouette-384","productsilhouette-388","productstyle-366","productstyle-370"],"acf":[],"yoast_head":"<!-- This site is optimized with the Yoast SEO plugin v27.3 - https:\/\/yoast.com\/product\/yoast-seo-wordpress\/ -->\n<title>Alma Novia Hermian | Koonings<\/title>\n<meta name=\"description\" content=\"\u00c9l\u00e9gante robe de mari\u00e9e princesse longue et trapue. Compos\u00e9e de tulle, de dentelle et de perles, elle pr\u00e9sente un d\u00e9collet\u00e9 en V, un dos ouvert et une jupe fendue sur le devant. Une cr\u00e9ation exclusive d&#039;Alma Novia.\" \/>\n<meta name=\"robots\" content=\"index, follow, max-snippet:-1, max-image-preview:large, max-video-preview:-1\" \/>\n<link rel=\"canonical\" href=\"https:\/\/www.koonings.com\/fr\/product\/alma-novia-hermian\/\" \/>\n<meta property=\"og:locale\" content=\"fr_FR\" \/>\n<meta property=\"og:type\" content=\"article\" \/>\n<meta property=\"og:title\" content=\"Alma Novia Hermian | Koonings\" \/>\n<meta property=\"og:description\" content=\"\u00c9l\u00e9gante robe de mari\u00e9e princesse longue et trapue. Compos\u00e9e de tulle, de dentelle et de perles, elle pr\u00e9sente un d\u00e9collet\u00e9 en V, un dos ouvert et une jupe fendue sur le devant. Une cr\u00e9ation exclusive d&#039;Alma Novia.\" \/>\n<meta property=\"og:url\" content=\"https:\/\/www.koonings.com\/fr\/product\/alma-novia-hermian\/\" \/>\n<meta property=\"og:site_name\" content=\"Koonings\" \/>\n<meta property=\"article:publisher\" content=\"https:\/\/www.facebook.com\/kooningstheweddingpalace\" \/>\n<meta property=\"article:modified_time\" content=\"2026-02-03T18:29:45+00:00\" \/>\n<meta property=\"og:image\" content=\"https:\/\/www.koonings.com\/wp-content\/uploads\/2024\/11\/40567_c772d241fb4728d97fc99241527237b5e4433c7058b15b3d77ba527a601ab03c05357514.jpeg\" \/>\n\t<meta property=\"og:image:width\" content=\"1536\" \/>\n\t<meta property=\"og:image:height\" content=\"1920\" \/>\n\t<meta property=\"og:image:type\" content=\"image\/jpeg\" \/>\n<meta name=\"twitter:card\" content=\"summary_large_image\" \/>\n<script type=\"application\/ld+json\" class=\"yoast-schema-graph\">{\"@context\":\"https:\\\/\\\/schema.org\",\"@graph\":[{\"@type\":\"WebPage\",\"@id\":\"https:\\\/\\\/www.koonings.com\\\/fr\\\/product\\\/alma-novia-hermian\\\/\",\"url\":\"https:\\\/\\\/www.koonings.com\\\/fr\\\/product\\\/alma-novia-hermian\\\/\",\"name\":\"Alma Novia Hermian | Koonings\",\"isPartOf\":{\"@id\":\"https:\\\/\\\/www.koonings.com\\\/fr\\\/#website\"},\"primaryImageOfPage\":{\"@id\":\"https:\\\/\\\/www.koonings.com\\\/fr\\\/product\\\/alma-novia-hermian\\\/#primaryimage\"},\"image\":{\"@id\":\"https:\\\/\\\/www.koonings.com\\\/fr\\\/product\\\/alma-novia-hermian\\\/#primaryimage\"},\"thumbnailUrl\":\"https:\\\/\\\/www.koonings.com\\\/wp-content\\\/uploads\\\/2024\\\/11\\\/40567_c772d241fb4728d97fc99241527237b5e4433c7058b15b3d77ba527a601ab03c05357514.jpeg\",\"datePublished\":\"2025-12-14T23:30:51+00:00\",\"dateModified\":\"2026-02-03T18:29:45+00:00\",\"description\":\"\u00c9l\u00e9gante robe de mari\u00e9e princesse longue et trapue. Compos\u00e9e de tulle, de dentelle et de perles, elle pr\u00e9sente un d\u00e9collet\u00e9 en V, un dos ouvert et une jupe fendue sur le devant. Une cr\u00e9ation exclusive d'Alma Novia.\",\"breadcrumb\":{\"@id\":\"https:\\\/\\\/www.koonings.com\\\/fr\\\/product\\\/alma-novia-hermian\\\/#breadcrumb\"},\"inLanguage\":\"fr-FR\",\"potentialAction\":[{\"@type\":\"ReadAction\",\"target\":[\"https:\\\/\\\/www.koonings.com\\\/fr\\\/product\\\/alma-novia-hermian\\\/\"]}]},{\"@type\":\"ImageObject\",\"inLanguage\":\"fr-FR\",\"@id\":\"https:\\\/\\\/www.koonings.com\\\/fr\\\/product\\\/alma-novia-hermian\\\/#primaryimage\",\"url\":\"https:\\\/\\\/www.koonings.com\\\/wp-content\\\/uploads\\\/2024\\\/11\\\/40567_c772d241fb4728d97fc99241527237b5e4433c7058b15b3d77ba527a601ab03c05357514.jpeg\",\"contentUrl\":\"https:\\\/\\\/www.koonings.com\\\/wp-content\\\/uploads\\\/2024\\\/11\\\/40567_c772d241fb4728d97fc99241527237b5e4433c7058b15b3d77ba527a601ab03c05357514.jpeg\",\"width\":1536,\"height\":1920},{\"@type\":\"BreadcrumbList\",\"@id\":\"https:\\\/\\\/www.koonings.com\\\/fr\\\/product\\\/alma-novia-hermian\\\/#breadcrumb\",\"itemListElement\":[{\"@type\":\"ListItem\",\"position\":1,\"name\":\"Home\",\"item\":\"https:\\\/\\\/www.koonings.com\\\/fr\\\/\"},{\"@type\":\"ListItem\",\"position\":2,\"name\":\"Alma Novia Hermian\"}]},{\"@type\":\"WebSite\",\"@id\":\"https:\\\/\\\/www.koonings.com\\\/fr\\\/#website\",\"url\":\"https:\\\/\\\/www.koonings.com\\\/fr\\\/\",\"name\":\"Koonings\",\"description\":\"De grootste bruidsmodewinkel ter wereld\",\"publisher\":{\"@id\":\"https:\\\/\\\/www.koonings.com\\\/fr\\\/#organization\"},\"potentialAction\":[{\"@type\":\"SearchAction\",\"target\":{\"@type\":\"EntryPoint\",\"urlTemplate\":\"https:\\\/\\\/www.koonings.com\\\/fr\\\/?s={search_term_string}\"},\"query-input\":{\"@type\":\"PropertyValueSpecification\",\"valueRequired\":true,\"valueName\":\"search_term_string\"}}],\"inLanguage\":\"fr-FR\"},{\"@type\":\"Organization\",\"@id\":\"https:\\\/\\\/www.koonings.com\\\/fr\\\/#organization\",\"name\":\"Koonings\",\"url\":\"https:\\\/\\\/www.koonings.com\\\/fr\\\/\",\"logo\":{\"@type\":\"ImageObject\",\"inLanguage\":\"fr-FR\",\"@id\":\"https:\\\/\\\/www.koonings.com\\\/fr\\\/#\\\/schema\\\/logo\\\/image\\\/\",\"url\":\"https:\\\/\\\/www.koonings.com\\\/wp-content\\\/uploads\\\/2024\\\/07\\\/logo.png\",\"contentUrl\":\"https:\\\/\\\/www.koonings.com\\\/wp-content\\\/uploads\\\/2024\\\/07\\\/logo.png\",\"width\":600,\"height\":428,\"caption\":\"Koonings\"},\"image\":{\"@id\":\"https:\\\/\\\/www.koonings.com\\\/fr\\\/#\\\/schema\\\/logo\\\/image\\\/\"},\"sameAs\":[\"https:\\\/\\\/www.facebook.com\\\/kooningstheweddingpalace\",\"https:\\\/\\\/www.instagram.com\\\/kooningstheweddingpalace\",\"https:\\\/\\\/www.pinterest.com\\\/koonings\",\"https:\\\/\\\/www.youtube.com\\\/kooningstheweddingpalace\"]}]}<\/script>\n<!-- \/ Yoast SEO plugin. -->","yoast_head_json":{"title":"Alma Novia Hermian | Koonings","description":"\u00c9l\u00e9gante robe de mari\u00e9e princesse longue et trapue. Compos\u00e9e de tulle, de dentelle et de perles, elle pr\u00e9sente un d\u00e9collet\u00e9 en V, un dos ouvert et une jupe fendue sur le devant. Une cr\u00e9ation exclusive d'Alma Novia.","robots":{"index":"index","follow":"follow","max-snippet":"max-snippet:-1","max-image-preview":"max-image-preview:large","max-video-preview":"max-video-preview:-1"},"canonical":"https:\/\/www.koonings.com\/fr\/product\/alma-novia-hermian\/","og_locale":"fr_FR","og_type":"article","og_title":"Alma Novia Hermian | Koonings","og_description":"\u00c9l\u00e9gante robe de mari\u00e9e princesse longue et trapue. Compos\u00e9e de tulle, de dentelle et de perles, elle pr\u00e9sente un d\u00e9collet\u00e9 en V, un dos ouvert et une jupe fendue sur le devant. Une cr\u00e9ation exclusive d'Alma Novia.","og_url":"https:\/\/www.koonings.com\/fr\/product\/alma-novia-hermian\/","og_site_name":"Koonings","article_publisher":"https:\/\/www.facebook.com\/kooningstheweddingpalace","article_modified_time":"2026-02-03T18:29:45+00:00","og_image":[{"width":1536,"height":1920,"url":"https:\/\/www.koonings.com\/wp-content\/uploads\/2024\/11\/40567_c772d241fb4728d97fc99241527237b5e4433c7058b15b3d77ba527a601ab03c05357514.jpeg","type":"image\/jpeg"}],"twitter_card":"summary_large_image","schema":{"@context":"https:\/\/schema.org","@graph":[{"@type":"WebPage","@id":"https:\/\/www.koonings.com\/fr\/product\/alma-novia-hermian\/","url":"https:\/\/www.koonings.com\/fr\/product\/alma-novia-hermian\/","name":"Alma Novia Hermian | Koonings","isPartOf":{"@id":"https:\/\/www.koonings.com\/fr\/#website"},"primaryImageOfPage":{"@id":"https:\/\/www.koonings.com\/fr\/product\/alma-novia-hermian\/#primaryimage"},"image":{"@id":"https:\/\/www.koonings.com\/fr\/product\/alma-novia-hermian\/#primaryimage"},"thumbnailUrl":"https:\/\/www.koonings.com\/wp-content\/uploads\/2024\/11\/40567_c772d241fb4728d97fc99241527237b5e4433c7058b15b3d77ba527a601ab03c05357514.jpeg","datePublished":"2025-12-14T23:30:51+00:00","dateModified":"2026-02-03T18:29:45+00:00","description":"\u00c9l\u00e9gante robe de mari\u00e9e princesse longue et trapue. Compos\u00e9e de tulle, de dentelle et de perles, elle pr\u00e9sente un d\u00e9collet\u00e9 en V, un dos ouvert et une jupe fendue sur le devant. Une cr\u00e9ation exclusive d'Alma Novia.","breadcrumb":{"@id":"https:\/\/www.koonings.com\/fr\/product\/alma-novia-hermian\/#breadcrumb"},"inLanguage":"fr-FR","potentialAction":[{"@type":"ReadAction","target":["https:\/\/www.koonings.com\/fr\/product\/alma-novia-hermian\/"]}]},{"@type":"ImageObject","inLanguage":"fr-FR","@id":"https:\/\/www.koonings.com\/fr\/product\/alma-novia-hermian\/#primaryimage","url":"https:\/\/www.koonings.com\/wp-content\/uploads\/2024\/11\/40567_c772d241fb4728d97fc99241527237b5e4433c7058b15b3d77ba527a601ab03c05357514.jpeg","contentUrl":"https:\/\/www.koonings.com\/wp-content\/uploads\/2024\/11\/40567_c772d241fb4728d97fc99241527237b5e4433c7058b15b3d77ba527a601ab03c05357514.jpeg","width":1536,"height":1920},{"@type":"BreadcrumbList","@id":"https:\/\/www.koonings.com\/fr\/product\/alma-novia-hermian\/#breadcrumb","itemListElement":[{"@type":"ListItem","position":1,"name":"Home","item":"https:\/\/www.koonings.com\/fr\/"},{"@type":"ListItem","position":2,"name":"Alma Novia Hermian"}]},{"@type":"WebSite","@id":"https:\/\/www.koonings.com\/fr\/#website","url":"https:\/\/www.koonings.com\/fr\/","name":"Koonings","description":"De grootste bruidsmodewinkel ter wereld","publisher":{"@id":"https:\/\/www.koonings.com\/fr\/#organization"},"potentialAction":[{"@type":"SearchAction","target":{"@type":"EntryPoint","urlTemplate":"https:\/\/www.koonings.com\/fr\/?s={search_term_string}"},"query-input":{"@type":"PropertyValueSpecification","valueRequired":true,"valueName":"search_term_string"}}],"inLanguage":"fr-FR"},{"@type":"Organization","@id":"https:\/\/www.koonings.com\/fr\/#organization","name":"Koonings","url":"https:\/\/www.koonings.com\/fr\/","logo":{"@type":"ImageObject","inLanguage":"fr-FR","@id":"https:\/\/www.koonings.com\/fr\/#\/schema\/logo\/image\/","url":"https:\/\/www.koonings.com\/wp-content\/uploads\/2024\/07\/logo.png","contentUrl":"https:\/\/www.koonings.com\/wp-content\/uploads\/2024\/07\/logo.png","width":600,"height":428,"caption":"Koonings"},"image":{"@id":"https:\/\/www.koonings.com\/fr\/#\/schema\/logo\/image\/"},"sameAs":["https:\/\/www.facebook.com\/kooningstheweddingpalace","https:\/\/www.instagram.com\/kooningstheweddingpalace","https:\/\/www.pinterest.com\/koonings","https:\/\/www.youtube.com\/kooningstheweddingpalace"]}]}},"_links":{"self":[{"href":"https:\/\/www.koonings.com\/fr\/wp-json\/wp\/v2\/product\/78262","targetHints":{"allow":["GET"]}}],"collection":[{"href":"https:\/\/www.koonings.com\/fr\/wp-json\/wp\/v2\/product"}],"about":[{"href":"https:\/\/www.koonings.com\/fr\/wp-json\/wp\/v2\/types\/product"}],"wp:featuredmedia":[{"embeddable":true,"href":"https:\/\/www.koonings.com\/fr\/wp-json\/wp\/v2\/media\/61751"}],"wp:attachment":[{"href":"https:\/\/www.koonings.com\/fr\/wp-json\/wp\/v2\/media?parent=78262"}],"wp:term":[{"taxonomy":"productdetails","embeddable":true,"href":"https:\/\/www.koonings.com\/fr\/wp-json\/wp\/v2\/productdetails?post=78262"},{"taxonomy":"productneck","embeddable":true,"href":"https:\/\/www.koonings.com\/fr\/wp-json\/wp\/v2\/productneck?post=78262"},{"taxonomy":"productcolor","embeddable":true,"href":"https:\/\/www.koonings.com\/fr\/wp-json\/wp\/v2\/productcolor?post=78262"},{"taxonomy":"maat","embeddable":true,"href":"https:\/\/www.koonings.com\/fr\/wp-json\/wp\/v2\/maat?post=78262"},{"taxonomy":"productsupplier","embeddable":true,"href":"https:\/\/www.koonings.com\/fr\/wp-json\/wp\/v2\/productsupplier?post=78262"},{"taxonomy":"productsleeve","embeddable":true,"href":"https:\/\/www.koonings.com\/fr\/wp-json\/wp\/v2\/productsleeve?post=78262"},{"taxonomy":"productcategory","embeddable":true,"href":"https:\/\/www.koonings.com\/fr\/wp-json\/wp\/v2\/productcategory?post=78262"},{"taxonomy":"productsilhouette","embeddable":true,"href":"https:\/\/www.koonings.com\/fr\/wp-json\/wp\/v2\/productsilhouette?post=78262"},{"taxonomy":"productstyle","embeddable":true,"href":"https:\/\/www.koonings.com\/fr\/wp-json\/wp\/v2\/productstyle?post=78262"}],"curies":[{"name":"wp","href":"https:\/\/api.w.org\/{rel}","templated":true}]}}