{"id":78253,"date":"2026-04-28T18:22:20","date_gmt":"2026-04-28T16:22:20","guid":{"rendered":"https:\/\/www.koonings.com\/product\/adriana-alier-delia\/"},"modified":"2025-06-05T13:27:43","modified_gmt":"2025-06-05T11:27:43","slug":"adriana-alier-delia","status":"publish","type":"product","link":"https:\/\/www.koonings.com\/fr\/product\/adriana-alier-delia\/","title":{"rendered":"Adriana Alier Delia"},"content":{"rendered":"<p>Robe de mari\u00e9e moderne de style tubulaire, faite de tulle doux combin\u00e9 \u00e0 de la dentelle et \u00e0 des perles. Elle met en valeur le d\u00e9collet\u00e9 profond, le dos en V, les manches amovibles et la jupe avec fente lat\u00e9rale. Une robe exclusive Adriana Alier.  <\/p>\n","protected":false},"featured_media":61794,"template":"","meta":{"_acf_changed":false,"ghostkit_customizer_options":"","ghostkit_custom_css":"","ghostkit_custom_js_head":"","ghostkit_custom_js_foot":"","ghostkit_typography":""},"productdetails":[378,381],"productneck":[356],"productcolor":[392],"maat":[],"productsupplier":[457],"productsleeve":[359],"productcategory":[18],"productsilhouette":[384,389],"productstyle":[371,370],"class_list":["post-78253","product","type-product","status-publish","has-post-thumbnail","hentry","productdetails-378","productdetails-381","productneck-356","productcolor-392","productsupplier-adriana-alier","productsleeve-359","productcategory-trouwjurken","productsilhouette-384","productsilhouette-389","productstyle-371","productstyle-370"],"acf":[],"yoast_head":"<!-- This site is optimized with the Yoast SEO plugin v27.3 - https:\/\/yoast.com\/product\/yoast-seo-wordpress\/ -->\n<title>Adriana Alier Delia | Koonings<\/title>\n<meta name=\"description\" content=\"Robe de mari\u00e9e moderne de style tubulaire, faite de tulle doux combin\u00e9 \u00e0 de la dentelle et \u00e0 des perles. Elle met en valeur le d\u00e9collet\u00e9 profond, le dos en V, les manches amovibles et la jupe avec fente lat\u00e9rale. Une robe exclusive Adriana Alier.\" \/>\n<meta name=\"robots\" content=\"index, follow, max-snippet:-1, max-image-preview:large, max-video-preview:-1\" \/>\n<link rel=\"canonical\" href=\"https:\/\/www.koonings.com\/fr\/product\/adriana-alier-delia\/\" \/>\n<meta property=\"og:locale\" content=\"fr_FR\" \/>\n<meta property=\"og:type\" content=\"article\" \/>\n<meta property=\"og:title\" content=\"Adriana Alier Delia | Koonings\" \/>\n<meta property=\"og:description\" content=\"Robe de mari\u00e9e moderne de style tubulaire, faite de tulle doux combin\u00e9 \u00e0 de la dentelle et \u00e0 des perles. Elle met en valeur le d\u00e9collet\u00e9 profond, le dos en V, les manches amovibles et la jupe avec fente lat\u00e9rale. Une robe exclusive Adriana Alier.\" \/>\n<meta property=\"og:url\" content=\"https:\/\/www.koonings.com\/fr\/product\/adriana-alier-delia\/\" \/>\n<meta property=\"og:site_name\" content=\"Koonings\" \/>\n<meta property=\"article:publisher\" content=\"https:\/\/www.facebook.com\/kooningstheweddingpalace\" \/>\n<meta property=\"og:image\" content=\"https:\/\/www.koonings.com\/wp-content\/uploads\/2024\/11\/40818_9e5e0956c832891ae11b4063e751109975a080704b73bef55304dedd862ed56986652d0e.jpeg\" \/>\n\t<meta property=\"og:image:width\" content=\"1307\" \/>\n\t<meta property=\"og:image:height\" content=\"1848\" \/>\n\t<meta property=\"og:image:type\" content=\"image\/jpeg\" \/>\n<meta name=\"twitter:card\" content=\"summary_large_image\" \/>\n<script type=\"application\/ld+json\" class=\"yoast-schema-graph\">{\"@context\":\"https:\\\/\\\/schema.org\",\"@graph\":[{\"@type\":\"WebPage\",\"@id\":\"https:\\\/\\\/www.koonings.com\\\/fr\\\/product\\\/adriana-alier-delia\\\/\",\"url\":\"https:\\\/\\\/www.koonings.com\\\/fr\\\/product\\\/adriana-alier-delia\\\/\",\"name\":\"Adriana Alier Delia | Koonings\",\"isPartOf\":{\"@id\":\"https:\\\/\\\/www.koonings.com\\\/fr\\\/#website\"},\"primaryImageOfPage\":{\"@id\":\"https:\\\/\\\/www.koonings.com\\\/fr\\\/product\\\/adriana-alier-delia\\\/#primaryimage\"},\"image\":{\"@id\":\"https:\\\/\\\/www.koonings.com\\\/fr\\\/product\\\/adriana-alier-delia\\\/#primaryimage\"},\"thumbnailUrl\":\"https:\\\/\\\/www.koonings.com\\\/wp-content\\\/uploads\\\/2024\\\/11\\\/40818_9e5e0956c832891ae11b4063e751109975a080704b73bef55304dedd862ed56986652d0e.jpeg\",\"datePublished\":\"2026-04-28T16:22:20+00:00\",\"description\":\"Robe de mari\u00e9e moderne de style tubulaire, faite de tulle doux combin\u00e9 \u00e0 de la dentelle et \u00e0 des perles. Elle met en valeur le d\u00e9collet\u00e9 profond, le dos en V, les manches amovibles et la jupe avec fente lat\u00e9rale. Une robe exclusive Adriana Alier.\",\"breadcrumb\":{\"@id\":\"https:\\\/\\\/www.koonings.com\\\/fr\\\/product\\\/adriana-alier-delia\\\/#breadcrumb\"},\"inLanguage\":\"fr-FR\",\"potentialAction\":[{\"@type\":\"ReadAction\",\"target\":[\"https:\\\/\\\/www.koonings.com\\\/fr\\\/product\\\/adriana-alier-delia\\\/\"]}]},{\"@type\":\"ImageObject\",\"inLanguage\":\"fr-FR\",\"@id\":\"https:\\\/\\\/www.koonings.com\\\/fr\\\/product\\\/adriana-alier-delia\\\/#primaryimage\",\"url\":\"https:\\\/\\\/www.koonings.com\\\/wp-content\\\/uploads\\\/2024\\\/11\\\/40818_9e5e0956c832891ae11b4063e751109975a080704b73bef55304dedd862ed56986652d0e.jpeg\",\"contentUrl\":\"https:\\\/\\\/www.koonings.com\\\/wp-content\\\/uploads\\\/2024\\\/11\\\/40818_9e5e0956c832891ae11b4063e751109975a080704b73bef55304dedd862ed56986652d0e.jpeg\",\"width\":1307,\"height\":1848},{\"@type\":\"BreadcrumbList\",\"@id\":\"https:\\\/\\\/www.koonings.com\\\/fr\\\/product\\\/adriana-alier-delia\\\/#breadcrumb\",\"itemListElement\":[{\"@type\":\"ListItem\",\"position\":1,\"name\":\"Home\",\"item\":\"https:\\\/\\\/www.koonings.com\\\/fr\\\/\"},{\"@type\":\"ListItem\",\"position\":2,\"name\":\"Adriana Alier Delia\"}]},{\"@type\":\"WebSite\",\"@id\":\"https:\\\/\\\/www.koonings.com\\\/fr\\\/#website\",\"url\":\"https:\\\/\\\/www.koonings.com\\\/fr\\\/\",\"name\":\"Koonings\",\"description\":\"De grootste bruidsmodewinkel ter wereld\",\"publisher\":{\"@id\":\"https:\\\/\\\/www.koonings.com\\\/fr\\\/#organization\"},\"potentialAction\":[{\"@type\":\"SearchAction\",\"target\":{\"@type\":\"EntryPoint\",\"urlTemplate\":\"https:\\\/\\\/www.koonings.com\\\/fr\\\/?s={search_term_string}\"},\"query-input\":{\"@type\":\"PropertyValueSpecification\",\"valueRequired\":true,\"valueName\":\"search_term_string\"}}],\"inLanguage\":\"fr-FR\"},{\"@type\":\"Organization\",\"@id\":\"https:\\\/\\\/www.koonings.com\\\/fr\\\/#organization\",\"name\":\"Koonings\",\"url\":\"https:\\\/\\\/www.koonings.com\\\/fr\\\/\",\"logo\":{\"@type\":\"ImageObject\",\"inLanguage\":\"fr-FR\",\"@id\":\"https:\\\/\\\/www.koonings.com\\\/fr\\\/#\\\/schema\\\/logo\\\/image\\\/\",\"url\":\"https:\\\/\\\/www.koonings.com\\\/wp-content\\\/uploads\\\/2024\\\/07\\\/logo.png\",\"contentUrl\":\"https:\\\/\\\/www.koonings.com\\\/wp-content\\\/uploads\\\/2024\\\/07\\\/logo.png\",\"width\":600,\"height\":428,\"caption\":\"Koonings\"},\"image\":{\"@id\":\"https:\\\/\\\/www.koonings.com\\\/fr\\\/#\\\/schema\\\/logo\\\/image\\\/\"},\"sameAs\":[\"https:\\\/\\\/www.facebook.com\\\/kooningstheweddingpalace\",\"https:\\\/\\\/www.instagram.com\\\/kooningstheweddingpalace\",\"https:\\\/\\\/www.pinterest.com\\\/koonings\",\"https:\\\/\\\/www.youtube.com\\\/kooningstheweddingpalace\"]}]}<\/script>\n<!-- \/ Yoast SEO plugin. -->","yoast_head_json":{"title":"Adriana Alier Delia | Koonings","description":"Robe de mari\u00e9e moderne de style tubulaire, faite de tulle doux combin\u00e9 \u00e0 de la dentelle et \u00e0 des perles. Elle met en valeur le d\u00e9collet\u00e9 profond, le dos en V, les manches amovibles et la jupe avec fente lat\u00e9rale. Une robe exclusive Adriana Alier.","robots":{"index":"index","follow":"follow","max-snippet":"max-snippet:-1","max-image-preview":"max-image-preview:large","max-video-preview":"max-video-preview:-1"},"canonical":"https:\/\/www.koonings.com\/fr\/product\/adriana-alier-delia\/","og_locale":"fr_FR","og_type":"article","og_title":"Adriana Alier Delia | Koonings","og_description":"Robe de mari\u00e9e moderne de style tubulaire, faite de tulle doux combin\u00e9 \u00e0 de la dentelle et \u00e0 des perles. Elle met en valeur le d\u00e9collet\u00e9 profond, le dos en V, les manches amovibles et la jupe avec fente lat\u00e9rale. Une robe exclusive Adriana Alier.","og_url":"https:\/\/www.koonings.com\/fr\/product\/adriana-alier-delia\/","og_site_name":"Koonings","article_publisher":"https:\/\/www.facebook.com\/kooningstheweddingpalace","og_image":[{"width":1307,"height":1848,"url":"https:\/\/www.koonings.com\/wp-content\/uploads\/2024\/11\/40818_9e5e0956c832891ae11b4063e751109975a080704b73bef55304dedd862ed56986652d0e.jpeg","type":"image\/jpeg"}],"twitter_card":"summary_large_image","schema":{"@context":"https:\/\/schema.org","@graph":[{"@type":"WebPage","@id":"https:\/\/www.koonings.com\/fr\/product\/adriana-alier-delia\/","url":"https:\/\/www.koonings.com\/fr\/product\/adriana-alier-delia\/","name":"Adriana Alier Delia | Koonings","isPartOf":{"@id":"https:\/\/www.koonings.com\/fr\/#website"},"primaryImageOfPage":{"@id":"https:\/\/www.koonings.com\/fr\/product\/adriana-alier-delia\/#primaryimage"},"image":{"@id":"https:\/\/www.koonings.com\/fr\/product\/adriana-alier-delia\/#primaryimage"},"thumbnailUrl":"https:\/\/www.koonings.com\/wp-content\/uploads\/2024\/11\/40818_9e5e0956c832891ae11b4063e751109975a080704b73bef55304dedd862ed56986652d0e.jpeg","datePublished":"2026-04-28T16:22:20+00:00","description":"Robe de mari\u00e9e moderne de style tubulaire, faite de tulle doux combin\u00e9 \u00e0 de la dentelle et \u00e0 des perles. Elle met en valeur le d\u00e9collet\u00e9 profond, le dos en V, les manches amovibles et la jupe avec fente lat\u00e9rale. Une robe exclusive Adriana Alier.","breadcrumb":{"@id":"https:\/\/www.koonings.com\/fr\/product\/adriana-alier-delia\/#breadcrumb"},"inLanguage":"fr-FR","potentialAction":[{"@type":"ReadAction","target":["https:\/\/www.koonings.com\/fr\/product\/adriana-alier-delia\/"]}]},{"@type":"ImageObject","inLanguage":"fr-FR","@id":"https:\/\/www.koonings.com\/fr\/product\/adriana-alier-delia\/#primaryimage","url":"https:\/\/www.koonings.com\/wp-content\/uploads\/2024\/11\/40818_9e5e0956c832891ae11b4063e751109975a080704b73bef55304dedd862ed56986652d0e.jpeg","contentUrl":"https:\/\/www.koonings.com\/wp-content\/uploads\/2024\/11\/40818_9e5e0956c832891ae11b4063e751109975a080704b73bef55304dedd862ed56986652d0e.jpeg","width":1307,"height":1848},{"@type":"BreadcrumbList","@id":"https:\/\/www.koonings.com\/fr\/product\/adriana-alier-delia\/#breadcrumb","itemListElement":[{"@type":"ListItem","position":1,"name":"Home","item":"https:\/\/www.koonings.com\/fr\/"},{"@type":"ListItem","position":2,"name":"Adriana Alier Delia"}]},{"@type":"WebSite","@id":"https:\/\/www.koonings.com\/fr\/#website","url":"https:\/\/www.koonings.com\/fr\/","name":"Koonings","description":"De grootste bruidsmodewinkel ter wereld","publisher":{"@id":"https:\/\/www.koonings.com\/fr\/#organization"},"potentialAction":[{"@type":"SearchAction","target":{"@type":"EntryPoint","urlTemplate":"https:\/\/www.koonings.com\/fr\/?s={search_term_string}"},"query-input":{"@type":"PropertyValueSpecification","valueRequired":true,"valueName":"search_term_string"}}],"inLanguage":"fr-FR"},{"@type":"Organization","@id":"https:\/\/www.koonings.com\/fr\/#organization","name":"Koonings","url":"https:\/\/www.koonings.com\/fr\/","logo":{"@type":"ImageObject","inLanguage":"fr-FR","@id":"https:\/\/www.koonings.com\/fr\/#\/schema\/logo\/image\/","url":"https:\/\/www.koonings.com\/wp-content\/uploads\/2024\/07\/logo.png","contentUrl":"https:\/\/www.koonings.com\/wp-content\/uploads\/2024\/07\/logo.png","width":600,"height":428,"caption":"Koonings"},"image":{"@id":"https:\/\/www.koonings.com\/fr\/#\/schema\/logo\/image\/"},"sameAs":["https:\/\/www.facebook.com\/kooningstheweddingpalace","https:\/\/www.instagram.com\/kooningstheweddingpalace","https:\/\/www.pinterest.com\/koonings","https:\/\/www.youtube.com\/kooningstheweddingpalace"]}]}},"_links":{"self":[{"href":"https:\/\/www.koonings.com\/fr\/wp-json\/wp\/v2\/product\/78253","targetHints":{"allow":["GET"]}}],"collection":[{"href":"https:\/\/www.koonings.com\/fr\/wp-json\/wp\/v2\/product"}],"about":[{"href":"https:\/\/www.koonings.com\/fr\/wp-json\/wp\/v2\/types\/product"}],"wp:featuredmedia":[{"embeddable":true,"href":"https:\/\/www.koonings.com\/fr\/wp-json\/wp\/v2\/media\/61794"}],"wp:attachment":[{"href":"https:\/\/www.koonings.com\/fr\/wp-json\/wp\/v2\/media?parent=78253"}],"wp:term":[{"taxonomy":"productdetails","embeddable":true,"href":"https:\/\/www.koonings.com\/fr\/wp-json\/wp\/v2\/productdetails?post=78253"},{"taxonomy":"productneck","embeddable":true,"href":"https:\/\/www.koonings.com\/fr\/wp-json\/wp\/v2\/productneck?post=78253"},{"taxonomy":"productcolor","embeddable":true,"href":"https:\/\/www.koonings.com\/fr\/wp-json\/wp\/v2\/productcolor?post=78253"},{"taxonomy":"maat","embeddable":true,"href":"https:\/\/www.koonings.com\/fr\/wp-json\/wp\/v2\/maat?post=78253"},{"taxonomy":"productsupplier","embeddable":true,"href":"https:\/\/www.koonings.com\/fr\/wp-json\/wp\/v2\/productsupplier?post=78253"},{"taxonomy":"productsleeve","embeddable":true,"href":"https:\/\/www.koonings.com\/fr\/wp-json\/wp\/v2\/productsleeve?post=78253"},{"taxonomy":"productcategory","embeddable":true,"href":"https:\/\/www.koonings.com\/fr\/wp-json\/wp\/v2\/productcategory?post=78253"},{"taxonomy":"productsilhouette","embeddable":true,"href":"https:\/\/www.koonings.com\/fr\/wp-json\/wp\/v2\/productsilhouette?post=78253"},{"taxonomy":"productstyle","embeddable":true,"href":"https:\/\/www.koonings.com\/fr\/wp-json\/wp\/v2\/productstyle?post=78253"}],"curies":[{"name":"wp","href":"https:\/\/api.w.org\/{rel}","templated":true}]}}