{"id":78247,"date":"2026-04-28T18:22:22","date_gmt":"2026-04-28T16:22:22","guid":{"rendered":"https:\/\/www.koonings.com\/product\/alma-novia-helia\/"},"modified":"2025-06-05T13:27:43","modified_gmt":"2025-06-05T11:27:43","slug":"alma-novia-helia","status":"publish","type":"product","link":"https:\/\/www.koonings.com\/fr\/product\/alma-novia-helia\/","title":{"rendered":"Alma Novia Helia"},"content":{"rendered":"<p>Robe de mari\u00e9e longue, souple et simple. R\u00e9alis\u00e9e en mousse et en dentelle, elle pr\u00e9sente une encolure ronde, un dos ouvert et une jupe fendue sur le devant. Un mod\u00e8le exclusif d&#8217;Alma Novia.  <\/p>\n","protected":false},"featured_media":61833,"template":"","meta":{"_acf_changed":false,"ghostkit_customizer_options":"","ghostkit_custom_css":"","ghostkit_custom_js_head":"","ghostkit_custom_js_foot":"","ghostkit_typography":""},"productdetails":[376,383,378,381],"productneck":[353],"productcolor":[392],"maat":[],"productsupplier":[459],"productsleeve":[359],"productcategory":[18],"productsilhouette":[384,389],"productstyle":[366,370],"class_list":["post-78247","product","type-product","status-publish","has-post-thumbnail","hentry","productdetails-376","productdetails-383","productdetails-378","productdetails-381","productneck-353","productcolor-392","productsupplier-alma-novia","productsleeve-359","productcategory-trouwjurken","productsilhouette-384","productsilhouette-389","productstyle-366","productstyle-370"],"acf":[],"yoast_head":"<!-- This site is optimized with the Yoast SEO plugin v27.3 - https:\/\/yoast.com\/product\/yoast-seo-wordpress\/ -->\n<title>Alma Novia Helia | Koonings<\/title>\n<meta name=\"description\" content=\"Robe de mari\u00e9e longue, souple et simple. R\u00e9alis\u00e9e en mousse et en dentelle, elle pr\u00e9sente une encolure ronde, un dos ouvert et une jupe fendue sur le devant. Un mod\u00e8le exclusif d&#039;Alma Novia.\" \/>\n<meta name=\"robots\" content=\"index, follow, max-snippet:-1, max-image-preview:large, max-video-preview:-1\" \/>\n<link rel=\"canonical\" href=\"https:\/\/www.koonings.com\/fr\/product\/alma-novia-helia\/\" \/>\n<meta property=\"og:locale\" content=\"fr_FR\" \/>\n<meta property=\"og:type\" content=\"article\" \/>\n<meta property=\"og:title\" content=\"Alma Novia Helia | Koonings\" \/>\n<meta property=\"og:description\" content=\"Robe de mari\u00e9e longue, souple et simple. R\u00e9alis\u00e9e en mousse et en dentelle, elle pr\u00e9sente une encolure ronde, un dos ouvert et une jupe fendue sur le devant. Un mod\u00e8le exclusif d&#039;Alma Novia.\" \/>\n<meta property=\"og:url\" content=\"https:\/\/www.koonings.com\/fr\/product\/alma-novia-helia\/\" \/>\n<meta property=\"og:site_name\" content=\"Koonings\" \/>\n<meta property=\"article:publisher\" content=\"https:\/\/www.facebook.com\/kooningstheweddingpalace\" \/>\n<meta property=\"og:image\" content=\"https:\/\/www.koonings.com\/wp-content\/uploads\/2024\/11\/40827_a42c4aaa5d741ebefbb44ca1bc57ca16f81b35f0f8552aeb80ac31799e78b7b688adeace.jpeg\" \/>\n\t<meta property=\"og:image:width\" content=\"1536\" \/>\n\t<meta property=\"og:image:height\" content=\"1920\" \/>\n\t<meta property=\"og:image:type\" content=\"image\/jpeg\" \/>\n<meta name=\"twitter:card\" content=\"summary_large_image\" \/>\n<script type=\"application\/ld+json\" class=\"yoast-schema-graph\">{\"@context\":\"https:\\\/\\\/schema.org\",\"@graph\":[{\"@type\":\"WebPage\",\"@id\":\"https:\\\/\\\/www.koonings.com\\\/fr\\\/product\\\/alma-novia-helia\\\/\",\"url\":\"https:\\\/\\\/www.koonings.com\\\/fr\\\/product\\\/alma-novia-helia\\\/\",\"name\":\"Alma Novia Helia | Koonings\",\"isPartOf\":{\"@id\":\"https:\\\/\\\/www.koonings.com\\\/fr\\\/#website\"},\"primaryImageOfPage\":{\"@id\":\"https:\\\/\\\/www.koonings.com\\\/fr\\\/product\\\/alma-novia-helia\\\/#primaryimage\"},\"image\":{\"@id\":\"https:\\\/\\\/www.koonings.com\\\/fr\\\/product\\\/alma-novia-helia\\\/#primaryimage\"},\"thumbnailUrl\":\"https:\\\/\\\/www.koonings.com\\\/wp-content\\\/uploads\\\/2024\\\/11\\\/40827_a42c4aaa5d741ebefbb44ca1bc57ca16f81b35f0f8552aeb80ac31799e78b7b688adeace.jpeg\",\"datePublished\":\"2026-04-28T16:22:22+00:00\",\"description\":\"Robe de mari\u00e9e longue, souple et simple. R\u00e9alis\u00e9e en mousse et en dentelle, elle pr\u00e9sente une encolure ronde, un dos ouvert et une jupe fendue sur le devant. Un mod\u00e8le exclusif d'Alma Novia.\",\"breadcrumb\":{\"@id\":\"https:\\\/\\\/www.koonings.com\\\/fr\\\/product\\\/alma-novia-helia\\\/#breadcrumb\"},\"inLanguage\":\"fr-FR\",\"potentialAction\":[{\"@type\":\"ReadAction\",\"target\":[\"https:\\\/\\\/www.koonings.com\\\/fr\\\/product\\\/alma-novia-helia\\\/\"]}]},{\"@type\":\"ImageObject\",\"inLanguage\":\"fr-FR\",\"@id\":\"https:\\\/\\\/www.koonings.com\\\/fr\\\/product\\\/alma-novia-helia\\\/#primaryimage\",\"url\":\"https:\\\/\\\/www.koonings.com\\\/wp-content\\\/uploads\\\/2024\\\/11\\\/40827_a42c4aaa5d741ebefbb44ca1bc57ca16f81b35f0f8552aeb80ac31799e78b7b688adeace.jpeg\",\"contentUrl\":\"https:\\\/\\\/www.koonings.com\\\/wp-content\\\/uploads\\\/2024\\\/11\\\/40827_a42c4aaa5d741ebefbb44ca1bc57ca16f81b35f0f8552aeb80ac31799e78b7b688adeace.jpeg\",\"width\":1536,\"height\":1920},{\"@type\":\"BreadcrumbList\",\"@id\":\"https:\\\/\\\/www.koonings.com\\\/fr\\\/product\\\/alma-novia-helia\\\/#breadcrumb\",\"itemListElement\":[{\"@type\":\"ListItem\",\"position\":1,\"name\":\"Home\",\"item\":\"https:\\\/\\\/www.koonings.com\\\/fr\\\/\"},{\"@type\":\"ListItem\",\"position\":2,\"name\":\"Alma Novia Helia\"}]},{\"@type\":\"WebSite\",\"@id\":\"https:\\\/\\\/www.koonings.com\\\/fr\\\/#website\",\"url\":\"https:\\\/\\\/www.koonings.com\\\/fr\\\/\",\"name\":\"Koonings\",\"description\":\"De grootste bruidsmodewinkel ter wereld\",\"publisher\":{\"@id\":\"https:\\\/\\\/www.koonings.com\\\/fr\\\/#organization\"},\"potentialAction\":[{\"@type\":\"SearchAction\",\"target\":{\"@type\":\"EntryPoint\",\"urlTemplate\":\"https:\\\/\\\/www.koonings.com\\\/fr\\\/?s={search_term_string}\"},\"query-input\":{\"@type\":\"PropertyValueSpecification\",\"valueRequired\":true,\"valueName\":\"search_term_string\"}}],\"inLanguage\":\"fr-FR\"},{\"@type\":\"Organization\",\"@id\":\"https:\\\/\\\/www.koonings.com\\\/fr\\\/#organization\",\"name\":\"Koonings\",\"url\":\"https:\\\/\\\/www.koonings.com\\\/fr\\\/\",\"logo\":{\"@type\":\"ImageObject\",\"inLanguage\":\"fr-FR\",\"@id\":\"https:\\\/\\\/www.koonings.com\\\/fr\\\/#\\\/schema\\\/logo\\\/image\\\/\",\"url\":\"https:\\\/\\\/www.koonings.com\\\/wp-content\\\/uploads\\\/2024\\\/07\\\/logo.png\",\"contentUrl\":\"https:\\\/\\\/www.koonings.com\\\/wp-content\\\/uploads\\\/2024\\\/07\\\/logo.png\",\"width\":600,\"height\":428,\"caption\":\"Koonings\"},\"image\":{\"@id\":\"https:\\\/\\\/www.koonings.com\\\/fr\\\/#\\\/schema\\\/logo\\\/image\\\/\"},\"sameAs\":[\"https:\\\/\\\/www.facebook.com\\\/kooningstheweddingpalace\",\"https:\\\/\\\/www.instagram.com\\\/kooningstheweddingpalace\",\"https:\\\/\\\/www.pinterest.com\\\/koonings\",\"https:\\\/\\\/www.youtube.com\\\/kooningstheweddingpalace\"]}]}<\/script>\n<!-- \/ Yoast SEO plugin. -->","yoast_head_json":{"title":"Alma Novia Helia | Koonings","description":"Robe de mari\u00e9e longue, souple et simple. R\u00e9alis\u00e9e en mousse et en dentelle, elle pr\u00e9sente une encolure ronde, un dos ouvert et une jupe fendue sur le devant. Un mod\u00e8le exclusif d'Alma Novia.","robots":{"index":"index","follow":"follow","max-snippet":"max-snippet:-1","max-image-preview":"max-image-preview:large","max-video-preview":"max-video-preview:-1"},"canonical":"https:\/\/www.koonings.com\/fr\/product\/alma-novia-helia\/","og_locale":"fr_FR","og_type":"article","og_title":"Alma Novia Helia | Koonings","og_description":"Robe de mari\u00e9e longue, souple et simple. R\u00e9alis\u00e9e en mousse et en dentelle, elle pr\u00e9sente une encolure ronde, un dos ouvert et une jupe fendue sur le devant. Un mod\u00e8le exclusif d'Alma Novia.","og_url":"https:\/\/www.koonings.com\/fr\/product\/alma-novia-helia\/","og_site_name":"Koonings","article_publisher":"https:\/\/www.facebook.com\/kooningstheweddingpalace","og_image":[{"width":1536,"height":1920,"url":"https:\/\/www.koonings.com\/wp-content\/uploads\/2024\/11\/40827_a42c4aaa5d741ebefbb44ca1bc57ca16f81b35f0f8552aeb80ac31799e78b7b688adeace.jpeg","type":"image\/jpeg"}],"twitter_card":"summary_large_image","schema":{"@context":"https:\/\/schema.org","@graph":[{"@type":"WebPage","@id":"https:\/\/www.koonings.com\/fr\/product\/alma-novia-helia\/","url":"https:\/\/www.koonings.com\/fr\/product\/alma-novia-helia\/","name":"Alma Novia Helia | Koonings","isPartOf":{"@id":"https:\/\/www.koonings.com\/fr\/#website"},"primaryImageOfPage":{"@id":"https:\/\/www.koonings.com\/fr\/product\/alma-novia-helia\/#primaryimage"},"image":{"@id":"https:\/\/www.koonings.com\/fr\/product\/alma-novia-helia\/#primaryimage"},"thumbnailUrl":"https:\/\/www.koonings.com\/wp-content\/uploads\/2024\/11\/40827_a42c4aaa5d741ebefbb44ca1bc57ca16f81b35f0f8552aeb80ac31799e78b7b688adeace.jpeg","datePublished":"2026-04-28T16:22:22+00:00","description":"Robe de mari\u00e9e longue, souple et simple. R\u00e9alis\u00e9e en mousse et en dentelle, elle pr\u00e9sente une encolure ronde, un dos ouvert et une jupe fendue sur le devant. Un mod\u00e8le exclusif d'Alma Novia.","breadcrumb":{"@id":"https:\/\/www.koonings.com\/fr\/product\/alma-novia-helia\/#breadcrumb"},"inLanguage":"fr-FR","potentialAction":[{"@type":"ReadAction","target":["https:\/\/www.koonings.com\/fr\/product\/alma-novia-helia\/"]}]},{"@type":"ImageObject","inLanguage":"fr-FR","@id":"https:\/\/www.koonings.com\/fr\/product\/alma-novia-helia\/#primaryimage","url":"https:\/\/www.koonings.com\/wp-content\/uploads\/2024\/11\/40827_a42c4aaa5d741ebefbb44ca1bc57ca16f81b35f0f8552aeb80ac31799e78b7b688adeace.jpeg","contentUrl":"https:\/\/www.koonings.com\/wp-content\/uploads\/2024\/11\/40827_a42c4aaa5d741ebefbb44ca1bc57ca16f81b35f0f8552aeb80ac31799e78b7b688adeace.jpeg","width":1536,"height":1920},{"@type":"BreadcrumbList","@id":"https:\/\/www.koonings.com\/fr\/product\/alma-novia-helia\/#breadcrumb","itemListElement":[{"@type":"ListItem","position":1,"name":"Home","item":"https:\/\/www.koonings.com\/fr\/"},{"@type":"ListItem","position":2,"name":"Alma Novia Helia"}]},{"@type":"WebSite","@id":"https:\/\/www.koonings.com\/fr\/#website","url":"https:\/\/www.koonings.com\/fr\/","name":"Koonings","description":"De grootste bruidsmodewinkel ter wereld","publisher":{"@id":"https:\/\/www.koonings.com\/fr\/#organization"},"potentialAction":[{"@type":"SearchAction","target":{"@type":"EntryPoint","urlTemplate":"https:\/\/www.koonings.com\/fr\/?s={search_term_string}"},"query-input":{"@type":"PropertyValueSpecification","valueRequired":true,"valueName":"search_term_string"}}],"inLanguage":"fr-FR"},{"@type":"Organization","@id":"https:\/\/www.koonings.com\/fr\/#organization","name":"Koonings","url":"https:\/\/www.koonings.com\/fr\/","logo":{"@type":"ImageObject","inLanguage":"fr-FR","@id":"https:\/\/www.koonings.com\/fr\/#\/schema\/logo\/image\/","url":"https:\/\/www.koonings.com\/wp-content\/uploads\/2024\/07\/logo.png","contentUrl":"https:\/\/www.koonings.com\/wp-content\/uploads\/2024\/07\/logo.png","width":600,"height":428,"caption":"Koonings"},"image":{"@id":"https:\/\/www.koonings.com\/fr\/#\/schema\/logo\/image\/"},"sameAs":["https:\/\/www.facebook.com\/kooningstheweddingpalace","https:\/\/www.instagram.com\/kooningstheweddingpalace","https:\/\/www.pinterest.com\/koonings","https:\/\/www.youtube.com\/kooningstheweddingpalace"]}]}},"_links":{"self":[{"href":"https:\/\/www.koonings.com\/fr\/wp-json\/wp\/v2\/product\/78247","targetHints":{"allow":["GET"]}}],"collection":[{"href":"https:\/\/www.koonings.com\/fr\/wp-json\/wp\/v2\/product"}],"about":[{"href":"https:\/\/www.koonings.com\/fr\/wp-json\/wp\/v2\/types\/product"}],"wp:featuredmedia":[{"embeddable":true,"href":"https:\/\/www.koonings.com\/fr\/wp-json\/wp\/v2\/media\/61833"}],"wp:attachment":[{"href":"https:\/\/www.koonings.com\/fr\/wp-json\/wp\/v2\/media?parent=78247"}],"wp:term":[{"taxonomy":"productdetails","embeddable":true,"href":"https:\/\/www.koonings.com\/fr\/wp-json\/wp\/v2\/productdetails?post=78247"},{"taxonomy":"productneck","embeddable":true,"href":"https:\/\/www.koonings.com\/fr\/wp-json\/wp\/v2\/productneck?post=78247"},{"taxonomy":"productcolor","embeddable":true,"href":"https:\/\/www.koonings.com\/fr\/wp-json\/wp\/v2\/productcolor?post=78247"},{"taxonomy":"maat","embeddable":true,"href":"https:\/\/www.koonings.com\/fr\/wp-json\/wp\/v2\/maat?post=78247"},{"taxonomy":"productsupplier","embeddable":true,"href":"https:\/\/www.koonings.com\/fr\/wp-json\/wp\/v2\/productsupplier?post=78247"},{"taxonomy":"productsleeve","embeddable":true,"href":"https:\/\/www.koonings.com\/fr\/wp-json\/wp\/v2\/productsleeve?post=78247"},{"taxonomy":"productcategory","embeddable":true,"href":"https:\/\/www.koonings.com\/fr\/wp-json\/wp\/v2\/productcategory?post=78247"},{"taxonomy":"productsilhouette","embeddable":true,"href":"https:\/\/www.koonings.com\/fr\/wp-json\/wp\/v2\/productsilhouette?post=78247"},{"taxonomy":"productstyle","embeddable":true,"href":"https:\/\/www.koonings.com\/fr\/wp-json\/wp\/v2\/productstyle?post=78247"}],"curies":[{"name":"wp","href":"https:\/\/api.w.org\/{rel}","templated":true}]}}