{"id":78234,"date":"2026-05-06T15:26:13","date_gmt":"2026-05-06T13:26:13","guid":{"rendered":"https:\/\/www.koonings.com\/product\/alma-novia-harden\/"},"modified":"2025-06-05T13:27:33","modified_gmt":"2025-06-05T11:27:33","slug":"alma-novia-harden","status":"publish","type":"product","link":"https:\/\/www.koonings.com\/fr\/product\/alma-novia-harden\/","title":{"rendered":"Alma Novia Harden"},"content":{"rendered":"<p>Longue robe de mari\u00e9e souple en ligne A. Confectionn\u00e9e en cr\u00eape extensible et en dentelle, elle pr\u00e9sente un d\u00e9collet\u00e9 et un dos en V, des manches courtes et une jupe fendue sur le devant. Elle pr\u00e9sente un motif exclusif d&#8217;Alma Novia.  <\/p>\n","protected":false},"featured_media":61889,"template":"","meta":{"_acf_changed":false,"ghostkit_customizer_options":"","ghostkit_custom_css":"","ghostkit_custom_js_head":"","ghostkit_custom_js_foot":"","ghostkit_typography":""},"productdetails":[378],"productneck":[356],"productcolor":[392],"maat":[],"productsupplier":[459],"productsleeve":[359],"productcategory":[18],"productsilhouette":[384,389],"productstyle":[370],"class_list":["post-78234","product","type-product","status-publish","has-post-thumbnail","hentry","productdetails-378","productneck-356","productcolor-392","productsupplier-alma-novia","productsleeve-359","productcategory-trouwjurken","productsilhouette-384","productsilhouette-389","productstyle-370"],"acf":[],"yoast_head":"<!-- This site is optimized with the Yoast SEO plugin v27.3 - https:\/\/yoast.com\/product\/yoast-seo-wordpress\/ -->\n<title>Alma Novia Harden | Koonings<\/title>\n<meta name=\"description\" content=\"Longue robe de mari\u00e9e souple en ligne A. Confectionn\u00e9e en cr\u00eape extensible et en dentelle, elle pr\u00e9sente un d\u00e9collet\u00e9 et un dos en V, des manches courtes et une jupe fendue sur le devant. Elle pr\u00e9sente un motif exclusif d&#039;Alma Novia.\" \/>\n<meta name=\"robots\" content=\"index, follow, max-snippet:-1, max-image-preview:large, max-video-preview:-1\" \/>\n<link rel=\"canonical\" href=\"https:\/\/www.koonings.com\/fr\/product\/alma-novia-harden\/\" \/>\n<meta property=\"og:locale\" content=\"fr_FR\" \/>\n<meta property=\"og:type\" content=\"article\" \/>\n<meta property=\"og:title\" content=\"Alma Novia Harden | Koonings\" \/>\n<meta property=\"og:description\" content=\"Longue robe de mari\u00e9e souple en ligne A. Confectionn\u00e9e en cr\u00eape extensible et en dentelle, elle pr\u00e9sente un d\u00e9collet\u00e9 et un dos en V, des manches courtes et une jupe fendue sur le devant. Elle pr\u00e9sente un motif exclusif d&#039;Alma Novia.\" \/>\n<meta property=\"og:url\" content=\"https:\/\/www.koonings.com\/fr\/product\/alma-novia-harden\/\" \/>\n<meta property=\"og:site_name\" content=\"Koonings\" \/>\n<meta property=\"article:publisher\" content=\"https:\/\/www.facebook.com\/kooningstheweddingpalace\" \/>\n<meta property=\"og:image\" content=\"https:\/\/www.koonings.com\/wp-content\/uploads\/2024\/11\/41096_e7a723e1398f69b752f51d9bafd229df51e9b203a54dea3346dd53716991128b7b21018b.jpeg\" \/>\n\t<meta property=\"og:image:width\" content=\"1536\" \/>\n\t<meta property=\"og:image:height\" content=\"1920\" \/>\n\t<meta property=\"og:image:type\" content=\"image\/jpeg\" \/>\n<meta name=\"twitter:card\" content=\"summary_large_image\" \/>\n<script type=\"application\/ld+json\" class=\"yoast-schema-graph\">{\"@context\":\"https:\\\/\\\/schema.org\",\"@graph\":[{\"@type\":\"WebPage\",\"@id\":\"https:\\\/\\\/www.koonings.com\\\/fr\\\/product\\\/alma-novia-harden\\\/\",\"url\":\"https:\\\/\\\/www.koonings.com\\\/fr\\\/product\\\/alma-novia-harden\\\/\",\"name\":\"Alma Novia Harden | Koonings\",\"isPartOf\":{\"@id\":\"https:\\\/\\\/www.koonings.com\\\/fr\\\/#website\"},\"primaryImageOfPage\":{\"@id\":\"https:\\\/\\\/www.koonings.com\\\/fr\\\/product\\\/alma-novia-harden\\\/#primaryimage\"},\"image\":{\"@id\":\"https:\\\/\\\/www.koonings.com\\\/fr\\\/product\\\/alma-novia-harden\\\/#primaryimage\"},\"thumbnailUrl\":\"https:\\\/\\\/www.koonings.com\\\/wp-content\\\/uploads\\\/2024\\\/11\\\/41096_e7a723e1398f69b752f51d9bafd229df51e9b203a54dea3346dd53716991128b7b21018b.jpeg\",\"datePublished\":\"2026-05-06T13:26:13+00:00\",\"description\":\"Longue robe de mari\u00e9e souple en ligne A. Confectionn\u00e9e en cr\u00eape extensible et en dentelle, elle pr\u00e9sente un d\u00e9collet\u00e9 et un dos en V, des manches courtes et une jupe fendue sur le devant. Elle pr\u00e9sente un motif exclusif d'Alma Novia.\",\"breadcrumb\":{\"@id\":\"https:\\\/\\\/www.koonings.com\\\/fr\\\/product\\\/alma-novia-harden\\\/#breadcrumb\"},\"inLanguage\":\"fr-FR\",\"potentialAction\":[{\"@type\":\"ReadAction\",\"target\":[\"https:\\\/\\\/www.koonings.com\\\/fr\\\/product\\\/alma-novia-harden\\\/\"]}]},{\"@type\":\"ImageObject\",\"inLanguage\":\"fr-FR\",\"@id\":\"https:\\\/\\\/www.koonings.com\\\/fr\\\/product\\\/alma-novia-harden\\\/#primaryimage\",\"url\":\"https:\\\/\\\/www.koonings.com\\\/wp-content\\\/uploads\\\/2024\\\/11\\\/41096_e7a723e1398f69b752f51d9bafd229df51e9b203a54dea3346dd53716991128b7b21018b.jpeg\",\"contentUrl\":\"https:\\\/\\\/www.koonings.com\\\/wp-content\\\/uploads\\\/2024\\\/11\\\/41096_e7a723e1398f69b752f51d9bafd229df51e9b203a54dea3346dd53716991128b7b21018b.jpeg\",\"width\":1536,\"height\":1920},{\"@type\":\"BreadcrumbList\",\"@id\":\"https:\\\/\\\/www.koonings.com\\\/fr\\\/product\\\/alma-novia-harden\\\/#breadcrumb\",\"itemListElement\":[{\"@type\":\"ListItem\",\"position\":1,\"name\":\"Home\",\"item\":\"https:\\\/\\\/www.koonings.com\\\/fr\\\/\"},{\"@type\":\"ListItem\",\"position\":2,\"name\":\"Alma Novia Harden\"}]},{\"@type\":\"WebSite\",\"@id\":\"https:\\\/\\\/www.koonings.com\\\/fr\\\/#website\",\"url\":\"https:\\\/\\\/www.koonings.com\\\/fr\\\/\",\"name\":\"Koonings\",\"description\":\"De grootste bruidsmodewinkel ter wereld\",\"publisher\":{\"@id\":\"https:\\\/\\\/www.koonings.com\\\/fr\\\/#organization\"},\"potentialAction\":[{\"@type\":\"SearchAction\",\"target\":{\"@type\":\"EntryPoint\",\"urlTemplate\":\"https:\\\/\\\/www.koonings.com\\\/fr\\\/?s={search_term_string}\"},\"query-input\":{\"@type\":\"PropertyValueSpecification\",\"valueRequired\":true,\"valueName\":\"search_term_string\"}}],\"inLanguage\":\"fr-FR\"},{\"@type\":\"Organization\",\"@id\":\"https:\\\/\\\/www.koonings.com\\\/fr\\\/#organization\",\"name\":\"Koonings\",\"url\":\"https:\\\/\\\/www.koonings.com\\\/fr\\\/\",\"logo\":{\"@type\":\"ImageObject\",\"inLanguage\":\"fr-FR\",\"@id\":\"https:\\\/\\\/www.koonings.com\\\/fr\\\/#\\\/schema\\\/logo\\\/image\\\/\",\"url\":\"https:\\\/\\\/www.koonings.com\\\/wp-content\\\/uploads\\\/2024\\\/07\\\/logo.png\",\"contentUrl\":\"https:\\\/\\\/www.koonings.com\\\/wp-content\\\/uploads\\\/2024\\\/07\\\/logo.png\",\"width\":600,\"height\":428,\"caption\":\"Koonings\"},\"image\":{\"@id\":\"https:\\\/\\\/www.koonings.com\\\/fr\\\/#\\\/schema\\\/logo\\\/image\\\/\"},\"sameAs\":[\"https:\\\/\\\/www.facebook.com\\\/kooningstheweddingpalace\",\"https:\\\/\\\/www.instagram.com\\\/kooningstheweddingpalace\",\"https:\\\/\\\/www.pinterest.com\\\/koonings\",\"https:\\\/\\\/www.youtube.com\\\/kooningstheweddingpalace\"]}]}<\/script>\n<!-- \/ Yoast SEO plugin. -->","yoast_head_json":{"title":"Alma Novia Harden | Koonings","description":"Longue robe de mari\u00e9e souple en ligne A. Confectionn\u00e9e en cr\u00eape extensible et en dentelle, elle pr\u00e9sente un d\u00e9collet\u00e9 et un dos en V, des manches courtes et une jupe fendue sur le devant. Elle pr\u00e9sente un motif exclusif d'Alma Novia.","robots":{"index":"index","follow":"follow","max-snippet":"max-snippet:-1","max-image-preview":"max-image-preview:large","max-video-preview":"max-video-preview:-1"},"canonical":"https:\/\/www.koonings.com\/fr\/product\/alma-novia-harden\/","og_locale":"fr_FR","og_type":"article","og_title":"Alma Novia Harden | Koonings","og_description":"Longue robe de mari\u00e9e souple en ligne A. Confectionn\u00e9e en cr\u00eape extensible et en dentelle, elle pr\u00e9sente un d\u00e9collet\u00e9 et un dos en V, des manches courtes et une jupe fendue sur le devant. Elle pr\u00e9sente un motif exclusif d'Alma Novia.","og_url":"https:\/\/www.koonings.com\/fr\/product\/alma-novia-harden\/","og_site_name":"Koonings","article_publisher":"https:\/\/www.facebook.com\/kooningstheweddingpalace","og_image":[{"width":1536,"height":1920,"url":"https:\/\/www.koonings.com\/wp-content\/uploads\/2024\/11\/41096_e7a723e1398f69b752f51d9bafd229df51e9b203a54dea3346dd53716991128b7b21018b.jpeg","type":"image\/jpeg"}],"twitter_card":"summary_large_image","schema":{"@context":"https:\/\/schema.org","@graph":[{"@type":"WebPage","@id":"https:\/\/www.koonings.com\/fr\/product\/alma-novia-harden\/","url":"https:\/\/www.koonings.com\/fr\/product\/alma-novia-harden\/","name":"Alma Novia Harden | Koonings","isPartOf":{"@id":"https:\/\/www.koonings.com\/fr\/#website"},"primaryImageOfPage":{"@id":"https:\/\/www.koonings.com\/fr\/product\/alma-novia-harden\/#primaryimage"},"image":{"@id":"https:\/\/www.koonings.com\/fr\/product\/alma-novia-harden\/#primaryimage"},"thumbnailUrl":"https:\/\/www.koonings.com\/wp-content\/uploads\/2024\/11\/41096_e7a723e1398f69b752f51d9bafd229df51e9b203a54dea3346dd53716991128b7b21018b.jpeg","datePublished":"2026-05-06T13:26:13+00:00","description":"Longue robe de mari\u00e9e souple en ligne A. Confectionn\u00e9e en cr\u00eape extensible et en dentelle, elle pr\u00e9sente un d\u00e9collet\u00e9 et un dos en V, des manches courtes et une jupe fendue sur le devant. Elle pr\u00e9sente un motif exclusif d'Alma Novia.","breadcrumb":{"@id":"https:\/\/www.koonings.com\/fr\/product\/alma-novia-harden\/#breadcrumb"},"inLanguage":"fr-FR","potentialAction":[{"@type":"ReadAction","target":["https:\/\/www.koonings.com\/fr\/product\/alma-novia-harden\/"]}]},{"@type":"ImageObject","inLanguage":"fr-FR","@id":"https:\/\/www.koonings.com\/fr\/product\/alma-novia-harden\/#primaryimage","url":"https:\/\/www.koonings.com\/wp-content\/uploads\/2024\/11\/41096_e7a723e1398f69b752f51d9bafd229df51e9b203a54dea3346dd53716991128b7b21018b.jpeg","contentUrl":"https:\/\/www.koonings.com\/wp-content\/uploads\/2024\/11\/41096_e7a723e1398f69b752f51d9bafd229df51e9b203a54dea3346dd53716991128b7b21018b.jpeg","width":1536,"height":1920},{"@type":"BreadcrumbList","@id":"https:\/\/www.koonings.com\/fr\/product\/alma-novia-harden\/#breadcrumb","itemListElement":[{"@type":"ListItem","position":1,"name":"Home","item":"https:\/\/www.koonings.com\/fr\/"},{"@type":"ListItem","position":2,"name":"Alma Novia Harden"}]},{"@type":"WebSite","@id":"https:\/\/www.koonings.com\/fr\/#website","url":"https:\/\/www.koonings.com\/fr\/","name":"Koonings","description":"De grootste bruidsmodewinkel ter wereld","publisher":{"@id":"https:\/\/www.koonings.com\/fr\/#organization"},"potentialAction":[{"@type":"SearchAction","target":{"@type":"EntryPoint","urlTemplate":"https:\/\/www.koonings.com\/fr\/?s={search_term_string}"},"query-input":{"@type":"PropertyValueSpecification","valueRequired":true,"valueName":"search_term_string"}}],"inLanguage":"fr-FR"},{"@type":"Organization","@id":"https:\/\/www.koonings.com\/fr\/#organization","name":"Koonings","url":"https:\/\/www.koonings.com\/fr\/","logo":{"@type":"ImageObject","inLanguage":"fr-FR","@id":"https:\/\/www.koonings.com\/fr\/#\/schema\/logo\/image\/","url":"https:\/\/www.koonings.com\/wp-content\/uploads\/2024\/07\/logo.png","contentUrl":"https:\/\/www.koonings.com\/wp-content\/uploads\/2024\/07\/logo.png","width":600,"height":428,"caption":"Koonings"},"image":{"@id":"https:\/\/www.koonings.com\/fr\/#\/schema\/logo\/image\/"},"sameAs":["https:\/\/www.facebook.com\/kooningstheweddingpalace","https:\/\/www.instagram.com\/kooningstheweddingpalace","https:\/\/www.pinterest.com\/koonings","https:\/\/www.youtube.com\/kooningstheweddingpalace"]}]}},"_links":{"self":[{"href":"https:\/\/www.koonings.com\/fr\/wp-json\/wp\/v2\/product\/78234","targetHints":{"allow":["GET"]}}],"collection":[{"href":"https:\/\/www.koonings.com\/fr\/wp-json\/wp\/v2\/product"}],"about":[{"href":"https:\/\/www.koonings.com\/fr\/wp-json\/wp\/v2\/types\/product"}],"wp:featuredmedia":[{"embeddable":true,"href":"https:\/\/www.koonings.com\/fr\/wp-json\/wp\/v2\/media\/61889"}],"wp:attachment":[{"href":"https:\/\/www.koonings.com\/fr\/wp-json\/wp\/v2\/media?parent=78234"}],"wp:term":[{"taxonomy":"productdetails","embeddable":true,"href":"https:\/\/www.koonings.com\/fr\/wp-json\/wp\/v2\/productdetails?post=78234"},{"taxonomy":"productneck","embeddable":true,"href":"https:\/\/www.koonings.com\/fr\/wp-json\/wp\/v2\/productneck?post=78234"},{"taxonomy":"productcolor","embeddable":true,"href":"https:\/\/www.koonings.com\/fr\/wp-json\/wp\/v2\/productcolor?post=78234"},{"taxonomy":"maat","embeddable":true,"href":"https:\/\/www.koonings.com\/fr\/wp-json\/wp\/v2\/maat?post=78234"},{"taxonomy":"productsupplier","embeddable":true,"href":"https:\/\/www.koonings.com\/fr\/wp-json\/wp\/v2\/productsupplier?post=78234"},{"taxonomy":"productsleeve","embeddable":true,"href":"https:\/\/www.koonings.com\/fr\/wp-json\/wp\/v2\/productsleeve?post=78234"},{"taxonomy":"productcategory","embeddable":true,"href":"https:\/\/www.koonings.com\/fr\/wp-json\/wp\/v2\/productcategory?post=78234"},{"taxonomy":"productsilhouette","embeddable":true,"href":"https:\/\/www.koonings.com\/fr\/wp-json\/wp\/v2\/productsilhouette?post=78234"},{"taxonomy":"productstyle","embeddable":true,"href":"https:\/\/www.koonings.com\/fr\/wp-json\/wp\/v2\/productstyle?post=78234"}],"curies":[{"name":"wp","href":"https:\/\/api.w.org\/{rel}","templated":true}]}}