{"id":78205,"date":"2026-04-21T18:30:21","date_gmt":"2026-04-21T16:30:21","guid":{"rendered":"https:\/\/www.koonings.com\/product\/alma-novia-hagelia-9b104crpne01460\/"},"modified":"2025-06-05T13:27:49","modified_gmt":"2025-06-05T11:27:49","slug":"alma-novia-hagelia-9b104crpne01460","status":"publish","type":"product","link":"https:\/\/www.koonings.com\/fr\/product\/alma-novia-hagelia-9b104crpne01460\/","title":{"rendered":"Alma Novia Hagelia 9B104CRPNE01460"},"content":{"rendered":"<p>Robe\/pantalon de mariage romantique de style fourreau long. Confectionn\u00e9e en crespon rehauss\u00e9 de dentelle, elle pr\u00e9sente un d\u00e9collet\u00e9 en V, un dos en V et des manches trois-quarts. Mettez en valeur ce look d\u00e9licat d&#8217;Alma Novia.  <\/p>\n","protected":false},"featured_media":62061,"template":"","meta":{"_acf_changed":false,"ghostkit_customizer_options":"","ghostkit_custom_css":"","ghostkit_custom_js_head":"","ghostkit_custom_js_foot":"","ghostkit_typography":""},"productdetails":[376],"productneck":[356],"productcolor":[392],"maat":[],"productsupplier":[459],"productsleeve":[361,362],"productcategory":[18],"productsilhouette":[391],"productstyle":[371,370,373],"class_list":["post-78205","product","type-product","status-publish","has-post-thumbnail","hentry","productdetails-376","productneck-356","productcolor-392","productsupplier-alma-novia","productsleeve-361","productsleeve-362","productcategory-trouwjurken","productsilhouette-391","productstyle-371","productstyle-370","productstyle-373"],"acf":[],"yoast_head":"<!-- This site is optimized with the Yoast SEO plugin v27.3 - https:\/\/yoast.com\/product\/yoast-seo-wordpress\/ -->\n<title>Alma Novia Hagelia 9B104CRPNE01460 | Koonings<\/title>\n<meta name=\"description\" content=\"Robe\/pantalon de mariage romantique de style fourreau long. Confectionn\u00e9e en crespon rehauss\u00e9 de dentelle, elle pr\u00e9sente un d\u00e9collet\u00e9 en V, un dos en V et des manches trois-quarts. Mettez en valeur ce look d\u00e9licat d&#039;Alma Novia.\" \/>\n<meta name=\"robots\" content=\"index, follow, max-snippet:-1, max-image-preview:large, max-video-preview:-1\" \/>\n<link rel=\"canonical\" href=\"https:\/\/www.koonings.com\/fr\/product\/alma-novia-hagelia-9b104crpne01460\/\" \/>\n<meta property=\"og:locale\" content=\"fr_FR\" \/>\n<meta property=\"og:type\" content=\"article\" \/>\n<meta property=\"og:title\" content=\"Alma Novia Hagelia 9B104CRPNE01460 | Koonings\" \/>\n<meta property=\"og:description\" content=\"Robe\/pantalon de mariage romantique de style fourreau long. Confectionn\u00e9e en crespon rehauss\u00e9 de dentelle, elle pr\u00e9sente un d\u00e9collet\u00e9 en V, un dos en V et des manches trois-quarts. Mettez en valeur ce look d\u00e9licat d&#039;Alma Novia.\" \/>\n<meta property=\"og:url\" content=\"https:\/\/www.koonings.com\/fr\/product\/alma-novia-hagelia-9b104crpne01460\/\" \/>\n<meta property=\"og:site_name\" content=\"Koonings\" \/>\n<meta property=\"article:publisher\" content=\"https:\/\/www.facebook.com\/kooningstheweddingpalace\" \/>\n<meta property=\"og:image\" content=\"https:\/\/www.koonings.com\/wp-content\/uploads\/2024\/11\/49181_715ee15bbfa8c4c6e6c23d6ae54ea399d3e6165ec4121441445b61ef4a18e785ffcad2e9.jpeg\" \/>\n\t<meta property=\"og:image:width\" content=\"1536\" \/>\n\t<meta property=\"og:image:height\" content=\"1920\" \/>\n\t<meta property=\"og:image:type\" content=\"image\/jpeg\" \/>\n<meta name=\"twitter:card\" content=\"summary_large_image\" \/>\n<script type=\"application\/ld+json\" class=\"yoast-schema-graph\">{\"@context\":\"https:\\\/\\\/schema.org\",\"@graph\":[{\"@type\":\"WebPage\",\"@id\":\"https:\\\/\\\/www.koonings.com\\\/fr\\\/product\\\/alma-novia-hagelia-9b104crpne01460\\\/\",\"url\":\"https:\\\/\\\/www.koonings.com\\\/fr\\\/product\\\/alma-novia-hagelia-9b104crpne01460\\\/\",\"name\":\"Alma Novia Hagelia 9B104CRPNE01460 | Koonings\",\"isPartOf\":{\"@id\":\"https:\\\/\\\/www.koonings.com\\\/fr\\\/#website\"},\"primaryImageOfPage\":{\"@id\":\"https:\\\/\\\/www.koonings.com\\\/fr\\\/product\\\/alma-novia-hagelia-9b104crpne01460\\\/#primaryimage\"},\"image\":{\"@id\":\"https:\\\/\\\/www.koonings.com\\\/fr\\\/product\\\/alma-novia-hagelia-9b104crpne01460\\\/#primaryimage\"},\"thumbnailUrl\":\"https:\\\/\\\/www.koonings.com\\\/wp-content\\\/uploads\\\/2024\\\/11\\\/49181_715ee15bbfa8c4c6e6c23d6ae54ea399d3e6165ec4121441445b61ef4a18e785ffcad2e9.jpeg\",\"datePublished\":\"2026-04-21T16:30:21+00:00\",\"description\":\"Robe\\\/pantalon de mariage romantique de style fourreau long. Confectionn\u00e9e en crespon rehauss\u00e9 de dentelle, elle pr\u00e9sente un d\u00e9collet\u00e9 en V, un dos en V et des manches trois-quarts. Mettez en valeur ce look d\u00e9licat d'Alma Novia.\",\"breadcrumb\":{\"@id\":\"https:\\\/\\\/www.koonings.com\\\/fr\\\/product\\\/alma-novia-hagelia-9b104crpne01460\\\/#breadcrumb\"},\"inLanguage\":\"fr-FR\",\"potentialAction\":[{\"@type\":\"ReadAction\",\"target\":[\"https:\\\/\\\/www.koonings.com\\\/fr\\\/product\\\/alma-novia-hagelia-9b104crpne01460\\\/\"]}]},{\"@type\":\"ImageObject\",\"inLanguage\":\"fr-FR\",\"@id\":\"https:\\\/\\\/www.koonings.com\\\/fr\\\/product\\\/alma-novia-hagelia-9b104crpne01460\\\/#primaryimage\",\"url\":\"https:\\\/\\\/www.koonings.com\\\/wp-content\\\/uploads\\\/2024\\\/11\\\/49181_715ee15bbfa8c4c6e6c23d6ae54ea399d3e6165ec4121441445b61ef4a18e785ffcad2e9.jpeg\",\"contentUrl\":\"https:\\\/\\\/www.koonings.com\\\/wp-content\\\/uploads\\\/2024\\\/11\\\/49181_715ee15bbfa8c4c6e6c23d6ae54ea399d3e6165ec4121441445b61ef4a18e785ffcad2e9.jpeg\",\"width\":1536,\"height\":1920},{\"@type\":\"BreadcrumbList\",\"@id\":\"https:\\\/\\\/www.koonings.com\\\/fr\\\/product\\\/alma-novia-hagelia-9b104crpne01460\\\/#breadcrumb\",\"itemListElement\":[{\"@type\":\"ListItem\",\"position\":1,\"name\":\"Home\",\"item\":\"https:\\\/\\\/www.koonings.com\\\/fr\\\/\"},{\"@type\":\"ListItem\",\"position\":2,\"name\":\"Alma Novia Hagelia 9B104CRPNE01460\"}]},{\"@type\":\"WebSite\",\"@id\":\"https:\\\/\\\/www.koonings.com\\\/fr\\\/#website\",\"url\":\"https:\\\/\\\/www.koonings.com\\\/fr\\\/\",\"name\":\"Koonings\",\"description\":\"De grootste bruidsmodewinkel ter wereld\",\"publisher\":{\"@id\":\"https:\\\/\\\/www.koonings.com\\\/fr\\\/#organization\"},\"potentialAction\":[{\"@type\":\"SearchAction\",\"target\":{\"@type\":\"EntryPoint\",\"urlTemplate\":\"https:\\\/\\\/www.koonings.com\\\/fr\\\/?s={search_term_string}\"},\"query-input\":{\"@type\":\"PropertyValueSpecification\",\"valueRequired\":true,\"valueName\":\"search_term_string\"}}],\"inLanguage\":\"fr-FR\"},{\"@type\":\"Organization\",\"@id\":\"https:\\\/\\\/www.koonings.com\\\/fr\\\/#organization\",\"name\":\"Koonings\",\"url\":\"https:\\\/\\\/www.koonings.com\\\/fr\\\/\",\"logo\":{\"@type\":\"ImageObject\",\"inLanguage\":\"fr-FR\",\"@id\":\"https:\\\/\\\/www.koonings.com\\\/fr\\\/#\\\/schema\\\/logo\\\/image\\\/\",\"url\":\"https:\\\/\\\/www.koonings.com\\\/wp-content\\\/uploads\\\/2024\\\/07\\\/logo.png\",\"contentUrl\":\"https:\\\/\\\/www.koonings.com\\\/wp-content\\\/uploads\\\/2024\\\/07\\\/logo.png\",\"width\":600,\"height\":428,\"caption\":\"Koonings\"},\"image\":{\"@id\":\"https:\\\/\\\/www.koonings.com\\\/fr\\\/#\\\/schema\\\/logo\\\/image\\\/\"},\"sameAs\":[\"https:\\\/\\\/www.facebook.com\\\/kooningstheweddingpalace\",\"https:\\\/\\\/www.instagram.com\\\/kooningstheweddingpalace\",\"https:\\\/\\\/www.pinterest.com\\\/koonings\",\"https:\\\/\\\/www.youtube.com\\\/kooningstheweddingpalace\"]}]}<\/script>\n<!-- \/ Yoast SEO plugin. -->","yoast_head_json":{"title":"Alma Novia Hagelia 9B104CRPNE01460 | Koonings","description":"Robe\/pantalon de mariage romantique de style fourreau long. Confectionn\u00e9e en crespon rehauss\u00e9 de dentelle, elle pr\u00e9sente un d\u00e9collet\u00e9 en V, un dos en V et des manches trois-quarts. Mettez en valeur ce look d\u00e9licat d'Alma Novia.","robots":{"index":"index","follow":"follow","max-snippet":"max-snippet:-1","max-image-preview":"max-image-preview:large","max-video-preview":"max-video-preview:-1"},"canonical":"https:\/\/www.koonings.com\/fr\/product\/alma-novia-hagelia-9b104crpne01460\/","og_locale":"fr_FR","og_type":"article","og_title":"Alma Novia Hagelia 9B104CRPNE01460 | Koonings","og_description":"Robe\/pantalon de mariage romantique de style fourreau long. Confectionn\u00e9e en crespon rehauss\u00e9 de dentelle, elle pr\u00e9sente un d\u00e9collet\u00e9 en V, un dos en V et des manches trois-quarts. Mettez en valeur ce look d\u00e9licat d'Alma Novia.","og_url":"https:\/\/www.koonings.com\/fr\/product\/alma-novia-hagelia-9b104crpne01460\/","og_site_name":"Koonings","article_publisher":"https:\/\/www.facebook.com\/kooningstheweddingpalace","og_image":[{"width":1536,"height":1920,"url":"https:\/\/www.koonings.com\/wp-content\/uploads\/2024\/11\/49181_715ee15bbfa8c4c6e6c23d6ae54ea399d3e6165ec4121441445b61ef4a18e785ffcad2e9.jpeg","type":"image\/jpeg"}],"twitter_card":"summary_large_image","schema":{"@context":"https:\/\/schema.org","@graph":[{"@type":"WebPage","@id":"https:\/\/www.koonings.com\/fr\/product\/alma-novia-hagelia-9b104crpne01460\/","url":"https:\/\/www.koonings.com\/fr\/product\/alma-novia-hagelia-9b104crpne01460\/","name":"Alma Novia Hagelia 9B104CRPNE01460 | Koonings","isPartOf":{"@id":"https:\/\/www.koonings.com\/fr\/#website"},"primaryImageOfPage":{"@id":"https:\/\/www.koonings.com\/fr\/product\/alma-novia-hagelia-9b104crpne01460\/#primaryimage"},"image":{"@id":"https:\/\/www.koonings.com\/fr\/product\/alma-novia-hagelia-9b104crpne01460\/#primaryimage"},"thumbnailUrl":"https:\/\/www.koonings.com\/wp-content\/uploads\/2024\/11\/49181_715ee15bbfa8c4c6e6c23d6ae54ea399d3e6165ec4121441445b61ef4a18e785ffcad2e9.jpeg","datePublished":"2026-04-21T16:30:21+00:00","description":"Robe\/pantalon de mariage romantique de style fourreau long. Confectionn\u00e9e en crespon rehauss\u00e9 de dentelle, elle pr\u00e9sente un d\u00e9collet\u00e9 en V, un dos en V et des manches trois-quarts. Mettez en valeur ce look d\u00e9licat d'Alma Novia.","breadcrumb":{"@id":"https:\/\/www.koonings.com\/fr\/product\/alma-novia-hagelia-9b104crpne01460\/#breadcrumb"},"inLanguage":"fr-FR","potentialAction":[{"@type":"ReadAction","target":["https:\/\/www.koonings.com\/fr\/product\/alma-novia-hagelia-9b104crpne01460\/"]}]},{"@type":"ImageObject","inLanguage":"fr-FR","@id":"https:\/\/www.koonings.com\/fr\/product\/alma-novia-hagelia-9b104crpne01460\/#primaryimage","url":"https:\/\/www.koonings.com\/wp-content\/uploads\/2024\/11\/49181_715ee15bbfa8c4c6e6c23d6ae54ea399d3e6165ec4121441445b61ef4a18e785ffcad2e9.jpeg","contentUrl":"https:\/\/www.koonings.com\/wp-content\/uploads\/2024\/11\/49181_715ee15bbfa8c4c6e6c23d6ae54ea399d3e6165ec4121441445b61ef4a18e785ffcad2e9.jpeg","width":1536,"height":1920},{"@type":"BreadcrumbList","@id":"https:\/\/www.koonings.com\/fr\/product\/alma-novia-hagelia-9b104crpne01460\/#breadcrumb","itemListElement":[{"@type":"ListItem","position":1,"name":"Home","item":"https:\/\/www.koonings.com\/fr\/"},{"@type":"ListItem","position":2,"name":"Alma Novia Hagelia 9B104CRPNE01460"}]},{"@type":"WebSite","@id":"https:\/\/www.koonings.com\/fr\/#website","url":"https:\/\/www.koonings.com\/fr\/","name":"Koonings","description":"De grootste bruidsmodewinkel ter wereld","publisher":{"@id":"https:\/\/www.koonings.com\/fr\/#organization"},"potentialAction":[{"@type":"SearchAction","target":{"@type":"EntryPoint","urlTemplate":"https:\/\/www.koonings.com\/fr\/?s={search_term_string}"},"query-input":{"@type":"PropertyValueSpecification","valueRequired":true,"valueName":"search_term_string"}}],"inLanguage":"fr-FR"},{"@type":"Organization","@id":"https:\/\/www.koonings.com\/fr\/#organization","name":"Koonings","url":"https:\/\/www.koonings.com\/fr\/","logo":{"@type":"ImageObject","inLanguage":"fr-FR","@id":"https:\/\/www.koonings.com\/fr\/#\/schema\/logo\/image\/","url":"https:\/\/www.koonings.com\/wp-content\/uploads\/2024\/07\/logo.png","contentUrl":"https:\/\/www.koonings.com\/wp-content\/uploads\/2024\/07\/logo.png","width":600,"height":428,"caption":"Koonings"},"image":{"@id":"https:\/\/www.koonings.com\/fr\/#\/schema\/logo\/image\/"},"sameAs":["https:\/\/www.facebook.com\/kooningstheweddingpalace","https:\/\/www.instagram.com\/kooningstheweddingpalace","https:\/\/www.pinterest.com\/koonings","https:\/\/www.youtube.com\/kooningstheweddingpalace"]}]}},"_links":{"self":[{"href":"https:\/\/www.koonings.com\/fr\/wp-json\/wp\/v2\/product\/78205","targetHints":{"allow":["GET"]}}],"collection":[{"href":"https:\/\/www.koonings.com\/fr\/wp-json\/wp\/v2\/product"}],"about":[{"href":"https:\/\/www.koonings.com\/fr\/wp-json\/wp\/v2\/types\/product"}],"wp:featuredmedia":[{"embeddable":true,"href":"https:\/\/www.koonings.com\/fr\/wp-json\/wp\/v2\/media\/62061"}],"wp:attachment":[{"href":"https:\/\/www.koonings.com\/fr\/wp-json\/wp\/v2\/media?parent=78205"}],"wp:term":[{"taxonomy":"productdetails","embeddable":true,"href":"https:\/\/www.koonings.com\/fr\/wp-json\/wp\/v2\/productdetails?post=78205"},{"taxonomy":"productneck","embeddable":true,"href":"https:\/\/www.koonings.com\/fr\/wp-json\/wp\/v2\/productneck?post=78205"},{"taxonomy":"productcolor","embeddable":true,"href":"https:\/\/www.koonings.com\/fr\/wp-json\/wp\/v2\/productcolor?post=78205"},{"taxonomy":"maat","embeddable":true,"href":"https:\/\/www.koonings.com\/fr\/wp-json\/wp\/v2\/maat?post=78205"},{"taxonomy":"productsupplier","embeddable":true,"href":"https:\/\/www.koonings.com\/fr\/wp-json\/wp\/v2\/productsupplier?post=78205"},{"taxonomy":"productsleeve","embeddable":true,"href":"https:\/\/www.koonings.com\/fr\/wp-json\/wp\/v2\/productsleeve?post=78205"},{"taxonomy":"productcategory","embeddable":true,"href":"https:\/\/www.koonings.com\/fr\/wp-json\/wp\/v2\/productcategory?post=78205"},{"taxonomy":"productsilhouette","embeddable":true,"href":"https:\/\/www.koonings.com\/fr\/wp-json\/wp\/v2\/productsilhouette?post=78205"},{"taxonomy":"productstyle","embeddable":true,"href":"https:\/\/www.koonings.com\/fr\/wp-json\/wp\/v2\/productstyle?post=78205"}],"curies":[{"name":"wp","href":"https:\/\/api.w.org\/{rel}","templated":true}]}}