{"id":78161,"date":"2026-04-14T16:02:12","date_gmt":"2026-04-14T14:02:12","guid":{"rendered":"https:\/\/www.koonings.com\/product\/aire-barcelona-bandol\/"},"modified":"2026-02-16T14:45:21","modified_gmt":"2026-02-16T13:45:21","slug":"aire-barcelona-bandol","status":"publish","type":"product","link":"https:\/\/www.koonings.com\/fr\/product\/aire-barcelona-bandol\/","title":{"rendered":"Bandol Aire Barcelona"},"content":{"rendered":"<p>Une \u00e9l\u00e9gante robe de mari\u00e9e en queue de poisson pour laquelle beaucoup de dentelle et de tulle ont \u00e9t\u00e9 utilis\u00e9s. La robe en dentelle pr\u00e9sente une haute encolure illusion et des manches courtes bord\u00e9es d&#8217;une bande \u00e9troite. Le dos transparent pr\u00e9sente \u00e9galement une encolure ronde et une fermeture \u00e0 boutons. Merveilleuse, la tra\u00eene en tulle est assortie \u00e0 cette robe par ailleurs tr\u00e8s cool.   <\/p>\n","protected":false},"featured_media":62282,"template":"","meta":{"_acf_changed":false,"ghostkit_customizer_options":"","ghostkit_custom_css":"","ghostkit_custom_js_head":"","ghostkit_custom_js_foot":"","ghostkit_typography":""},"productdetails":[],"productneck":[350,355],"productcolor":[392],"maat":[],"productsupplier":[395],"productsleeve":[359],"productcategory":[18],"productsilhouette":[384],"productstyle":[366],"class_list":["post-78161","product","type-product","status-publish","has-post-thumbnail","hentry","productneck-350","productneck-355","productcolor-392","productsupplier-aire-barcelona","productsleeve-359","productcategory-trouwjurken","productsilhouette-384","productstyle-366"],"acf":[],"yoast_head":"<!-- This site is optimized with the Yoast SEO plugin v27.3 - https:\/\/yoast.com\/product\/yoast-seo-wordpress\/ -->\n<title>Bandol Aire Barcelona | Koonings<\/title>\n<meta name=\"description\" content=\"Une \u00e9l\u00e9gante robe de mari\u00e9e en queue de poisson pour laquelle beaucoup de dentelle et de tulle ont \u00e9t\u00e9 utilis\u00e9s. La robe en dentelle pr\u00e9sente une haute encolure illusion et des manches courtes bord\u00e9es d&#039;une bande \u00e9troite. Le dos transparent pr\u00e9sente \u00e9galement une encolure ronde et une fermeture \u00e0 boutons. Merveilleuse, la tra\u00eene en tulle est assortie \u00e0 cette robe par ailleurs tr\u00e8s cool.\" \/>\n<meta name=\"robots\" content=\"index, follow, max-snippet:-1, max-image-preview:large, max-video-preview:-1\" \/>\n<link rel=\"canonical\" href=\"https:\/\/www.koonings.com\/fr\/product\/aire-barcelona-bandol\/\" \/>\n<meta property=\"og:locale\" content=\"fr_FR\" \/>\n<meta property=\"og:type\" content=\"article\" \/>\n<meta property=\"og:title\" content=\"Bandol Aire Barcelona | Koonings\" \/>\n<meta property=\"og:description\" content=\"Une \u00e9l\u00e9gante robe de mari\u00e9e en queue de poisson pour laquelle beaucoup de dentelle et de tulle ont \u00e9t\u00e9 utilis\u00e9s. La robe en dentelle pr\u00e9sente une haute encolure illusion et des manches courtes bord\u00e9es d&#039;une bande \u00e9troite. Le dos transparent pr\u00e9sente \u00e9galement une encolure ronde et une fermeture \u00e0 boutons. Merveilleuse, la tra\u00eene en tulle est assortie \u00e0 cette robe par ailleurs tr\u00e8s cool.\" \/>\n<meta property=\"og:url\" content=\"https:\/\/www.koonings.com\/fr\/product\/aire-barcelona-bandol\/\" \/>\n<meta property=\"og:site_name\" content=\"Koonings\" \/>\n<meta property=\"article:publisher\" content=\"https:\/\/www.facebook.com\/kooningstheweddingpalace\" \/>\n<meta property=\"og:image\" content=\"https:\/\/www.koonings.com\/wp-content\/uploads\/2024\/11\/144_7dbf6f4a5ddf29e835aac236d96385c749cf949e5ea8e8f562b0808dea6e985a4ad28437.jpeg\" \/>\n\t<meta property=\"og:image:width\" content=\"1333\" \/>\n\t<meta property=\"og:image:height\" content=\"1889\" \/>\n\t<meta property=\"og:image:type\" content=\"image\/jpeg\" \/>\n<meta name=\"twitter:card\" content=\"summary_large_image\" \/>\n<script type=\"application\/ld+json\" class=\"yoast-schema-graph\">{\"@context\":\"https:\\\/\\\/schema.org\",\"@graph\":[{\"@type\":\"WebPage\",\"@id\":\"https:\\\/\\\/www.koonings.com\\\/fr\\\/product\\\/aire-barcelona-bandol\\\/\",\"url\":\"https:\\\/\\\/www.koonings.com\\\/fr\\\/product\\\/aire-barcelona-bandol\\\/\",\"name\":\"Bandol Aire Barcelona | Koonings\",\"isPartOf\":{\"@id\":\"https:\\\/\\\/www.koonings.com\\\/fr\\\/#website\"},\"primaryImageOfPage\":{\"@id\":\"https:\\\/\\\/www.koonings.com\\\/fr\\\/product\\\/aire-barcelona-bandol\\\/#primaryimage\"},\"image\":{\"@id\":\"https:\\\/\\\/www.koonings.com\\\/fr\\\/product\\\/aire-barcelona-bandol\\\/#primaryimage\"},\"thumbnailUrl\":\"https:\\\/\\\/www.koonings.com\\\/wp-content\\\/uploads\\\/2024\\\/11\\\/144_7dbf6f4a5ddf29e835aac236d96385c749cf949e5ea8e8f562b0808dea6e985a4ad28437.jpeg\",\"datePublished\":\"2026-04-14T14:02:12+00:00\",\"description\":\"Une \u00e9l\u00e9gante robe de mari\u00e9e en queue de poisson pour laquelle beaucoup de dentelle et de tulle ont \u00e9t\u00e9 utilis\u00e9s. La robe en dentelle pr\u00e9sente une haute encolure illusion et des manches courtes bord\u00e9es d'une bande \u00e9troite. Le dos transparent pr\u00e9sente \u00e9galement une encolure ronde et une fermeture \u00e0 boutons. Merveilleuse, la tra\u00eene en tulle est assortie \u00e0 cette robe par ailleurs tr\u00e8s cool.\",\"breadcrumb\":{\"@id\":\"https:\\\/\\\/www.koonings.com\\\/fr\\\/product\\\/aire-barcelona-bandol\\\/#breadcrumb\"},\"inLanguage\":\"fr-FR\",\"potentialAction\":[{\"@type\":\"ReadAction\",\"target\":[\"https:\\\/\\\/www.koonings.com\\\/fr\\\/product\\\/aire-barcelona-bandol\\\/\"]}]},{\"@type\":\"ImageObject\",\"inLanguage\":\"fr-FR\",\"@id\":\"https:\\\/\\\/www.koonings.com\\\/fr\\\/product\\\/aire-barcelona-bandol\\\/#primaryimage\",\"url\":\"https:\\\/\\\/www.koonings.com\\\/wp-content\\\/uploads\\\/2024\\\/11\\\/144_7dbf6f4a5ddf29e835aac236d96385c749cf949e5ea8e8f562b0808dea6e985a4ad28437.jpeg\",\"contentUrl\":\"https:\\\/\\\/www.koonings.com\\\/wp-content\\\/uploads\\\/2024\\\/11\\\/144_7dbf6f4a5ddf29e835aac236d96385c749cf949e5ea8e8f562b0808dea6e985a4ad28437.jpeg\",\"width\":1333,\"height\":1889},{\"@type\":\"BreadcrumbList\",\"@id\":\"https:\\\/\\\/www.koonings.com\\\/fr\\\/product\\\/aire-barcelona-bandol\\\/#breadcrumb\",\"itemListElement\":[{\"@type\":\"ListItem\",\"position\":1,\"name\":\"Home\",\"item\":\"https:\\\/\\\/www.koonings.com\\\/fr\\\/\"},{\"@type\":\"ListItem\",\"position\":2,\"name\":\"Bandol Aire Barcelona\"}]},{\"@type\":\"WebSite\",\"@id\":\"https:\\\/\\\/www.koonings.com\\\/fr\\\/#website\",\"url\":\"https:\\\/\\\/www.koonings.com\\\/fr\\\/\",\"name\":\"Koonings\",\"description\":\"De grootste bruidsmodewinkel ter wereld\",\"publisher\":{\"@id\":\"https:\\\/\\\/www.koonings.com\\\/fr\\\/#organization\"},\"potentialAction\":[{\"@type\":\"SearchAction\",\"target\":{\"@type\":\"EntryPoint\",\"urlTemplate\":\"https:\\\/\\\/www.koonings.com\\\/fr\\\/?s={search_term_string}\"},\"query-input\":{\"@type\":\"PropertyValueSpecification\",\"valueRequired\":true,\"valueName\":\"search_term_string\"}}],\"inLanguage\":\"fr-FR\"},{\"@type\":\"Organization\",\"@id\":\"https:\\\/\\\/www.koonings.com\\\/fr\\\/#organization\",\"name\":\"Koonings\",\"url\":\"https:\\\/\\\/www.koonings.com\\\/fr\\\/\",\"logo\":{\"@type\":\"ImageObject\",\"inLanguage\":\"fr-FR\",\"@id\":\"https:\\\/\\\/www.koonings.com\\\/fr\\\/#\\\/schema\\\/logo\\\/image\\\/\",\"url\":\"https:\\\/\\\/www.koonings.com\\\/wp-content\\\/uploads\\\/2024\\\/07\\\/logo.png\",\"contentUrl\":\"https:\\\/\\\/www.koonings.com\\\/wp-content\\\/uploads\\\/2024\\\/07\\\/logo.png\",\"width\":600,\"height\":428,\"caption\":\"Koonings\"},\"image\":{\"@id\":\"https:\\\/\\\/www.koonings.com\\\/fr\\\/#\\\/schema\\\/logo\\\/image\\\/\"},\"sameAs\":[\"https:\\\/\\\/www.facebook.com\\\/kooningstheweddingpalace\",\"https:\\\/\\\/www.instagram.com\\\/kooningstheweddingpalace\",\"https:\\\/\\\/www.pinterest.com\\\/koonings\",\"https:\\\/\\\/www.youtube.com\\\/kooningstheweddingpalace\"]}]}<\/script>\n<!-- \/ Yoast SEO plugin. -->","yoast_head_json":{"title":"Bandol Aire Barcelona | Koonings","description":"Une \u00e9l\u00e9gante robe de mari\u00e9e en queue de poisson pour laquelle beaucoup de dentelle et de tulle ont \u00e9t\u00e9 utilis\u00e9s. La robe en dentelle pr\u00e9sente une haute encolure illusion et des manches courtes bord\u00e9es d'une bande \u00e9troite. Le dos transparent pr\u00e9sente \u00e9galement une encolure ronde et une fermeture \u00e0 boutons. Merveilleuse, la tra\u00eene en tulle est assortie \u00e0 cette robe par ailleurs tr\u00e8s cool.","robots":{"index":"index","follow":"follow","max-snippet":"max-snippet:-1","max-image-preview":"max-image-preview:large","max-video-preview":"max-video-preview:-1"},"canonical":"https:\/\/www.koonings.com\/fr\/product\/aire-barcelona-bandol\/","og_locale":"fr_FR","og_type":"article","og_title":"Bandol Aire Barcelona | Koonings","og_description":"Une \u00e9l\u00e9gante robe de mari\u00e9e en queue de poisson pour laquelle beaucoup de dentelle et de tulle ont \u00e9t\u00e9 utilis\u00e9s. La robe en dentelle pr\u00e9sente une haute encolure illusion et des manches courtes bord\u00e9es d'une bande \u00e9troite. Le dos transparent pr\u00e9sente \u00e9galement une encolure ronde et une fermeture \u00e0 boutons. Merveilleuse, la tra\u00eene en tulle est assortie \u00e0 cette robe par ailleurs tr\u00e8s cool.","og_url":"https:\/\/www.koonings.com\/fr\/product\/aire-barcelona-bandol\/","og_site_name":"Koonings","article_publisher":"https:\/\/www.facebook.com\/kooningstheweddingpalace","og_image":[{"width":1333,"height":1889,"url":"https:\/\/www.koonings.com\/wp-content\/uploads\/2024\/11\/144_7dbf6f4a5ddf29e835aac236d96385c749cf949e5ea8e8f562b0808dea6e985a4ad28437.jpeg","type":"image\/jpeg"}],"twitter_card":"summary_large_image","schema":{"@context":"https:\/\/schema.org","@graph":[{"@type":"WebPage","@id":"https:\/\/www.koonings.com\/fr\/product\/aire-barcelona-bandol\/","url":"https:\/\/www.koonings.com\/fr\/product\/aire-barcelona-bandol\/","name":"Bandol Aire Barcelona | Koonings","isPartOf":{"@id":"https:\/\/www.koonings.com\/fr\/#website"},"primaryImageOfPage":{"@id":"https:\/\/www.koonings.com\/fr\/product\/aire-barcelona-bandol\/#primaryimage"},"image":{"@id":"https:\/\/www.koonings.com\/fr\/product\/aire-barcelona-bandol\/#primaryimage"},"thumbnailUrl":"https:\/\/www.koonings.com\/wp-content\/uploads\/2024\/11\/144_7dbf6f4a5ddf29e835aac236d96385c749cf949e5ea8e8f562b0808dea6e985a4ad28437.jpeg","datePublished":"2026-04-14T14:02:12+00:00","description":"Une \u00e9l\u00e9gante robe de mari\u00e9e en queue de poisson pour laquelle beaucoup de dentelle et de tulle ont \u00e9t\u00e9 utilis\u00e9s. La robe en dentelle pr\u00e9sente une haute encolure illusion et des manches courtes bord\u00e9es d'une bande \u00e9troite. Le dos transparent pr\u00e9sente \u00e9galement une encolure ronde et une fermeture \u00e0 boutons. Merveilleuse, la tra\u00eene en tulle est assortie \u00e0 cette robe par ailleurs tr\u00e8s cool.","breadcrumb":{"@id":"https:\/\/www.koonings.com\/fr\/product\/aire-barcelona-bandol\/#breadcrumb"},"inLanguage":"fr-FR","potentialAction":[{"@type":"ReadAction","target":["https:\/\/www.koonings.com\/fr\/product\/aire-barcelona-bandol\/"]}]},{"@type":"ImageObject","inLanguage":"fr-FR","@id":"https:\/\/www.koonings.com\/fr\/product\/aire-barcelona-bandol\/#primaryimage","url":"https:\/\/www.koonings.com\/wp-content\/uploads\/2024\/11\/144_7dbf6f4a5ddf29e835aac236d96385c749cf949e5ea8e8f562b0808dea6e985a4ad28437.jpeg","contentUrl":"https:\/\/www.koonings.com\/wp-content\/uploads\/2024\/11\/144_7dbf6f4a5ddf29e835aac236d96385c749cf949e5ea8e8f562b0808dea6e985a4ad28437.jpeg","width":1333,"height":1889},{"@type":"BreadcrumbList","@id":"https:\/\/www.koonings.com\/fr\/product\/aire-barcelona-bandol\/#breadcrumb","itemListElement":[{"@type":"ListItem","position":1,"name":"Home","item":"https:\/\/www.koonings.com\/fr\/"},{"@type":"ListItem","position":2,"name":"Bandol Aire Barcelona"}]},{"@type":"WebSite","@id":"https:\/\/www.koonings.com\/fr\/#website","url":"https:\/\/www.koonings.com\/fr\/","name":"Koonings","description":"De grootste bruidsmodewinkel ter wereld","publisher":{"@id":"https:\/\/www.koonings.com\/fr\/#organization"},"potentialAction":[{"@type":"SearchAction","target":{"@type":"EntryPoint","urlTemplate":"https:\/\/www.koonings.com\/fr\/?s={search_term_string}"},"query-input":{"@type":"PropertyValueSpecification","valueRequired":true,"valueName":"search_term_string"}}],"inLanguage":"fr-FR"},{"@type":"Organization","@id":"https:\/\/www.koonings.com\/fr\/#organization","name":"Koonings","url":"https:\/\/www.koonings.com\/fr\/","logo":{"@type":"ImageObject","inLanguage":"fr-FR","@id":"https:\/\/www.koonings.com\/fr\/#\/schema\/logo\/image\/","url":"https:\/\/www.koonings.com\/wp-content\/uploads\/2024\/07\/logo.png","contentUrl":"https:\/\/www.koonings.com\/wp-content\/uploads\/2024\/07\/logo.png","width":600,"height":428,"caption":"Koonings"},"image":{"@id":"https:\/\/www.koonings.com\/fr\/#\/schema\/logo\/image\/"},"sameAs":["https:\/\/www.facebook.com\/kooningstheweddingpalace","https:\/\/www.instagram.com\/kooningstheweddingpalace","https:\/\/www.pinterest.com\/koonings","https:\/\/www.youtube.com\/kooningstheweddingpalace"]}]}},"_links":{"self":[{"href":"https:\/\/www.koonings.com\/fr\/wp-json\/wp\/v2\/product\/78161","targetHints":{"allow":["GET"]}}],"collection":[{"href":"https:\/\/www.koonings.com\/fr\/wp-json\/wp\/v2\/product"}],"about":[{"href":"https:\/\/www.koonings.com\/fr\/wp-json\/wp\/v2\/types\/product"}],"wp:featuredmedia":[{"embeddable":true,"href":"https:\/\/www.koonings.com\/fr\/wp-json\/wp\/v2\/media\/62282"}],"wp:attachment":[{"href":"https:\/\/www.koonings.com\/fr\/wp-json\/wp\/v2\/media?parent=78161"}],"wp:term":[{"taxonomy":"productdetails","embeddable":true,"href":"https:\/\/www.koonings.com\/fr\/wp-json\/wp\/v2\/productdetails?post=78161"},{"taxonomy":"productneck","embeddable":true,"href":"https:\/\/www.koonings.com\/fr\/wp-json\/wp\/v2\/productneck?post=78161"},{"taxonomy":"productcolor","embeddable":true,"href":"https:\/\/www.koonings.com\/fr\/wp-json\/wp\/v2\/productcolor?post=78161"},{"taxonomy":"maat","embeddable":true,"href":"https:\/\/www.koonings.com\/fr\/wp-json\/wp\/v2\/maat?post=78161"},{"taxonomy":"productsupplier","embeddable":true,"href":"https:\/\/www.koonings.com\/fr\/wp-json\/wp\/v2\/productsupplier?post=78161"},{"taxonomy":"productsleeve","embeddable":true,"href":"https:\/\/www.koonings.com\/fr\/wp-json\/wp\/v2\/productsleeve?post=78161"},{"taxonomy":"productcategory","embeddable":true,"href":"https:\/\/www.koonings.com\/fr\/wp-json\/wp\/v2\/productcategory?post=78161"},{"taxonomy":"productsilhouette","embeddable":true,"href":"https:\/\/www.koonings.com\/fr\/wp-json\/wp\/v2\/productsilhouette?post=78161"},{"taxonomy":"productstyle","embeddable":true,"href":"https:\/\/www.koonings.com\/fr\/wp-json\/wp\/v2\/productstyle?post=78161"}],"curies":[{"name":"wp","href":"https:\/\/api.w.org\/{rel}","templated":true}]}}