{"id":78158,"date":"2026-05-06T15:02:09","date_gmt":"2026-05-06T13:02:09","guid":{"rendered":"https:\/\/www.koonings.com\/product\/aire-barcelona-betania\/"},"modified":"2026-02-16T14:45:20","modified_gmt":"2026-02-16T13:45:20","slug":"aire-barcelona-betania","status":"publish","type":"product","link":"https:\/\/www.koonings.com\/fr\/product\/aire-barcelona-betania\/","title":{"rendered":"Aire Barcelona Betania"},"content":{"rendered":"<p>Une \u00e9l\u00e9gante robe de mari\u00e9e de style A-line avec un corsage en dentelle et une large jupe en tulle. Suivant les derni\u00e8res tendances de la mode, cette robe pr\u00e9sente un d\u00e9collet\u00e9 en c\u0153ur et des bretelles \u00e9troites, combin\u00e9s \u00e0 un panneau de dos illusion agr\u00e9ment\u00e9 d&#8217;appliques. La bande avec un n\u0153ud dans le corsage abaiss\u00e9 accentue encore la taille fine. La jupe large est parfaitement assortie.   <\/p>\n","protected":false},"featured_media":62269,"template":"","meta":{"_acf_changed":false,"ghostkit_customizer_options":"","ghostkit_custom_css":"","ghostkit_custom_js_head":"","ghostkit_custom_js_foot":"","ghostkit_typography":""},"productdetails":[],"productneck":[355],"productcolor":[392],"maat":[],"productsupplier":[395],"productsleeve":[359],"productcategory":[18],"productsilhouette":[384,388,389],"productstyle":[372],"class_list":["post-78158","product","type-product","status-publish","has-post-thumbnail","hentry","productneck-355","productcolor-392","productsupplier-aire-barcelona","productsleeve-359","productcategory-trouwjurken","productsilhouette-384","productsilhouette-388","productsilhouette-389","productstyle-372"],"acf":[],"yoast_head":"<!-- This site is optimized with the Yoast SEO plugin v27.3 - https:\/\/yoast.com\/product\/yoast-seo-wordpress\/ -->\n<title>Aire Barcelona Betania | Koonings<\/title>\n<meta name=\"description\" content=\"Une \u00e9l\u00e9gante robe de mari\u00e9e de style A-line avec un corsage en dentelle et une large jupe en tulle. Suivant les derni\u00e8res tendances de la mode, cette robe pr\u00e9sente un d\u00e9collet\u00e9 en c\u0153ur et des bretelles \u00e9troites, combin\u00e9s \u00e0 un panneau de dos illusion agr\u00e9ment\u00e9 d&#039;appliques. La bande avec un n\u0153ud dans le corsage abaiss\u00e9 accentue encore la taille fine. La jupe large est parfaitement assortie.\" \/>\n<meta name=\"robots\" content=\"index, follow, max-snippet:-1, max-image-preview:large, max-video-preview:-1\" \/>\n<link rel=\"canonical\" href=\"https:\/\/www.koonings.com\/fr\/product\/aire-barcelona-betania\/\" \/>\n<meta property=\"og:locale\" content=\"fr_FR\" \/>\n<meta property=\"og:type\" content=\"article\" \/>\n<meta property=\"og:title\" content=\"Aire Barcelona Betania | Koonings\" \/>\n<meta property=\"og:description\" content=\"Une \u00e9l\u00e9gante robe de mari\u00e9e de style A-line avec un corsage en dentelle et une large jupe en tulle. Suivant les derni\u00e8res tendances de la mode, cette robe pr\u00e9sente un d\u00e9collet\u00e9 en c\u0153ur et des bretelles \u00e9troites, combin\u00e9s \u00e0 un panneau de dos illusion agr\u00e9ment\u00e9 d&#039;appliques. La bande avec un n\u0153ud dans le corsage abaiss\u00e9 accentue encore la taille fine. La jupe large est parfaitement assortie.\" \/>\n<meta property=\"og:url\" content=\"https:\/\/www.koonings.com\/fr\/product\/aire-barcelona-betania\/\" \/>\n<meta property=\"og:site_name\" content=\"Koonings\" \/>\n<meta property=\"article:publisher\" content=\"https:\/\/www.facebook.com\/kooningstheweddingpalace\" \/>\n<meta property=\"og:image\" content=\"https:\/\/www.koonings.com\/wp-content\/uploads\/2024\/11\/133_c3a384cc6e29055ab6982617d7e1be02977d32a4a654f3f32872e57165c6c34f822e73b8.jpeg\" \/>\n\t<meta property=\"og:image:width\" content=\"1316\" \/>\n\t<meta property=\"og:image:height\" content=\"1862\" \/>\n\t<meta property=\"og:image:type\" content=\"image\/jpeg\" \/>\n<meta name=\"twitter:card\" content=\"summary_large_image\" \/>\n<script type=\"application\/ld+json\" class=\"yoast-schema-graph\">{\"@context\":\"https:\\\/\\\/schema.org\",\"@graph\":[{\"@type\":\"WebPage\",\"@id\":\"https:\\\/\\\/www.koonings.com\\\/fr\\\/product\\\/aire-barcelona-betania\\\/\",\"url\":\"https:\\\/\\\/www.koonings.com\\\/fr\\\/product\\\/aire-barcelona-betania\\\/\",\"name\":\"Aire Barcelona Betania | Koonings\",\"isPartOf\":{\"@id\":\"https:\\\/\\\/www.koonings.com\\\/fr\\\/#website\"},\"primaryImageOfPage\":{\"@id\":\"https:\\\/\\\/www.koonings.com\\\/fr\\\/product\\\/aire-barcelona-betania\\\/#primaryimage\"},\"image\":{\"@id\":\"https:\\\/\\\/www.koonings.com\\\/fr\\\/product\\\/aire-barcelona-betania\\\/#primaryimage\"},\"thumbnailUrl\":\"https:\\\/\\\/www.koonings.com\\\/wp-content\\\/uploads\\\/2024\\\/11\\\/133_c3a384cc6e29055ab6982617d7e1be02977d32a4a654f3f32872e57165c6c34f822e73b8.jpeg\",\"datePublished\":\"2026-05-06T13:02:09+00:00\",\"description\":\"Une \u00e9l\u00e9gante robe de mari\u00e9e de style A-line avec un corsage en dentelle et une large jupe en tulle. Suivant les derni\u00e8res tendances de la mode, cette robe pr\u00e9sente un d\u00e9collet\u00e9 en c\u0153ur et des bretelles \u00e9troites, combin\u00e9s \u00e0 un panneau de dos illusion agr\u00e9ment\u00e9 d'appliques. La bande avec un n\u0153ud dans le corsage abaiss\u00e9 accentue encore la taille fine. La jupe large est parfaitement assortie.\",\"breadcrumb\":{\"@id\":\"https:\\\/\\\/www.koonings.com\\\/fr\\\/product\\\/aire-barcelona-betania\\\/#breadcrumb\"},\"inLanguage\":\"fr-FR\",\"potentialAction\":[{\"@type\":\"ReadAction\",\"target\":[\"https:\\\/\\\/www.koonings.com\\\/fr\\\/product\\\/aire-barcelona-betania\\\/\"]}]},{\"@type\":\"ImageObject\",\"inLanguage\":\"fr-FR\",\"@id\":\"https:\\\/\\\/www.koonings.com\\\/fr\\\/product\\\/aire-barcelona-betania\\\/#primaryimage\",\"url\":\"https:\\\/\\\/www.koonings.com\\\/wp-content\\\/uploads\\\/2024\\\/11\\\/133_c3a384cc6e29055ab6982617d7e1be02977d32a4a654f3f32872e57165c6c34f822e73b8.jpeg\",\"contentUrl\":\"https:\\\/\\\/www.koonings.com\\\/wp-content\\\/uploads\\\/2024\\\/11\\\/133_c3a384cc6e29055ab6982617d7e1be02977d32a4a654f3f32872e57165c6c34f822e73b8.jpeg\",\"width\":1316,\"height\":1862},{\"@type\":\"BreadcrumbList\",\"@id\":\"https:\\\/\\\/www.koonings.com\\\/fr\\\/product\\\/aire-barcelona-betania\\\/#breadcrumb\",\"itemListElement\":[{\"@type\":\"ListItem\",\"position\":1,\"name\":\"Home\",\"item\":\"https:\\\/\\\/www.koonings.com\\\/fr\\\/\"},{\"@type\":\"ListItem\",\"position\":2,\"name\":\"Aire Barcelona Betania\"}]},{\"@type\":\"WebSite\",\"@id\":\"https:\\\/\\\/www.koonings.com\\\/fr\\\/#website\",\"url\":\"https:\\\/\\\/www.koonings.com\\\/fr\\\/\",\"name\":\"Koonings\",\"description\":\"De grootste bruidsmodewinkel ter wereld\",\"publisher\":{\"@id\":\"https:\\\/\\\/www.koonings.com\\\/fr\\\/#organization\"},\"potentialAction\":[{\"@type\":\"SearchAction\",\"target\":{\"@type\":\"EntryPoint\",\"urlTemplate\":\"https:\\\/\\\/www.koonings.com\\\/fr\\\/?s={search_term_string}\"},\"query-input\":{\"@type\":\"PropertyValueSpecification\",\"valueRequired\":true,\"valueName\":\"search_term_string\"}}],\"inLanguage\":\"fr-FR\"},{\"@type\":\"Organization\",\"@id\":\"https:\\\/\\\/www.koonings.com\\\/fr\\\/#organization\",\"name\":\"Koonings\",\"url\":\"https:\\\/\\\/www.koonings.com\\\/fr\\\/\",\"logo\":{\"@type\":\"ImageObject\",\"inLanguage\":\"fr-FR\",\"@id\":\"https:\\\/\\\/www.koonings.com\\\/fr\\\/#\\\/schema\\\/logo\\\/image\\\/\",\"url\":\"https:\\\/\\\/www.koonings.com\\\/wp-content\\\/uploads\\\/2024\\\/07\\\/logo.png\",\"contentUrl\":\"https:\\\/\\\/www.koonings.com\\\/wp-content\\\/uploads\\\/2024\\\/07\\\/logo.png\",\"width\":600,\"height\":428,\"caption\":\"Koonings\"},\"image\":{\"@id\":\"https:\\\/\\\/www.koonings.com\\\/fr\\\/#\\\/schema\\\/logo\\\/image\\\/\"},\"sameAs\":[\"https:\\\/\\\/www.facebook.com\\\/kooningstheweddingpalace\",\"https:\\\/\\\/www.instagram.com\\\/kooningstheweddingpalace\",\"https:\\\/\\\/www.pinterest.com\\\/koonings\",\"https:\\\/\\\/www.youtube.com\\\/kooningstheweddingpalace\"]}]}<\/script>\n<!-- \/ Yoast SEO plugin. -->","yoast_head_json":{"title":"Aire Barcelona Betania | Koonings","description":"Une \u00e9l\u00e9gante robe de mari\u00e9e de style A-line avec un corsage en dentelle et une large jupe en tulle. Suivant les derni\u00e8res tendances de la mode, cette robe pr\u00e9sente un d\u00e9collet\u00e9 en c\u0153ur et des bretelles \u00e9troites, combin\u00e9s \u00e0 un panneau de dos illusion agr\u00e9ment\u00e9 d'appliques. La bande avec un n\u0153ud dans le corsage abaiss\u00e9 accentue encore la taille fine. La jupe large est parfaitement assortie.","robots":{"index":"index","follow":"follow","max-snippet":"max-snippet:-1","max-image-preview":"max-image-preview:large","max-video-preview":"max-video-preview:-1"},"canonical":"https:\/\/www.koonings.com\/fr\/product\/aire-barcelona-betania\/","og_locale":"fr_FR","og_type":"article","og_title":"Aire Barcelona Betania | Koonings","og_description":"Une \u00e9l\u00e9gante robe de mari\u00e9e de style A-line avec un corsage en dentelle et une large jupe en tulle. Suivant les derni\u00e8res tendances de la mode, cette robe pr\u00e9sente un d\u00e9collet\u00e9 en c\u0153ur et des bretelles \u00e9troites, combin\u00e9s \u00e0 un panneau de dos illusion agr\u00e9ment\u00e9 d'appliques. La bande avec un n\u0153ud dans le corsage abaiss\u00e9 accentue encore la taille fine. La jupe large est parfaitement assortie.","og_url":"https:\/\/www.koonings.com\/fr\/product\/aire-barcelona-betania\/","og_site_name":"Koonings","article_publisher":"https:\/\/www.facebook.com\/kooningstheweddingpalace","og_image":[{"width":1316,"height":1862,"url":"https:\/\/www.koonings.com\/wp-content\/uploads\/2024\/11\/133_c3a384cc6e29055ab6982617d7e1be02977d32a4a654f3f32872e57165c6c34f822e73b8.jpeg","type":"image\/jpeg"}],"twitter_card":"summary_large_image","schema":{"@context":"https:\/\/schema.org","@graph":[{"@type":"WebPage","@id":"https:\/\/www.koonings.com\/fr\/product\/aire-barcelona-betania\/","url":"https:\/\/www.koonings.com\/fr\/product\/aire-barcelona-betania\/","name":"Aire Barcelona Betania | Koonings","isPartOf":{"@id":"https:\/\/www.koonings.com\/fr\/#website"},"primaryImageOfPage":{"@id":"https:\/\/www.koonings.com\/fr\/product\/aire-barcelona-betania\/#primaryimage"},"image":{"@id":"https:\/\/www.koonings.com\/fr\/product\/aire-barcelona-betania\/#primaryimage"},"thumbnailUrl":"https:\/\/www.koonings.com\/wp-content\/uploads\/2024\/11\/133_c3a384cc6e29055ab6982617d7e1be02977d32a4a654f3f32872e57165c6c34f822e73b8.jpeg","datePublished":"2026-05-06T13:02:09+00:00","description":"Une \u00e9l\u00e9gante robe de mari\u00e9e de style A-line avec un corsage en dentelle et une large jupe en tulle. Suivant les derni\u00e8res tendances de la mode, cette robe pr\u00e9sente un d\u00e9collet\u00e9 en c\u0153ur et des bretelles \u00e9troites, combin\u00e9s \u00e0 un panneau de dos illusion agr\u00e9ment\u00e9 d'appliques. La bande avec un n\u0153ud dans le corsage abaiss\u00e9 accentue encore la taille fine. La jupe large est parfaitement assortie.","breadcrumb":{"@id":"https:\/\/www.koonings.com\/fr\/product\/aire-barcelona-betania\/#breadcrumb"},"inLanguage":"fr-FR","potentialAction":[{"@type":"ReadAction","target":["https:\/\/www.koonings.com\/fr\/product\/aire-barcelona-betania\/"]}]},{"@type":"ImageObject","inLanguage":"fr-FR","@id":"https:\/\/www.koonings.com\/fr\/product\/aire-barcelona-betania\/#primaryimage","url":"https:\/\/www.koonings.com\/wp-content\/uploads\/2024\/11\/133_c3a384cc6e29055ab6982617d7e1be02977d32a4a654f3f32872e57165c6c34f822e73b8.jpeg","contentUrl":"https:\/\/www.koonings.com\/wp-content\/uploads\/2024\/11\/133_c3a384cc6e29055ab6982617d7e1be02977d32a4a654f3f32872e57165c6c34f822e73b8.jpeg","width":1316,"height":1862},{"@type":"BreadcrumbList","@id":"https:\/\/www.koonings.com\/fr\/product\/aire-barcelona-betania\/#breadcrumb","itemListElement":[{"@type":"ListItem","position":1,"name":"Home","item":"https:\/\/www.koonings.com\/fr\/"},{"@type":"ListItem","position":2,"name":"Aire Barcelona Betania"}]},{"@type":"WebSite","@id":"https:\/\/www.koonings.com\/fr\/#website","url":"https:\/\/www.koonings.com\/fr\/","name":"Koonings","description":"De grootste bruidsmodewinkel ter wereld","publisher":{"@id":"https:\/\/www.koonings.com\/fr\/#organization"},"potentialAction":[{"@type":"SearchAction","target":{"@type":"EntryPoint","urlTemplate":"https:\/\/www.koonings.com\/fr\/?s={search_term_string}"},"query-input":{"@type":"PropertyValueSpecification","valueRequired":true,"valueName":"search_term_string"}}],"inLanguage":"fr-FR"},{"@type":"Organization","@id":"https:\/\/www.koonings.com\/fr\/#organization","name":"Koonings","url":"https:\/\/www.koonings.com\/fr\/","logo":{"@type":"ImageObject","inLanguage":"fr-FR","@id":"https:\/\/www.koonings.com\/fr\/#\/schema\/logo\/image\/","url":"https:\/\/www.koonings.com\/wp-content\/uploads\/2024\/07\/logo.png","contentUrl":"https:\/\/www.koonings.com\/wp-content\/uploads\/2024\/07\/logo.png","width":600,"height":428,"caption":"Koonings"},"image":{"@id":"https:\/\/www.koonings.com\/fr\/#\/schema\/logo\/image\/"},"sameAs":["https:\/\/www.facebook.com\/kooningstheweddingpalace","https:\/\/www.instagram.com\/kooningstheweddingpalace","https:\/\/www.pinterest.com\/koonings","https:\/\/www.youtube.com\/kooningstheweddingpalace"]}]}},"_links":{"self":[{"href":"https:\/\/www.koonings.com\/fr\/wp-json\/wp\/v2\/product\/78158","targetHints":{"allow":["GET"]}}],"collection":[{"href":"https:\/\/www.koonings.com\/fr\/wp-json\/wp\/v2\/product"}],"about":[{"href":"https:\/\/www.koonings.com\/fr\/wp-json\/wp\/v2\/types\/product"}],"wp:featuredmedia":[{"embeddable":true,"href":"https:\/\/www.koonings.com\/fr\/wp-json\/wp\/v2\/media\/62269"}],"wp:attachment":[{"href":"https:\/\/www.koonings.com\/fr\/wp-json\/wp\/v2\/media?parent=78158"}],"wp:term":[{"taxonomy":"productdetails","embeddable":true,"href":"https:\/\/www.koonings.com\/fr\/wp-json\/wp\/v2\/productdetails?post=78158"},{"taxonomy":"productneck","embeddable":true,"href":"https:\/\/www.koonings.com\/fr\/wp-json\/wp\/v2\/productneck?post=78158"},{"taxonomy":"productcolor","embeddable":true,"href":"https:\/\/www.koonings.com\/fr\/wp-json\/wp\/v2\/productcolor?post=78158"},{"taxonomy":"maat","embeddable":true,"href":"https:\/\/www.koonings.com\/fr\/wp-json\/wp\/v2\/maat?post=78158"},{"taxonomy":"productsupplier","embeddable":true,"href":"https:\/\/www.koonings.com\/fr\/wp-json\/wp\/v2\/productsupplier?post=78158"},{"taxonomy":"productsleeve","embeddable":true,"href":"https:\/\/www.koonings.com\/fr\/wp-json\/wp\/v2\/productsleeve?post=78158"},{"taxonomy":"productcategory","embeddable":true,"href":"https:\/\/www.koonings.com\/fr\/wp-json\/wp\/v2\/productcategory?post=78158"},{"taxonomy":"productsilhouette","embeddable":true,"href":"https:\/\/www.koonings.com\/fr\/wp-json\/wp\/v2\/productsilhouette?post=78158"},{"taxonomy":"productstyle","embeddable":true,"href":"https:\/\/www.koonings.com\/fr\/wp-json\/wp\/v2\/productstyle?post=78158"}],"curies":[{"name":"wp","href":"https:\/\/api.w.org\/{rel}","templated":true}]}}