{"id":78142,"date":"2026-04-21T18:20:15","date_gmt":"2026-04-21T16:20:15","guid":{"rendered":"https:\/\/www.koonings.com\/product\/aire-barcelona-ibeth\/"},"modified":"2025-06-05T13:26:43","modified_gmt":"2025-06-05T11:26:43","slug":"aire-barcelona-ibeth","status":"publish","type":"product","link":"https:\/\/www.koonings.com\/fr\/product\/aire-barcelona-ibeth\/","title":{"rendered":"Aire Barcelona Ibeth"},"content":{"rendered":"<p>Robe de mari\u00e9e longue et romantique de style fourreau, avec corsage en dentelle et jupe en cr\u00eape. L&#8217;encolure en forme de c\u0153ur, la fermeture boutonn\u00e9e au dos, les bretelles amovibles et la jupe en dentelle compl\u00e8tent le look. <\/p>\n","protected":false},"featured_media":62373,"template":"","meta":{"_acf_changed":false,"ghostkit_customizer_options":"","ghostkit_custom_css":"","ghostkit_custom_js_head":"","ghostkit_custom_js_foot":"","ghostkit_typography":""},"productdetails":[376],"productneck":[354,355],"productcolor":[393,392],"maat":[],"productsupplier":[395],"productsleeve":[357],"productcategory":[18],"productsilhouette":[389],"productstyle":[366],"class_list":["post-78142","product","type-product","status-publish","has-post-thumbnail","hentry","productdetails-376","productneck-354","productneck-355","productcolor-393","productcolor-392","productsupplier-aire-barcelona","productsleeve-357","productcategory-trouwjurken","productsilhouette-389","productstyle-366"],"acf":[],"yoast_head":"<!-- This site is optimized with the Yoast SEO plugin v27.3 - https:\/\/yoast.com\/product\/yoast-seo-wordpress\/ -->\n<title>Aire Barcelona Ibeth | Koonings<\/title>\n<meta name=\"description\" content=\"Robe de mari\u00e9e longue et romantique de style fourreau, avec corsage en dentelle et jupe en cr\u00eape. L&#039;encolure en forme de c\u0153ur, la fermeture boutonn\u00e9e au dos, les bretelles amovibles et la jupe en dentelle compl\u00e8tent le look.\" \/>\n<meta name=\"robots\" content=\"index, follow, max-snippet:-1, max-image-preview:large, max-video-preview:-1\" \/>\n<link rel=\"canonical\" href=\"https:\/\/www.koonings.com\/fr\/product\/aire-barcelona-ibeth\/\" \/>\n<meta property=\"og:locale\" content=\"fr_FR\" \/>\n<meta property=\"og:type\" content=\"article\" \/>\n<meta property=\"og:title\" content=\"Aire Barcelona Ibeth | Koonings\" \/>\n<meta property=\"og:description\" content=\"Robe de mari\u00e9e longue et romantique de style fourreau, avec corsage en dentelle et jupe en cr\u00eape. L&#039;encolure en forme de c\u0153ur, la fermeture boutonn\u00e9e au dos, les bretelles amovibles et la jupe en dentelle compl\u00e8tent le look.\" \/>\n<meta property=\"og:url\" content=\"https:\/\/www.koonings.com\/fr\/product\/aire-barcelona-ibeth\/\" \/>\n<meta property=\"og:site_name\" content=\"Koonings\" \/>\n<meta property=\"article:publisher\" content=\"https:\/\/www.facebook.com\/kooningstheweddingpalace\" \/>\n<meta property=\"og:image\" content=\"https:\/\/www.koonings.com\/wp-content\/uploads\/2024\/11\/40547_5a34c7e1dc9be8adffbaed5401dccd9f732019982d8c92ff72bee8cd0898438424fa07c1.jpeg\" \/>\n\t<meta property=\"og:image:width\" content=\"1536\" \/>\n\t<meta property=\"og:image:height\" content=\"1920\" \/>\n\t<meta property=\"og:image:type\" content=\"image\/jpeg\" \/>\n<meta name=\"twitter:card\" content=\"summary_large_image\" \/>\n<script type=\"application\/ld+json\" class=\"yoast-schema-graph\">{\"@context\":\"https:\\\/\\\/schema.org\",\"@graph\":[{\"@type\":\"WebPage\",\"@id\":\"https:\\\/\\\/www.koonings.com\\\/fr\\\/product\\\/aire-barcelona-ibeth\\\/\",\"url\":\"https:\\\/\\\/www.koonings.com\\\/fr\\\/product\\\/aire-barcelona-ibeth\\\/\",\"name\":\"Aire Barcelona Ibeth | Koonings\",\"isPartOf\":{\"@id\":\"https:\\\/\\\/www.koonings.com\\\/fr\\\/#website\"},\"primaryImageOfPage\":{\"@id\":\"https:\\\/\\\/www.koonings.com\\\/fr\\\/product\\\/aire-barcelona-ibeth\\\/#primaryimage\"},\"image\":{\"@id\":\"https:\\\/\\\/www.koonings.com\\\/fr\\\/product\\\/aire-barcelona-ibeth\\\/#primaryimage\"},\"thumbnailUrl\":\"https:\\\/\\\/www.koonings.com\\\/wp-content\\\/uploads\\\/2024\\\/11\\\/40547_5a34c7e1dc9be8adffbaed5401dccd9f732019982d8c92ff72bee8cd0898438424fa07c1.jpeg\",\"datePublished\":\"2026-04-21T16:20:15+00:00\",\"description\":\"Robe de mari\u00e9e longue et romantique de style fourreau, avec corsage en dentelle et jupe en cr\u00eape. L'encolure en forme de c\u0153ur, la fermeture boutonn\u00e9e au dos, les bretelles amovibles et la jupe en dentelle compl\u00e8tent le look.\",\"breadcrumb\":{\"@id\":\"https:\\\/\\\/www.koonings.com\\\/fr\\\/product\\\/aire-barcelona-ibeth\\\/#breadcrumb\"},\"inLanguage\":\"fr-FR\",\"potentialAction\":[{\"@type\":\"ReadAction\",\"target\":[\"https:\\\/\\\/www.koonings.com\\\/fr\\\/product\\\/aire-barcelona-ibeth\\\/\"]}]},{\"@type\":\"ImageObject\",\"inLanguage\":\"fr-FR\",\"@id\":\"https:\\\/\\\/www.koonings.com\\\/fr\\\/product\\\/aire-barcelona-ibeth\\\/#primaryimage\",\"url\":\"https:\\\/\\\/www.koonings.com\\\/wp-content\\\/uploads\\\/2024\\\/11\\\/40547_5a34c7e1dc9be8adffbaed5401dccd9f732019982d8c92ff72bee8cd0898438424fa07c1.jpeg\",\"contentUrl\":\"https:\\\/\\\/www.koonings.com\\\/wp-content\\\/uploads\\\/2024\\\/11\\\/40547_5a34c7e1dc9be8adffbaed5401dccd9f732019982d8c92ff72bee8cd0898438424fa07c1.jpeg\",\"width\":1536,\"height\":1920},{\"@type\":\"BreadcrumbList\",\"@id\":\"https:\\\/\\\/www.koonings.com\\\/fr\\\/product\\\/aire-barcelona-ibeth\\\/#breadcrumb\",\"itemListElement\":[{\"@type\":\"ListItem\",\"position\":1,\"name\":\"Home\",\"item\":\"https:\\\/\\\/www.koonings.com\\\/fr\\\/\"},{\"@type\":\"ListItem\",\"position\":2,\"name\":\"Aire Barcelona Ibeth\"}]},{\"@type\":\"WebSite\",\"@id\":\"https:\\\/\\\/www.koonings.com\\\/fr\\\/#website\",\"url\":\"https:\\\/\\\/www.koonings.com\\\/fr\\\/\",\"name\":\"Koonings\",\"description\":\"De grootste bruidsmodewinkel ter wereld\",\"publisher\":{\"@id\":\"https:\\\/\\\/www.koonings.com\\\/fr\\\/#organization\"},\"potentialAction\":[{\"@type\":\"SearchAction\",\"target\":{\"@type\":\"EntryPoint\",\"urlTemplate\":\"https:\\\/\\\/www.koonings.com\\\/fr\\\/?s={search_term_string}\"},\"query-input\":{\"@type\":\"PropertyValueSpecification\",\"valueRequired\":true,\"valueName\":\"search_term_string\"}}],\"inLanguage\":\"fr-FR\"},{\"@type\":\"Organization\",\"@id\":\"https:\\\/\\\/www.koonings.com\\\/fr\\\/#organization\",\"name\":\"Koonings\",\"url\":\"https:\\\/\\\/www.koonings.com\\\/fr\\\/\",\"logo\":{\"@type\":\"ImageObject\",\"inLanguage\":\"fr-FR\",\"@id\":\"https:\\\/\\\/www.koonings.com\\\/fr\\\/#\\\/schema\\\/logo\\\/image\\\/\",\"url\":\"https:\\\/\\\/www.koonings.com\\\/wp-content\\\/uploads\\\/2024\\\/07\\\/logo.png\",\"contentUrl\":\"https:\\\/\\\/www.koonings.com\\\/wp-content\\\/uploads\\\/2024\\\/07\\\/logo.png\",\"width\":600,\"height\":428,\"caption\":\"Koonings\"},\"image\":{\"@id\":\"https:\\\/\\\/www.koonings.com\\\/fr\\\/#\\\/schema\\\/logo\\\/image\\\/\"},\"sameAs\":[\"https:\\\/\\\/www.facebook.com\\\/kooningstheweddingpalace\",\"https:\\\/\\\/www.instagram.com\\\/kooningstheweddingpalace\",\"https:\\\/\\\/www.pinterest.com\\\/koonings\",\"https:\\\/\\\/www.youtube.com\\\/kooningstheweddingpalace\"]}]}<\/script>\n<!-- \/ Yoast SEO plugin. -->","yoast_head_json":{"title":"Aire Barcelona Ibeth | Koonings","description":"Robe de mari\u00e9e longue et romantique de style fourreau, avec corsage en dentelle et jupe en cr\u00eape. L'encolure en forme de c\u0153ur, la fermeture boutonn\u00e9e au dos, les bretelles amovibles et la jupe en dentelle compl\u00e8tent le look.","robots":{"index":"index","follow":"follow","max-snippet":"max-snippet:-1","max-image-preview":"max-image-preview:large","max-video-preview":"max-video-preview:-1"},"canonical":"https:\/\/www.koonings.com\/fr\/product\/aire-barcelona-ibeth\/","og_locale":"fr_FR","og_type":"article","og_title":"Aire Barcelona Ibeth | Koonings","og_description":"Robe de mari\u00e9e longue et romantique de style fourreau, avec corsage en dentelle et jupe en cr\u00eape. L'encolure en forme de c\u0153ur, la fermeture boutonn\u00e9e au dos, les bretelles amovibles et la jupe en dentelle compl\u00e8tent le look.","og_url":"https:\/\/www.koonings.com\/fr\/product\/aire-barcelona-ibeth\/","og_site_name":"Koonings","article_publisher":"https:\/\/www.facebook.com\/kooningstheweddingpalace","og_image":[{"width":1536,"height":1920,"url":"https:\/\/www.koonings.com\/wp-content\/uploads\/2024\/11\/40547_5a34c7e1dc9be8adffbaed5401dccd9f732019982d8c92ff72bee8cd0898438424fa07c1.jpeg","type":"image\/jpeg"}],"twitter_card":"summary_large_image","schema":{"@context":"https:\/\/schema.org","@graph":[{"@type":"WebPage","@id":"https:\/\/www.koonings.com\/fr\/product\/aire-barcelona-ibeth\/","url":"https:\/\/www.koonings.com\/fr\/product\/aire-barcelona-ibeth\/","name":"Aire Barcelona Ibeth | Koonings","isPartOf":{"@id":"https:\/\/www.koonings.com\/fr\/#website"},"primaryImageOfPage":{"@id":"https:\/\/www.koonings.com\/fr\/product\/aire-barcelona-ibeth\/#primaryimage"},"image":{"@id":"https:\/\/www.koonings.com\/fr\/product\/aire-barcelona-ibeth\/#primaryimage"},"thumbnailUrl":"https:\/\/www.koonings.com\/wp-content\/uploads\/2024\/11\/40547_5a34c7e1dc9be8adffbaed5401dccd9f732019982d8c92ff72bee8cd0898438424fa07c1.jpeg","datePublished":"2026-04-21T16:20:15+00:00","description":"Robe de mari\u00e9e longue et romantique de style fourreau, avec corsage en dentelle et jupe en cr\u00eape. L'encolure en forme de c\u0153ur, la fermeture boutonn\u00e9e au dos, les bretelles amovibles et la jupe en dentelle compl\u00e8tent le look.","breadcrumb":{"@id":"https:\/\/www.koonings.com\/fr\/product\/aire-barcelona-ibeth\/#breadcrumb"},"inLanguage":"fr-FR","potentialAction":[{"@type":"ReadAction","target":["https:\/\/www.koonings.com\/fr\/product\/aire-barcelona-ibeth\/"]}]},{"@type":"ImageObject","inLanguage":"fr-FR","@id":"https:\/\/www.koonings.com\/fr\/product\/aire-barcelona-ibeth\/#primaryimage","url":"https:\/\/www.koonings.com\/wp-content\/uploads\/2024\/11\/40547_5a34c7e1dc9be8adffbaed5401dccd9f732019982d8c92ff72bee8cd0898438424fa07c1.jpeg","contentUrl":"https:\/\/www.koonings.com\/wp-content\/uploads\/2024\/11\/40547_5a34c7e1dc9be8adffbaed5401dccd9f732019982d8c92ff72bee8cd0898438424fa07c1.jpeg","width":1536,"height":1920},{"@type":"BreadcrumbList","@id":"https:\/\/www.koonings.com\/fr\/product\/aire-barcelona-ibeth\/#breadcrumb","itemListElement":[{"@type":"ListItem","position":1,"name":"Home","item":"https:\/\/www.koonings.com\/fr\/"},{"@type":"ListItem","position":2,"name":"Aire Barcelona Ibeth"}]},{"@type":"WebSite","@id":"https:\/\/www.koonings.com\/fr\/#website","url":"https:\/\/www.koonings.com\/fr\/","name":"Koonings","description":"De grootste bruidsmodewinkel ter wereld","publisher":{"@id":"https:\/\/www.koonings.com\/fr\/#organization"},"potentialAction":[{"@type":"SearchAction","target":{"@type":"EntryPoint","urlTemplate":"https:\/\/www.koonings.com\/fr\/?s={search_term_string}"},"query-input":{"@type":"PropertyValueSpecification","valueRequired":true,"valueName":"search_term_string"}}],"inLanguage":"fr-FR"},{"@type":"Organization","@id":"https:\/\/www.koonings.com\/fr\/#organization","name":"Koonings","url":"https:\/\/www.koonings.com\/fr\/","logo":{"@type":"ImageObject","inLanguage":"fr-FR","@id":"https:\/\/www.koonings.com\/fr\/#\/schema\/logo\/image\/","url":"https:\/\/www.koonings.com\/wp-content\/uploads\/2024\/07\/logo.png","contentUrl":"https:\/\/www.koonings.com\/wp-content\/uploads\/2024\/07\/logo.png","width":600,"height":428,"caption":"Koonings"},"image":{"@id":"https:\/\/www.koonings.com\/fr\/#\/schema\/logo\/image\/"},"sameAs":["https:\/\/www.facebook.com\/kooningstheweddingpalace","https:\/\/www.instagram.com\/kooningstheweddingpalace","https:\/\/www.pinterest.com\/koonings","https:\/\/www.youtube.com\/kooningstheweddingpalace"]}]}},"_links":{"self":[{"href":"https:\/\/www.koonings.com\/fr\/wp-json\/wp\/v2\/product\/78142","targetHints":{"allow":["GET"]}}],"collection":[{"href":"https:\/\/www.koonings.com\/fr\/wp-json\/wp\/v2\/product"}],"about":[{"href":"https:\/\/www.koonings.com\/fr\/wp-json\/wp\/v2\/types\/product"}],"wp:featuredmedia":[{"embeddable":true,"href":"https:\/\/www.koonings.com\/fr\/wp-json\/wp\/v2\/media\/62373"}],"wp:attachment":[{"href":"https:\/\/www.koonings.com\/fr\/wp-json\/wp\/v2\/media?parent=78142"}],"wp:term":[{"taxonomy":"productdetails","embeddable":true,"href":"https:\/\/www.koonings.com\/fr\/wp-json\/wp\/v2\/productdetails?post=78142"},{"taxonomy":"productneck","embeddable":true,"href":"https:\/\/www.koonings.com\/fr\/wp-json\/wp\/v2\/productneck?post=78142"},{"taxonomy":"productcolor","embeddable":true,"href":"https:\/\/www.koonings.com\/fr\/wp-json\/wp\/v2\/productcolor?post=78142"},{"taxonomy":"maat","embeddable":true,"href":"https:\/\/www.koonings.com\/fr\/wp-json\/wp\/v2\/maat?post=78142"},{"taxonomy":"productsupplier","embeddable":true,"href":"https:\/\/www.koonings.com\/fr\/wp-json\/wp\/v2\/productsupplier?post=78142"},{"taxonomy":"productsleeve","embeddable":true,"href":"https:\/\/www.koonings.com\/fr\/wp-json\/wp\/v2\/productsleeve?post=78142"},{"taxonomy":"productcategory","embeddable":true,"href":"https:\/\/www.koonings.com\/fr\/wp-json\/wp\/v2\/productcategory?post=78142"},{"taxonomy":"productsilhouette","embeddable":true,"href":"https:\/\/www.koonings.com\/fr\/wp-json\/wp\/v2\/productsilhouette?post=78142"},{"taxonomy":"productstyle","embeddable":true,"href":"https:\/\/www.koonings.com\/fr\/wp-json\/wp\/v2\/productstyle?post=78142"}],"curies":[{"name":"wp","href":"https:\/\/api.w.org\/{rel}","templated":true}]}}