{"id":78115,"date":"2026-05-16T20:00:08","date_gmt":"2026-05-16T18:00:08","guid":{"rendered":"https:\/\/www.koonings.com\/product\/aire-barcelona-mito\/"},"modified":"2026-02-16T14:45:41","modified_gmt":"2026-02-16T13:45:41","slug":"aire-barcelona-mito","status":"publish","type":"product","link":"https:\/\/www.koonings.com\/fr\/product\/aire-barcelona-mito\/","title":{"rendered":"Aire Barcelona Mito"},"content":{"rendered":"<p>Intemporelle, cette robe de mari\u00e9e romantique en dentelle et tulle. Le corsage en dentelle pr\u00e9sente une belle encolure et des bretelles qui peuvent \u00e9galement \u00eatre port\u00e9es sans l&#8217;\u00e9paule. Un appliqu\u00e9 de paillettes \u00e0 la taille accentue la ligne fluide du corsage abaiss\u00e9 jusqu&#8217;\u00e0 la jupe large en tulle qui est constell\u00e9e d&#8217;appliqu\u00e9s de dentelle.  <\/p>\n","protected":false},"featured_media":62502,"template":"","meta":{"_acf_changed":false,"ghostkit_customizer_options":"","ghostkit_custom_css":"","ghostkit_custom_js_head":"","ghostkit_custom_js_foot":"","ghostkit_typography":""},"productdetails":[],"productneck":[356],"productcolor":[392],"maat":[],"productsupplier":[395],"productsleeve":[359,363],"productcategory":[18],"productsilhouette":[384],"productstyle":[366],"class_list":["post-78115","product","type-product","status-publish","has-post-thumbnail","hentry","productneck-356","productcolor-392","productsupplier-aire-barcelona","productsleeve-359","productsleeve-363","productcategory-trouwjurken","productsilhouette-384","productstyle-366"],"acf":[],"yoast_head":"<!-- This site is optimized with the Yoast SEO plugin v27.3 - https:\/\/yoast.com\/product\/yoast-seo-wordpress\/ -->\n<title>Aire Barcelona Mito | Koonings<\/title>\n<meta name=\"description\" content=\"Intemporelle, cette robe de mari\u00e9e romantique en dentelle et tulle. Le corsage en dentelle pr\u00e9sente une belle encolure et des bretelles qui peuvent \u00e9galement \u00eatre port\u00e9es sans l&#039;\u00e9paule. Un appliqu\u00e9 de paillettes \u00e0 la taille accentue la ligne fluide du corsage abaiss\u00e9 jusqu&#039;\u00e0 la jupe large en tulle qui est constell\u00e9e d&#039;appliqu\u00e9s de dentelle.\" \/>\n<meta name=\"robots\" content=\"index, follow, max-snippet:-1, max-image-preview:large, max-video-preview:-1\" \/>\n<link rel=\"canonical\" href=\"https:\/\/www.koonings.com\/fr\/product\/aire-barcelona-mito\/\" \/>\n<meta property=\"og:locale\" content=\"fr_FR\" \/>\n<meta property=\"og:type\" content=\"article\" \/>\n<meta property=\"og:title\" content=\"Aire Barcelona Mito | Koonings\" \/>\n<meta property=\"og:description\" content=\"Intemporelle, cette robe de mari\u00e9e romantique en dentelle et tulle. Le corsage en dentelle pr\u00e9sente une belle encolure et des bretelles qui peuvent \u00e9galement \u00eatre port\u00e9es sans l&#039;\u00e9paule. Un appliqu\u00e9 de paillettes \u00e0 la taille accentue la ligne fluide du corsage abaiss\u00e9 jusqu&#039;\u00e0 la jupe large en tulle qui est constell\u00e9e d&#039;appliqu\u00e9s de dentelle.\" \/>\n<meta property=\"og:url\" content=\"https:\/\/www.koonings.com\/fr\/product\/aire-barcelona-mito\/\" \/>\n<meta property=\"og:site_name\" content=\"Koonings\" \/>\n<meta property=\"article:publisher\" content=\"https:\/\/www.facebook.com\/kooningstheweddingpalace\" \/>\n<meta property=\"og:image\" content=\"https:\/\/www.koonings.com\/wp-content\/uploads\/2024\/11\/44_2454181eb3e75b99cf81ab5caba3e6f47194b81ed45549e939a3cf09dc13fb21bde46a55.jpeg\" \/>\n\t<meta property=\"og:image:width\" content=\"703\" \/>\n\t<meta property=\"og:image:height\" content=\"907\" \/>\n\t<meta property=\"og:image:type\" content=\"image\/jpeg\" \/>\n<meta name=\"twitter:card\" content=\"summary_large_image\" \/>\n<script type=\"application\/ld+json\" class=\"yoast-schema-graph\">{\"@context\":\"https:\\\/\\\/schema.org\",\"@graph\":[{\"@type\":\"WebPage\",\"@id\":\"https:\\\/\\\/www.koonings.com\\\/fr\\\/product\\\/aire-barcelona-mito\\\/\",\"url\":\"https:\\\/\\\/www.koonings.com\\\/fr\\\/product\\\/aire-barcelona-mito\\\/\",\"name\":\"Aire Barcelona Mito | Koonings\",\"isPartOf\":{\"@id\":\"https:\\\/\\\/www.koonings.com\\\/fr\\\/#website\"},\"primaryImageOfPage\":{\"@id\":\"https:\\\/\\\/www.koonings.com\\\/fr\\\/product\\\/aire-barcelona-mito\\\/#primaryimage\"},\"image\":{\"@id\":\"https:\\\/\\\/www.koonings.com\\\/fr\\\/product\\\/aire-barcelona-mito\\\/#primaryimage\"},\"thumbnailUrl\":\"https:\\\/\\\/www.koonings.com\\\/wp-content\\\/uploads\\\/2024\\\/11\\\/44_2454181eb3e75b99cf81ab5caba3e6f47194b81ed45549e939a3cf09dc13fb21bde46a55.jpeg\",\"datePublished\":\"2026-05-16T18:00:08+00:00\",\"description\":\"Intemporelle, cette robe de mari\u00e9e romantique en dentelle et tulle. Le corsage en dentelle pr\u00e9sente une belle encolure et des bretelles qui peuvent \u00e9galement \u00eatre port\u00e9es sans l'\u00e9paule. Un appliqu\u00e9 de paillettes \u00e0 la taille accentue la ligne fluide du corsage abaiss\u00e9 jusqu'\u00e0 la jupe large en tulle qui est constell\u00e9e d'appliqu\u00e9s de dentelle.\",\"breadcrumb\":{\"@id\":\"https:\\\/\\\/www.koonings.com\\\/fr\\\/product\\\/aire-barcelona-mito\\\/#breadcrumb\"},\"inLanguage\":\"fr-FR\",\"potentialAction\":[{\"@type\":\"ReadAction\",\"target\":[\"https:\\\/\\\/www.koonings.com\\\/fr\\\/product\\\/aire-barcelona-mito\\\/\"]}]},{\"@type\":\"ImageObject\",\"inLanguage\":\"fr-FR\",\"@id\":\"https:\\\/\\\/www.koonings.com\\\/fr\\\/product\\\/aire-barcelona-mito\\\/#primaryimage\",\"url\":\"https:\\\/\\\/www.koonings.com\\\/wp-content\\\/uploads\\\/2024\\\/11\\\/44_2454181eb3e75b99cf81ab5caba3e6f47194b81ed45549e939a3cf09dc13fb21bde46a55.jpeg\",\"contentUrl\":\"https:\\\/\\\/www.koonings.com\\\/wp-content\\\/uploads\\\/2024\\\/11\\\/44_2454181eb3e75b99cf81ab5caba3e6f47194b81ed45549e939a3cf09dc13fb21bde46a55.jpeg\",\"width\":703,\"height\":907},{\"@type\":\"BreadcrumbList\",\"@id\":\"https:\\\/\\\/www.koonings.com\\\/fr\\\/product\\\/aire-barcelona-mito\\\/#breadcrumb\",\"itemListElement\":[{\"@type\":\"ListItem\",\"position\":1,\"name\":\"Home\",\"item\":\"https:\\\/\\\/www.koonings.com\\\/fr\\\/\"},{\"@type\":\"ListItem\",\"position\":2,\"name\":\"Aire Barcelona Mito\"}]},{\"@type\":\"WebSite\",\"@id\":\"https:\\\/\\\/www.koonings.com\\\/fr\\\/#website\",\"url\":\"https:\\\/\\\/www.koonings.com\\\/fr\\\/\",\"name\":\"Koonings\",\"description\":\"De grootste bruidsmodewinkel ter wereld\",\"publisher\":{\"@id\":\"https:\\\/\\\/www.koonings.com\\\/fr\\\/#organization\"},\"potentialAction\":[{\"@type\":\"SearchAction\",\"target\":{\"@type\":\"EntryPoint\",\"urlTemplate\":\"https:\\\/\\\/www.koonings.com\\\/fr\\\/?s={search_term_string}\"},\"query-input\":{\"@type\":\"PropertyValueSpecification\",\"valueRequired\":true,\"valueName\":\"search_term_string\"}}],\"inLanguage\":\"fr-FR\"},{\"@type\":\"Organization\",\"@id\":\"https:\\\/\\\/www.koonings.com\\\/fr\\\/#organization\",\"name\":\"Koonings\",\"url\":\"https:\\\/\\\/www.koonings.com\\\/fr\\\/\",\"logo\":{\"@type\":\"ImageObject\",\"inLanguage\":\"fr-FR\",\"@id\":\"https:\\\/\\\/www.koonings.com\\\/fr\\\/#\\\/schema\\\/logo\\\/image\\\/\",\"url\":\"https:\\\/\\\/www.koonings.com\\\/wp-content\\\/uploads\\\/2024\\\/07\\\/logo.png\",\"contentUrl\":\"https:\\\/\\\/www.koonings.com\\\/wp-content\\\/uploads\\\/2024\\\/07\\\/logo.png\",\"width\":600,\"height\":428,\"caption\":\"Koonings\"},\"image\":{\"@id\":\"https:\\\/\\\/www.koonings.com\\\/fr\\\/#\\\/schema\\\/logo\\\/image\\\/\"},\"sameAs\":[\"https:\\\/\\\/www.facebook.com\\\/kooningstheweddingpalace\",\"https:\\\/\\\/www.instagram.com\\\/kooningstheweddingpalace\",\"https:\\\/\\\/www.pinterest.com\\\/koonings\",\"https:\\\/\\\/www.youtube.com\\\/kooningstheweddingpalace\"]}]}<\/script>\n<!-- \/ Yoast SEO plugin. -->","yoast_head_json":{"title":"Aire Barcelona Mito | Koonings","description":"Intemporelle, cette robe de mari\u00e9e romantique en dentelle et tulle. Le corsage en dentelle pr\u00e9sente une belle encolure et des bretelles qui peuvent \u00e9galement \u00eatre port\u00e9es sans l'\u00e9paule. Un appliqu\u00e9 de paillettes \u00e0 la taille accentue la ligne fluide du corsage abaiss\u00e9 jusqu'\u00e0 la jupe large en tulle qui est constell\u00e9e d'appliqu\u00e9s de dentelle.","robots":{"index":"index","follow":"follow","max-snippet":"max-snippet:-1","max-image-preview":"max-image-preview:large","max-video-preview":"max-video-preview:-1"},"canonical":"https:\/\/www.koonings.com\/fr\/product\/aire-barcelona-mito\/","og_locale":"fr_FR","og_type":"article","og_title":"Aire Barcelona Mito | Koonings","og_description":"Intemporelle, cette robe de mari\u00e9e romantique en dentelle et tulle. Le corsage en dentelle pr\u00e9sente une belle encolure et des bretelles qui peuvent \u00e9galement \u00eatre port\u00e9es sans l'\u00e9paule. Un appliqu\u00e9 de paillettes \u00e0 la taille accentue la ligne fluide du corsage abaiss\u00e9 jusqu'\u00e0 la jupe large en tulle qui est constell\u00e9e d'appliqu\u00e9s de dentelle.","og_url":"https:\/\/www.koonings.com\/fr\/product\/aire-barcelona-mito\/","og_site_name":"Koonings","article_publisher":"https:\/\/www.facebook.com\/kooningstheweddingpalace","og_image":[{"width":703,"height":907,"url":"https:\/\/www.koonings.com\/wp-content\/uploads\/2024\/11\/44_2454181eb3e75b99cf81ab5caba3e6f47194b81ed45549e939a3cf09dc13fb21bde46a55.jpeg","type":"image\/jpeg"}],"twitter_card":"summary_large_image","schema":{"@context":"https:\/\/schema.org","@graph":[{"@type":"WebPage","@id":"https:\/\/www.koonings.com\/fr\/product\/aire-barcelona-mito\/","url":"https:\/\/www.koonings.com\/fr\/product\/aire-barcelona-mito\/","name":"Aire Barcelona Mito | Koonings","isPartOf":{"@id":"https:\/\/www.koonings.com\/fr\/#website"},"primaryImageOfPage":{"@id":"https:\/\/www.koonings.com\/fr\/product\/aire-barcelona-mito\/#primaryimage"},"image":{"@id":"https:\/\/www.koonings.com\/fr\/product\/aire-barcelona-mito\/#primaryimage"},"thumbnailUrl":"https:\/\/www.koonings.com\/wp-content\/uploads\/2024\/11\/44_2454181eb3e75b99cf81ab5caba3e6f47194b81ed45549e939a3cf09dc13fb21bde46a55.jpeg","datePublished":"2026-05-16T18:00:08+00:00","description":"Intemporelle, cette robe de mari\u00e9e romantique en dentelle et tulle. Le corsage en dentelle pr\u00e9sente une belle encolure et des bretelles qui peuvent \u00e9galement \u00eatre port\u00e9es sans l'\u00e9paule. Un appliqu\u00e9 de paillettes \u00e0 la taille accentue la ligne fluide du corsage abaiss\u00e9 jusqu'\u00e0 la jupe large en tulle qui est constell\u00e9e d'appliqu\u00e9s de dentelle.","breadcrumb":{"@id":"https:\/\/www.koonings.com\/fr\/product\/aire-barcelona-mito\/#breadcrumb"},"inLanguage":"fr-FR","potentialAction":[{"@type":"ReadAction","target":["https:\/\/www.koonings.com\/fr\/product\/aire-barcelona-mito\/"]}]},{"@type":"ImageObject","inLanguage":"fr-FR","@id":"https:\/\/www.koonings.com\/fr\/product\/aire-barcelona-mito\/#primaryimage","url":"https:\/\/www.koonings.com\/wp-content\/uploads\/2024\/11\/44_2454181eb3e75b99cf81ab5caba3e6f47194b81ed45549e939a3cf09dc13fb21bde46a55.jpeg","contentUrl":"https:\/\/www.koonings.com\/wp-content\/uploads\/2024\/11\/44_2454181eb3e75b99cf81ab5caba3e6f47194b81ed45549e939a3cf09dc13fb21bde46a55.jpeg","width":703,"height":907},{"@type":"BreadcrumbList","@id":"https:\/\/www.koonings.com\/fr\/product\/aire-barcelona-mito\/#breadcrumb","itemListElement":[{"@type":"ListItem","position":1,"name":"Home","item":"https:\/\/www.koonings.com\/fr\/"},{"@type":"ListItem","position":2,"name":"Aire Barcelona Mito"}]},{"@type":"WebSite","@id":"https:\/\/www.koonings.com\/fr\/#website","url":"https:\/\/www.koonings.com\/fr\/","name":"Koonings","description":"De grootste bruidsmodewinkel ter wereld","publisher":{"@id":"https:\/\/www.koonings.com\/fr\/#organization"},"potentialAction":[{"@type":"SearchAction","target":{"@type":"EntryPoint","urlTemplate":"https:\/\/www.koonings.com\/fr\/?s={search_term_string}"},"query-input":{"@type":"PropertyValueSpecification","valueRequired":true,"valueName":"search_term_string"}}],"inLanguage":"fr-FR"},{"@type":"Organization","@id":"https:\/\/www.koonings.com\/fr\/#organization","name":"Koonings","url":"https:\/\/www.koonings.com\/fr\/","logo":{"@type":"ImageObject","inLanguage":"fr-FR","@id":"https:\/\/www.koonings.com\/fr\/#\/schema\/logo\/image\/","url":"https:\/\/www.koonings.com\/wp-content\/uploads\/2024\/07\/logo.png","contentUrl":"https:\/\/www.koonings.com\/wp-content\/uploads\/2024\/07\/logo.png","width":600,"height":428,"caption":"Koonings"},"image":{"@id":"https:\/\/www.koonings.com\/fr\/#\/schema\/logo\/image\/"},"sameAs":["https:\/\/www.facebook.com\/kooningstheweddingpalace","https:\/\/www.instagram.com\/kooningstheweddingpalace","https:\/\/www.pinterest.com\/koonings","https:\/\/www.youtube.com\/kooningstheweddingpalace"]}]}},"_links":{"self":[{"href":"https:\/\/www.koonings.com\/fr\/wp-json\/wp\/v2\/product\/78115","targetHints":{"allow":["GET"]}}],"collection":[{"href":"https:\/\/www.koonings.com\/fr\/wp-json\/wp\/v2\/product"}],"about":[{"href":"https:\/\/www.koonings.com\/fr\/wp-json\/wp\/v2\/types\/product"}],"wp:featuredmedia":[{"embeddable":true,"href":"https:\/\/www.koonings.com\/fr\/wp-json\/wp\/v2\/media\/62502"}],"wp:attachment":[{"href":"https:\/\/www.koonings.com\/fr\/wp-json\/wp\/v2\/media?parent=78115"}],"wp:term":[{"taxonomy":"productdetails","embeddable":true,"href":"https:\/\/www.koonings.com\/fr\/wp-json\/wp\/v2\/productdetails?post=78115"},{"taxonomy":"productneck","embeddable":true,"href":"https:\/\/www.koonings.com\/fr\/wp-json\/wp\/v2\/productneck?post=78115"},{"taxonomy":"productcolor","embeddable":true,"href":"https:\/\/www.koonings.com\/fr\/wp-json\/wp\/v2\/productcolor?post=78115"},{"taxonomy":"maat","embeddable":true,"href":"https:\/\/www.koonings.com\/fr\/wp-json\/wp\/v2\/maat?post=78115"},{"taxonomy":"productsupplier","embeddable":true,"href":"https:\/\/www.koonings.com\/fr\/wp-json\/wp\/v2\/productsupplier?post=78115"},{"taxonomy":"productsleeve","embeddable":true,"href":"https:\/\/www.koonings.com\/fr\/wp-json\/wp\/v2\/productsleeve?post=78115"},{"taxonomy":"productcategory","embeddable":true,"href":"https:\/\/www.koonings.com\/fr\/wp-json\/wp\/v2\/productcategory?post=78115"},{"taxonomy":"productsilhouette","embeddable":true,"href":"https:\/\/www.koonings.com\/fr\/wp-json\/wp\/v2\/productsilhouette?post=78115"},{"taxonomy":"productstyle","embeddable":true,"href":"https:\/\/www.koonings.com\/fr\/wp-json\/wp\/v2\/productstyle?post=78115"}],"curies":[{"name":"wp","href":"https:\/\/api.w.org\/{rel}","templated":true}]}}