{"id":78096,"date":"2026-03-27T16:02:23","date_gmt":"2026-03-27T15:02:23","guid":{"rendered":"https:\/\/www.koonings.com\/product\/hayley-paige-6808-mara\/"},"modified":"2026-02-16T14:45:35","modified_gmt":"2026-02-16T13:45:35","slug":"hayley-paige-6808-mara","status":"publish","type":"product","link":"https:\/\/www.koonings.com\/fr\/product\/hayley-paige-6808-mara\/","title":{"rendered":"Hayley Paige 6808 Mara"},"content":{"rendered":"<p>Hayley Paige est une jeune cr\u00e9atrice qui allie l&#8217;espi\u00e8glerie \u00e0 des d\u00e9tails insens\u00e9s. Elle donne aux robes de mari\u00e9e traditionnelles une touche de modernit\u00e9, la quantit\u00e9 parfaite de paillettes et une bonne dose d&#8217;amusement. <\/p>\n","protected":false},"featured_media":62611,"template":"","meta":{"_acf_changed":false,"ghostkit_customizer_options":"","ghostkit_custom_css":"","ghostkit_custom_js_head":"","ghostkit_custom_js_foot":"","ghostkit_typography":""},"productdetails":[],"productneck":[356],"productcolor":[393,392],"maat":[],"productsupplier":[469],"productsleeve":[362],"productcategory":[18],"productsilhouette":[384,388],"productstyle":[366],"class_list":["post-78096","product","type-product","status-publish","has-post-thumbnail","hentry","productneck-356","productcolor-393","productcolor-392","productsupplier-hayley-paige","productsleeve-362","productcategory-trouwjurken","productsilhouette-384","productsilhouette-388","productstyle-366"],"acf":[],"yoast_head":"<!-- This site is optimized with the Yoast SEO plugin v26.8 - https:\/\/yoast.com\/product\/yoast-seo-wordpress\/ -->\n<title>Hayley Paige 6808 Mara | Koonings<\/title>\n<meta name=\"description\" content=\"Hayley Paige est une jeune cr\u00e9atrice qui allie l&#039;espi\u00e8glerie \u00e0 des d\u00e9tails insens\u00e9s. Elle donne aux robes de mari\u00e9e traditionnelles une touche de modernit\u00e9, la quantit\u00e9 parfaite de paillettes et une bonne dose d&#039;amusement.\" \/>\n<meta name=\"robots\" content=\"index, follow, max-snippet:-1, max-image-preview:large, max-video-preview:-1\" \/>\n<link rel=\"canonical\" href=\"https:\/\/www.koonings.com\/fr\/product\/hayley-paige-6808-mara\/\" \/>\n<meta property=\"og:locale\" content=\"fr_FR\" \/>\n<meta property=\"og:type\" content=\"article\" \/>\n<meta property=\"og:title\" content=\"Hayley Paige 6808 Mara | Koonings\" \/>\n<meta property=\"og:description\" content=\"Hayley Paige est une jeune cr\u00e9atrice qui allie l&#039;espi\u00e8glerie \u00e0 des d\u00e9tails insens\u00e9s. Elle donne aux robes de mari\u00e9e traditionnelles une touche de modernit\u00e9, la quantit\u00e9 parfaite de paillettes et une bonne dose d&#039;amusement.\" \/>\n<meta property=\"og:url\" content=\"https:\/\/www.koonings.com\/fr\/product\/hayley-paige-6808-mara\/\" \/>\n<meta property=\"og:site_name\" content=\"Koonings\" \/>\n<meta property=\"article:publisher\" content=\"https:\/\/www.facebook.com\/kooningstheweddingpalace\" \/>\n<meta property=\"og:image\" content=\"https:\/\/www.koonings.com\/wp-content\/uploads\/2024\/11\/3274_4d2bcf8fbe66896c3e033a30eb2f2473df396e6ffe29447b9eb163734aa79b278ce9d87c-scaled.jpeg\" \/>\n\t<meta property=\"og:image:width\" content=\"1953\" \/>\n\t<meta property=\"og:image:height\" content=\"2560\" \/>\n\t<meta property=\"og:image:type\" content=\"image\/jpeg\" \/>\n<meta name=\"twitter:card\" content=\"summary_large_image\" \/>\n<script type=\"application\/ld+json\" class=\"yoast-schema-graph\">{\"@context\":\"https:\/\/schema.org\",\"@graph\":[{\"@type\":\"WebPage\",\"@id\":\"https:\/\/www.koonings.com\/fr\/product\/hayley-paige-6808-mara\/\",\"url\":\"https:\/\/www.koonings.com\/fr\/product\/hayley-paige-6808-mara\/\",\"name\":\"Hayley Paige 6808 Mara | Koonings\",\"isPartOf\":{\"@id\":\"https:\/\/www.koonings.com\/fr\/#website\"},\"primaryImageOfPage\":{\"@id\":\"https:\/\/www.koonings.com\/fr\/product\/hayley-paige-6808-mara\/#primaryimage\"},\"image\":{\"@id\":\"https:\/\/www.koonings.com\/fr\/product\/hayley-paige-6808-mara\/#primaryimage\"},\"thumbnailUrl\":\"https:\/\/www.koonings.com\/wp-content\/uploads\/2024\/11\/3274_4d2bcf8fbe66896c3e033a30eb2f2473df396e6ffe29447b9eb163734aa79b278ce9d87c-scaled.jpeg\",\"datePublished\":\"2026-03-27T15:02:23+00:00\",\"description\":\"Hayley Paige est une jeune cr\u00e9atrice qui allie l'espi\u00e8glerie \u00e0 des d\u00e9tails insens\u00e9s. Elle donne aux robes de mari\u00e9e traditionnelles une touche de modernit\u00e9, la quantit\u00e9 parfaite de paillettes et une bonne dose d'amusement.\",\"breadcrumb\":{\"@id\":\"https:\/\/www.koonings.com\/fr\/product\/hayley-paige-6808-mara\/#breadcrumb\"},\"inLanguage\":\"fr-FR\",\"potentialAction\":[{\"@type\":\"ReadAction\",\"target\":[\"https:\/\/www.koonings.com\/fr\/product\/hayley-paige-6808-mara\/\"]}]},{\"@type\":\"ImageObject\",\"inLanguage\":\"fr-FR\",\"@id\":\"https:\/\/www.koonings.com\/fr\/product\/hayley-paige-6808-mara\/#primaryimage\",\"url\":\"https:\/\/www.koonings.com\/wp-content\/uploads\/2024\/11\/3274_4d2bcf8fbe66896c3e033a30eb2f2473df396e6ffe29447b9eb163734aa79b278ce9d87c-scaled.jpeg\",\"contentUrl\":\"https:\/\/www.koonings.com\/wp-content\/uploads\/2024\/11\/3274_4d2bcf8fbe66896c3e033a30eb2f2473df396e6ffe29447b9eb163734aa79b278ce9d87c-scaled.jpeg\",\"width\":1953,\"height\":2560},{\"@type\":\"BreadcrumbList\",\"@id\":\"https:\/\/www.koonings.com\/fr\/product\/hayley-paige-6808-mara\/#breadcrumb\",\"itemListElement\":[{\"@type\":\"ListItem\",\"position\":1,\"name\":\"Home\",\"item\":\"https:\/\/www.koonings.com\/fr\/\"},{\"@type\":\"ListItem\",\"position\":2,\"name\":\"Hayley Paige 6808 Mara\"}]},{\"@type\":\"WebSite\",\"@id\":\"https:\/\/www.koonings.com\/fr\/#website\",\"url\":\"https:\/\/www.koonings.com\/fr\/\",\"name\":\"Koonings\",\"description\":\"De grootste bruidsmodewinkel ter wereld\",\"publisher\":{\"@id\":\"https:\/\/www.koonings.com\/fr\/#organization\"},\"potentialAction\":[{\"@type\":\"SearchAction\",\"target\":{\"@type\":\"EntryPoint\",\"urlTemplate\":\"https:\/\/www.koonings.com\/fr\/?s={search_term_string}\"},\"query-input\":{\"@type\":\"PropertyValueSpecification\",\"valueRequired\":true,\"valueName\":\"search_term_string\"}}],\"inLanguage\":\"fr-FR\"},{\"@type\":\"Organization\",\"@id\":\"https:\/\/www.koonings.com\/fr\/#organization\",\"name\":\"Koonings\",\"url\":\"https:\/\/www.koonings.com\/fr\/\",\"logo\":{\"@type\":\"ImageObject\",\"inLanguage\":\"fr-FR\",\"@id\":\"https:\/\/www.koonings.com\/fr\/#\/schema\/logo\/image\/\",\"url\":\"https:\/\/www.koonings.com\/wp-content\/uploads\/2024\/07\/logo.png\",\"contentUrl\":\"https:\/\/www.koonings.com\/wp-content\/uploads\/2024\/07\/logo.png\",\"width\":600,\"height\":428,\"caption\":\"Koonings\"},\"image\":{\"@id\":\"https:\/\/www.koonings.com\/fr\/#\/schema\/logo\/image\/\"},\"sameAs\":[\"https:\/\/www.facebook.com\/kooningstheweddingpalace\",\"https:\/\/www.instagram.com\/kooningstheweddingpalace\",\"https:\/\/www.pinterest.com\/koonings\",\"https:\/\/www.youtube.com\/kooningstheweddingpalace\"]}]}<\/script>\n<!-- \/ Yoast SEO plugin. -->","yoast_head_json":{"title":"Hayley Paige 6808 Mara | Koonings","description":"Hayley Paige est une jeune cr\u00e9atrice qui allie l'espi\u00e8glerie \u00e0 des d\u00e9tails insens\u00e9s. Elle donne aux robes de mari\u00e9e traditionnelles une touche de modernit\u00e9, la quantit\u00e9 parfaite de paillettes et une bonne dose d'amusement.","robots":{"index":"index","follow":"follow","max-snippet":"max-snippet:-1","max-image-preview":"max-image-preview:large","max-video-preview":"max-video-preview:-1"},"canonical":"https:\/\/www.koonings.com\/fr\/product\/hayley-paige-6808-mara\/","og_locale":"fr_FR","og_type":"article","og_title":"Hayley Paige 6808 Mara | Koonings","og_description":"Hayley Paige est une jeune cr\u00e9atrice qui allie l'espi\u00e8glerie \u00e0 des d\u00e9tails insens\u00e9s. Elle donne aux robes de mari\u00e9e traditionnelles une touche de modernit\u00e9, la quantit\u00e9 parfaite de paillettes et une bonne dose d'amusement.","og_url":"https:\/\/www.koonings.com\/fr\/product\/hayley-paige-6808-mara\/","og_site_name":"Koonings","article_publisher":"https:\/\/www.facebook.com\/kooningstheweddingpalace","og_image":[{"width":1953,"height":2560,"url":"https:\/\/www.koonings.com\/wp-content\/uploads\/2024\/11\/3274_4d2bcf8fbe66896c3e033a30eb2f2473df396e6ffe29447b9eb163734aa79b278ce9d87c-scaled.jpeg","type":"image\/jpeg"}],"twitter_card":"summary_large_image","schema":{"@context":"https:\/\/schema.org","@graph":[{"@type":"WebPage","@id":"https:\/\/www.koonings.com\/fr\/product\/hayley-paige-6808-mara\/","url":"https:\/\/www.koonings.com\/fr\/product\/hayley-paige-6808-mara\/","name":"Hayley Paige 6808 Mara | Koonings","isPartOf":{"@id":"https:\/\/www.koonings.com\/fr\/#website"},"primaryImageOfPage":{"@id":"https:\/\/www.koonings.com\/fr\/product\/hayley-paige-6808-mara\/#primaryimage"},"image":{"@id":"https:\/\/www.koonings.com\/fr\/product\/hayley-paige-6808-mara\/#primaryimage"},"thumbnailUrl":"https:\/\/www.koonings.com\/wp-content\/uploads\/2024\/11\/3274_4d2bcf8fbe66896c3e033a30eb2f2473df396e6ffe29447b9eb163734aa79b278ce9d87c-scaled.jpeg","datePublished":"2026-03-27T15:02:23+00:00","description":"Hayley Paige est une jeune cr\u00e9atrice qui allie l'espi\u00e8glerie \u00e0 des d\u00e9tails insens\u00e9s. Elle donne aux robes de mari\u00e9e traditionnelles une touche de modernit\u00e9, la quantit\u00e9 parfaite de paillettes et une bonne dose d'amusement.","breadcrumb":{"@id":"https:\/\/www.koonings.com\/fr\/product\/hayley-paige-6808-mara\/#breadcrumb"},"inLanguage":"fr-FR","potentialAction":[{"@type":"ReadAction","target":["https:\/\/www.koonings.com\/fr\/product\/hayley-paige-6808-mara\/"]}]},{"@type":"ImageObject","inLanguage":"fr-FR","@id":"https:\/\/www.koonings.com\/fr\/product\/hayley-paige-6808-mara\/#primaryimage","url":"https:\/\/www.koonings.com\/wp-content\/uploads\/2024\/11\/3274_4d2bcf8fbe66896c3e033a30eb2f2473df396e6ffe29447b9eb163734aa79b278ce9d87c-scaled.jpeg","contentUrl":"https:\/\/www.koonings.com\/wp-content\/uploads\/2024\/11\/3274_4d2bcf8fbe66896c3e033a30eb2f2473df396e6ffe29447b9eb163734aa79b278ce9d87c-scaled.jpeg","width":1953,"height":2560},{"@type":"BreadcrumbList","@id":"https:\/\/www.koonings.com\/fr\/product\/hayley-paige-6808-mara\/#breadcrumb","itemListElement":[{"@type":"ListItem","position":1,"name":"Home","item":"https:\/\/www.koonings.com\/fr\/"},{"@type":"ListItem","position":2,"name":"Hayley Paige 6808 Mara"}]},{"@type":"WebSite","@id":"https:\/\/www.koonings.com\/fr\/#website","url":"https:\/\/www.koonings.com\/fr\/","name":"Koonings","description":"De grootste bruidsmodewinkel ter wereld","publisher":{"@id":"https:\/\/www.koonings.com\/fr\/#organization"},"potentialAction":[{"@type":"SearchAction","target":{"@type":"EntryPoint","urlTemplate":"https:\/\/www.koonings.com\/fr\/?s={search_term_string}"},"query-input":{"@type":"PropertyValueSpecification","valueRequired":true,"valueName":"search_term_string"}}],"inLanguage":"fr-FR"},{"@type":"Organization","@id":"https:\/\/www.koonings.com\/fr\/#organization","name":"Koonings","url":"https:\/\/www.koonings.com\/fr\/","logo":{"@type":"ImageObject","inLanguage":"fr-FR","@id":"https:\/\/www.koonings.com\/fr\/#\/schema\/logo\/image\/","url":"https:\/\/www.koonings.com\/wp-content\/uploads\/2024\/07\/logo.png","contentUrl":"https:\/\/www.koonings.com\/wp-content\/uploads\/2024\/07\/logo.png","width":600,"height":428,"caption":"Koonings"},"image":{"@id":"https:\/\/www.koonings.com\/fr\/#\/schema\/logo\/image\/"},"sameAs":["https:\/\/www.facebook.com\/kooningstheweddingpalace","https:\/\/www.instagram.com\/kooningstheweddingpalace","https:\/\/www.pinterest.com\/koonings","https:\/\/www.youtube.com\/kooningstheweddingpalace"]}]}},"_links":{"self":[{"href":"https:\/\/www.koonings.com\/fr\/wp-json\/wp\/v2\/product\/78096","targetHints":{"allow":["GET"]}}],"collection":[{"href":"https:\/\/www.koonings.com\/fr\/wp-json\/wp\/v2\/product"}],"about":[{"href":"https:\/\/www.koonings.com\/fr\/wp-json\/wp\/v2\/types\/product"}],"wp:featuredmedia":[{"embeddable":true,"href":"https:\/\/www.koonings.com\/fr\/wp-json\/wp\/v2\/media\/62611"}],"wp:attachment":[{"href":"https:\/\/www.koonings.com\/fr\/wp-json\/wp\/v2\/media?parent=78096"}],"wp:term":[{"taxonomy":"productdetails","embeddable":true,"href":"https:\/\/www.koonings.com\/fr\/wp-json\/wp\/v2\/productdetails?post=78096"},{"taxonomy":"productneck","embeddable":true,"href":"https:\/\/www.koonings.com\/fr\/wp-json\/wp\/v2\/productneck?post=78096"},{"taxonomy":"productcolor","embeddable":true,"href":"https:\/\/www.koonings.com\/fr\/wp-json\/wp\/v2\/productcolor?post=78096"},{"taxonomy":"maat","embeddable":true,"href":"https:\/\/www.koonings.com\/fr\/wp-json\/wp\/v2\/maat?post=78096"},{"taxonomy":"productsupplier","embeddable":true,"href":"https:\/\/www.koonings.com\/fr\/wp-json\/wp\/v2\/productsupplier?post=78096"},{"taxonomy":"productsleeve","embeddable":true,"href":"https:\/\/www.koonings.com\/fr\/wp-json\/wp\/v2\/productsleeve?post=78096"},{"taxonomy":"productcategory","embeddable":true,"href":"https:\/\/www.koonings.com\/fr\/wp-json\/wp\/v2\/productcategory?post=78096"},{"taxonomy":"productsilhouette","embeddable":true,"href":"https:\/\/www.koonings.com\/fr\/wp-json\/wp\/v2\/productsilhouette?post=78096"},{"taxonomy":"productstyle","embeddable":true,"href":"https:\/\/www.koonings.com\/fr\/wp-json\/wp\/v2\/productstyle?post=78096"}],"curies":[{"name":"wp","href":"https:\/\/api.w.org\/{rel}","templated":true}]}}