{"id":78085,"date":"2026-04-28T18:02:19","date_gmt":"2026-04-28T16:02:19","guid":{"rendered":"https:\/\/www.koonings.com\/product\/inbal-dror-br18-21-dt18-21-tr\/"},"modified":"2026-02-16T14:45:39","modified_gmt":"2026-02-16T13:45:39","slug":"inbal-dror-br18-21-dt18-21-tr","status":"publish","type":"product","link":"https:\/\/www.koonings.com\/fr\/product\/inbal-dror-br18-21-dt18-21-tr\/","title":{"rendered":"Inbal Dror BR18-21 DT18-21 + TR"},"content":{"rendered":"<p>Tout en glamour et en extravagance, cette robe de mari\u00e9e au d\u00e9collet\u00e9 plongeant est combin\u00e9e \u00e0 un dos nu richement d\u00e9cor\u00e9 de paillettes et de perles. Ici combin\u00e9e \u00e0 un dos nu richement d\u00e9cor\u00e9 de paillettes et de perles. Le dos, en revanche, est enti\u00e8rement d\u00e9nud\u00e9. La jupe large \u00e0 longue tra\u00eene s&#8217;accorde parfaitement avec la robe.   <\/p>\n","protected":false},"featured_media":62637,"template":"","meta":{"_acf_changed":false,"ghostkit_customizer_options":"","ghostkit_custom_css":"","ghostkit_custom_js_head":"","ghostkit_custom_js_foot":"","ghostkit_typography":""},"productdetails":[380,377],"productneck":[356],"productcolor":[392],"maat":[],"productsupplier":[470],"productsleeve":[360],"productcategory":[18],"productsilhouette":[384],"productstyle":[370],"class_list":["post-78085","product","type-product","status-publish","has-post-thumbnail","hentry","productdetails-380","productdetails-377","productneck-356","productcolor-392","productsupplier-inbal-dror","productsleeve-360","productcategory-trouwjurken","productsilhouette-384","productstyle-370"],"acf":[],"yoast_head":"<!-- This site is optimized with the Yoast SEO plugin v27.3 - https:\/\/yoast.com\/product\/yoast-seo-wordpress\/ -->\n<title>Inbal Dror BR18-21 DT18-21 + TR | Koonings<\/title>\n<meta name=\"description\" content=\"Tout en glamour et en extravagance, cette robe de mari\u00e9e au d\u00e9collet\u00e9 plongeant est combin\u00e9e \u00e0 un dos nu richement d\u00e9cor\u00e9 de paillettes et de perles. Ici combin\u00e9e \u00e0 un dos nu richement d\u00e9cor\u00e9 de paillettes et de perles. Le dos, en revanche, est enti\u00e8rement d\u00e9nud\u00e9. La jupe large \u00e0 longue tra\u00eene s&#039;accorde parfaitement avec la robe.\" \/>\n<meta name=\"robots\" content=\"index, follow, max-snippet:-1, max-image-preview:large, max-video-preview:-1\" \/>\n<link rel=\"canonical\" href=\"https:\/\/www.koonings.com\/fr\/product\/inbal-dror-br18-21-dt18-21-tr\/\" \/>\n<meta property=\"og:locale\" content=\"fr_FR\" \/>\n<meta property=\"og:type\" content=\"article\" \/>\n<meta property=\"og:title\" content=\"Inbal Dror BR18-21 DT18-21 + TR | Koonings\" \/>\n<meta property=\"og:description\" content=\"Tout en glamour et en extravagance, cette robe de mari\u00e9e au d\u00e9collet\u00e9 plongeant est combin\u00e9e \u00e0 un dos nu richement d\u00e9cor\u00e9 de paillettes et de perles. Ici combin\u00e9e \u00e0 un dos nu richement d\u00e9cor\u00e9 de paillettes et de perles. Le dos, en revanche, est enti\u00e8rement d\u00e9nud\u00e9. La jupe large \u00e0 longue tra\u00eene s&#039;accorde parfaitement avec la robe.\" \/>\n<meta property=\"og:url\" content=\"https:\/\/www.koonings.com\/fr\/product\/inbal-dror-br18-21-dt18-21-tr\/\" \/>\n<meta property=\"og:site_name\" content=\"Koonings\" \/>\n<meta property=\"article:publisher\" content=\"https:\/\/www.facebook.com\/kooningstheweddingpalace\" \/>\n<meta property=\"og:image\" content=\"https:\/\/www.koonings.com\/wp-content\/uploads\/2024\/11\/3435_fa88c18ad63ac3fdb1dade0bd245d754468cccd018c8b38a5c452be9dfb45aa23379df29.jpeg\" \/>\n\t<meta property=\"og:image:width\" content=\"593\" \/>\n\t<meta property=\"og:image:height\" content=\"838\" \/>\n\t<meta property=\"og:image:type\" content=\"image\/jpeg\" \/>\n<meta name=\"twitter:card\" content=\"summary_large_image\" \/>\n<script type=\"application\/ld+json\" class=\"yoast-schema-graph\">{\"@context\":\"https:\\\/\\\/schema.org\",\"@graph\":[{\"@type\":\"WebPage\",\"@id\":\"https:\\\/\\\/www.koonings.com\\\/fr\\\/product\\\/inbal-dror-br18-21-dt18-21-tr\\\/\",\"url\":\"https:\\\/\\\/www.koonings.com\\\/fr\\\/product\\\/inbal-dror-br18-21-dt18-21-tr\\\/\",\"name\":\"Inbal Dror BR18-21 DT18-21 + TR | Koonings\",\"isPartOf\":{\"@id\":\"https:\\\/\\\/www.koonings.com\\\/fr\\\/#website\"},\"primaryImageOfPage\":{\"@id\":\"https:\\\/\\\/www.koonings.com\\\/fr\\\/product\\\/inbal-dror-br18-21-dt18-21-tr\\\/#primaryimage\"},\"image\":{\"@id\":\"https:\\\/\\\/www.koonings.com\\\/fr\\\/product\\\/inbal-dror-br18-21-dt18-21-tr\\\/#primaryimage\"},\"thumbnailUrl\":\"https:\\\/\\\/www.koonings.com\\\/wp-content\\\/uploads\\\/2024\\\/11\\\/3435_fa88c18ad63ac3fdb1dade0bd245d754468cccd018c8b38a5c452be9dfb45aa23379df29.jpeg\",\"datePublished\":\"2026-04-28T16:02:19+00:00\",\"description\":\"Tout en glamour et en extravagance, cette robe de mari\u00e9e au d\u00e9collet\u00e9 plongeant est combin\u00e9e \u00e0 un dos nu richement d\u00e9cor\u00e9 de paillettes et de perles. Ici combin\u00e9e \u00e0 un dos nu richement d\u00e9cor\u00e9 de paillettes et de perles. Le dos, en revanche, est enti\u00e8rement d\u00e9nud\u00e9. La jupe large \u00e0 longue tra\u00eene s'accorde parfaitement avec la robe.\",\"breadcrumb\":{\"@id\":\"https:\\\/\\\/www.koonings.com\\\/fr\\\/product\\\/inbal-dror-br18-21-dt18-21-tr\\\/#breadcrumb\"},\"inLanguage\":\"fr-FR\",\"potentialAction\":[{\"@type\":\"ReadAction\",\"target\":[\"https:\\\/\\\/www.koonings.com\\\/fr\\\/product\\\/inbal-dror-br18-21-dt18-21-tr\\\/\"]}]},{\"@type\":\"ImageObject\",\"inLanguage\":\"fr-FR\",\"@id\":\"https:\\\/\\\/www.koonings.com\\\/fr\\\/product\\\/inbal-dror-br18-21-dt18-21-tr\\\/#primaryimage\",\"url\":\"https:\\\/\\\/www.koonings.com\\\/wp-content\\\/uploads\\\/2024\\\/11\\\/3435_fa88c18ad63ac3fdb1dade0bd245d754468cccd018c8b38a5c452be9dfb45aa23379df29.jpeg\",\"contentUrl\":\"https:\\\/\\\/www.koonings.com\\\/wp-content\\\/uploads\\\/2024\\\/11\\\/3435_fa88c18ad63ac3fdb1dade0bd245d754468cccd018c8b38a5c452be9dfb45aa23379df29.jpeg\",\"width\":593,\"height\":838},{\"@type\":\"BreadcrumbList\",\"@id\":\"https:\\\/\\\/www.koonings.com\\\/fr\\\/product\\\/inbal-dror-br18-21-dt18-21-tr\\\/#breadcrumb\",\"itemListElement\":[{\"@type\":\"ListItem\",\"position\":1,\"name\":\"Home\",\"item\":\"https:\\\/\\\/www.koonings.com\\\/fr\\\/\"},{\"@type\":\"ListItem\",\"position\":2,\"name\":\"Inbal Dror BR18-21 DT18-21 + TR\"}]},{\"@type\":\"WebSite\",\"@id\":\"https:\\\/\\\/www.koonings.com\\\/fr\\\/#website\",\"url\":\"https:\\\/\\\/www.koonings.com\\\/fr\\\/\",\"name\":\"Koonings\",\"description\":\"De grootste bruidsmodewinkel ter wereld\",\"publisher\":{\"@id\":\"https:\\\/\\\/www.koonings.com\\\/fr\\\/#organization\"},\"potentialAction\":[{\"@type\":\"SearchAction\",\"target\":{\"@type\":\"EntryPoint\",\"urlTemplate\":\"https:\\\/\\\/www.koonings.com\\\/fr\\\/?s={search_term_string}\"},\"query-input\":{\"@type\":\"PropertyValueSpecification\",\"valueRequired\":true,\"valueName\":\"search_term_string\"}}],\"inLanguage\":\"fr-FR\"},{\"@type\":\"Organization\",\"@id\":\"https:\\\/\\\/www.koonings.com\\\/fr\\\/#organization\",\"name\":\"Koonings\",\"url\":\"https:\\\/\\\/www.koonings.com\\\/fr\\\/\",\"logo\":{\"@type\":\"ImageObject\",\"inLanguage\":\"fr-FR\",\"@id\":\"https:\\\/\\\/www.koonings.com\\\/fr\\\/#\\\/schema\\\/logo\\\/image\\\/\",\"url\":\"https:\\\/\\\/www.koonings.com\\\/wp-content\\\/uploads\\\/2024\\\/07\\\/logo.png\",\"contentUrl\":\"https:\\\/\\\/www.koonings.com\\\/wp-content\\\/uploads\\\/2024\\\/07\\\/logo.png\",\"width\":600,\"height\":428,\"caption\":\"Koonings\"},\"image\":{\"@id\":\"https:\\\/\\\/www.koonings.com\\\/fr\\\/#\\\/schema\\\/logo\\\/image\\\/\"},\"sameAs\":[\"https:\\\/\\\/www.facebook.com\\\/kooningstheweddingpalace\",\"https:\\\/\\\/www.instagram.com\\\/kooningstheweddingpalace\",\"https:\\\/\\\/www.pinterest.com\\\/koonings\",\"https:\\\/\\\/www.youtube.com\\\/kooningstheweddingpalace\"]}]}<\/script>\n<!-- \/ Yoast SEO plugin. -->","yoast_head_json":{"title":"Inbal Dror BR18-21 DT18-21 + TR | Koonings","description":"Tout en glamour et en extravagance, cette robe de mari\u00e9e au d\u00e9collet\u00e9 plongeant est combin\u00e9e \u00e0 un dos nu richement d\u00e9cor\u00e9 de paillettes et de perles. Ici combin\u00e9e \u00e0 un dos nu richement d\u00e9cor\u00e9 de paillettes et de perles. Le dos, en revanche, est enti\u00e8rement d\u00e9nud\u00e9. La jupe large \u00e0 longue tra\u00eene s'accorde parfaitement avec la robe.","robots":{"index":"index","follow":"follow","max-snippet":"max-snippet:-1","max-image-preview":"max-image-preview:large","max-video-preview":"max-video-preview:-1"},"canonical":"https:\/\/www.koonings.com\/fr\/product\/inbal-dror-br18-21-dt18-21-tr\/","og_locale":"fr_FR","og_type":"article","og_title":"Inbal Dror BR18-21 DT18-21 + TR | Koonings","og_description":"Tout en glamour et en extravagance, cette robe de mari\u00e9e au d\u00e9collet\u00e9 plongeant est combin\u00e9e \u00e0 un dos nu richement d\u00e9cor\u00e9 de paillettes et de perles. Ici combin\u00e9e \u00e0 un dos nu richement d\u00e9cor\u00e9 de paillettes et de perles. Le dos, en revanche, est enti\u00e8rement d\u00e9nud\u00e9. La jupe large \u00e0 longue tra\u00eene s'accorde parfaitement avec la robe.","og_url":"https:\/\/www.koonings.com\/fr\/product\/inbal-dror-br18-21-dt18-21-tr\/","og_site_name":"Koonings","article_publisher":"https:\/\/www.facebook.com\/kooningstheweddingpalace","og_image":[{"width":593,"height":838,"url":"https:\/\/www.koonings.com\/wp-content\/uploads\/2024\/11\/3435_fa88c18ad63ac3fdb1dade0bd245d754468cccd018c8b38a5c452be9dfb45aa23379df29.jpeg","type":"image\/jpeg"}],"twitter_card":"summary_large_image","schema":{"@context":"https:\/\/schema.org","@graph":[{"@type":"WebPage","@id":"https:\/\/www.koonings.com\/fr\/product\/inbal-dror-br18-21-dt18-21-tr\/","url":"https:\/\/www.koonings.com\/fr\/product\/inbal-dror-br18-21-dt18-21-tr\/","name":"Inbal Dror BR18-21 DT18-21 + TR | Koonings","isPartOf":{"@id":"https:\/\/www.koonings.com\/fr\/#website"},"primaryImageOfPage":{"@id":"https:\/\/www.koonings.com\/fr\/product\/inbal-dror-br18-21-dt18-21-tr\/#primaryimage"},"image":{"@id":"https:\/\/www.koonings.com\/fr\/product\/inbal-dror-br18-21-dt18-21-tr\/#primaryimage"},"thumbnailUrl":"https:\/\/www.koonings.com\/wp-content\/uploads\/2024\/11\/3435_fa88c18ad63ac3fdb1dade0bd245d754468cccd018c8b38a5c452be9dfb45aa23379df29.jpeg","datePublished":"2026-04-28T16:02:19+00:00","description":"Tout en glamour et en extravagance, cette robe de mari\u00e9e au d\u00e9collet\u00e9 plongeant est combin\u00e9e \u00e0 un dos nu richement d\u00e9cor\u00e9 de paillettes et de perles. Ici combin\u00e9e \u00e0 un dos nu richement d\u00e9cor\u00e9 de paillettes et de perles. Le dos, en revanche, est enti\u00e8rement d\u00e9nud\u00e9. La jupe large \u00e0 longue tra\u00eene s'accorde parfaitement avec la robe.","breadcrumb":{"@id":"https:\/\/www.koonings.com\/fr\/product\/inbal-dror-br18-21-dt18-21-tr\/#breadcrumb"},"inLanguage":"fr-FR","potentialAction":[{"@type":"ReadAction","target":["https:\/\/www.koonings.com\/fr\/product\/inbal-dror-br18-21-dt18-21-tr\/"]}]},{"@type":"ImageObject","inLanguage":"fr-FR","@id":"https:\/\/www.koonings.com\/fr\/product\/inbal-dror-br18-21-dt18-21-tr\/#primaryimage","url":"https:\/\/www.koonings.com\/wp-content\/uploads\/2024\/11\/3435_fa88c18ad63ac3fdb1dade0bd245d754468cccd018c8b38a5c452be9dfb45aa23379df29.jpeg","contentUrl":"https:\/\/www.koonings.com\/wp-content\/uploads\/2024\/11\/3435_fa88c18ad63ac3fdb1dade0bd245d754468cccd018c8b38a5c452be9dfb45aa23379df29.jpeg","width":593,"height":838},{"@type":"BreadcrumbList","@id":"https:\/\/www.koonings.com\/fr\/product\/inbal-dror-br18-21-dt18-21-tr\/#breadcrumb","itemListElement":[{"@type":"ListItem","position":1,"name":"Home","item":"https:\/\/www.koonings.com\/fr\/"},{"@type":"ListItem","position":2,"name":"Inbal Dror BR18-21 DT18-21 + TR"}]},{"@type":"WebSite","@id":"https:\/\/www.koonings.com\/fr\/#website","url":"https:\/\/www.koonings.com\/fr\/","name":"Koonings","description":"De grootste bruidsmodewinkel ter wereld","publisher":{"@id":"https:\/\/www.koonings.com\/fr\/#organization"},"potentialAction":[{"@type":"SearchAction","target":{"@type":"EntryPoint","urlTemplate":"https:\/\/www.koonings.com\/fr\/?s={search_term_string}"},"query-input":{"@type":"PropertyValueSpecification","valueRequired":true,"valueName":"search_term_string"}}],"inLanguage":"fr-FR"},{"@type":"Organization","@id":"https:\/\/www.koonings.com\/fr\/#organization","name":"Koonings","url":"https:\/\/www.koonings.com\/fr\/","logo":{"@type":"ImageObject","inLanguage":"fr-FR","@id":"https:\/\/www.koonings.com\/fr\/#\/schema\/logo\/image\/","url":"https:\/\/www.koonings.com\/wp-content\/uploads\/2024\/07\/logo.png","contentUrl":"https:\/\/www.koonings.com\/wp-content\/uploads\/2024\/07\/logo.png","width":600,"height":428,"caption":"Koonings"},"image":{"@id":"https:\/\/www.koonings.com\/fr\/#\/schema\/logo\/image\/"},"sameAs":["https:\/\/www.facebook.com\/kooningstheweddingpalace","https:\/\/www.instagram.com\/kooningstheweddingpalace","https:\/\/www.pinterest.com\/koonings","https:\/\/www.youtube.com\/kooningstheweddingpalace"]}]}},"_links":{"self":[{"href":"https:\/\/www.koonings.com\/fr\/wp-json\/wp\/v2\/product\/78085","targetHints":{"allow":["GET"]}}],"collection":[{"href":"https:\/\/www.koonings.com\/fr\/wp-json\/wp\/v2\/product"}],"about":[{"href":"https:\/\/www.koonings.com\/fr\/wp-json\/wp\/v2\/types\/product"}],"wp:featuredmedia":[{"embeddable":true,"href":"https:\/\/www.koonings.com\/fr\/wp-json\/wp\/v2\/media\/62637"}],"wp:attachment":[{"href":"https:\/\/www.koonings.com\/fr\/wp-json\/wp\/v2\/media?parent=78085"}],"wp:term":[{"taxonomy":"productdetails","embeddable":true,"href":"https:\/\/www.koonings.com\/fr\/wp-json\/wp\/v2\/productdetails?post=78085"},{"taxonomy":"productneck","embeddable":true,"href":"https:\/\/www.koonings.com\/fr\/wp-json\/wp\/v2\/productneck?post=78085"},{"taxonomy":"productcolor","embeddable":true,"href":"https:\/\/www.koonings.com\/fr\/wp-json\/wp\/v2\/productcolor?post=78085"},{"taxonomy":"maat","embeddable":true,"href":"https:\/\/www.koonings.com\/fr\/wp-json\/wp\/v2\/maat?post=78085"},{"taxonomy":"productsupplier","embeddable":true,"href":"https:\/\/www.koonings.com\/fr\/wp-json\/wp\/v2\/productsupplier?post=78085"},{"taxonomy":"productsleeve","embeddable":true,"href":"https:\/\/www.koonings.com\/fr\/wp-json\/wp\/v2\/productsleeve?post=78085"},{"taxonomy":"productcategory","embeddable":true,"href":"https:\/\/www.koonings.com\/fr\/wp-json\/wp\/v2\/productcategory?post=78085"},{"taxonomy":"productsilhouette","embeddable":true,"href":"https:\/\/www.koonings.com\/fr\/wp-json\/wp\/v2\/productsilhouette?post=78085"},{"taxonomy":"productstyle","embeddable":true,"href":"https:\/\/www.koonings.com\/fr\/wp-json\/wp\/v2\/productstyle?post=78085"}],"curies":[{"name":"wp","href":"https:\/\/api.w.org\/{rel}","templated":true}]}}