{"id":78079,"date":"2026-05-06T15:02:19","date_gmt":"2026-05-06T13:02:19","guid":{"rendered":"https:\/\/www.koonings.com\/product\/inbal-dror-br18-02\/"},"modified":"2026-02-16T14:45:41","modified_gmt":"2026-02-16T13:45:41","slug":"inbal-dror-br18-02","status":"publish","type":"product","link":"https:\/\/www.koonings.com\/fr\/product\/inbal-dror-br18-02\/","title":{"rendered":"Inbal Dror BR18-02"},"content":{"rendered":"<p>Cette robe de mari\u00e9e ivoire d&#8217;Inbal Dror est une magnifique robe de bal. Le haut est transparent et se termine par un profond d\u00e9collet\u00e9 en V. Les manches longues sont ajust\u00e9es et le panneau arri\u00e8re inhabituel fait de cette robe une pi\u00e8ce unique. La jupe est en tulle et pr\u00e9sente des motifs orn\u00e9s de dentelle. Les nombreuses paillettes rendent cette robe extravagante et glamour.   <\/p>\n","protected":false},"featured_media":62654,"template":"","meta":{"_acf_changed":false,"ghostkit_customizer_options":"","ghostkit_custom_css":"","ghostkit_custom_js_head":"","ghostkit_custom_js_foot":"","ghostkit_typography":""},"productdetails":[377,381],"productneck":[356],"productcolor":[392],"maat":[],"productsupplier":[470],"productsleeve":[362],"productcategory":[18],"productsilhouette":[384,388],"productstyle":[372],"class_list":["post-78079","product","type-product","status-publish","has-post-thumbnail","hentry","productdetails-377","productdetails-381","productneck-356","productcolor-392","productsupplier-inbal-dror","productsleeve-362","productcategory-trouwjurken","productsilhouette-384","productsilhouette-388","productstyle-372"],"acf":[],"yoast_head":"<!-- This site is optimized with the Yoast SEO plugin v27.3 - https:\/\/yoast.com\/product\/yoast-seo-wordpress\/ -->\n<title>Inbal Dror BR18-02 | Koonings<\/title>\n<meta name=\"description\" content=\"Cette robe de mari\u00e9e ivoire d&#039;Inbal Dror est une magnifique robe de bal. Le haut est transparent et se termine par un profond d\u00e9collet\u00e9 en V. Les manches longues sont ajust\u00e9es et le panneau arri\u00e8re inhabituel fait de cette robe une pi\u00e8ce unique. La jupe est en tulle et pr\u00e9sente des motifs orn\u00e9s de dentelle. Les nombreuses paillettes rendent cette robe extravagante et glamour.\" \/>\n<meta name=\"robots\" content=\"index, follow, max-snippet:-1, max-image-preview:large, max-video-preview:-1\" \/>\n<link rel=\"canonical\" href=\"https:\/\/www.koonings.com\/fr\/product\/inbal-dror-br18-02\/\" \/>\n<meta property=\"og:locale\" content=\"fr_FR\" \/>\n<meta property=\"og:type\" content=\"article\" \/>\n<meta property=\"og:title\" content=\"Inbal Dror BR18-02 | Koonings\" \/>\n<meta property=\"og:description\" content=\"Cette robe de mari\u00e9e ivoire d&#039;Inbal Dror est une magnifique robe de bal. Le haut est transparent et se termine par un profond d\u00e9collet\u00e9 en V. Les manches longues sont ajust\u00e9es et le panneau arri\u00e8re inhabituel fait de cette robe une pi\u00e8ce unique. La jupe est en tulle et pr\u00e9sente des motifs orn\u00e9s de dentelle. Les nombreuses paillettes rendent cette robe extravagante et glamour.\" \/>\n<meta property=\"og:url\" content=\"https:\/\/www.koonings.com\/fr\/product\/inbal-dror-br18-02\/\" \/>\n<meta property=\"og:site_name\" content=\"Koonings\" \/>\n<meta property=\"article:publisher\" content=\"https:\/\/www.facebook.com\/kooningstheweddingpalace\" \/>\n<meta property=\"og:image\" content=\"https:\/\/www.koonings.com\/wp-content\/uploads\/2024\/11\/3436_dd7b6ceb8e9c873c722bf2c85dec1e390c16a68a374b6f0c41b5efdded6b3b40a69aed6a.jpeg\" \/>\n\t<meta property=\"og:image:width\" content=\"680\" \/>\n\t<meta property=\"og:image:height\" content=\"961\" \/>\n\t<meta property=\"og:image:type\" content=\"image\/jpeg\" \/>\n<meta name=\"twitter:card\" content=\"summary_large_image\" \/>\n<script type=\"application\/ld+json\" class=\"yoast-schema-graph\">{\"@context\":\"https:\\\/\\\/schema.org\",\"@graph\":[{\"@type\":\"WebPage\",\"@id\":\"https:\\\/\\\/www.koonings.com\\\/fr\\\/product\\\/inbal-dror-br18-02\\\/\",\"url\":\"https:\\\/\\\/www.koonings.com\\\/fr\\\/product\\\/inbal-dror-br18-02\\\/\",\"name\":\"Inbal Dror BR18-02 | Koonings\",\"isPartOf\":{\"@id\":\"https:\\\/\\\/www.koonings.com\\\/fr\\\/#website\"},\"primaryImageOfPage\":{\"@id\":\"https:\\\/\\\/www.koonings.com\\\/fr\\\/product\\\/inbal-dror-br18-02\\\/#primaryimage\"},\"image\":{\"@id\":\"https:\\\/\\\/www.koonings.com\\\/fr\\\/product\\\/inbal-dror-br18-02\\\/#primaryimage\"},\"thumbnailUrl\":\"https:\\\/\\\/www.koonings.com\\\/wp-content\\\/uploads\\\/2024\\\/11\\\/3436_dd7b6ceb8e9c873c722bf2c85dec1e390c16a68a374b6f0c41b5efdded6b3b40a69aed6a.jpeg\",\"datePublished\":\"2026-05-06T13:02:19+00:00\",\"description\":\"Cette robe de mari\u00e9e ivoire d'Inbal Dror est une magnifique robe de bal. Le haut est transparent et se termine par un profond d\u00e9collet\u00e9 en V. Les manches longues sont ajust\u00e9es et le panneau arri\u00e8re inhabituel fait de cette robe une pi\u00e8ce unique. La jupe est en tulle et pr\u00e9sente des motifs orn\u00e9s de dentelle. Les nombreuses paillettes rendent cette robe extravagante et glamour.\",\"breadcrumb\":{\"@id\":\"https:\\\/\\\/www.koonings.com\\\/fr\\\/product\\\/inbal-dror-br18-02\\\/#breadcrumb\"},\"inLanguage\":\"fr-FR\",\"potentialAction\":[{\"@type\":\"ReadAction\",\"target\":[\"https:\\\/\\\/www.koonings.com\\\/fr\\\/product\\\/inbal-dror-br18-02\\\/\"]}]},{\"@type\":\"ImageObject\",\"inLanguage\":\"fr-FR\",\"@id\":\"https:\\\/\\\/www.koonings.com\\\/fr\\\/product\\\/inbal-dror-br18-02\\\/#primaryimage\",\"url\":\"https:\\\/\\\/www.koonings.com\\\/wp-content\\\/uploads\\\/2024\\\/11\\\/3436_dd7b6ceb8e9c873c722bf2c85dec1e390c16a68a374b6f0c41b5efdded6b3b40a69aed6a.jpeg\",\"contentUrl\":\"https:\\\/\\\/www.koonings.com\\\/wp-content\\\/uploads\\\/2024\\\/11\\\/3436_dd7b6ceb8e9c873c722bf2c85dec1e390c16a68a374b6f0c41b5efdded6b3b40a69aed6a.jpeg\",\"width\":680,\"height\":961},{\"@type\":\"BreadcrumbList\",\"@id\":\"https:\\\/\\\/www.koonings.com\\\/fr\\\/product\\\/inbal-dror-br18-02\\\/#breadcrumb\",\"itemListElement\":[{\"@type\":\"ListItem\",\"position\":1,\"name\":\"Home\",\"item\":\"https:\\\/\\\/www.koonings.com\\\/fr\\\/\"},{\"@type\":\"ListItem\",\"position\":2,\"name\":\"Inbal Dror BR18-02\"}]},{\"@type\":\"WebSite\",\"@id\":\"https:\\\/\\\/www.koonings.com\\\/fr\\\/#website\",\"url\":\"https:\\\/\\\/www.koonings.com\\\/fr\\\/\",\"name\":\"Koonings\",\"description\":\"De grootste bruidsmodewinkel ter wereld\",\"publisher\":{\"@id\":\"https:\\\/\\\/www.koonings.com\\\/fr\\\/#organization\"},\"potentialAction\":[{\"@type\":\"SearchAction\",\"target\":{\"@type\":\"EntryPoint\",\"urlTemplate\":\"https:\\\/\\\/www.koonings.com\\\/fr\\\/?s={search_term_string}\"},\"query-input\":{\"@type\":\"PropertyValueSpecification\",\"valueRequired\":true,\"valueName\":\"search_term_string\"}}],\"inLanguage\":\"fr-FR\"},{\"@type\":\"Organization\",\"@id\":\"https:\\\/\\\/www.koonings.com\\\/fr\\\/#organization\",\"name\":\"Koonings\",\"url\":\"https:\\\/\\\/www.koonings.com\\\/fr\\\/\",\"logo\":{\"@type\":\"ImageObject\",\"inLanguage\":\"fr-FR\",\"@id\":\"https:\\\/\\\/www.koonings.com\\\/fr\\\/#\\\/schema\\\/logo\\\/image\\\/\",\"url\":\"https:\\\/\\\/www.koonings.com\\\/wp-content\\\/uploads\\\/2024\\\/07\\\/logo.png\",\"contentUrl\":\"https:\\\/\\\/www.koonings.com\\\/wp-content\\\/uploads\\\/2024\\\/07\\\/logo.png\",\"width\":600,\"height\":428,\"caption\":\"Koonings\"},\"image\":{\"@id\":\"https:\\\/\\\/www.koonings.com\\\/fr\\\/#\\\/schema\\\/logo\\\/image\\\/\"},\"sameAs\":[\"https:\\\/\\\/www.facebook.com\\\/kooningstheweddingpalace\",\"https:\\\/\\\/www.instagram.com\\\/kooningstheweddingpalace\",\"https:\\\/\\\/www.pinterest.com\\\/koonings\",\"https:\\\/\\\/www.youtube.com\\\/kooningstheweddingpalace\"]}]}<\/script>\n<!-- \/ Yoast SEO plugin. -->","yoast_head_json":{"title":"Inbal Dror BR18-02 | Koonings","description":"Cette robe de mari\u00e9e ivoire d'Inbal Dror est une magnifique robe de bal. Le haut est transparent et se termine par un profond d\u00e9collet\u00e9 en V. Les manches longues sont ajust\u00e9es et le panneau arri\u00e8re inhabituel fait de cette robe une pi\u00e8ce unique. La jupe est en tulle et pr\u00e9sente des motifs orn\u00e9s de dentelle. Les nombreuses paillettes rendent cette robe extravagante et glamour.","robots":{"index":"index","follow":"follow","max-snippet":"max-snippet:-1","max-image-preview":"max-image-preview:large","max-video-preview":"max-video-preview:-1"},"canonical":"https:\/\/www.koonings.com\/fr\/product\/inbal-dror-br18-02\/","og_locale":"fr_FR","og_type":"article","og_title":"Inbal Dror BR18-02 | Koonings","og_description":"Cette robe de mari\u00e9e ivoire d'Inbal Dror est une magnifique robe de bal. Le haut est transparent et se termine par un profond d\u00e9collet\u00e9 en V. Les manches longues sont ajust\u00e9es et le panneau arri\u00e8re inhabituel fait de cette robe une pi\u00e8ce unique. La jupe est en tulle et pr\u00e9sente des motifs orn\u00e9s de dentelle. Les nombreuses paillettes rendent cette robe extravagante et glamour.","og_url":"https:\/\/www.koonings.com\/fr\/product\/inbal-dror-br18-02\/","og_site_name":"Koonings","article_publisher":"https:\/\/www.facebook.com\/kooningstheweddingpalace","og_image":[{"width":680,"height":961,"url":"https:\/\/www.koonings.com\/wp-content\/uploads\/2024\/11\/3436_dd7b6ceb8e9c873c722bf2c85dec1e390c16a68a374b6f0c41b5efdded6b3b40a69aed6a.jpeg","type":"image\/jpeg"}],"twitter_card":"summary_large_image","schema":{"@context":"https:\/\/schema.org","@graph":[{"@type":"WebPage","@id":"https:\/\/www.koonings.com\/fr\/product\/inbal-dror-br18-02\/","url":"https:\/\/www.koonings.com\/fr\/product\/inbal-dror-br18-02\/","name":"Inbal Dror BR18-02 | Koonings","isPartOf":{"@id":"https:\/\/www.koonings.com\/fr\/#website"},"primaryImageOfPage":{"@id":"https:\/\/www.koonings.com\/fr\/product\/inbal-dror-br18-02\/#primaryimage"},"image":{"@id":"https:\/\/www.koonings.com\/fr\/product\/inbal-dror-br18-02\/#primaryimage"},"thumbnailUrl":"https:\/\/www.koonings.com\/wp-content\/uploads\/2024\/11\/3436_dd7b6ceb8e9c873c722bf2c85dec1e390c16a68a374b6f0c41b5efdded6b3b40a69aed6a.jpeg","datePublished":"2026-05-06T13:02:19+00:00","description":"Cette robe de mari\u00e9e ivoire d'Inbal Dror est une magnifique robe de bal. Le haut est transparent et se termine par un profond d\u00e9collet\u00e9 en V. Les manches longues sont ajust\u00e9es et le panneau arri\u00e8re inhabituel fait de cette robe une pi\u00e8ce unique. La jupe est en tulle et pr\u00e9sente des motifs orn\u00e9s de dentelle. Les nombreuses paillettes rendent cette robe extravagante et glamour.","breadcrumb":{"@id":"https:\/\/www.koonings.com\/fr\/product\/inbal-dror-br18-02\/#breadcrumb"},"inLanguage":"fr-FR","potentialAction":[{"@type":"ReadAction","target":["https:\/\/www.koonings.com\/fr\/product\/inbal-dror-br18-02\/"]}]},{"@type":"ImageObject","inLanguage":"fr-FR","@id":"https:\/\/www.koonings.com\/fr\/product\/inbal-dror-br18-02\/#primaryimage","url":"https:\/\/www.koonings.com\/wp-content\/uploads\/2024\/11\/3436_dd7b6ceb8e9c873c722bf2c85dec1e390c16a68a374b6f0c41b5efdded6b3b40a69aed6a.jpeg","contentUrl":"https:\/\/www.koonings.com\/wp-content\/uploads\/2024\/11\/3436_dd7b6ceb8e9c873c722bf2c85dec1e390c16a68a374b6f0c41b5efdded6b3b40a69aed6a.jpeg","width":680,"height":961},{"@type":"BreadcrumbList","@id":"https:\/\/www.koonings.com\/fr\/product\/inbal-dror-br18-02\/#breadcrumb","itemListElement":[{"@type":"ListItem","position":1,"name":"Home","item":"https:\/\/www.koonings.com\/fr\/"},{"@type":"ListItem","position":2,"name":"Inbal Dror BR18-02"}]},{"@type":"WebSite","@id":"https:\/\/www.koonings.com\/fr\/#website","url":"https:\/\/www.koonings.com\/fr\/","name":"Koonings","description":"De grootste bruidsmodewinkel ter wereld","publisher":{"@id":"https:\/\/www.koonings.com\/fr\/#organization"},"potentialAction":[{"@type":"SearchAction","target":{"@type":"EntryPoint","urlTemplate":"https:\/\/www.koonings.com\/fr\/?s={search_term_string}"},"query-input":{"@type":"PropertyValueSpecification","valueRequired":true,"valueName":"search_term_string"}}],"inLanguage":"fr-FR"},{"@type":"Organization","@id":"https:\/\/www.koonings.com\/fr\/#organization","name":"Koonings","url":"https:\/\/www.koonings.com\/fr\/","logo":{"@type":"ImageObject","inLanguage":"fr-FR","@id":"https:\/\/www.koonings.com\/fr\/#\/schema\/logo\/image\/","url":"https:\/\/www.koonings.com\/wp-content\/uploads\/2024\/07\/logo.png","contentUrl":"https:\/\/www.koonings.com\/wp-content\/uploads\/2024\/07\/logo.png","width":600,"height":428,"caption":"Koonings"},"image":{"@id":"https:\/\/www.koonings.com\/fr\/#\/schema\/logo\/image\/"},"sameAs":["https:\/\/www.facebook.com\/kooningstheweddingpalace","https:\/\/www.instagram.com\/kooningstheweddingpalace","https:\/\/www.pinterest.com\/koonings","https:\/\/www.youtube.com\/kooningstheweddingpalace"]}]}},"_links":{"self":[{"href":"https:\/\/www.koonings.com\/fr\/wp-json\/wp\/v2\/product\/78079","targetHints":{"allow":["GET"]}}],"collection":[{"href":"https:\/\/www.koonings.com\/fr\/wp-json\/wp\/v2\/product"}],"about":[{"href":"https:\/\/www.koonings.com\/fr\/wp-json\/wp\/v2\/types\/product"}],"wp:featuredmedia":[{"embeddable":true,"href":"https:\/\/www.koonings.com\/fr\/wp-json\/wp\/v2\/media\/62654"}],"wp:attachment":[{"href":"https:\/\/www.koonings.com\/fr\/wp-json\/wp\/v2\/media?parent=78079"}],"wp:term":[{"taxonomy":"productdetails","embeddable":true,"href":"https:\/\/www.koonings.com\/fr\/wp-json\/wp\/v2\/productdetails?post=78079"},{"taxonomy":"productneck","embeddable":true,"href":"https:\/\/www.koonings.com\/fr\/wp-json\/wp\/v2\/productneck?post=78079"},{"taxonomy":"productcolor","embeddable":true,"href":"https:\/\/www.koonings.com\/fr\/wp-json\/wp\/v2\/productcolor?post=78079"},{"taxonomy":"maat","embeddable":true,"href":"https:\/\/www.koonings.com\/fr\/wp-json\/wp\/v2\/maat?post=78079"},{"taxonomy":"productsupplier","embeddable":true,"href":"https:\/\/www.koonings.com\/fr\/wp-json\/wp\/v2\/productsupplier?post=78079"},{"taxonomy":"productsleeve","embeddable":true,"href":"https:\/\/www.koonings.com\/fr\/wp-json\/wp\/v2\/productsleeve?post=78079"},{"taxonomy":"productcategory","embeddable":true,"href":"https:\/\/www.koonings.com\/fr\/wp-json\/wp\/v2\/productcategory?post=78079"},{"taxonomy":"productsilhouette","embeddable":true,"href":"https:\/\/www.koonings.com\/fr\/wp-json\/wp\/v2\/productsilhouette?post=78079"},{"taxonomy":"productstyle","embeddable":true,"href":"https:\/\/www.koonings.com\/fr\/wp-json\/wp\/v2\/productstyle?post=78079"}],"curies":[{"name":"wp","href":"https:\/\/api.w.org\/{rel}","templated":true}]}}