{"id":78074,"date":"2026-05-06T15:02:22","date_gmt":"2026-05-06T13:02:22","guid":{"rendered":"https:\/\/www.koonings.com\/product\/maison-signore-tessa\/"},"modified":"2026-02-16T14:45:45","modified_gmt":"2026-02-16T13:45:45","slug":"maison-signore-tessa","status":"publish","type":"product","link":"https:\/\/www.koonings.com\/fr\/product\/maison-signore-tessa\/","title":{"rendered":"Maison Signore Tessa"},"content":{"rendered":"<p>Si vous voulez de l&#8217;extravagance et du sexy, cette robe de mari\u00e9e de style trompette est faite pour vous. Ce qui saute aux yeux, c&#8217;est le d\u00e9collet\u00e9 et les larges bretelles en dentelle. Mais il ne faut pas non plus oublier le panneau arri\u00e8re en forme d&#8217;illusion. La mati\u00e8re souple enveloppe le corps comme une seconde peau et se marie \u00e0 merveille avec les panneaux de dentelle transparente sur le c\u00f4t\u00e9 de la robe et la longue tra\u00eene.   <\/p>\n","protected":false},"featured_media":62681,"template":"","meta":{"_acf_changed":false,"ghostkit_customizer_options":"","ghostkit_custom_css":"","ghostkit_custom_js_head":"","ghostkit_custom_js_foot":"","ghostkit_typography":""},"productdetails":[],"productneck":[356],"productcolor":[392],"maat":[],"productsupplier":[481],"productsleeve":[359],"productcategory":[18],"productsilhouette":[384,387],"productstyle":[370],"class_list":["post-78074","product","type-product","status-publish","has-post-thumbnail","hentry","productneck-356","productcolor-392","productsupplier-maison-signore","productsleeve-359","productcategory-trouwjurken","productsilhouette-384","productsilhouette-387","productstyle-370"],"acf":[],"yoast_head":"<!-- This site is optimized with the Yoast SEO plugin v27.3 - https:\/\/yoast.com\/product\/yoast-seo-wordpress\/ -->\n<title>Maison Signore Tessa | Koonings<\/title>\n<meta name=\"description\" content=\"Si vous voulez de l&#039;extravagance et du sexy, cette robe de mari\u00e9e de style trompette est faite pour vous. Ce qui saute aux yeux, c&#039;est le d\u00e9collet\u00e9 et les larges bretelles en dentelle. Mais il ne faut pas non plus oublier le panneau arri\u00e8re en forme d&#039;illusion. La mati\u00e8re souple enveloppe le corps comme une seconde peau et se marie \u00e0 merveille avec les panneaux de dentelle transparente sur le c\u00f4t\u00e9 de la robe et la longue tra\u00eene.\" \/>\n<meta name=\"robots\" content=\"index, follow, max-snippet:-1, max-image-preview:large, max-video-preview:-1\" \/>\n<link rel=\"canonical\" href=\"https:\/\/www.koonings.com\/fr\/product\/maison-signore-tessa\/\" \/>\n<meta property=\"og:locale\" content=\"fr_FR\" \/>\n<meta property=\"og:type\" content=\"article\" \/>\n<meta property=\"og:title\" content=\"Maison Signore Tessa | Koonings\" \/>\n<meta property=\"og:description\" content=\"Si vous voulez de l&#039;extravagance et du sexy, cette robe de mari\u00e9e de style trompette est faite pour vous. Ce qui saute aux yeux, c&#039;est le d\u00e9collet\u00e9 et les larges bretelles en dentelle. Mais il ne faut pas non plus oublier le panneau arri\u00e8re en forme d&#039;illusion. La mati\u00e8re souple enveloppe le corps comme une seconde peau et se marie \u00e0 merveille avec les panneaux de dentelle transparente sur le c\u00f4t\u00e9 de la robe et la longue tra\u00eene.\" \/>\n<meta property=\"og:url\" content=\"https:\/\/www.koonings.com\/fr\/product\/maison-signore-tessa\/\" \/>\n<meta property=\"og:site_name\" content=\"Koonings\" \/>\n<meta property=\"article:publisher\" content=\"https:\/\/www.facebook.com\/kooningstheweddingpalace\" \/>\n<meta property=\"og:image\" content=\"https:\/\/www.koonings.com\/wp-content\/uploads\/2024\/11\/6567_38d369548b795ff08c3f09a1f0a8e3b2308a184118319709e722432aee552dd6e198261e-scaled.jpeg\" \/>\n\t<meta property=\"og:image:width\" content=\"1810\" \/>\n\t<meta property=\"og:image:height\" content=\"2560\" \/>\n\t<meta property=\"og:image:type\" content=\"image\/jpeg\" \/>\n<meta name=\"twitter:card\" content=\"summary_large_image\" \/>\n<script type=\"application\/ld+json\" class=\"yoast-schema-graph\">{\"@context\":\"https:\\\/\\\/schema.org\",\"@graph\":[{\"@type\":\"WebPage\",\"@id\":\"https:\\\/\\\/www.koonings.com\\\/fr\\\/product\\\/maison-signore-tessa\\\/\",\"url\":\"https:\\\/\\\/www.koonings.com\\\/fr\\\/product\\\/maison-signore-tessa\\\/\",\"name\":\"Maison Signore Tessa | Koonings\",\"isPartOf\":{\"@id\":\"https:\\\/\\\/www.koonings.com\\\/fr\\\/#website\"},\"primaryImageOfPage\":{\"@id\":\"https:\\\/\\\/www.koonings.com\\\/fr\\\/product\\\/maison-signore-tessa\\\/#primaryimage\"},\"image\":{\"@id\":\"https:\\\/\\\/www.koonings.com\\\/fr\\\/product\\\/maison-signore-tessa\\\/#primaryimage\"},\"thumbnailUrl\":\"https:\\\/\\\/www.koonings.com\\\/wp-content\\\/uploads\\\/2024\\\/11\\\/6567_38d369548b795ff08c3f09a1f0a8e3b2308a184118319709e722432aee552dd6e198261e-scaled.jpeg\",\"datePublished\":\"2026-05-06T13:02:22+00:00\",\"description\":\"Si vous voulez de l'extravagance et du sexy, cette robe de mari\u00e9e de style trompette est faite pour vous. Ce qui saute aux yeux, c'est le d\u00e9collet\u00e9 et les larges bretelles en dentelle. Mais il ne faut pas non plus oublier le panneau arri\u00e8re en forme d'illusion. La mati\u00e8re souple enveloppe le corps comme une seconde peau et se marie \u00e0 merveille avec les panneaux de dentelle transparente sur le c\u00f4t\u00e9 de la robe et la longue tra\u00eene.\",\"breadcrumb\":{\"@id\":\"https:\\\/\\\/www.koonings.com\\\/fr\\\/product\\\/maison-signore-tessa\\\/#breadcrumb\"},\"inLanguage\":\"fr-FR\",\"potentialAction\":[{\"@type\":\"ReadAction\",\"target\":[\"https:\\\/\\\/www.koonings.com\\\/fr\\\/product\\\/maison-signore-tessa\\\/\"]}]},{\"@type\":\"ImageObject\",\"inLanguage\":\"fr-FR\",\"@id\":\"https:\\\/\\\/www.koonings.com\\\/fr\\\/product\\\/maison-signore-tessa\\\/#primaryimage\",\"url\":\"https:\\\/\\\/www.koonings.com\\\/wp-content\\\/uploads\\\/2024\\\/11\\\/6567_38d369548b795ff08c3f09a1f0a8e3b2308a184118319709e722432aee552dd6e198261e-scaled.jpeg\",\"contentUrl\":\"https:\\\/\\\/www.koonings.com\\\/wp-content\\\/uploads\\\/2024\\\/11\\\/6567_38d369548b795ff08c3f09a1f0a8e3b2308a184118319709e722432aee552dd6e198261e-scaled.jpeg\",\"width\":1810,\"height\":2560},{\"@type\":\"BreadcrumbList\",\"@id\":\"https:\\\/\\\/www.koonings.com\\\/fr\\\/product\\\/maison-signore-tessa\\\/#breadcrumb\",\"itemListElement\":[{\"@type\":\"ListItem\",\"position\":1,\"name\":\"Home\",\"item\":\"https:\\\/\\\/www.koonings.com\\\/fr\\\/\"},{\"@type\":\"ListItem\",\"position\":2,\"name\":\"Maison Signore Tessa\"}]},{\"@type\":\"WebSite\",\"@id\":\"https:\\\/\\\/www.koonings.com\\\/fr\\\/#website\",\"url\":\"https:\\\/\\\/www.koonings.com\\\/fr\\\/\",\"name\":\"Koonings\",\"description\":\"De grootste bruidsmodewinkel ter wereld\",\"publisher\":{\"@id\":\"https:\\\/\\\/www.koonings.com\\\/fr\\\/#organization\"},\"potentialAction\":[{\"@type\":\"SearchAction\",\"target\":{\"@type\":\"EntryPoint\",\"urlTemplate\":\"https:\\\/\\\/www.koonings.com\\\/fr\\\/?s={search_term_string}\"},\"query-input\":{\"@type\":\"PropertyValueSpecification\",\"valueRequired\":true,\"valueName\":\"search_term_string\"}}],\"inLanguage\":\"fr-FR\"},{\"@type\":\"Organization\",\"@id\":\"https:\\\/\\\/www.koonings.com\\\/fr\\\/#organization\",\"name\":\"Koonings\",\"url\":\"https:\\\/\\\/www.koonings.com\\\/fr\\\/\",\"logo\":{\"@type\":\"ImageObject\",\"inLanguage\":\"fr-FR\",\"@id\":\"https:\\\/\\\/www.koonings.com\\\/fr\\\/#\\\/schema\\\/logo\\\/image\\\/\",\"url\":\"https:\\\/\\\/www.koonings.com\\\/wp-content\\\/uploads\\\/2024\\\/07\\\/logo.png\",\"contentUrl\":\"https:\\\/\\\/www.koonings.com\\\/wp-content\\\/uploads\\\/2024\\\/07\\\/logo.png\",\"width\":600,\"height\":428,\"caption\":\"Koonings\"},\"image\":{\"@id\":\"https:\\\/\\\/www.koonings.com\\\/fr\\\/#\\\/schema\\\/logo\\\/image\\\/\"},\"sameAs\":[\"https:\\\/\\\/www.facebook.com\\\/kooningstheweddingpalace\",\"https:\\\/\\\/www.instagram.com\\\/kooningstheweddingpalace\",\"https:\\\/\\\/www.pinterest.com\\\/koonings\",\"https:\\\/\\\/www.youtube.com\\\/kooningstheweddingpalace\"]}]}<\/script>\n<!-- \/ Yoast SEO plugin. -->","yoast_head_json":{"title":"Maison Signore Tessa | Koonings","description":"Si vous voulez de l'extravagance et du sexy, cette robe de mari\u00e9e de style trompette est faite pour vous. Ce qui saute aux yeux, c'est le d\u00e9collet\u00e9 et les larges bretelles en dentelle. Mais il ne faut pas non plus oublier le panneau arri\u00e8re en forme d'illusion. La mati\u00e8re souple enveloppe le corps comme une seconde peau et se marie \u00e0 merveille avec les panneaux de dentelle transparente sur le c\u00f4t\u00e9 de la robe et la longue tra\u00eene.","robots":{"index":"index","follow":"follow","max-snippet":"max-snippet:-1","max-image-preview":"max-image-preview:large","max-video-preview":"max-video-preview:-1"},"canonical":"https:\/\/www.koonings.com\/fr\/product\/maison-signore-tessa\/","og_locale":"fr_FR","og_type":"article","og_title":"Maison Signore Tessa | Koonings","og_description":"Si vous voulez de l'extravagance et du sexy, cette robe de mari\u00e9e de style trompette est faite pour vous. Ce qui saute aux yeux, c'est le d\u00e9collet\u00e9 et les larges bretelles en dentelle. Mais il ne faut pas non plus oublier le panneau arri\u00e8re en forme d'illusion. La mati\u00e8re souple enveloppe le corps comme une seconde peau et se marie \u00e0 merveille avec les panneaux de dentelle transparente sur le c\u00f4t\u00e9 de la robe et la longue tra\u00eene.","og_url":"https:\/\/www.koonings.com\/fr\/product\/maison-signore-tessa\/","og_site_name":"Koonings","article_publisher":"https:\/\/www.facebook.com\/kooningstheweddingpalace","og_image":[{"width":1810,"height":2560,"url":"https:\/\/www.koonings.com\/wp-content\/uploads\/2024\/11\/6567_38d369548b795ff08c3f09a1f0a8e3b2308a184118319709e722432aee552dd6e198261e-scaled.jpeg","type":"image\/jpeg"}],"twitter_card":"summary_large_image","schema":{"@context":"https:\/\/schema.org","@graph":[{"@type":"WebPage","@id":"https:\/\/www.koonings.com\/fr\/product\/maison-signore-tessa\/","url":"https:\/\/www.koonings.com\/fr\/product\/maison-signore-tessa\/","name":"Maison Signore Tessa | Koonings","isPartOf":{"@id":"https:\/\/www.koonings.com\/fr\/#website"},"primaryImageOfPage":{"@id":"https:\/\/www.koonings.com\/fr\/product\/maison-signore-tessa\/#primaryimage"},"image":{"@id":"https:\/\/www.koonings.com\/fr\/product\/maison-signore-tessa\/#primaryimage"},"thumbnailUrl":"https:\/\/www.koonings.com\/wp-content\/uploads\/2024\/11\/6567_38d369548b795ff08c3f09a1f0a8e3b2308a184118319709e722432aee552dd6e198261e-scaled.jpeg","datePublished":"2026-05-06T13:02:22+00:00","description":"Si vous voulez de l'extravagance et du sexy, cette robe de mari\u00e9e de style trompette est faite pour vous. Ce qui saute aux yeux, c'est le d\u00e9collet\u00e9 et les larges bretelles en dentelle. Mais il ne faut pas non plus oublier le panneau arri\u00e8re en forme d'illusion. La mati\u00e8re souple enveloppe le corps comme une seconde peau et se marie \u00e0 merveille avec les panneaux de dentelle transparente sur le c\u00f4t\u00e9 de la robe et la longue tra\u00eene.","breadcrumb":{"@id":"https:\/\/www.koonings.com\/fr\/product\/maison-signore-tessa\/#breadcrumb"},"inLanguage":"fr-FR","potentialAction":[{"@type":"ReadAction","target":["https:\/\/www.koonings.com\/fr\/product\/maison-signore-tessa\/"]}]},{"@type":"ImageObject","inLanguage":"fr-FR","@id":"https:\/\/www.koonings.com\/fr\/product\/maison-signore-tessa\/#primaryimage","url":"https:\/\/www.koonings.com\/wp-content\/uploads\/2024\/11\/6567_38d369548b795ff08c3f09a1f0a8e3b2308a184118319709e722432aee552dd6e198261e-scaled.jpeg","contentUrl":"https:\/\/www.koonings.com\/wp-content\/uploads\/2024\/11\/6567_38d369548b795ff08c3f09a1f0a8e3b2308a184118319709e722432aee552dd6e198261e-scaled.jpeg","width":1810,"height":2560},{"@type":"BreadcrumbList","@id":"https:\/\/www.koonings.com\/fr\/product\/maison-signore-tessa\/#breadcrumb","itemListElement":[{"@type":"ListItem","position":1,"name":"Home","item":"https:\/\/www.koonings.com\/fr\/"},{"@type":"ListItem","position":2,"name":"Maison Signore Tessa"}]},{"@type":"WebSite","@id":"https:\/\/www.koonings.com\/fr\/#website","url":"https:\/\/www.koonings.com\/fr\/","name":"Koonings","description":"De grootste bruidsmodewinkel ter wereld","publisher":{"@id":"https:\/\/www.koonings.com\/fr\/#organization"},"potentialAction":[{"@type":"SearchAction","target":{"@type":"EntryPoint","urlTemplate":"https:\/\/www.koonings.com\/fr\/?s={search_term_string}"},"query-input":{"@type":"PropertyValueSpecification","valueRequired":true,"valueName":"search_term_string"}}],"inLanguage":"fr-FR"},{"@type":"Organization","@id":"https:\/\/www.koonings.com\/fr\/#organization","name":"Koonings","url":"https:\/\/www.koonings.com\/fr\/","logo":{"@type":"ImageObject","inLanguage":"fr-FR","@id":"https:\/\/www.koonings.com\/fr\/#\/schema\/logo\/image\/","url":"https:\/\/www.koonings.com\/wp-content\/uploads\/2024\/07\/logo.png","contentUrl":"https:\/\/www.koonings.com\/wp-content\/uploads\/2024\/07\/logo.png","width":600,"height":428,"caption":"Koonings"},"image":{"@id":"https:\/\/www.koonings.com\/fr\/#\/schema\/logo\/image\/"},"sameAs":["https:\/\/www.facebook.com\/kooningstheweddingpalace","https:\/\/www.instagram.com\/kooningstheweddingpalace","https:\/\/www.pinterest.com\/koonings","https:\/\/www.youtube.com\/kooningstheweddingpalace"]}]}},"_links":{"self":[{"href":"https:\/\/www.koonings.com\/fr\/wp-json\/wp\/v2\/product\/78074","targetHints":{"allow":["GET"]}}],"collection":[{"href":"https:\/\/www.koonings.com\/fr\/wp-json\/wp\/v2\/product"}],"about":[{"href":"https:\/\/www.koonings.com\/fr\/wp-json\/wp\/v2\/types\/product"}],"wp:featuredmedia":[{"embeddable":true,"href":"https:\/\/www.koonings.com\/fr\/wp-json\/wp\/v2\/media\/62681"}],"wp:attachment":[{"href":"https:\/\/www.koonings.com\/fr\/wp-json\/wp\/v2\/media?parent=78074"}],"wp:term":[{"taxonomy":"productdetails","embeddable":true,"href":"https:\/\/www.koonings.com\/fr\/wp-json\/wp\/v2\/productdetails?post=78074"},{"taxonomy":"productneck","embeddable":true,"href":"https:\/\/www.koonings.com\/fr\/wp-json\/wp\/v2\/productneck?post=78074"},{"taxonomy":"productcolor","embeddable":true,"href":"https:\/\/www.koonings.com\/fr\/wp-json\/wp\/v2\/productcolor?post=78074"},{"taxonomy":"maat","embeddable":true,"href":"https:\/\/www.koonings.com\/fr\/wp-json\/wp\/v2\/maat?post=78074"},{"taxonomy":"productsupplier","embeddable":true,"href":"https:\/\/www.koonings.com\/fr\/wp-json\/wp\/v2\/productsupplier?post=78074"},{"taxonomy":"productsleeve","embeddable":true,"href":"https:\/\/www.koonings.com\/fr\/wp-json\/wp\/v2\/productsleeve?post=78074"},{"taxonomy":"productcategory","embeddable":true,"href":"https:\/\/www.koonings.com\/fr\/wp-json\/wp\/v2\/productcategory?post=78074"},{"taxonomy":"productsilhouette","embeddable":true,"href":"https:\/\/www.koonings.com\/fr\/wp-json\/wp\/v2\/productsilhouette?post=78074"},{"taxonomy":"productstyle","embeddable":true,"href":"https:\/\/www.koonings.com\/fr\/wp-json\/wp\/v2\/productstyle?post=78074"}],"curies":[{"name":"wp","href":"https:\/\/api.w.org\/{rel}","templated":true}]}}