{"id":78065,"date":"2026-04-28T18:02:22","date_gmt":"2026-04-28T16:02:22","guid":{"rendered":"https:\/\/www.koonings.com\/product\/maison-signore-darla\/"},"modified":"2026-02-16T14:45:53","modified_gmt":"2026-02-16T13:45:53","slug":"maison-signore-darla","status":"publish","type":"product","link":"https:\/\/www.koonings.com\/fr\/product\/maison-signore-darla\/","title":{"rendered":"Maison Signore Darla"},"content":{"rendered":"<p>Cette robe de mari\u00e9e ivoire de Maison Signore a une silhouette de robe de bal. Le haut couture est transparent et sexy. La dentelle gracieuse du haut se poursuit sur les manches. La jupe est large et \u00e9l\u00e9gante. Cette robe de mari\u00e9e extravagante et glamour comporte \u00e9galement un n\u0153ud \u00e0 la taille.    <\/p>\n","protected":false},"featured_media":62708,"template":"","meta":{"_acf_changed":false,"ghostkit_customizer_options":"","ghostkit_custom_css":"","ghostkit_custom_js_head":"","ghostkit_custom_js_foot":"","ghostkit_typography":""},"productdetails":[],"productneck":[356],"productcolor":[392],"maat":[],"productsupplier":[481],"productsleeve":[359],"productcategory":[18],"productsilhouette":[388],"productstyle":[366,370],"class_list":["post-78065","product","type-product","status-publish","has-post-thumbnail","hentry","productneck-356","productcolor-392","productsupplier-maison-signore","productsleeve-359","productcategory-trouwjurken","productsilhouette-388","productstyle-366","productstyle-370"],"acf":[],"yoast_head":"<!-- This site is optimized with the Yoast SEO plugin v27.3 - https:\/\/yoast.com\/product\/yoast-seo-wordpress\/ -->\n<title>Maison Signore Darla | Koonings<\/title>\n<meta name=\"description\" content=\"Cette robe de mari\u00e9e ivoire de Maison Signore a une silhouette de robe de bal. Le haut couture est transparent et sexy. La dentelle gracieuse du haut se poursuit sur les manches. La jupe est large et \u00e9l\u00e9gante. Cette robe de mari\u00e9e extravagante et glamour comporte \u00e9galement un n\u0153ud \u00e0 la taille.\" \/>\n<meta name=\"robots\" content=\"index, follow, max-snippet:-1, max-image-preview:large, max-video-preview:-1\" \/>\n<link rel=\"canonical\" href=\"https:\/\/www.koonings.com\/fr\/product\/maison-signore-darla\/\" \/>\n<meta property=\"og:locale\" content=\"fr_FR\" \/>\n<meta property=\"og:type\" content=\"article\" \/>\n<meta property=\"og:title\" content=\"Maison Signore Darla | Koonings\" \/>\n<meta property=\"og:description\" content=\"Cette robe de mari\u00e9e ivoire de Maison Signore a une silhouette de robe de bal. Le haut couture est transparent et sexy. La dentelle gracieuse du haut se poursuit sur les manches. La jupe est large et \u00e9l\u00e9gante. Cette robe de mari\u00e9e extravagante et glamour comporte \u00e9galement un n\u0153ud \u00e0 la taille.\" \/>\n<meta property=\"og:url\" content=\"https:\/\/www.koonings.com\/fr\/product\/maison-signore-darla\/\" \/>\n<meta property=\"og:site_name\" content=\"Koonings\" \/>\n<meta property=\"article:publisher\" content=\"https:\/\/www.facebook.com\/kooningstheweddingpalace\" \/>\n<meta property=\"og:image\" content=\"https:\/\/www.koonings.com\/wp-content\/uploads\/2024\/11\/6577_2e649796c75e944af25e53627a9b2cb791cc6355421040a34669afeca53fe368fb5e34c0-scaled.jpeg\" \/>\n\t<meta property=\"og:image:width\" content=\"1808\" \/>\n\t<meta property=\"og:image:height\" content=\"2560\" \/>\n\t<meta property=\"og:image:type\" content=\"image\/jpeg\" \/>\n<meta name=\"twitter:card\" content=\"summary_large_image\" \/>\n<script type=\"application\/ld+json\" class=\"yoast-schema-graph\">{\"@context\":\"https:\\\/\\\/schema.org\",\"@graph\":[{\"@type\":\"WebPage\",\"@id\":\"https:\\\/\\\/www.koonings.com\\\/fr\\\/product\\\/maison-signore-darla\\\/\",\"url\":\"https:\\\/\\\/www.koonings.com\\\/fr\\\/product\\\/maison-signore-darla\\\/\",\"name\":\"Maison Signore Darla | Koonings\",\"isPartOf\":{\"@id\":\"https:\\\/\\\/www.koonings.com\\\/fr\\\/#website\"},\"primaryImageOfPage\":{\"@id\":\"https:\\\/\\\/www.koonings.com\\\/fr\\\/product\\\/maison-signore-darla\\\/#primaryimage\"},\"image\":{\"@id\":\"https:\\\/\\\/www.koonings.com\\\/fr\\\/product\\\/maison-signore-darla\\\/#primaryimage\"},\"thumbnailUrl\":\"https:\\\/\\\/www.koonings.com\\\/wp-content\\\/uploads\\\/2024\\\/11\\\/6577_2e649796c75e944af25e53627a9b2cb791cc6355421040a34669afeca53fe368fb5e34c0-scaled.jpeg\",\"datePublished\":\"2026-04-28T16:02:22+00:00\",\"description\":\"Cette robe de mari\u00e9e ivoire de Maison Signore a une silhouette de robe de bal. Le haut couture est transparent et sexy. La dentelle gracieuse du haut se poursuit sur les manches. La jupe est large et \u00e9l\u00e9gante. Cette robe de mari\u00e9e extravagante et glamour comporte \u00e9galement un n\u0153ud \u00e0 la taille.\",\"breadcrumb\":{\"@id\":\"https:\\\/\\\/www.koonings.com\\\/fr\\\/product\\\/maison-signore-darla\\\/#breadcrumb\"},\"inLanguage\":\"fr-FR\",\"potentialAction\":[{\"@type\":\"ReadAction\",\"target\":[\"https:\\\/\\\/www.koonings.com\\\/fr\\\/product\\\/maison-signore-darla\\\/\"]}]},{\"@type\":\"ImageObject\",\"inLanguage\":\"fr-FR\",\"@id\":\"https:\\\/\\\/www.koonings.com\\\/fr\\\/product\\\/maison-signore-darla\\\/#primaryimage\",\"url\":\"https:\\\/\\\/www.koonings.com\\\/wp-content\\\/uploads\\\/2024\\\/11\\\/6577_2e649796c75e944af25e53627a9b2cb791cc6355421040a34669afeca53fe368fb5e34c0-scaled.jpeg\",\"contentUrl\":\"https:\\\/\\\/www.koonings.com\\\/wp-content\\\/uploads\\\/2024\\\/11\\\/6577_2e649796c75e944af25e53627a9b2cb791cc6355421040a34669afeca53fe368fb5e34c0-scaled.jpeg\",\"width\":1808,\"height\":2560},{\"@type\":\"BreadcrumbList\",\"@id\":\"https:\\\/\\\/www.koonings.com\\\/fr\\\/product\\\/maison-signore-darla\\\/#breadcrumb\",\"itemListElement\":[{\"@type\":\"ListItem\",\"position\":1,\"name\":\"Home\",\"item\":\"https:\\\/\\\/www.koonings.com\\\/fr\\\/\"},{\"@type\":\"ListItem\",\"position\":2,\"name\":\"Maison Signore Darla\"}]},{\"@type\":\"WebSite\",\"@id\":\"https:\\\/\\\/www.koonings.com\\\/fr\\\/#website\",\"url\":\"https:\\\/\\\/www.koonings.com\\\/fr\\\/\",\"name\":\"Koonings\",\"description\":\"De grootste bruidsmodewinkel ter wereld\",\"publisher\":{\"@id\":\"https:\\\/\\\/www.koonings.com\\\/fr\\\/#organization\"},\"potentialAction\":[{\"@type\":\"SearchAction\",\"target\":{\"@type\":\"EntryPoint\",\"urlTemplate\":\"https:\\\/\\\/www.koonings.com\\\/fr\\\/?s={search_term_string}\"},\"query-input\":{\"@type\":\"PropertyValueSpecification\",\"valueRequired\":true,\"valueName\":\"search_term_string\"}}],\"inLanguage\":\"fr-FR\"},{\"@type\":\"Organization\",\"@id\":\"https:\\\/\\\/www.koonings.com\\\/fr\\\/#organization\",\"name\":\"Koonings\",\"url\":\"https:\\\/\\\/www.koonings.com\\\/fr\\\/\",\"logo\":{\"@type\":\"ImageObject\",\"inLanguage\":\"fr-FR\",\"@id\":\"https:\\\/\\\/www.koonings.com\\\/fr\\\/#\\\/schema\\\/logo\\\/image\\\/\",\"url\":\"https:\\\/\\\/www.koonings.com\\\/wp-content\\\/uploads\\\/2024\\\/07\\\/logo.png\",\"contentUrl\":\"https:\\\/\\\/www.koonings.com\\\/wp-content\\\/uploads\\\/2024\\\/07\\\/logo.png\",\"width\":600,\"height\":428,\"caption\":\"Koonings\"},\"image\":{\"@id\":\"https:\\\/\\\/www.koonings.com\\\/fr\\\/#\\\/schema\\\/logo\\\/image\\\/\"},\"sameAs\":[\"https:\\\/\\\/www.facebook.com\\\/kooningstheweddingpalace\",\"https:\\\/\\\/www.instagram.com\\\/kooningstheweddingpalace\",\"https:\\\/\\\/www.pinterest.com\\\/koonings\",\"https:\\\/\\\/www.youtube.com\\\/kooningstheweddingpalace\"]}]}<\/script>\n<!-- \/ Yoast SEO plugin. -->","yoast_head_json":{"title":"Maison Signore Darla | Koonings","description":"Cette robe de mari\u00e9e ivoire de Maison Signore a une silhouette de robe de bal. Le haut couture est transparent et sexy. La dentelle gracieuse du haut se poursuit sur les manches. La jupe est large et \u00e9l\u00e9gante. Cette robe de mari\u00e9e extravagante et glamour comporte \u00e9galement un n\u0153ud \u00e0 la taille.","robots":{"index":"index","follow":"follow","max-snippet":"max-snippet:-1","max-image-preview":"max-image-preview:large","max-video-preview":"max-video-preview:-1"},"canonical":"https:\/\/www.koonings.com\/fr\/product\/maison-signore-darla\/","og_locale":"fr_FR","og_type":"article","og_title":"Maison Signore Darla | Koonings","og_description":"Cette robe de mari\u00e9e ivoire de Maison Signore a une silhouette de robe de bal. Le haut couture est transparent et sexy. La dentelle gracieuse du haut se poursuit sur les manches. La jupe est large et \u00e9l\u00e9gante. Cette robe de mari\u00e9e extravagante et glamour comporte \u00e9galement un n\u0153ud \u00e0 la taille.","og_url":"https:\/\/www.koonings.com\/fr\/product\/maison-signore-darla\/","og_site_name":"Koonings","article_publisher":"https:\/\/www.facebook.com\/kooningstheweddingpalace","og_image":[{"width":1808,"height":2560,"url":"https:\/\/www.koonings.com\/wp-content\/uploads\/2024\/11\/6577_2e649796c75e944af25e53627a9b2cb791cc6355421040a34669afeca53fe368fb5e34c0-scaled.jpeg","type":"image\/jpeg"}],"twitter_card":"summary_large_image","schema":{"@context":"https:\/\/schema.org","@graph":[{"@type":"WebPage","@id":"https:\/\/www.koonings.com\/fr\/product\/maison-signore-darla\/","url":"https:\/\/www.koonings.com\/fr\/product\/maison-signore-darla\/","name":"Maison Signore Darla | Koonings","isPartOf":{"@id":"https:\/\/www.koonings.com\/fr\/#website"},"primaryImageOfPage":{"@id":"https:\/\/www.koonings.com\/fr\/product\/maison-signore-darla\/#primaryimage"},"image":{"@id":"https:\/\/www.koonings.com\/fr\/product\/maison-signore-darla\/#primaryimage"},"thumbnailUrl":"https:\/\/www.koonings.com\/wp-content\/uploads\/2024\/11\/6577_2e649796c75e944af25e53627a9b2cb791cc6355421040a34669afeca53fe368fb5e34c0-scaled.jpeg","datePublished":"2026-04-28T16:02:22+00:00","description":"Cette robe de mari\u00e9e ivoire de Maison Signore a une silhouette de robe de bal. Le haut couture est transparent et sexy. La dentelle gracieuse du haut se poursuit sur les manches. La jupe est large et \u00e9l\u00e9gante. Cette robe de mari\u00e9e extravagante et glamour comporte \u00e9galement un n\u0153ud \u00e0 la taille.","breadcrumb":{"@id":"https:\/\/www.koonings.com\/fr\/product\/maison-signore-darla\/#breadcrumb"},"inLanguage":"fr-FR","potentialAction":[{"@type":"ReadAction","target":["https:\/\/www.koonings.com\/fr\/product\/maison-signore-darla\/"]}]},{"@type":"ImageObject","inLanguage":"fr-FR","@id":"https:\/\/www.koonings.com\/fr\/product\/maison-signore-darla\/#primaryimage","url":"https:\/\/www.koonings.com\/wp-content\/uploads\/2024\/11\/6577_2e649796c75e944af25e53627a9b2cb791cc6355421040a34669afeca53fe368fb5e34c0-scaled.jpeg","contentUrl":"https:\/\/www.koonings.com\/wp-content\/uploads\/2024\/11\/6577_2e649796c75e944af25e53627a9b2cb791cc6355421040a34669afeca53fe368fb5e34c0-scaled.jpeg","width":1808,"height":2560},{"@type":"BreadcrumbList","@id":"https:\/\/www.koonings.com\/fr\/product\/maison-signore-darla\/#breadcrumb","itemListElement":[{"@type":"ListItem","position":1,"name":"Home","item":"https:\/\/www.koonings.com\/fr\/"},{"@type":"ListItem","position":2,"name":"Maison Signore Darla"}]},{"@type":"WebSite","@id":"https:\/\/www.koonings.com\/fr\/#website","url":"https:\/\/www.koonings.com\/fr\/","name":"Koonings","description":"De grootste bruidsmodewinkel ter wereld","publisher":{"@id":"https:\/\/www.koonings.com\/fr\/#organization"},"potentialAction":[{"@type":"SearchAction","target":{"@type":"EntryPoint","urlTemplate":"https:\/\/www.koonings.com\/fr\/?s={search_term_string}"},"query-input":{"@type":"PropertyValueSpecification","valueRequired":true,"valueName":"search_term_string"}}],"inLanguage":"fr-FR"},{"@type":"Organization","@id":"https:\/\/www.koonings.com\/fr\/#organization","name":"Koonings","url":"https:\/\/www.koonings.com\/fr\/","logo":{"@type":"ImageObject","inLanguage":"fr-FR","@id":"https:\/\/www.koonings.com\/fr\/#\/schema\/logo\/image\/","url":"https:\/\/www.koonings.com\/wp-content\/uploads\/2024\/07\/logo.png","contentUrl":"https:\/\/www.koonings.com\/wp-content\/uploads\/2024\/07\/logo.png","width":600,"height":428,"caption":"Koonings"},"image":{"@id":"https:\/\/www.koonings.com\/fr\/#\/schema\/logo\/image\/"},"sameAs":["https:\/\/www.facebook.com\/kooningstheweddingpalace","https:\/\/www.instagram.com\/kooningstheweddingpalace","https:\/\/www.pinterest.com\/koonings","https:\/\/www.youtube.com\/kooningstheweddingpalace"]}]}},"_links":{"self":[{"href":"https:\/\/www.koonings.com\/fr\/wp-json\/wp\/v2\/product\/78065","targetHints":{"allow":["GET"]}}],"collection":[{"href":"https:\/\/www.koonings.com\/fr\/wp-json\/wp\/v2\/product"}],"about":[{"href":"https:\/\/www.koonings.com\/fr\/wp-json\/wp\/v2\/types\/product"}],"wp:featuredmedia":[{"embeddable":true,"href":"https:\/\/www.koonings.com\/fr\/wp-json\/wp\/v2\/media\/62708"}],"wp:attachment":[{"href":"https:\/\/www.koonings.com\/fr\/wp-json\/wp\/v2\/media?parent=78065"}],"wp:term":[{"taxonomy":"productdetails","embeddable":true,"href":"https:\/\/www.koonings.com\/fr\/wp-json\/wp\/v2\/productdetails?post=78065"},{"taxonomy":"productneck","embeddable":true,"href":"https:\/\/www.koonings.com\/fr\/wp-json\/wp\/v2\/productneck?post=78065"},{"taxonomy":"productcolor","embeddable":true,"href":"https:\/\/www.koonings.com\/fr\/wp-json\/wp\/v2\/productcolor?post=78065"},{"taxonomy":"maat","embeddable":true,"href":"https:\/\/www.koonings.com\/fr\/wp-json\/wp\/v2\/maat?post=78065"},{"taxonomy":"productsupplier","embeddable":true,"href":"https:\/\/www.koonings.com\/fr\/wp-json\/wp\/v2\/productsupplier?post=78065"},{"taxonomy":"productsleeve","embeddable":true,"href":"https:\/\/www.koonings.com\/fr\/wp-json\/wp\/v2\/productsleeve?post=78065"},{"taxonomy":"productcategory","embeddable":true,"href":"https:\/\/www.koonings.com\/fr\/wp-json\/wp\/v2\/productcategory?post=78065"},{"taxonomy":"productsilhouette","embeddable":true,"href":"https:\/\/www.koonings.com\/fr\/wp-json\/wp\/v2\/productsilhouette?post=78065"},{"taxonomy":"productstyle","embeddable":true,"href":"https:\/\/www.koonings.com\/fr\/wp-json\/wp\/v2\/productstyle?post=78065"}],"curies":[{"name":"wp","href":"https:\/\/api.w.org\/{rel}","templated":true}]}}