{"id":78054,"date":"2026-04-14T16:12:35","date_gmt":"2026-04-14T14:12:35","guid":{"rendered":"https:\/\/www.koonings.com\/product\/michela-ferriero-biarritz\/"},"modified":"2026-02-16T14:44:20","modified_gmt":"2026-02-16T13:44:20","slug":"michela-ferriero-biarritz","status":"publish","type":"product","link":"https:\/\/www.koonings.com\/fr\/product\/michela-ferriero-biarritz\/","title":{"rendered":"Michela Ferriero Biarritz"},"content":{"rendered":"<p>La cr\u00e9atrice Michela Ferriero garantit une tradition de haute couture made in Italy, bas\u00e9e sur un savoir-faire ancestral et une s\u00e9lection rigoureuse de tissus et de dentelles de la plus haute qualit\u00e9, associ\u00e9e au d\u00e9sir de toujours et constamment innover, de cr\u00e9er des v\u00eatements d&#8217;une mani\u00e8re diff\u00e9rente, en partant des souhaits des mari\u00e9es. La collection &#8220;Enchant\u00e9&#8221;, Michela Ferriero 2024 a \u00e9t\u00e9 influenc\u00e9e par le style fran\u00e7ais des ann\u00e9es 1920, les perles, les plumes, les gants et les diamants pr\u00e9dominent, protagonistes incontest\u00e9s de robes spectaculaires, avec des coupes innovantes con\u00e7ues pour mettre en valeur chaque physique. Nos cr\u00e9ations sont caract\u00e9ris\u00e9es par un style sir\u00e8ne incomparable qui, robe apr\u00e8s robe, allie la saveur m\u00e9diterran\u00e9enne de nos origines \u00e0 une passion irr\u00e9pressible pour l&#8217;innovation. Exclusivement disponible chez Koonings The Wedding Palace.   <\/p>\n","protected":false},"featured_media":60164,"template":"","meta":{"_acf_changed":false,"ghostkit_customizer_options":"","ghostkit_custom_css":"","ghostkit_custom_js_head":"","ghostkit_custom_js_foot":"","ghostkit_typography":""},"productdetails":[379,383,381],"productneck":[356],"productcolor":[392],"maat":[],"productsupplier":[445],"productsleeve":[362],"productcategory":[18],"productsilhouette":[384],"productstyle":[366],"class_list":["post-78054","product","type-product","status-publish","has-post-thumbnail","hentry","productdetails-379","productdetails-383","productdetails-381","productneck-356","productcolor-392","productsupplier-michela-ferriero","productsleeve-362","productcategory-trouwjurken","productsilhouette-384","productstyle-366"],"acf":[],"yoast_head":"<!-- This site is optimized with the Yoast SEO plugin v27.3 - https:\/\/yoast.com\/product\/yoast-seo-wordpress\/ -->\n<title>Michela Ferriero Biarritz | Koonings<\/title>\n<meta name=\"description\" content=\"La cr\u00e9atrice Michela Ferriero garantit une tradition de haute couture made in Italy, bas\u00e9e sur un savoir-faire ancestral et une s\u00e9lection rigoureuse de tissus et de dentelles de la plus haute qualit\u00e9, associ\u00e9e au d\u00e9sir de toujours et constamment innover, de cr\u00e9er des v\u00eatements d&#039;une mani\u00e8re diff\u00e9rente, en partant des souhaits des mari\u00e9es. La collection &quot;Enchant\u00e9&quot;, Michela Ferriero 2024 a \u00e9t\u00e9 influenc\u00e9e par le style fran\u00e7ais des ann\u00e9es 1920, les perles, les plumes, les gants et les diamants pr\u00e9dominent, protagonistes incontest\u00e9s de robes spectaculaires, avec des coupes innovantes con\u00e7ues pour mettre en valeur chaque physique. Nos cr\u00e9ations sont caract\u00e9ris\u00e9es par un style sir\u00e8ne incomparable qui, robe apr\u00e8s robe, allie la saveur m\u00e9diterran\u00e9enne de nos origines \u00e0 une passion irr\u00e9pressible pour l&#039;innovation. Exclusivement disponible chez Koonings The Wedding Palace.\" \/>\n<meta name=\"robots\" content=\"index, follow, max-snippet:-1, max-image-preview:large, max-video-preview:-1\" \/>\n<link rel=\"canonical\" href=\"https:\/\/www.koonings.com\/fr\/product\/michela-ferriero-biarritz\/\" \/>\n<meta property=\"og:locale\" content=\"fr_FR\" \/>\n<meta property=\"og:type\" content=\"article\" \/>\n<meta property=\"og:title\" content=\"Michela Ferriero Biarritz | Koonings\" \/>\n<meta property=\"og:description\" content=\"La cr\u00e9atrice Michela Ferriero garantit une tradition de haute couture made in Italy, bas\u00e9e sur un savoir-faire ancestral et une s\u00e9lection rigoureuse de tissus et de dentelles de la plus haute qualit\u00e9, associ\u00e9e au d\u00e9sir de toujours et constamment innover, de cr\u00e9er des v\u00eatements d&#039;une mani\u00e8re diff\u00e9rente, en partant des souhaits des mari\u00e9es. La collection &quot;Enchant\u00e9&quot;, Michela Ferriero 2024 a \u00e9t\u00e9 influenc\u00e9e par le style fran\u00e7ais des ann\u00e9es 1920, les perles, les plumes, les gants et les diamants pr\u00e9dominent, protagonistes incontest\u00e9s de robes spectaculaires, avec des coupes innovantes con\u00e7ues pour mettre en valeur chaque physique. Nos cr\u00e9ations sont caract\u00e9ris\u00e9es par un style sir\u00e8ne incomparable qui, robe apr\u00e8s robe, allie la saveur m\u00e9diterran\u00e9enne de nos origines \u00e0 une passion irr\u00e9pressible pour l&#039;innovation. Exclusivement disponible chez Koonings The Wedding Palace.\" \/>\n<meta property=\"og:url\" content=\"https:\/\/www.koonings.com\/fr\/product\/michela-ferriero-biarritz\/\" \/>\n<meta property=\"og:site_name\" content=\"Koonings\" \/>\n<meta property=\"article:publisher\" content=\"https:\/\/www.facebook.com\/kooningstheweddingpalace\" \/>\n<meta property=\"og:image\" content=\"https:\/\/www.koonings.com\/wp-content\/uploads\/2024\/11\/38786_1cd4f7eacf02844f4cfba73ef06a3abb2a35808de56c82add03d568202b46bb60ca59698.jpeg\" \/>\n\t<meta property=\"og:image:width\" content=\"1010\" \/>\n\t<meta property=\"og:image:height\" content=\"1429\" \/>\n\t<meta property=\"og:image:type\" content=\"image\/jpeg\" \/>\n<meta name=\"twitter:card\" content=\"summary_large_image\" \/>\n<meta name=\"twitter:label1\" content=\"Dur\u00e9e de lecture estim\u00e9e\" \/>\n\t<meta name=\"twitter:data1\" content=\"1 minute\" \/>\n<script type=\"application\/ld+json\" class=\"yoast-schema-graph\">{\"@context\":\"https:\\\/\\\/schema.org\",\"@graph\":[{\"@type\":\"WebPage\",\"@id\":\"https:\\\/\\\/www.koonings.com\\\/fr\\\/product\\\/michela-ferriero-biarritz\\\/\",\"url\":\"https:\\\/\\\/www.koonings.com\\\/fr\\\/product\\\/michela-ferriero-biarritz\\\/\",\"name\":\"Michela Ferriero Biarritz | Koonings\",\"isPartOf\":{\"@id\":\"https:\\\/\\\/www.koonings.com\\\/fr\\\/#website\"},\"primaryImageOfPage\":{\"@id\":\"https:\\\/\\\/www.koonings.com\\\/fr\\\/product\\\/michela-ferriero-biarritz\\\/#primaryimage\"},\"image\":{\"@id\":\"https:\\\/\\\/www.koonings.com\\\/fr\\\/product\\\/michela-ferriero-biarritz\\\/#primaryimage\"},\"thumbnailUrl\":\"https:\\\/\\\/www.koonings.com\\\/wp-content\\\/uploads\\\/2024\\\/11\\\/38786_1cd4f7eacf02844f4cfba73ef06a3abb2a35808de56c82add03d568202b46bb60ca59698.jpeg\",\"datePublished\":\"2026-04-14T14:12:35+00:00\",\"description\":\"La cr\u00e9atrice Michela Ferriero garantit une tradition de haute couture made in Italy, bas\u00e9e sur un savoir-faire ancestral et une s\u00e9lection rigoureuse de tissus et de dentelles de la plus haute qualit\u00e9, associ\u00e9e au d\u00e9sir de toujours et constamment innover, de cr\u00e9er des v\u00eatements d'une mani\u00e8re diff\u00e9rente, en partant des souhaits des mari\u00e9es. La collection \\\"Enchant\u00e9\\\", Michela Ferriero 2024 a \u00e9t\u00e9 influenc\u00e9e par le style fran\u00e7ais des ann\u00e9es 1920, les perles, les plumes, les gants et les diamants pr\u00e9dominent, protagonistes incontest\u00e9s de robes spectaculaires, avec des coupes innovantes con\u00e7ues pour mettre en valeur chaque physique. Nos cr\u00e9ations sont caract\u00e9ris\u00e9es par un style sir\u00e8ne incomparable qui, robe apr\u00e8s robe, allie la saveur m\u00e9diterran\u00e9enne de nos origines \u00e0 une passion irr\u00e9pressible pour l'innovation. Exclusivement disponible chez Koonings The Wedding Palace.\",\"breadcrumb\":{\"@id\":\"https:\\\/\\\/www.koonings.com\\\/fr\\\/product\\\/michela-ferriero-biarritz\\\/#breadcrumb\"},\"inLanguage\":\"fr-FR\",\"potentialAction\":[{\"@type\":\"ReadAction\",\"target\":[\"https:\\\/\\\/www.koonings.com\\\/fr\\\/product\\\/michela-ferriero-biarritz\\\/\"]}]},{\"@type\":\"ImageObject\",\"inLanguage\":\"fr-FR\",\"@id\":\"https:\\\/\\\/www.koonings.com\\\/fr\\\/product\\\/michela-ferriero-biarritz\\\/#primaryimage\",\"url\":\"https:\\\/\\\/www.koonings.com\\\/wp-content\\\/uploads\\\/2024\\\/11\\\/38786_1cd4f7eacf02844f4cfba73ef06a3abb2a35808de56c82add03d568202b46bb60ca59698.jpeg\",\"contentUrl\":\"https:\\\/\\\/www.koonings.com\\\/wp-content\\\/uploads\\\/2024\\\/11\\\/38786_1cd4f7eacf02844f4cfba73ef06a3abb2a35808de56c82add03d568202b46bb60ca59698.jpeg\",\"width\":1010,\"height\":1429},{\"@type\":\"BreadcrumbList\",\"@id\":\"https:\\\/\\\/www.koonings.com\\\/fr\\\/product\\\/michela-ferriero-biarritz\\\/#breadcrumb\",\"itemListElement\":[{\"@type\":\"ListItem\",\"position\":1,\"name\":\"Home\",\"item\":\"https:\\\/\\\/www.koonings.com\\\/fr\\\/\"},{\"@type\":\"ListItem\",\"position\":2,\"name\":\"Michela Ferriero Biarritz\"}]},{\"@type\":\"WebSite\",\"@id\":\"https:\\\/\\\/www.koonings.com\\\/fr\\\/#website\",\"url\":\"https:\\\/\\\/www.koonings.com\\\/fr\\\/\",\"name\":\"Koonings\",\"description\":\"De grootste bruidsmodewinkel ter wereld\",\"publisher\":{\"@id\":\"https:\\\/\\\/www.koonings.com\\\/fr\\\/#organization\"},\"potentialAction\":[{\"@type\":\"SearchAction\",\"target\":{\"@type\":\"EntryPoint\",\"urlTemplate\":\"https:\\\/\\\/www.koonings.com\\\/fr\\\/?s={search_term_string}\"},\"query-input\":{\"@type\":\"PropertyValueSpecification\",\"valueRequired\":true,\"valueName\":\"search_term_string\"}}],\"inLanguage\":\"fr-FR\"},{\"@type\":\"Organization\",\"@id\":\"https:\\\/\\\/www.koonings.com\\\/fr\\\/#organization\",\"name\":\"Koonings\",\"url\":\"https:\\\/\\\/www.koonings.com\\\/fr\\\/\",\"logo\":{\"@type\":\"ImageObject\",\"inLanguage\":\"fr-FR\",\"@id\":\"https:\\\/\\\/www.koonings.com\\\/fr\\\/#\\\/schema\\\/logo\\\/image\\\/\",\"url\":\"https:\\\/\\\/www.koonings.com\\\/wp-content\\\/uploads\\\/2024\\\/07\\\/logo.png\",\"contentUrl\":\"https:\\\/\\\/www.koonings.com\\\/wp-content\\\/uploads\\\/2024\\\/07\\\/logo.png\",\"width\":600,\"height\":428,\"caption\":\"Koonings\"},\"image\":{\"@id\":\"https:\\\/\\\/www.koonings.com\\\/fr\\\/#\\\/schema\\\/logo\\\/image\\\/\"},\"sameAs\":[\"https:\\\/\\\/www.facebook.com\\\/kooningstheweddingpalace\",\"https:\\\/\\\/www.instagram.com\\\/kooningstheweddingpalace\",\"https:\\\/\\\/www.pinterest.com\\\/koonings\",\"https:\\\/\\\/www.youtube.com\\\/kooningstheweddingpalace\"]}]}<\/script>\n<!-- \/ Yoast SEO plugin. -->","yoast_head_json":{"title":"Michela Ferriero Biarritz | Koonings","description":"La cr\u00e9atrice Michela Ferriero garantit une tradition de haute couture made in Italy, bas\u00e9e sur un savoir-faire ancestral et une s\u00e9lection rigoureuse de tissus et de dentelles de la plus haute qualit\u00e9, associ\u00e9e au d\u00e9sir de toujours et constamment innover, de cr\u00e9er des v\u00eatements d'une mani\u00e8re diff\u00e9rente, en partant des souhaits des mari\u00e9es. La collection \"Enchant\u00e9\", Michela Ferriero 2024 a \u00e9t\u00e9 influenc\u00e9e par le style fran\u00e7ais des ann\u00e9es 1920, les perles, les plumes, les gants et les diamants pr\u00e9dominent, protagonistes incontest\u00e9s de robes spectaculaires, avec des coupes innovantes con\u00e7ues pour mettre en valeur chaque physique. Nos cr\u00e9ations sont caract\u00e9ris\u00e9es par un style sir\u00e8ne incomparable qui, robe apr\u00e8s robe, allie la saveur m\u00e9diterran\u00e9enne de nos origines \u00e0 une passion irr\u00e9pressible pour l'innovation. Exclusivement disponible chez Koonings The Wedding Palace.","robots":{"index":"index","follow":"follow","max-snippet":"max-snippet:-1","max-image-preview":"max-image-preview:large","max-video-preview":"max-video-preview:-1"},"canonical":"https:\/\/www.koonings.com\/fr\/product\/michela-ferriero-biarritz\/","og_locale":"fr_FR","og_type":"article","og_title":"Michela Ferriero Biarritz | Koonings","og_description":"La cr\u00e9atrice Michela Ferriero garantit une tradition de haute couture made in Italy, bas\u00e9e sur un savoir-faire ancestral et une s\u00e9lection rigoureuse de tissus et de dentelles de la plus haute qualit\u00e9, associ\u00e9e au d\u00e9sir de toujours et constamment innover, de cr\u00e9er des v\u00eatements d'une mani\u00e8re diff\u00e9rente, en partant des souhaits des mari\u00e9es. La collection \"Enchant\u00e9\", Michela Ferriero 2024 a \u00e9t\u00e9 influenc\u00e9e par le style fran\u00e7ais des ann\u00e9es 1920, les perles, les plumes, les gants et les diamants pr\u00e9dominent, protagonistes incontest\u00e9s de robes spectaculaires, avec des coupes innovantes con\u00e7ues pour mettre en valeur chaque physique. Nos cr\u00e9ations sont caract\u00e9ris\u00e9es par un style sir\u00e8ne incomparable qui, robe apr\u00e8s robe, allie la saveur m\u00e9diterran\u00e9enne de nos origines \u00e0 une passion irr\u00e9pressible pour l'innovation. Exclusivement disponible chez Koonings The Wedding Palace.","og_url":"https:\/\/www.koonings.com\/fr\/product\/michela-ferriero-biarritz\/","og_site_name":"Koonings","article_publisher":"https:\/\/www.facebook.com\/kooningstheweddingpalace","og_image":[{"width":1010,"height":1429,"url":"https:\/\/www.koonings.com\/wp-content\/uploads\/2024\/11\/38786_1cd4f7eacf02844f4cfba73ef06a3abb2a35808de56c82add03d568202b46bb60ca59698.jpeg","type":"image\/jpeg"}],"twitter_card":"summary_large_image","twitter_misc":{"Dur\u00e9e de lecture estim\u00e9e":"1 minute"},"schema":{"@context":"https:\/\/schema.org","@graph":[{"@type":"WebPage","@id":"https:\/\/www.koonings.com\/fr\/product\/michela-ferriero-biarritz\/","url":"https:\/\/www.koonings.com\/fr\/product\/michela-ferriero-biarritz\/","name":"Michela Ferriero Biarritz | Koonings","isPartOf":{"@id":"https:\/\/www.koonings.com\/fr\/#website"},"primaryImageOfPage":{"@id":"https:\/\/www.koonings.com\/fr\/product\/michela-ferriero-biarritz\/#primaryimage"},"image":{"@id":"https:\/\/www.koonings.com\/fr\/product\/michela-ferriero-biarritz\/#primaryimage"},"thumbnailUrl":"https:\/\/www.koonings.com\/wp-content\/uploads\/2024\/11\/38786_1cd4f7eacf02844f4cfba73ef06a3abb2a35808de56c82add03d568202b46bb60ca59698.jpeg","datePublished":"2026-04-14T14:12:35+00:00","description":"La cr\u00e9atrice Michela Ferriero garantit une tradition de haute couture made in Italy, bas\u00e9e sur un savoir-faire ancestral et une s\u00e9lection rigoureuse de tissus et de dentelles de la plus haute qualit\u00e9, associ\u00e9e au d\u00e9sir de toujours et constamment innover, de cr\u00e9er des v\u00eatements d'une mani\u00e8re diff\u00e9rente, en partant des souhaits des mari\u00e9es. La collection \"Enchant\u00e9\", Michela Ferriero 2024 a \u00e9t\u00e9 influenc\u00e9e par le style fran\u00e7ais des ann\u00e9es 1920, les perles, les plumes, les gants et les diamants pr\u00e9dominent, protagonistes incontest\u00e9s de robes spectaculaires, avec des coupes innovantes con\u00e7ues pour mettre en valeur chaque physique. Nos cr\u00e9ations sont caract\u00e9ris\u00e9es par un style sir\u00e8ne incomparable qui, robe apr\u00e8s robe, allie la saveur m\u00e9diterran\u00e9enne de nos origines \u00e0 une passion irr\u00e9pressible pour l'innovation. Exclusivement disponible chez Koonings The Wedding Palace.","breadcrumb":{"@id":"https:\/\/www.koonings.com\/fr\/product\/michela-ferriero-biarritz\/#breadcrumb"},"inLanguage":"fr-FR","potentialAction":[{"@type":"ReadAction","target":["https:\/\/www.koonings.com\/fr\/product\/michela-ferriero-biarritz\/"]}]},{"@type":"ImageObject","inLanguage":"fr-FR","@id":"https:\/\/www.koonings.com\/fr\/product\/michela-ferriero-biarritz\/#primaryimage","url":"https:\/\/www.koonings.com\/wp-content\/uploads\/2024\/11\/38786_1cd4f7eacf02844f4cfba73ef06a3abb2a35808de56c82add03d568202b46bb60ca59698.jpeg","contentUrl":"https:\/\/www.koonings.com\/wp-content\/uploads\/2024\/11\/38786_1cd4f7eacf02844f4cfba73ef06a3abb2a35808de56c82add03d568202b46bb60ca59698.jpeg","width":1010,"height":1429},{"@type":"BreadcrumbList","@id":"https:\/\/www.koonings.com\/fr\/product\/michela-ferriero-biarritz\/#breadcrumb","itemListElement":[{"@type":"ListItem","position":1,"name":"Home","item":"https:\/\/www.koonings.com\/fr\/"},{"@type":"ListItem","position":2,"name":"Michela Ferriero Biarritz"}]},{"@type":"WebSite","@id":"https:\/\/www.koonings.com\/fr\/#website","url":"https:\/\/www.koonings.com\/fr\/","name":"Koonings","description":"De grootste bruidsmodewinkel ter wereld","publisher":{"@id":"https:\/\/www.koonings.com\/fr\/#organization"},"potentialAction":[{"@type":"SearchAction","target":{"@type":"EntryPoint","urlTemplate":"https:\/\/www.koonings.com\/fr\/?s={search_term_string}"},"query-input":{"@type":"PropertyValueSpecification","valueRequired":true,"valueName":"search_term_string"}}],"inLanguage":"fr-FR"},{"@type":"Organization","@id":"https:\/\/www.koonings.com\/fr\/#organization","name":"Koonings","url":"https:\/\/www.koonings.com\/fr\/","logo":{"@type":"ImageObject","inLanguage":"fr-FR","@id":"https:\/\/www.koonings.com\/fr\/#\/schema\/logo\/image\/","url":"https:\/\/www.koonings.com\/wp-content\/uploads\/2024\/07\/logo.png","contentUrl":"https:\/\/www.koonings.com\/wp-content\/uploads\/2024\/07\/logo.png","width":600,"height":428,"caption":"Koonings"},"image":{"@id":"https:\/\/www.koonings.com\/fr\/#\/schema\/logo\/image\/"},"sameAs":["https:\/\/www.facebook.com\/kooningstheweddingpalace","https:\/\/www.instagram.com\/kooningstheweddingpalace","https:\/\/www.pinterest.com\/koonings","https:\/\/www.youtube.com\/kooningstheweddingpalace"]}]}},"_links":{"self":[{"href":"https:\/\/www.koonings.com\/fr\/wp-json\/wp\/v2\/product\/78054","targetHints":{"allow":["GET"]}}],"collection":[{"href":"https:\/\/www.koonings.com\/fr\/wp-json\/wp\/v2\/product"}],"about":[{"href":"https:\/\/www.koonings.com\/fr\/wp-json\/wp\/v2\/types\/product"}],"wp:featuredmedia":[{"embeddable":true,"href":"https:\/\/www.koonings.com\/fr\/wp-json\/wp\/v2\/media\/60164"}],"wp:attachment":[{"href":"https:\/\/www.koonings.com\/fr\/wp-json\/wp\/v2\/media?parent=78054"}],"wp:term":[{"taxonomy":"productdetails","embeddable":true,"href":"https:\/\/www.koonings.com\/fr\/wp-json\/wp\/v2\/productdetails?post=78054"},{"taxonomy":"productneck","embeddable":true,"href":"https:\/\/www.koonings.com\/fr\/wp-json\/wp\/v2\/productneck?post=78054"},{"taxonomy":"productcolor","embeddable":true,"href":"https:\/\/www.koonings.com\/fr\/wp-json\/wp\/v2\/productcolor?post=78054"},{"taxonomy":"maat","embeddable":true,"href":"https:\/\/www.koonings.com\/fr\/wp-json\/wp\/v2\/maat?post=78054"},{"taxonomy":"productsupplier","embeddable":true,"href":"https:\/\/www.koonings.com\/fr\/wp-json\/wp\/v2\/productsupplier?post=78054"},{"taxonomy":"productsleeve","embeddable":true,"href":"https:\/\/www.koonings.com\/fr\/wp-json\/wp\/v2\/productsleeve?post=78054"},{"taxonomy":"productcategory","embeddable":true,"href":"https:\/\/www.koonings.com\/fr\/wp-json\/wp\/v2\/productcategory?post=78054"},{"taxonomy":"productsilhouette","embeddable":true,"href":"https:\/\/www.koonings.com\/fr\/wp-json\/wp\/v2\/productsilhouette?post=78054"},{"taxonomy":"productstyle","embeddable":true,"href":"https:\/\/www.koonings.com\/fr\/wp-json\/wp\/v2\/productstyle?post=78054"}],"curies":[{"name":"wp","href":"https:\/\/api.w.org\/{rel}","templated":true}]}}