{"id":78013,"date":"2025-12-15T00:14:27","date_gmt":"2025-12-14T23:14:27","guid":{"rendered":"https:\/\/www.koonings.com\/product\/essense-of-australia-d3695zz11\/"},"modified":"2026-02-03T19:27:23","modified_gmt":"2026-02-03T18:27:23","slug":"essense-of-australia-d3695zz11","status":"publish","type":"product","link":"https:\/\/www.koonings.com\/fr\/product\/essense-of-australia-d3695zz11\/","title":{"rendered":"Essence d&#8217;Australie D3695ZZ11"},"content":{"rendered":"<p>Les \u00e9l\u00e9ments romantiques classiques capturent la beaut\u00e9 naturelle de la mari\u00e9e dans cette robe de mari\u00e9e en dentelle intemporelle. Le style D3695 pr\u00e9sente une dentelle mate d&#8217;inspiration vintage d\u00e8s le d\u00e9but avec des bretelles spaghetti en dentelle ornant l&#8217;\u00e9paule et attach\u00e9es \u00e0 un corsage transparent avec d\u00e9collet\u00e9 en V. Un doux d\u00e9tail en V au dos et une s\u00e9rie de boutons recouverts de tissu ajoutent une touche d&#8217;\u00e9l\u00e9gance au corsage ajust\u00e9 avant de se d\u00e9ployer en une tra\u00eene orn\u00e9e de dentelle pour compl\u00e9ter cette robe de mari\u00e9e ajust\u00e9e et \u00e9vas\u00e9e avec de la dentelle florale. Cette robe de mari\u00e9e est \u00e9galement disponible en grandes tailles.   <\/p>\n","protected":false},"featured_media":60468,"template":"","meta":{"_acf_changed":false,"ghostkit_customizer_options":"","ghostkit_custom_css":"","ghostkit_custom_js_head":"","ghostkit_custom_js_foot":"","ghostkit_typography":""},"productdetails":[376],"productneck":[356],"productcolor":[392],"maat":[],"productsupplier":[444],"productsleeve":[359],"productcategory":[18],"productsilhouette":[384],"productstyle":[366],"class_list":["post-78013","product","type-product","status-publish","has-post-thumbnail","hentry","productdetails-376","productneck-356","productcolor-392","productsupplier-essense-of-australia","productsleeve-359","productcategory-trouwjurken","productsilhouette-384","productstyle-366"],"acf":[],"yoast_head":"<!-- This site is optimized with the Yoast SEO plugin v27.3 - https:\/\/yoast.com\/product\/yoast-seo-wordpress\/ -->\n<title>Essence d&#039;Australie D3695ZZ11 | Koonings<\/title>\n<meta name=\"description\" content=\"Les \u00e9l\u00e9ments romantiques classiques capturent la beaut\u00e9 naturelle de la mari\u00e9e dans cette robe de mari\u00e9e en dentelle intemporelle. Le style D3695 pr\u00e9sente une dentelle mate d&#039;inspiration vintage d\u00e8s le d\u00e9but avec des bretelles spaghetti en dentelle ornant l&#039;\u00e9paule et attach\u00e9es \u00e0 un corsage transparent avec d\u00e9collet\u00e9 en V. Un doux d\u00e9tail en V au dos et une s\u00e9rie de boutons recouverts de tissu ajoutent une touche d&#039;\u00e9l\u00e9gance au corsage ajust\u00e9 avant de se d\u00e9ployer en une tra\u00eene orn\u00e9e de dentelle pour compl\u00e9ter cette robe de mari\u00e9e ajust\u00e9e et \u00e9vas\u00e9e avec de la dentelle florale. Cette robe de mari\u00e9e est \u00e9galement disponible en grandes tailles.\" \/>\n<meta name=\"robots\" content=\"index, follow, max-snippet:-1, max-image-preview:large, max-video-preview:-1\" \/>\n<link rel=\"canonical\" href=\"https:\/\/www.koonings.com\/fr\/product\/essense-of-australia-d3695zz11\/\" \/>\n<meta property=\"og:locale\" content=\"fr_FR\" \/>\n<meta property=\"og:type\" content=\"article\" \/>\n<meta property=\"og:title\" content=\"Essence d&#039;Australie D3695ZZ11 | Koonings\" \/>\n<meta property=\"og:description\" content=\"Les \u00e9l\u00e9ments romantiques classiques capturent la beaut\u00e9 naturelle de la mari\u00e9e dans cette robe de mari\u00e9e en dentelle intemporelle. Le style D3695 pr\u00e9sente une dentelle mate d&#039;inspiration vintage d\u00e8s le d\u00e9but avec des bretelles spaghetti en dentelle ornant l&#039;\u00e9paule et attach\u00e9es \u00e0 un corsage transparent avec d\u00e9collet\u00e9 en V. Un doux d\u00e9tail en V au dos et une s\u00e9rie de boutons recouverts de tissu ajoutent une touche d&#039;\u00e9l\u00e9gance au corsage ajust\u00e9 avant de se d\u00e9ployer en une tra\u00eene orn\u00e9e de dentelle pour compl\u00e9ter cette robe de mari\u00e9e ajust\u00e9e et \u00e9vas\u00e9e avec de la dentelle florale. Cette robe de mari\u00e9e est \u00e9galement disponible en grandes tailles.\" \/>\n<meta property=\"og:url\" content=\"https:\/\/www.koonings.com\/fr\/product\/essense-of-australia-d3695zz11\/\" \/>\n<meta property=\"og:site_name\" content=\"Koonings\" \/>\n<meta property=\"article:publisher\" content=\"https:\/\/www.facebook.com\/kooningstheweddingpalace\" \/>\n<meta property=\"article:modified_time\" content=\"2026-02-03T18:27:23+00:00\" \/>\n<meta property=\"og:image\" content=\"https:\/\/www.koonings.com\/wp-content\/uploads\/2024\/11\/38421_63fde941ecfbf18d4bd0a009e6f2824ae4a2f668c9cf13e6aeac969134f7daf9817335ad.jpeg\" \/>\n\t<meta property=\"og:image:width\" content=\"1474\" \/>\n\t<meta property=\"og:image:height\" content=\"2088\" \/>\n\t<meta property=\"og:image:type\" content=\"image\/jpeg\" \/>\n<meta name=\"twitter:card\" content=\"summary_large_image\" \/>\n<meta name=\"twitter:label1\" content=\"Dur\u00e9e de lecture estim\u00e9e\" \/>\n\t<meta name=\"twitter:data1\" content=\"1 minute\" \/>\n<script type=\"application\/ld+json\" class=\"yoast-schema-graph\">{\"@context\":\"https:\\\/\\\/schema.org\",\"@graph\":[{\"@type\":\"WebPage\",\"@id\":\"https:\\\/\\\/www.koonings.com\\\/fr\\\/product\\\/essense-of-australia-d3695zz11\\\/\",\"url\":\"https:\\\/\\\/www.koonings.com\\\/fr\\\/product\\\/essense-of-australia-d3695zz11\\\/\",\"name\":\"Essence d'Australie D3695ZZ11 | Koonings\",\"isPartOf\":{\"@id\":\"https:\\\/\\\/www.koonings.com\\\/fr\\\/#website\"},\"primaryImageOfPage\":{\"@id\":\"https:\\\/\\\/www.koonings.com\\\/fr\\\/product\\\/essense-of-australia-d3695zz11\\\/#primaryimage\"},\"image\":{\"@id\":\"https:\\\/\\\/www.koonings.com\\\/fr\\\/product\\\/essense-of-australia-d3695zz11\\\/#primaryimage\"},\"thumbnailUrl\":\"https:\\\/\\\/www.koonings.com\\\/wp-content\\\/uploads\\\/2024\\\/11\\\/38421_63fde941ecfbf18d4bd0a009e6f2824ae4a2f668c9cf13e6aeac969134f7daf9817335ad.jpeg\",\"datePublished\":\"2025-12-14T23:14:27+00:00\",\"dateModified\":\"2026-02-03T18:27:23+00:00\",\"description\":\"Les \u00e9l\u00e9ments romantiques classiques capturent la beaut\u00e9 naturelle de la mari\u00e9e dans cette robe de mari\u00e9e en dentelle intemporelle. Le style D3695 pr\u00e9sente une dentelle mate d'inspiration vintage d\u00e8s le d\u00e9but avec des bretelles spaghetti en dentelle ornant l'\u00e9paule et attach\u00e9es \u00e0 un corsage transparent avec d\u00e9collet\u00e9 en V. Un doux d\u00e9tail en V au dos et une s\u00e9rie de boutons recouverts de tissu ajoutent une touche d'\u00e9l\u00e9gance au corsage ajust\u00e9 avant de se d\u00e9ployer en une tra\u00eene orn\u00e9e de dentelle pour compl\u00e9ter cette robe de mari\u00e9e ajust\u00e9e et \u00e9vas\u00e9e avec de la dentelle florale. Cette robe de mari\u00e9e est \u00e9galement disponible en grandes tailles.\",\"breadcrumb\":{\"@id\":\"https:\\\/\\\/www.koonings.com\\\/fr\\\/product\\\/essense-of-australia-d3695zz11\\\/#breadcrumb\"},\"inLanguage\":\"fr-FR\",\"potentialAction\":[{\"@type\":\"ReadAction\",\"target\":[\"https:\\\/\\\/www.koonings.com\\\/fr\\\/product\\\/essense-of-australia-d3695zz11\\\/\"]}]},{\"@type\":\"ImageObject\",\"inLanguage\":\"fr-FR\",\"@id\":\"https:\\\/\\\/www.koonings.com\\\/fr\\\/product\\\/essense-of-australia-d3695zz11\\\/#primaryimage\",\"url\":\"https:\\\/\\\/www.koonings.com\\\/wp-content\\\/uploads\\\/2024\\\/11\\\/38421_63fde941ecfbf18d4bd0a009e6f2824ae4a2f668c9cf13e6aeac969134f7daf9817335ad.jpeg\",\"contentUrl\":\"https:\\\/\\\/www.koonings.com\\\/wp-content\\\/uploads\\\/2024\\\/11\\\/38421_63fde941ecfbf18d4bd0a009e6f2824ae4a2f668c9cf13e6aeac969134f7daf9817335ad.jpeg\",\"width\":1474,\"height\":2088},{\"@type\":\"BreadcrumbList\",\"@id\":\"https:\\\/\\\/www.koonings.com\\\/fr\\\/product\\\/essense-of-australia-d3695zz11\\\/#breadcrumb\",\"itemListElement\":[{\"@type\":\"ListItem\",\"position\":1,\"name\":\"Home\",\"item\":\"https:\\\/\\\/www.koonings.com\\\/fr\\\/\"},{\"@type\":\"ListItem\",\"position\":2,\"name\":\"Essence d&rsquo;Australie D3695ZZ11\"}]},{\"@type\":\"WebSite\",\"@id\":\"https:\\\/\\\/www.koonings.com\\\/fr\\\/#website\",\"url\":\"https:\\\/\\\/www.koonings.com\\\/fr\\\/\",\"name\":\"Koonings\",\"description\":\"De grootste bruidsmodewinkel ter wereld\",\"publisher\":{\"@id\":\"https:\\\/\\\/www.koonings.com\\\/fr\\\/#organization\"},\"potentialAction\":[{\"@type\":\"SearchAction\",\"target\":{\"@type\":\"EntryPoint\",\"urlTemplate\":\"https:\\\/\\\/www.koonings.com\\\/fr\\\/?s={search_term_string}\"},\"query-input\":{\"@type\":\"PropertyValueSpecification\",\"valueRequired\":true,\"valueName\":\"search_term_string\"}}],\"inLanguage\":\"fr-FR\"},{\"@type\":\"Organization\",\"@id\":\"https:\\\/\\\/www.koonings.com\\\/fr\\\/#organization\",\"name\":\"Koonings\",\"url\":\"https:\\\/\\\/www.koonings.com\\\/fr\\\/\",\"logo\":{\"@type\":\"ImageObject\",\"inLanguage\":\"fr-FR\",\"@id\":\"https:\\\/\\\/www.koonings.com\\\/fr\\\/#\\\/schema\\\/logo\\\/image\\\/\",\"url\":\"https:\\\/\\\/www.koonings.com\\\/wp-content\\\/uploads\\\/2024\\\/07\\\/logo.png\",\"contentUrl\":\"https:\\\/\\\/www.koonings.com\\\/wp-content\\\/uploads\\\/2024\\\/07\\\/logo.png\",\"width\":600,\"height\":428,\"caption\":\"Koonings\"},\"image\":{\"@id\":\"https:\\\/\\\/www.koonings.com\\\/fr\\\/#\\\/schema\\\/logo\\\/image\\\/\"},\"sameAs\":[\"https:\\\/\\\/www.facebook.com\\\/kooningstheweddingpalace\",\"https:\\\/\\\/www.instagram.com\\\/kooningstheweddingpalace\",\"https:\\\/\\\/www.pinterest.com\\\/koonings\",\"https:\\\/\\\/www.youtube.com\\\/kooningstheweddingpalace\"]}]}<\/script>\n<!-- \/ Yoast SEO plugin. -->","yoast_head_json":{"title":"Essence d'Australie D3695ZZ11 | Koonings","description":"Les \u00e9l\u00e9ments romantiques classiques capturent la beaut\u00e9 naturelle de la mari\u00e9e dans cette robe de mari\u00e9e en dentelle intemporelle. Le style D3695 pr\u00e9sente une dentelle mate d'inspiration vintage d\u00e8s le d\u00e9but avec des bretelles spaghetti en dentelle ornant l'\u00e9paule et attach\u00e9es \u00e0 un corsage transparent avec d\u00e9collet\u00e9 en V. Un doux d\u00e9tail en V au dos et une s\u00e9rie de boutons recouverts de tissu ajoutent une touche d'\u00e9l\u00e9gance au corsage ajust\u00e9 avant de se d\u00e9ployer en une tra\u00eene orn\u00e9e de dentelle pour compl\u00e9ter cette robe de mari\u00e9e ajust\u00e9e et \u00e9vas\u00e9e avec de la dentelle florale. Cette robe de mari\u00e9e est \u00e9galement disponible en grandes tailles.","robots":{"index":"index","follow":"follow","max-snippet":"max-snippet:-1","max-image-preview":"max-image-preview:large","max-video-preview":"max-video-preview:-1"},"canonical":"https:\/\/www.koonings.com\/fr\/product\/essense-of-australia-d3695zz11\/","og_locale":"fr_FR","og_type":"article","og_title":"Essence d'Australie D3695ZZ11 | Koonings","og_description":"Les \u00e9l\u00e9ments romantiques classiques capturent la beaut\u00e9 naturelle de la mari\u00e9e dans cette robe de mari\u00e9e en dentelle intemporelle. Le style D3695 pr\u00e9sente une dentelle mate d'inspiration vintage d\u00e8s le d\u00e9but avec des bretelles spaghetti en dentelle ornant l'\u00e9paule et attach\u00e9es \u00e0 un corsage transparent avec d\u00e9collet\u00e9 en V. Un doux d\u00e9tail en V au dos et une s\u00e9rie de boutons recouverts de tissu ajoutent une touche d'\u00e9l\u00e9gance au corsage ajust\u00e9 avant de se d\u00e9ployer en une tra\u00eene orn\u00e9e de dentelle pour compl\u00e9ter cette robe de mari\u00e9e ajust\u00e9e et \u00e9vas\u00e9e avec de la dentelle florale. Cette robe de mari\u00e9e est \u00e9galement disponible en grandes tailles.","og_url":"https:\/\/www.koonings.com\/fr\/product\/essense-of-australia-d3695zz11\/","og_site_name":"Koonings","article_publisher":"https:\/\/www.facebook.com\/kooningstheweddingpalace","article_modified_time":"2026-02-03T18:27:23+00:00","og_image":[{"width":1474,"height":2088,"url":"https:\/\/www.koonings.com\/wp-content\/uploads\/2024\/11\/38421_63fde941ecfbf18d4bd0a009e6f2824ae4a2f668c9cf13e6aeac969134f7daf9817335ad.jpeg","type":"image\/jpeg"}],"twitter_card":"summary_large_image","twitter_misc":{"Dur\u00e9e de lecture estim\u00e9e":"1 minute"},"schema":{"@context":"https:\/\/schema.org","@graph":[{"@type":"WebPage","@id":"https:\/\/www.koonings.com\/fr\/product\/essense-of-australia-d3695zz11\/","url":"https:\/\/www.koonings.com\/fr\/product\/essense-of-australia-d3695zz11\/","name":"Essence d'Australie D3695ZZ11 | Koonings","isPartOf":{"@id":"https:\/\/www.koonings.com\/fr\/#website"},"primaryImageOfPage":{"@id":"https:\/\/www.koonings.com\/fr\/product\/essense-of-australia-d3695zz11\/#primaryimage"},"image":{"@id":"https:\/\/www.koonings.com\/fr\/product\/essense-of-australia-d3695zz11\/#primaryimage"},"thumbnailUrl":"https:\/\/www.koonings.com\/wp-content\/uploads\/2024\/11\/38421_63fde941ecfbf18d4bd0a009e6f2824ae4a2f668c9cf13e6aeac969134f7daf9817335ad.jpeg","datePublished":"2025-12-14T23:14:27+00:00","dateModified":"2026-02-03T18:27:23+00:00","description":"Les \u00e9l\u00e9ments romantiques classiques capturent la beaut\u00e9 naturelle de la mari\u00e9e dans cette robe de mari\u00e9e en dentelle intemporelle. Le style D3695 pr\u00e9sente une dentelle mate d'inspiration vintage d\u00e8s le d\u00e9but avec des bretelles spaghetti en dentelle ornant l'\u00e9paule et attach\u00e9es \u00e0 un corsage transparent avec d\u00e9collet\u00e9 en V. Un doux d\u00e9tail en V au dos et une s\u00e9rie de boutons recouverts de tissu ajoutent une touche d'\u00e9l\u00e9gance au corsage ajust\u00e9 avant de se d\u00e9ployer en une tra\u00eene orn\u00e9e de dentelle pour compl\u00e9ter cette robe de mari\u00e9e ajust\u00e9e et \u00e9vas\u00e9e avec de la dentelle florale. Cette robe de mari\u00e9e est \u00e9galement disponible en grandes tailles.","breadcrumb":{"@id":"https:\/\/www.koonings.com\/fr\/product\/essense-of-australia-d3695zz11\/#breadcrumb"},"inLanguage":"fr-FR","potentialAction":[{"@type":"ReadAction","target":["https:\/\/www.koonings.com\/fr\/product\/essense-of-australia-d3695zz11\/"]}]},{"@type":"ImageObject","inLanguage":"fr-FR","@id":"https:\/\/www.koonings.com\/fr\/product\/essense-of-australia-d3695zz11\/#primaryimage","url":"https:\/\/www.koonings.com\/wp-content\/uploads\/2024\/11\/38421_63fde941ecfbf18d4bd0a009e6f2824ae4a2f668c9cf13e6aeac969134f7daf9817335ad.jpeg","contentUrl":"https:\/\/www.koonings.com\/wp-content\/uploads\/2024\/11\/38421_63fde941ecfbf18d4bd0a009e6f2824ae4a2f668c9cf13e6aeac969134f7daf9817335ad.jpeg","width":1474,"height":2088},{"@type":"BreadcrumbList","@id":"https:\/\/www.koonings.com\/fr\/product\/essense-of-australia-d3695zz11\/#breadcrumb","itemListElement":[{"@type":"ListItem","position":1,"name":"Home","item":"https:\/\/www.koonings.com\/fr\/"},{"@type":"ListItem","position":2,"name":"Essence d&rsquo;Australie D3695ZZ11"}]},{"@type":"WebSite","@id":"https:\/\/www.koonings.com\/fr\/#website","url":"https:\/\/www.koonings.com\/fr\/","name":"Koonings","description":"De grootste bruidsmodewinkel ter wereld","publisher":{"@id":"https:\/\/www.koonings.com\/fr\/#organization"},"potentialAction":[{"@type":"SearchAction","target":{"@type":"EntryPoint","urlTemplate":"https:\/\/www.koonings.com\/fr\/?s={search_term_string}"},"query-input":{"@type":"PropertyValueSpecification","valueRequired":true,"valueName":"search_term_string"}}],"inLanguage":"fr-FR"},{"@type":"Organization","@id":"https:\/\/www.koonings.com\/fr\/#organization","name":"Koonings","url":"https:\/\/www.koonings.com\/fr\/","logo":{"@type":"ImageObject","inLanguage":"fr-FR","@id":"https:\/\/www.koonings.com\/fr\/#\/schema\/logo\/image\/","url":"https:\/\/www.koonings.com\/wp-content\/uploads\/2024\/07\/logo.png","contentUrl":"https:\/\/www.koonings.com\/wp-content\/uploads\/2024\/07\/logo.png","width":600,"height":428,"caption":"Koonings"},"image":{"@id":"https:\/\/www.koonings.com\/fr\/#\/schema\/logo\/image\/"},"sameAs":["https:\/\/www.facebook.com\/kooningstheweddingpalace","https:\/\/www.instagram.com\/kooningstheweddingpalace","https:\/\/www.pinterest.com\/koonings","https:\/\/www.youtube.com\/kooningstheweddingpalace"]}]}},"_links":{"self":[{"href":"https:\/\/www.koonings.com\/fr\/wp-json\/wp\/v2\/product\/78013","targetHints":{"allow":["GET"]}}],"collection":[{"href":"https:\/\/www.koonings.com\/fr\/wp-json\/wp\/v2\/product"}],"about":[{"href":"https:\/\/www.koonings.com\/fr\/wp-json\/wp\/v2\/types\/product"}],"wp:featuredmedia":[{"embeddable":true,"href":"https:\/\/www.koonings.com\/fr\/wp-json\/wp\/v2\/media\/60468"}],"wp:attachment":[{"href":"https:\/\/www.koonings.com\/fr\/wp-json\/wp\/v2\/media?parent=78013"}],"wp:term":[{"taxonomy":"productdetails","embeddable":true,"href":"https:\/\/www.koonings.com\/fr\/wp-json\/wp\/v2\/productdetails?post=78013"},{"taxonomy":"productneck","embeddable":true,"href":"https:\/\/www.koonings.com\/fr\/wp-json\/wp\/v2\/productneck?post=78013"},{"taxonomy":"productcolor","embeddable":true,"href":"https:\/\/www.koonings.com\/fr\/wp-json\/wp\/v2\/productcolor?post=78013"},{"taxonomy":"maat","embeddable":true,"href":"https:\/\/www.koonings.com\/fr\/wp-json\/wp\/v2\/maat?post=78013"},{"taxonomy":"productsupplier","embeddable":true,"href":"https:\/\/www.koonings.com\/fr\/wp-json\/wp\/v2\/productsupplier?post=78013"},{"taxonomy":"productsleeve","embeddable":true,"href":"https:\/\/www.koonings.com\/fr\/wp-json\/wp\/v2\/productsleeve?post=78013"},{"taxonomy":"productcategory","embeddable":true,"href":"https:\/\/www.koonings.com\/fr\/wp-json\/wp\/v2\/productcategory?post=78013"},{"taxonomy":"productsilhouette","embeddable":true,"href":"https:\/\/www.koonings.com\/fr\/wp-json\/wp\/v2\/productsilhouette?post=78013"},{"taxonomy":"productstyle","embeddable":true,"href":"https:\/\/www.koonings.com\/fr\/wp-json\/wp\/v2\/productstyle?post=78013"}],"curies":[{"name":"wp","href":"https:\/\/api.w.org\/{rel}","templated":true}]}}