{"id":77995,"date":"2026-04-28T18:18:16","date_gmt":"2026-04-28T16:18:16","guid":{"rendered":"https:\/\/www.koonings.com\/product\/essense-of-australia-d4012zz11-2\/"},"modified":"2026-02-16T14:44:30","modified_gmt":"2026-02-16T13:44:30","slug":"essense-of-australia-d4012zz11-2","status":"publish","type":"product","link":"https:\/\/www.koonings.com\/fr\/product\/essense-of-australia-d4012zz11-2\/","title":{"rendered":"Essence d&#8217;Australie D4012ZZ11"},"content":{"rendered":"<p>Sophistiqu\u00e9e et \u00e9l\u00e9gante, la robe D4012 est une robe de bal en tulle et organza, con\u00e7ue pour les princesses modernes. Des bretelles serr\u00e9es rejoignent le profond d\u00e9collet\u00e9 en V du corsage ajust\u00e9, avec de modestes d\u00e9coupes sur les c\u00f4t\u00e9s et un dos en V bas qui refl\u00e8te le d\u00e9collet\u00e9 flatteur. Au niveau de la taille, une jupe de r\u00eave en tulle textur\u00e9, superpos\u00e9 et sans poids, danse avec chaque mouvement, cr\u00e9ant une robe de mari\u00e9e inoubliable pour ce jour sp\u00e9cial. Cette magnifique robe de mari\u00e9e est \u00e9galement disponible en grandes tailles.   <\/p>\n","protected":false},"featured_media":60689,"template":"","meta":{"_acf_changed":false,"ghostkit_customizer_options":"","ghostkit_custom_css":"","ghostkit_custom_js_head":"","ghostkit_custom_js_foot":"","ghostkit_typography":""},"productdetails":[381],"productneck":[356],"productcolor":[393,392],"maat":[],"productsupplier":[444],"productsleeve":[359],"productcategory":[18],"productsilhouette":[384,388],"productstyle":[372],"class_list":["post-77995","product","type-product","status-publish","has-post-thumbnail","hentry","productdetails-381","productneck-356","productcolor-393","productcolor-392","productsupplier-essense-of-australia","productsleeve-359","productcategory-trouwjurken","productsilhouette-384","productsilhouette-388","productstyle-372"],"acf":[],"yoast_head":"<!-- This site is optimized with the Yoast SEO plugin v27.3 - https:\/\/yoast.com\/product\/yoast-seo-wordpress\/ -->\n<title>Essence d&#039;Australie D4012ZZ11 | Koonings<\/title>\n<meta name=\"description\" content=\"Sophistiqu\u00e9e et \u00e9l\u00e9gante, la robe D4012 est une robe de bal en tulle et organza, con\u00e7ue pour les princesses modernes. Des bretelles serr\u00e9es rejoignent le profond d\u00e9collet\u00e9 en V du corsage ajust\u00e9, avec de modestes d\u00e9coupes sur les c\u00f4t\u00e9s et un dos en V bas qui refl\u00e8te le d\u00e9collet\u00e9 flatteur. Au niveau de la taille, une jupe de r\u00eave en tulle textur\u00e9, superpos\u00e9 et sans poids, danse avec chaque mouvement, cr\u00e9ant une robe de mari\u00e9e inoubliable pour ce jour sp\u00e9cial. Cette magnifique robe de mari\u00e9e est \u00e9galement disponible en grandes tailles.\" \/>\n<meta name=\"robots\" content=\"index, follow, max-snippet:-1, max-image-preview:large, max-video-preview:-1\" \/>\n<link rel=\"canonical\" href=\"https:\/\/www.koonings.com\/fr\/product\/essense-of-australia-d4012zz11-2\/\" \/>\n<meta property=\"og:locale\" content=\"fr_FR\" \/>\n<meta property=\"og:type\" content=\"article\" \/>\n<meta property=\"og:title\" content=\"Essence d&#039;Australie D4012ZZ11 | Koonings\" \/>\n<meta property=\"og:description\" content=\"Sophistiqu\u00e9e et \u00e9l\u00e9gante, la robe D4012 est une robe de bal en tulle et organza, con\u00e7ue pour les princesses modernes. Des bretelles serr\u00e9es rejoignent le profond d\u00e9collet\u00e9 en V du corsage ajust\u00e9, avec de modestes d\u00e9coupes sur les c\u00f4t\u00e9s et un dos en V bas qui refl\u00e8te le d\u00e9collet\u00e9 flatteur. Au niveau de la taille, une jupe de r\u00eave en tulle textur\u00e9, superpos\u00e9 et sans poids, danse avec chaque mouvement, cr\u00e9ant une robe de mari\u00e9e inoubliable pour ce jour sp\u00e9cial. Cette magnifique robe de mari\u00e9e est \u00e9galement disponible en grandes tailles.\" \/>\n<meta property=\"og:url\" content=\"https:\/\/www.koonings.com\/fr\/product\/essense-of-australia-d4012zz11-2\/\" \/>\n<meta property=\"og:site_name\" content=\"Koonings\" \/>\n<meta property=\"article:publisher\" content=\"https:\/\/www.facebook.com\/kooningstheweddingpalace\" \/>\n<meta property=\"og:image\" content=\"https:\/\/www.koonings.com\/wp-content\/uploads\/2024\/11\/40420_71a7ca0bb00d5084127d1a3925dc22f29631c2bffb315663d7c6676f9aabae7d5cb2f728.jpeg\" \/>\n\t<meta property=\"og:image:width\" content=\"1571\" \/>\n\t<meta property=\"og:image:height\" content=\"2226\" \/>\n\t<meta property=\"og:image:type\" content=\"image\/jpeg\" \/>\n<meta name=\"twitter:card\" content=\"summary_large_image\" \/>\n<meta name=\"twitter:label1\" content=\"Dur\u00e9e de lecture estim\u00e9e\" \/>\n\t<meta name=\"twitter:data1\" content=\"1 minute\" \/>\n<script type=\"application\/ld+json\" class=\"yoast-schema-graph\">{\"@context\":\"https:\\\/\\\/schema.org\",\"@graph\":[{\"@type\":\"WebPage\",\"@id\":\"https:\\\/\\\/www.koonings.com\\\/fr\\\/product\\\/essense-of-australia-d4012zz11-2\\\/\",\"url\":\"https:\\\/\\\/www.koonings.com\\\/fr\\\/product\\\/essense-of-australia-d4012zz11-2\\\/\",\"name\":\"Essence d'Australie D4012ZZ11 | Koonings\",\"isPartOf\":{\"@id\":\"https:\\\/\\\/www.koonings.com\\\/fr\\\/#website\"},\"primaryImageOfPage\":{\"@id\":\"https:\\\/\\\/www.koonings.com\\\/fr\\\/product\\\/essense-of-australia-d4012zz11-2\\\/#primaryimage\"},\"image\":{\"@id\":\"https:\\\/\\\/www.koonings.com\\\/fr\\\/product\\\/essense-of-australia-d4012zz11-2\\\/#primaryimage\"},\"thumbnailUrl\":\"https:\\\/\\\/www.koonings.com\\\/wp-content\\\/uploads\\\/2024\\\/11\\\/40420_71a7ca0bb00d5084127d1a3925dc22f29631c2bffb315663d7c6676f9aabae7d5cb2f728.jpeg\",\"datePublished\":\"2026-04-28T16:18:16+00:00\",\"description\":\"Sophistiqu\u00e9e et \u00e9l\u00e9gante, la robe D4012 est une robe de bal en tulle et organza, con\u00e7ue pour les princesses modernes. Des bretelles serr\u00e9es rejoignent le profond d\u00e9collet\u00e9 en V du corsage ajust\u00e9, avec de modestes d\u00e9coupes sur les c\u00f4t\u00e9s et un dos en V bas qui refl\u00e8te le d\u00e9collet\u00e9 flatteur. Au niveau de la taille, une jupe de r\u00eave en tulle textur\u00e9, superpos\u00e9 et sans poids, danse avec chaque mouvement, cr\u00e9ant une robe de mari\u00e9e inoubliable pour ce jour sp\u00e9cial. Cette magnifique robe de mari\u00e9e est \u00e9galement disponible en grandes tailles.\",\"breadcrumb\":{\"@id\":\"https:\\\/\\\/www.koonings.com\\\/fr\\\/product\\\/essense-of-australia-d4012zz11-2\\\/#breadcrumb\"},\"inLanguage\":\"fr-FR\",\"potentialAction\":[{\"@type\":\"ReadAction\",\"target\":[\"https:\\\/\\\/www.koonings.com\\\/fr\\\/product\\\/essense-of-australia-d4012zz11-2\\\/\"]}]},{\"@type\":\"ImageObject\",\"inLanguage\":\"fr-FR\",\"@id\":\"https:\\\/\\\/www.koonings.com\\\/fr\\\/product\\\/essense-of-australia-d4012zz11-2\\\/#primaryimage\",\"url\":\"https:\\\/\\\/www.koonings.com\\\/wp-content\\\/uploads\\\/2024\\\/11\\\/40420_71a7ca0bb00d5084127d1a3925dc22f29631c2bffb315663d7c6676f9aabae7d5cb2f728.jpeg\",\"contentUrl\":\"https:\\\/\\\/www.koonings.com\\\/wp-content\\\/uploads\\\/2024\\\/11\\\/40420_71a7ca0bb00d5084127d1a3925dc22f29631c2bffb315663d7c6676f9aabae7d5cb2f728.jpeg\",\"width\":1571,\"height\":2226},{\"@type\":\"BreadcrumbList\",\"@id\":\"https:\\\/\\\/www.koonings.com\\\/fr\\\/product\\\/essense-of-australia-d4012zz11-2\\\/#breadcrumb\",\"itemListElement\":[{\"@type\":\"ListItem\",\"position\":1,\"name\":\"Home\",\"item\":\"https:\\\/\\\/www.koonings.com\\\/fr\\\/\"},{\"@type\":\"ListItem\",\"position\":2,\"name\":\"Essence d&rsquo;Australie D4012ZZ11\"}]},{\"@type\":\"WebSite\",\"@id\":\"https:\\\/\\\/www.koonings.com\\\/fr\\\/#website\",\"url\":\"https:\\\/\\\/www.koonings.com\\\/fr\\\/\",\"name\":\"Koonings\",\"description\":\"De grootste bruidsmodewinkel ter wereld\",\"publisher\":{\"@id\":\"https:\\\/\\\/www.koonings.com\\\/fr\\\/#organization\"},\"potentialAction\":[{\"@type\":\"SearchAction\",\"target\":{\"@type\":\"EntryPoint\",\"urlTemplate\":\"https:\\\/\\\/www.koonings.com\\\/fr\\\/?s={search_term_string}\"},\"query-input\":{\"@type\":\"PropertyValueSpecification\",\"valueRequired\":true,\"valueName\":\"search_term_string\"}}],\"inLanguage\":\"fr-FR\"},{\"@type\":\"Organization\",\"@id\":\"https:\\\/\\\/www.koonings.com\\\/fr\\\/#organization\",\"name\":\"Koonings\",\"url\":\"https:\\\/\\\/www.koonings.com\\\/fr\\\/\",\"logo\":{\"@type\":\"ImageObject\",\"inLanguage\":\"fr-FR\",\"@id\":\"https:\\\/\\\/www.koonings.com\\\/fr\\\/#\\\/schema\\\/logo\\\/image\\\/\",\"url\":\"https:\\\/\\\/www.koonings.com\\\/wp-content\\\/uploads\\\/2024\\\/07\\\/logo.png\",\"contentUrl\":\"https:\\\/\\\/www.koonings.com\\\/wp-content\\\/uploads\\\/2024\\\/07\\\/logo.png\",\"width\":600,\"height\":428,\"caption\":\"Koonings\"},\"image\":{\"@id\":\"https:\\\/\\\/www.koonings.com\\\/fr\\\/#\\\/schema\\\/logo\\\/image\\\/\"},\"sameAs\":[\"https:\\\/\\\/www.facebook.com\\\/kooningstheweddingpalace\",\"https:\\\/\\\/www.instagram.com\\\/kooningstheweddingpalace\",\"https:\\\/\\\/www.pinterest.com\\\/koonings\",\"https:\\\/\\\/www.youtube.com\\\/kooningstheweddingpalace\"]}]}<\/script>\n<!-- \/ Yoast SEO plugin. -->","yoast_head_json":{"title":"Essence d'Australie D4012ZZ11 | Koonings","description":"Sophistiqu\u00e9e et \u00e9l\u00e9gante, la robe D4012 est une robe de bal en tulle et organza, con\u00e7ue pour les princesses modernes. Des bretelles serr\u00e9es rejoignent le profond d\u00e9collet\u00e9 en V du corsage ajust\u00e9, avec de modestes d\u00e9coupes sur les c\u00f4t\u00e9s et un dos en V bas qui refl\u00e8te le d\u00e9collet\u00e9 flatteur. Au niveau de la taille, une jupe de r\u00eave en tulle textur\u00e9, superpos\u00e9 et sans poids, danse avec chaque mouvement, cr\u00e9ant une robe de mari\u00e9e inoubliable pour ce jour sp\u00e9cial. Cette magnifique robe de mari\u00e9e est \u00e9galement disponible en grandes tailles.","robots":{"index":"index","follow":"follow","max-snippet":"max-snippet:-1","max-image-preview":"max-image-preview:large","max-video-preview":"max-video-preview:-1"},"canonical":"https:\/\/www.koonings.com\/fr\/product\/essense-of-australia-d4012zz11-2\/","og_locale":"fr_FR","og_type":"article","og_title":"Essence d'Australie D4012ZZ11 | Koonings","og_description":"Sophistiqu\u00e9e et \u00e9l\u00e9gante, la robe D4012 est une robe de bal en tulle et organza, con\u00e7ue pour les princesses modernes. Des bretelles serr\u00e9es rejoignent le profond d\u00e9collet\u00e9 en V du corsage ajust\u00e9, avec de modestes d\u00e9coupes sur les c\u00f4t\u00e9s et un dos en V bas qui refl\u00e8te le d\u00e9collet\u00e9 flatteur. Au niveau de la taille, une jupe de r\u00eave en tulle textur\u00e9, superpos\u00e9 et sans poids, danse avec chaque mouvement, cr\u00e9ant une robe de mari\u00e9e inoubliable pour ce jour sp\u00e9cial. Cette magnifique robe de mari\u00e9e est \u00e9galement disponible en grandes tailles.","og_url":"https:\/\/www.koonings.com\/fr\/product\/essense-of-australia-d4012zz11-2\/","og_site_name":"Koonings","article_publisher":"https:\/\/www.facebook.com\/kooningstheweddingpalace","og_image":[{"width":1571,"height":2226,"url":"https:\/\/www.koonings.com\/wp-content\/uploads\/2024\/11\/40420_71a7ca0bb00d5084127d1a3925dc22f29631c2bffb315663d7c6676f9aabae7d5cb2f728.jpeg","type":"image\/jpeg"}],"twitter_card":"summary_large_image","twitter_misc":{"Dur\u00e9e de lecture estim\u00e9e":"1 minute"},"schema":{"@context":"https:\/\/schema.org","@graph":[{"@type":"WebPage","@id":"https:\/\/www.koonings.com\/fr\/product\/essense-of-australia-d4012zz11-2\/","url":"https:\/\/www.koonings.com\/fr\/product\/essense-of-australia-d4012zz11-2\/","name":"Essence d'Australie D4012ZZ11 | Koonings","isPartOf":{"@id":"https:\/\/www.koonings.com\/fr\/#website"},"primaryImageOfPage":{"@id":"https:\/\/www.koonings.com\/fr\/product\/essense-of-australia-d4012zz11-2\/#primaryimage"},"image":{"@id":"https:\/\/www.koonings.com\/fr\/product\/essense-of-australia-d4012zz11-2\/#primaryimage"},"thumbnailUrl":"https:\/\/www.koonings.com\/wp-content\/uploads\/2024\/11\/40420_71a7ca0bb00d5084127d1a3925dc22f29631c2bffb315663d7c6676f9aabae7d5cb2f728.jpeg","datePublished":"2026-04-28T16:18:16+00:00","description":"Sophistiqu\u00e9e et \u00e9l\u00e9gante, la robe D4012 est une robe de bal en tulle et organza, con\u00e7ue pour les princesses modernes. Des bretelles serr\u00e9es rejoignent le profond d\u00e9collet\u00e9 en V du corsage ajust\u00e9, avec de modestes d\u00e9coupes sur les c\u00f4t\u00e9s et un dos en V bas qui refl\u00e8te le d\u00e9collet\u00e9 flatteur. Au niveau de la taille, une jupe de r\u00eave en tulle textur\u00e9, superpos\u00e9 et sans poids, danse avec chaque mouvement, cr\u00e9ant une robe de mari\u00e9e inoubliable pour ce jour sp\u00e9cial. Cette magnifique robe de mari\u00e9e est \u00e9galement disponible en grandes tailles.","breadcrumb":{"@id":"https:\/\/www.koonings.com\/fr\/product\/essense-of-australia-d4012zz11-2\/#breadcrumb"},"inLanguage":"fr-FR","potentialAction":[{"@type":"ReadAction","target":["https:\/\/www.koonings.com\/fr\/product\/essense-of-australia-d4012zz11-2\/"]}]},{"@type":"ImageObject","inLanguage":"fr-FR","@id":"https:\/\/www.koonings.com\/fr\/product\/essense-of-australia-d4012zz11-2\/#primaryimage","url":"https:\/\/www.koonings.com\/wp-content\/uploads\/2024\/11\/40420_71a7ca0bb00d5084127d1a3925dc22f29631c2bffb315663d7c6676f9aabae7d5cb2f728.jpeg","contentUrl":"https:\/\/www.koonings.com\/wp-content\/uploads\/2024\/11\/40420_71a7ca0bb00d5084127d1a3925dc22f29631c2bffb315663d7c6676f9aabae7d5cb2f728.jpeg","width":1571,"height":2226},{"@type":"BreadcrumbList","@id":"https:\/\/www.koonings.com\/fr\/product\/essense-of-australia-d4012zz11-2\/#breadcrumb","itemListElement":[{"@type":"ListItem","position":1,"name":"Home","item":"https:\/\/www.koonings.com\/fr\/"},{"@type":"ListItem","position":2,"name":"Essence d&rsquo;Australie D4012ZZ11"}]},{"@type":"WebSite","@id":"https:\/\/www.koonings.com\/fr\/#website","url":"https:\/\/www.koonings.com\/fr\/","name":"Koonings","description":"De grootste bruidsmodewinkel ter wereld","publisher":{"@id":"https:\/\/www.koonings.com\/fr\/#organization"},"potentialAction":[{"@type":"SearchAction","target":{"@type":"EntryPoint","urlTemplate":"https:\/\/www.koonings.com\/fr\/?s={search_term_string}"},"query-input":{"@type":"PropertyValueSpecification","valueRequired":true,"valueName":"search_term_string"}}],"inLanguage":"fr-FR"},{"@type":"Organization","@id":"https:\/\/www.koonings.com\/fr\/#organization","name":"Koonings","url":"https:\/\/www.koonings.com\/fr\/","logo":{"@type":"ImageObject","inLanguage":"fr-FR","@id":"https:\/\/www.koonings.com\/fr\/#\/schema\/logo\/image\/","url":"https:\/\/www.koonings.com\/wp-content\/uploads\/2024\/07\/logo.png","contentUrl":"https:\/\/www.koonings.com\/wp-content\/uploads\/2024\/07\/logo.png","width":600,"height":428,"caption":"Koonings"},"image":{"@id":"https:\/\/www.koonings.com\/fr\/#\/schema\/logo\/image\/"},"sameAs":["https:\/\/www.facebook.com\/kooningstheweddingpalace","https:\/\/www.instagram.com\/kooningstheweddingpalace","https:\/\/www.pinterest.com\/koonings","https:\/\/www.youtube.com\/kooningstheweddingpalace"]}]}},"_links":{"self":[{"href":"https:\/\/www.koonings.com\/fr\/wp-json\/wp\/v2\/product\/77995","targetHints":{"allow":["GET"]}}],"collection":[{"href":"https:\/\/www.koonings.com\/fr\/wp-json\/wp\/v2\/product"}],"about":[{"href":"https:\/\/www.koonings.com\/fr\/wp-json\/wp\/v2\/types\/product"}],"wp:featuredmedia":[{"embeddable":true,"href":"https:\/\/www.koonings.com\/fr\/wp-json\/wp\/v2\/media\/60689"}],"wp:attachment":[{"href":"https:\/\/www.koonings.com\/fr\/wp-json\/wp\/v2\/media?parent=77995"}],"wp:term":[{"taxonomy":"productdetails","embeddable":true,"href":"https:\/\/www.koonings.com\/fr\/wp-json\/wp\/v2\/productdetails?post=77995"},{"taxonomy":"productneck","embeddable":true,"href":"https:\/\/www.koonings.com\/fr\/wp-json\/wp\/v2\/productneck?post=77995"},{"taxonomy":"productcolor","embeddable":true,"href":"https:\/\/www.koonings.com\/fr\/wp-json\/wp\/v2\/productcolor?post=77995"},{"taxonomy":"maat","embeddable":true,"href":"https:\/\/www.koonings.com\/fr\/wp-json\/wp\/v2\/maat?post=77995"},{"taxonomy":"productsupplier","embeddable":true,"href":"https:\/\/www.koonings.com\/fr\/wp-json\/wp\/v2\/productsupplier?post=77995"},{"taxonomy":"productsleeve","embeddable":true,"href":"https:\/\/www.koonings.com\/fr\/wp-json\/wp\/v2\/productsleeve?post=77995"},{"taxonomy":"productcategory","embeddable":true,"href":"https:\/\/www.koonings.com\/fr\/wp-json\/wp\/v2\/productcategory?post=77995"},{"taxonomy":"productsilhouette","embeddable":true,"href":"https:\/\/www.koonings.com\/fr\/wp-json\/wp\/v2\/productsilhouette?post=77995"},{"taxonomy":"productstyle","embeddable":true,"href":"https:\/\/www.koonings.com\/fr\/wp-json\/wp\/v2\/productstyle?post=77995"}],"curies":[{"name":"wp","href":"https:\/\/api.w.org\/{rel}","templated":true}]}}