{"id":77987,"date":"2026-04-21T18:20:38","date_gmt":"2026-04-21T16:20:38","guid":{"rendered":"https:\/\/www.koonings.com\/product\/essense-of-australia-d4030iv11\/"},"modified":"2026-02-16T14:44:29","modified_gmt":"2026-02-16T13:44:29","slug":"essense-of-australia-d4030iv11","status":"publish","type":"product","link":"https:\/\/www.koonings.com\/fr\/product\/essense-of-australia-d4030iv11\/","title":{"rendered":"Essence d&#8217;Australie D4030IV11"},"content":{"rendered":"<p>Plongez dans le romantisme de conte de f\u00e9es du style D4030, une robe de mari\u00e9e romantique de ligne A compos\u00e9e d&#8217;\u00e9l\u00e9gante dentelle, de tulle, d&#8217;organza royal et d&#8217;appliques de dentelle florale en 3D. \u00c0 partir des bretelles embellies, une encolure carr\u00e9e classique introduit un corsage transparent avec des fermetures \u00e0 boutons perl\u00e9s dans le dos. \u00c0 partir de la taille, la silhouette intemporelle en ligne A suit d\u00e9licatement la silhouette, avec une ouverture \u00e0 la cuisse pour un fendu de jambe s\u00e9duisant, tandis que de d\u00e9licates applications de dentelle s&#8217;\u00e9talent sur d&#8217;\u00e9l\u00e9gantes couches de tulle. Avec son m\u00e9lange d&#8217;\u00e9l\u00e9gance classique et de touche contemporaine, cette robe de mari\u00e9e \u00e0 encolure carr\u00e9e promet une entr\u00e9e aussi s\u00e9duisante qu&#8217;\u00e9th\u00e9r\u00e9e \u00e0 la mari\u00e9e qui r\u00eave d&#8217;ajouter une touche de romantisme \u00e0 son jour sp\u00e9cial. Cette robe de mari\u00e9e est \u00e9galement disponible en grandes tailles.    <\/p>\n","protected":false},"featured_media":60790,"template":"","meta":{"_acf_changed":false,"ghostkit_customizer_options":"","ghostkit_custom_css":"","ghostkit_custom_js_head":"","ghostkit_custom_js_foot":"","ghostkit_typography":""},"productdetails":[379,376],"productneck":[352],"productcolor":[392],"maat":[],"productsupplier":[444],"productsleeve":[359],"productcategory":[18],"productsilhouette":[384],"productstyle":[366],"class_list":["post-77987","product","type-product","status-publish","has-post-thumbnail","hentry","productdetails-379","productdetails-376","productneck-352","productcolor-392","productsupplier-essense-of-australia","productsleeve-359","productcategory-trouwjurken","productsilhouette-384","productstyle-366"],"acf":[],"yoast_head":"<!-- This site is optimized with the Yoast SEO plugin v27.3 - https:\/\/yoast.com\/product\/yoast-seo-wordpress\/ -->\n<title>Essence d&#039;Australie D4030IV11 | Koonings<\/title>\n<meta name=\"description\" content=\"Plongez dans le romantisme de conte de f\u00e9es du style D4030, une robe de mari\u00e9e romantique de ligne A compos\u00e9e d&#039;\u00e9l\u00e9gante dentelle, de tulle, d&#039;organza royal et d&#039;appliques de dentelle florale en 3D. \u00c0 partir des bretelles embellies, une encolure carr\u00e9e classique introduit un corsage transparent avec des fermetures \u00e0 boutons perl\u00e9s dans le dos. \u00c0 partir de la taille, la silhouette intemporelle en ligne A suit d\u00e9licatement la silhouette, avec une ouverture \u00e0 la cuisse pour un fendu de jambe s\u00e9duisant, tandis que de d\u00e9licates applications de dentelle s&#039;\u00e9talent sur d&#039;\u00e9l\u00e9gantes couches de tulle. Avec son m\u00e9lange d&#039;\u00e9l\u00e9gance classique et de touche contemporaine, cette robe de mari\u00e9e \u00e0 encolure carr\u00e9e promet une entr\u00e9e aussi s\u00e9duisante qu&#039;\u00e9th\u00e9r\u00e9e \u00e0 la mari\u00e9e qui r\u00eave d&#039;ajouter une touche de romantisme \u00e0 son jour sp\u00e9cial. Cette robe de mari\u00e9e est \u00e9galement disponible en grandes tailles.\" \/>\n<meta name=\"robots\" content=\"index, follow, max-snippet:-1, max-image-preview:large, max-video-preview:-1\" \/>\n<link rel=\"canonical\" href=\"https:\/\/www.koonings.com\/fr\/product\/essense-of-australia-d4030iv11\/\" \/>\n<meta property=\"og:locale\" content=\"fr_FR\" \/>\n<meta property=\"og:type\" content=\"article\" \/>\n<meta property=\"og:title\" content=\"Essence d&#039;Australie D4030IV11 | Koonings\" \/>\n<meta property=\"og:description\" content=\"Plongez dans le romantisme de conte de f\u00e9es du style D4030, une robe de mari\u00e9e romantique de ligne A compos\u00e9e d&#039;\u00e9l\u00e9gante dentelle, de tulle, d&#039;organza royal et d&#039;appliques de dentelle florale en 3D. \u00c0 partir des bretelles embellies, une encolure carr\u00e9e classique introduit un corsage transparent avec des fermetures \u00e0 boutons perl\u00e9s dans le dos. \u00c0 partir de la taille, la silhouette intemporelle en ligne A suit d\u00e9licatement la silhouette, avec une ouverture \u00e0 la cuisse pour un fendu de jambe s\u00e9duisant, tandis que de d\u00e9licates applications de dentelle s&#039;\u00e9talent sur d&#039;\u00e9l\u00e9gantes couches de tulle. Avec son m\u00e9lange d&#039;\u00e9l\u00e9gance classique et de touche contemporaine, cette robe de mari\u00e9e \u00e0 encolure carr\u00e9e promet une entr\u00e9e aussi s\u00e9duisante qu&#039;\u00e9th\u00e9r\u00e9e \u00e0 la mari\u00e9e qui r\u00eave d&#039;ajouter une touche de romantisme \u00e0 son jour sp\u00e9cial. Cette robe de mari\u00e9e est \u00e9galement disponible en grandes tailles.\" \/>\n<meta property=\"og:url\" content=\"https:\/\/www.koonings.com\/fr\/product\/essense-of-australia-d4030iv11\/\" \/>\n<meta property=\"og:site_name\" content=\"Koonings\" \/>\n<meta property=\"article:publisher\" content=\"https:\/\/www.facebook.com\/kooningstheweddingpalace\" \/>\n<meta property=\"og:image\" content=\"https:\/\/www.koonings.com\/wp-content\/uploads\/2024\/11\/40608_fc0648380275fc174facba7e03f293e12ece394113897bd021ac4dc0205460d535c87e3c.jpeg\" \/>\n\t<meta property=\"og:image:width\" content=\"1509\" \/>\n\t<meta property=\"og:image:height\" content=\"2135\" \/>\n\t<meta property=\"og:image:type\" content=\"image\/jpeg\" \/>\n<meta name=\"twitter:card\" content=\"summary_large_image\" \/>\n<meta name=\"twitter:label1\" content=\"Dur\u00e9e de lecture estim\u00e9e\" \/>\n\t<meta name=\"twitter:data1\" content=\"1 minute\" \/>\n<script type=\"application\/ld+json\" class=\"yoast-schema-graph\">{\"@context\":\"https:\\\/\\\/schema.org\",\"@graph\":[{\"@type\":\"WebPage\",\"@id\":\"https:\\\/\\\/www.koonings.com\\\/fr\\\/product\\\/essense-of-australia-d4030iv11\\\/\",\"url\":\"https:\\\/\\\/www.koonings.com\\\/fr\\\/product\\\/essense-of-australia-d4030iv11\\\/\",\"name\":\"Essence d'Australie D4030IV11 | Koonings\",\"isPartOf\":{\"@id\":\"https:\\\/\\\/www.koonings.com\\\/fr\\\/#website\"},\"primaryImageOfPage\":{\"@id\":\"https:\\\/\\\/www.koonings.com\\\/fr\\\/product\\\/essense-of-australia-d4030iv11\\\/#primaryimage\"},\"image\":{\"@id\":\"https:\\\/\\\/www.koonings.com\\\/fr\\\/product\\\/essense-of-australia-d4030iv11\\\/#primaryimage\"},\"thumbnailUrl\":\"https:\\\/\\\/www.koonings.com\\\/wp-content\\\/uploads\\\/2024\\\/11\\\/40608_fc0648380275fc174facba7e03f293e12ece394113897bd021ac4dc0205460d535c87e3c.jpeg\",\"datePublished\":\"2026-04-21T16:20:38+00:00\",\"description\":\"Plongez dans le romantisme de conte de f\u00e9es du style D4030, une robe de mari\u00e9e romantique de ligne A compos\u00e9e d'\u00e9l\u00e9gante dentelle, de tulle, d'organza royal et d'appliques de dentelle florale en 3D. \u00c0 partir des bretelles embellies, une encolure carr\u00e9e classique introduit un corsage transparent avec des fermetures \u00e0 boutons perl\u00e9s dans le dos. \u00c0 partir de la taille, la silhouette intemporelle en ligne A suit d\u00e9licatement la silhouette, avec une ouverture \u00e0 la cuisse pour un fendu de jambe s\u00e9duisant, tandis que de d\u00e9licates applications de dentelle s'\u00e9talent sur d'\u00e9l\u00e9gantes couches de tulle. Avec son m\u00e9lange d'\u00e9l\u00e9gance classique et de touche contemporaine, cette robe de mari\u00e9e \u00e0 encolure carr\u00e9e promet une entr\u00e9e aussi s\u00e9duisante qu'\u00e9th\u00e9r\u00e9e \u00e0 la mari\u00e9e qui r\u00eave d'ajouter une touche de romantisme \u00e0 son jour sp\u00e9cial. Cette robe de mari\u00e9e est \u00e9galement disponible en grandes tailles.\",\"breadcrumb\":{\"@id\":\"https:\\\/\\\/www.koonings.com\\\/fr\\\/product\\\/essense-of-australia-d4030iv11\\\/#breadcrumb\"},\"inLanguage\":\"fr-FR\",\"potentialAction\":[{\"@type\":\"ReadAction\",\"target\":[\"https:\\\/\\\/www.koonings.com\\\/fr\\\/product\\\/essense-of-australia-d4030iv11\\\/\"]}]},{\"@type\":\"ImageObject\",\"inLanguage\":\"fr-FR\",\"@id\":\"https:\\\/\\\/www.koonings.com\\\/fr\\\/product\\\/essense-of-australia-d4030iv11\\\/#primaryimage\",\"url\":\"https:\\\/\\\/www.koonings.com\\\/wp-content\\\/uploads\\\/2024\\\/11\\\/40608_fc0648380275fc174facba7e03f293e12ece394113897bd021ac4dc0205460d535c87e3c.jpeg\",\"contentUrl\":\"https:\\\/\\\/www.koonings.com\\\/wp-content\\\/uploads\\\/2024\\\/11\\\/40608_fc0648380275fc174facba7e03f293e12ece394113897bd021ac4dc0205460d535c87e3c.jpeg\",\"width\":1509,\"height\":2135},{\"@type\":\"BreadcrumbList\",\"@id\":\"https:\\\/\\\/www.koonings.com\\\/fr\\\/product\\\/essense-of-australia-d4030iv11\\\/#breadcrumb\",\"itemListElement\":[{\"@type\":\"ListItem\",\"position\":1,\"name\":\"Home\",\"item\":\"https:\\\/\\\/www.koonings.com\\\/fr\\\/\"},{\"@type\":\"ListItem\",\"position\":2,\"name\":\"Essence d&rsquo;Australie D4030IV11\"}]},{\"@type\":\"WebSite\",\"@id\":\"https:\\\/\\\/www.koonings.com\\\/fr\\\/#website\",\"url\":\"https:\\\/\\\/www.koonings.com\\\/fr\\\/\",\"name\":\"Koonings\",\"description\":\"De grootste bruidsmodewinkel ter wereld\",\"publisher\":{\"@id\":\"https:\\\/\\\/www.koonings.com\\\/fr\\\/#organization\"},\"potentialAction\":[{\"@type\":\"SearchAction\",\"target\":{\"@type\":\"EntryPoint\",\"urlTemplate\":\"https:\\\/\\\/www.koonings.com\\\/fr\\\/?s={search_term_string}\"},\"query-input\":{\"@type\":\"PropertyValueSpecification\",\"valueRequired\":true,\"valueName\":\"search_term_string\"}}],\"inLanguage\":\"fr-FR\"},{\"@type\":\"Organization\",\"@id\":\"https:\\\/\\\/www.koonings.com\\\/fr\\\/#organization\",\"name\":\"Koonings\",\"url\":\"https:\\\/\\\/www.koonings.com\\\/fr\\\/\",\"logo\":{\"@type\":\"ImageObject\",\"inLanguage\":\"fr-FR\",\"@id\":\"https:\\\/\\\/www.koonings.com\\\/fr\\\/#\\\/schema\\\/logo\\\/image\\\/\",\"url\":\"https:\\\/\\\/www.koonings.com\\\/wp-content\\\/uploads\\\/2024\\\/07\\\/logo.png\",\"contentUrl\":\"https:\\\/\\\/www.koonings.com\\\/wp-content\\\/uploads\\\/2024\\\/07\\\/logo.png\",\"width\":600,\"height\":428,\"caption\":\"Koonings\"},\"image\":{\"@id\":\"https:\\\/\\\/www.koonings.com\\\/fr\\\/#\\\/schema\\\/logo\\\/image\\\/\"},\"sameAs\":[\"https:\\\/\\\/www.facebook.com\\\/kooningstheweddingpalace\",\"https:\\\/\\\/www.instagram.com\\\/kooningstheweddingpalace\",\"https:\\\/\\\/www.pinterest.com\\\/koonings\",\"https:\\\/\\\/www.youtube.com\\\/kooningstheweddingpalace\"]}]}<\/script>\n<!-- \/ Yoast SEO plugin. -->","yoast_head_json":{"title":"Essence d'Australie D4030IV11 | Koonings","description":"Plongez dans le romantisme de conte de f\u00e9es du style D4030, une robe de mari\u00e9e romantique de ligne A compos\u00e9e d'\u00e9l\u00e9gante dentelle, de tulle, d'organza royal et d'appliques de dentelle florale en 3D. \u00c0 partir des bretelles embellies, une encolure carr\u00e9e classique introduit un corsage transparent avec des fermetures \u00e0 boutons perl\u00e9s dans le dos. \u00c0 partir de la taille, la silhouette intemporelle en ligne A suit d\u00e9licatement la silhouette, avec une ouverture \u00e0 la cuisse pour un fendu de jambe s\u00e9duisant, tandis que de d\u00e9licates applications de dentelle s'\u00e9talent sur d'\u00e9l\u00e9gantes couches de tulle. Avec son m\u00e9lange d'\u00e9l\u00e9gance classique et de touche contemporaine, cette robe de mari\u00e9e \u00e0 encolure carr\u00e9e promet une entr\u00e9e aussi s\u00e9duisante qu'\u00e9th\u00e9r\u00e9e \u00e0 la mari\u00e9e qui r\u00eave d'ajouter une touche de romantisme \u00e0 son jour sp\u00e9cial. Cette robe de mari\u00e9e est \u00e9galement disponible en grandes tailles.","robots":{"index":"index","follow":"follow","max-snippet":"max-snippet:-1","max-image-preview":"max-image-preview:large","max-video-preview":"max-video-preview:-1"},"canonical":"https:\/\/www.koonings.com\/fr\/product\/essense-of-australia-d4030iv11\/","og_locale":"fr_FR","og_type":"article","og_title":"Essence d'Australie D4030IV11 | Koonings","og_description":"Plongez dans le romantisme de conte de f\u00e9es du style D4030, une robe de mari\u00e9e romantique de ligne A compos\u00e9e d'\u00e9l\u00e9gante dentelle, de tulle, d'organza royal et d'appliques de dentelle florale en 3D. \u00c0 partir des bretelles embellies, une encolure carr\u00e9e classique introduit un corsage transparent avec des fermetures \u00e0 boutons perl\u00e9s dans le dos. \u00c0 partir de la taille, la silhouette intemporelle en ligne A suit d\u00e9licatement la silhouette, avec une ouverture \u00e0 la cuisse pour un fendu de jambe s\u00e9duisant, tandis que de d\u00e9licates applications de dentelle s'\u00e9talent sur d'\u00e9l\u00e9gantes couches de tulle. Avec son m\u00e9lange d'\u00e9l\u00e9gance classique et de touche contemporaine, cette robe de mari\u00e9e \u00e0 encolure carr\u00e9e promet une entr\u00e9e aussi s\u00e9duisante qu'\u00e9th\u00e9r\u00e9e \u00e0 la mari\u00e9e qui r\u00eave d'ajouter une touche de romantisme \u00e0 son jour sp\u00e9cial. Cette robe de mari\u00e9e est \u00e9galement disponible en grandes tailles.","og_url":"https:\/\/www.koonings.com\/fr\/product\/essense-of-australia-d4030iv11\/","og_site_name":"Koonings","article_publisher":"https:\/\/www.facebook.com\/kooningstheweddingpalace","og_image":[{"width":1509,"height":2135,"url":"https:\/\/www.koonings.com\/wp-content\/uploads\/2024\/11\/40608_fc0648380275fc174facba7e03f293e12ece394113897bd021ac4dc0205460d535c87e3c.jpeg","type":"image\/jpeg"}],"twitter_card":"summary_large_image","twitter_misc":{"Dur\u00e9e de lecture estim\u00e9e":"1 minute"},"schema":{"@context":"https:\/\/schema.org","@graph":[{"@type":"WebPage","@id":"https:\/\/www.koonings.com\/fr\/product\/essense-of-australia-d4030iv11\/","url":"https:\/\/www.koonings.com\/fr\/product\/essense-of-australia-d4030iv11\/","name":"Essence d'Australie D4030IV11 | Koonings","isPartOf":{"@id":"https:\/\/www.koonings.com\/fr\/#website"},"primaryImageOfPage":{"@id":"https:\/\/www.koonings.com\/fr\/product\/essense-of-australia-d4030iv11\/#primaryimage"},"image":{"@id":"https:\/\/www.koonings.com\/fr\/product\/essense-of-australia-d4030iv11\/#primaryimage"},"thumbnailUrl":"https:\/\/www.koonings.com\/wp-content\/uploads\/2024\/11\/40608_fc0648380275fc174facba7e03f293e12ece394113897bd021ac4dc0205460d535c87e3c.jpeg","datePublished":"2026-04-21T16:20:38+00:00","description":"Plongez dans le romantisme de conte de f\u00e9es du style D4030, une robe de mari\u00e9e romantique de ligne A compos\u00e9e d'\u00e9l\u00e9gante dentelle, de tulle, d'organza royal et d'appliques de dentelle florale en 3D. \u00c0 partir des bretelles embellies, une encolure carr\u00e9e classique introduit un corsage transparent avec des fermetures \u00e0 boutons perl\u00e9s dans le dos. \u00c0 partir de la taille, la silhouette intemporelle en ligne A suit d\u00e9licatement la silhouette, avec une ouverture \u00e0 la cuisse pour un fendu de jambe s\u00e9duisant, tandis que de d\u00e9licates applications de dentelle s'\u00e9talent sur d'\u00e9l\u00e9gantes couches de tulle. Avec son m\u00e9lange d'\u00e9l\u00e9gance classique et de touche contemporaine, cette robe de mari\u00e9e \u00e0 encolure carr\u00e9e promet une entr\u00e9e aussi s\u00e9duisante qu'\u00e9th\u00e9r\u00e9e \u00e0 la mari\u00e9e qui r\u00eave d'ajouter une touche de romantisme \u00e0 son jour sp\u00e9cial. Cette robe de mari\u00e9e est \u00e9galement disponible en grandes tailles.","breadcrumb":{"@id":"https:\/\/www.koonings.com\/fr\/product\/essense-of-australia-d4030iv11\/#breadcrumb"},"inLanguage":"fr-FR","potentialAction":[{"@type":"ReadAction","target":["https:\/\/www.koonings.com\/fr\/product\/essense-of-australia-d4030iv11\/"]}]},{"@type":"ImageObject","inLanguage":"fr-FR","@id":"https:\/\/www.koonings.com\/fr\/product\/essense-of-australia-d4030iv11\/#primaryimage","url":"https:\/\/www.koonings.com\/wp-content\/uploads\/2024\/11\/40608_fc0648380275fc174facba7e03f293e12ece394113897bd021ac4dc0205460d535c87e3c.jpeg","contentUrl":"https:\/\/www.koonings.com\/wp-content\/uploads\/2024\/11\/40608_fc0648380275fc174facba7e03f293e12ece394113897bd021ac4dc0205460d535c87e3c.jpeg","width":1509,"height":2135},{"@type":"BreadcrumbList","@id":"https:\/\/www.koonings.com\/fr\/product\/essense-of-australia-d4030iv11\/#breadcrumb","itemListElement":[{"@type":"ListItem","position":1,"name":"Home","item":"https:\/\/www.koonings.com\/fr\/"},{"@type":"ListItem","position":2,"name":"Essence d&rsquo;Australie D4030IV11"}]},{"@type":"WebSite","@id":"https:\/\/www.koonings.com\/fr\/#website","url":"https:\/\/www.koonings.com\/fr\/","name":"Koonings","description":"De grootste bruidsmodewinkel ter wereld","publisher":{"@id":"https:\/\/www.koonings.com\/fr\/#organization"},"potentialAction":[{"@type":"SearchAction","target":{"@type":"EntryPoint","urlTemplate":"https:\/\/www.koonings.com\/fr\/?s={search_term_string}"},"query-input":{"@type":"PropertyValueSpecification","valueRequired":true,"valueName":"search_term_string"}}],"inLanguage":"fr-FR"},{"@type":"Organization","@id":"https:\/\/www.koonings.com\/fr\/#organization","name":"Koonings","url":"https:\/\/www.koonings.com\/fr\/","logo":{"@type":"ImageObject","inLanguage":"fr-FR","@id":"https:\/\/www.koonings.com\/fr\/#\/schema\/logo\/image\/","url":"https:\/\/www.koonings.com\/wp-content\/uploads\/2024\/07\/logo.png","contentUrl":"https:\/\/www.koonings.com\/wp-content\/uploads\/2024\/07\/logo.png","width":600,"height":428,"caption":"Koonings"},"image":{"@id":"https:\/\/www.koonings.com\/fr\/#\/schema\/logo\/image\/"},"sameAs":["https:\/\/www.facebook.com\/kooningstheweddingpalace","https:\/\/www.instagram.com\/kooningstheweddingpalace","https:\/\/www.pinterest.com\/koonings","https:\/\/www.youtube.com\/kooningstheweddingpalace"]}]}},"_links":{"self":[{"href":"https:\/\/www.koonings.com\/fr\/wp-json\/wp\/v2\/product\/77987","targetHints":{"allow":["GET"]}}],"collection":[{"href":"https:\/\/www.koonings.com\/fr\/wp-json\/wp\/v2\/product"}],"about":[{"href":"https:\/\/www.koonings.com\/fr\/wp-json\/wp\/v2\/types\/product"}],"wp:featuredmedia":[{"embeddable":true,"href":"https:\/\/www.koonings.com\/fr\/wp-json\/wp\/v2\/media\/60790"}],"wp:attachment":[{"href":"https:\/\/www.koonings.com\/fr\/wp-json\/wp\/v2\/media?parent=77987"}],"wp:term":[{"taxonomy":"productdetails","embeddable":true,"href":"https:\/\/www.koonings.com\/fr\/wp-json\/wp\/v2\/productdetails?post=77987"},{"taxonomy":"productneck","embeddable":true,"href":"https:\/\/www.koonings.com\/fr\/wp-json\/wp\/v2\/productneck?post=77987"},{"taxonomy":"productcolor","embeddable":true,"href":"https:\/\/www.koonings.com\/fr\/wp-json\/wp\/v2\/productcolor?post=77987"},{"taxonomy":"maat","embeddable":true,"href":"https:\/\/www.koonings.com\/fr\/wp-json\/wp\/v2\/maat?post=77987"},{"taxonomy":"productsupplier","embeddable":true,"href":"https:\/\/www.koonings.com\/fr\/wp-json\/wp\/v2\/productsupplier?post=77987"},{"taxonomy":"productsleeve","embeddable":true,"href":"https:\/\/www.koonings.com\/fr\/wp-json\/wp\/v2\/productsleeve?post=77987"},{"taxonomy":"productcategory","embeddable":true,"href":"https:\/\/www.koonings.com\/fr\/wp-json\/wp\/v2\/productcategory?post=77987"},{"taxonomy":"productsilhouette","embeddable":true,"href":"https:\/\/www.koonings.com\/fr\/wp-json\/wp\/v2\/productsilhouette?post=77987"},{"taxonomy":"productstyle","embeddable":true,"href":"https:\/\/www.koonings.com\/fr\/wp-json\/wp\/v2\/productstyle?post=77987"}],"curies":[{"name":"wp","href":"https:\/\/api.w.org\/{rel}","templated":true}]}}