{"id":77986,"date":"2025-12-15T00:30:27","date_gmt":"2025-12-14T23:30:27","guid":{"rendered":"https:\/\/www.koonings.com\/product\/essense-of-australia-d4007iq11\/"},"modified":"2026-02-03T19:27:43","modified_gmt":"2026-02-03T18:27:43","slug":"essense-of-australia-d4007iq11","status":"publish","type":"product","link":"https:\/\/www.koonings.com\/fr\/product\/essense-of-australia-d4007iq11\/","title":{"rendered":"Essence d&#8217;Australie D4007IQ11"},"content":{"rendered":"<p>La dentelle florale feuillue et l&#8217;organza du style D4007 sur un tulle paillet\u00e9 optionnel, scintillant le long de l&#8217;all\u00e9e, capturent l&#8217;essence \u00e9th\u00e9r\u00e9e de cette robe de mari\u00e9e A-line romantique. Les bretelles orn\u00e9es de dentelle encadrent un profond d\u00e9collet\u00e9 en V qui recouvre le corsage transparent et scintillant. Des vrilles ombrag\u00e9es et des accents floraux \u00e9tincelants s&#8217;\u00e9tendent du corsage \u00e0 la jupe de tulle mousseuse de la ligne A, \u00e9voquant un effet nostalgique et r\u00eaveur. \u00c0 chaque pas, le tulle scintillant attire la lumi\u00e8re, scintillant pour le romantique moderne qui se rend \u00e0 l&#8217;autel. Cette robe est \u00e9galement disponible en grandes tailles.    <\/p>\n","protected":false},"featured_media":60756,"template":"","meta":{"_acf_changed":false,"ghostkit_customizer_options":"","ghostkit_custom_css":"","ghostkit_custom_js_head":"","ghostkit_custom_js_foot":"","ghostkit_typography":""},"productdetails":[379,377,376],"productneck":[356],"productcolor":[393,392],"maat":[],"productsupplier":[444],"productsleeve":[359],"productcategory":[18],"productsilhouette":[384],"productstyle":[366],"class_list":["post-77986","product","type-product","status-publish","has-post-thumbnail","hentry","productdetails-379","productdetails-377","productdetails-376","productneck-356","productcolor-393","productcolor-392","productsupplier-essense-of-australia","productsleeve-359","productcategory-trouwjurken","productsilhouette-384","productstyle-366"],"acf":[],"yoast_head":"<!-- This site is optimized with the Yoast SEO plugin v27.3 - https:\/\/yoast.com\/product\/yoast-seo-wordpress\/ -->\n<title>Essence d&#039;Australie D4007IQ11 | Koonings<\/title>\n<meta name=\"description\" content=\"La dentelle florale feuillue et l&#039;organza du style D4007 sur un tulle paillet\u00e9 optionnel, scintillant le long de l&#039;all\u00e9e, capturent l&#039;essence \u00e9th\u00e9r\u00e9e de cette robe de mari\u00e9e A-line romantique. Les bretelles orn\u00e9es de dentelle encadrent un profond d\u00e9collet\u00e9 en V qui recouvre le corsage translucide et scintillant. Des vrilles ombrag\u00e9es et des accents floraux \u00e9tincelants s&#039;\u00e9tendent du corsage \u00e0 la jupe de tulle mousseuse de la ligne A, \u00e9voquant un effet nostalgique et r\u00eaveur. \u00c0 chaque pas, le tulle scintillant attire la lumi\u00e8re, scintillant pour le romantique moderne qui descend l&#039;all\u00e9e. Cette robe est \u00e9galement disponible en grandes tailles.\" \/>\n<meta name=\"robots\" content=\"index, follow, max-snippet:-1, max-image-preview:large, max-video-preview:-1\" \/>\n<link rel=\"canonical\" href=\"https:\/\/www.koonings.com\/fr\/product\/essense-of-australia-d4007iq11\/\" \/>\n<meta property=\"og:locale\" content=\"fr_FR\" \/>\n<meta property=\"og:type\" content=\"article\" \/>\n<meta property=\"og:title\" content=\"Essence d&#039;Australie D4007IQ11 | Koonings\" \/>\n<meta property=\"og:description\" content=\"La dentelle florale feuillue et l&#039;organza du style D4007 sur un tulle paillet\u00e9 optionnel, scintillant le long de l&#039;all\u00e9e, capturent l&#039;essence \u00e9th\u00e9r\u00e9e de cette robe de mari\u00e9e A-line romantique. Les bretelles orn\u00e9es de dentelle encadrent un profond d\u00e9collet\u00e9 en V qui recouvre le corsage translucide et scintillant. Des vrilles ombrag\u00e9es et des accents floraux \u00e9tincelants s&#039;\u00e9tendent du corsage \u00e0 la jupe de tulle mousseuse de la ligne A, \u00e9voquant un effet nostalgique et r\u00eaveur. \u00c0 chaque pas, le tulle scintillant attire la lumi\u00e8re, scintillant pour le romantique moderne qui descend l&#039;all\u00e9e. Cette robe est \u00e9galement disponible en grandes tailles.\" \/>\n<meta property=\"og:url\" content=\"https:\/\/www.koonings.com\/fr\/product\/essense-of-australia-d4007iq11\/\" \/>\n<meta property=\"og:site_name\" content=\"Koonings\" \/>\n<meta property=\"article:publisher\" content=\"https:\/\/www.facebook.com\/kooningstheweddingpalace\" \/>\n<meta property=\"article:modified_time\" content=\"2026-02-03T18:27:43+00:00\" \/>\n<meta property=\"og:image\" content=\"https:\/\/www.koonings.com\/wp-content\/uploads\/2024\/11\/40478_b3ca9906304445c2b0bba154c29fc47eb3d710830166aa0fe33df2310b03c73a4646f9f6.jpeg\" \/>\n\t<meta property=\"og:image:width\" content=\"1536\" \/>\n\t<meta property=\"og:image:height\" content=\"2174\" \/>\n\t<meta property=\"og:image:type\" content=\"image\/jpeg\" \/>\n<meta name=\"twitter:card\" content=\"summary_large_image\" \/>\n<meta name=\"twitter:label1\" content=\"Dur\u00e9e de lecture estim\u00e9e\" \/>\n\t<meta name=\"twitter:data1\" content=\"1 minute\" \/>\n<script type=\"application\/ld+json\" class=\"yoast-schema-graph\">{\"@context\":\"https:\\\/\\\/schema.org\",\"@graph\":[{\"@type\":\"WebPage\",\"@id\":\"https:\\\/\\\/www.koonings.com\\\/fr\\\/product\\\/essense-of-australia-d4007iq11\\\/\",\"url\":\"https:\\\/\\\/www.koonings.com\\\/fr\\\/product\\\/essense-of-australia-d4007iq11\\\/\",\"name\":\"Essence d'Australie D4007IQ11 | Koonings\",\"isPartOf\":{\"@id\":\"https:\\\/\\\/www.koonings.com\\\/fr\\\/#website\"},\"primaryImageOfPage\":{\"@id\":\"https:\\\/\\\/www.koonings.com\\\/fr\\\/product\\\/essense-of-australia-d4007iq11\\\/#primaryimage\"},\"image\":{\"@id\":\"https:\\\/\\\/www.koonings.com\\\/fr\\\/product\\\/essense-of-australia-d4007iq11\\\/#primaryimage\"},\"thumbnailUrl\":\"https:\\\/\\\/www.koonings.com\\\/wp-content\\\/uploads\\\/2024\\\/11\\\/40478_b3ca9906304445c2b0bba154c29fc47eb3d710830166aa0fe33df2310b03c73a4646f9f6.jpeg\",\"datePublished\":\"2025-12-14T23:30:27+00:00\",\"dateModified\":\"2026-02-03T18:27:43+00:00\",\"description\":\"La dentelle florale feuillue et l'organza du style D4007 sur un tulle paillet\u00e9 optionnel, scintillant le long de l'all\u00e9e, capturent l'essence \u00e9th\u00e9r\u00e9e de cette robe de mari\u00e9e A-line romantique. Les bretelles orn\u00e9es de dentelle encadrent un profond d\u00e9collet\u00e9 en V qui recouvre le corsage translucide et scintillant. Des vrilles ombrag\u00e9es et des accents floraux \u00e9tincelants s'\u00e9tendent du corsage \u00e0 la jupe de tulle mousseuse de la ligne A, \u00e9voquant un effet nostalgique et r\u00eaveur. \u00c0 chaque pas, le tulle scintillant attire la lumi\u00e8re, scintillant pour le romantique moderne qui descend l'all\u00e9e. Cette robe est \u00e9galement disponible en grandes tailles.\",\"breadcrumb\":{\"@id\":\"https:\\\/\\\/www.koonings.com\\\/fr\\\/product\\\/essense-of-australia-d4007iq11\\\/#breadcrumb\"},\"inLanguage\":\"fr-FR\",\"potentialAction\":[{\"@type\":\"ReadAction\",\"target\":[\"https:\\\/\\\/www.koonings.com\\\/fr\\\/product\\\/essense-of-australia-d4007iq11\\\/\"]}]},{\"@type\":\"ImageObject\",\"inLanguage\":\"fr-FR\",\"@id\":\"https:\\\/\\\/www.koonings.com\\\/fr\\\/product\\\/essense-of-australia-d4007iq11\\\/#primaryimage\",\"url\":\"https:\\\/\\\/www.koonings.com\\\/wp-content\\\/uploads\\\/2024\\\/11\\\/40478_b3ca9906304445c2b0bba154c29fc47eb3d710830166aa0fe33df2310b03c73a4646f9f6.jpeg\",\"contentUrl\":\"https:\\\/\\\/www.koonings.com\\\/wp-content\\\/uploads\\\/2024\\\/11\\\/40478_b3ca9906304445c2b0bba154c29fc47eb3d710830166aa0fe33df2310b03c73a4646f9f6.jpeg\",\"width\":1536,\"height\":2174},{\"@type\":\"BreadcrumbList\",\"@id\":\"https:\\\/\\\/www.koonings.com\\\/fr\\\/product\\\/essense-of-australia-d4007iq11\\\/#breadcrumb\",\"itemListElement\":[{\"@type\":\"ListItem\",\"position\":1,\"name\":\"Home\",\"item\":\"https:\\\/\\\/www.koonings.com\\\/fr\\\/\"},{\"@type\":\"ListItem\",\"position\":2,\"name\":\"Essence d&rsquo;Australie D4007IQ11\"}]},{\"@type\":\"WebSite\",\"@id\":\"https:\\\/\\\/www.koonings.com\\\/fr\\\/#website\",\"url\":\"https:\\\/\\\/www.koonings.com\\\/fr\\\/\",\"name\":\"Koonings\",\"description\":\"De grootste bruidsmodewinkel ter wereld\",\"publisher\":{\"@id\":\"https:\\\/\\\/www.koonings.com\\\/fr\\\/#organization\"},\"potentialAction\":[{\"@type\":\"SearchAction\",\"target\":{\"@type\":\"EntryPoint\",\"urlTemplate\":\"https:\\\/\\\/www.koonings.com\\\/fr\\\/?s={search_term_string}\"},\"query-input\":{\"@type\":\"PropertyValueSpecification\",\"valueRequired\":true,\"valueName\":\"search_term_string\"}}],\"inLanguage\":\"fr-FR\"},{\"@type\":\"Organization\",\"@id\":\"https:\\\/\\\/www.koonings.com\\\/fr\\\/#organization\",\"name\":\"Koonings\",\"url\":\"https:\\\/\\\/www.koonings.com\\\/fr\\\/\",\"logo\":{\"@type\":\"ImageObject\",\"inLanguage\":\"fr-FR\",\"@id\":\"https:\\\/\\\/www.koonings.com\\\/fr\\\/#\\\/schema\\\/logo\\\/image\\\/\",\"url\":\"https:\\\/\\\/www.koonings.com\\\/wp-content\\\/uploads\\\/2024\\\/07\\\/logo.png\",\"contentUrl\":\"https:\\\/\\\/www.koonings.com\\\/wp-content\\\/uploads\\\/2024\\\/07\\\/logo.png\",\"width\":600,\"height\":428,\"caption\":\"Koonings\"},\"image\":{\"@id\":\"https:\\\/\\\/www.koonings.com\\\/fr\\\/#\\\/schema\\\/logo\\\/image\\\/\"},\"sameAs\":[\"https:\\\/\\\/www.facebook.com\\\/kooningstheweddingpalace\",\"https:\\\/\\\/www.instagram.com\\\/kooningstheweddingpalace\",\"https:\\\/\\\/www.pinterest.com\\\/koonings\",\"https:\\\/\\\/www.youtube.com\\\/kooningstheweddingpalace\"]}]}<\/script>\n<!-- \/ Yoast SEO plugin. -->","yoast_head_json":{"title":"Essence d'Australie D4007IQ11 | Koonings","description":"La dentelle florale feuillue et l'organza du style D4007 sur un tulle paillet\u00e9 optionnel, scintillant le long de l'all\u00e9e, capturent l'essence \u00e9th\u00e9r\u00e9e de cette robe de mari\u00e9e A-line romantique. Les bretelles orn\u00e9es de dentelle encadrent un profond d\u00e9collet\u00e9 en V qui recouvre le corsage translucide et scintillant. Des vrilles ombrag\u00e9es et des accents floraux \u00e9tincelants s'\u00e9tendent du corsage \u00e0 la jupe de tulle mousseuse de la ligne A, \u00e9voquant un effet nostalgique et r\u00eaveur. \u00c0 chaque pas, le tulle scintillant attire la lumi\u00e8re, scintillant pour le romantique moderne qui descend l'all\u00e9e. Cette robe est \u00e9galement disponible en grandes tailles.","robots":{"index":"index","follow":"follow","max-snippet":"max-snippet:-1","max-image-preview":"max-image-preview:large","max-video-preview":"max-video-preview:-1"},"canonical":"https:\/\/www.koonings.com\/fr\/product\/essense-of-australia-d4007iq11\/","og_locale":"fr_FR","og_type":"article","og_title":"Essence d'Australie D4007IQ11 | Koonings","og_description":"La dentelle florale feuillue et l'organza du style D4007 sur un tulle paillet\u00e9 optionnel, scintillant le long de l'all\u00e9e, capturent l'essence \u00e9th\u00e9r\u00e9e de cette robe de mari\u00e9e A-line romantique. Les bretelles orn\u00e9es de dentelle encadrent un profond d\u00e9collet\u00e9 en V qui recouvre le corsage translucide et scintillant. Des vrilles ombrag\u00e9es et des accents floraux \u00e9tincelants s'\u00e9tendent du corsage \u00e0 la jupe de tulle mousseuse de la ligne A, \u00e9voquant un effet nostalgique et r\u00eaveur. \u00c0 chaque pas, le tulle scintillant attire la lumi\u00e8re, scintillant pour le romantique moderne qui descend l'all\u00e9e. Cette robe est \u00e9galement disponible en grandes tailles.","og_url":"https:\/\/www.koonings.com\/fr\/product\/essense-of-australia-d4007iq11\/","og_site_name":"Koonings","article_publisher":"https:\/\/www.facebook.com\/kooningstheweddingpalace","article_modified_time":"2026-02-03T18:27:43+00:00","og_image":[{"width":1536,"height":2174,"url":"https:\/\/www.koonings.com\/wp-content\/uploads\/2024\/11\/40478_b3ca9906304445c2b0bba154c29fc47eb3d710830166aa0fe33df2310b03c73a4646f9f6.jpeg","type":"image\/jpeg"}],"twitter_card":"summary_large_image","twitter_misc":{"Dur\u00e9e de lecture estim\u00e9e":"1 minute"},"schema":{"@context":"https:\/\/schema.org","@graph":[{"@type":"WebPage","@id":"https:\/\/www.koonings.com\/fr\/product\/essense-of-australia-d4007iq11\/","url":"https:\/\/www.koonings.com\/fr\/product\/essense-of-australia-d4007iq11\/","name":"Essence d'Australie D4007IQ11 | Koonings","isPartOf":{"@id":"https:\/\/www.koonings.com\/fr\/#website"},"primaryImageOfPage":{"@id":"https:\/\/www.koonings.com\/fr\/product\/essense-of-australia-d4007iq11\/#primaryimage"},"image":{"@id":"https:\/\/www.koonings.com\/fr\/product\/essense-of-australia-d4007iq11\/#primaryimage"},"thumbnailUrl":"https:\/\/www.koonings.com\/wp-content\/uploads\/2024\/11\/40478_b3ca9906304445c2b0bba154c29fc47eb3d710830166aa0fe33df2310b03c73a4646f9f6.jpeg","datePublished":"2025-12-14T23:30:27+00:00","dateModified":"2026-02-03T18:27:43+00:00","description":"La dentelle florale feuillue et l'organza du style D4007 sur un tulle paillet\u00e9 optionnel, scintillant le long de l'all\u00e9e, capturent l'essence \u00e9th\u00e9r\u00e9e de cette robe de mari\u00e9e A-line romantique. Les bretelles orn\u00e9es de dentelle encadrent un profond d\u00e9collet\u00e9 en V qui recouvre le corsage translucide et scintillant. Des vrilles ombrag\u00e9es et des accents floraux \u00e9tincelants s'\u00e9tendent du corsage \u00e0 la jupe de tulle mousseuse de la ligne A, \u00e9voquant un effet nostalgique et r\u00eaveur. \u00c0 chaque pas, le tulle scintillant attire la lumi\u00e8re, scintillant pour le romantique moderne qui descend l'all\u00e9e. Cette robe est \u00e9galement disponible en grandes tailles.","breadcrumb":{"@id":"https:\/\/www.koonings.com\/fr\/product\/essense-of-australia-d4007iq11\/#breadcrumb"},"inLanguage":"fr-FR","potentialAction":[{"@type":"ReadAction","target":["https:\/\/www.koonings.com\/fr\/product\/essense-of-australia-d4007iq11\/"]}]},{"@type":"ImageObject","inLanguage":"fr-FR","@id":"https:\/\/www.koonings.com\/fr\/product\/essense-of-australia-d4007iq11\/#primaryimage","url":"https:\/\/www.koonings.com\/wp-content\/uploads\/2024\/11\/40478_b3ca9906304445c2b0bba154c29fc47eb3d710830166aa0fe33df2310b03c73a4646f9f6.jpeg","contentUrl":"https:\/\/www.koonings.com\/wp-content\/uploads\/2024\/11\/40478_b3ca9906304445c2b0bba154c29fc47eb3d710830166aa0fe33df2310b03c73a4646f9f6.jpeg","width":1536,"height":2174},{"@type":"BreadcrumbList","@id":"https:\/\/www.koonings.com\/fr\/product\/essense-of-australia-d4007iq11\/#breadcrumb","itemListElement":[{"@type":"ListItem","position":1,"name":"Home","item":"https:\/\/www.koonings.com\/fr\/"},{"@type":"ListItem","position":2,"name":"Essence d&rsquo;Australie D4007IQ11"}]},{"@type":"WebSite","@id":"https:\/\/www.koonings.com\/fr\/#website","url":"https:\/\/www.koonings.com\/fr\/","name":"Koonings","description":"De grootste bruidsmodewinkel ter wereld","publisher":{"@id":"https:\/\/www.koonings.com\/fr\/#organization"},"potentialAction":[{"@type":"SearchAction","target":{"@type":"EntryPoint","urlTemplate":"https:\/\/www.koonings.com\/fr\/?s={search_term_string}"},"query-input":{"@type":"PropertyValueSpecification","valueRequired":true,"valueName":"search_term_string"}}],"inLanguage":"fr-FR"},{"@type":"Organization","@id":"https:\/\/www.koonings.com\/fr\/#organization","name":"Koonings","url":"https:\/\/www.koonings.com\/fr\/","logo":{"@type":"ImageObject","inLanguage":"fr-FR","@id":"https:\/\/www.koonings.com\/fr\/#\/schema\/logo\/image\/","url":"https:\/\/www.koonings.com\/wp-content\/uploads\/2024\/07\/logo.png","contentUrl":"https:\/\/www.koonings.com\/wp-content\/uploads\/2024\/07\/logo.png","width":600,"height":428,"caption":"Koonings"},"image":{"@id":"https:\/\/www.koonings.com\/fr\/#\/schema\/logo\/image\/"},"sameAs":["https:\/\/www.facebook.com\/kooningstheweddingpalace","https:\/\/www.instagram.com\/kooningstheweddingpalace","https:\/\/www.pinterest.com\/koonings","https:\/\/www.youtube.com\/kooningstheweddingpalace"]}]}},"_links":{"self":[{"href":"https:\/\/www.koonings.com\/fr\/wp-json\/wp\/v2\/product\/77986","targetHints":{"allow":["GET"]}}],"collection":[{"href":"https:\/\/www.koonings.com\/fr\/wp-json\/wp\/v2\/product"}],"about":[{"href":"https:\/\/www.koonings.com\/fr\/wp-json\/wp\/v2\/types\/product"}],"wp:featuredmedia":[{"embeddable":true,"href":"https:\/\/www.koonings.com\/fr\/wp-json\/wp\/v2\/media\/60756"}],"wp:attachment":[{"href":"https:\/\/www.koonings.com\/fr\/wp-json\/wp\/v2\/media?parent=77986"}],"wp:term":[{"taxonomy":"productdetails","embeddable":true,"href":"https:\/\/www.koonings.com\/fr\/wp-json\/wp\/v2\/productdetails?post=77986"},{"taxonomy":"productneck","embeddable":true,"href":"https:\/\/www.koonings.com\/fr\/wp-json\/wp\/v2\/productneck?post=77986"},{"taxonomy":"productcolor","embeddable":true,"href":"https:\/\/www.koonings.com\/fr\/wp-json\/wp\/v2\/productcolor?post=77986"},{"taxonomy":"maat","embeddable":true,"href":"https:\/\/www.koonings.com\/fr\/wp-json\/wp\/v2\/maat?post=77986"},{"taxonomy":"productsupplier","embeddable":true,"href":"https:\/\/www.koonings.com\/fr\/wp-json\/wp\/v2\/productsupplier?post=77986"},{"taxonomy":"productsleeve","embeddable":true,"href":"https:\/\/www.koonings.com\/fr\/wp-json\/wp\/v2\/productsleeve?post=77986"},{"taxonomy":"productcategory","embeddable":true,"href":"https:\/\/www.koonings.com\/fr\/wp-json\/wp\/v2\/productcategory?post=77986"},{"taxonomy":"productsilhouette","embeddable":true,"href":"https:\/\/www.koonings.com\/fr\/wp-json\/wp\/v2\/productsilhouette?post=77986"},{"taxonomy":"productstyle","embeddable":true,"href":"https:\/\/www.koonings.com\/fr\/wp-json\/wp\/v2\/productstyle?post=77986"}],"curies":[{"name":"wp","href":"https:\/\/api.w.org\/{rel}","templated":true}]}}